{"id":10774,"date":"2018-11-02T16:15:37","date_gmt":"2018-11-02T16:15:37","guid":{"rendered":"https:\/\/www.discoverysaharatours.com\/?page_id=10774"},"modified":"2026-04-05T08:44:33","modified_gmt":"2026-04-05T08:44:33","slug":"2-dias-desde-marrakech-a-zagora","status":"publish","type":"page","link":"https:\/\/discoverysaharatours.com\/es\/2-dias-desde-marrakech-a-zagora\/","title":{"rendered":"2 d\u00edas desde Marrakech a Zagora"},"content":{"rendered":"<h2 data-section-id=\"1ukqf5i\" data-start=\"139\" data-end=\"201\">Tour de Marrakech al Desierto del Sahara (2 d\u00edas \/ 1 noche)<\/h2>\n<h3 data-section-id=\"p34tem\" data-start=\"203\" data-end=\"221\"><span role=\"text\"><strong data-start=\"207\" data-end=\"221\">Itinerario<\/strong><\/span><\/h3>\n<p data-start=\"223\" data-end=\"323\"><span style=\"color: #ff6600;\"><strong data-start=\"223\" data-end=\"321\">D\u00eda 1: Marrakech \u2013 Ait Benhaddou \u2013 Ouarzazate \u2013 Valle del Draa \u2013 Desierto del Sahara de Zagora<\/strong><\/span><\/p>\n<ul data-start=\"324\" data-end=\"1433\">\n<li data-section-id=\"11pq712\" data-start=\"324\" data-end=\"489\">Encuentro en el lugar acordado en Marrakech y comienzo del viaje hacia el sureste a trav\u00e9s de las monta\u00f1as del Alto Atlas, pasando por el <strong data-start=\"464\" data-end=\"486\">Paso Tizi n\u2019Tichka<\/strong>.<\/li>\n<li data-section-id=\"ffxx8u\" data-start=\"490\" data-end=\"736\">Llegada a la aldea fortificada de <strong data-start=\"526\" data-end=\"543\">Ait Benhaddou<\/strong>, declarada Patrimonio de la Humanidad por la UNESCO, famosa por sus kasbahs y escenario de numerosas pel\u00edculas. Paseo por el pueblo y subida a la colina para disfrutar de vistas panor\u00e1micas.<\/li>\n<li data-section-id=\"1fw0sl3\" data-start=\"737\" data-end=\"880\">Continuaci\u00f3n hacia <strong data-start=\"758\" data-end=\"772\">Ouarzazate<\/strong>, almuerzo cerca de la famosa <strong data-start=\"802\" data-end=\"824\">Kasbah de Taourirt<\/strong>, un ejemplo destacado de la historia y cultura local.<\/li>\n<li data-section-id=\"1h213h1\" data-start=\"881\" data-end=\"1033\">Viaje hacia el sur cruzando el <strong data-start=\"914\" data-end=\"937\">Paso Tizi n\u2019Tnifift<\/strong> (1,710 m) y el pueblo de <strong data-start=\"963\" data-end=\"976\">Ait Saoun<\/strong>, antigua ruta de caravanas que conectaba con Tombuct\u00fa.<\/li>\n<li data-section-id=\"oh2h8l\" data-start=\"1034\" data-end=\"1174\">Llegada al <strong data-start=\"1047\" data-end=\"1065\">Valle del Draa<\/strong>, conocido por sus seis palmerales sucesivos (Mezguita, Fezouata\u2026) y la hist\u00f3rica <strong data-start=\"1147\" data-end=\"1171\">Kasbah de Tamnougalt<\/strong>.<\/li>\n<li data-section-id=\"13098py\" data-start=\"1175\" data-end=\"1278\">Continuaci\u00f3n hacia <strong data-start=\"1196\" data-end=\"1206\">Zagora<\/strong>, cuna de la dinast\u00eda Saadiana que gobern\u00f3 Marruecos en el siglo XVII.<\/li>\n<li data-section-id=\"1mohe08\" data-start=\"1279\" data-end=\"1433\">Experiencia de <strong data-start=\"1296\" data-end=\"1332\">caminata en camello al atardecer<\/strong> y llegada al campamento bereber para disfrutar de la cena y pasar la noche en tiendas tradicionales.<\/li>\n<\/ul>\n<p data-start=\"1435\" data-end=\"1499\"><span style=\"color: #ff6600;\"><strong data-start=\"1435\" data-end=\"1497\">D\u00eda 2: Desierto de Zagora \u2013 Agdez \u2013 Alto Atlas \u2013 Marrakech<\/strong><\/span><\/p>\n<ul data-start=\"1500\" data-end=\"1872\">\n<li data-section-id=\"xzc06r\" data-start=\"1500\" data-end=\"1599\">Despertar temprano para disfrutar del <strong data-start=\"1540\" data-end=\"1568\">amanecer sobre las dunas<\/strong> y desayuno en el campamento.<\/li>\n<li data-section-id=\"yoyzo9\" data-start=\"1600\" data-end=\"1697\">Regreso en camello y encuentro con el conductor para iniciar el viaje de regreso a Marrakech.<\/li>\n<li data-section-id=\"19ugsm0\" data-start=\"1698\" data-end=\"1770\">Parada en <strong data-start=\"1710\" data-end=\"1724\">Ouarzazate<\/strong> para almorzar (no incluido) y tiempo libre.<\/li>\n<li data-section-id=\"1psejoq\" data-start=\"1771\" data-end=\"1872\">Continuaci\u00f3n a trav\u00e9s de las monta\u00f1as del Atlas hasta Marrakech, con llegada prevista por la tarde.<\/li>\n<\/ul>\n<hr data-start=\"1874\" data-end=\"1877\">\n<h3 data-section-id=\"vuzv5z\" data-start=\"1879\" data-end=\"1906\"><span style=\"color: #ff6600;\" role=\"text\"><strong data-start=\"1883\" data-end=\"1906\">Incluido en el tour<\/strong><\/span><\/h3>\n<ul data-start=\"1907\" data-end=\"2174\">\n<li data-section-id=\"c1wj1y\" data-start=\"1907\" data-end=\"1983\">Transporte privado en <strong data-start=\"1931\" data-end=\"1980\">4\u00d74, minib\u00fas o autob\u00fas con aire acondicionado<\/strong>.<\/li>\n<li data-section-id=\"avzzhu\" data-start=\"1984\" data-end=\"2021\">Conductor \/ gu\u00eda <strong data-start=\"2003\" data-end=\"2018\">multiling\u00fce<\/strong>.<\/li>\n<li data-section-id=\"dhwt17\" data-start=\"2022\" data-end=\"2051\">Combustible del veh\u00edculo.<\/li>\n<li data-section-id=\"179fsdd\" data-start=\"2052\" data-end=\"2103\"><strong data-start=\"2054\" data-end=\"2080\">1 noche en el desierto<\/strong> con cena y desayuno.<\/li>\n<li data-section-id=\"y7sd85\" data-start=\"2104\" data-end=\"2144\"><strong data-start=\"2106\" data-end=\"2126\">Paseo en camello<\/strong> en el desierto.<\/li>\n<li data-section-id=\"1kllzb0\" data-start=\"2145\" data-end=\"2174\"><strong data-start=\"2147\" data-end=\"2160\">Sandboard<\/strong> en las dunas.<\/li>\n<\/ul>\n<h3 data-section-id=\"1w9nymw\" data-start=\"2176\" data-end=\"2195\"><span style=\"color: #ff6600;\" role=\"text\"><strong data-start=\"2180\" data-end=\"2195\">No incluido<\/strong><\/span><\/h3>\n<ul data-start=\"2196\" data-end=\"2300\">\n<li data-section-id=\"1tuqkht\" data-start=\"2196\" data-end=\"2220\">Bebidas y almuerzos.<\/li>\n<li data-section-id=\"kx1j1k\" data-start=\"2221\" data-end=\"2242\">Boletos de avi\u00f3n.<\/li>\n<li data-section-id=\"1dio54n\" data-start=\"2243\" data-end=\"2278\">Entradas a monumentos o museos.<\/li>\n<li data-section-id=\"10ibqin\" data-start=\"2279\" data-end=\"2300\">Hotel en Marrakech.<\/li>\n<\/ul>\n<blockquote data-start=\"2302\" data-end=\"2412\">\n<p data-start=\"2304\" data-end=\"2412\"><strong data-start=\"2304\" data-end=\"2313\">Nota:<\/strong> Si deseas modificar cualquier detalle del tour, cont\u00e1ctanos previamente y haremos que sea posible.<\/p>\n<\/blockquote>\n","protected":false},"excerpt":{"rendered":"<p>Tour de Marrakech al Desierto del Sahara (2 d\u00edas \/ 1 noche) Itinerario D\u00eda 1: Marrakech \u2013 Ait Benhaddou \u2013 Ouarzazate \u2013 Valle del Draa \u2013 Desierto del Sahara de Zagora Encuentro en el lugar acordado en Marrakech y comienzo del viaje hacia el sureste a trav\u00e9s de las monta\u00f1as del Alto Atlas, pasando por&#8230;<\/p>\n","protected":false},"author":1,"featured_media":0,"parent":0,"menu_order":0,"comment_status":"closed","ping_status":"closed","template":"","meta":{"ngg_post_thumbnail":0,"_kad_post_transparent":"default","_kad_post_title":"default","_kad_post_layout":"default","_kad_post_sidebar_id":"","_kad_post_content_style":"default","_kad_post_vertical_padding":"default","_kad_post_feature":"","_kad_post_feature_position":"","_kad_post_header":false,"_kad_post_footer":false,"footnotes":""},"class_list":["post-10774","page","type-page","status-publish","hentry"],"yoast_head":"<!-- This site is optimized with the Yoast SEO plugin v21.5 - https:\/\/yoast.com\/wordpress\/plugins\/seo\/ -->\n<title>2-dias-desde-marrakech-a-zagora<\/title>\n<meta name=\"description\" content=\"\u201cMarruecos vacaciones\u201d, Marruecos consejos de viaje, Marruecos tours privados, vacaciones a Marruecos, Marruecos viaje, mejor \u00e9poca para visitar Marruecos, vacaciones Marruecos, tours en Marruecos, Marruecos desierto tours, Marruecos turismo, visita Marruecos, Marruecos vacaciones, viajes Marruecos, Marruecos tours, viajes a marruecos, viajes a marruecos, tours a marruecos desde, gu\u00eda tur\u00edstico de marruecos \u201d\" \/>\n<meta name=\"robots\" content=\"index, follow, max-snippet:-1, max-image-preview:large, max-video-preview:-1\" \/>\n<link rel=\"canonical\" href=\"https:\/\/discoverysaharatours.com\/es\/2-dias-desde-marrakech-a-zagora\/\" \/>\n<meta property=\"og:locale\" content=\"en_US\" \/>\n<meta property=\"og:type\" content=\"article\" \/>\n<meta property=\"og:title\" content=\"https:\/\/web.facebook.com\/Discovery.sahara\/\" \/>\n<meta property=\"og:description\" content=\"Discovery Sahara Tours es una agencia local en Marruecos muy especializada en organizar rutas por el desierto, con veh\u00edculos 4\u00d74 que facilitan el acceso a las pistas, a los lugares menos tur\u00edsticos y m\u00e1s aut\u00e9nticos, para disfrutar de la comodidad y el confort de sus ventajas. Con excursiones en dromedarios hasta llegar a los campamentos situados en medio de las dunas y poder disfrutar de una noche bajo las estrellas. Visitar familias bereberes, compartir su estilo de vida y costumbres. Con excursiones a pie hasta llegar al oasis frecuentado por n\u00f3madas.\" \/>\n<meta property=\"og:url\" content=\"https:\/\/discoverysaharatours.com\/es\/2-dias-desde-marrakech-a-zagora\/\" \/>\n<meta property=\"og:site_name\" content=\"Discovery Sahara Tours\" \/>\n<meta property=\"article:modified_time\" content=\"2026-04-05T08:44:33+00:00\" \/>\n<meta property=\"og:image\" content=\"https:\/\/discoverysaharatours.com\/es\/wp-content\/uploads\/2022\/10\/cropped-logo-Discovery-Sahara-Tours.png\" \/>\n\t<meta property=\"og:image:width\" content=\"512\" \/>\n\t<meta property=\"og:image:height\" content=\"512\" \/>\n\t<meta property=\"og:image:type\" content=\"image\/png\" \/>\n<meta name=\"twitter:card\" content=\"summary_large_image\" \/>\n<meta name=\"twitter:label1\" content=\"Est. reading time\" \/>\n\t<meta name=\"twitter:data1\" content=\"2 minutes\" \/>\n<script type=\"application\/ld+json\" class=\"yoast-schema-graph\">{\"@context\":\"https:\/\/schema.org\",\"@graph\":[{\"@type\":\"WebPage\",\"@id\":\"https:\/\/discoverysaharatours.com\/es\/2-dias-desde-marrakech-a-zagora\/\",\"url\":\"https:\/\/discoverysaharatours.com\/es\/2-dias-desde-marrakech-a-zagora\/\",\"name\":\"2-dias-desde-marrakech-a-zagora\",\"isPartOf\":{\"@id\":\"https:\/\/discoverysaharatours.com\/es\/#website\"},\"datePublished\":\"2018-11-02T16:15:37+00:00\",\"dateModified\":\"2026-04-05T08:44:33+00:00\",\"description\":\"\u201cMarruecos vacaciones\u201d, Marruecos consejos de viaje, Marruecos tours privados, vacaciones a Marruecos, Marruecos viaje, mejor \u00e9poca para visitar Marruecos, vacaciones Marruecos, tours en Marruecos, Marruecos desierto tours, Marruecos turismo, visita Marruecos, Marruecos vacaciones, viajes Marruecos, Marruecos tours, viajes a marruecos, viajes a marruecos, tours a marruecos desde, gu\u00eda tur\u00edstico de marruecos \u201d\",\"breadcrumb\":{\"@id\":\"https:\/\/discoverysaharatours.com\/es\/2-dias-desde-marrakech-a-zagora\/#breadcrumb\"},\"inLanguage\":\"en-US\",\"potentialAction\":[{\"@type\":\"ReadAction\",\"target\":[\"https:\/\/discoverysaharatours.com\/es\/2-dias-desde-marrakech-a-zagora\/\"]}]},{\"@type\":\"BreadcrumbList\",\"@id\":\"https:\/\/discoverysaharatours.com\/es\/2-dias-desde-marrakech-a-zagora\/#breadcrumb\",\"itemListElement\":[{\"@type\":\"ListItem\",\"position\":1,\"name\":\"Home\",\"item\":\"https:\/\/discoverysaharatours.com\/es\/\"},{\"@type\":\"ListItem\",\"position\":2,\"name\":\"2 d\u00edas desde Marrakech a Zagora\"}]},{\"@type\":\"WebSite\",\"@id\":\"https:\/\/discoverysaharatours.com\/es\/#website\",\"url\":\"https:\/\/discoverysaharatours.com\/es\/\",\"name\":\"Discovery Sahara Tours\",\"description\":\"Morocco Desert Tours \/ Tours &amp; Excursions in Morocco\",\"publisher\":{\"@id\":\"https:\/\/discoverysaharatours.com\/es\/#organization\"},\"potentialAction\":[{\"@type\":\"SearchAction\",\"target\":{\"@type\":\"EntryPoint\",\"urlTemplate\":\"https:\/\/discoverysaharatours.com\/es\/?s={search_term_string}\"},\"query-input\":\"required name=search_term_string\"}],\"inLanguage\":\"en-US\"},{\"@type\":\"Organization\",\"@id\":\"https:\/\/discoverysaharatours.com\/es\/#organization\",\"name\":\"Discovery Sahara Tours\",\"url\":\"https:\/\/discoverysaharatours.com\/es\/\",\"logo\":{\"@type\":\"ImageObject\",\"inLanguage\":\"en-US\",\"@id\":\"https:\/\/discoverysaharatours.com\/es\/#\/schema\/logo\/image\/\",\"url\":\"https:\/\/discoverysaharatours.com\/es\/wp-content\/uploads\/2022\/10\/logo-Discovery-Sahara-Tours.png\",\"contentUrl\":\"https:\/\/discoverysaharatours.com\/es\/wp-content\/uploads\/2022\/10\/logo-Discovery-Sahara-Tours.png\",\"width\":557,\"height\":486,\"caption\":\"Discovery Sahara Tours\"},\"image\":{\"@id\":\"https:\/\/discoverysaharatours.com\/es\/#\/schema\/logo\/image\/\"}}]}<\/script>\n<!-- \/ Yoast SEO plugin. -->","yoast_head_json":{"title":"2-dias-desde-marrakech-a-zagora","description":"\u201cMarruecos vacaciones\u201d, Marruecos consejos de viaje, Marruecos tours privados, vacaciones a Marruecos, Marruecos viaje, mejor \u00e9poca para visitar Marruecos, vacaciones Marruecos, tours en Marruecos, Marruecos desierto tours, Marruecos turismo, visita Marruecos, Marruecos vacaciones, viajes Marruecos, Marruecos tours, viajes a marruecos, viajes a marruecos, tours a marruecos desde, gu\u00eda tur\u00edstico de marruecos \u201d","robots":{"index":"index","follow":"follow","max-snippet":"max-snippet:-1","max-image-preview":"max-image-preview:large","max-video-preview":"max-video-preview:-1"},"canonical":"https:\/\/discoverysaharatours.com\/es\/2-dias-desde-marrakech-a-zagora\/","og_locale":"en_US","og_type":"article","og_title":"https:\/\/web.facebook.com\/Discovery.sahara\/","og_description":"Discovery Sahara Tours es una agencia local en Marruecos muy especializada en organizar rutas por el desierto, con veh\u00edculos 4\u00d74 que facilitan el acceso a las pistas, a los lugares menos tur\u00edsticos y m\u00e1s aut\u00e9nticos, para disfrutar de la comodidad y el confort de sus ventajas. Con excursiones en dromedarios hasta llegar a los campamentos situados en medio de las dunas y poder disfrutar de una noche bajo las estrellas. Visitar familias bereberes, compartir su estilo de vida y costumbres. Con excursiones a pie hasta llegar al oasis frecuentado por n\u00f3madas.","og_url":"https:\/\/discoverysaharatours.com\/es\/2-dias-desde-marrakech-a-zagora\/","og_site_name":"Discovery Sahara Tours","article_modified_time":"2026-04-05T08:44:33+00:00","og_image":[{"width":512,"height":512,"url":"https:\/\/discoverysaharatours.com\/es\/wp-content\/uploads\/2022\/10\/cropped-logo-Discovery-Sahara-Tours.png","type":"image\/png"}],"twitter_card":"summary_large_image","twitter_misc":{"Est. reading time":"2 minutes"},"schema":{"@context":"https:\/\/schema.org","@graph":[{"@type":"WebPage","@id":"https:\/\/discoverysaharatours.com\/es\/2-dias-desde-marrakech-a-zagora\/","url":"https:\/\/discoverysaharatours.com\/es\/2-dias-desde-marrakech-a-zagora\/","name":"2-dias-desde-marrakech-a-zagora","isPartOf":{"@id":"https:\/\/discoverysaharatours.com\/es\/#website"},"datePublished":"2018-11-02T16:15:37+00:00","dateModified":"2026-04-05T08:44:33+00:00","description":"\u201cMarruecos vacaciones\u201d, Marruecos consejos de viaje, Marruecos tours privados, vacaciones a Marruecos, Marruecos viaje, mejor \u00e9poca para visitar Marruecos, vacaciones Marruecos, tours en Marruecos, Marruecos desierto tours, Marruecos turismo, visita Marruecos, Marruecos vacaciones, viajes Marruecos, Marruecos tours, viajes a marruecos, viajes a marruecos, tours a marruecos desde, gu\u00eda tur\u00edstico de marruecos \u201d","breadcrumb":{"@id":"https:\/\/discoverysaharatours.com\/es\/2-dias-desde-marrakech-a-zagora\/#breadcrumb"},"inLanguage":"en-US","potentialAction":[{"@type":"ReadAction","target":["https:\/\/discoverysaharatours.com\/es\/2-dias-desde-marrakech-a-zagora\/"]}]},{"@type":"BreadcrumbList","@id":"https:\/\/discoverysaharatours.com\/es\/2-dias-desde-marrakech-a-zagora\/#breadcrumb","itemListElement":[{"@type":"ListItem","position":1,"name":"Home","item":"https:\/\/discoverysaharatours.com\/es\/"},{"@type":"ListItem","position":2,"name":"2 d\u00edas desde Marrakech a Zagora"}]},{"@type":"WebSite","@id":"https:\/\/discoverysaharatours.com\/es\/#website","url":"https:\/\/discoverysaharatours.com\/es\/","name":"Discovery Sahara Tours","description":"Morocco Desert Tours \/ Tours &amp; Excursions in Morocco","publisher":{"@id":"https:\/\/discoverysaharatours.com\/es\/#organization"},"potentialAction":[{"@type":"SearchAction","target":{"@type":"EntryPoint","urlTemplate":"https:\/\/discoverysaharatours.com\/es\/?s={search_term_string}"},"query-input":"required name=search_term_string"}],"inLanguage":"en-US"},{"@type":"Organization","@id":"https:\/\/discoverysaharatours.com\/es\/#organization","name":"Discovery Sahara Tours","url":"https:\/\/discoverysaharatours.com\/es\/","logo":{"@type":"ImageObject","inLanguage":"en-US","@id":"https:\/\/discoverysaharatours.com\/es\/#\/schema\/logo\/image\/","url":"https:\/\/discoverysaharatours.com\/es\/wp-content\/uploads\/2022\/10\/logo-Discovery-Sahara-Tours.png","contentUrl":"https:\/\/discoverysaharatours.com\/es\/wp-content\/uploads\/2022\/10\/logo-Discovery-Sahara-Tours.png","width":557,"height":486,"caption":"Discovery Sahara Tours"},"image":{"@id":"https:\/\/discoverysaharatours.com\/es\/#\/schema\/logo\/image\/"}}]}},"_links":{"self":[{"href":"https:\/\/discoverysaharatours.com\/es\/wp-json\/wp\/v2\/pages\/10774","targetHints":{"allow":["GET"]}}],"collection":[{"href":"https:\/\/discoverysaharatours.com\/es\/wp-json\/wp\/v2\/pages"}],"about":[{"href":"https:\/\/discoverysaharatours.com\/es\/wp-json\/wp\/v2\/types\/page"}],"author":[{"embeddable":true,"href":"https:\/\/discoverysaharatours.com\/es\/wp-json\/wp\/v2\/users\/1"}],"replies":[{"embeddable":true,"href":"https:\/\/discoverysaharatours.com\/es\/wp-json\/wp\/v2\/comments?post=10774"}],"version-history":[{"count":6,"href":"https:\/\/discoverysaharatours.com\/es\/wp-json\/wp\/v2\/pages\/10774\/revisions"}],"predecessor-version":[{"id":19712,"href":"https:\/\/discoverysaharatours.com\/es\/wp-json\/wp\/v2\/pages\/10774\/revisions\/19712"}],"wp:attachment":[{"href":"https:\/\/discoverysaharatours.com\/es\/wp-json\/wp\/v2\/media?parent=10774"}],"curies":[{"name":"wp","href":"https:\/\/api.w.org\/{rel}","templated":true}]}}