{"id":10777,"date":"2018-11-02T16:16:56","date_gmt":"2018-11-02T16:16:56","guid":{"rendered":"https:\/\/www.discoverysaharatours.com\/?page_id=10777"},"modified":"2026-04-05T08:54:48","modified_gmt":"2026-04-05T08:54:48","slug":"3-dias-desde-marrakech-el-desierto","status":"publish","type":"page","link":"https:\/\/discoverysaharatours.com\/es\/3-dias-desde-marrakech-el-desierto\/","title":{"rendered":"3 d\u00edas desde Marrakech el desierto"},"content":{"rendered":"<h2 data-section-id=\"124ry7l\" data-start=\"247\" data-end=\"308\"><span role=\"text\"><strong data-start=\"250\" data-end=\"308\">Tour de 3 d\u00edas: Marrakech \u2013 Desierto de Merzouga \u2013 Fez<\/strong><\/span><\/h2>\n<h3 data-section-id=\"p34tem\" data-start=\"310\" data-end=\"328\"><span role=\"text\"><strong data-start=\"314\" data-end=\"328\">Itinerario<\/strong><\/span><\/h3>\n<p data-start=\"330\" data-end=\"385\"><span style=\"color: #ff6600;\"><strong data-start=\"330\" data-end=\"383\">1er d\u00eda: Marrakech \u2192 Ouarzazate \u2192 Valle del Dades<\/strong><\/span><\/p>\n<ul data-start=\"386\" data-end=\"744\">\n<li data-section-id=\"1evch0r\" data-start=\"386\" data-end=\"433\">Recogida en el lugar acordado en Marrakech.<\/li>\n<li data-section-id=\"970b7j\" data-start=\"434\" data-end=\"516\">Cruce del <strong data-start=\"446\" data-end=\"460\">Alto Atlas<\/strong> por el paso <strong data-start=\"473\" data-end=\"490\">Tizi-n-Tichka<\/strong> con vistas panor\u00e1micas.<\/li>\n<li data-section-id=\"1h5nk1f\" data-start=\"517\" data-end=\"600\">Visita a aldeas bereberes y a un <strong data-start=\"552\" data-end=\"597\">sitio del Patrimonio Mundial de la UNESCO<\/strong>.<\/li>\n<li data-section-id=\"1q5i2oa\" data-start=\"601\" data-end=\"660\">Almuerzo en un restaurante t\u00edpico dentro de una Kasbah.<\/li>\n<li data-section-id=\"8oen5j\" data-start=\"661\" data-end=\"707\">Continuaci\u00f3n hacia el <strong data-start=\"685\" data-end=\"704\">Valle del Dades<\/strong>.<\/li>\n<li data-section-id=\"i4795\" data-start=\"708\" data-end=\"744\">Noche en hotel o Riad en el valle.<\/li>\n<\/ul>\n<p data-start=\"746\" data-end=\"798\"><span style=\"color: #ff6600;\"><strong data-start=\"746\" data-end=\"796\">2\u00b0 d\u00eda: Valle del Dades \u2192 Tafilalet \u2192 Merzouga<\/strong><\/span><\/p>\n<ul data-start=\"799\" data-end=\"1322\">\n<li data-section-id=\"famxfk\" data-start=\"799\" data-end=\"824\">Desayuno en el hotel.<\/li>\n<li data-section-id=\"1u16ihf\" data-start=\"825\" data-end=\"918\">Ruta hacia <strong data-start=\"838\" data-end=\"863\">Erg Chebbi (Merzouga)<\/strong> atravesando: Todra Gorges, Tenghir, Tinjdad, Erfoud.<\/li>\n<li data-section-id=\"1shhp7x\" data-start=\"919\" data-end=\"972\">Exploraci\u00f3n del oasis sahariano de <strong data-start=\"956\" data-end=\"969\">Tafilalet<\/strong>.<\/li>\n<li data-section-id=\"hdr3zv\" data-start=\"973\" data-end=\"1063\">Llegada al hotel en Merzouga, dejar equipaje innecesario para la noche en el desierto.<\/li>\n<li data-section-id=\"1f9exxb\" data-start=\"1064\" data-end=\"1150\"><strong data-start=\"1066\" data-end=\"1086\">Paseo en camello<\/strong> cruzando las dunas de Erg Chebbi para disfrutar el atardecer.<\/li>\n<li data-section-id=\"m6b1nx\" data-start=\"1151\" data-end=\"1238\">Noche en <strong data-start=\"1162\" data-end=\"1199\">campamento bereber en el desierto<\/strong> con cena tradicional y m\u00fasica local.<\/li>\n<li data-section-id=\"1hrczlp\" data-start=\"1239\" data-end=\"1322\">Oportunidad de subir a las dunas m\u00e1s altas para ver el amanecer al d\u00eda siguiente.<\/li>\n<\/ul>\n<p data-start=\"1324\" data-end=\"1388\"><span style=\"color: #ff6600;\"><strong data-start=\"1324\" data-end=\"1386\">3\u00b0 d\u00eda: Merzouga \u2192 Rissani \u2192 Midelt \u2192 Azrou \u2192 Ifrane \u2192 Fez<\/strong><\/span><\/p>\n<ul data-start=\"1389\" data-end=\"1845\">\n<li data-section-id=\"dgkl8w\" data-start=\"1389\" data-end=\"1468\">Despertar temprano para disfrutar del <strong data-start=\"1429\" data-end=\"1454\">amanecer en las dunas<\/strong> y desayuno.<\/li>\n<li data-section-id=\"88qyqu\" data-start=\"1469\" data-end=\"1509\">Regreso en camello al hotel y ducha.<\/li>\n<li data-section-id=\"1y7fys3\" data-start=\"1510\" data-end=\"1614\">Salida hacia Fez pasando por: Erfoud, Aoufous y el <strong data-start=\"1563\" data-end=\"1579\">valle de Ziz<\/strong>, con parada en oasis de Aoufous.<\/li>\n<li data-section-id=\"1pe5g5\" data-start=\"1615\" data-end=\"1753\">Almuerzo en Midelt y continuaci\u00f3n hacia Fez por el <strong data-start=\"1668\" data-end=\"1688\">bosque de cedros<\/strong> cerca de Azrou, con posible avistamiento de monos de Berber\u00eda.<\/li>\n<li data-section-id=\"11hxxub\" data-start=\"1754\" data-end=\"1813\">Parada opcional en <strong data-start=\"1775\" data-end=\"1785\">Ifrane<\/strong>, la &#8220;Suiza de Marruecos&#8221;.<\/li>\n<li data-section-id=\"12or2wh\" data-start=\"1814\" data-end=\"1845\">Llegada a Fez y fin del tour.<\/li>\n<\/ul>\n<hr data-start=\"1847\" data-end=\"1850\">\n<h3 data-section-id=\"1cqm55z\" data-start=\"1852\" data-end=\"1867\"><span style=\"color: #ff6600;\" role=\"text\"><strong data-start=\"1856\" data-end=\"1867\">Incluye<\/strong><\/span><\/h3>\n<ul data-start=\"1868\" data-end=\"2160\">\n<li data-section-id=\"148569i\" data-start=\"1868\" data-end=\"1940\">Transporte privado en 4\u00d74, minib\u00fas o autob\u00fas con aire acondicionado.<\/li>\n<li data-section-id=\"1gb0jua\" data-start=\"1941\" data-end=\"1974\">Conductor \/ gu\u00eda multiling\u00fce.<\/li>\n<li data-section-id=\"dhwt17\" data-start=\"1975\" data-end=\"2004\">Combustible del veh\u00edculo.<\/li>\n<li data-section-id=\"17f1ttk\" data-start=\"2005\" data-end=\"2033\">1 noche en hotel o Riad.<\/li>\n<li data-section-id=\"1fqhcp4\" data-start=\"2034\" data-end=\"2097\">1 noche en campamento en el desierto (con cena y desayuno).<\/li>\n<li data-section-id=\"9pv0c5\" data-start=\"2098\" data-end=\"2134\">Paseo en camello en el desierto.<\/li>\n<li data-section-id=\"fp8b98\" data-start=\"2135\" data-end=\"2160\">Sandboard en las dunas.<\/li>\n<\/ul>\n<h3 data-section-id=\"pqi3gm\" data-start=\"2162\" data-end=\"2180\"><span style=\"color: #ff6600;\" role=\"text\"><strong data-start=\"2166\" data-end=\"2180\">No incluye<\/strong><\/span><\/h3>\n<ul data-start=\"2181\" data-end=\"2305\">\n<li data-section-id=\"1tuqkht\" data-start=\"2181\" data-end=\"2205\">Bebidas y almuerzos.<\/li>\n<li data-section-id=\"1h3wd0w\" data-start=\"2206\" data-end=\"2217\">Vuelos.<\/li>\n<li data-section-id=\"1dio54n\" data-start=\"2218\" data-end=\"2253\">Entradas a monumentos o museos.<\/li>\n<li data-section-id=\"3wus06\" data-start=\"2254\" data-end=\"2305\">Hotel en Marrakech (previo a la salida del tour).<\/li>\n<\/ul>\n","protected":false},"excerpt":{"rendered":"<p>Tour de 3 d\u00edas: Marrakech \u2013 Desierto de Merzouga \u2013 Fez Itinerario 1er d\u00eda: Marrakech \u2192 Ouarzazate \u2192 Valle del Dades Recogida en el lugar acordado en Marrakech. Cruce del Alto Atlas por el paso Tizi-n-Tichka con vistas panor\u00e1micas. Visita a aldeas bereberes y a un sitio del Patrimonio Mundial de la UNESCO. Almuerzo en&#8230;<\/p>\n","protected":false},"author":1,"featured_media":0,"parent":0,"menu_order":0,"comment_status":"closed","ping_status":"closed","template":"","meta":{"ngg_post_thumbnail":0,"_kad_post_transparent":"default","_kad_post_title":"default","_kad_post_layout":"default","_kad_post_sidebar_id":"","_kad_post_content_style":"default","_kad_post_vertical_padding":"default","_kad_post_feature":"","_kad_post_feature_position":"","_kad_post_header":false,"_kad_post_footer":false,"footnotes":""},"class_list":["post-10777","page","type-page","status-publish","hentry"],"yoast_head":"<!-- This site is optimized with the Yoast SEO plugin v21.5 - https:\/\/yoast.com\/wordpress\/plugins\/seo\/ -->\n<title>3-dias-desde-marrakech-el-desierto<\/title>\n<meta name=\"description\" content=\"\u201cMarruecos vacaciones\u201d, Marruecos consejos de viaje, Marruecos tours privados, vacaciones a Marruecos, Marruecos viaje, mejor \u00e9poca para visitar Marruecos, vacaciones Marruecos, tours en Marruecos, Marruecos desierto tours, Marruecos turismo, visita Marruecos, Marruecos vacaciones, viajes Marruecos, Marruecos tours, viajes a marruecos, viajes a marruecos, tours a marruecos desde, gu\u00eda tur\u00edstico de marruecos \u201d\" \/>\n<meta name=\"robots\" content=\"index, follow, max-snippet:-1, max-image-preview:large, max-video-preview:-1\" \/>\n<link rel=\"canonical\" href=\"https:\/\/discoverysaharatours.com\/es\/3-dias-desde-marrakech-el-desierto\/\" \/>\n<meta property=\"og:locale\" content=\"en_US\" \/>\n<meta property=\"og:type\" content=\"article\" \/>\n<meta property=\"og:title\" content=\"https:\/\/web.facebook.com\/Discovery.sahara\/\" \/>\n<meta property=\"og:description\" content=\"Discovery Sahara Tours es una agencia local en Marruecos muy especializada en organizar rutas por el desierto, con veh\u00edculos 4\u00d74 que facilitan el acceso a las pistas, a los lugares menos tur\u00edsticos y m\u00e1s aut\u00e9nticos, para disfrutar de la comodidad y el confort de sus ventajas. Con excursiones en dromedarios hasta llegar a los campamentos situados en medio de las dunas y poder disfrutar de una noche bajo las estrellas. Visitar familias bereberes, compartir su estilo de vida y costumbres. Con excursiones a pie hasta llegar al oasis frecuentado por n\u00f3madas.\" \/>\n<meta property=\"og:url\" content=\"https:\/\/discoverysaharatours.com\/es\/3-dias-desde-marrakech-el-desierto\/\" \/>\n<meta property=\"og:site_name\" content=\"Discovery Sahara Tours\" \/>\n<meta property=\"article:modified_time\" content=\"2026-04-05T08:54:48+00:00\" \/>\n<meta property=\"og:image\" content=\"https:\/\/discoverysaharatours.com\/es\/wp-content\/uploads\/2022\/10\/cropped-logo-Discovery-Sahara-Tours.png\" \/>\n\t<meta property=\"og:image:width\" content=\"512\" \/>\n\t<meta property=\"og:image:height\" content=\"512\" \/>\n\t<meta property=\"og:image:type\" content=\"image\/png\" \/>\n<meta name=\"twitter:card\" content=\"summary_large_image\" \/>\n<meta name=\"twitter:label1\" content=\"Est. reading time\" \/>\n\t<meta name=\"twitter:data1\" content=\"2 minutes\" \/>\n<script type=\"application\/ld+json\" class=\"yoast-schema-graph\">{\"@context\":\"https:\/\/schema.org\",\"@graph\":[{\"@type\":\"WebPage\",\"@id\":\"https:\/\/discoverysaharatours.com\/es\/3-dias-desde-marrakech-el-desierto\/\",\"url\":\"https:\/\/discoverysaharatours.com\/es\/3-dias-desde-marrakech-el-desierto\/\",\"name\":\"3-dias-desde-marrakech-el-desierto\",\"isPartOf\":{\"@id\":\"https:\/\/discoverysaharatours.com\/es\/#website\"},\"datePublished\":\"2018-11-02T16:16:56+00:00\",\"dateModified\":\"2026-04-05T08:54:48+00:00\",\"description\":\"\u201cMarruecos vacaciones\u201d, Marruecos consejos de viaje, Marruecos tours privados, vacaciones a Marruecos, Marruecos viaje, mejor \u00e9poca para visitar Marruecos, vacaciones Marruecos, tours en Marruecos, Marruecos desierto tours, Marruecos turismo, visita Marruecos, Marruecos vacaciones, viajes Marruecos, Marruecos tours, viajes a marruecos, viajes a marruecos, tours a marruecos desde, gu\u00eda tur\u00edstico de marruecos \u201d\",\"breadcrumb\":{\"@id\":\"https:\/\/discoverysaharatours.com\/es\/3-dias-desde-marrakech-el-desierto\/#breadcrumb\"},\"inLanguage\":\"en-US\",\"potentialAction\":[{\"@type\":\"ReadAction\",\"target\":[\"https:\/\/discoverysaharatours.com\/es\/3-dias-desde-marrakech-el-desierto\/\"]}]},{\"@type\":\"BreadcrumbList\",\"@id\":\"https:\/\/discoverysaharatours.com\/es\/3-dias-desde-marrakech-el-desierto\/#breadcrumb\",\"itemListElement\":[{\"@type\":\"ListItem\",\"position\":1,\"name\":\"Home\",\"item\":\"https:\/\/discoverysaharatours.com\/es\/\"},{\"@type\":\"ListItem\",\"position\":2,\"name\":\"3 d\u00edas desde Marrakech el desierto\"}]},{\"@type\":\"WebSite\",\"@id\":\"https:\/\/discoverysaharatours.com\/es\/#website\",\"url\":\"https:\/\/discoverysaharatours.com\/es\/\",\"name\":\"Discovery Sahara Tours\",\"description\":\"Morocco Desert Tours \/ Tours &amp; Excursions in Morocco\",\"publisher\":{\"@id\":\"https:\/\/discoverysaharatours.com\/es\/#organization\"},\"potentialAction\":[{\"@type\":\"SearchAction\",\"target\":{\"@type\":\"EntryPoint\",\"urlTemplate\":\"https:\/\/discoverysaharatours.com\/es\/?s={search_term_string}\"},\"query-input\":\"required name=search_term_string\"}],\"inLanguage\":\"en-US\"},{\"@type\":\"Organization\",\"@id\":\"https:\/\/discoverysaharatours.com\/es\/#organization\",\"name\":\"Discovery Sahara Tours\",\"url\":\"https:\/\/discoverysaharatours.com\/es\/\",\"logo\":{\"@type\":\"ImageObject\",\"inLanguage\":\"en-US\",\"@id\":\"https:\/\/discoverysaharatours.com\/es\/#\/schema\/logo\/image\/\",\"url\":\"https:\/\/discoverysaharatours.com\/es\/wp-content\/uploads\/2022\/10\/logo-Discovery-Sahara-Tours.png\",\"contentUrl\":\"https:\/\/discoverysaharatours.com\/es\/wp-content\/uploads\/2022\/10\/logo-Discovery-Sahara-Tours.png\",\"width\":557,\"height\":486,\"caption\":\"Discovery Sahara Tours\"},\"image\":{\"@id\":\"https:\/\/discoverysaharatours.com\/es\/#\/schema\/logo\/image\/\"}}]}<\/script>\n<!-- \/ Yoast SEO plugin. -->","yoast_head_json":{"title":"3-dias-desde-marrakech-el-desierto","description":"\u201cMarruecos vacaciones\u201d, Marruecos consejos de viaje, Marruecos tours privados, vacaciones a Marruecos, Marruecos viaje, mejor \u00e9poca para visitar Marruecos, vacaciones Marruecos, tours en Marruecos, Marruecos desierto tours, Marruecos turismo, visita Marruecos, Marruecos vacaciones, viajes Marruecos, Marruecos tours, viajes a marruecos, viajes a marruecos, tours a marruecos desde, gu\u00eda tur\u00edstico de marruecos \u201d","robots":{"index":"index","follow":"follow","max-snippet":"max-snippet:-1","max-image-preview":"max-image-preview:large","max-video-preview":"max-video-preview:-1"},"canonical":"https:\/\/discoverysaharatours.com\/es\/3-dias-desde-marrakech-el-desierto\/","og_locale":"en_US","og_type":"article","og_title":"https:\/\/web.facebook.com\/Discovery.sahara\/","og_description":"Discovery Sahara Tours es una agencia local en Marruecos muy especializada en organizar rutas por el desierto, con veh\u00edculos 4\u00d74 que facilitan el acceso a las pistas, a los lugares menos tur\u00edsticos y m\u00e1s aut\u00e9nticos, para disfrutar de la comodidad y el confort de sus ventajas. Con excursiones en dromedarios hasta llegar a los campamentos situados en medio de las dunas y poder disfrutar de una noche bajo las estrellas. Visitar familias bereberes, compartir su estilo de vida y costumbres. Con excursiones a pie hasta llegar al oasis frecuentado por n\u00f3madas.","og_url":"https:\/\/discoverysaharatours.com\/es\/3-dias-desde-marrakech-el-desierto\/","og_site_name":"Discovery Sahara Tours","article_modified_time":"2026-04-05T08:54:48+00:00","og_image":[{"width":512,"height":512,"url":"https:\/\/discoverysaharatours.com\/es\/wp-content\/uploads\/2022\/10\/cropped-logo-Discovery-Sahara-Tours.png","type":"image\/png"}],"twitter_card":"summary_large_image","twitter_misc":{"Est. reading time":"2 minutes"},"schema":{"@context":"https:\/\/schema.org","@graph":[{"@type":"WebPage","@id":"https:\/\/discoverysaharatours.com\/es\/3-dias-desde-marrakech-el-desierto\/","url":"https:\/\/discoverysaharatours.com\/es\/3-dias-desde-marrakech-el-desierto\/","name":"3-dias-desde-marrakech-el-desierto","isPartOf":{"@id":"https:\/\/discoverysaharatours.com\/es\/#website"},"datePublished":"2018-11-02T16:16:56+00:00","dateModified":"2026-04-05T08:54:48+00:00","description":"\u201cMarruecos vacaciones\u201d, Marruecos consejos de viaje, Marruecos tours privados, vacaciones a Marruecos, Marruecos viaje, mejor \u00e9poca para visitar Marruecos, vacaciones Marruecos, tours en Marruecos, Marruecos desierto tours, Marruecos turismo, visita Marruecos, Marruecos vacaciones, viajes Marruecos, Marruecos tours, viajes a marruecos, viajes a marruecos, tours a marruecos desde, gu\u00eda tur\u00edstico de marruecos \u201d","breadcrumb":{"@id":"https:\/\/discoverysaharatours.com\/es\/3-dias-desde-marrakech-el-desierto\/#breadcrumb"},"inLanguage":"en-US","potentialAction":[{"@type":"ReadAction","target":["https:\/\/discoverysaharatours.com\/es\/3-dias-desde-marrakech-el-desierto\/"]}]},{"@type":"BreadcrumbList","@id":"https:\/\/discoverysaharatours.com\/es\/3-dias-desde-marrakech-el-desierto\/#breadcrumb","itemListElement":[{"@type":"ListItem","position":1,"name":"Home","item":"https:\/\/discoverysaharatours.com\/es\/"},{"@type":"ListItem","position":2,"name":"3 d\u00edas desde Marrakech el desierto"}]},{"@type":"WebSite","@id":"https:\/\/discoverysaharatours.com\/es\/#website","url":"https:\/\/discoverysaharatours.com\/es\/","name":"Discovery Sahara Tours","description":"Morocco Desert Tours \/ Tours &amp; Excursions in Morocco","publisher":{"@id":"https:\/\/discoverysaharatours.com\/es\/#organization"},"potentialAction":[{"@type":"SearchAction","target":{"@type":"EntryPoint","urlTemplate":"https:\/\/discoverysaharatours.com\/es\/?s={search_term_string}"},"query-input":"required name=search_term_string"}],"inLanguage":"en-US"},{"@type":"Organization","@id":"https:\/\/discoverysaharatours.com\/es\/#organization","name":"Discovery Sahara Tours","url":"https:\/\/discoverysaharatours.com\/es\/","logo":{"@type":"ImageObject","inLanguage":"en-US","@id":"https:\/\/discoverysaharatours.com\/es\/#\/schema\/logo\/image\/","url":"https:\/\/discoverysaharatours.com\/es\/wp-content\/uploads\/2022\/10\/logo-Discovery-Sahara-Tours.png","contentUrl":"https:\/\/discoverysaharatours.com\/es\/wp-content\/uploads\/2022\/10\/logo-Discovery-Sahara-Tours.png","width":557,"height":486,"caption":"Discovery Sahara Tours"},"image":{"@id":"https:\/\/discoverysaharatours.com\/es\/#\/schema\/logo\/image\/"}}]}},"_links":{"self":[{"href":"https:\/\/discoverysaharatours.com\/es\/wp-json\/wp\/v2\/pages\/10777","targetHints":{"allow":["GET"]}}],"collection":[{"href":"https:\/\/discoverysaharatours.com\/es\/wp-json\/wp\/v2\/pages"}],"about":[{"href":"https:\/\/discoverysaharatours.com\/es\/wp-json\/wp\/v2\/types\/page"}],"author":[{"embeddable":true,"href":"https:\/\/discoverysaharatours.com\/es\/wp-json\/wp\/v2\/users\/1"}],"replies":[{"embeddable":true,"href":"https:\/\/discoverysaharatours.com\/es\/wp-json\/wp\/v2\/comments?post=10777"}],"version-history":[{"count":6,"href":"https:\/\/discoverysaharatours.com\/es\/wp-json\/wp\/v2\/pages\/10777\/revisions"}],"predecessor-version":[{"id":19715,"href":"https:\/\/discoverysaharatours.com\/es\/wp-json\/wp\/v2\/pages\/10777\/revisions\/19715"}],"wp:attachment":[{"href":"https:\/\/discoverysaharatours.com\/es\/wp-json\/wp\/v2\/media?parent=10777"}],"curies":[{"name":"wp","href":"https:\/\/api.w.org\/{rel}","templated":true}]}}