{"id":10778,"date":"2018-11-02T16:17:18","date_gmt":"2018-11-02T16:17:18","guid":{"rendered":"https:\/\/www.discoverysaharatours.com\/?page_id=10778"},"modified":"2026-04-05T09:01:12","modified_gmt":"2026-04-05T09:01:12","slug":"3-dias-en-el-desierto-de-marrakech-marrakech","status":"publish","type":"page","link":"https:\/\/discoverysaharatours.com\/es\/3-dias-en-el-desierto-de-marrakech-marrakech\/","title":{"rendered":"3 d\u00edas en el desierto de Marrakech Marrakech"},"content":{"rendered":"<h1 data-section-id=\"txwrlg\" data-start=\"184\" data-end=\"240\">Tour 3 D\u00edas: Marrakech \u2192 Merzouga \u2192 Valle del Dades<\/h1>\n<hr data-start=\"242\" data-end=\"245\">\n<h2 data-section-id=\"9o8eqm\" data-start=\"247\" data-end=\"301\"><span style=\"color: #ff6600;\" role=\"text\"><strong data-start=\"250\" data-end=\"301\">D\u00eda 1: Marrakech \u2192 Ouarzazate \u2192 Valle del Dades<\/strong><\/span><\/h2>\n<ul data-start=\"302\" data-end=\"534\">\n<li data-section-id=\"q3fly5\" data-start=\"302\" data-end=\"326\">Salida de Marrakech.<\/li>\n<li data-section-id=\"1l93b4x\" data-start=\"327\" data-end=\"386\">Cruce del <strong data-start=\"339\" data-end=\"353\">Alto Atlas<\/strong> por el <strong data-start=\"361\" data-end=\"383\">paso Tizi-n-Tichka<\/strong>.<\/li>\n<li data-section-id=\"1ciw1mt\" data-start=\"387\" data-end=\"438\">Visita a <strong data-start=\"398\" data-end=\"415\">Ait Benhaddou<\/strong> (Patrimonio UNESCO).<\/li>\n<li data-section-id=\"3dbna4\" data-start=\"439\" data-end=\"469\">Almuerzo en Ait Benhaddou.<\/li>\n<li data-section-id=\"k58mh1\" data-start=\"470\" data-end=\"505\">Llegada al <strong data-start=\"483\" data-end=\"502\">Valle del Dades<\/strong>.<\/li>\n<li data-section-id=\"76offt\" data-start=\"506\" data-end=\"534\"><strong data-start=\"508\" data-end=\"533\">Noche en hotel o Riad<\/strong>.<\/li>\n<\/ul>\n<hr data-start=\"536\" data-end=\"539\">\n<h2 data-section-id=\"9xmaol\" data-start=\"541\" data-end=\"592\"><span style=\"color: #ff6600;\" role=\"text\"><strong data-start=\"544\" data-end=\"592\">D\u00eda 2: Valle del Dades \u2192 Merzouga (Desierto)<\/strong><\/span><\/h2>\n<ul data-start=\"593\" data-end=\"866\">\n<li data-section-id=\"bp96tl\" data-start=\"593\" data-end=\"615\">Desayuno en hotel.<\/li>\n<li data-section-id=\"11n8b6y\" data-start=\"616\" data-end=\"670\">Viaje por <strong data-start=\"628\" data-end=\"639\">Tinjdad<\/strong> y <strong data-start=\"642\" data-end=\"652\">Erfoud<\/strong> hacia Merzouga.<\/li>\n<li data-section-id=\"1vs6uil\" data-start=\"671\" data-end=\"700\">Llegada y descanso breve.<\/li>\n<li data-section-id=\"1mjwfet\" data-start=\"701\" data-end=\"746\"><strong data-start=\"703\" data-end=\"723\">Paseo en camello<\/strong> hasta el campamento.<\/li>\n<li data-section-id=\"n53gng\" data-start=\"747\" data-end=\"782\">Ver <strong data-start=\"753\" data-end=\"779\">atardecer en las dunas<\/strong>.<\/li>\n<li data-section-id=\"1wt77v8\" data-start=\"783\" data-end=\"826\"><strong data-start=\"785\" data-end=\"823\">Cena y noche en campamento bereber<\/strong>.<\/li>\n<li data-section-id=\"78khxb\" data-start=\"827\" data-end=\"866\">Opcional: <strong data-start=\"839\" data-end=\"865\">Sandboard en las dunas<\/strong>.<\/li>\n<\/ul>\n<hr data-start=\"868\" data-end=\"871\">\n<h2 data-section-id=\"1yjkv8o\" data-start=\"873\" data-end=\"920\"><span style=\"color: #ff6600;\" role=\"text\"><strong data-start=\"876\" data-end=\"920\">D\u00eda 3: Merzouga \u2192 Ouarzazate \u2192 Marrakech<\/strong><\/span><\/h2>\n<ul data-start=\"921\" data-end=\"1182\">\n<li data-section-id=\"1wrvmyp\" data-start=\"921\" data-end=\"949\">Amanecer en el desierto.<\/li>\n<li data-section-id=\"e6ar3k\" data-start=\"950\" data-end=\"977\">Desayuno en campamento.<\/li>\n<li data-section-id=\"1ufnyjy\" data-start=\"978\" data-end=\"1012\">Regreso a Merzouga en camello.<\/li>\n<li data-section-id=\"igo3nr\" data-start=\"1013\" data-end=\"1140\">Paradas en ruta:\n<ul data-start=\"1036\" data-end=\"1140\">\n<li data-section-id=\"hnkt1y\" data-start=\"1036\" data-end=\"1089\">Tiendas bereberes (f\u00f3siles, alfombras, artesan\u00eda)<\/li>\n<li data-section-id=\"1blme26\" data-start=\"1092\" data-end=\"1140\"><strong data-start=\"1094\" data-end=\"1116\">Gargantas de Todra<\/strong> y <strong data-start=\"1119\" data-end=\"1138\">Valle del Dades<\/strong><\/li>\n<\/ul>\n<\/li>\n<li data-section-id=\"vwr3e7\" data-start=\"1141\" data-end=\"1182\">Llegada a Marrakech por la tarde\/noche.<\/li>\n<\/ul>\n<hr data-start=\"1184\" data-end=\"1187\">\n<h2 data-section-id=\"15putus\" data-start=\"1189\" data-end=\"1203\"><span style=\"color: #ff6600;\" role=\"text\"><strong data-start=\"1192\" data-end=\"1203\">Incluye<\/strong><\/span><\/h2>\n<ul data-start=\"1204\" data-end=\"1456\">\n<li data-section-id=\"18ed1iq\" data-start=\"1204\" data-end=\"1274\">Transporte privado (4\u00d74, minib\u00fas o autob\u00fas con aire acondicionado)<\/li>\n<li data-section-id=\"gg19ks\" data-start=\"1275\" data-end=\"1305\">Gu\u00eda\/conductor multiling\u00fce<\/li>\n<li data-section-id=\"1xlc6vv\" data-start=\"1306\" data-end=\"1321\">Combustible<\/li>\n<li data-section-id=\"1aim9qu\" data-start=\"1322\" data-end=\"1349\">1 noche en hotel o Riad<\/li>\n<li data-section-id=\"bhsuae\" data-start=\"1350\" data-end=\"1408\">1 noche en campamento en el desierto (cena + desayuno)<\/li>\n<li data-section-id=\"1vuo7la\" data-start=\"1409\" data-end=\"1429\">Paseo en camello<\/li>\n<li data-section-id=\"kwtxci\" data-start=\"1430\" data-end=\"1456\">Sandboard en las dunas<\/li>\n<\/ul>\n<hr data-start=\"1458\" data-end=\"1461\">\n<h2 data-section-id=\"kremxx\" data-start=\"1463\" data-end=\"1480\"><span style=\"color: #ff6600;\" role=\"text\"><strong data-start=\"1466\" data-end=\"1480\">No incluye<\/strong><\/span><\/h2>\n<ul data-start=\"1481\" data-end=\"1583\">\n<li data-section-id=\"cra5n3\" data-start=\"1481\" data-end=\"1504\">Bebidas y almuerzos<\/li>\n<li data-section-id=\"1nbp8lc\" data-start=\"1505\" data-end=\"1525\">Boletos de vuelo<\/li>\n<li data-section-id=\"go2epb\" data-start=\"1526\" data-end=\"1560\">Entradas a monumentos y museos<\/li>\n<li data-section-id=\"1wayf5d\" data-start=\"1561\" data-end=\"1583\">Hotel en Marrakech<\/li>\n<\/ul>\n","protected":false},"excerpt":{"rendered":"<p>Tour 3 D\u00edas: Marrakech \u2192 Merzouga \u2192 Valle del Dades D\u00eda 1: Marrakech \u2192 Ouarzazate \u2192 Valle del Dades Salida de Marrakech. Cruce del Alto Atlas por el paso Tizi-n-Tichka. Visita a Ait Benhaddou (Patrimonio UNESCO). Almuerzo en Ait Benhaddou. Llegada al Valle del Dades. Noche en hotel o Riad. D\u00eda 2: Valle del Dades&#8230;<\/p>\n","protected":false},"author":1,"featured_media":0,"parent":0,"menu_order":0,"comment_status":"closed","ping_status":"closed","template":"","meta":{"ngg_post_thumbnail":0,"_kad_post_transparent":"default","_kad_post_title":"default","_kad_post_layout":"default","_kad_post_sidebar_id":"","_kad_post_content_style":"default","_kad_post_vertical_padding":"default","_kad_post_feature":"","_kad_post_feature_position":"","_kad_post_header":false,"_kad_post_footer":false,"footnotes":""},"class_list":["post-10778","page","type-page","status-publish","hentry"],"yoast_head":"<!-- This site is optimized with the Yoast SEO plugin v21.5 - https:\/\/yoast.com\/wordpress\/plugins\/seo\/ -->\n<title>3-dias-en-el-desierto-de-marrakech-marrakech<\/title>\n<meta name=\"description\" content=\"\u201cMarruecos vacaciones\u201d, Marruecos consejos de viaje, Marruecos tours privados, vacaciones a Marruecos, Marruecos viaje, mejor \u00e9poca para visitar Marruecos, vacaciones Marruecos, tours en Marruecos, Marruecos desierto tours, Marruecos turismo, visita Marruecos, Marruecos vacaciones, viajes Marruecos, Marruecos tours, viajes a marruecos, viajes a marruecos, tours a marruecos desde, gu\u00eda tur\u00edstico de marruecos \u201d\" \/>\n<meta name=\"robots\" content=\"index, follow, max-snippet:-1, max-image-preview:large, max-video-preview:-1\" \/>\n<link rel=\"canonical\" href=\"https:\/\/discoverysaharatours.com\/es\/3-dias-en-el-desierto-de-marrakech-marrakech\/\" \/>\n<meta property=\"og:locale\" content=\"en_US\" \/>\n<meta property=\"og:type\" content=\"article\" \/>\n<meta property=\"og:title\" content=\"https:\/\/web.facebook.com\/Discovery.sahara\/\" \/>\n<meta property=\"og:description\" content=\"Discovery Sahara Tours es una agencia local en Marruecos muy especializada en organizar rutas por el desierto, con veh\u00edculos 4\u00d74 que facilitan el acceso a las pistas, a los lugares menos tur\u00edsticos y m\u00e1s aut\u00e9nticos, para disfrutar de la comodidad y el confort de sus ventajas. Con excursiones en dromedarios hasta llegar a los campamentos situados en medio de las dunas y poder disfrutar de una noche bajo las estrellas. Visitar familias bereberes, compartir su estilo de vida y costumbres. Con excursiones a pie hasta llegar al oasis frecuentado por n\u00f3madas.\" \/>\n<meta property=\"og:url\" content=\"https:\/\/discoverysaharatours.com\/es\/3-dias-en-el-desierto-de-marrakech-marrakech\/\" \/>\n<meta property=\"og:site_name\" content=\"Discovery Sahara Tours\" \/>\n<meta property=\"article:modified_time\" content=\"2026-04-05T09:01:12+00:00\" \/>\n<meta property=\"og:image\" content=\"https:\/\/discoverysaharatours.com\/es\/wp-content\/uploads\/2022\/10\/cropped-logo-Discovery-Sahara-Tours.png\" \/>\n\t<meta property=\"og:image:width\" content=\"512\" \/>\n\t<meta property=\"og:image:height\" content=\"512\" \/>\n\t<meta property=\"og:image:type\" content=\"image\/png\" \/>\n<meta name=\"twitter:card\" content=\"summary_large_image\" \/>\n<meta name=\"twitter:label1\" content=\"Est. reading time\" \/>\n\t<meta name=\"twitter:data1\" content=\"1 minute\" \/>\n<script type=\"application\/ld+json\" class=\"yoast-schema-graph\">{\"@context\":\"https:\/\/schema.org\",\"@graph\":[{\"@type\":\"WebPage\",\"@id\":\"https:\/\/discoverysaharatours.com\/es\/3-dias-en-el-desierto-de-marrakech-marrakech\/\",\"url\":\"https:\/\/discoverysaharatours.com\/es\/3-dias-en-el-desierto-de-marrakech-marrakech\/\",\"name\":\"3-dias-en-el-desierto-de-marrakech-marrakech\",\"isPartOf\":{\"@id\":\"https:\/\/discoverysaharatours.com\/es\/#website\"},\"datePublished\":\"2018-11-02T16:17:18+00:00\",\"dateModified\":\"2026-04-05T09:01:12+00:00\",\"description\":\"\u201cMarruecos vacaciones\u201d, Marruecos consejos de viaje, Marruecos tours privados, vacaciones a Marruecos, Marruecos viaje, mejor \u00e9poca para visitar Marruecos, vacaciones Marruecos, tours en Marruecos, Marruecos desierto tours, Marruecos turismo, visita Marruecos, Marruecos vacaciones, viajes Marruecos, Marruecos tours, viajes a marruecos, viajes a marruecos, tours a marruecos desde, gu\u00eda tur\u00edstico de marruecos \u201d\",\"breadcrumb\":{\"@id\":\"https:\/\/discoverysaharatours.com\/es\/3-dias-en-el-desierto-de-marrakech-marrakech\/#breadcrumb\"},\"inLanguage\":\"en-US\",\"potentialAction\":[{\"@type\":\"ReadAction\",\"target\":[\"https:\/\/discoverysaharatours.com\/es\/3-dias-en-el-desierto-de-marrakech-marrakech\/\"]}]},{\"@type\":\"BreadcrumbList\",\"@id\":\"https:\/\/discoverysaharatours.com\/es\/3-dias-en-el-desierto-de-marrakech-marrakech\/#breadcrumb\",\"itemListElement\":[{\"@type\":\"ListItem\",\"position\":1,\"name\":\"Home\",\"item\":\"https:\/\/discoverysaharatours.com\/es\/\"},{\"@type\":\"ListItem\",\"position\":2,\"name\":\"3 d\u00edas en el desierto de Marrakech Marrakech\"}]},{\"@type\":\"WebSite\",\"@id\":\"https:\/\/discoverysaharatours.com\/es\/#website\",\"url\":\"https:\/\/discoverysaharatours.com\/es\/\",\"name\":\"Discovery Sahara Tours\",\"description\":\"Morocco Desert Tours \/ Tours &amp; Excursions in Morocco\",\"publisher\":{\"@id\":\"https:\/\/discoverysaharatours.com\/es\/#organization\"},\"potentialAction\":[{\"@type\":\"SearchAction\",\"target\":{\"@type\":\"EntryPoint\",\"urlTemplate\":\"https:\/\/discoverysaharatours.com\/es\/?s={search_term_string}\"},\"query-input\":\"required name=search_term_string\"}],\"inLanguage\":\"en-US\"},{\"@type\":\"Organization\",\"@id\":\"https:\/\/discoverysaharatours.com\/es\/#organization\",\"name\":\"Discovery Sahara Tours\",\"url\":\"https:\/\/discoverysaharatours.com\/es\/\",\"logo\":{\"@type\":\"ImageObject\",\"inLanguage\":\"en-US\",\"@id\":\"https:\/\/discoverysaharatours.com\/es\/#\/schema\/logo\/image\/\",\"url\":\"https:\/\/discoverysaharatours.com\/es\/wp-content\/uploads\/2022\/10\/logo-Discovery-Sahara-Tours.png\",\"contentUrl\":\"https:\/\/discoverysaharatours.com\/es\/wp-content\/uploads\/2022\/10\/logo-Discovery-Sahara-Tours.png\",\"width\":557,\"height\":486,\"caption\":\"Discovery Sahara Tours\"},\"image\":{\"@id\":\"https:\/\/discoverysaharatours.com\/es\/#\/schema\/logo\/image\/\"}}]}<\/script>\n<!-- \/ Yoast SEO plugin. -->","yoast_head_json":{"title":"3-dias-en-el-desierto-de-marrakech-marrakech","description":"\u201cMarruecos vacaciones\u201d, Marruecos consejos de viaje, Marruecos tours privados, vacaciones a Marruecos, Marruecos viaje, mejor \u00e9poca para visitar Marruecos, vacaciones Marruecos, tours en Marruecos, Marruecos desierto tours, Marruecos turismo, visita Marruecos, Marruecos vacaciones, viajes Marruecos, Marruecos tours, viajes a marruecos, viajes a marruecos, tours a marruecos desde, gu\u00eda tur\u00edstico de marruecos \u201d","robots":{"index":"index","follow":"follow","max-snippet":"max-snippet:-1","max-image-preview":"max-image-preview:large","max-video-preview":"max-video-preview:-1"},"canonical":"https:\/\/discoverysaharatours.com\/es\/3-dias-en-el-desierto-de-marrakech-marrakech\/","og_locale":"en_US","og_type":"article","og_title":"https:\/\/web.facebook.com\/Discovery.sahara\/","og_description":"Discovery Sahara Tours es una agencia local en Marruecos muy especializada en organizar rutas por el desierto, con veh\u00edculos 4\u00d74 que facilitan el acceso a las pistas, a los lugares menos tur\u00edsticos y m\u00e1s aut\u00e9nticos, para disfrutar de la comodidad y el confort de sus ventajas. Con excursiones en dromedarios hasta llegar a los campamentos situados en medio de las dunas y poder disfrutar de una noche bajo las estrellas. Visitar familias bereberes, compartir su estilo de vida y costumbres. Con excursiones a pie hasta llegar al oasis frecuentado por n\u00f3madas.","og_url":"https:\/\/discoverysaharatours.com\/es\/3-dias-en-el-desierto-de-marrakech-marrakech\/","og_site_name":"Discovery Sahara Tours","article_modified_time":"2026-04-05T09:01:12+00:00","og_image":[{"width":512,"height":512,"url":"https:\/\/discoverysaharatours.com\/es\/wp-content\/uploads\/2022\/10\/cropped-logo-Discovery-Sahara-Tours.png","type":"image\/png"}],"twitter_card":"summary_large_image","twitter_misc":{"Est. reading time":"1 minute"},"schema":{"@context":"https:\/\/schema.org","@graph":[{"@type":"WebPage","@id":"https:\/\/discoverysaharatours.com\/es\/3-dias-en-el-desierto-de-marrakech-marrakech\/","url":"https:\/\/discoverysaharatours.com\/es\/3-dias-en-el-desierto-de-marrakech-marrakech\/","name":"3-dias-en-el-desierto-de-marrakech-marrakech","isPartOf":{"@id":"https:\/\/discoverysaharatours.com\/es\/#website"},"datePublished":"2018-11-02T16:17:18+00:00","dateModified":"2026-04-05T09:01:12+00:00","description":"\u201cMarruecos vacaciones\u201d, Marruecos consejos de viaje, Marruecos tours privados, vacaciones a Marruecos, Marruecos viaje, mejor \u00e9poca para visitar Marruecos, vacaciones Marruecos, tours en Marruecos, Marruecos desierto tours, Marruecos turismo, visita Marruecos, Marruecos vacaciones, viajes Marruecos, Marruecos tours, viajes a marruecos, viajes a marruecos, tours a marruecos desde, gu\u00eda tur\u00edstico de marruecos \u201d","breadcrumb":{"@id":"https:\/\/discoverysaharatours.com\/es\/3-dias-en-el-desierto-de-marrakech-marrakech\/#breadcrumb"},"inLanguage":"en-US","potentialAction":[{"@type":"ReadAction","target":["https:\/\/discoverysaharatours.com\/es\/3-dias-en-el-desierto-de-marrakech-marrakech\/"]}]},{"@type":"BreadcrumbList","@id":"https:\/\/discoverysaharatours.com\/es\/3-dias-en-el-desierto-de-marrakech-marrakech\/#breadcrumb","itemListElement":[{"@type":"ListItem","position":1,"name":"Home","item":"https:\/\/discoverysaharatours.com\/es\/"},{"@type":"ListItem","position":2,"name":"3 d\u00edas en el desierto de Marrakech Marrakech"}]},{"@type":"WebSite","@id":"https:\/\/discoverysaharatours.com\/es\/#website","url":"https:\/\/discoverysaharatours.com\/es\/","name":"Discovery Sahara Tours","description":"Morocco Desert Tours \/ Tours &amp; Excursions in Morocco","publisher":{"@id":"https:\/\/discoverysaharatours.com\/es\/#organization"},"potentialAction":[{"@type":"SearchAction","target":{"@type":"EntryPoint","urlTemplate":"https:\/\/discoverysaharatours.com\/es\/?s={search_term_string}"},"query-input":"required name=search_term_string"}],"inLanguage":"en-US"},{"@type":"Organization","@id":"https:\/\/discoverysaharatours.com\/es\/#organization","name":"Discovery Sahara Tours","url":"https:\/\/discoverysaharatours.com\/es\/","logo":{"@type":"ImageObject","inLanguage":"en-US","@id":"https:\/\/discoverysaharatours.com\/es\/#\/schema\/logo\/image\/","url":"https:\/\/discoverysaharatours.com\/es\/wp-content\/uploads\/2022\/10\/logo-Discovery-Sahara-Tours.png","contentUrl":"https:\/\/discoverysaharatours.com\/es\/wp-content\/uploads\/2022\/10\/logo-Discovery-Sahara-Tours.png","width":557,"height":486,"caption":"Discovery Sahara Tours"},"image":{"@id":"https:\/\/discoverysaharatours.com\/es\/#\/schema\/logo\/image\/"}}]}},"_links":{"self":[{"href":"https:\/\/discoverysaharatours.com\/es\/wp-json\/wp\/v2\/pages\/10778","targetHints":{"allow":["GET"]}}],"collection":[{"href":"https:\/\/discoverysaharatours.com\/es\/wp-json\/wp\/v2\/pages"}],"about":[{"href":"https:\/\/discoverysaharatours.com\/es\/wp-json\/wp\/v2\/types\/page"}],"author":[{"embeddable":true,"href":"https:\/\/discoverysaharatours.com\/es\/wp-json\/wp\/v2\/users\/1"}],"replies":[{"embeddable":true,"href":"https:\/\/discoverysaharatours.com\/es\/wp-json\/wp\/v2\/comments?post=10778"}],"version-history":[{"count":5,"href":"https:\/\/discoverysaharatours.com\/es\/wp-json\/wp\/v2\/pages\/10778\/revisions"}],"predecessor-version":[{"id":19716,"href":"https:\/\/discoverysaharatours.com\/es\/wp-json\/wp\/v2\/pages\/10778\/revisions\/19716"}],"wp:attachment":[{"href":"https:\/\/discoverysaharatours.com\/es\/wp-json\/wp\/v2\/media?parent=10778"}],"curies":[{"name":"wp","href":"https:\/\/api.w.org\/{rel}","templated":true}]}}