{"id":10783,"date":"2018-11-02T16:18:51","date_gmt":"2018-11-02T16:18:51","guid":{"rendered":"https:\/\/www.discoverysaharatours.com\/?page_id=10783"},"modified":"2026-04-07T22:22:16","modified_gmt":"2026-04-07T22:22:16","slug":"4-dias-desde-el-desierto-del-sahara-de-marrakech-y-fez","status":"publish","type":"page","link":"https:\/\/discoverysaharatours.com\/es\/4-dias-desde-el-desierto-del-sahara-de-marrakech-y-fez\/","title":{"rendered":"4 d\u00edas desde el desierto del Sahara de Marrakech y Fez"},"content":{"rendered":"<h2 data-section-id=\"10yyxdi\" data-start=\"126\" data-end=\"183\">Tour de 4 D\u00edas: Marrakech \u2013 Desierto de Merzouga \u2013 Fez<\/h2>\n<p data-start=\"185\" data-end=\"641\">Comenzaremos este recorrido desde <span class=\"hover:entity-accent entity-underline inline cursor-pointer align-baseline\"><span class=\"whitespace-normal\">Marrakech<\/span><\/span> hacia <span class=\"hover:entity-accent entity-underline inline cursor-pointer align-baseline\"><span class=\"whitespace-normal\">Merzouga Desert<\/span><\/span>, atravesando las impresionantes monta\u00f1as del <span class=\"hover:entity-accent entity-underline inline cursor-pointer align-baseline\"><span class=\"whitespace-normal\">High Atlas Mountains<\/span><\/span> y pasando por <span class=\"hover:entity-accent entity-underline inline cursor-pointer align-baseline\"><span class=\"whitespace-normal\">Ouarzazate<\/span><\/span>, conocida como \u201cel Hollywood de \u00c1frica\u201d. Visitaremos el famoso estudio de cine <span class=\"hover:entity-accent entity-underline inline cursor-pointer align-baseline\"><span class=\"whitespace-normal\">Atlas Studios<\/span><\/span>, la Kasbah de Taourirt y continuaremos hacia el Valle de las Rosas y el Valle del Dades.<\/p>\n<p data-start=\"643\" data-end=\"1154\">El recorrido contin\u00faa hacia el desierto, donde disfrutar\u00e1s de un paseo en camello por las dunas de <span class=\"hover:entity-accent entity-underline inline cursor-pointer align-baseline\"><span class=\"whitespace-normal\">Erg Chebbi<\/span><\/span>, pasando una noche inolvidable en campamentos bereberes. Tambi\u00e9n visitar\u00e1s pueblos n\u00f3madas y continuaremos hacia <span class=\"hover:entity-accent entity-underline inline cursor-pointer align-baseline\"><span class=\"whitespace-normal\">Fez<\/span><\/span>, pasando por <span class=\"hover:entity-accent entity-underline inline cursor-pointer align-baseline\"><span class=\"whitespace-normal\">Rissani Market<\/span><\/span>, <span class=\"hover:entity-accent entity-underline inline cursor-pointer align-baseline\"><span class=\"whitespace-normal\">Erfoud<\/span><\/span>, el Valle del Ziz, Midelt, Azrou, el bosque de cedros y <span class=\"hover:entity-accent entity-underline inline cursor-pointer align-baseline\"><span class=\"whitespace-normal\">Ifrane<\/span><\/span>, conocida como la \u201cSuiza de Marruecos\u201d.<\/p>\n<hr data-start=\"1156\" data-end=\"1159\">\n<h2 data-section-id=\"1mo88hp\" data-start=\"1161\" data-end=\"1244\"><span style=\"color: #ff6600;\">\ud83d\udcc5 D\u00eda 1: Marrakech \u2013 Alto Atlas \u2013 Ait Ben Haddou \u2013 Ouarzazate \u2013 Valle del Dades<\/span><\/h2>\n<p data-start=\"1246\" data-end=\"1471\">Salida desde Marrakech hacia el Alto Atlas cruzando el paso <span class=\"hover:entity-accent entity-underline inline cursor-pointer align-baseline\"><span class=\"whitespace-normal\">Tizi n&#8217;Tichka Pass<\/span><\/span> (2.260 m). Visitaremos la famosa <span class=\"hover:entity-accent entity-underline inline cursor-pointer align-baseline\"><span class=\"whitespace-normal\">Ait Ben Haddou<\/span><\/span>, declarada Patrimonio de la Humanidad por la UNESCO.<\/p>\n<p data-start=\"1473\" data-end=\"1597\">Este impresionante ksar ha sido escenario de pel\u00edculas como <em data-start=\"1533\" data-end=\"1544\">Gladiator<\/em>, <em data-start=\"1546\" data-end=\"1557\">The Mummy<\/em> y <em data-start=\"1560\" data-end=\"1568\">Sahara<\/em>. Tiempo libre para almuerzo.<\/p>\n<p data-start=\"1599\" data-end=\"1807\">Continuaci\u00f3n hacia Ouarzazate para visitar <span class=\"hover:entity-accent entity-underline inline cursor-pointer align-baseline\"><span class=\"whitespace-normal\">Atlas Studios<\/span><\/span> y la Kasbah de Taourirt. Despu\u00e9s, seguimos hacia el Valle de las Rosas pasando por el oasis de Skoura, con miles de palmeras.<\/p>\n<p data-start=\"1809\" data-end=\"1850\">Llegada al Valle del Dades y alojamiento.<\/p>\n<hr data-start=\"1852\" data-end=\"1855\">\n<h2 data-section-id=\"1pmjn8y\" data-start=\"1857\" data-end=\"1918\"><span style=\"color: #ff6600;\">\ud83d\udcc5 D\u00eda 2: Valle del Dades \u2013 Gargantas del Todra \u2013 Merzouga<\/span><\/h2>\n<p data-start=\"1920\" data-end=\"2091\">Despu\u00e9s del desayuno, salida hacia las espectaculares <span class=\"hover:entity-accent entity-underline inline cursor-pointer align-baseline\"><span class=\"whitespace-normal\">Todra Gorge<\/span><\/span>, un lugar impresionante con altos acantilados, muy popular entre escaladores.<\/p>\n<p data-start=\"2093\" data-end=\"2223\">Continuaci\u00f3n hacia <span class=\"hover:entity-accent entity-underline inline cursor-pointer align-baseline\"><span class=\"whitespace-normal\">Erfoud<\/span><\/span>, donde visitaremos un taller de f\u00f3siles. Luego seguimos hacia Merzouga.<\/p>\n<p data-start=\"2225\" data-end=\"2354\">Llegada a las dunas de <span class=\"hover:entity-accent entity-underline inline cursor-pointer align-baseline\"><span class=\"whitespace-normal\">Erg Chebbi<\/span><\/span>. Paseo en camello al atardecer hasta el campamento en el desierto.<\/p>\n<p data-start=\"2356\" data-end=\"2417\">Cena y noche en haima tradicional bereber bajo las estrellas.<\/p>\n<hr data-start=\"2419\" data-end=\"2422\">\n<h2 data-section-id=\"mmxh0o\" data-start=\"2424\" data-end=\"2478\">\ud83d\udcc5<span style=\"color: #ff6600;\"> D\u00eda 3: Merzouga \u2013 N\u00f3madas \u2013 Khamlia \u2013 Erg Chebbi<\/span><\/h2>\n<p data-start=\"2480\" data-end=\"2557\">Despertar temprano para disfrutar de un espectacular amanecer en el desierto.<\/p>\n<p data-start=\"2559\" data-end=\"2706\">Regreso en camello para desayunar y comenzar una excursi\u00f3n alrededor de Erg Chebbi. Visitaremos comunidades n\u00f3madas para conocer su estilo de vida.<\/p>\n<p data-start=\"2708\" data-end=\"2799\">Parada en el pueblo de <span class=\"hover:entity-accent entity-underline inline cursor-pointer align-baseline\"><span class=\"whitespace-normal\">Khamlia Village<\/span><\/span>, famoso por su m\u00fasica Gnawa.<\/p>\n<p data-start=\"2801\" data-end=\"2878\">Tiempo libre por la tarde para disfrutar del desierto o ver la puesta de sol.<\/p>\n<p data-start=\"2880\" data-end=\"2920\">Cena y alojamiento en hotel en Merzouga.<\/p>\n<hr data-start=\"2922\" data-end=\"2925\">\n<h2 data-section-id=\"hkavvw\" data-start=\"2927\" data-end=\"3006\">\ud83d\udcc5 <span style=\"color: #ff6600;\">D\u00eda 4: Merzouga \u2013 Rissani \u2013 Valle del Ziz \u2013 Midelt \u2013 Azrou \u2013 Ifrane \u2013 Fez<\/span><\/h2>\n<p data-start=\"3008\" data-end=\"3106\">Salida hacia <span class=\"hover:entity-accent entity-underline inline cursor-pointer align-baseline\"><span class=\"whitespace-normal\">Tafilalet Oasis<\/span><\/span>, uno de los palmerales m\u00e1s grandes del mundo.<\/p>\n<p data-start=\"3108\" data-end=\"3226\">Parada en el Valle del Ziz para disfrutar de vistas panor\u00e1micas. Continuaci\u00f3n hacia Midelt, conocida por sus manzanas.<\/p>\n<p data-start=\"3228\" data-end=\"3306\">Despu\u00e9s, cruzamos Azrou y el bosque de cedros, hogar de los monos de Berber\u00eda.<\/p>\n<p data-start=\"3308\" data-end=\"3460\">Llegada a <span class=\"hover:entity-accent entity-underline inline cursor-pointer align-baseline\"><span class=\"whitespace-normal\">Ifrane<\/span><\/span>, famosa por su arquitectura europea, antes de continuar hacia <span class=\"hover:entity-accent entity-underline inline cursor-pointer align-baseline\"><span class=\"whitespace-normal\">Fez<\/span><\/span>.<\/p>\n<hr data-start=\"3462\" data-end=\"3465\">\n<h2 data-section-id=\"1rsifr5\" data-start=\"3467\" data-end=\"3481\">\u2714\ufe0f <span style=\"color: #ff6600;\">Incluido<\/span><\/h2>\n<ul data-start=\"3483\" data-end=\"3716\">\n<li data-section-id=\"dh02gi\" data-start=\"3483\" data-end=\"3553\">Transporte privado con aire acondicionado (4&#215;4, minibus o autob\u00fas)<\/li>\n<li data-section-id=\"khxukc\" data-start=\"3554\" data-end=\"3584\">Conductor\/gu\u00eda multiling\u00fce<\/li>\n<li data-section-id=\"1xlc6vv\" data-start=\"3585\" data-end=\"3600\">Combustible<\/li>\n<li data-section-id=\"1u7vdsm\" data-start=\"3601\" data-end=\"3626\">1 noche en hotel\/riad<\/li>\n<li data-section-id=\"1xz5kv0\" data-start=\"3627\" data-end=\"3672\">2 noches en el desierto (cena y desayuno)<\/li>\n<li data-section-id=\"1vuo7la\" data-start=\"3673\" data-end=\"3693\">Paseo en camello<\/li>\n<li data-section-id=\"1407770\" data-start=\"3694\" data-end=\"3716\">Sandboard en dunas<\/li>\n<\/ul>\n<hr data-start=\"3718\" data-end=\"3721\">\n<h2 data-section-id=\"ak0hx3\" data-start=\"3723\" data-end=\"3739\">\u274c <span style=\"color: #ff6600;\">No incluido<\/span><\/h2>\n<ul data-start=\"3741\" data-end=\"3830\">\n<li data-section-id=\"u610en\" data-start=\"3741\" data-end=\"3764\">Almuerzos y bebidas<\/li>\n<li data-section-id=\"1u6l1ge\" data-start=\"3765\" data-end=\"3775\">Vuelos<\/li>\n<li data-section-id=\"k8ve4k\" data-start=\"3776\" data-end=\"3801\">Entradas a monumentos<\/li>\n<li data-section-id=\"z1as6\" data-start=\"3802\" data-end=\"3830\">Alojamiento en Marrakech<\/li>\n<\/ul>\n","protected":false},"excerpt":{"rendered":"<p>Tour de 4 D\u00edas: Marrakech \u2013 Desierto de Merzouga \u2013 Fez Comenzaremos este recorrido desde Marrakech hacia Merzouga Desert, atravesando las impresionantes monta\u00f1as del High Atlas Mountains y pasando por Ouarzazate, conocida como \u201cel Hollywood de \u00c1frica\u201d. Visitaremos el famoso estudio de cine Atlas Studios, la Kasbah de Taourirt y continuaremos hacia el Valle de&#8230;<\/p>\n","protected":false},"author":1,"featured_media":0,"parent":0,"menu_order":0,"comment_status":"closed","ping_status":"closed","template":"","meta":{"ngg_post_thumbnail":0,"_kad_post_transparent":"default","_kad_post_title":"default","_kad_post_layout":"default","_kad_post_sidebar_id":"","_kad_post_content_style":"default","_kad_post_vertical_padding":"default","_kad_post_feature":"","_kad_post_feature_position":"","_kad_post_header":false,"_kad_post_footer":false,"footnotes":""},"class_list":["post-10783","page","type-page","status-publish","hentry"],"yoast_head":"<!-- This site is optimized with the Yoast SEO plugin v21.5 - https:\/\/yoast.com\/wordpress\/plugins\/seo\/ -->\n<title>4-dias-desde-el-desierto-del-sahara-de-marrakech-y-fez<\/title>\n<meta name=\"description\" content=\"&quot;visite Marruecos, vacaciones en Marruecos, viajes a Marruecos, viajes a Marruecos, viajes a Marruecos, viajes a Marruecos, viajes a Marruecos desde, gu\u00eda tur\u00edstico de Marruecos, viajes a Marruecos de lujo, compa\u00f1\u00edas de viajes a Marruecos, viajes de aventura a Marruecos&quot;\" \/>\n<meta name=\"robots\" content=\"index, follow, max-snippet:-1, max-image-preview:large, max-video-preview:-1\" \/>\n<link rel=\"canonical\" href=\"https:\/\/discoverysaharatours.com\/es\/4-dias-desde-el-desierto-del-sahara-de-marrakech-y-fez\/\" \/>\n<meta property=\"og:locale\" content=\"en_US\" \/>\n<meta property=\"og:type\" content=\"article\" \/>\n<meta property=\"og:title\" content=\"https:\/\/web.facebook.com\/Discovery.sahara\/\" \/>\n<meta property=\"og:description\" content=\"Discovery Sahara Tours es una agencia local en Marruecos muy especializada en organizar rutas por el desierto, con veh\u00edculos 4\u00d74 que facilitan el acceso a las pistas, a los lugares menos tur\u00edsticos y m\u00e1s aut\u00e9nticos, para disfrutar de la comodidad y el confort de sus ventajas. Con excursiones en dromedarios hasta llegar a los campamentos situados en medio de las dunas y poder disfrutar de una noche bajo las estrellas. Visitar familias bereberes, compartir su estilo de vida y costumbres. Con excursiones a pie hasta llegar al oasis frecuentado por n\u00f3madas.\" \/>\n<meta property=\"og:url\" content=\"https:\/\/discoverysaharatours.com\/es\/4-dias-desde-el-desierto-del-sahara-de-marrakech-y-fez\/\" \/>\n<meta property=\"og:site_name\" content=\"Discovery Sahara Tours\" \/>\n<meta property=\"article:modified_time\" content=\"2026-04-07T22:22:16+00:00\" \/>\n<meta property=\"og:image\" content=\"https:\/\/discoverysaharatours.com\/es\/wp-content\/uploads\/2022\/10\/cropped-logo-Discovery-Sahara-Tours.png\" \/>\n\t<meta property=\"og:image:width\" content=\"512\" \/>\n\t<meta property=\"og:image:height\" content=\"512\" \/>\n\t<meta property=\"og:image:type\" content=\"image\/png\" \/>\n<meta name=\"twitter:card\" content=\"summary_large_image\" \/>\n<meta name=\"twitter:label1\" content=\"Est. reading time\" \/>\n\t<meta name=\"twitter:data1\" content=\"3 minutes\" \/>\n<script type=\"application\/ld+json\" class=\"yoast-schema-graph\">{\"@context\":\"https:\/\/schema.org\",\"@graph\":[{\"@type\":\"WebPage\",\"@id\":\"https:\/\/discoverysaharatours.com\/es\/4-dias-desde-el-desierto-del-sahara-de-marrakech-y-fez\/\",\"url\":\"https:\/\/discoverysaharatours.com\/es\/4-dias-desde-el-desierto-del-sahara-de-marrakech-y-fez\/\",\"name\":\"4-dias-desde-el-desierto-del-sahara-de-marrakech-y-fez\",\"isPartOf\":{\"@id\":\"https:\/\/discoverysaharatours.com\/es\/#website\"},\"datePublished\":\"2018-11-02T16:18:51+00:00\",\"dateModified\":\"2026-04-07T22:22:16+00:00\",\"description\":\"\\\"visite Marruecos, vacaciones en Marruecos, viajes a Marruecos, viajes a Marruecos, viajes a Marruecos, viajes a Marruecos, viajes a Marruecos desde, gu\u00eda tur\u00edstico de Marruecos, viajes a Marruecos de lujo, compa\u00f1\u00edas de viajes a Marruecos, viajes de aventura a Marruecos\\\"\",\"breadcrumb\":{\"@id\":\"https:\/\/discoverysaharatours.com\/es\/4-dias-desde-el-desierto-del-sahara-de-marrakech-y-fez\/#breadcrumb\"},\"inLanguage\":\"en-US\",\"potentialAction\":[{\"@type\":\"ReadAction\",\"target\":[\"https:\/\/discoverysaharatours.com\/es\/4-dias-desde-el-desierto-del-sahara-de-marrakech-y-fez\/\"]}]},{\"@type\":\"BreadcrumbList\",\"@id\":\"https:\/\/discoverysaharatours.com\/es\/4-dias-desde-el-desierto-del-sahara-de-marrakech-y-fez\/#breadcrumb\",\"itemListElement\":[{\"@type\":\"ListItem\",\"position\":1,\"name\":\"Home\",\"item\":\"https:\/\/discoverysaharatours.com\/es\/\"},{\"@type\":\"ListItem\",\"position\":2,\"name\":\"4 d\u00edas desde el desierto del Sahara de Marrakech y Fez\"}]},{\"@type\":\"WebSite\",\"@id\":\"https:\/\/discoverysaharatours.com\/es\/#website\",\"url\":\"https:\/\/discoverysaharatours.com\/es\/\",\"name\":\"Discovery Sahara Tours\",\"description\":\"Morocco Desert Tours \/ Tours &amp; Excursions in Morocco\",\"publisher\":{\"@id\":\"https:\/\/discoverysaharatours.com\/es\/#organization\"},\"potentialAction\":[{\"@type\":\"SearchAction\",\"target\":{\"@type\":\"EntryPoint\",\"urlTemplate\":\"https:\/\/discoverysaharatours.com\/es\/?s={search_term_string}\"},\"query-input\":\"required name=search_term_string\"}],\"inLanguage\":\"en-US\"},{\"@type\":\"Organization\",\"@id\":\"https:\/\/discoverysaharatours.com\/es\/#organization\",\"name\":\"Discovery Sahara Tours\",\"url\":\"https:\/\/discoverysaharatours.com\/es\/\",\"logo\":{\"@type\":\"ImageObject\",\"inLanguage\":\"en-US\",\"@id\":\"https:\/\/discoverysaharatours.com\/es\/#\/schema\/logo\/image\/\",\"url\":\"https:\/\/discoverysaharatours.com\/es\/wp-content\/uploads\/2022\/10\/logo-Discovery-Sahara-Tours.png\",\"contentUrl\":\"https:\/\/discoverysaharatours.com\/es\/wp-content\/uploads\/2022\/10\/logo-Discovery-Sahara-Tours.png\",\"width\":557,\"height\":486,\"caption\":\"Discovery Sahara Tours\"},\"image\":{\"@id\":\"https:\/\/discoverysaharatours.com\/es\/#\/schema\/logo\/image\/\"}}]}<\/script>\n<!-- \/ Yoast SEO plugin. -->","yoast_head_json":{"title":"4-dias-desde-el-desierto-del-sahara-de-marrakech-y-fez","description":"\"visite Marruecos, vacaciones en Marruecos, viajes a Marruecos, viajes a Marruecos, viajes a Marruecos, viajes a Marruecos, viajes a Marruecos desde, gu\u00eda tur\u00edstico de Marruecos, viajes a Marruecos de lujo, compa\u00f1\u00edas de viajes a Marruecos, viajes de aventura a Marruecos\"","robots":{"index":"index","follow":"follow","max-snippet":"max-snippet:-1","max-image-preview":"max-image-preview:large","max-video-preview":"max-video-preview:-1"},"canonical":"https:\/\/discoverysaharatours.com\/es\/4-dias-desde-el-desierto-del-sahara-de-marrakech-y-fez\/","og_locale":"en_US","og_type":"article","og_title":"https:\/\/web.facebook.com\/Discovery.sahara\/","og_description":"Discovery Sahara Tours es una agencia local en Marruecos muy especializada en organizar rutas por el desierto, con veh\u00edculos 4\u00d74 que facilitan el acceso a las pistas, a los lugares menos tur\u00edsticos y m\u00e1s aut\u00e9nticos, para disfrutar de la comodidad y el confort de sus ventajas. Con excursiones en dromedarios hasta llegar a los campamentos situados en medio de las dunas y poder disfrutar de una noche bajo las estrellas. Visitar familias bereberes, compartir su estilo de vida y costumbres. Con excursiones a pie hasta llegar al oasis frecuentado por n\u00f3madas.","og_url":"https:\/\/discoverysaharatours.com\/es\/4-dias-desde-el-desierto-del-sahara-de-marrakech-y-fez\/","og_site_name":"Discovery Sahara Tours","article_modified_time":"2026-04-07T22:22:16+00:00","og_image":[{"width":512,"height":512,"url":"https:\/\/discoverysaharatours.com\/es\/wp-content\/uploads\/2022\/10\/cropped-logo-Discovery-Sahara-Tours.png","type":"image\/png"}],"twitter_card":"summary_large_image","twitter_misc":{"Est. reading time":"3 minutes"},"schema":{"@context":"https:\/\/schema.org","@graph":[{"@type":"WebPage","@id":"https:\/\/discoverysaharatours.com\/es\/4-dias-desde-el-desierto-del-sahara-de-marrakech-y-fez\/","url":"https:\/\/discoverysaharatours.com\/es\/4-dias-desde-el-desierto-del-sahara-de-marrakech-y-fez\/","name":"4-dias-desde-el-desierto-del-sahara-de-marrakech-y-fez","isPartOf":{"@id":"https:\/\/discoverysaharatours.com\/es\/#website"},"datePublished":"2018-11-02T16:18:51+00:00","dateModified":"2026-04-07T22:22:16+00:00","description":"\"visite Marruecos, vacaciones en Marruecos, viajes a Marruecos, viajes a Marruecos, viajes a Marruecos, viajes a Marruecos, viajes a Marruecos desde, gu\u00eda tur\u00edstico de Marruecos, viajes a Marruecos de lujo, compa\u00f1\u00edas de viajes a Marruecos, viajes de aventura a Marruecos\"","breadcrumb":{"@id":"https:\/\/discoverysaharatours.com\/es\/4-dias-desde-el-desierto-del-sahara-de-marrakech-y-fez\/#breadcrumb"},"inLanguage":"en-US","potentialAction":[{"@type":"ReadAction","target":["https:\/\/discoverysaharatours.com\/es\/4-dias-desde-el-desierto-del-sahara-de-marrakech-y-fez\/"]}]},{"@type":"BreadcrumbList","@id":"https:\/\/discoverysaharatours.com\/es\/4-dias-desde-el-desierto-del-sahara-de-marrakech-y-fez\/#breadcrumb","itemListElement":[{"@type":"ListItem","position":1,"name":"Home","item":"https:\/\/discoverysaharatours.com\/es\/"},{"@type":"ListItem","position":2,"name":"4 d\u00edas desde el desierto del Sahara de Marrakech y Fez"}]},{"@type":"WebSite","@id":"https:\/\/discoverysaharatours.com\/es\/#website","url":"https:\/\/discoverysaharatours.com\/es\/","name":"Discovery Sahara Tours","description":"Morocco Desert Tours \/ Tours &amp; Excursions in Morocco","publisher":{"@id":"https:\/\/discoverysaharatours.com\/es\/#organization"},"potentialAction":[{"@type":"SearchAction","target":{"@type":"EntryPoint","urlTemplate":"https:\/\/discoverysaharatours.com\/es\/?s={search_term_string}"},"query-input":"required name=search_term_string"}],"inLanguage":"en-US"},{"@type":"Organization","@id":"https:\/\/discoverysaharatours.com\/es\/#organization","name":"Discovery Sahara Tours","url":"https:\/\/discoverysaharatours.com\/es\/","logo":{"@type":"ImageObject","inLanguage":"en-US","@id":"https:\/\/discoverysaharatours.com\/es\/#\/schema\/logo\/image\/","url":"https:\/\/discoverysaharatours.com\/es\/wp-content\/uploads\/2022\/10\/logo-Discovery-Sahara-Tours.png","contentUrl":"https:\/\/discoverysaharatours.com\/es\/wp-content\/uploads\/2022\/10\/logo-Discovery-Sahara-Tours.png","width":557,"height":486,"caption":"Discovery Sahara Tours"},"image":{"@id":"https:\/\/discoverysaharatours.com\/es\/#\/schema\/logo\/image\/"}}]}},"_links":{"self":[{"href":"https:\/\/discoverysaharatours.com\/es\/wp-json\/wp\/v2\/pages\/10783","targetHints":{"allow":["GET"]}}],"collection":[{"href":"https:\/\/discoverysaharatours.com\/es\/wp-json\/wp\/v2\/pages"}],"about":[{"href":"https:\/\/discoverysaharatours.com\/es\/wp-json\/wp\/v2\/types\/page"}],"author":[{"embeddable":true,"href":"https:\/\/discoverysaharatours.com\/es\/wp-json\/wp\/v2\/users\/1"}],"replies":[{"embeddable":true,"href":"https:\/\/discoverysaharatours.com\/es\/wp-json\/wp\/v2\/comments?post=10783"}],"version-history":[{"count":5,"href":"https:\/\/discoverysaharatours.com\/es\/wp-json\/wp\/v2\/pages\/10783\/revisions"}],"predecessor-version":[{"id":19722,"href":"https:\/\/discoverysaharatours.com\/es\/wp-json\/wp\/v2\/pages\/10783\/revisions\/19722"}],"wp:attachment":[{"href":"https:\/\/discoverysaharatours.com\/es\/wp-json\/wp\/v2\/media?parent=10783"}],"curies":[{"name":"wp","href":"https:\/\/api.w.org\/{rel}","templated":true}]}}