{"id":10786,"date":"2018-11-02T16:19:48","date_gmt":"2018-11-02T16:19:48","guid":{"rendered":"https:\/\/www.discoverysaharatours.com\/?page_id=10786"},"modified":"2026-04-08T19:48:27","modified_gmt":"2026-04-08T19:48:27","slug":"5-dias-desde-marrakech-a-fez","status":"publish","type":"page","link":"https:\/\/discoverysaharatours.com\/es\/5-dias-desde-marrakech-a-fez\/","title":{"rendered":"5 d\u00edas desde Marrakech a Fez"},"content":{"rendered":"<h2 data-section-id=\"1uku26r\" data-start=\"140\" data-end=\"204\">\ud83c\udf0d Tour de 5 d\u00edas: De Marrakech al desierto de Merzouga y Fez<\/h2>\n<p data-start=\"206\" data-end=\"546\">Comenzaremos este recorrido desde Marrakech hacia el desierto de Merzouga, atravesando las impresionantes monta\u00f1as del Alto Atlas y pasando por Ouarzazate, conocida como el \u201cHollywood de \u00c1frica\u201d. Durante el viaje, visitaremos el famoso sitio Patrimonio de la Humanidad por la UNESCO, la Kasbah de Ait Ben Haddou, as\u00ed como los Atlas Studios.<\/p>\n<p data-start=\"548\" data-end=\"793\">Exploraremos tambi\u00e9n el Valle de las Rosas, el Valle del Dades y las gargantas del Todra antes de llegar al desierto. All\u00ed disfrutaremos de un paseo en camello y una noche inolvidable en un campamento bereber en medio de las dunas de Erg Chebbi.<\/p>\n<p data-start=\"795\" data-end=\"968\">El recorrido contin\u00faa hacia Fez, pasando por Rissani, Erfoud, el Valle del Ziz, Midelt, Azrou y el bosque de cedros, adem\u00e1s de Ifrane, conocida como la \u201cSuiza de Marruecos\u201d.<\/p>\n<hr data-start=\"970\" data-end=\"973\">\n<h2 data-section-id=\"zmc4v6\" data-start=\"975\" data-end=\"1002\">\ud83d\uddd3\ufe0f Itinerario detallado<\/h2>\n<h3 data-section-id=\"rybtyl\" data-start=\"1004\" data-end=\"1072\">\ud83d\udccd<span style=\"color: #ff6600;\"> D\u00eda 1: Marrakech \u2013 Alto Atlas \u2013 Ait Ben Haddou \u2013 Ouarzazate<\/span><\/h3>\n<p data-start=\"1073\" data-end=\"1369\">Nos encontraremos en el punto acordado y saldremos hacia el sureste cruzando el Alto Atlas por el paso Tizi n\u2019Tichka (2.260 m).<br data-start=\"1200\" data-end=\"1203\">Visitaremos la famosa Kasbah de Ait Ben Haddou, Patrimonio de la Humanidad por la UNESCO desde 1986, escenario de pel\u00edculas como <em data-start=\"1332\" data-end=\"1343\">Gladiator<\/em>, <em data-start=\"1345\" data-end=\"1352\">Babel<\/em> y <em data-start=\"1355\" data-end=\"1366\">Alexander<\/em>.<\/p>\n<p data-start=\"1371\" data-end=\"1505\">Despu\u00e9s del almuerzo, continuaremos hacia Ouarzazate, donde haremos una parada en los Atlas Studios.<br data-start=\"1471\" data-end=\"1474\"><strong data-start=\"1474\" data-end=\"1505\">Cena y noche en Ouarzazate.<\/strong><\/p>\n<hr data-start=\"1507\" data-end=\"1510\">\n<h3 data-section-id=\"11954z9\" data-start=\"1512\" data-end=\"1586\">\ud83d\udccd<span style=\"color: #ff6600;\"> D\u00eda 2: Ouarzazate \u2013 Skoura \u2013 Valle de las Rosas \u2013 Valle del Dades<\/span><\/h3>\n<p data-start=\"1587\" data-end=\"1715\">Despu\u00e9s del desayuno, saldremos hacia el Valle del Dades pasando por Skoura, donde visitaremos la Kasbah Amridil (siglo XVII).<\/p>\n<p data-start=\"1717\" data-end=\"1903\">Continuaremos hacia Kelaat M\u2019Gouna, conocida como la capital de las rosas. En el camino, visitaremos familias n\u00f3madas que viven en cuevas y disfrutaremos de un t\u00e9 de menta tradicional.<\/p>\n<p data-start=\"1905\" data-end=\"1967\">Llegada al Valle del Dades.<br data-start=\"1932\" data-end=\"1935\"><strong data-start=\"1935\" data-end=\"1967\">Cena y alojamiento en hotel.<\/strong><\/p>\n<hr data-start=\"1969\" data-end=\"1972\">\n<h3 data-section-id=\"1lqre04\" data-start=\"1974\" data-end=\"2047\">\ud83d\udccd <span style=\"color: #ff6600;\">D\u00eda 3: Valle del Dades \u2013 Gargantas del Todra \u2013 Erfoud \u2013 Merzouga<\/span><\/h3>\n<p data-start=\"2048\" data-end=\"2183\">Despu\u00e9s del desayuno, nos dirigiremos hacia las impresionantes Gargantas del Todra, con paradas para disfrutar de vistas panor\u00e1micas.<\/p>\n<p data-start=\"2185\" data-end=\"2341\">Tras el almuerzo, continuaremos hacia Erfoud y Rissani, antes de llegar al desierto de Merzouga y las dunas de Erg Chebbi.<br data-start=\"2307\" data-end=\"2310\"><strong data-start=\"2310\" data-end=\"2341\">Noche en hotel en Merzouga.<\/strong><\/p>\n<hr data-start=\"2343\" data-end=\"2346\">\n<h3 data-section-id=\"1yniffh\" data-start=\"2348\" data-end=\"2400\">\ud83d\udccd <span style=\"color: #ff6600;\">D\u00eda 4: Exploraci\u00f3n del desierto de Merzouga<\/span><\/h3>\n<p data-start=\"2401\" data-end=\"2507\">Exploraremos la regi\u00f3n des\u00e9rtica visitando el pueblo de Khamlia, famoso por su m\u00fasica tradicional gnawa.<\/p>\n<p data-start=\"2509\" data-end=\"2680\">Visitaremos una familia n\u00f3mada para conocer su estilo de vida y disfrutar de un t\u00e9 de menta. Tambi\u00e9n haremos una parada para almorzar en un entorno natural del desierto.<\/p>\n<p data-start=\"2682\" data-end=\"2870\">Por la tarde, paseo en camello hacia el campamento en las dunas, donde disfrutaremos de una espectacular puesta de sol.<br data-start=\"2801\" data-end=\"2804\"><strong data-start=\"2804\" data-end=\"2870\">Cena, m\u00fasica bereber y noche en campamento bajo las estrellas.<\/strong><\/p>\n<hr data-start=\"2872\" data-end=\"2875\">\n<h3 data-section-id=\"16akdc8\" data-start=\"2877\" data-end=\"2949\">\ud83d\udccd<span style=\"color: #ff6600;\"> D\u00eda 5: Merzouga \u2013 Valle del Ziz \u2013 Midelt \u2013 Azrou \u2013 Ifrane \u2013 Fez<\/span><\/h3>\n<p data-start=\"2950\" data-end=\"3073\">Temprano por la ma\u00f1ana, disfrutaremos del amanecer en las dunas. Luego regresaremos en camello al hotel para el desayuno.<\/p>\n<p data-start=\"3075\" data-end=\"3301\">Salida hacia Fez pasando por Erfoud, el Valle del Ziz y Midelt.<br data-start=\"3138\" data-end=\"3141\">Por la tarde, cruzaremos el bosque de cedros de Azrou, donde podremos ver monos salvajes, y continuaremos hacia Ifrane, conocida como la \u201cSuiza de Marruecos\u201d.<\/p>\n<p data-start=\"3303\" data-end=\"3345\">Llegada a Fez y traslado a su alojamiento.<\/p>\n<hr data-start=\"3347\" data-end=\"3350\">\n<h2 data-section-id=\"1ms2u5o\" data-start=\"3352\" data-end=\"3368\">\u2705 <span style=\"color: #ff6600;\">Qu\u00e9 incluye<\/span><\/h2>\n<ul data-start=\"3370\" data-end=\"3624\">\n<li data-section-id=\"16m17mi\" data-start=\"3370\" data-end=\"3441\">Transporte privado (4&#215;4, minib\u00fas o veh\u00edculo con aire acondicionado)<\/li>\n<li data-section-id=\"khxukc\" data-start=\"3442\" data-end=\"3472\">Conductor\/gu\u00eda multiling\u00fce<\/li>\n<li data-section-id=\"1xlc6vv\" data-start=\"3473\" data-end=\"3488\">Combustible<\/li>\n<li data-section-id=\"123ly9z\" data-start=\"3489\" data-end=\"3517\">3 noches en hotel o riad<\/li>\n<li data-section-id=\"hsy8p0\" data-start=\"3518\" data-end=\"3576\">1 noche en campamento en el desierto (cena y desayuno)<\/li>\n<li data-section-id=\"1vuo7la\" data-start=\"3577\" data-end=\"3597\">Paseo en camello<\/li>\n<li data-section-id=\"kwtxci\" data-start=\"3598\" data-end=\"3624\">Sandboard en las dunas<\/li>\n<\/ul>\n<hr data-start=\"3626\" data-end=\"3629\">\n<h2 data-section-id=\"19iroax\" data-start=\"3631\" data-end=\"3646\">\u274c <span style=\"color: #ff6600;\">No incluye<\/span><\/h2>\n<ul data-start=\"3648\" data-end=\"3737\">\n<li data-section-id=\"cra5n3\" data-start=\"3648\" data-end=\"3671\">Bebidas y almuerzos<\/li>\n<li data-section-id=\"1u6l1ge\" data-start=\"3672\" data-end=\"3682\">Vuelos<\/li>\n<li data-section-id=\"k8ve4k\" data-start=\"3683\" data-end=\"3708\">Entradas a monumentos<\/li>\n<li data-section-id=\"z1as6\" data-start=\"3709\" data-end=\"3737\">Alojamiento en Marrakech<\/li>\n<\/ul>\n<hr data-start=\"3739\" data-end=\"3742\">\n<p data-start=\"3744\" data-end=\"3868\">\u2728 <strong data-start=\"3746\" data-end=\"3755\">Nota:<\/strong><br data-start=\"3755\" data-end=\"3758\">Si desea personalizar este tour, no dude en contactarnos. Estaremos encantados de adaptarlo a sus necesidades.<\/p>\n","protected":false},"excerpt":{"rendered":"<p>\ud83c\udf0d Tour de 5 d\u00edas: De Marrakech al desierto de Merzouga y Fez Comenzaremos este recorrido desde Marrakech hacia el desierto de Merzouga, atravesando las impresionantes monta\u00f1as del Alto Atlas y pasando por Ouarzazate, conocida como el \u201cHollywood de \u00c1frica\u201d. Durante el viaje, visitaremos el famoso sitio Patrimonio de la Humanidad por la UNESCO, la&#8230;<\/p>\n","protected":false},"author":1,"featured_media":0,"parent":0,"menu_order":0,"comment_status":"closed","ping_status":"closed","template":"","meta":{"ngg_post_thumbnail":0,"_kad_post_transparent":"default","_kad_post_title":"default","_kad_post_layout":"default","_kad_post_sidebar_id":"","_kad_post_content_style":"default","_kad_post_vertical_padding":"default","_kad_post_feature":"","_kad_post_feature_position":"","_kad_post_header":false,"_kad_post_footer":false,"footnotes":""},"class_list":["post-10786","page","type-page","status-publish","hentry"],"yoast_head":"<!-- This site is optimized with the Yoast SEO plugin v21.5 - https:\/\/yoast.com\/wordpress\/plugins\/seo\/ -->\n<title>5-dias-desde-marrakech-a-fez<\/title>\n<meta name=\"description\" content=\"&quot;Marruecos vacaciones, Marruecos consejos de viaje, Marruecos viajes privados, vacaciones a Marruecos, Marruecos viaje, mejor \u00e9poca para visitar Marruecos, vacaciones Marruecos, viajes en Marruecos, Marruecos tours del desierto, Marruecos turismo,&quot;\" \/>\n<meta name=\"robots\" content=\"index, follow, max-snippet:-1, max-image-preview:large, max-video-preview:-1\" \/>\n<link rel=\"canonical\" href=\"https:\/\/discoverysaharatours.com\/es\/5-dias-desde-marrakech-a-fez\/\" \/>\n<meta property=\"og:locale\" content=\"en_US\" \/>\n<meta property=\"og:type\" content=\"article\" \/>\n<meta property=\"og:title\" content=\"https:\/\/web.facebook.com\/Discovery.sahara\/\" \/>\n<meta property=\"og:description\" content=\"Discovery Sahara Tours es una agencia local en Marruecos muy especializada en organizar rutas por el desierto, con veh\u00edculos 4\u00d74 que facilitan el acceso a las pistas, a los lugares menos tur\u00edsticos y m\u00e1s aut\u00e9nticos, para disfrutar de la comodidad y el confort de sus ventajas. Con excursiones en dromedarios hasta llegar a los campamentos situados en medio de las dunas y poder disfrutar de una noche bajo las estrellas. Visitar familias bereberes, compartir su estilo de vida y costumbres. Con excursiones a pie hasta llegar al oasis frecuentado por n\u00f3madas.\" \/>\n<meta property=\"og:url\" content=\"https:\/\/discoverysaharatours.com\/es\/5-dias-desde-marrakech-a-fez\/\" \/>\n<meta property=\"og:site_name\" content=\"Discovery Sahara Tours\" \/>\n<meta property=\"article:modified_time\" content=\"2026-04-08T19:48:27+00:00\" \/>\n<meta property=\"og:image\" content=\"https:\/\/discoverysaharatours.com\/es\/wp-content\/uploads\/2022\/10\/cropped-logo-Discovery-Sahara-Tours.png\" \/>\n\t<meta property=\"og:image:width\" content=\"512\" \/>\n\t<meta property=\"og:image:height\" content=\"512\" \/>\n\t<meta property=\"og:image:type\" content=\"image\/png\" \/>\n<meta name=\"twitter:card\" content=\"summary_large_image\" \/>\n<meta name=\"twitter:label1\" content=\"Est. reading time\" \/>\n\t<meta name=\"twitter:data1\" content=\"3 minutes\" \/>\n<script type=\"application\/ld+json\" class=\"yoast-schema-graph\">{\"@context\":\"https:\/\/schema.org\",\"@graph\":[{\"@type\":\"WebPage\",\"@id\":\"https:\/\/discoverysaharatours.com\/es\/5-dias-desde-marrakech-a-fez\/\",\"url\":\"https:\/\/discoverysaharatours.com\/es\/5-dias-desde-marrakech-a-fez\/\",\"name\":\"5-dias-desde-marrakech-a-fez\",\"isPartOf\":{\"@id\":\"https:\/\/discoverysaharatours.com\/es\/#website\"},\"datePublished\":\"2018-11-02T16:19:48+00:00\",\"dateModified\":\"2026-04-08T19:48:27+00:00\",\"description\":\"\\\"Marruecos vacaciones, Marruecos consejos de viaje, Marruecos viajes privados, vacaciones a Marruecos, Marruecos viaje, mejor \u00e9poca para visitar Marruecos, vacaciones Marruecos, viajes en Marruecos, Marruecos tours del desierto, Marruecos turismo,\\\"\",\"breadcrumb\":{\"@id\":\"https:\/\/discoverysaharatours.com\/es\/5-dias-desde-marrakech-a-fez\/#breadcrumb\"},\"inLanguage\":\"en-US\",\"potentialAction\":[{\"@type\":\"ReadAction\",\"target\":[\"https:\/\/discoverysaharatours.com\/es\/5-dias-desde-marrakech-a-fez\/\"]}]},{\"@type\":\"BreadcrumbList\",\"@id\":\"https:\/\/discoverysaharatours.com\/es\/5-dias-desde-marrakech-a-fez\/#breadcrumb\",\"itemListElement\":[{\"@type\":\"ListItem\",\"position\":1,\"name\":\"Home\",\"item\":\"https:\/\/discoverysaharatours.com\/es\/\"},{\"@type\":\"ListItem\",\"position\":2,\"name\":\"5 d\u00edas desde Marrakech a Fez\"}]},{\"@type\":\"WebSite\",\"@id\":\"https:\/\/discoverysaharatours.com\/es\/#website\",\"url\":\"https:\/\/discoverysaharatours.com\/es\/\",\"name\":\"Discovery Sahara Tours\",\"description\":\"Morocco Desert Tours \/ Tours &amp; Excursions in Morocco\",\"publisher\":{\"@id\":\"https:\/\/discoverysaharatours.com\/es\/#organization\"},\"potentialAction\":[{\"@type\":\"SearchAction\",\"target\":{\"@type\":\"EntryPoint\",\"urlTemplate\":\"https:\/\/discoverysaharatours.com\/es\/?s={search_term_string}\"},\"query-input\":\"required name=search_term_string\"}],\"inLanguage\":\"en-US\"},{\"@type\":\"Organization\",\"@id\":\"https:\/\/discoverysaharatours.com\/es\/#organization\",\"name\":\"Discovery Sahara Tours\",\"url\":\"https:\/\/discoverysaharatours.com\/es\/\",\"logo\":{\"@type\":\"ImageObject\",\"inLanguage\":\"en-US\",\"@id\":\"https:\/\/discoverysaharatours.com\/es\/#\/schema\/logo\/image\/\",\"url\":\"https:\/\/discoverysaharatours.com\/es\/wp-content\/uploads\/2022\/10\/logo-Discovery-Sahara-Tours.png\",\"contentUrl\":\"https:\/\/discoverysaharatours.com\/es\/wp-content\/uploads\/2022\/10\/logo-Discovery-Sahara-Tours.png\",\"width\":557,\"height\":486,\"caption\":\"Discovery Sahara Tours\"},\"image\":{\"@id\":\"https:\/\/discoverysaharatours.com\/es\/#\/schema\/logo\/image\/\"}}]}<\/script>\n<!-- \/ Yoast SEO plugin. -->","yoast_head_json":{"title":"5-dias-desde-marrakech-a-fez","description":"\"Marruecos vacaciones, Marruecos consejos de viaje, Marruecos viajes privados, vacaciones a Marruecos, Marruecos viaje, mejor \u00e9poca para visitar Marruecos, vacaciones Marruecos, viajes en Marruecos, Marruecos tours del desierto, Marruecos turismo,\"","robots":{"index":"index","follow":"follow","max-snippet":"max-snippet:-1","max-image-preview":"max-image-preview:large","max-video-preview":"max-video-preview:-1"},"canonical":"https:\/\/discoverysaharatours.com\/es\/5-dias-desde-marrakech-a-fez\/","og_locale":"en_US","og_type":"article","og_title":"https:\/\/web.facebook.com\/Discovery.sahara\/","og_description":"Discovery Sahara Tours es una agencia local en Marruecos muy especializada en organizar rutas por el desierto, con veh\u00edculos 4\u00d74 que facilitan el acceso a las pistas, a los lugares menos tur\u00edsticos y m\u00e1s aut\u00e9nticos, para disfrutar de la comodidad y el confort de sus ventajas. Con excursiones en dromedarios hasta llegar a los campamentos situados en medio de las dunas y poder disfrutar de una noche bajo las estrellas. Visitar familias bereberes, compartir su estilo de vida y costumbres. Con excursiones a pie hasta llegar al oasis frecuentado por n\u00f3madas.","og_url":"https:\/\/discoverysaharatours.com\/es\/5-dias-desde-marrakech-a-fez\/","og_site_name":"Discovery Sahara Tours","article_modified_time":"2026-04-08T19:48:27+00:00","og_image":[{"width":512,"height":512,"url":"https:\/\/discoverysaharatours.com\/es\/wp-content\/uploads\/2022\/10\/cropped-logo-Discovery-Sahara-Tours.png","type":"image\/png"}],"twitter_card":"summary_large_image","twitter_misc":{"Est. reading time":"3 minutes"},"schema":{"@context":"https:\/\/schema.org","@graph":[{"@type":"WebPage","@id":"https:\/\/discoverysaharatours.com\/es\/5-dias-desde-marrakech-a-fez\/","url":"https:\/\/discoverysaharatours.com\/es\/5-dias-desde-marrakech-a-fez\/","name":"5-dias-desde-marrakech-a-fez","isPartOf":{"@id":"https:\/\/discoverysaharatours.com\/es\/#website"},"datePublished":"2018-11-02T16:19:48+00:00","dateModified":"2026-04-08T19:48:27+00:00","description":"\"Marruecos vacaciones, Marruecos consejos de viaje, Marruecos viajes privados, vacaciones a Marruecos, Marruecos viaje, mejor \u00e9poca para visitar Marruecos, vacaciones Marruecos, viajes en Marruecos, Marruecos tours del desierto, Marruecos turismo,\"","breadcrumb":{"@id":"https:\/\/discoverysaharatours.com\/es\/5-dias-desde-marrakech-a-fez\/#breadcrumb"},"inLanguage":"en-US","potentialAction":[{"@type":"ReadAction","target":["https:\/\/discoverysaharatours.com\/es\/5-dias-desde-marrakech-a-fez\/"]}]},{"@type":"BreadcrumbList","@id":"https:\/\/discoverysaharatours.com\/es\/5-dias-desde-marrakech-a-fez\/#breadcrumb","itemListElement":[{"@type":"ListItem","position":1,"name":"Home","item":"https:\/\/discoverysaharatours.com\/es\/"},{"@type":"ListItem","position":2,"name":"5 d\u00edas desde Marrakech a Fez"}]},{"@type":"WebSite","@id":"https:\/\/discoverysaharatours.com\/es\/#website","url":"https:\/\/discoverysaharatours.com\/es\/","name":"Discovery Sahara Tours","description":"Morocco Desert Tours \/ Tours &amp; Excursions in Morocco","publisher":{"@id":"https:\/\/discoverysaharatours.com\/es\/#organization"},"potentialAction":[{"@type":"SearchAction","target":{"@type":"EntryPoint","urlTemplate":"https:\/\/discoverysaharatours.com\/es\/?s={search_term_string}"},"query-input":"required name=search_term_string"}],"inLanguage":"en-US"},{"@type":"Organization","@id":"https:\/\/discoverysaharatours.com\/es\/#organization","name":"Discovery Sahara Tours","url":"https:\/\/discoverysaharatours.com\/es\/","logo":{"@type":"ImageObject","inLanguage":"en-US","@id":"https:\/\/discoverysaharatours.com\/es\/#\/schema\/logo\/image\/","url":"https:\/\/discoverysaharatours.com\/es\/wp-content\/uploads\/2022\/10\/logo-Discovery-Sahara-Tours.png","contentUrl":"https:\/\/discoverysaharatours.com\/es\/wp-content\/uploads\/2022\/10\/logo-Discovery-Sahara-Tours.png","width":557,"height":486,"caption":"Discovery Sahara Tours"},"image":{"@id":"https:\/\/discoverysaharatours.com\/es\/#\/schema\/logo\/image\/"}}]}},"_links":{"self":[{"href":"https:\/\/discoverysaharatours.com\/es\/wp-json\/wp\/v2\/pages\/10786","targetHints":{"allow":["GET"]}}],"collection":[{"href":"https:\/\/discoverysaharatours.com\/es\/wp-json\/wp\/v2\/pages"}],"about":[{"href":"https:\/\/discoverysaharatours.com\/es\/wp-json\/wp\/v2\/types\/page"}],"author":[{"embeddable":true,"href":"https:\/\/discoverysaharatours.com\/es\/wp-json\/wp\/v2\/users\/1"}],"replies":[{"embeddable":true,"href":"https:\/\/discoverysaharatours.com\/es\/wp-json\/wp\/v2\/comments?post=10786"}],"version-history":[{"count":4,"href":"https:\/\/discoverysaharatours.com\/es\/wp-json\/wp\/v2\/pages\/10786\/revisions"}],"predecessor-version":[{"id":19732,"href":"https:\/\/discoverysaharatours.com\/es\/wp-json\/wp\/v2\/pages\/10786\/revisions\/19732"}],"wp:attachment":[{"href":"https:\/\/discoverysaharatours.com\/es\/wp-json\/wp\/v2\/media?parent=10786"}],"curies":[{"name":"wp","href":"https:\/\/api.w.org\/{rel}","templated":true}]}}