{"id":10788,"date":"2018-11-02T16:20:20","date_gmt":"2018-11-02T16:20:20","guid":{"rendered":"https:\/\/www.discoverysaharatours.com\/?page_id=10788"},"modified":"2026-04-08T18:14:10","modified_gmt":"2026-04-08T18:14:10","slug":"5-dias-de-marrakech-al-desierto-de-marrakech","status":"publish","type":"page","link":"https:\/\/discoverysaharatours.com\/es\/5-dias-de-marrakech-al-desierto-de-marrakech\/","title":{"rendered":"5 d\u00edas de Marrakech al desierto de Marrakech"},"content":{"rendered":"<h1 data-section-id=\"upf52w\" data-start=\"97\" data-end=\"164\"><span role=\"text\"><strong data-start=\"99\" data-end=\"164\">Tour de 5 d\u00edas: Marrakech \u2013 Merzouga \u2013 Ouarzazate \u2013 Marrakech<\/strong><\/span><\/h1>\n<h2 data-section-id=\"1a9fl1t\" data-start=\"166\" data-end=\"252\"><span style=\"color: #ff6600;\" role=\"text\"><strong data-start=\"169\" data-end=\"252\">D\u00eda 1: Marrakech \u2013 Tizi N\u2019Tichka \u2013 Ait Ben Haddou \u2013 Ouarzazate \u2013 Valle de Dades<\/strong><\/span><\/h2>\n<p data-start=\"254\" data-end=\"476\">Salida desde <span class=\"hover:entity-accent entity-underline inline cursor-pointer align-baseline\"><span class=\"whitespace-normal\">Marrakech<\/span><\/span> hacia el sur atravesando las impresionantes monta\u00f1as del <span class=\"hover:entity-accent entity-underline inline cursor-pointer align-baseline\"><span class=\"whitespace-normal\">Alto Atlas<\/span><\/span>, cruzando el famoso paso de <span class=\"hover:entity-accent entity-underline inline cursor-pointer align-baseline\"><span class=\"whitespace-normal\">Tizi N\u2019Tichka<\/span><\/span> (2.260 m).<\/p>\n<p data-start=\"478\" data-end=\"498\">Durante el trayecto:<\/p>\n<ul data-start=\"499\" data-end=\"618\">\n<li data-section-id=\"muu1p0\" data-start=\"499\" data-end=\"580\">Parada en una cooperativa de aceite de arg\u00e1n para descubrir productos locales<\/li>\n<li data-section-id=\"w2e8nf\" data-start=\"581\" data-end=\"618\">Almuerzo en un restaurante t\u00edpico<\/li>\n<\/ul>\n<p data-start=\"620\" data-end=\"701\">Visita al sitio Patrimonio Mundial de la <span class=\"hover:entity-accent entity-underline inline cursor-pointer align-baseline\"><span class=\"whitespace-normal\">UNESCO<\/span><\/span>:<\/p>\n<ul data-start=\"702\" data-end=\"793\">\n<li data-section-id=\"h32ut8\" data-start=\"702\" data-end=\"793\"><span class=\"hover:entity-accent entity-underline inline cursor-pointer align-baseline\"><span class=\"whitespace-normal\">Ait Ben Haddou<\/span><\/span>, famosa kasbah y escenario de numerosas pel\u00edculas<\/li>\n<\/ul>\n<p data-start=\"795\" data-end=\"814\">Continuaci\u00f3n hacia:<\/p>\n<ul data-start=\"815\" data-end=\"898\">\n<li data-section-id=\"hjs5dh\" data-start=\"815\" data-end=\"856\"><span class=\"hover:entity-accent entity-underline inline cursor-pointer align-baseline\"><span class=\"whitespace-normal\">Ouarzazate<\/span><\/span><\/li>\n<li data-section-id=\"pzvh1x\" data-start=\"857\" data-end=\"898\"><span class=\"hover:entity-accent entity-underline inline cursor-pointer align-baseline\"><span class=\"whitespace-normal\">Valle de Dades<\/span><\/span><\/li>\n<\/ul>\n<p data-start=\"900\" data-end=\"941\">Cena y noche en hotel o riad tradicional.<\/p>\n<hr data-start=\"943\" data-end=\"946\">\n<h2 data-section-id=\"rqvrd7\" data-start=\"948\" data-end=\"1029\"><span style=\"color: #ff6600;\" role=\"text\"><strong data-start=\"951\" data-end=\"1029\">D\u00eda 2: Valle de Dades \u2013 Gargantas del Todra \u2013 Tineghir \u2013 Erfoud \u2013 Merzouga<\/strong><\/span><\/h2>\n<p data-start=\"1031\" data-end=\"1052\">Desayuno en el hotel.<\/p>\n<p data-start=\"1054\" data-end=\"1108\">Exploraci\u00f3n del <span class=\"hover:entity-accent entity-underline inline cursor-pointer align-baseline\"><span class=\"whitespace-normal\">Valle de Dades<\/span><\/span>:<\/p>\n<ul data-start=\"1109\" data-end=\"1177\">\n<li data-section-id=\"1gvfyg8\" data-start=\"1109\" data-end=\"1148\">Formaciones rocosas \u201cDedos de mono\u201d<\/li>\n<li data-section-id=\"c6dcds\" data-start=\"1149\" data-end=\"1177\">Kasbah Ait Yul (siglo XIX)<\/li>\n<\/ul>\n<p data-start=\"1179\" data-end=\"1190\">Ruta hacia:<\/p>\n<ul data-start=\"1191\" data-end=\"1316\">\n<li data-section-id=\"1upsd79\" data-start=\"1191\" data-end=\"1232\"><span class=\"hover:entity-accent entity-underline inline cursor-pointer align-baseline\"><span class=\"whitespace-normal\">Tineghir<\/span><\/span><\/li>\n<li data-section-id=\"6ps72t\" data-start=\"1233\" data-end=\"1316\"><span class=\"hover:entity-accent entity-underline inline cursor-pointer align-baseline\"><span class=\"whitespace-normal\">Gargantas del Todra<\/span><\/span> (caminata entre acantilados de hasta 300 m)<\/li>\n<\/ul>\n<p data-start=\"1318\" data-end=\"1359\">Almuerzo en Touroug y continuaci\u00f3n hacia:<\/p>\n<ul data-start=\"1360\" data-end=\"1447\">\n<li data-section-id=\"x79p85\" data-start=\"1360\" data-end=\"1403\"><span class=\"hover:entity-accent entity-underline inline cursor-pointer align-baseline\"><span class=\"whitespace-normal\">Erfoud<\/span><\/span><\/li>\n<li data-section-id=\"bgd20l\" data-start=\"1404\" data-end=\"1447\"><span class=\"hover:entity-accent entity-underline inline cursor-pointer align-baseline\"><span class=\"whitespace-normal\">Rissani<\/span><\/span><\/li>\n<\/ul>\n<p data-start=\"1449\" data-end=\"1545\">Llegada a <span class=\"hover:entity-accent entity-underline inline cursor-pointer align-baseline\"><span class=\"whitespace-normal\">Merzouga<\/span><\/span>.<br data-start=\"1499\" data-end=\"1502\">Recepci\u00f3n con t\u00e9 de menta y noche en hotel.<\/p>\n<hr data-start=\"1547\" data-end=\"1550\">\n<h2 data-section-id=\"1asxnd3\" data-start=\"1552\" data-end=\"1614\"><span style=\"color: #ff6600;\" role=\"text\"><strong data-start=\"1555\" data-end=\"1614\">D\u00eda 3: Merzouga \u2013 Cultura bereber \u2013 Desierto del Sahara<\/strong><\/span><\/h2>\n<p data-start=\"1616\" data-end=\"1637\">Desayuno en el hotel.<\/p>\n<p data-start=\"1639\" data-end=\"1710\">Descubrimiento de la regi\u00f3n de <span class=\"hover:entity-accent entity-underline inline cursor-pointer align-baseline\"><span class=\"whitespace-normal\">Merzouga<\/span><\/span>:<\/p>\n<ul data-start=\"1711\" data-end=\"1842\">\n<li data-section-id=\"cgsbrf\" data-start=\"1711\" data-end=\"1771\">Visita a aldeas bereberes (incluyendo comunidades gnawa)<\/li>\n<li data-section-id=\"nbjr8n\" data-start=\"1772\" data-end=\"1842\">Exploraci\u00f3n del lago de Merzouga (posible avistamiento de flamencos)<\/li>\n<\/ul>\n<p data-start=\"1844\" data-end=\"1857\">Por la tarde:<\/p>\n<ul data-start=\"1858\" data-end=\"1964\">\n<li data-section-id=\"n8kwgz\" data-start=\"1858\" data-end=\"1937\">Paseo en camello hacia las dunas de <span class=\"hover:entity-accent entity-underline inline cursor-pointer align-baseline\"><span class=\"whitespace-normal\">Erg Chebbi<\/span><\/span><\/li>\n<li data-section-id=\"kwtxci\" data-start=\"1938\" data-end=\"1964\">Sandboard en las dunas<\/li>\n<\/ul>\n<p data-start=\"1966\" data-end=\"2006\">Llegada al campamento en pleno desierto:<\/p>\n<ul data-start=\"2007\" data-end=\"2091\">\n<li data-section-id=\"1x41uz1\" data-start=\"2007\" data-end=\"2027\">Cena tradicional<\/li>\n<li data-section-id=\"3z9dky\" data-start=\"2028\" data-end=\"2046\">M\u00fasica bereber<\/li>\n<li data-section-id=\"huwhxl\" data-start=\"2047\" data-end=\"2091\">Noche bajo las estrellas en jaima n\u00f3mada<\/li>\n<\/ul>\n<hr data-start=\"2093\" data-end=\"2096\">\n<h2 data-section-id=\"unmclc\" data-start=\"2098\" data-end=\"2160\"><span style=\"color: #ff6600;\" role=\"text\"><strong data-start=\"2101\" data-end=\"2160\">D\u00eda 4: Merzouga \u2013 Rissani \u2013 Valle del Draa \u2013 Ouarzazate<\/strong><\/span><\/h2>\n<p data-start=\"2162\" data-end=\"2192\">Desayuno y regreso en camello.<\/p>\n<p data-start=\"2194\" data-end=\"2205\">Ruta hacia:<\/p>\n<ul data-start=\"2206\" data-end=\"2381\">\n<li data-section-id=\"1tbdkl1\" data-start=\"2206\" data-end=\"2249\"><span class=\"hover:entity-accent entity-underline inline cursor-pointer align-baseline\"><span class=\"whitespace-normal\">Rissani<\/span><\/span><\/li>\n<li data-section-id=\"1gyxoqd\" data-start=\"2250\" data-end=\"2293\"><span class=\"hover:entity-accent entity-underline inline cursor-pointer align-baseline\"><span class=\"whitespace-normal\">Alnif<\/span><\/span><\/li>\n<li data-section-id=\"v811it\" data-start=\"2294\" data-end=\"2337\"><span class=\"hover:entity-accent entity-underline inline cursor-pointer align-baseline\"><span class=\"whitespace-normal\">N\u2019kob<\/span><\/span><\/li>\n<li data-section-id=\"itrg1h\" data-start=\"2338\" data-end=\"2381\"><span class=\"hover:entity-accent entity-underline inline cursor-pointer align-baseline\"><span class=\"whitespace-normal\">Agdez<\/span><\/span><\/li>\n<\/ul>\n<p data-start=\"2383\" data-end=\"2393\">Parada en:<\/p>\n<ul data-start=\"2394\" data-end=\"2481\">\n<li data-section-id=\"1w3yut1\" data-start=\"2394\" data-end=\"2437\"><span class=\"hover:entity-accent entity-underline inline cursor-pointer align-baseline\"><span class=\"whitespace-normal\">Kasbah Tamnougalt<\/span><\/span><\/li>\n<li data-section-id=\"1or3w39\" data-start=\"2438\" data-end=\"2481\"><span class=\"hover:entity-accent entity-underline inline cursor-pointer align-baseline\"><span class=\"whitespace-normal\">Valle del Draa<\/span><\/span><\/li>\n<\/ul>\n<p data-start=\"2483\" data-end=\"2558\">Llegada a <span class=\"hover:entity-accent entity-underline inline cursor-pointer align-baseline\"><span class=\"whitespace-normal\">Ouarzazate<\/span><\/span>.<br data-start=\"2533\" data-end=\"2536\">Noche en hotel o riad.<\/p>\n<hr data-start=\"2560\" data-end=\"2563\">\n<h2 data-section-id=\"jwwd8v\" data-start=\"2565\" data-end=\"2614\"><span style=\"color: #ff6600;\" role=\"text\"><strong data-start=\"2568\" data-end=\"2614\">D\u00eda 5: Ouarzazate \u2013 Alto Atlas \u2013 Marrakech<\/strong><\/span><\/h2>\n<p data-start=\"2616\" data-end=\"2625\">Opcional:<\/p>\n<ul data-start=\"2626\" data-end=\"2678\">\n<li data-section-id=\"1rzsqv8\" data-start=\"2626\" data-end=\"2678\">Visita a <span class=\"hover:entity-accent entity-underline inline cursor-pointer align-baseline\"><span class=\"whitespace-normal\">Atlas Studios<\/span><\/span><\/li>\n<\/ul>\n<p data-start=\"2680\" data-end=\"2843\">Regreso a <span class=\"hover:entity-accent entity-underline inline cursor-pointer align-baseline\"><span class=\"whitespace-normal\">Marrakech<\/span><\/span> cruzando nuevamente el <span class=\"hover:entity-accent entity-underline inline cursor-pointer align-baseline\"><span class=\"whitespace-normal\">Alto Atlas<\/span><\/span> y el paso <span class=\"hover:entity-accent entity-underline inline cursor-pointer align-baseline\"><span class=\"whitespace-normal\">Tizi N\u2019Tichka<\/span><\/span>.<\/p>\n<p data-start=\"2845\" data-end=\"2866\">Llegada por la tarde.<\/p>\n<hr data-start=\"2868\" data-end=\"2871\">\n<h1 data-section-id=\"15fztng\" data-start=\"2873\" data-end=\"2901\"><span style=\"color: #ff6600;\" role=\"text\"><strong data-start=\"2875\" data-end=\"2901\">\u2714\ufe0f Incluido en el tour<\/strong><\/span><\/h1>\n<ul data-start=\"2902\" data-end=\"3144\">\n<li data-section-id=\"1rb7pzx\" data-start=\"2902\" data-end=\"2972\">Transporte privado (4&#215;4, minib\u00fas o autob\u00fas con aire acondicionado)<\/li>\n<li data-section-id=\"gnh8ws\" data-start=\"2973\" data-end=\"3005\">Conductor \/ gu\u00eda multiling\u00fce<\/li>\n<li data-section-id=\"1xlc6vv\" data-start=\"3006\" data-end=\"3021\">Combustible<\/li>\n<li data-section-id=\"123ly9z\" data-start=\"3022\" data-end=\"3050\">3 noches en hotel o riad<\/li>\n<li data-section-id=\"hsy8p0\" data-start=\"3051\" data-end=\"3109\">1 noche en campamento en el desierto (cena y desayuno)<\/li>\n<li data-section-id=\"1vuo7la\" data-start=\"3110\" data-end=\"3130\">Paseo en camello<\/li>\n<li data-section-id=\"l5n3vu\" data-start=\"3131\" data-end=\"3144\">Sandboard<\/li>\n<\/ul>\n<hr data-start=\"3146\" data-end=\"3149\">\n<h1 data-section-id=\"qe8x5g\" data-start=\"3151\" data-end=\"3170\"><span role=\"text\"><strong data-start=\"3153\" data-end=\"3170\">\u274c<span style=\"color: #ff6600;\"> No incluido<\/span><\/strong><\/span><\/h1>\n<ul data-start=\"3171\" data-end=\"3293\">\n<li data-section-id=\"cra5n3\" data-start=\"3171\" data-end=\"3194\">Bebidas y almuerzos<\/li>\n<li data-section-id=\"1u6l1ge\" data-start=\"3195\" data-end=\"3205\">Vuelos<\/li>\n<li data-section-id=\"go2epb\" data-start=\"3206\" data-end=\"3240\">Entradas a monumentos y museos<\/li>\n<li data-section-id=\"17okvus\" data-start=\"3241\" data-end=\"3293\">Hotel en <span class=\"hover:entity-accent entity-underline inline cursor-pointer align-baseline\"><span class=\"whitespace-normal\">Marrakech<\/span><\/span><\/li>\n<\/ul>\n","protected":false},"excerpt":{"rendered":"<p>Tour de 5 d\u00edas: Marrakech \u2013 Merzouga \u2013 Ouarzazate \u2013 Marrakech D\u00eda 1: Marrakech \u2013 Tizi N\u2019Tichka \u2013 Ait Ben Haddou \u2013 Ouarzazate \u2013 Valle de Dades Salida desde Marrakech hacia el sur atravesando las impresionantes monta\u00f1as del Alto Atlas, cruzando el famoso paso de Tizi N\u2019Tichka (2.260 m). Durante el trayecto: Parada en una&#8230;<\/p>\n","protected":false},"author":1,"featured_media":0,"parent":0,"menu_order":0,"comment_status":"closed","ping_status":"closed","template":"","meta":{"ngg_post_thumbnail":0,"_kad_post_transparent":"default","_kad_post_title":"default","_kad_post_layout":"default","_kad_post_sidebar_id":"","_kad_post_content_style":"default","_kad_post_vertical_padding":"default","_kad_post_feature":"","_kad_post_feature_position":"","_kad_post_header":false,"_kad_post_footer":false,"footnotes":""},"class_list":["post-10788","page","type-page","status-publish","hentry"],"yoast_head":"<!-- This site is optimized with the Yoast SEO plugin v21.5 - https:\/\/yoast.com\/wordpress\/plugins\/seo\/ -->\n<title>5-dias-de-marrakech-al-desierto-de-marrakech<\/title>\n<meta name=\"description\" content=\"&quot;visite Marruecos, vacaciones en Marruecos, viajes a Marruecos, viajes a Marruecos, viajes a Marruecos, viajes a Marruecos, viajes a Marruecos desde, gu\u00eda tur\u00edstico de Marruecos, viajes a Marruecos de lujo, compa\u00f1\u00edas de viajes a Marruecos, viajes de aventura a Marruecos&quot;\" \/>\n<meta name=\"robots\" content=\"index, follow, max-snippet:-1, max-image-preview:large, max-video-preview:-1\" \/>\n<link rel=\"canonical\" href=\"https:\/\/discoverysaharatours.com\/es\/5-dias-de-marrakech-al-desierto-de-marrakech\/\" \/>\n<meta property=\"og:locale\" content=\"en_US\" \/>\n<meta property=\"og:type\" content=\"article\" \/>\n<meta property=\"og:title\" content=\"https:\/\/web.facebook.com\/Discovery.sahara\/\" \/>\n<meta property=\"og:description\" content=\"Discovery Sahara Tours es una agencia local en Marruecos muy especializada en organizar rutas por el desierto, con veh\u00edculos 4\u00d74 que facilitan el acceso a las pistas, a los lugares menos tur\u00edsticos y m\u00e1s aut\u00e9nticos, para disfrutar de la comodidad y el confort de sus ventajas. Con excursiones en dromedarios hasta llegar a los campamentos situados en medio de las dunas y poder disfrutar de una noche bajo las estrellas. Visitar familias bereberes, compartir su estilo de vida y costumbres. Con excursiones a pie hasta llegar al oasis frecuentado por n\u00f3madas.\" \/>\n<meta property=\"og:url\" content=\"https:\/\/discoverysaharatours.com\/es\/5-dias-de-marrakech-al-desierto-de-marrakech\/\" \/>\n<meta property=\"og:site_name\" content=\"Discovery Sahara Tours\" \/>\n<meta property=\"article:modified_time\" content=\"2026-04-08T18:14:10+00:00\" \/>\n<meta property=\"og:image\" content=\"https:\/\/discoverysaharatours.com\/es\/wp-content\/uploads\/2022\/10\/cropped-logo-Discovery-Sahara-Tours.png\" \/>\n\t<meta property=\"og:image:width\" content=\"512\" \/>\n\t<meta property=\"og:image:height\" content=\"512\" \/>\n\t<meta property=\"og:image:type\" content=\"image\/png\" \/>\n<meta name=\"twitter:card\" content=\"summary_large_image\" \/>\n<meta name=\"twitter:label1\" content=\"Est. reading time\" \/>\n\t<meta name=\"twitter:data1\" content=\"2 minutes\" \/>\n<script type=\"application\/ld+json\" class=\"yoast-schema-graph\">{\"@context\":\"https:\/\/schema.org\",\"@graph\":[{\"@type\":\"WebPage\",\"@id\":\"https:\/\/discoverysaharatours.com\/es\/5-dias-de-marrakech-al-desierto-de-marrakech\/\",\"url\":\"https:\/\/discoverysaharatours.com\/es\/5-dias-de-marrakech-al-desierto-de-marrakech\/\",\"name\":\"5-dias-de-marrakech-al-desierto-de-marrakech\",\"isPartOf\":{\"@id\":\"https:\/\/discoverysaharatours.com\/es\/#website\"},\"datePublished\":\"2018-11-02T16:20:20+00:00\",\"dateModified\":\"2026-04-08T18:14:10+00:00\",\"description\":\"\\\"visite Marruecos, vacaciones en Marruecos, viajes a Marruecos, viajes a Marruecos, viajes a Marruecos, viajes a Marruecos, viajes a Marruecos desde, gu\u00eda tur\u00edstico de Marruecos, viajes a Marruecos de lujo, compa\u00f1\u00edas de viajes a Marruecos, viajes de aventura a Marruecos\\\"\",\"breadcrumb\":{\"@id\":\"https:\/\/discoverysaharatours.com\/es\/5-dias-de-marrakech-al-desierto-de-marrakech\/#breadcrumb\"},\"inLanguage\":\"en-US\",\"potentialAction\":[{\"@type\":\"ReadAction\",\"target\":[\"https:\/\/discoverysaharatours.com\/es\/5-dias-de-marrakech-al-desierto-de-marrakech\/\"]}]},{\"@type\":\"BreadcrumbList\",\"@id\":\"https:\/\/discoverysaharatours.com\/es\/5-dias-de-marrakech-al-desierto-de-marrakech\/#breadcrumb\",\"itemListElement\":[{\"@type\":\"ListItem\",\"position\":1,\"name\":\"Home\",\"item\":\"https:\/\/discoverysaharatours.com\/es\/\"},{\"@type\":\"ListItem\",\"position\":2,\"name\":\"5 d\u00edas de Marrakech al desierto de Marrakech\"}]},{\"@type\":\"WebSite\",\"@id\":\"https:\/\/discoverysaharatours.com\/es\/#website\",\"url\":\"https:\/\/discoverysaharatours.com\/es\/\",\"name\":\"Discovery Sahara Tours\",\"description\":\"Morocco Desert Tours \/ Tours &amp; Excursions in Morocco\",\"publisher\":{\"@id\":\"https:\/\/discoverysaharatours.com\/es\/#organization\"},\"potentialAction\":[{\"@type\":\"SearchAction\",\"target\":{\"@type\":\"EntryPoint\",\"urlTemplate\":\"https:\/\/discoverysaharatours.com\/es\/?s={search_term_string}\"},\"query-input\":\"required name=search_term_string\"}],\"inLanguage\":\"en-US\"},{\"@type\":\"Organization\",\"@id\":\"https:\/\/discoverysaharatours.com\/es\/#organization\",\"name\":\"Discovery Sahara Tours\",\"url\":\"https:\/\/discoverysaharatours.com\/es\/\",\"logo\":{\"@type\":\"ImageObject\",\"inLanguage\":\"en-US\",\"@id\":\"https:\/\/discoverysaharatours.com\/es\/#\/schema\/logo\/image\/\",\"url\":\"https:\/\/discoverysaharatours.com\/es\/wp-content\/uploads\/2022\/10\/logo-Discovery-Sahara-Tours.png\",\"contentUrl\":\"https:\/\/discoverysaharatours.com\/es\/wp-content\/uploads\/2022\/10\/logo-Discovery-Sahara-Tours.png\",\"width\":557,\"height\":486,\"caption\":\"Discovery Sahara Tours\"},\"image\":{\"@id\":\"https:\/\/discoverysaharatours.com\/es\/#\/schema\/logo\/image\/\"}}]}<\/script>\n<!-- \/ Yoast SEO plugin. -->","yoast_head_json":{"title":"5-dias-de-marrakech-al-desierto-de-marrakech","description":"\"visite Marruecos, vacaciones en Marruecos, viajes a Marruecos, viajes a Marruecos, viajes a Marruecos, viajes a Marruecos, viajes a Marruecos desde, gu\u00eda tur\u00edstico de Marruecos, viajes a Marruecos de lujo, compa\u00f1\u00edas de viajes a Marruecos, viajes de aventura a Marruecos\"","robots":{"index":"index","follow":"follow","max-snippet":"max-snippet:-1","max-image-preview":"max-image-preview:large","max-video-preview":"max-video-preview:-1"},"canonical":"https:\/\/discoverysaharatours.com\/es\/5-dias-de-marrakech-al-desierto-de-marrakech\/","og_locale":"en_US","og_type":"article","og_title":"https:\/\/web.facebook.com\/Discovery.sahara\/","og_description":"Discovery Sahara Tours es una agencia local en Marruecos muy especializada en organizar rutas por el desierto, con veh\u00edculos 4\u00d74 que facilitan el acceso a las pistas, a los lugares menos tur\u00edsticos y m\u00e1s aut\u00e9nticos, para disfrutar de la comodidad y el confort de sus ventajas. Con excursiones en dromedarios hasta llegar a los campamentos situados en medio de las dunas y poder disfrutar de una noche bajo las estrellas. Visitar familias bereberes, compartir su estilo de vida y costumbres. Con excursiones a pie hasta llegar al oasis frecuentado por n\u00f3madas.","og_url":"https:\/\/discoverysaharatours.com\/es\/5-dias-de-marrakech-al-desierto-de-marrakech\/","og_site_name":"Discovery Sahara Tours","article_modified_time":"2026-04-08T18:14:10+00:00","og_image":[{"width":512,"height":512,"url":"https:\/\/discoverysaharatours.com\/es\/wp-content\/uploads\/2022\/10\/cropped-logo-Discovery-Sahara-Tours.png","type":"image\/png"}],"twitter_card":"summary_large_image","twitter_misc":{"Est. reading time":"2 minutes"},"schema":{"@context":"https:\/\/schema.org","@graph":[{"@type":"WebPage","@id":"https:\/\/discoverysaharatours.com\/es\/5-dias-de-marrakech-al-desierto-de-marrakech\/","url":"https:\/\/discoverysaharatours.com\/es\/5-dias-de-marrakech-al-desierto-de-marrakech\/","name":"5-dias-de-marrakech-al-desierto-de-marrakech","isPartOf":{"@id":"https:\/\/discoverysaharatours.com\/es\/#website"},"datePublished":"2018-11-02T16:20:20+00:00","dateModified":"2026-04-08T18:14:10+00:00","description":"\"visite Marruecos, vacaciones en Marruecos, viajes a Marruecos, viajes a Marruecos, viajes a Marruecos, viajes a Marruecos, viajes a Marruecos desde, gu\u00eda tur\u00edstico de Marruecos, viajes a Marruecos de lujo, compa\u00f1\u00edas de viajes a Marruecos, viajes de aventura a Marruecos\"","breadcrumb":{"@id":"https:\/\/discoverysaharatours.com\/es\/5-dias-de-marrakech-al-desierto-de-marrakech\/#breadcrumb"},"inLanguage":"en-US","potentialAction":[{"@type":"ReadAction","target":["https:\/\/discoverysaharatours.com\/es\/5-dias-de-marrakech-al-desierto-de-marrakech\/"]}]},{"@type":"BreadcrumbList","@id":"https:\/\/discoverysaharatours.com\/es\/5-dias-de-marrakech-al-desierto-de-marrakech\/#breadcrumb","itemListElement":[{"@type":"ListItem","position":1,"name":"Home","item":"https:\/\/discoverysaharatours.com\/es\/"},{"@type":"ListItem","position":2,"name":"5 d\u00edas de Marrakech al desierto de Marrakech"}]},{"@type":"WebSite","@id":"https:\/\/discoverysaharatours.com\/es\/#website","url":"https:\/\/discoverysaharatours.com\/es\/","name":"Discovery Sahara Tours","description":"Morocco Desert Tours \/ Tours &amp; Excursions in Morocco","publisher":{"@id":"https:\/\/discoverysaharatours.com\/es\/#organization"},"potentialAction":[{"@type":"SearchAction","target":{"@type":"EntryPoint","urlTemplate":"https:\/\/discoverysaharatours.com\/es\/?s={search_term_string}"},"query-input":"required name=search_term_string"}],"inLanguage":"en-US"},{"@type":"Organization","@id":"https:\/\/discoverysaharatours.com\/es\/#organization","name":"Discovery Sahara Tours","url":"https:\/\/discoverysaharatours.com\/es\/","logo":{"@type":"ImageObject","inLanguage":"en-US","@id":"https:\/\/discoverysaharatours.com\/es\/#\/schema\/logo\/image\/","url":"https:\/\/discoverysaharatours.com\/es\/wp-content\/uploads\/2022\/10\/logo-Discovery-Sahara-Tours.png","contentUrl":"https:\/\/discoverysaharatours.com\/es\/wp-content\/uploads\/2022\/10\/logo-Discovery-Sahara-Tours.png","width":557,"height":486,"caption":"Discovery Sahara Tours"},"image":{"@id":"https:\/\/discoverysaharatours.com\/es\/#\/schema\/logo\/image\/"}}]}},"_links":{"self":[{"href":"https:\/\/discoverysaharatours.com\/es\/wp-json\/wp\/v2\/pages\/10788","targetHints":{"allow":["GET"]}}],"collection":[{"href":"https:\/\/discoverysaharatours.com\/es\/wp-json\/wp\/v2\/pages"}],"about":[{"href":"https:\/\/discoverysaharatours.com\/es\/wp-json\/wp\/v2\/types\/page"}],"author":[{"embeddable":true,"href":"https:\/\/discoverysaharatours.com\/es\/wp-json\/wp\/v2\/users\/1"}],"replies":[{"embeddable":true,"href":"https:\/\/discoverysaharatours.com\/es\/wp-json\/wp\/v2\/comments?post=10788"}],"version-history":[{"count":6,"href":"https:\/\/discoverysaharatours.com\/es\/wp-json\/wp\/v2\/pages\/10788\/revisions"}],"predecessor-version":[{"id":19727,"href":"https:\/\/discoverysaharatours.com\/es\/wp-json\/wp\/v2\/pages\/10788\/revisions\/19727"}],"wp:attachment":[{"href":"https:\/\/discoverysaharatours.com\/es\/wp-json\/wp\/v2\/media?parent=10788"}],"curies":[{"name":"wp","href":"https:\/\/api.w.org\/{rel}","templated":true}]}}