{"id":10790,"date":"2018-11-02T16:21:01","date_gmt":"2018-11-02T16:21:01","guid":{"rendered":"https:\/\/www.discoverysaharatours.com\/?page_id=10790"},"modified":"2026-04-08T18:16:26","modified_gmt":"2026-04-08T18:16:26","slug":"5-dias-de-marrakech-zagora-merzouga","status":"publish","type":"page","link":"https:\/\/discoverysaharatours.com\/es\/5-dias-de-marrakech-zagora-merzouga\/","title":{"rendered":"5 d\u00edas de Marrakech zagora Merzouga"},"content":{"rendered":"<h2 data-section-id=\"1un9ncn\" data-start=\"152\" data-end=\"218\">\ud83c\udf0d Tour de 5 d\u00edas: Marrakech \u2013 Desierto de Merzouga \u2013 Marrakech<\/h2>\n<p data-start=\"220\" data-end=\"491\">Durante este incre\u00edble circuito de 5 d\u00edas, saldremos desde <span class=\"hover:entity-accent entity-underline inline cursor-pointer align-baseline\"><span class=\"whitespace-normal\">Marrakech<\/span><\/span> para explorar el sur de Marruecos, atravesando las espectaculares monta\u00f1as del <span class=\"hover:entity-accent entity-underline inline cursor-pointer align-baseline\"><span class=\"whitespace-normal\">Alto Atlas<\/span><\/span> y el famoso paso <span class=\"hover:entity-accent entity-underline inline cursor-pointer align-baseline\"><span class=\"whitespace-normal\">Tizi n&#8217;Tichka<\/span><\/span>.<\/p>\n<p data-start=\"493\" data-end=\"820\">Visitaremos lugares emblem\u00e1ticos como <span class=\"hover:entity-accent entity-underline inline cursor-pointer align-baseline\"><span class=\"whitespace-normal\">Ait Ben Haddou<\/span><\/span>, <span class=\"hover:entity-accent entity-underline inline cursor-pointer align-baseline\"><span class=\"whitespace-normal\">Ouarzazate<\/span><\/span>, el Valle del Draa, el desierto de Ouzina y las impresionantes dunas de <span class=\"hover:entity-accent entity-underline inline cursor-pointer align-baseline\"><span class=\"whitespace-normal\">Erg Chebbi<\/span><\/span>, donde vivir\u00e1s una aut\u00e9ntica experiencia en el Sahara con paseo en camello y noche bajo las estrellas.<\/p>\n<hr data-start=\"822\" data-end=\"825\">\n<h2 data-section-id=\"11mgks8\" data-start=\"827\" data-end=\"906\">\ud83d\uddd3\ufe0f <span style=\"color: #ff6600;\">D\u00eda 1: Marrakech \u2013 Ait Ben Haddou \u2013 Ouarzazate \u2013 Valle del Draa \u2013 Zagora<\/span><\/h2>\n<p data-start=\"908\" data-end=\"1024\">Salida por la ma\u00f1ana desde Marrakech hacia el sureste, cruzando el Alto Atlas por el paso Tizi n&#8217;Tichka (2.260 m).<\/p>\n<p data-start=\"1026\" data-end=\"1188\">Visitaremos la famosa kasbah de Ait Ben Haddou, Patrimonio de la Humanidad por la UNESCO, escenario de pel\u00edculas como <em data-start=\"1144\" data-end=\"1164\">Lawrence of Arabia<\/em> y <em data-start=\"1167\" data-end=\"1185\">Prince of Persia<\/em>.<\/p>\n<p data-start=\"1190\" data-end=\"1381\">Continuaremos hacia Ouarzazate, conocida como \u201cel Hollywood de \u00c1frica\u201d, y atravesaremos el paso Tizi n&#8217;Tinifift hasta llegar al impresionante Valle del Draa, famoso por su inmenso palmeral.<\/p>\n<p data-start=\"1383\" data-end=\"1430\">\ud83c\udfe8 Noche en riad en el valle del Draa o Zagora.<\/p>\n<hr data-start=\"1432\" data-end=\"1435\">\n<h2 data-section-id=\"t7r3ft\" data-start=\"1437\" data-end=\"1502\">\ud83d\uddd3\ufe0f <span style=\"color: #ff6600;\">D\u00eda 2: Valle del Draa \u2013 Pista Dakar \u2013 Lago Maider \u2013 Ouzina<\/span><\/h2>\n<p data-start=\"1504\" data-end=\"1618\">Ruta de aventura por paisajes des\u00e9rticos \u00fanicos: hamadas (desiertos de piedra), r\u00edos de arena y pueblos n\u00f3madas.<\/p>\n<p data-start=\"1620\" data-end=\"1749\">Seguiremos parte de la antigua pista del rally Par\u00eds-Dakar hasta llegar al remoto desierto de Ouzina, lejos del turismo masivo.<\/p>\n<p data-start=\"1751\" data-end=\"1865\">Disfrutar\u00e1s de una puesta de sol espectacular sobre las dunas y una noche m\u00e1gica con m\u00fasica bereber tradicional.<\/p>\n<p data-start=\"1867\" data-end=\"1902\">\ud83c\udfe8 Noche en hotel\/kasbah en Ouzina.<\/p>\n<hr data-start=\"1904\" data-end=\"1907\">\n<h2 data-section-id=\"d2zjg0\" data-start=\"1909\" data-end=\"1963\">\ud83d\uddd3\ufe0f<span style=\"color: #ff6600;\"> D\u00eda 3: Ouzina \u2013 Khamlia \u2013 Merzouga \u2013 Erg Chebbi<\/span><\/h2>\n<p data-start=\"1965\" data-end=\"2105\">Despu\u00e9s del desayuno, continuamos hacia el pueblo de Ouzina y luego a <span class=\"hover:entity-accent entity-underline inline cursor-pointer align-baseline\"><span class=\"whitespace-normal\">Khamlia<\/span><\/span>, conocido por su m\u00fasica gnawa.<\/p>\n<p data-start=\"2107\" data-end=\"2202\">Llegada a <span class=\"hover:entity-accent entity-underline inline cursor-pointer align-baseline\"><span class=\"whitespace-normal\">Merzouga<\/span><\/span>, donde comenzar\u00e1 la experiencia m\u00e1s esperada:<\/p>\n<p data-start=\"2204\" data-end=\"2333\">\ud83d\udc2a Paseo en camello por las dunas de Erg Chebbi<br data-start=\"2251\" data-end=\"2254\">\ud83c\udf05 Atardecer en el desierto<br data-start=\"2281\" data-end=\"2284\">\u26fa Noche en campamento bereber con cena y m\u00fasica<\/p>\n<hr data-start=\"2335\" data-end=\"2338\">\n<h2 data-section-id=\"dmk1k8\" data-start=\"2340\" data-end=\"2414\">\ud83d\uddd3\ufe0f <span style=\"color: #ff6600;\">D\u00eda 4: Erg Chebbi \u2013 Rissani \u2013 Gargantas del Todra \u2013 Valle del Dades<\/span><\/h2>\n<p data-start=\"2416\" data-end=\"2480\">Despertar temprano para disfrutar del amanecer en el desierto.<\/p>\n<p data-start=\"2482\" data-end=\"2580\">Salida hacia <span class=\"hover:entity-accent entity-underline inline cursor-pointer align-baseline\"><span class=\"whitespace-normal\">Rissani<\/span><\/span>, famosa por su aut\u00e9ntico mercado tradicional.<\/p>\n<p data-start=\"2582\" data-end=\"2691\">Continuaci\u00f3n hacia <span class=\"hover:entity-accent entity-underline inline cursor-pointer align-baseline\"><span class=\"whitespace-normal\">Gargantas del Todra<\/span><\/span>, impresionantes ca\u00f1ones de m\u00e1s de 300 m de altura.<\/p>\n<p data-start=\"2693\" data-end=\"2778\">Finalizamos el d\u00eda en el Valle del Dades, conocido por sus paisajes espectaculares.<\/p>\n<p data-start=\"2780\" data-end=\"2819\">\ud83c\udfe8 Noche en riad en el valle del Dades.<\/p>\n<hr data-start=\"2821\" data-end=\"2824\">\n<h2 data-section-id=\"fv042h\" data-start=\"2826\" data-end=\"2901\">\ud83d\uddd3\ufe0f <span style=\"color: #ff6600;\">D\u00eda 5: Valle del Dades \u2013 Valle de las Rosas \u2013 Ouarzazate \u2013 Marrakech<\/span><\/h2>\n<p data-start=\"2903\" data-end=\"2987\">Despu\u00e9s del desayuno, atravesaremos el Valle de las Rosas y el palmeral de Skoura.<\/p>\n<p data-start=\"2989\" data-end=\"3071\">Regreso a Marrakech cruzando nuevamente el Alto Atlas por el paso Tizi n&#8217;Tichka.<\/p>\n<p data-start=\"3073\" data-end=\"3089\">\ud83c\udfc1 Fin del tour.<\/p>\n<hr data-start=\"3091\" data-end=\"3094\">\n<h2 data-section-id=\"1ihfk73\" data-start=\"3096\" data-end=\"3109\"><span style=\"color: #ff6600;\">\u2705 Incluido<\/span><\/h2>\n<ul data-start=\"3111\" data-end=\"3382\">\n<li data-section-id=\"1u2h6l\" data-start=\"3111\" data-end=\"3181\">Transporte privado con aire acondicionado (4&#215;4, minib\u00fas o autob\u00fas)<\/li>\n<li data-section-id=\"khxukc\" data-start=\"3182\" data-end=\"3212\">Conductor\/gu\u00eda multiling\u00fce<\/li>\n<li data-section-id=\"1xlc6vv\" data-start=\"3213\" data-end=\"3228\">Combustible<\/li>\n<li data-section-id=\"123ly9z\" data-start=\"3229\" data-end=\"3257\">3 noches en hotel o riad<\/li>\n<li data-section-id=\"hsy8p0\" data-start=\"3258\" data-end=\"3316\">1 noche en campamento en el desierto (cena y desayuno)<\/li>\n<li data-section-id=\"d7j4vv\" data-start=\"3317\" data-end=\"3352\">Paseo en camello en el desierto<\/li>\n<li data-section-id=\"1odfhf6\" data-start=\"3353\" data-end=\"3382\">Sandboarding en las dunas<\/li>\n<\/ul>\n<hr data-start=\"3384\" data-end=\"3387\">\n<h2 data-section-id=\"ak0hx3\" data-start=\"3389\" data-end=\"3405\">\u274c<span style=\"color: #ff6600;\"> No incluido<\/span><\/h2>\n<ul data-start=\"3407\" data-end=\"3496\">\n<li data-section-id=\"u610en\" data-start=\"3407\" data-end=\"3430\">Almuerzos y bebidas<\/li>\n<li data-section-id=\"1u6l1ge\" data-start=\"3431\" data-end=\"3441\">Vuelos<\/li>\n<li data-section-id=\"k8ve4k\" data-start=\"3442\" data-end=\"3467\">Entradas a monumentos<\/li>\n<li data-section-id=\"z1as6\" data-start=\"3468\" data-end=\"3496\">Alojamiento en Marrakech<\/li>\n<\/ul>\n<hr data-start=\"3498\" data-end=\"3501\">\n<h2 data-section-id=\"1i0gknt\" data-start=\"3503\" data-end=\"3512\">\u2728 Nota<\/h2>\n<p data-start=\"3514\" data-end=\"3713\">Si deseas personalizar este tour (hoteles de lujo, duraci\u00f3n, actividades adicionales, etc.), no dudes en contactarnos. Organizamos tu viaje a medida para que vivas una experiencia \u00fanica en Marruecos.<\/p>\n","protected":false},"excerpt":{"rendered":"<p>\ud83c\udf0d Tour de 5 d\u00edas: Marrakech \u2013 Desierto de Merzouga \u2013 Marrakech Durante este incre\u00edble circuito de 5 d\u00edas, saldremos desde Marrakech para explorar el sur de Marruecos, atravesando las espectaculares monta\u00f1as del Alto Atlas y el famoso paso Tizi n&#8217;Tichka. Visitaremos lugares emblem\u00e1ticos como Ait Ben Haddou, Ouarzazate, el Valle del Draa, el desierto&#8230;<\/p>\n","protected":false},"author":1,"featured_media":0,"parent":0,"menu_order":0,"comment_status":"closed","ping_status":"closed","template":"","meta":{"ngg_post_thumbnail":0,"_kad_post_transparent":"default","_kad_post_title":"default","_kad_post_layout":"default","_kad_post_sidebar_id":"","_kad_post_content_style":"default","_kad_post_vertical_padding":"default","_kad_post_feature":"","_kad_post_feature_position":"","_kad_post_header":false,"_kad_post_footer":false,"footnotes":""},"class_list":["post-10790","page","type-page","status-publish","hentry"],"yoast_head":"<!-- This site is optimized with the Yoast SEO plugin v21.5 - https:\/\/yoast.com\/wordpress\/plugins\/seo\/ -->\n<title>5-dias-de-marrakech-zagora-merzouga<\/title>\n<meta name=\"description\" content=\"&quot;visite Marruecos, vacaciones en Marruecos, viajes a Marruecos, viajes a Marruecos, viajes a Marruecos, viajes a Marruecos, viajes a Marruecos desde, gu\u00eda tur\u00edstico de Marruecos, viajes a Marruecos de lujo, compa\u00f1\u00edas de viajes a Marruecos, viajes de aventura a Marruecos&quot;\" \/>\n<meta name=\"robots\" content=\"index, follow, max-snippet:-1, max-image-preview:large, max-video-preview:-1\" \/>\n<link rel=\"canonical\" href=\"https:\/\/discoverysaharatours.com\/es\/5-dias-de-marrakech-zagora-merzouga\/\" \/>\n<meta property=\"og:locale\" content=\"en_US\" \/>\n<meta property=\"og:type\" content=\"article\" \/>\n<meta property=\"og:title\" content=\"https:\/\/web.facebook.com\/Discovery.sahara\/\" \/>\n<meta property=\"og:description\" content=\"Discovery Sahara Tours es una agencia local en Marruecos muy especializada en organizar rutas por el desierto, con veh\u00edculos 4\u00d74 que facilitan el acceso a las pistas, a los lugares menos tur\u00edsticos y m\u00e1s aut\u00e9nticos, para disfrutar de la comodidad y el confort de sus ventajas. Con excursiones en dromedarios hasta llegar a los campamentos situados en medio de las dunas y poder disfrutar de una noche bajo las estrellas. Visitar familias bereberes, compartir su estilo de vida y costumbres. Con excursiones a pie hasta llegar al oasis frecuentado por n\u00f3madas.\" \/>\n<meta property=\"og:url\" content=\"https:\/\/discoverysaharatours.com\/es\/5-dias-de-marrakech-zagora-merzouga\/\" \/>\n<meta property=\"og:site_name\" content=\"Discovery Sahara Tours\" \/>\n<meta property=\"article:modified_time\" content=\"2026-04-08T18:16:26+00:00\" \/>\n<meta property=\"og:image\" content=\"https:\/\/discoverysaharatours.com\/es\/wp-content\/uploads\/2022\/10\/cropped-logo-Discovery-Sahara-Tours.png\" \/>\n\t<meta property=\"og:image:width\" content=\"512\" \/>\n\t<meta property=\"og:image:height\" content=\"512\" \/>\n\t<meta property=\"og:image:type\" content=\"image\/png\" \/>\n<meta name=\"twitter:card\" content=\"summary_large_image\" \/>\n<meta name=\"twitter:label1\" content=\"Est. reading time\" \/>\n\t<meta name=\"twitter:data1\" content=\"3 minutes\" \/>\n<script type=\"application\/ld+json\" class=\"yoast-schema-graph\">{\"@context\":\"https:\/\/schema.org\",\"@graph\":[{\"@type\":\"WebPage\",\"@id\":\"https:\/\/discoverysaharatours.com\/es\/5-dias-de-marrakech-zagora-merzouga\/\",\"url\":\"https:\/\/discoverysaharatours.com\/es\/5-dias-de-marrakech-zagora-merzouga\/\",\"name\":\"5-dias-de-marrakech-zagora-merzouga\",\"isPartOf\":{\"@id\":\"https:\/\/discoverysaharatours.com\/es\/#website\"},\"datePublished\":\"2018-11-02T16:21:01+00:00\",\"dateModified\":\"2026-04-08T18:16:26+00:00\",\"description\":\"\\\"visite Marruecos, vacaciones en Marruecos, viajes a Marruecos, viajes a Marruecos, viajes a Marruecos, viajes a Marruecos, viajes a Marruecos desde, gu\u00eda tur\u00edstico de Marruecos, viajes a Marruecos de lujo, compa\u00f1\u00edas de viajes a Marruecos, viajes de aventura a Marruecos\\\"\",\"breadcrumb\":{\"@id\":\"https:\/\/discoverysaharatours.com\/es\/5-dias-de-marrakech-zagora-merzouga\/#breadcrumb\"},\"inLanguage\":\"en-US\",\"potentialAction\":[{\"@type\":\"ReadAction\",\"target\":[\"https:\/\/discoverysaharatours.com\/es\/5-dias-de-marrakech-zagora-merzouga\/\"]}]},{\"@type\":\"BreadcrumbList\",\"@id\":\"https:\/\/discoverysaharatours.com\/es\/5-dias-de-marrakech-zagora-merzouga\/#breadcrumb\",\"itemListElement\":[{\"@type\":\"ListItem\",\"position\":1,\"name\":\"Home\",\"item\":\"https:\/\/discoverysaharatours.com\/es\/\"},{\"@type\":\"ListItem\",\"position\":2,\"name\":\"5 d\u00edas de Marrakech zagora Merzouga\"}]},{\"@type\":\"WebSite\",\"@id\":\"https:\/\/discoverysaharatours.com\/es\/#website\",\"url\":\"https:\/\/discoverysaharatours.com\/es\/\",\"name\":\"Discovery Sahara Tours\",\"description\":\"Morocco Desert Tours \/ Tours &amp; Excursions in Morocco\",\"publisher\":{\"@id\":\"https:\/\/discoverysaharatours.com\/es\/#organization\"},\"potentialAction\":[{\"@type\":\"SearchAction\",\"target\":{\"@type\":\"EntryPoint\",\"urlTemplate\":\"https:\/\/discoverysaharatours.com\/es\/?s={search_term_string}\"},\"query-input\":\"required name=search_term_string\"}],\"inLanguage\":\"en-US\"},{\"@type\":\"Organization\",\"@id\":\"https:\/\/discoverysaharatours.com\/es\/#organization\",\"name\":\"Discovery Sahara Tours\",\"url\":\"https:\/\/discoverysaharatours.com\/es\/\",\"logo\":{\"@type\":\"ImageObject\",\"inLanguage\":\"en-US\",\"@id\":\"https:\/\/discoverysaharatours.com\/es\/#\/schema\/logo\/image\/\",\"url\":\"https:\/\/discoverysaharatours.com\/es\/wp-content\/uploads\/2022\/10\/logo-Discovery-Sahara-Tours.png\",\"contentUrl\":\"https:\/\/discoverysaharatours.com\/es\/wp-content\/uploads\/2022\/10\/logo-Discovery-Sahara-Tours.png\",\"width\":557,\"height\":486,\"caption\":\"Discovery Sahara Tours\"},\"image\":{\"@id\":\"https:\/\/discoverysaharatours.com\/es\/#\/schema\/logo\/image\/\"}}]}<\/script>\n<!-- \/ Yoast SEO plugin. -->","yoast_head_json":{"title":"5-dias-de-marrakech-zagora-merzouga","description":"\"visite Marruecos, vacaciones en Marruecos, viajes a Marruecos, viajes a Marruecos, viajes a Marruecos, viajes a Marruecos, viajes a Marruecos desde, gu\u00eda tur\u00edstico de Marruecos, viajes a Marruecos de lujo, compa\u00f1\u00edas de viajes a Marruecos, viajes de aventura a Marruecos\"","robots":{"index":"index","follow":"follow","max-snippet":"max-snippet:-1","max-image-preview":"max-image-preview:large","max-video-preview":"max-video-preview:-1"},"canonical":"https:\/\/discoverysaharatours.com\/es\/5-dias-de-marrakech-zagora-merzouga\/","og_locale":"en_US","og_type":"article","og_title":"https:\/\/web.facebook.com\/Discovery.sahara\/","og_description":"Discovery Sahara Tours es una agencia local en Marruecos muy especializada en organizar rutas por el desierto, con veh\u00edculos 4\u00d74 que facilitan el acceso a las pistas, a los lugares menos tur\u00edsticos y m\u00e1s aut\u00e9nticos, para disfrutar de la comodidad y el confort de sus ventajas. Con excursiones en dromedarios hasta llegar a los campamentos situados en medio de las dunas y poder disfrutar de una noche bajo las estrellas. Visitar familias bereberes, compartir su estilo de vida y costumbres. Con excursiones a pie hasta llegar al oasis frecuentado por n\u00f3madas.","og_url":"https:\/\/discoverysaharatours.com\/es\/5-dias-de-marrakech-zagora-merzouga\/","og_site_name":"Discovery Sahara Tours","article_modified_time":"2026-04-08T18:16:26+00:00","og_image":[{"width":512,"height":512,"url":"https:\/\/discoverysaharatours.com\/es\/wp-content\/uploads\/2022\/10\/cropped-logo-Discovery-Sahara-Tours.png","type":"image\/png"}],"twitter_card":"summary_large_image","twitter_misc":{"Est. reading time":"3 minutes"},"schema":{"@context":"https:\/\/schema.org","@graph":[{"@type":"WebPage","@id":"https:\/\/discoverysaharatours.com\/es\/5-dias-de-marrakech-zagora-merzouga\/","url":"https:\/\/discoverysaharatours.com\/es\/5-dias-de-marrakech-zagora-merzouga\/","name":"5-dias-de-marrakech-zagora-merzouga","isPartOf":{"@id":"https:\/\/discoverysaharatours.com\/es\/#website"},"datePublished":"2018-11-02T16:21:01+00:00","dateModified":"2026-04-08T18:16:26+00:00","description":"\"visite Marruecos, vacaciones en Marruecos, viajes a Marruecos, viajes a Marruecos, viajes a Marruecos, viajes a Marruecos, viajes a Marruecos desde, gu\u00eda tur\u00edstico de Marruecos, viajes a Marruecos de lujo, compa\u00f1\u00edas de viajes a Marruecos, viajes de aventura a Marruecos\"","breadcrumb":{"@id":"https:\/\/discoverysaharatours.com\/es\/5-dias-de-marrakech-zagora-merzouga\/#breadcrumb"},"inLanguage":"en-US","potentialAction":[{"@type":"ReadAction","target":["https:\/\/discoverysaharatours.com\/es\/5-dias-de-marrakech-zagora-merzouga\/"]}]},{"@type":"BreadcrumbList","@id":"https:\/\/discoverysaharatours.com\/es\/5-dias-de-marrakech-zagora-merzouga\/#breadcrumb","itemListElement":[{"@type":"ListItem","position":1,"name":"Home","item":"https:\/\/discoverysaharatours.com\/es\/"},{"@type":"ListItem","position":2,"name":"5 d\u00edas de Marrakech zagora Merzouga"}]},{"@type":"WebSite","@id":"https:\/\/discoverysaharatours.com\/es\/#website","url":"https:\/\/discoverysaharatours.com\/es\/","name":"Discovery Sahara Tours","description":"Morocco Desert Tours \/ Tours &amp; Excursions in Morocco","publisher":{"@id":"https:\/\/discoverysaharatours.com\/es\/#organization"},"potentialAction":[{"@type":"SearchAction","target":{"@type":"EntryPoint","urlTemplate":"https:\/\/discoverysaharatours.com\/es\/?s={search_term_string}"},"query-input":"required name=search_term_string"}],"inLanguage":"en-US"},{"@type":"Organization","@id":"https:\/\/discoverysaharatours.com\/es\/#organization","name":"Discovery Sahara Tours","url":"https:\/\/discoverysaharatours.com\/es\/","logo":{"@type":"ImageObject","inLanguage":"en-US","@id":"https:\/\/discoverysaharatours.com\/es\/#\/schema\/logo\/image\/","url":"https:\/\/discoverysaharatours.com\/es\/wp-content\/uploads\/2022\/10\/logo-Discovery-Sahara-Tours.png","contentUrl":"https:\/\/discoverysaharatours.com\/es\/wp-content\/uploads\/2022\/10\/logo-Discovery-Sahara-Tours.png","width":557,"height":486,"caption":"Discovery Sahara Tours"},"image":{"@id":"https:\/\/discoverysaharatours.com\/es\/#\/schema\/logo\/image\/"}}]}},"_links":{"self":[{"href":"https:\/\/discoverysaharatours.com\/es\/wp-json\/wp\/v2\/pages\/10790","targetHints":{"allow":["GET"]}}],"collection":[{"href":"https:\/\/discoverysaharatours.com\/es\/wp-json\/wp\/v2\/pages"}],"about":[{"href":"https:\/\/discoverysaharatours.com\/es\/wp-json\/wp\/v2\/types\/page"}],"author":[{"embeddable":true,"href":"https:\/\/discoverysaharatours.com\/es\/wp-json\/wp\/v2\/users\/1"}],"replies":[{"embeddable":true,"href":"https:\/\/discoverysaharatours.com\/es\/wp-json\/wp\/v2\/comments?post=10790"}],"version-history":[{"count":5,"href":"https:\/\/discoverysaharatours.com\/es\/wp-json\/wp\/v2\/pages\/10790\/revisions"}],"predecessor-version":[{"id":19728,"href":"https:\/\/discoverysaharatours.com\/es\/wp-json\/wp\/v2\/pages\/10790\/revisions\/19728"}],"wp:attachment":[{"href":"https:\/\/discoverysaharatours.com\/es\/wp-json\/wp\/v2\/media?parent=10790"}],"curies":[{"name":"wp","href":"https:\/\/api.w.org\/{rel}","templated":true}]}}