{"id":10792,"date":"2018-11-02T16:21:38","date_gmt":"2018-11-02T16:21:38","guid":{"rendered":"https:\/\/www.discoverysaharatours.com\/?page_id=10792"},"modified":"2026-04-08T19:51:58","modified_gmt":"2026-04-08T19:51:58","slug":"6-dias-desde-marrakech-to-zagora-y-merzouga","status":"publish","type":"page","link":"https:\/\/discoverysaharatours.com\/es\/6-dias-desde-marrakech-to-zagora-y-merzouga\/","title":{"rendered":"6 d\u00edas desde Marrakech to Zagora y Merzouga"},"content":{"rendered":"<h2 data-section-id=\"1rdaqd4\" data-start=\"124\" data-end=\"184\">\ud83c\udf0d Tour de 6 d\u00edas desde Marrakech al desierto de Merzouga<\/h2>\n<p data-start=\"186\" data-end=\"647\">Comenzaremos nuestro viaje desde <span class=\"hover:entity-accent entity-underline inline cursor-pointer align-baseline\"><span class=\"whitespace-normal\">Marrakech<\/span><\/span> atravesando las impresionantes monta\u00f1as del <span class=\"hover:entity-accent entity-underline inline cursor-pointer align-baseline\"><span class=\"whitespace-normal\">Alto Atlas<\/span><\/span> y el famoso paso <span class=\"hover:entity-accent entity-underline inline cursor-pointer align-baseline\"><span class=\"whitespace-normal\">Tizi n&#8217;Tichka<\/span><\/span> (2.260 m de altitud). Visitaremos la emblem\u00e1tica kasbah de <span class=\"hover:entity-accent entity-underline inline cursor-pointer align-baseline\"><span class=\"whitespace-normal\">Ait Ben Haddou<\/span><\/span>, declarada Patrimonio de la Humanidad por la UNESCO, antes de continuar hacia <span class=\"hover:entity-accent entity-underline inline cursor-pointer align-baseline\"><span class=\"whitespace-normal\">Ouarzazate<\/span><\/span>, conocida como el \u201cHollywood de \u00c1frica\u201d.<\/p>\n<p data-start=\"649\" data-end=\"1040\">El recorrido sigue por el valle del <span class=\"hover:entity-accent entity-underline inline cursor-pointer align-baseline\"><span class=\"whitespace-normal\">Draa<\/span><\/span>, pasando por <span class=\"hover:entity-accent entity-underline inline cursor-pointer align-baseline\"><span class=\"whitespace-normal\">Agdz<\/span><\/span> y <span class=\"hover:entity-accent entity-underline inline cursor-pointer align-baseline\"><span class=\"whitespace-normal\">Zagora<\/span><\/span>, hasta llegar al desierto de <span class=\"hover:entity-accent entity-underline inline cursor-pointer align-baseline\"><span class=\"whitespace-normal\">Merzouga<\/span><\/span>. All\u00ed disfrutar\u00e1s de un paseo en camello por las dunas de <span class=\"hover:entity-accent entity-underline inline cursor-pointer align-baseline\"><span class=\"whitespace-normal\">Erg Chebbi<\/span><\/span> y pasar\u00e1s la noche en un campamento bereber bajo las estrellas.<\/p>\n<p data-start=\"1042\" data-end=\"1359\">El regreso se realiza por <span class=\"hover:entity-accent entity-underline inline cursor-pointer align-baseline\"><span class=\"whitespace-normal\">Rissani<\/span><\/span>, <span class=\"hover:entity-accent entity-underline inline cursor-pointer align-baseline\"><span class=\"whitespace-normal\">Tinghir<\/span><\/span>, las gargantas del <span class=\"hover:entity-accent entity-underline inline cursor-pointer align-baseline\"><span class=\"whitespace-normal\">Todra<\/span><\/span> y el valle del <span class=\"hover:entity-accent entity-underline inline cursor-pointer align-baseline\"><span class=\"whitespace-normal\">Dades<\/span><\/span>, pasando tambi\u00e9n por el valle de las Rosas y de nuevo por Ouarzazate hasta regresar a Marrakech.<\/p>\n<hr data-start=\"1361\" data-end=\"1364\">\n<h2 data-section-id=\"ui5muz\" data-start=\"1366\" data-end=\"1392\">\ud83d\udcc5 Itinerario detallado<\/h2>\n<h3 data-section-id=\"1x34duq\" data-start=\"1394\" data-end=\"1443\">\ud83d\uddd3\ufe0f<span style=\"color: #ff6600;\"> D\u00eda 1: Marrakech \u2013 Telouet \u2013 Ouarzazate<\/span><\/h3>\n<p data-start=\"1444\" data-end=\"1707\">Salida desde Marrakech hacia el Alto Atlas cruzando el paso Tizi n\u2019Tichka. Visita a la Kasbah de Telouet (antigua residencia del Pach\u00e1 Glaoui).<br data-start=\"1587\" data-end=\"1590\">Continuaci\u00f3n por el valle de Ounila hasta Ait Ben Haddou.<br data-start=\"1647\" data-end=\"1650\">Llegada a Ouarzazate.<br data-start=\"1671\" data-end=\"1674\">\ud83c\udf7d\ufe0f Cena y noche en hotel o riad.<\/p>\n<hr data-start=\"1709\" data-end=\"1712\">\n<h3 data-section-id=\"1gua3g6\" data-start=\"1714\" data-end=\"1767\">\ud83d\uddd3\ufe0f <span style=\"color: #ff6600;\">D\u00eda 2: Ouarzazate \u2013 Valle del Draa \u2013 Zagora<\/span><\/h3>\n<p data-start=\"1768\" data-end=\"2067\">Despu\u00e9s del desayuno, salida hacia Agdz atravesando el Anti Atlas.<br data-start=\"1834\" data-end=\"1837\">Continuaci\u00f3n por el valle del Draa con sus extensos palmerales y pueblos bereberes.<br data-start=\"1920\" data-end=\"1923\">Por la tarde, visita a Tamgroute (biblioteca cor\u00e1nica, kasbah subterr\u00e1nea y cer\u00e1mica tradicional).<br data-start=\"2021\" data-end=\"2024\">\ud83c\udf7d\ufe0f Cena y noche en hotel o riad en Zagora.<\/p>\n<hr data-start=\"2069\" data-end=\"2072\">\n<h3 data-section-id=\"1nj3led\" data-start=\"2074\" data-end=\"2137\">\ud83d\uddd3\ufe0f<span style=\"color: #ff6600;\"> D\u00eda 3: Zagora \u2013 Tazarine \u2013 Alnif \u2013 Rissani \u2013 Merzouga<\/span><\/h3>\n<p data-start=\"2138\" data-end=\"2424\">Salida atravesando paisajes des\u00e9rticos y pueblos tradicionales como Tazarine y Alnif.<br data-start=\"2223\" data-end=\"2226\">Almuerzo en ruta y continuaci\u00f3n hacia Merzouga v\u00eda Rissani.<br data-start=\"2285\" data-end=\"2288\">Cambio a camellos para disfrutar de un paseo al atardecer en las dunas de Erg Chebbi.<br data-start=\"2373\" data-end=\"2376\">\ud83c\udfdc\ufe0f Noche en campamento bereber (cena incluida).<\/p>\n<hr data-start=\"2426\" data-end=\"2429\">\n<h3 data-section-id=\"1a5ppsh\" data-start=\"2431\" data-end=\"2493\">\ud83d\uddd3\ufe0f <span style=\"color: #ff6600;\">D\u00eda 4: Merzouga \u2013 Erfoud \u2013 Tinjdad \u2013 Valle del Dades<\/span><\/h3>\n<p data-start=\"2494\" data-end=\"2684\">Amanecer en el desierto y regreso en camello.<br data-start=\"2539\" data-end=\"2542\">Salida hacia Erfoud, conocida por sus f\u00f3siles.<br data-start=\"2588\" data-end=\"2591\">Paso por Touroug y Tinjdad.<br data-start=\"2618\" data-end=\"2621\">Llegada al valle del Dades.<br data-start=\"2648\" data-end=\"2651\">\ud83c\udf7d\ufe0f Cena y noche en hotel o riad.<\/p>\n<hr data-start=\"2686\" data-end=\"2689\">\n<h3 data-section-id=\"1jaw9dv\" data-start=\"2691\" data-end=\"2766\">\ud83d\uddd3\ufe0f<span style=\"color: #ff6600;\"> D\u00eda 5: Valle del Dades \u2013 Valle de las Rosas \u2013 Skoura \u2013 Ouarzazate<\/span><\/h3>\n<p data-start=\"2767\" data-end=\"3007\">Ruta por el Valle del Dades, tambi\u00e9n llamado \u201cel valle de las mil kasbahs\u201d.<br data-start=\"2842\" data-end=\"2845\">Parada en Kalaat M\u2019Gouna, famosa por sus productos de rosa.<br data-start=\"2904\" data-end=\"2907\">Visita a la kasbah de Amridil en Skoura.<br data-start=\"2947\" data-end=\"2950\">Llegada a Ouarzazate.<br data-start=\"2971\" data-end=\"2974\">\ud83c\udf7d\ufe0f Cena y noche en hotel o riad.<\/p>\n<hr data-start=\"3009\" data-end=\"3012\">\n<h3 data-section-id=\"1f5xrcw\" data-start=\"3014\" data-end=\"3053\">\ud83d\uddd3\ufe0f<span style=\"color: #ff6600;\"> D\u00eda 6: Ouarzazate \u2013 Marrakech<\/span><\/h3>\n<p data-start=\"3054\" data-end=\"3178\">Visita de la ciudad: Kasbah de Taourirt y estudios de cine.<br data-start=\"3113\" data-end=\"3116\">Regreso a Marrakech cruzando nuevamente el paso Tizi n\u2019Tichka.<\/p>\n<hr data-start=\"3180\" data-end=\"3183\">\n<h2 data-section-id=\"1h75j5d\" data-start=\"3185\" data-end=\"3207\">\u2705 <span style=\"color: #ff6600;\">Qu\u00e9 est\u00e1 incluido<\/span><\/h2>\n<ul data-start=\"3208\" data-end=\"3464\">\n<li data-section-id=\"1u2h6l\" data-start=\"3208\" data-end=\"3278\">Transporte privado con aire acondicionado (4&#215;4, minib\u00fas o autob\u00fas)<\/li>\n<li data-section-id=\"khxukc\" data-start=\"3279\" data-end=\"3309\">Conductor\/gu\u00eda multiling\u00fce<\/li>\n<li data-section-id=\"1xlc6vv\" data-start=\"3310\" data-end=\"3325\">Combustible<\/li>\n<li data-section-id=\"14iav4w\" data-start=\"3326\" data-end=\"3354\">4 noches en hotel o riad<\/li>\n<li data-section-id=\"hsy8p0\" data-start=\"3355\" data-end=\"3413\">1 noche en campamento en el desierto (cena y desayuno)<\/li>\n<li data-section-id=\"1vuo7la\" data-start=\"3414\" data-end=\"3434\">Paseo en camello<\/li>\n<li data-section-id=\"1odfhf6\" data-start=\"3435\" data-end=\"3464\">Sandboarding en las dunas<\/li>\n<\/ul>\n<hr data-start=\"3466\" data-end=\"3469\">\n<h2 data-section-id=\"ak0hx3\" data-start=\"3471\" data-end=\"3487\">\u274c <span style=\"color: #ff6600;\">No incluido<\/span><\/h2>\n<ul data-start=\"3488\" data-end=\"3577\">\n<li data-section-id=\"cra5n3\" data-start=\"3488\" data-end=\"3511\">Bebidas y almuerzos<\/li>\n<li data-section-id=\"1u6l1ge\" data-start=\"3512\" data-end=\"3522\">Vuelos<\/li>\n<li data-section-id=\"k8ve4k\" data-start=\"3523\" data-end=\"3548\">Entradas a monumentos<\/li>\n<li data-section-id=\"z1as6\" data-start=\"3549\" data-end=\"3577\">Alojamiento en Marrakech<\/li>\n<\/ul>\n<hr data-start=\"3579\" data-end=\"3582\">\n<p data-start=\"3584\" data-end=\"3699\">\u2728 <strong data-start=\"3586\" data-end=\"3595\">Nota:<\/strong> Este tour es totalmente personalizable. Podemos adaptarlo seg\u00fan tus preferencias, tiempo o presupuesto.<\/p>\n","protected":false},"excerpt":{"rendered":"<p>\ud83c\udf0d Tour de 6 d\u00edas desde Marrakech al desierto de Merzouga Comenzaremos nuestro viaje desde Marrakech atravesando las impresionantes monta\u00f1as del Alto Atlas y el famoso paso Tizi n&#8217;Tichka (2.260 m de altitud). Visitaremos la emblem\u00e1tica kasbah de Ait Ben Haddou, declarada Patrimonio de la Humanidad por la UNESCO, antes de continuar hacia Ouarzazate, conocida&#8230;<\/p>\n","protected":false},"author":1,"featured_media":0,"parent":0,"menu_order":0,"comment_status":"closed","ping_status":"closed","template":"","meta":{"ngg_post_thumbnail":0,"_kad_post_transparent":"default","_kad_post_title":"default","_kad_post_layout":"default","_kad_post_sidebar_id":"","_kad_post_content_style":"default","_kad_post_vertical_padding":"default","_kad_post_feature":"","_kad_post_feature_position":"","_kad_post_header":false,"_kad_post_footer":false,"footnotes":""},"class_list":["post-10792","page","type-page","status-publish","hentry"],"yoast_head":"<!-- This site is optimized with the Yoast SEO plugin v21.5 - https:\/\/yoast.com\/wordpress\/plugins\/seo\/ -->\n<title>6-dias-desde-marrakech-to-zagora-y-merzouga<\/title>\n<meta name=\"description\" content=\"&quot;Marruecos vacaciones, Marruecos consejos de viaje, Marruecos viajes privados, vacaciones a Marruecos, Marruecos viaje, mejor \u00e9poca para visitar Marruecos, vacaciones Marruecos, viajes en Marruecos, Marruecos tours del desierto, Marruecos turismo,&quot;\" \/>\n<meta name=\"robots\" content=\"index, follow, max-snippet:-1, max-image-preview:large, max-video-preview:-1\" \/>\n<link rel=\"canonical\" href=\"https:\/\/discoverysaharatours.com\/es\/6-dias-desde-marrakech-to-zagora-y-merzouga\/\" \/>\n<meta property=\"og:locale\" content=\"en_US\" \/>\n<meta property=\"og:type\" content=\"article\" \/>\n<meta property=\"og:title\" content=\"https:\/\/web.facebook.com\/Discovery.sahara\/\" \/>\n<meta property=\"og:description\" content=\"Discovery Sahara Tours es una agencia local en Marruecos muy especializada en organizar rutas por el desierto, con veh\u00edculos 4\u00d74 que facilitan el acceso a las pistas, a los lugares menos tur\u00edsticos y m\u00e1s aut\u00e9nticos, para disfrutar de la comodidad y el confort de sus ventajas. Con excursiones en dromedarios hasta llegar a los campamentos situados en medio de las dunas y poder disfrutar de una noche bajo las estrellas. Visitar familias bereberes, compartir su estilo de vida y costumbres. Con excursiones a pie hasta llegar al oasis frecuentado por n\u00f3madas.\" \/>\n<meta property=\"og:url\" content=\"https:\/\/discoverysaharatours.com\/es\/6-dias-desde-marrakech-to-zagora-y-merzouga\/\" \/>\n<meta property=\"og:site_name\" content=\"Discovery Sahara Tours\" \/>\n<meta property=\"article:modified_time\" content=\"2026-04-08T19:51:58+00:00\" \/>\n<meta property=\"og:image\" content=\"https:\/\/discoverysaharatours.com\/es\/wp-content\/uploads\/2022\/10\/cropped-logo-Discovery-Sahara-Tours.png\" \/>\n\t<meta property=\"og:image:width\" content=\"512\" \/>\n\t<meta property=\"og:image:height\" content=\"512\" \/>\n\t<meta property=\"og:image:type\" content=\"image\/png\" \/>\n<meta name=\"twitter:card\" content=\"summary_large_image\" \/>\n<meta name=\"twitter:label1\" content=\"Est. reading time\" \/>\n\t<meta name=\"twitter:data1\" content=\"3 minutes\" \/>\n<script type=\"application\/ld+json\" class=\"yoast-schema-graph\">{\"@context\":\"https:\/\/schema.org\",\"@graph\":[{\"@type\":\"WebPage\",\"@id\":\"https:\/\/discoverysaharatours.com\/es\/6-dias-desde-marrakech-to-zagora-y-merzouga\/\",\"url\":\"https:\/\/discoverysaharatours.com\/es\/6-dias-desde-marrakech-to-zagora-y-merzouga\/\",\"name\":\"6-dias-desde-marrakech-to-zagora-y-merzouga\",\"isPartOf\":{\"@id\":\"https:\/\/discoverysaharatours.com\/es\/#website\"},\"datePublished\":\"2018-11-02T16:21:38+00:00\",\"dateModified\":\"2026-04-08T19:51:58+00:00\",\"description\":\"\\\"Marruecos vacaciones, Marruecos consejos de viaje, Marruecos viajes privados, vacaciones a Marruecos, Marruecos viaje, mejor \u00e9poca para visitar Marruecos, vacaciones Marruecos, viajes en Marruecos, Marruecos tours del desierto, Marruecos turismo,\\\"\",\"breadcrumb\":{\"@id\":\"https:\/\/discoverysaharatours.com\/es\/6-dias-desde-marrakech-to-zagora-y-merzouga\/#breadcrumb\"},\"inLanguage\":\"en-US\",\"potentialAction\":[{\"@type\":\"ReadAction\",\"target\":[\"https:\/\/discoverysaharatours.com\/es\/6-dias-desde-marrakech-to-zagora-y-merzouga\/\"]}]},{\"@type\":\"BreadcrumbList\",\"@id\":\"https:\/\/discoverysaharatours.com\/es\/6-dias-desde-marrakech-to-zagora-y-merzouga\/#breadcrumb\",\"itemListElement\":[{\"@type\":\"ListItem\",\"position\":1,\"name\":\"Home\",\"item\":\"https:\/\/discoverysaharatours.com\/es\/\"},{\"@type\":\"ListItem\",\"position\":2,\"name\":\"6 d\u00edas desde Marrakech to Zagora y Merzouga\"}]},{\"@type\":\"WebSite\",\"@id\":\"https:\/\/discoverysaharatours.com\/es\/#website\",\"url\":\"https:\/\/discoverysaharatours.com\/es\/\",\"name\":\"Discovery Sahara Tours\",\"description\":\"Morocco Desert Tours \/ Tours &amp; Excursions in Morocco\",\"publisher\":{\"@id\":\"https:\/\/discoverysaharatours.com\/es\/#organization\"},\"potentialAction\":[{\"@type\":\"SearchAction\",\"target\":{\"@type\":\"EntryPoint\",\"urlTemplate\":\"https:\/\/discoverysaharatours.com\/es\/?s={search_term_string}\"},\"query-input\":\"required name=search_term_string\"}],\"inLanguage\":\"en-US\"},{\"@type\":\"Organization\",\"@id\":\"https:\/\/discoverysaharatours.com\/es\/#organization\",\"name\":\"Discovery Sahara Tours\",\"url\":\"https:\/\/discoverysaharatours.com\/es\/\",\"logo\":{\"@type\":\"ImageObject\",\"inLanguage\":\"en-US\",\"@id\":\"https:\/\/discoverysaharatours.com\/es\/#\/schema\/logo\/image\/\",\"url\":\"https:\/\/discoverysaharatours.com\/es\/wp-content\/uploads\/2022\/10\/logo-Discovery-Sahara-Tours.png\",\"contentUrl\":\"https:\/\/discoverysaharatours.com\/es\/wp-content\/uploads\/2022\/10\/logo-Discovery-Sahara-Tours.png\",\"width\":557,\"height\":486,\"caption\":\"Discovery Sahara Tours\"},\"image\":{\"@id\":\"https:\/\/discoverysaharatours.com\/es\/#\/schema\/logo\/image\/\"}}]}<\/script>\n<!-- \/ Yoast SEO plugin. -->","yoast_head_json":{"title":"6-dias-desde-marrakech-to-zagora-y-merzouga","description":"\"Marruecos vacaciones, Marruecos consejos de viaje, Marruecos viajes privados, vacaciones a Marruecos, Marruecos viaje, mejor \u00e9poca para visitar Marruecos, vacaciones Marruecos, viajes en Marruecos, Marruecos tours del desierto, Marruecos turismo,\"","robots":{"index":"index","follow":"follow","max-snippet":"max-snippet:-1","max-image-preview":"max-image-preview:large","max-video-preview":"max-video-preview:-1"},"canonical":"https:\/\/discoverysaharatours.com\/es\/6-dias-desde-marrakech-to-zagora-y-merzouga\/","og_locale":"en_US","og_type":"article","og_title":"https:\/\/web.facebook.com\/Discovery.sahara\/","og_description":"Discovery Sahara Tours es una agencia local en Marruecos muy especializada en organizar rutas por el desierto, con veh\u00edculos 4\u00d74 que facilitan el acceso a las pistas, a los lugares menos tur\u00edsticos y m\u00e1s aut\u00e9nticos, para disfrutar de la comodidad y el confort de sus ventajas. Con excursiones en dromedarios hasta llegar a los campamentos situados en medio de las dunas y poder disfrutar de una noche bajo las estrellas. Visitar familias bereberes, compartir su estilo de vida y costumbres. Con excursiones a pie hasta llegar al oasis frecuentado por n\u00f3madas.","og_url":"https:\/\/discoverysaharatours.com\/es\/6-dias-desde-marrakech-to-zagora-y-merzouga\/","og_site_name":"Discovery Sahara Tours","article_modified_time":"2026-04-08T19:51:58+00:00","og_image":[{"width":512,"height":512,"url":"https:\/\/discoverysaharatours.com\/es\/wp-content\/uploads\/2022\/10\/cropped-logo-Discovery-Sahara-Tours.png","type":"image\/png"}],"twitter_card":"summary_large_image","twitter_misc":{"Est. reading time":"3 minutes"},"schema":{"@context":"https:\/\/schema.org","@graph":[{"@type":"WebPage","@id":"https:\/\/discoverysaharatours.com\/es\/6-dias-desde-marrakech-to-zagora-y-merzouga\/","url":"https:\/\/discoverysaharatours.com\/es\/6-dias-desde-marrakech-to-zagora-y-merzouga\/","name":"6-dias-desde-marrakech-to-zagora-y-merzouga","isPartOf":{"@id":"https:\/\/discoverysaharatours.com\/es\/#website"},"datePublished":"2018-11-02T16:21:38+00:00","dateModified":"2026-04-08T19:51:58+00:00","description":"\"Marruecos vacaciones, Marruecos consejos de viaje, Marruecos viajes privados, vacaciones a Marruecos, Marruecos viaje, mejor \u00e9poca para visitar Marruecos, vacaciones Marruecos, viajes en Marruecos, Marruecos tours del desierto, Marruecos turismo,\"","breadcrumb":{"@id":"https:\/\/discoverysaharatours.com\/es\/6-dias-desde-marrakech-to-zagora-y-merzouga\/#breadcrumb"},"inLanguage":"en-US","potentialAction":[{"@type":"ReadAction","target":["https:\/\/discoverysaharatours.com\/es\/6-dias-desde-marrakech-to-zagora-y-merzouga\/"]}]},{"@type":"BreadcrumbList","@id":"https:\/\/discoverysaharatours.com\/es\/6-dias-desde-marrakech-to-zagora-y-merzouga\/#breadcrumb","itemListElement":[{"@type":"ListItem","position":1,"name":"Home","item":"https:\/\/discoverysaharatours.com\/es\/"},{"@type":"ListItem","position":2,"name":"6 d\u00edas desde Marrakech to Zagora y Merzouga"}]},{"@type":"WebSite","@id":"https:\/\/discoverysaharatours.com\/es\/#website","url":"https:\/\/discoverysaharatours.com\/es\/","name":"Discovery Sahara Tours","description":"Morocco Desert Tours \/ Tours &amp; Excursions in Morocco","publisher":{"@id":"https:\/\/discoverysaharatours.com\/es\/#organization"},"potentialAction":[{"@type":"SearchAction","target":{"@type":"EntryPoint","urlTemplate":"https:\/\/discoverysaharatours.com\/es\/?s={search_term_string}"},"query-input":"required name=search_term_string"}],"inLanguage":"en-US"},{"@type":"Organization","@id":"https:\/\/discoverysaharatours.com\/es\/#organization","name":"Discovery Sahara Tours","url":"https:\/\/discoverysaharatours.com\/es\/","logo":{"@type":"ImageObject","inLanguage":"en-US","@id":"https:\/\/discoverysaharatours.com\/es\/#\/schema\/logo\/image\/","url":"https:\/\/discoverysaharatours.com\/es\/wp-content\/uploads\/2022\/10\/logo-Discovery-Sahara-Tours.png","contentUrl":"https:\/\/discoverysaharatours.com\/es\/wp-content\/uploads\/2022\/10\/logo-Discovery-Sahara-Tours.png","width":557,"height":486,"caption":"Discovery Sahara Tours"},"image":{"@id":"https:\/\/discoverysaharatours.com\/es\/#\/schema\/logo\/image\/"}}]}},"_links":{"self":[{"href":"https:\/\/discoverysaharatours.com\/es\/wp-json\/wp\/v2\/pages\/10792","targetHints":{"allow":["GET"]}}],"collection":[{"href":"https:\/\/discoverysaharatours.com\/es\/wp-json\/wp\/v2\/pages"}],"about":[{"href":"https:\/\/discoverysaharatours.com\/es\/wp-json\/wp\/v2\/types\/page"}],"author":[{"embeddable":true,"href":"https:\/\/discoverysaharatours.com\/es\/wp-json\/wp\/v2\/users\/1"}],"replies":[{"embeddable":true,"href":"https:\/\/discoverysaharatours.com\/es\/wp-json\/wp\/v2\/comments?post=10792"}],"version-history":[{"count":5,"href":"https:\/\/discoverysaharatours.com\/es\/wp-json\/wp\/v2\/pages\/10792\/revisions"}],"predecessor-version":[{"id":19733,"href":"https:\/\/discoverysaharatours.com\/es\/wp-json\/wp\/v2\/pages\/10792\/revisions\/19733"}],"wp:attachment":[{"href":"https:\/\/discoverysaharatours.com\/es\/wp-json\/wp\/v2\/media?parent=10792"}],"curies":[{"name":"wp","href":"https:\/\/api.w.org\/{rel}","templated":true}]}}