{"id":10794,"date":"2018-11-02T16:22:10","date_gmt":"2018-11-02T16:22:10","guid":{"rendered":"https:\/\/www.discoverysaharatours.com\/?page_id=10794"},"modified":"2026-04-09T09:44:00","modified_gmt":"2026-04-09T09:44:00","slug":"7-dias-desde-marrakech-hasta-el-desierto-de-merzouga","status":"publish","type":"page","link":"https:\/\/discoverysaharatours.com\/es\/7-dias-desde-marrakech-hasta-el-desierto-de-merzouga\/","title":{"rendered":"7 d\u00edas desde Marrakech hasta el desierto de Merzouga"},"content":{"rendered":"<h1 data-section-id=\"1lxzlic\" data-start=\"127\" data-end=\"189\">\ud83c\udf0d Tour Marruecos 7 d\u00edas: Marrakech \u2013 Desierto de Erg Chebbi<\/h1>\n<p data-start=\"191\" data-end=\"423\">Despu\u00e9s de visitar Marrakech con un gu\u00eda local, comenzaremos una fascinante ruta hacia el desierto de Erg Chebbi, atravesando las impresionantes monta\u00f1as del Alto Atlas, kasbahs hist\u00f3ricas y aut\u00e9nticos paisajes del sur de Marruecos.<\/p>\n<hr data-start=\"425\" data-end=\"428\">\n<h2 data-section-id=\"10oy2vc\" data-start=\"430\" data-end=\"463\">\ud83d\uddd3\ufe0f <span style=\"color: #ff6600;\">D\u00eda 1: Llegada a Marrakech<\/span><\/h2>\n<p data-start=\"464\" data-end=\"557\">Llegada al aeropuerto de <span class=\"hover:entity-accent entity-underline inline cursor-pointer align-baseline\"><span class=\"whitespace-normal\">Marrakech<\/span><\/span>.<br data-start=\"527\" data-end=\"530\">Traslado a su hotel o riad.<\/p>\n<p data-start=\"559\" data-end=\"662\">Tiempo libre para descubrir la famosa plaza <span class=\"hover:entity-accent entity-underline inline cursor-pointer align-baseline\"><span class=\"whitespace-normal\">Jemaa el-Fnaa<\/span><\/span> y sus animados zocos.<\/p>\n<p data-start=\"664\" data-end=\"678\">Noche en riad.<\/p>\n<hr data-start=\"680\" data-end=\"683\">\n<h2 data-section-id=\"58r5b6\" data-start=\"685\" data-end=\"725\">\ud83d\uddd3\ufe0f <span style=\"color: #ff6600;\">D\u00eda 2: Visita guiada de Marrakech<\/span><\/h2>\n<p data-start=\"726\" data-end=\"778\">D\u00eda completo para explorar la ciudad con gu\u00eda local.<\/p>\n<p data-start=\"780\" data-end=\"799\">Visitas destacadas:<\/p>\n<ul data-start=\"800\" data-end=\"1000\">\n<li data-section-id=\"1gcjogl\" data-start=\"800\" data-end=\"841\"><span class=\"hover:entity-accent entity-underline inline cursor-pointer align-baseline\"><span class=\"whitespace-normal\">Mezquita Koutoubia<\/span><\/span><\/li>\n<li data-section-id=\"17cx67f\" data-start=\"842\" data-end=\"874\">Medina y zocos tradicionales<\/li>\n<li data-section-id=\"cgv1px\" data-start=\"875\" data-end=\"916\"><span class=\"hover:entity-accent entity-underline inline cursor-pointer align-baseline\"><span class=\"whitespace-normal\">Medersa Ben Youssef<\/span><\/span><\/li>\n<li data-section-id=\"eyrt5h\" data-start=\"917\" data-end=\"958\"><span class=\"hover:entity-accent entity-underline inline cursor-pointer align-baseline\"><span class=\"whitespace-normal\">Palacio de la Bah\u00eda<\/span><\/span><\/li>\n<li data-section-id=\"hjs5dh\" data-start=\"959\" data-end=\"1000\"><span class=\"hover:entity-accent entity-underline inline cursor-pointer align-baseline\"><span class=\"whitespace-normal\">Jard\u00edn Majorelle<\/span><\/span><\/li>\n<\/ul>\n<p data-start=\"1002\" data-end=\"1016\">Noche en riad.<\/p>\n<hr data-start=\"1018\" data-end=\"1021\">\n<h2 data-section-id=\"16kk0ra\" data-start=\"1023\" data-end=\"1086\">\ud83d\uddd3\ufe0f <span style=\"color: #ff6600;\">D\u00eda 3: Marrakech \u2013 Telouet \u2013 Ait Ben Haddou \u2013 Ouarzazate<\/span><\/h2>\n<p data-start=\"1087\" data-end=\"1184\">Salida hacia el Alto Atlas atravesando el paso de <span class=\"hover:entity-accent entity-underline inline cursor-pointer align-baseline\"><span class=\"whitespace-normal\">Tizi n&#8217;Tichka<\/span><\/span> (2260 m).<\/p>\n<p data-start=\"1186\" data-end=\"1194\">Visitas:<\/p>\n<ul data-start=\"1195\" data-end=\"1296\">\n<li data-section-id=\"1l5awad\" data-start=\"1195\" data-end=\"1236\"><span class=\"hover:entity-accent entity-underline inline cursor-pointer align-baseline\"><span class=\"whitespace-normal\">Kasbah de Telouet<\/span><\/span><\/li>\n<li data-section-id=\"e94doh\" data-start=\"1237\" data-end=\"1296\"><span class=\"hover:entity-accent entity-underline inline cursor-pointer align-baseline\"><span class=\"whitespace-normal\">Ait Ben Haddou<\/span><\/span> (Patrimonio UNESCO)<\/li>\n<\/ul>\n<p data-start=\"1298\" data-end=\"1346\">Llegada a <span class=\"hover:entity-accent entity-underline inline cursor-pointer align-baseline\"><span class=\"whitespace-normal\">Ouarzazate<\/span><\/span>:<\/p>\n<ul data-start=\"1347\" data-end=\"1399\">\n<li data-section-id=\"1cltpac\" data-start=\"1347\" data-end=\"1399\">Visita a <span class=\"hover:entity-accent entity-underline inline cursor-pointer align-baseline\"><span class=\"whitespace-normal\">Atlas Studios<\/span><\/span><\/li>\n<\/ul>\n<p data-start=\"1401\" data-end=\"1430\">Cena y noche en hotel o riad.<\/p>\n<hr data-start=\"1432\" data-end=\"1435\">\n<h2 data-section-id=\"wibicj\" data-start=\"1437\" data-end=\"1500\">\ud83d\uddd3\ufe0f <span style=\"color: #ff6600;\">D\u00eda 4: Ouarzazate \u2013 Valle de las Rosas \u2013 Valle del Dades<\/span><\/h2>\n<p data-start=\"1501\" data-end=\"1510\">Ruta por:<\/p>\n<ul data-start=\"1511\" data-end=\"1654\">\n<li data-section-id=\"ndu5b2\" data-start=\"1511\" data-end=\"1566\">Palmeral de <span class=\"hover:entity-accent entity-underline inline cursor-pointer align-baseline\"><span class=\"whitespace-normal\">Skoura<\/span><\/span><\/li>\n<li data-section-id=\"1y51851\" data-start=\"1567\" data-end=\"1610\"><span class=\"hover:entity-accent entity-underline inline cursor-pointer align-baseline\"><span class=\"whitespace-normal\">Kasbah Amridil<\/span><\/span><\/li>\n<li data-section-id=\"1ce4kxh\" data-start=\"1611\" data-end=\"1654\"><span class=\"hover:entity-accent entity-underline inline cursor-pointer align-baseline\"><span class=\"whitespace-normal\">Kelaat M&#8217;Gouna<\/span><\/span><\/li>\n<\/ul>\n<p data-start=\"1656\" data-end=\"1749\">Continuaci\u00f3n por la Ruta de las Mil Kasbahs hasta el <span class=\"hover:entity-accent entity-underline inline cursor-pointer align-baseline\"><span class=\"whitespace-normal\">Valle del Dades<\/span><\/span>.<\/p>\n<p data-start=\"1751\" data-end=\"1773\">Cena y noche en hotel.<\/p>\n<hr data-start=\"1775\" data-end=\"1778\">\n<h2 data-section-id=\"tmeuqb\" data-start=\"1780\" data-end=\"1832\">\ud83d\uddd3\ufe0f <span style=\"color: #ff6600;\">D\u00eda 5: Dades \u2013 Gargantas del Todra \u2013 Merzouga<\/span><\/h2>\n<p data-start=\"1833\" data-end=\"1861\">Visita a las espectaculares:<\/p>\n<ul data-start=\"1862\" data-end=\"1905\">\n<li data-section-id=\"1tbdkl1\" data-start=\"1862\" data-end=\"1905\"><span class=\"hover:entity-accent entity-underline inline cursor-pointer align-baseline\"><span class=\"whitespace-normal\">Gargantas del Todra<\/span><\/span><\/li>\n<\/ul>\n<p data-start=\"1907\" data-end=\"1916\">Paso por:<\/p>\n<ul data-start=\"1917\" data-end=\"1960\">\n<li data-section-id=\"1gyxoqd\" data-start=\"1917\" data-end=\"1960\"><span class=\"hover:entity-accent entity-underline inline cursor-pointer align-baseline\"><span class=\"whitespace-normal\">Erfoud<\/span><\/span><\/li>\n<\/ul>\n<p data-start=\"1962\" data-end=\"2012\">Llegada a <span class=\"hover:entity-accent entity-underline inline cursor-pointer align-baseline\"><span class=\"whitespace-normal\">Merzouga<\/span><\/span>.<\/p>\n<p data-start=\"2014\" data-end=\"2156\">Experiencia:<br \/>\n\ud83d\udc2a Paseo en camello por las dunas de <span class=\"hover:entity-accent entity-underline inline cursor-pointer align-baseline\"><span class=\"whitespace-normal\">Erg Chebbi<\/span><\/span><br data-start=\"2103\" data-end=\"2106\">\ud83c\udfdc\ufe0f Noche en campamento bereber bajo las estrellas<\/p>\n<hr data-start=\"2158\" data-end=\"2161\">\n<h2 data-section-id=\"1psrrab\" data-start=\"2163\" data-end=\"2225\">\ud83d\uddd3\ufe0f <span style=\"color: #ff6600;\">D\u00eda 6: Merzouga \u2013 Rissani \u2013 Valle del Draa \u2013 Ouarzazate<\/span><\/h2>\n<p data-start=\"2226\" data-end=\"2252\">Amanecer en el desierto \ud83c\udf05<\/p>\n<p data-start=\"2254\" data-end=\"2265\">Ruta hacia:<\/p>\n<ul data-start=\"2266\" data-end=\"2375\">\n<li data-section-id=\"127ey23\" data-start=\"2266\" data-end=\"2331\"><span class=\"hover:entity-accent entity-underline inline cursor-pointer align-baseline\"><span class=\"whitespace-normal\">Rissani<\/span><\/span> (mercado tradicional)<\/li>\n<li data-section-id=\"1or3w39\" data-start=\"2332\" data-end=\"2375\"><span class=\"hover:entity-accent entity-underline inline cursor-pointer align-baseline\"><span class=\"whitespace-normal\">Valle del Draa<\/span><\/span><\/li>\n<\/ul>\n<p data-start=\"2377\" data-end=\"2414\">Llegada a Ouarzazate.<br data-start=\"2398\" data-end=\"2401\">Cena y noche.<\/p>\n<hr data-start=\"2416\" data-end=\"2419\">\n<h2 data-section-id=\"txvpaa\" data-start=\"2421\" data-end=\"2457\">\ud83d\uddd3\ufe0f<span style=\"color: #ff6600;\"> D\u00eda 7: Ouarzazate \u2013 Marrakech<\/span><\/h2>\n<p data-start=\"2458\" data-end=\"2534\">Regreso a <span class=\"hover:entity-accent entity-underline inline cursor-pointer align-baseline\"><span class=\"whitespace-normal\">Marrakech<\/span><\/span> atravesando el Alto Atlas.<\/p>\n<p data-start=\"2536\" data-end=\"2582\">Traslado al aeropuerto seg\u00fan horario de vuelo.<\/p>\n<hr data-start=\"2584\" data-end=\"2587\">\n<h1 data-section-id=\"kcj2oi\" data-start=\"2589\" data-end=\"2610\">\u2705 <span style=\"color: #ff6600;\">Qu\u00e9 est\u00e1 incluido<\/span><\/h1>\n<ul data-start=\"2611\" data-end=\"2849\">\n<li data-section-id=\"1l146lx\" data-start=\"2611\" data-end=\"2672\">Transporte privado con aire acondicionado (4&#215;4 o minib\u00fas)<\/li>\n<li data-section-id=\"khxukc\" data-start=\"2673\" data-end=\"2703\">Conductor\/gu\u00eda multiling\u00fce<\/li>\n<li data-section-id=\"1xlc6vv\" data-start=\"2704\" data-end=\"2719\">Combustible<\/li>\n<li data-section-id=\"16eyvsx\" data-start=\"2720\" data-end=\"2748\">5 noches en hotel o riad<\/li>\n<li data-section-id=\"1fzdz2q\" data-start=\"2749\" data-end=\"2805\">1 noche en campamento en el desierto (media pensi\u00f3n)<\/li>\n<li data-section-id=\"1vuo7la\" data-start=\"2806\" data-end=\"2826\">Paseo en camello<\/li>\n<li data-section-id=\"1407770\" data-start=\"2827\" data-end=\"2849\">Sandboard en dunas<\/li>\n<\/ul>\n<hr data-start=\"2851\" data-end=\"2854\">\n<h1 data-section-id=\"16rfoic\" data-start=\"2856\" data-end=\"2871\">\u274c <span style=\"color: #ff6600;\">No incluido<\/span><\/h1>\n<ul data-start=\"2872\" data-end=\"2961\">\n<li data-section-id=\"u610en\" data-start=\"2872\" data-end=\"2895\">Almuerzos y bebidas<\/li>\n<li data-section-id=\"1u6l1ge\" data-start=\"2896\" data-end=\"2906\">Vuelos<\/li>\n<li data-section-id=\"k8ve4k\" data-start=\"2907\" data-end=\"2932\">Entradas a monumentos<\/li>\n<li data-section-id=\"z1as6\" data-start=\"2933\" data-end=\"2961\">Alojamiento en Marrakech<\/li>\n<\/ul>\n<hr data-start=\"2963\" data-end=\"2966\">\n<p data-start=\"2968\" data-end=\"3042\">\u2728 <strong data-start=\"2970\" data-end=\"2979\">Nota:<\/strong> Este tour es totalmente personalizable seg\u00fan sus preferencias.<\/p>\n","protected":false},"excerpt":{"rendered":"<p>\ud83c\udf0d Tour Marruecos 7 d\u00edas: Marrakech \u2013 Desierto de Erg Chebbi Despu\u00e9s de visitar Marrakech con un gu\u00eda local, comenzaremos una fascinante ruta hacia el desierto de Erg Chebbi, atravesando las impresionantes monta\u00f1as del Alto Atlas, kasbahs hist\u00f3ricas y aut\u00e9nticos paisajes del sur de Marruecos. \ud83d\uddd3\ufe0f D\u00eda 1: Llegada a Marrakech Llegada al aeropuerto de&#8230;<\/p>\n","protected":false},"author":1,"featured_media":0,"parent":0,"menu_order":0,"comment_status":"closed","ping_status":"closed","template":"","meta":{"ngg_post_thumbnail":0,"_kad_post_transparent":"default","_kad_post_title":"default","_kad_post_layout":"default","_kad_post_sidebar_id":"","_kad_post_content_style":"default","_kad_post_vertical_padding":"default","_kad_post_feature":"","_kad_post_feature_position":"","_kad_post_header":false,"_kad_post_footer":false,"footnotes":""},"class_list":["post-10794","page","type-page","status-publish","hentry"],"yoast_head":"<!-- This site is optimized with the Yoast SEO plugin v21.5 - https:\/\/yoast.com\/wordpress\/plugins\/seo\/ -->\n<title>7-dias-desde-marrakech-hasta-el-desierto-de-merzouga<\/title>\n<meta name=\"description\" content=\"&quot;Marruecos vacaciones, Marruecos consejos de viaje, Marruecos viajes privados, vacaciones a Marruecos, Marruecos viaje, mejor \u00e9poca para visitar Marruecos, vacaciones Marruecos, viajes en Marruecos, Marruecos tours del desierto, Marruecos turismo,&quot;\" \/>\n<meta name=\"robots\" content=\"index, follow, max-snippet:-1, max-image-preview:large, max-video-preview:-1\" \/>\n<link rel=\"canonical\" href=\"https:\/\/discoverysaharatours.com\/es\/7-dias-desde-marrakech-hasta-el-desierto-de-merzouga\/\" \/>\n<meta property=\"og:locale\" content=\"en_US\" \/>\n<meta property=\"og:type\" content=\"article\" \/>\n<meta property=\"og:title\" content=\"https:\/\/web.facebook.com\/Discovery.sahara\/\" \/>\n<meta property=\"og:description\" content=\"Discovery Sahara Tours es una agencia local en Marruecos muy especializada en organizar rutas por el desierto, con veh\u00edculos 4\u00d74 que facilitan el acceso a las pistas, a los lugares menos tur\u00edsticos y m\u00e1s aut\u00e9nticos, para disfrutar de la comodidad y el confort de sus ventajas. Con excursiones en dromedarios hasta llegar a los campamentos situados en medio de las dunas y poder disfrutar de una noche bajo las estrellas. Visitar familias bereberes, compartir su estilo de vida y costumbres. Con excursiones a pie hasta llegar al oasis frecuentado por n\u00f3madas.\" \/>\n<meta property=\"og:url\" content=\"https:\/\/discoverysaharatours.com\/es\/7-dias-desde-marrakech-hasta-el-desierto-de-merzouga\/\" \/>\n<meta property=\"og:site_name\" content=\"Discovery Sahara Tours\" \/>\n<meta property=\"article:modified_time\" content=\"2026-04-09T09:44:00+00:00\" \/>\n<meta property=\"og:image\" content=\"https:\/\/discoverysaharatours.com\/es\/wp-content\/uploads\/2022\/10\/cropped-logo-Discovery-Sahara-Tours.png\" \/>\n\t<meta property=\"og:image:width\" content=\"512\" \/>\n\t<meta property=\"og:image:height\" content=\"512\" \/>\n\t<meta property=\"og:image:type\" content=\"image\/png\" \/>\n<meta name=\"twitter:card\" content=\"summary_large_image\" \/>\n<meta name=\"twitter:label1\" content=\"Est. reading time\" \/>\n\t<meta name=\"twitter:data1\" content=\"2 minutes\" \/>\n<script type=\"application\/ld+json\" class=\"yoast-schema-graph\">{\"@context\":\"https:\/\/schema.org\",\"@graph\":[{\"@type\":\"WebPage\",\"@id\":\"https:\/\/discoverysaharatours.com\/es\/7-dias-desde-marrakech-hasta-el-desierto-de-merzouga\/\",\"url\":\"https:\/\/discoverysaharatours.com\/es\/7-dias-desde-marrakech-hasta-el-desierto-de-merzouga\/\",\"name\":\"7-dias-desde-marrakech-hasta-el-desierto-de-merzouga\",\"isPartOf\":{\"@id\":\"https:\/\/discoverysaharatours.com\/es\/#website\"},\"datePublished\":\"2018-11-02T16:22:10+00:00\",\"dateModified\":\"2026-04-09T09:44:00+00:00\",\"description\":\"\\\"Marruecos vacaciones, Marruecos consejos de viaje, Marruecos viajes privados, vacaciones a Marruecos, Marruecos viaje, mejor \u00e9poca para visitar Marruecos, vacaciones Marruecos, viajes en Marruecos, Marruecos tours del desierto, Marruecos turismo,\\\"\",\"breadcrumb\":{\"@id\":\"https:\/\/discoverysaharatours.com\/es\/7-dias-desde-marrakech-hasta-el-desierto-de-merzouga\/#breadcrumb\"},\"inLanguage\":\"en-US\",\"potentialAction\":[{\"@type\":\"ReadAction\",\"target\":[\"https:\/\/discoverysaharatours.com\/es\/7-dias-desde-marrakech-hasta-el-desierto-de-merzouga\/\"]}]},{\"@type\":\"BreadcrumbList\",\"@id\":\"https:\/\/discoverysaharatours.com\/es\/7-dias-desde-marrakech-hasta-el-desierto-de-merzouga\/#breadcrumb\",\"itemListElement\":[{\"@type\":\"ListItem\",\"position\":1,\"name\":\"Home\",\"item\":\"https:\/\/discoverysaharatours.com\/es\/\"},{\"@type\":\"ListItem\",\"position\":2,\"name\":\"7 d\u00edas desde Marrakech hasta el desierto de Merzouga\"}]},{\"@type\":\"WebSite\",\"@id\":\"https:\/\/discoverysaharatours.com\/es\/#website\",\"url\":\"https:\/\/discoverysaharatours.com\/es\/\",\"name\":\"Discovery Sahara Tours\",\"description\":\"Morocco Desert Tours \/ Tours &amp; Excursions in Morocco\",\"publisher\":{\"@id\":\"https:\/\/discoverysaharatours.com\/es\/#organization\"},\"potentialAction\":[{\"@type\":\"SearchAction\",\"target\":{\"@type\":\"EntryPoint\",\"urlTemplate\":\"https:\/\/discoverysaharatours.com\/es\/?s={search_term_string}\"},\"query-input\":\"required name=search_term_string\"}],\"inLanguage\":\"en-US\"},{\"@type\":\"Organization\",\"@id\":\"https:\/\/discoverysaharatours.com\/es\/#organization\",\"name\":\"Discovery Sahara Tours\",\"url\":\"https:\/\/discoverysaharatours.com\/es\/\",\"logo\":{\"@type\":\"ImageObject\",\"inLanguage\":\"en-US\",\"@id\":\"https:\/\/discoverysaharatours.com\/es\/#\/schema\/logo\/image\/\",\"url\":\"https:\/\/discoverysaharatours.com\/es\/wp-content\/uploads\/2022\/10\/logo-Discovery-Sahara-Tours.png\",\"contentUrl\":\"https:\/\/discoverysaharatours.com\/es\/wp-content\/uploads\/2022\/10\/logo-Discovery-Sahara-Tours.png\",\"width\":557,\"height\":486,\"caption\":\"Discovery Sahara Tours\"},\"image\":{\"@id\":\"https:\/\/discoverysaharatours.com\/es\/#\/schema\/logo\/image\/\"}}]}<\/script>\n<!-- \/ Yoast SEO plugin. -->","yoast_head_json":{"title":"7-dias-desde-marrakech-hasta-el-desierto-de-merzouga","description":"\"Marruecos vacaciones, Marruecos consejos de viaje, Marruecos viajes privados, vacaciones a Marruecos, Marruecos viaje, mejor \u00e9poca para visitar Marruecos, vacaciones Marruecos, viajes en Marruecos, Marruecos tours del desierto, Marruecos turismo,\"","robots":{"index":"index","follow":"follow","max-snippet":"max-snippet:-1","max-image-preview":"max-image-preview:large","max-video-preview":"max-video-preview:-1"},"canonical":"https:\/\/discoverysaharatours.com\/es\/7-dias-desde-marrakech-hasta-el-desierto-de-merzouga\/","og_locale":"en_US","og_type":"article","og_title":"https:\/\/web.facebook.com\/Discovery.sahara\/","og_description":"Discovery Sahara Tours es una agencia local en Marruecos muy especializada en organizar rutas por el desierto, con veh\u00edculos 4\u00d74 que facilitan el acceso a las pistas, a los lugares menos tur\u00edsticos y m\u00e1s aut\u00e9nticos, para disfrutar de la comodidad y el confort de sus ventajas. Con excursiones en dromedarios hasta llegar a los campamentos situados en medio de las dunas y poder disfrutar de una noche bajo las estrellas. Visitar familias bereberes, compartir su estilo de vida y costumbres. Con excursiones a pie hasta llegar al oasis frecuentado por n\u00f3madas.","og_url":"https:\/\/discoverysaharatours.com\/es\/7-dias-desde-marrakech-hasta-el-desierto-de-merzouga\/","og_site_name":"Discovery Sahara Tours","article_modified_time":"2026-04-09T09:44:00+00:00","og_image":[{"width":512,"height":512,"url":"https:\/\/discoverysaharatours.com\/es\/wp-content\/uploads\/2022\/10\/cropped-logo-Discovery-Sahara-Tours.png","type":"image\/png"}],"twitter_card":"summary_large_image","twitter_misc":{"Est. reading time":"2 minutes"},"schema":{"@context":"https:\/\/schema.org","@graph":[{"@type":"WebPage","@id":"https:\/\/discoverysaharatours.com\/es\/7-dias-desde-marrakech-hasta-el-desierto-de-merzouga\/","url":"https:\/\/discoverysaharatours.com\/es\/7-dias-desde-marrakech-hasta-el-desierto-de-merzouga\/","name":"7-dias-desde-marrakech-hasta-el-desierto-de-merzouga","isPartOf":{"@id":"https:\/\/discoverysaharatours.com\/es\/#website"},"datePublished":"2018-11-02T16:22:10+00:00","dateModified":"2026-04-09T09:44:00+00:00","description":"\"Marruecos vacaciones, Marruecos consejos de viaje, Marruecos viajes privados, vacaciones a Marruecos, Marruecos viaje, mejor \u00e9poca para visitar Marruecos, vacaciones Marruecos, viajes en Marruecos, Marruecos tours del desierto, Marruecos turismo,\"","breadcrumb":{"@id":"https:\/\/discoverysaharatours.com\/es\/7-dias-desde-marrakech-hasta-el-desierto-de-merzouga\/#breadcrumb"},"inLanguage":"en-US","potentialAction":[{"@type":"ReadAction","target":["https:\/\/discoverysaharatours.com\/es\/7-dias-desde-marrakech-hasta-el-desierto-de-merzouga\/"]}]},{"@type":"BreadcrumbList","@id":"https:\/\/discoverysaharatours.com\/es\/7-dias-desde-marrakech-hasta-el-desierto-de-merzouga\/#breadcrumb","itemListElement":[{"@type":"ListItem","position":1,"name":"Home","item":"https:\/\/discoverysaharatours.com\/es\/"},{"@type":"ListItem","position":2,"name":"7 d\u00edas desde Marrakech hasta el desierto de Merzouga"}]},{"@type":"WebSite","@id":"https:\/\/discoverysaharatours.com\/es\/#website","url":"https:\/\/discoverysaharatours.com\/es\/","name":"Discovery Sahara Tours","description":"Morocco Desert Tours \/ Tours &amp; Excursions in Morocco","publisher":{"@id":"https:\/\/discoverysaharatours.com\/es\/#organization"},"potentialAction":[{"@type":"SearchAction","target":{"@type":"EntryPoint","urlTemplate":"https:\/\/discoverysaharatours.com\/es\/?s={search_term_string}"},"query-input":"required name=search_term_string"}],"inLanguage":"en-US"},{"@type":"Organization","@id":"https:\/\/discoverysaharatours.com\/es\/#organization","name":"Discovery Sahara Tours","url":"https:\/\/discoverysaharatours.com\/es\/","logo":{"@type":"ImageObject","inLanguage":"en-US","@id":"https:\/\/discoverysaharatours.com\/es\/#\/schema\/logo\/image\/","url":"https:\/\/discoverysaharatours.com\/es\/wp-content\/uploads\/2022\/10\/logo-Discovery-Sahara-Tours.png","contentUrl":"https:\/\/discoverysaharatours.com\/es\/wp-content\/uploads\/2022\/10\/logo-Discovery-Sahara-Tours.png","width":557,"height":486,"caption":"Discovery Sahara Tours"},"image":{"@id":"https:\/\/discoverysaharatours.com\/es\/#\/schema\/logo\/image\/"}}]}},"_links":{"self":[{"href":"https:\/\/discoverysaharatours.com\/es\/wp-json\/wp\/v2\/pages\/10794","targetHints":{"allow":["GET"]}}],"collection":[{"href":"https:\/\/discoverysaharatours.com\/es\/wp-json\/wp\/v2\/pages"}],"about":[{"href":"https:\/\/discoverysaharatours.com\/es\/wp-json\/wp\/v2\/types\/page"}],"author":[{"embeddable":true,"href":"https:\/\/discoverysaharatours.com\/es\/wp-json\/wp\/v2\/users\/1"}],"replies":[{"embeddable":true,"href":"https:\/\/discoverysaharatours.com\/es\/wp-json\/wp\/v2\/comments?post=10794"}],"version-history":[{"count":5,"href":"https:\/\/discoverysaharatours.com\/es\/wp-json\/wp\/v2\/pages\/10794\/revisions"}],"predecessor-version":[{"id":19740,"href":"https:\/\/discoverysaharatours.com\/es\/wp-json\/wp\/v2\/pages\/10794\/revisions\/19740"}],"wp:attachment":[{"href":"https:\/\/discoverysaharatours.com\/es\/wp-json\/wp\/v2\/media?parent=10794"}],"curies":[{"name":"wp","href":"https:\/\/api.w.org\/{rel}","templated":true}]}}