{"id":10796,"date":"2018-11-02T16:22:51","date_gmt":"2018-11-02T16:22:51","guid":{"rendered":"https:\/\/www.discoverysaharatours.com\/?page_id=10796"},"modified":"2026-04-10T09:45:15","modified_gmt":"2026-04-10T09:45:15","slug":"8-dias-desde-marrakech-al-desierto-de-merzouga","status":"publish","type":"page","link":"https:\/\/discoverysaharatours.com\/es\/8-dias-desde-marrakech-al-desierto-de-merzouga\/","title":{"rendered":"8 d\u00edas desde Marrakech al desierto de Merzouga"},"content":{"rendered":"<h1 data-section-id=\"1re6t1e\" data-start=\"108\" data-end=\"161\">\ud83c\udf0d Tour de 8 d\u00edas: Marrakech \u2013 Desierto de Merzouga<\/h1>\n<p data-start=\"163\" data-end=\"252\">Descubre el sur de Marruecos combinando cultura, monta\u00f1as, kasbahs y la magia del Sahara.<\/p>\n<hr data-start=\"254\" data-end=\"257\">\n<h2 data-section-id=\"12v876l\" data-start=\"259\" data-end=\"320\">\ud83d\uddd3\ufe0f <span style=\"color: #ff6600;\">D\u00eda 1: Llegada a <span class=\"hover:entity-accent entity-underline inline cursor-pointer align-baseline\"><span class=\"whitespace-normal\">Marrakech<\/span><\/span><\/span><\/h2>\n<p data-start=\"321\" data-end=\"382\">Recepci\u00f3n en el aeropuerto y traslado a tu riad en la medina.<\/p>\n<p data-start=\"384\" data-end=\"542\">Seg\u00fan la hora de llegada, podr\u00e1s comenzar a descubrir la ciudad o disfrutar del ambiente \u00fanico de la plaza <span class=\"hover:entity-accent entity-underline inline cursor-pointer align-baseline\"><span class=\"whitespace-normal\">Jemaa el-Fnaa<\/span><\/span> al atardecer.<\/p>\n<p data-start=\"544\" data-end=\"561\">\ud83d\udecf\ufe0f Noche en riad<\/p>\n<hr data-start=\"563\" data-end=\"566\">\n<h2 data-section-id=\"1elcfrg\" data-start=\"568\" data-end=\"671\">\ud83d\uddd3\ufe0f <span style=\"color: #ff6600;\">D\u00eda 2: Marrakech \u2013 <span class=\"hover:entity-accent entity-underline inline cursor-pointer align-baseline\"><span class=\"whitespace-normal\">Ait Ben Haddou<\/span><\/span> \u2013 <span class=\"hover:entity-accent entity-underline inline cursor-pointer align-baseline\"><span class=\"whitespace-normal\">Ouarzazate<\/span><\/span><\/span><\/h2>\n<p data-start=\"672\" data-end=\"736\">Salida atravesando el Alto Atlas por el puerto de Tizi n\u2019Tichka.<\/p>\n<p data-start=\"738\" data-end=\"840\">Visita a la kasbah de <span class=\"hover:entity-accent entity-underline inline cursor-pointer align-baseline\"><span class=\"whitespace-normal\">Ait Ben Haddou<\/span><\/span>, Patrimonio de la Humanidad por la UNESCO.<\/p>\n<p data-start=\"842\" data-end=\"939\">Continuaci\u00f3n hacia <span class=\"hover:entity-accent entity-underline inline cursor-pointer align-baseline\"><span class=\"whitespace-normal\">Ouarzazate<\/span><\/span>, conocida como la \u201cpuerta del desierto\u201d.<\/p>\n<p data-start=\"941\" data-end=\"966\">\ud83d\udecf\ufe0f Cena y noche en hotel<\/p>\n<hr data-start=\"968\" data-end=\"971\">\n<h2 data-section-id=\"1hfx0cp\" data-start=\"973\" data-end=\"1054\">\ud83d\uddd3\ufe0f <span style=\"color: #ff6600;\">D\u00eda 3: Ouarzazate \u2013 Valle del Draa \u2013 <span class=\"hover:entity-accent entity-underline inline cursor-pointer align-baseline\"><span class=\"whitespace-normal\">Merzouga<\/span><\/span><\/span><\/h2>\n<p data-start=\"1055\" data-end=\"1149\">Ruta hacia el espectacular <span class=\"hover:entity-accent entity-underline inline cursor-pointer align-baseline\"><span class=\"whitespace-normal\">Draa Valley<\/span><\/span> con sus palmerales y kasbahs.<\/p>\n<p data-start=\"1151\" data-end=\"1199\">Llegada a <span class=\"hover:entity-accent entity-underline inline cursor-pointer align-baseline\"><span class=\"whitespace-normal\">Merzouga<\/span><\/span>.<\/p>\n<p data-start=\"1201\" data-end=\"1332\">Inicio de la experiencia en el desierto con paseo en camello hacia las dunas de <span class=\"hover:entity-accent entity-underline inline cursor-pointer align-baseline\"><span class=\"whitespace-normal\">Erg Chebbi<\/span><\/span> al atardecer.<\/p>\n<p data-start=\"1334\" data-end=\"1359\">\ud83d\udecf\ufe0f Cena y noche en jaima<\/p>\n<hr data-start=\"1361\" data-end=\"1364\">\n<h2 data-section-id=\"19kh0xl\" data-start=\"1366\" data-end=\"1418\">\ud83d\uddd3\ufe0f <span style=\"color: #ff6600;\">D\u00eda 4: Experiencia en el desierto de Merzouga<\/span><\/h2>\n<p data-start=\"1419\" data-end=\"1497\">Disfruta del amanecer en las dunas de <span class=\"hover:entity-accent entity-underline inline cursor-pointer align-baseline\"><span class=\"whitespace-normal\">Erg Chebbi<\/span><\/span>.<\/p>\n<p data-start=\"1499\" data-end=\"1511\">Actividades:<\/p>\n<ul data-start=\"1512\" data-end=\"1642\">\n<li data-section-id=\"13z6d56\" data-start=\"1512\" data-end=\"1541\">Visita a familias n\u00f3madas<\/li>\n<li data-section-id=\"lrdsx1\" data-start=\"1542\" data-end=\"1610\">Pueblo de <span class=\"hover:entity-accent entity-underline inline cursor-pointer align-baseline\"><span class=\"whitespace-normal\">Khamlia<\/span><\/span> (m\u00fasica gnawa)<\/li>\n<li data-section-id=\"19e9a9z\" data-start=\"1611\" data-end=\"1642\">Tiempo libre en el desierto<\/li>\n<\/ul>\n<p data-start=\"1644\" data-end=\"1662\">\ud83d\udecf\ufe0f Noche en hotel<\/p>\n<hr data-start=\"1664\" data-end=\"1667\">\n<h2 data-section-id=\"16rtnip\" data-start=\"1669\" data-end=\"1817\">\ud83d\uddd3\ufe0f<span style=\"color: #ff6600;\"> D\u00eda 5: Merzouga \u2013 <span class=\"hover:entity-accent entity-underline inline cursor-pointer align-baseline\"><span class=\"whitespace-normal\">Rissani<\/span><\/span> \u2013 <span class=\"hover:entity-accent entity-underline inline cursor-pointer align-baseline\"><span class=\"whitespace-normal\">Todra Gorge<\/span><\/span> \u2013 <span class=\"hover:entity-accent entity-underline inline cursor-pointer align-baseline\"><span class=\"whitespace-normal\">Dades Valley<\/span><\/span><\/span><\/h2>\n<p data-start=\"1818\" data-end=\"1897\">Salida hacia el mercado tradicional de <span class=\"hover:entity-accent entity-underline inline cursor-pointer align-baseline\"><span class=\"whitespace-normal\">Rissani<\/span><\/span>.<\/p>\n<p data-start=\"1899\" data-end=\"1997\">Continuaci\u00f3n hacia las impresionantes Gargantas del Todra <span class=\"hover:entity-accent entity-underline inline cursor-pointer align-baseline\"><span class=\"whitespace-normal\">Todra Gorge<\/span><\/span>.<\/p>\n<p data-start=\"1999\" data-end=\"2050\">Llegada al <span class=\"hover:entity-accent entity-underline inline cursor-pointer align-baseline\"><span class=\"whitespace-normal\">Dades Valley<\/span><\/span>.<\/p>\n<p data-start=\"2052\" data-end=\"2070\">\ud83d\udecf\ufe0f Noche en hotel<\/p>\n<hr data-start=\"2072\" data-end=\"2075\">\n<h2 data-section-id=\"13neht8\" data-start=\"2077\" data-end=\"2108\">\ud83d\uddd3\ufe0f<span style=\"color: #ff6600;\"> D\u00eda 6: Dades \u2013 Marrakech<\/span><\/h2>\n<p data-start=\"2109\" data-end=\"2175\">Regreso hacia <span class=\"hover:entity-accent entity-underline inline cursor-pointer align-baseline\"><span class=\"whitespace-normal\">Marrakech<\/span><\/span> pasando por:<\/p>\n<ul data-start=\"2177\" data-end=\"2243\">\n<li data-section-id=\"1w3yut1\" data-start=\"2177\" data-end=\"2220\"><span class=\"hover:entity-accent entity-underline inline cursor-pointer align-baseline\"><span class=\"whitespace-normal\">Skoura<\/span><\/span><\/li>\n<li data-section-id=\"cnivzt\" data-start=\"2221\" data-end=\"2243\">Valle de las Rosas<\/li>\n<\/ul>\n<p data-start=\"2245\" data-end=\"2266\">Llegada por la tarde.<\/p>\n<p data-start=\"2268\" data-end=\"2286\">\ud83d\udecf\ufe0f Noche en hotel<\/p>\n<hr data-start=\"2288\" data-end=\"2291\">\n<h2 data-section-id=\"assxwn\" data-start=\"2293\" data-end=\"2333\">\ud83d\uddd3\ufe0f<span style=\"color: #ff6600;\"> D\u00eda 7: Visita guiada de Marrakech<\/span><\/h2>\n<p data-start=\"2334\" data-end=\"2362\">Descubrimiento de la ciudad:<\/p>\n<ul data-start=\"2364\" data-end=\"2539\">\n<li data-section-id=\"1or3w39\" data-start=\"2364\" data-end=\"2407\"><span class=\"hover:entity-accent entity-underline inline cursor-pointer align-baseline\"><span class=\"whitespace-normal\">Koutoubia Mosque<\/span><\/span><\/li>\n<li data-section-id=\"n668ol\" data-start=\"2408\" data-end=\"2451\"><span class=\"hover:entity-accent entity-underline inline cursor-pointer align-baseline\"><span class=\"whitespace-normal\">Bahia Palace<\/span><\/span><\/li>\n<li data-section-id=\"1fuxyk5\" data-start=\"2452\" data-end=\"2495\"><span class=\"hover:entity-accent entity-underline inline cursor-pointer align-baseline\"><span class=\"whitespace-normal\">Saadian Tombs<\/span><\/span><\/li>\n<li data-section-id=\"1u58i2d\" data-start=\"2496\" data-end=\"2539\"><span class=\"hover:entity-accent entity-underline inline cursor-pointer align-baseline\"><span class=\"whitespace-normal\">Majorelle Garden<\/span><\/span><\/li>\n<\/ul>\n<p data-start=\"2541\" data-end=\"2566\">Tarde libre en la medina.<\/p>\n<p data-start=\"2568\" data-end=\"2585\">\ud83d\udecf\ufe0f Noche en riad<\/p>\n<hr data-start=\"2587\" data-end=\"2590\">\n<h2 data-section-id=\"1x1tgf0\" data-start=\"2592\" data-end=\"2612\">\ud83d\uddd3\ufe0f <span style=\"color: #ff6600;\">D\u00eda 8: Salida<\/span><\/h2>\n<p data-start=\"2613\" data-end=\"2659\">Traslado al aeropuerto seg\u00fan horario de vuelo.<\/p>\n<hr data-start=\"2661\" data-end=\"2664\">\n<h1 data-section-id=\"10o3gbm\" data-start=\"2666\" data-end=\"2677\">\u2705<span style=\"color: #ff6600;\"> Incluye<\/span><\/h1>\n<ul data-start=\"2678\" data-end=\"2813\">\n<li data-section-id=\"1yokmc1\" data-start=\"2678\" data-end=\"2718\">Transporte con aire acondicionado \ud83d\ude90<\/li>\n<li data-section-id=\"74do54\" data-start=\"2719\" data-end=\"2749\">Conductor\/gu\u00eda profesional<\/li>\n<li data-section-id=\"b4qzdl\" data-start=\"2750\" data-end=\"2789\">Hoteles + campamento en el desierto<\/li>\n<li data-section-id=\"ag4dx5\" data-start=\"2790\" data-end=\"2813\">Paseo en camello \ud83d\udc2a<\/li>\n<\/ul>\n<hr data-start=\"2815\" data-end=\"2818\">\n<h1 data-section-id=\"1pkbjgq\" data-start=\"2820\" data-end=\"2834\">\u274c <span style=\"color: #ff6600;\">No incluye<\/span><\/h1>\n<ul data-start=\"2835\" data-end=\"2897\">\n<li data-section-id=\"qkngks\" data-start=\"2835\" data-end=\"2848\">Almuerzos<\/li>\n<li data-section-id=\"15hlj9u\" data-start=\"2849\" data-end=\"2860\">Bebidas<\/li>\n<li data-section-id=\"1u6l1ge\" data-start=\"2861\" data-end=\"2871\">Vuelos<\/li>\n<li data-section-id=\"k8ve4k\" data-start=\"2872\" data-end=\"2897\">Entradas a monumentos<\/li>\n<\/ul>\n","protected":false},"excerpt":{"rendered":"<p>\ud83c\udf0d Tour de 8 d\u00edas: Marrakech \u2013 Desierto de Merzouga Descubre el sur de Marruecos combinando cultura, monta\u00f1as, kasbahs y la magia del Sahara. \ud83d\uddd3\ufe0f D\u00eda 1: Llegada a Marrakech Recepci\u00f3n en el aeropuerto y traslado a tu riad en la medina. Seg\u00fan la hora de llegada, podr\u00e1s comenzar a descubrir la ciudad o disfrutar&#8230;<\/p>\n","protected":false},"author":1,"featured_media":0,"parent":0,"menu_order":0,"comment_status":"closed","ping_status":"closed","template":"","meta":{"ngg_post_thumbnail":0,"_kad_post_transparent":"default","_kad_post_title":"default","_kad_post_layout":"default","_kad_post_sidebar_id":"","_kad_post_content_style":"default","_kad_post_vertical_padding":"default","_kad_post_feature":"","_kad_post_feature_position":"","_kad_post_header":false,"_kad_post_footer":false,"footnotes":""},"class_list":["post-10796","page","type-page","status-publish","hentry"],"yoast_head":"<!-- This site is optimized with the Yoast SEO plugin v21.5 - https:\/\/yoast.com\/wordpress\/plugins\/seo\/ -->\n<title>8-dias-desde-marrakech-al-desierto-de-merzouga<\/title>\n<meta name=\"description\" content=\"&quot;Marruecos vacaciones, Marruecos consejos de viaje, Marruecos viajes privados, vacaciones a Marruecos, Marruecos viaje, mejor \u00e9poca para visitar Marruecos, vacaciones Marruecos, viajes en Marruecos, Marruecos tours del desierto, Marruecos turismo,&quot;\" \/>\n<meta name=\"robots\" content=\"index, follow, max-snippet:-1, max-image-preview:large, max-video-preview:-1\" \/>\n<link rel=\"canonical\" href=\"https:\/\/discoverysaharatours.com\/es\/8-dias-desde-marrakech-al-desierto-de-merzouga\/\" \/>\n<meta property=\"og:locale\" content=\"en_US\" \/>\n<meta property=\"og:type\" content=\"article\" \/>\n<meta property=\"og:title\" content=\"https:\/\/web.facebook.com\/Discovery.sahara\/\" \/>\n<meta property=\"og:description\" content=\"Discovery Sahara Tours es una agencia local en Marruecos muy especializada en organizar rutas por el desierto, con veh\u00edculos 4\u00d74 que facilitan el acceso a las pistas, a los lugares menos tur\u00edsticos y m\u00e1s aut\u00e9nticos, para disfrutar de la comodidad y el confort de sus ventajas. Con excursiones en dromedarios hasta llegar a los campamentos situados en medio de las dunas y poder disfrutar de una noche bajo las estrellas. Visitar familias bereberes, compartir su estilo de vida y costumbres. Con excursiones a pie hasta llegar al oasis frecuentado por n\u00f3madas.\" \/>\n<meta property=\"og:url\" content=\"https:\/\/discoverysaharatours.com\/es\/8-dias-desde-marrakech-al-desierto-de-merzouga\/\" \/>\n<meta property=\"og:site_name\" content=\"Discovery Sahara Tours\" \/>\n<meta property=\"article:modified_time\" content=\"2026-04-10T09:45:15+00:00\" \/>\n<meta property=\"og:image\" content=\"https:\/\/discoverysaharatours.com\/es\/wp-content\/uploads\/2022\/10\/cropped-logo-Discovery-Sahara-Tours.png\" \/>\n\t<meta property=\"og:image:width\" content=\"512\" \/>\n\t<meta property=\"og:image:height\" content=\"512\" \/>\n\t<meta property=\"og:image:type\" content=\"image\/png\" \/>\n<meta name=\"twitter:card\" content=\"summary_large_image\" \/>\n<meta name=\"twitter:label1\" content=\"Est. reading time\" \/>\n\t<meta name=\"twitter:data1\" content=\"2 minutes\" \/>\n<script type=\"application\/ld+json\" class=\"yoast-schema-graph\">{\"@context\":\"https:\/\/schema.org\",\"@graph\":[{\"@type\":\"WebPage\",\"@id\":\"https:\/\/discoverysaharatours.com\/es\/8-dias-desde-marrakech-al-desierto-de-merzouga\/\",\"url\":\"https:\/\/discoverysaharatours.com\/es\/8-dias-desde-marrakech-al-desierto-de-merzouga\/\",\"name\":\"8-dias-desde-marrakech-al-desierto-de-merzouga\",\"isPartOf\":{\"@id\":\"https:\/\/discoverysaharatours.com\/es\/#website\"},\"datePublished\":\"2018-11-02T16:22:51+00:00\",\"dateModified\":\"2026-04-10T09:45:15+00:00\",\"description\":\"\\\"Marruecos vacaciones, Marruecos consejos de viaje, Marruecos viajes privados, vacaciones a Marruecos, Marruecos viaje, mejor \u00e9poca para visitar Marruecos, vacaciones Marruecos, viajes en Marruecos, Marruecos tours del desierto, Marruecos turismo,\\\"\",\"breadcrumb\":{\"@id\":\"https:\/\/discoverysaharatours.com\/es\/8-dias-desde-marrakech-al-desierto-de-merzouga\/#breadcrumb\"},\"inLanguage\":\"en-US\",\"potentialAction\":[{\"@type\":\"ReadAction\",\"target\":[\"https:\/\/discoverysaharatours.com\/es\/8-dias-desde-marrakech-al-desierto-de-merzouga\/\"]}]},{\"@type\":\"BreadcrumbList\",\"@id\":\"https:\/\/discoverysaharatours.com\/es\/8-dias-desde-marrakech-al-desierto-de-merzouga\/#breadcrumb\",\"itemListElement\":[{\"@type\":\"ListItem\",\"position\":1,\"name\":\"Home\",\"item\":\"https:\/\/discoverysaharatours.com\/es\/\"},{\"@type\":\"ListItem\",\"position\":2,\"name\":\"8 d\u00edas desde Marrakech al desierto de Merzouga\"}]},{\"@type\":\"WebSite\",\"@id\":\"https:\/\/discoverysaharatours.com\/es\/#website\",\"url\":\"https:\/\/discoverysaharatours.com\/es\/\",\"name\":\"Discovery Sahara Tours\",\"description\":\"Morocco Desert Tours \/ Tours &amp; Excursions in Morocco\",\"publisher\":{\"@id\":\"https:\/\/discoverysaharatours.com\/es\/#organization\"},\"potentialAction\":[{\"@type\":\"SearchAction\",\"target\":{\"@type\":\"EntryPoint\",\"urlTemplate\":\"https:\/\/discoverysaharatours.com\/es\/?s={search_term_string}\"},\"query-input\":\"required name=search_term_string\"}],\"inLanguage\":\"en-US\"},{\"@type\":\"Organization\",\"@id\":\"https:\/\/discoverysaharatours.com\/es\/#organization\",\"name\":\"Discovery Sahara Tours\",\"url\":\"https:\/\/discoverysaharatours.com\/es\/\",\"logo\":{\"@type\":\"ImageObject\",\"inLanguage\":\"en-US\",\"@id\":\"https:\/\/discoverysaharatours.com\/es\/#\/schema\/logo\/image\/\",\"url\":\"https:\/\/discoverysaharatours.com\/es\/wp-content\/uploads\/2022\/10\/logo-Discovery-Sahara-Tours.png\",\"contentUrl\":\"https:\/\/discoverysaharatours.com\/es\/wp-content\/uploads\/2022\/10\/logo-Discovery-Sahara-Tours.png\",\"width\":557,\"height\":486,\"caption\":\"Discovery Sahara Tours\"},\"image\":{\"@id\":\"https:\/\/discoverysaharatours.com\/es\/#\/schema\/logo\/image\/\"}}]}<\/script>\n<!-- \/ Yoast SEO plugin. -->","yoast_head_json":{"title":"8-dias-desde-marrakech-al-desierto-de-merzouga","description":"\"Marruecos vacaciones, Marruecos consejos de viaje, Marruecos viajes privados, vacaciones a Marruecos, Marruecos viaje, mejor \u00e9poca para visitar Marruecos, vacaciones Marruecos, viajes en Marruecos, Marruecos tours del desierto, Marruecos turismo,\"","robots":{"index":"index","follow":"follow","max-snippet":"max-snippet:-1","max-image-preview":"max-image-preview:large","max-video-preview":"max-video-preview:-1"},"canonical":"https:\/\/discoverysaharatours.com\/es\/8-dias-desde-marrakech-al-desierto-de-merzouga\/","og_locale":"en_US","og_type":"article","og_title":"https:\/\/web.facebook.com\/Discovery.sahara\/","og_description":"Discovery Sahara Tours es una agencia local en Marruecos muy especializada en organizar rutas por el desierto, con veh\u00edculos 4\u00d74 que facilitan el acceso a las pistas, a los lugares menos tur\u00edsticos y m\u00e1s aut\u00e9nticos, para disfrutar de la comodidad y el confort de sus ventajas. Con excursiones en dromedarios hasta llegar a los campamentos situados en medio de las dunas y poder disfrutar de una noche bajo las estrellas. Visitar familias bereberes, compartir su estilo de vida y costumbres. Con excursiones a pie hasta llegar al oasis frecuentado por n\u00f3madas.","og_url":"https:\/\/discoverysaharatours.com\/es\/8-dias-desde-marrakech-al-desierto-de-merzouga\/","og_site_name":"Discovery Sahara Tours","article_modified_time":"2026-04-10T09:45:15+00:00","og_image":[{"width":512,"height":512,"url":"https:\/\/discoverysaharatours.com\/es\/wp-content\/uploads\/2022\/10\/cropped-logo-Discovery-Sahara-Tours.png","type":"image\/png"}],"twitter_card":"summary_large_image","twitter_misc":{"Est. reading time":"2 minutes"},"schema":{"@context":"https:\/\/schema.org","@graph":[{"@type":"WebPage","@id":"https:\/\/discoverysaharatours.com\/es\/8-dias-desde-marrakech-al-desierto-de-merzouga\/","url":"https:\/\/discoverysaharatours.com\/es\/8-dias-desde-marrakech-al-desierto-de-merzouga\/","name":"8-dias-desde-marrakech-al-desierto-de-merzouga","isPartOf":{"@id":"https:\/\/discoverysaharatours.com\/es\/#website"},"datePublished":"2018-11-02T16:22:51+00:00","dateModified":"2026-04-10T09:45:15+00:00","description":"\"Marruecos vacaciones, Marruecos consejos de viaje, Marruecos viajes privados, vacaciones a Marruecos, Marruecos viaje, mejor \u00e9poca para visitar Marruecos, vacaciones Marruecos, viajes en Marruecos, Marruecos tours del desierto, Marruecos turismo,\"","breadcrumb":{"@id":"https:\/\/discoverysaharatours.com\/es\/8-dias-desde-marrakech-al-desierto-de-merzouga\/#breadcrumb"},"inLanguage":"en-US","potentialAction":[{"@type":"ReadAction","target":["https:\/\/discoverysaharatours.com\/es\/8-dias-desde-marrakech-al-desierto-de-merzouga\/"]}]},{"@type":"BreadcrumbList","@id":"https:\/\/discoverysaharatours.com\/es\/8-dias-desde-marrakech-al-desierto-de-merzouga\/#breadcrumb","itemListElement":[{"@type":"ListItem","position":1,"name":"Home","item":"https:\/\/discoverysaharatours.com\/es\/"},{"@type":"ListItem","position":2,"name":"8 d\u00edas desde Marrakech al desierto de Merzouga"}]},{"@type":"WebSite","@id":"https:\/\/discoverysaharatours.com\/es\/#website","url":"https:\/\/discoverysaharatours.com\/es\/","name":"Discovery Sahara Tours","description":"Morocco Desert Tours \/ Tours &amp; Excursions in Morocco","publisher":{"@id":"https:\/\/discoverysaharatours.com\/es\/#organization"},"potentialAction":[{"@type":"SearchAction","target":{"@type":"EntryPoint","urlTemplate":"https:\/\/discoverysaharatours.com\/es\/?s={search_term_string}"},"query-input":"required name=search_term_string"}],"inLanguage":"en-US"},{"@type":"Organization","@id":"https:\/\/discoverysaharatours.com\/es\/#organization","name":"Discovery Sahara Tours","url":"https:\/\/discoverysaharatours.com\/es\/","logo":{"@type":"ImageObject","inLanguage":"en-US","@id":"https:\/\/discoverysaharatours.com\/es\/#\/schema\/logo\/image\/","url":"https:\/\/discoverysaharatours.com\/es\/wp-content\/uploads\/2022\/10\/logo-Discovery-Sahara-Tours.png","contentUrl":"https:\/\/discoverysaharatours.com\/es\/wp-content\/uploads\/2022\/10\/logo-Discovery-Sahara-Tours.png","width":557,"height":486,"caption":"Discovery Sahara Tours"},"image":{"@id":"https:\/\/discoverysaharatours.com\/es\/#\/schema\/logo\/image\/"}}]}},"_links":{"self":[{"href":"https:\/\/discoverysaharatours.com\/es\/wp-json\/wp\/v2\/pages\/10796","targetHints":{"allow":["GET"]}}],"collection":[{"href":"https:\/\/discoverysaharatours.com\/es\/wp-json\/wp\/v2\/pages"}],"about":[{"href":"https:\/\/discoverysaharatours.com\/es\/wp-json\/wp\/v2\/types\/page"}],"author":[{"embeddable":true,"href":"https:\/\/discoverysaharatours.com\/es\/wp-json\/wp\/v2\/users\/1"}],"replies":[{"embeddable":true,"href":"https:\/\/discoverysaharatours.com\/es\/wp-json\/wp\/v2\/comments?post=10796"}],"version-history":[{"count":8,"href":"https:\/\/discoverysaharatours.com\/es\/wp-json\/wp\/v2\/pages\/10796\/revisions"}],"predecessor-version":[{"id":19767,"href":"https:\/\/discoverysaharatours.com\/es\/wp-json\/wp\/v2\/pages\/10796\/revisions\/19767"}],"wp:attachment":[{"href":"https:\/\/discoverysaharatours.com\/es\/wp-json\/wp\/v2\/media?parent=10796"}],"curies":[{"name":"wp","href":"https:\/\/api.w.org\/{rel}","templated":true}]}}