{"id":10798,"date":"2018-11-02T16:23:34","date_gmt":"2018-11-02T16:23:34","guid":{"rendered":"https:\/\/www.discoverysaharatours.com\/?page_id=10798"},"modified":"2026-04-10T09:20:41","modified_gmt":"2026-04-10T09:20:41","slug":"9-dias-desde-marrakech-al-desierto-y-casablanca","status":"publish","type":"page","link":"https:\/\/discoverysaharatours.com\/es\/9-dias-desde-marrakech-al-desierto-y-casablanca\/","title":{"rendered":"9 d\u00edas desde Marrakech al desierto y Casablanca"},"content":{"rendered":"<h2 data-section-id=\"1121ymk\" data-start=\"110\" data-end=\"192\">\ud83c\udf0d Tour de 9 d\u00edas por Marruecos: de Marrakech al desierto y ciudades imperiales<\/h2>\n<p data-start=\"194\" data-end=\"401\">Despu\u00e9s de visitar Marrakech con un gu\u00eda local, comenzaremos este incre\u00edble recorrido hacia el desierto de Merzouga, atravesando las monta\u00f1as del Alto Atlas, kasbahs hist\u00f3ricas, valles y ciudades imperiales.<\/p>\n<hr data-start=\"403\" data-end=\"406\">\n<h3 data-section-id=\"tlbq65\" data-start=\"408\" data-end=\"464\">\ud83d\uddd3\ufe0f<span style=\"color: #ff6600;\"> D\u00eda 1: Llegada a Marrakech \u2013 Traslado al hotel<\/span><\/h3>\n<p data-start=\"465\" data-end=\"755\">El viaje comienza con tu llegada al aeropuerto de Marrakech. Nuestro conductor multiling\u00fce te recibir\u00e1 y te trasladar\u00e1 a tu riad u hotel.<br data-start=\"602\" data-end=\"605\">Por la noche, tendr\u00e1s tiempo libre para descubrir la famosa plaza Jemaa el-Fna, llena de encantadores de serpientes, m\u00fasicos, narradores y bailarines.<\/p>\n<hr data-start=\"757\" data-end=\"760\">\n<h3 data-section-id=\"1a7s04h\" data-start=\"762\" data-end=\"805\">\ud83d\uddd3\ufe0f <span style=\"color: #ff6600;\">D\u00eda 2: Visita guiada de Marrakech<\/span><\/h3>\n<p data-start=\"806\" data-end=\"876\">D\u00eda completo para explorar la ciudad con un gu\u00eda oficial. Visitar\u00e1s:<\/p>\n<ul data-start=\"877\" data-end=\"1006\">\n<li data-section-id=\"1c5puzb\" data-start=\"877\" data-end=\"899\">Mezquita Koutoubia<\/li>\n<li data-section-id=\"ufp6dg\" data-start=\"900\" data-end=\"922\">Medina y sus zocos<\/li>\n<li data-section-id=\"gpylig\" data-start=\"923\" data-end=\"946\">Madrasa Ben Youssef<\/li>\n<li data-section-id=\"6s5mgm\" data-start=\"947\" data-end=\"964\">Palacio Bah\u00eda<\/li>\n<li data-section-id=\"1c3t5rs\" data-start=\"965\" data-end=\"983\">Tumbas Saad\u00edes<\/li>\n<li data-section-id=\"ijwdlr\" data-start=\"984\" data-end=\"1006\">Jardines Majorelle<\/li>\n<\/ul>\n<p data-start=\"1008\" data-end=\"1035\">Noche en riad en la Medina.<\/p>\n<hr data-start=\"1037\" data-end=\"1040\">\n<h3 data-section-id=\"193cnqj\" data-start=\"1042\" data-end=\"1116\">\ud83d\uddd3\ufe0f <span style=\"color: #ff6600;\">D\u00eda 3: Marrakech \u2013 Ait Ben Haddou \u2013 Ouarzazate \u2013 Valle del Dades<\/span><\/h3>\n<p data-start=\"1117\" data-end=\"1258\">Salida hacia el Alto Atlas atravesando el puerto de Tizi n\u2019Tichka.<br data-start=\"1183\" data-end=\"1186\">Visita a la famosa kasbah de Ait Ben Haddou (Patrimonio de la UNESCO).<\/p>\n<p data-start=\"1260\" data-end=\"1371\">Continuaci\u00f3n hacia Ouarzazate, conocida como el \u201cHollywood de \u00c1frica\u201d, donde se pueden ver los Atlas Studios.<\/p>\n<p data-start=\"1373\" data-end=\"1484\">Seguiremos por el Valle de las Rosas (Kelaat M\u2019Gouna) hasta llegar al Valle del Dades.<br data-start=\"1459\" data-end=\"1462\">Cena y noche en hotel.<\/p>\n<hr data-start=\"1486\" data-end=\"1489\">\n<h3 data-section-id=\"15g5cp\" data-start=\"1491\" data-end=\"1567\">\ud83d\uddd3\ufe0f <span style=\"color: #ff6600;\">D\u00eda 4: Valle del Dades \u2013 Gargantas del Todra \u2013 Merzouga (camellos)<\/span><\/h3>\n<p data-start=\"1568\" data-end=\"1681\">Salida hacia las Gargantas del Todra, impresionantes ca\u00f1ones rocosos.<br data-start=\"1637\" data-end=\"1640\">Continuaci\u00f3n v\u00eda Erfoud hacia Merzouga.<\/p>\n<p data-start=\"1683\" data-end=\"1835\">Por la tarde:<br data-start=\"1696\" data-end=\"1699\">\ud83d\udc2a Paseo en camello por las dunas de Erg Chebbi<br data-start=\"1746\" data-end=\"1749\">\ud83c\udf05 Atardecer en el desierto<br data-start=\"1776\" data-end=\"1779\">\ud83c\udfd5\ufe0f Noche en campamento bereber con m\u00fasica tradicional<\/p>\n<hr data-start=\"1837\" data-end=\"1840\">\n<h3 data-section-id=\"1vkhuzy\" data-start=\"1842\" data-end=\"1900\">\ud83d\uddd3\ufe0f <span style=\"color: #ff6600;\">D\u00eda 5: Merzouga \u2013 Khamlia \u2013 Rissani \u2013 Erg Chebbi<\/span><\/h3>\n<p data-start=\"1901\" data-end=\"1938\">Amanecer en el desierto y desayuno.<\/p>\n<p data-start=\"1940\" data-end=\"1958\">Visitas del d\u00eda:<\/p>\n<ul data-start=\"1959\" data-end=\"2071\">\n<li data-section-id=\"kvz76b\" data-start=\"1959\" data-end=\"1995\">Pueblo de Khamlia (m\u00fasica Gnawa)<\/li>\n<li data-section-id=\"1j266mt\" data-start=\"1996\" data-end=\"2032\">Rissani y su mercado tradicional<\/li>\n<li data-section-id=\"yn06mw\" data-start=\"2033\" data-end=\"2071\">Almuerzo t\u00edpico (madfouna, tajine)<\/li>\n<\/ul>\n<p data-start=\"2073\" data-end=\"2109\">Regreso a Merzouga y noche en hotel.<\/p>\n<hr data-start=\"2111\" data-end=\"2114\">\n<h3 data-section-id=\"1ynep7j\" data-start=\"2116\" data-end=\"2173\">\ud83d\uddd3\ufe0f<span style=\"color: #ff6600;\"> D\u00eda 6: Merzouga \u2013 Midelt \u2013 Azrou \u2013 Ifrane \u2013 Fez<\/span><\/h3>\n<p data-start=\"2174\" data-end=\"2205\">Salida hacia Fez pasando por:<\/p>\n<ul data-start=\"2206\" data-end=\"2355\">\n<li data-section-id=\"1l0kzzy\" data-start=\"2206\" data-end=\"2223\">Valle del Ziz<\/li>\n<li data-section-id=\"57gg3w\" data-start=\"2224\" data-end=\"2258\">Midelt (capital de la manzana)<\/li>\n<li data-section-id=\"7ccn58\" data-start=\"2259\" data-end=\"2305\">Bosque de cedros de Azrou (monos salvajes)<\/li>\n<li data-section-id=\"161p2dh\" data-start=\"2306\" data-end=\"2355\">Ifrane, conocida como la \u201cSuiza de Marruecos\u201d<\/li>\n<\/ul>\n<p data-start=\"2357\" data-end=\"2398\">Llegada a Fez por la tarde. Cena y noche.<\/p>\n<hr data-start=\"2400\" data-end=\"2403\">\n<h3 data-section-id=\"9b7t6d\" data-start=\"2405\" data-end=\"2442\">\ud83d\uddd3\ufe0f <span style=\"color: #ff6600;\">D\u00eda 7: Visita guiada de Fez<\/span><\/h3>\n<p data-start=\"2443\" data-end=\"2479\">Exploraci\u00f3n de la ciudad imperial:<\/p>\n<ul data-start=\"2480\" data-end=\"2587\">\n<li data-section-id=\"4zqbrf\" data-start=\"2480\" data-end=\"2496\">Palacio Real<\/li>\n<li data-section-id=\"1qjhqte\" data-start=\"2497\" data-end=\"2516\">Medina (UNESCO)<\/li>\n<li data-section-id=\"ql2ve5\" data-start=\"2517\" data-end=\"2532\">Curtidur\u00edas<\/li>\n<li data-section-id=\"1mo6yq4\" data-start=\"2533\" data-end=\"2561\">Universidad Al Karaouine<\/li>\n<li data-section-id=\"1laiihg\" data-start=\"2562\" data-end=\"2587\">Barrio jud\u00edo (Mellah)<\/li>\n<\/ul>\n<p data-start=\"2589\" data-end=\"2655\">Vista panor\u00e1mica de la ciudad y visita a cooperativas artesanales.<\/p>\n<hr data-start=\"2657\" data-end=\"2660\">\n<h3 data-section-id=\"yes1s5\" data-start=\"2662\" data-end=\"2724\">\ud83d\uddd3\ufe0f<span style=\"color: #ff6600;\"> D\u00eda 8: Fez \u2013 Volubilis \u2013 Meknes \u2013 Rabat \u2013 Casablanca<\/span><\/h3>\n<p data-start=\"2725\" data-end=\"2792\">Salida hacia Volubilis (ruinas romanas).<br data-start=\"2765\" data-end=\"2768\">Continuaci\u00f3n a Meknes:<\/p>\n<ul data-start=\"2793\" data-end=\"2827\">\n<li data-section-id=\"1bkmh74\" data-start=\"2793\" data-end=\"2808\">Bab Mansour<\/li>\n<li data-section-id=\"nvfooa\" data-start=\"2809\" data-end=\"2827\">Plaza El Hedim<\/li>\n<\/ul>\n<p data-start=\"2829\" data-end=\"2847\">Llegada a Rabat:<\/p>\n<ul data-start=\"2848\" data-end=\"2914\">\n<li data-section-id=\"16wezjz\" data-start=\"2848\" data-end=\"2873\">Kasbah de los Oudayas<\/li>\n<li data-section-id=\"1hkgr2o\" data-start=\"2874\" data-end=\"2890\">Torre Hassan<\/li>\n<li data-section-id=\"182j1br\" data-start=\"2891\" data-end=\"2914\">Mausoleo Mohammed V<\/li>\n<\/ul>\n<p data-start=\"2916\" data-end=\"2944\">Traslado final a Casablanca.<\/p>\n<hr data-start=\"2946\" data-end=\"2949\">\n<h3 data-section-id=\"1t79gt8\" data-start=\"2951\" data-end=\"2991\">\ud83d\uddd3\ufe0f <span style=\"color: #ff6600;\">D\u00eda 9: Casablanca \u2013 Aeropuerto<\/span><\/h3>\n<p data-start=\"2992\" data-end=\"3039\">Despu\u00e9s del desayuno:<br data-start=\"3013\" data-end=\"3016\">Visita de Casablanca:<\/p>\n<ul data-start=\"3040\" data-end=\"3108\">\n<li data-section-id=\"asokas\" data-start=\"3040\" data-end=\"3062\">Mezquita Hassan II<\/li>\n<li data-section-id=\"xbsodj\" data-start=\"3063\" data-end=\"3095\">Plaza de las Naciones Unidas<\/li>\n<li data-section-id=\"x4r0in\" data-start=\"3096\" data-end=\"3108\">Corniche<\/li>\n<\/ul>\n<p data-start=\"3110\" data-end=\"3156\">Traslado al aeropuerto seg\u00fan horario de vuelo.<\/p>\n<hr data-start=\"3158\" data-end=\"3161\">\n<h2 data-section-id=\"lwk5ue\" data-start=\"3163\" data-end=\"3180\">\u2705 <span style=\"color: #ff6600;\">Qu\u00e9 incluye:<\/span><\/h2>\n<ul data-start=\"3181\" data-end=\"3406\">\n<li data-section-id=\"4ok1vv\" data-start=\"3181\" data-end=\"3226\">Transporte privado con aire acondicionado<\/li>\n<li data-section-id=\"khxukc\" data-start=\"3227\" data-end=\"3257\">Conductor\/gu\u00eda multiling\u00fce<\/li>\n<li data-section-id=\"1xlc6vv\" data-start=\"3258\" data-end=\"3273\">Combustible<\/li>\n<li data-section-id=\"iwq9tv\" data-start=\"3274\" data-end=\"3302\">7 noches en hotel o riad<\/li>\n<li data-section-id=\"1fzdz2q\" data-start=\"3303\" data-end=\"3359\">1 noche en campamento en el desierto (media pensi\u00f3n)<\/li>\n<li data-section-id=\"1vuo7la\" data-start=\"3360\" data-end=\"3380\">Paseo en camello<\/li>\n<li data-section-id=\"1ybvor0\" data-start=\"3381\" data-end=\"3406\">Sandboarding en dunas<\/li>\n<\/ul>\n<hr data-start=\"3408\" data-end=\"3411\">\n<h2 data-section-id=\"ak04ib\" data-start=\"3413\" data-end=\"3429\">\u274c <span style=\"color: #ff6600;\">No incluye:<\/span><\/h2>\n<ul data-start=\"3430\" data-end=\"3519\">\n<li data-section-id=\"u610en\" data-start=\"3430\" data-end=\"3453\">Almuerzos y bebidas<\/li>\n<li data-section-id=\"1u6l1ge\" data-start=\"3454\" data-end=\"3464\">Vuelos<\/li>\n<li data-section-id=\"k8ve4k\" data-start=\"3465\" data-end=\"3490\">Entradas a monumentos<\/li>\n<li data-section-id=\"z1as6\" data-start=\"3491\" data-end=\"3519\">Alojamiento en Marrakech<\/li>\n<\/ul>\n<hr data-start=\"3521\" data-end=\"3524\">\n<p data-start=\"3526\" data-end=\"3693\">\u2728 <strong data-start=\"3528\" data-end=\"3564\">\u00bfQuieres personalizar este tour?<\/strong><br data-start=\"3564\" data-end=\"3567\">Podemos adaptarlo a tus necesidades: duraci\u00f3n, hoteles, actividades o presupuesto. Solo cont\u00e1ctanos y lo organizamos a medida.<\/p>\n","protected":false},"excerpt":{"rendered":"<p>\ud83c\udf0d Tour de 9 d\u00edas por Marruecos: de Marrakech al desierto y ciudades imperiales Despu\u00e9s de visitar Marrakech con un gu\u00eda local, comenzaremos este incre\u00edble recorrido hacia el desierto de Merzouga, atravesando las monta\u00f1as del Alto Atlas, kasbahs hist\u00f3ricas, valles y ciudades imperiales. \ud83d\uddd3\ufe0f D\u00eda 1: Llegada a Marrakech \u2013 Traslado al hotel El viaje&#8230;<\/p>\n","protected":false},"author":1,"featured_media":0,"parent":0,"menu_order":0,"comment_status":"closed","ping_status":"closed","template":"","meta":{"ngg_post_thumbnail":0,"_kad_post_transparent":"default","_kad_post_title":"default","_kad_post_layout":"default","_kad_post_sidebar_id":"","_kad_post_content_style":"default","_kad_post_vertical_padding":"default","_kad_post_feature":"","_kad_post_feature_position":"","_kad_post_header":false,"_kad_post_footer":false,"footnotes":""},"class_list":["post-10798","page","type-page","status-publish","hentry"],"yoast_head":"<!-- This site is optimized with the Yoast SEO plugin v21.5 - https:\/\/yoast.com\/wordpress\/plugins\/seo\/ -->\n<title>9-dias-desde-marrakech-al-desierto-y-casablanca<\/title>\n<meta name=\"description\" content=\"&quot;viaje a Marruecos, asesor\u00eda de viajes a Marruecos, excursiones de un d\u00eda a Marruecos, excursiones en grupo a Marruecos, visitas guiadas a Marruecos, viaje a Marruecos, excursi\u00f3n a Marruecos&quot;\" \/>\n<meta name=\"robots\" content=\"index, follow, max-snippet:-1, max-image-preview:large, max-video-preview:-1\" \/>\n<link rel=\"canonical\" href=\"https:\/\/discoverysaharatours.com\/es\/9-dias-desde-marrakech-al-desierto-y-casablanca\/\" \/>\n<meta property=\"og:locale\" content=\"en_US\" \/>\n<meta property=\"og:type\" content=\"article\" \/>\n<meta property=\"og:title\" content=\"https:\/\/web.facebook.com\/Discovery.sahara\/\" \/>\n<meta property=\"og:description\" content=\"Discovery Sahara Tours es una agencia local en Marruecos muy especializada en organizar rutas por el desierto, con veh\u00edculos 4\u00d74 que facilitan el acceso a las pistas, a los lugares menos tur\u00edsticos y m\u00e1s aut\u00e9nticos, para disfrutar de la comodidad y el confort de sus ventajas. Con excursiones en dromedarios hasta llegar a los campamentos situados en medio de las dunas y poder disfrutar de una noche bajo las estrellas. Visitar familias bereberes, compartir su estilo de vida y costumbres. Con excursiones a pie hasta llegar al oasis frecuentado por n\u00f3madas.\" \/>\n<meta property=\"og:url\" content=\"https:\/\/discoverysaharatours.com\/es\/9-dias-desde-marrakech-al-desierto-y-casablanca\/\" \/>\n<meta property=\"og:site_name\" content=\"Discovery Sahara Tours\" \/>\n<meta property=\"article:modified_time\" content=\"2026-04-10T09:20:41+00:00\" \/>\n<meta property=\"og:image\" content=\"https:\/\/discoverysaharatours.com\/es\/wp-content\/uploads\/2022\/10\/cropped-logo-Discovery-Sahara-Tours.png\" \/>\n\t<meta property=\"og:image:width\" content=\"512\" \/>\n\t<meta property=\"og:image:height\" content=\"512\" \/>\n\t<meta property=\"og:image:type\" content=\"image\/png\" \/>\n<meta name=\"twitter:card\" content=\"summary_large_image\" \/>\n<meta name=\"twitter:label1\" content=\"Est. reading time\" \/>\n\t<meta name=\"twitter:data1\" content=\"3 minutes\" \/>\n<script type=\"application\/ld+json\" class=\"yoast-schema-graph\">{\"@context\":\"https:\/\/schema.org\",\"@graph\":[{\"@type\":\"WebPage\",\"@id\":\"https:\/\/discoverysaharatours.com\/es\/9-dias-desde-marrakech-al-desierto-y-casablanca\/\",\"url\":\"https:\/\/discoverysaharatours.com\/es\/9-dias-desde-marrakech-al-desierto-y-casablanca\/\",\"name\":\"9-dias-desde-marrakech-al-desierto-y-casablanca\",\"isPartOf\":{\"@id\":\"https:\/\/discoverysaharatours.com\/es\/#website\"},\"datePublished\":\"2018-11-02T16:23:34+00:00\",\"dateModified\":\"2026-04-10T09:20:41+00:00\",\"description\":\"\\\"viaje a Marruecos, asesor\u00eda de viajes a Marruecos, excursiones de un d\u00eda a Marruecos, excursiones en grupo a Marruecos, visitas guiadas a Marruecos, viaje a Marruecos, excursi\u00f3n a Marruecos\\\"\",\"breadcrumb\":{\"@id\":\"https:\/\/discoverysaharatours.com\/es\/9-dias-desde-marrakech-al-desierto-y-casablanca\/#breadcrumb\"},\"inLanguage\":\"en-US\",\"potentialAction\":[{\"@type\":\"ReadAction\",\"target\":[\"https:\/\/discoverysaharatours.com\/es\/9-dias-desde-marrakech-al-desierto-y-casablanca\/\"]}]},{\"@type\":\"BreadcrumbList\",\"@id\":\"https:\/\/discoverysaharatours.com\/es\/9-dias-desde-marrakech-al-desierto-y-casablanca\/#breadcrumb\",\"itemListElement\":[{\"@type\":\"ListItem\",\"position\":1,\"name\":\"Home\",\"item\":\"https:\/\/discoverysaharatours.com\/es\/\"},{\"@type\":\"ListItem\",\"position\":2,\"name\":\"9 d\u00edas desde Marrakech al desierto y Casablanca\"}]},{\"@type\":\"WebSite\",\"@id\":\"https:\/\/discoverysaharatours.com\/es\/#website\",\"url\":\"https:\/\/discoverysaharatours.com\/es\/\",\"name\":\"Discovery Sahara Tours\",\"description\":\"Morocco Desert Tours \/ Tours &amp; Excursions in Morocco\",\"publisher\":{\"@id\":\"https:\/\/discoverysaharatours.com\/es\/#organization\"},\"potentialAction\":[{\"@type\":\"SearchAction\",\"target\":{\"@type\":\"EntryPoint\",\"urlTemplate\":\"https:\/\/discoverysaharatours.com\/es\/?s={search_term_string}\"},\"query-input\":\"required name=search_term_string\"}],\"inLanguage\":\"en-US\"},{\"@type\":\"Organization\",\"@id\":\"https:\/\/discoverysaharatours.com\/es\/#organization\",\"name\":\"Discovery Sahara Tours\",\"url\":\"https:\/\/discoverysaharatours.com\/es\/\",\"logo\":{\"@type\":\"ImageObject\",\"inLanguage\":\"en-US\",\"@id\":\"https:\/\/discoverysaharatours.com\/es\/#\/schema\/logo\/image\/\",\"url\":\"https:\/\/discoverysaharatours.com\/es\/wp-content\/uploads\/2022\/10\/logo-Discovery-Sahara-Tours.png\",\"contentUrl\":\"https:\/\/discoverysaharatours.com\/es\/wp-content\/uploads\/2022\/10\/logo-Discovery-Sahara-Tours.png\",\"width\":557,\"height\":486,\"caption\":\"Discovery Sahara Tours\"},\"image\":{\"@id\":\"https:\/\/discoverysaharatours.com\/es\/#\/schema\/logo\/image\/\"}}]}<\/script>\n<!-- \/ Yoast SEO plugin. -->","yoast_head_json":{"title":"9-dias-desde-marrakech-al-desierto-y-casablanca","description":"\"viaje a Marruecos, asesor\u00eda de viajes a Marruecos, excursiones de un d\u00eda a Marruecos, excursiones en grupo a Marruecos, visitas guiadas a Marruecos, viaje a Marruecos, excursi\u00f3n a Marruecos\"","robots":{"index":"index","follow":"follow","max-snippet":"max-snippet:-1","max-image-preview":"max-image-preview:large","max-video-preview":"max-video-preview:-1"},"canonical":"https:\/\/discoverysaharatours.com\/es\/9-dias-desde-marrakech-al-desierto-y-casablanca\/","og_locale":"en_US","og_type":"article","og_title":"https:\/\/web.facebook.com\/Discovery.sahara\/","og_description":"Discovery Sahara Tours es una agencia local en Marruecos muy especializada en organizar rutas por el desierto, con veh\u00edculos 4\u00d74 que facilitan el acceso a las pistas, a los lugares menos tur\u00edsticos y m\u00e1s aut\u00e9nticos, para disfrutar de la comodidad y el confort de sus ventajas. Con excursiones en dromedarios hasta llegar a los campamentos situados en medio de las dunas y poder disfrutar de una noche bajo las estrellas. Visitar familias bereberes, compartir su estilo de vida y costumbres. Con excursiones a pie hasta llegar al oasis frecuentado por n\u00f3madas.","og_url":"https:\/\/discoverysaharatours.com\/es\/9-dias-desde-marrakech-al-desierto-y-casablanca\/","og_site_name":"Discovery Sahara Tours","article_modified_time":"2026-04-10T09:20:41+00:00","og_image":[{"width":512,"height":512,"url":"https:\/\/discoverysaharatours.com\/es\/wp-content\/uploads\/2022\/10\/cropped-logo-Discovery-Sahara-Tours.png","type":"image\/png"}],"twitter_card":"summary_large_image","twitter_misc":{"Est. reading time":"3 minutes"},"schema":{"@context":"https:\/\/schema.org","@graph":[{"@type":"WebPage","@id":"https:\/\/discoverysaharatours.com\/es\/9-dias-desde-marrakech-al-desierto-y-casablanca\/","url":"https:\/\/discoverysaharatours.com\/es\/9-dias-desde-marrakech-al-desierto-y-casablanca\/","name":"9-dias-desde-marrakech-al-desierto-y-casablanca","isPartOf":{"@id":"https:\/\/discoverysaharatours.com\/es\/#website"},"datePublished":"2018-11-02T16:23:34+00:00","dateModified":"2026-04-10T09:20:41+00:00","description":"\"viaje a Marruecos, asesor\u00eda de viajes a Marruecos, excursiones de un d\u00eda a Marruecos, excursiones en grupo a Marruecos, visitas guiadas a Marruecos, viaje a Marruecos, excursi\u00f3n a Marruecos\"","breadcrumb":{"@id":"https:\/\/discoverysaharatours.com\/es\/9-dias-desde-marrakech-al-desierto-y-casablanca\/#breadcrumb"},"inLanguage":"en-US","potentialAction":[{"@type":"ReadAction","target":["https:\/\/discoverysaharatours.com\/es\/9-dias-desde-marrakech-al-desierto-y-casablanca\/"]}]},{"@type":"BreadcrumbList","@id":"https:\/\/discoverysaharatours.com\/es\/9-dias-desde-marrakech-al-desierto-y-casablanca\/#breadcrumb","itemListElement":[{"@type":"ListItem","position":1,"name":"Home","item":"https:\/\/discoverysaharatours.com\/es\/"},{"@type":"ListItem","position":2,"name":"9 d\u00edas desde Marrakech al desierto y Casablanca"}]},{"@type":"WebSite","@id":"https:\/\/discoverysaharatours.com\/es\/#website","url":"https:\/\/discoverysaharatours.com\/es\/","name":"Discovery Sahara Tours","description":"Morocco Desert Tours \/ Tours &amp; Excursions in Morocco","publisher":{"@id":"https:\/\/discoverysaharatours.com\/es\/#organization"},"potentialAction":[{"@type":"SearchAction","target":{"@type":"EntryPoint","urlTemplate":"https:\/\/discoverysaharatours.com\/es\/?s={search_term_string}"},"query-input":"required name=search_term_string"}],"inLanguage":"en-US"},{"@type":"Organization","@id":"https:\/\/discoverysaharatours.com\/es\/#organization","name":"Discovery Sahara Tours","url":"https:\/\/discoverysaharatours.com\/es\/","logo":{"@type":"ImageObject","inLanguage":"en-US","@id":"https:\/\/discoverysaharatours.com\/es\/#\/schema\/logo\/image\/","url":"https:\/\/discoverysaharatours.com\/es\/wp-content\/uploads\/2022\/10\/logo-Discovery-Sahara-Tours.png","contentUrl":"https:\/\/discoverysaharatours.com\/es\/wp-content\/uploads\/2022\/10\/logo-Discovery-Sahara-Tours.png","width":557,"height":486,"caption":"Discovery Sahara Tours"},"image":{"@id":"https:\/\/discoverysaharatours.com\/es\/#\/schema\/logo\/image\/"}}]}},"_links":{"self":[{"href":"https:\/\/discoverysaharatours.com\/es\/wp-json\/wp\/v2\/pages\/10798","targetHints":{"allow":["GET"]}}],"collection":[{"href":"https:\/\/discoverysaharatours.com\/es\/wp-json\/wp\/v2\/pages"}],"about":[{"href":"https:\/\/discoverysaharatours.com\/es\/wp-json\/wp\/v2\/types\/page"}],"author":[{"embeddable":true,"href":"https:\/\/discoverysaharatours.com\/es\/wp-json\/wp\/v2\/users\/1"}],"replies":[{"embeddable":true,"href":"https:\/\/discoverysaharatours.com\/es\/wp-json\/wp\/v2\/comments?post=10798"}],"version-history":[{"count":4,"href":"https:\/\/discoverysaharatours.com\/es\/wp-json\/wp\/v2\/pages\/10798\/revisions"}],"predecessor-version":[{"id":19753,"href":"https:\/\/discoverysaharatours.com\/es\/wp-json\/wp\/v2\/pages\/10798\/revisions\/19753"}],"wp:attachment":[{"href":"https:\/\/discoverysaharatours.com\/es\/wp-json\/wp\/v2\/media?parent=10798"}],"curies":[{"name":"wp","href":"https:\/\/api.w.org\/{rel}","templated":true}]}}