{"id":10801,"date":"2018-11-02T16:24:54","date_gmt":"2018-11-02T16:24:54","guid":{"rendered":"https:\/\/www.discoverysaharatours.com\/?page_id=10801"},"modified":"2026-04-10T09:16:58","modified_gmt":"2026-04-10T09:16:58","slug":"9-dias-desde-marrakech-a-traves-del-desierto-del-sahara","status":"publish","type":"page","link":"https:\/\/discoverysaharatours.com\/es\/9-dias-desde-marrakech-a-traves-del-desierto-del-sahara\/","title":{"rendered":"9 d\u00edas desde Marrakech a trav\u00e9s del desierto del Sahara"},"content":{"rendered":"<h1 data-section-id=\"1inuhe4\" data-start=\"92\" data-end=\"153\">\ud83d\udc2a Tour de 9 d\u00edas en camello por el desierto de Erg Chegaga<\/h1>\n<p data-start=\"155\" data-end=\"313\">Una experiencia \u00fanica para descubrir los paisajes m\u00e1s aut\u00e9nticos del Sahara marroqu\u00ed, combinando cultura bereber, dunas infinitas y noches bajo las estrellas.<\/p>\n<hr data-start=\"315\" data-end=\"318\">\n<h2 data-section-id=\"197qpdp\" data-start=\"320\" data-end=\"399\">\ud83d\uddd3\ufe0f<span style=\"color: #ff6600;\"> D\u00eda 1: <span class=\"hover:entity-accent entity-underline inline cursor-pointer align-baseline\"><span class=\"whitespace-normal\">Marrakech<\/span><\/span> \u2013 Tizi N\u2019Test \u2013 Taliouine<\/span><\/h2>\n<p data-start=\"400\" data-end=\"667\">Despu\u00e9s del desayuno, salida hacia Taliouine atravesando el pueblo bereber de Asni y el valle de Ouirgane. Cruzaremos el Alto Atlas por el paso de Tizi N\u2019Test (2.260 m), con paradas panor\u00e1micas.<br data-start=\"594\" data-end=\"597\">Almuerzo en ruta y continuaci\u00f3n hacia Taliouine.<br data-start=\"645\" data-end=\"648\">\ud83d\udecf\ufe0f Noche en hotel.<\/p>\n<hr data-start=\"669\" data-end=\"672\">\n<h2 data-section-id=\"1hec52n\" data-start=\"674\" data-end=\"803\">\ud83d\uddd3\ufe0f <span style=\"color: #ff6600;\">D\u00eda 2: Taliouine \u2013 Taznakht \u2013 Foum Zguid \u2013 <span class=\"hover:entity-accent entity-underline inline cursor-pointer align-baseline\"><span class=\"whitespace-normal\">Lago Iriki<\/span><\/span> \u2013 <span class=\"hover:entity-accent entity-underline inline cursor-pointer align-baseline\"><span class=\"whitespace-normal\">Erg Chegaga<\/span><\/span><\/span><\/h2>\n<p data-start=\"804\" data-end=\"1098\">Salida hacia el desierto v\u00eda Taznakht. Almuerzo en Foum Zguid.<br data-start=\"866\" data-end=\"869\">Por la tarde, cruzaremos el lago seco de Iriki y la meseta des\u00e9rtica hasta llegar a las dunas de Erg Chegaga.<br data-start=\"978\" data-end=\"981\">Encuentro con el equipo n\u00f3mada y preparaci\u00f3n del campamento.<br data-start=\"1041\" data-end=\"1044\">\ud83c\udf19 Cena y noche bajo las estrellas o en tienda n\u00f3mada.<\/p>\n<hr data-start=\"1100\" data-end=\"1103\">\n<h2 data-section-id=\"df3j8z\" data-start=\"1105\" data-end=\"1143\">\ud83d\uddd3\ufe0f <span style=\"color: #ff6600;\">D\u00eda 3: Abidlia \u2013 Khert Lgerzi<\/span><\/h2>\n<p data-start=\"1144\" data-end=\"1315\">Inicio del trekking en camello (aprox. 4 h).<br data-start=\"1188\" data-end=\"1191\">Almuerzo en el desierto cerca de zonas frecuentadas por n\u00f3madas.<br data-start=\"1255\" data-end=\"1258\">Continuaci\u00f3n hacia Khert Lgerzi.<br data-start=\"1290\" data-end=\"1293\">\u26fa Noche en campamento.<\/p>\n<hr data-start=\"1317\" data-end=\"1320\">\n<h2 data-section-id=\"112bsof\" data-start=\"1322\" data-end=\"1362\">\ud83d\uddd3\ufe0f <span style=\"color: #ff6600;\">D\u00eda 4: Khert Lgerzi \u2013 Erg Sedra<\/span><\/h2>\n<p data-start=\"1363\" data-end=\"1503\">Caminata por el coraz\u00f3n del Sahara (4 h).<br data-start=\"1404\" data-end=\"1407\">Almuerzo y descanso.<br data-start=\"1427\" data-end=\"1430\">Continuaci\u00f3n hacia las dunas de Erg Sedra (2 h).<br data-start=\"1478\" data-end=\"1481\">\u26fa Noche en campamento.<\/p>\n<hr data-start=\"1505\" data-end=\"1508\">\n<h2 data-section-id=\"10fe5ed\" data-start=\"1510\" data-end=\"1547\">\ud83d\uddd3\ufe0f <span style=\"color: #ff6600;\">D\u00eda 5: Erg Sedra \u2013 Erg Zehar<\/span><\/h2>\n<p data-start=\"1548\" data-end=\"1723\">Ruta hacia Erg Zehar, conocidas como las \u201cdunas de la suerte\u201d.<br data-start=\"1610\" data-end=\"1613\">Parada para t\u00e9 bereber bajo una acacia.<br data-start=\"1652\" data-end=\"1655\">Almuerzo y continuaci\u00f3n (total aprox. 6 h).<br data-start=\"1698\" data-end=\"1701\">\u26fa Noche en campamento.<\/p>\n<hr data-start=\"1725\" data-end=\"1728\">\n<h2 data-section-id=\"1f99h3w\" data-start=\"1730\" data-end=\"1767\">\ud83d\uddd3\ufe0f<span style=\"color: #ff6600;\"> D\u00eda 6: Erg Zehar \u2013 Sidi Naji<\/span><\/h2>\n<p data-start=\"1768\" data-end=\"1907\">Salida hacia Sidi Naji (6 h con pausa).<br data-start=\"1807\" data-end=\"1810\">Visita del mausoleo del antiguo morabito, lugar de peregrinaci\u00f3n n\u00f3mada.<br data-start=\"1882\" data-end=\"1885\">\u26fa Noche en campamento.<\/p>\n<hr data-start=\"1909\" data-end=\"1912\">\n<h2 data-section-id=\"s5q384\" data-start=\"1914\" data-end=\"1979\">\ud83d\uddd3\ufe0f<span style=\"color: #ff6600;\"> D\u00eda 7: Sidi Naji \u2013 <span class=\"hover:entity-accent entity-underline inline cursor-pointer align-baseline\"><span class=\"whitespace-normal\">M&#8217;Hamid El Ghizlane<\/span><\/span><\/span><\/h2>\n<p data-start=\"1980\" data-end=\"2112\">\u00daltima jornada de trekking atravesando el paisaje de reg (desierto pedregoso).<br data-start=\"2058\" data-end=\"2061\">Llegada a M\u2019Hamid, fin de la traves\u00eda en camello.<\/p>\n<hr data-start=\"2114\" data-end=\"2117\">\n<h2 data-section-id=\"1rlhf1w\" data-start=\"2119\" data-end=\"2208\">\ud83d\uddd3\ufe0f <span style=\"color: #ff6600;\">D\u00eda 8: M\u2019Hamid \u2013 Zagora \u2013 Valle del Draa \u2013 <span class=\"hover:entity-accent entity-underline inline cursor-pointer align-baseline\"><span class=\"whitespace-normal\">Ouarzazate<\/span><\/span><\/span><\/h2>\n<p data-start=\"2209\" data-end=\"2334\">Salida hacia Ouarzazate pasando por Zagora.<br data-start=\"2252\" data-end=\"2255\">Paradas en el palmeral y recorrido por el valle del Draa.<br data-start=\"2312\" data-end=\"2315\">\ud83d\udecf\ufe0f Noche en hotel.<\/p>\n<hr data-start=\"2336\" data-end=\"2339\">\n<h2 data-section-id=\"62sreq\" data-start=\"2341\" data-end=\"2419\">\ud83d\uddd3\ufe0f <span style=\"color: #ff6600;\">D\u00eda 9: Ouarzazate \u2013 <span class=\"hover:entity-accent entity-underline inline cursor-pointer align-baseline\"><span class=\"whitespace-normal\">Ait Ben Haddou<\/span><\/span> \u2013 Marrakech<\/span><\/h2>\n<p data-start=\"2420\" data-end=\"2594\">Visita de la kasbah de Taourirt y los estudios de cine Atlas.<br data-start=\"2481\" data-end=\"2484\">Exploraci\u00f3n de Ait Ben Haddou (Patrimonio de la UNESCO).<br data-start=\"2540\" data-end=\"2543\">Regreso a Marrakech por el paso de Tizi N\u2019Tichka.<\/p>\n<hr data-start=\"2596\" data-end=\"2599\">\n<h1 data-section-id=\"gvqe9x\" data-start=\"2601\" data-end=\"2618\">\ud83c\udf92 <span style=\"color: #ff6600;\">\u00bfQu\u00e9 llevar?<\/span><\/h1>\n<ul data-start=\"2619\" data-end=\"2880\">\n<li data-section-id=\"yhd8s1\" data-start=\"2619\" data-end=\"2637\">Mochila ligera<\/li>\n<li data-section-id=\"kdensk\" data-start=\"2638\" data-end=\"2661\">Calzado de trekking<\/li>\n<li data-section-id=\"eo79qs\" data-start=\"2662\" data-end=\"2712\">Ropa para calor y fr\u00edo (gran amplitud t\u00e9rmica)<\/li>\n<li data-section-id=\"b85gdj\" data-start=\"2713\" data-end=\"2747\">Gafas de sol y protector solar<\/li>\n<li data-section-id=\"1r24lu9\" data-start=\"2748\" data-end=\"2760\">Sombrero<\/li>\n<li data-section-id=\"2ocncf\" data-start=\"2761\" data-end=\"2773\">Linterna<\/li>\n<li data-section-id=\"12gejh4\" data-start=\"2774\" data-end=\"2792\">Saco de dormir<\/li>\n<li data-section-id=\"131o0ar\" data-start=\"2793\" data-end=\"2824\">Botella de agua (m\u00edn. 1,5L)<\/li>\n<li data-section-id=\"2j2qsu\" data-start=\"2825\" data-end=\"2846\">Kit m\u00e9dico b\u00e1sico<\/li>\n<li data-section-id=\"rts89o\" data-start=\"2847\" data-end=\"2880\">Art\u00edculos de higiene personal<\/li>\n<\/ul>\n<hr data-start=\"2882\" data-end=\"2885\">\n<h1 data-section-id=\"rkbe1j\" data-start=\"2887\" data-end=\"2906\">\u2705 <span style=\"color: #ff6600;\">El tour incluye<\/span><\/h1>\n<ul data-start=\"2907\" data-end=\"3205\">\n<li data-section-id=\"8c43qq\" data-start=\"2907\" data-end=\"2973\">Transporte privado 4&#215;4 con aire acondicionado (d\u00edas 1\u20132 y 8\u20139)<\/li>\n<li data-section-id=\"exvc70\" data-start=\"2974\" data-end=\"3009\">Conductor\/gu\u00eda de habla inglesa<\/li>\n<li data-section-id=\"1lu6k1x\" data-start=\"3010\" data-end=\"3074\">2 noches en hotel (Taliouine y Ouarzazate) con media pensi\u00f3n<\/li>\n<li data-section-id=\"v87omi\" data-start=\"3075\" data-end=\"3107\">Trekking en camello (5 d\u00edas)<\/li>\n<li data-section-id=\"14mw7kf\" data-start=\"3108\" data-end=\"3164\">Equipo completo (gu\u00eda, cocinero, camellos, tiendas\u2026)<\/li>\n<li data-section-id=\"av9ctq\" data-start=\"3165\" data-end=\"3205\">Pensi\u00f3n completa durante el trekking<\/li>\n<\/ul>\n<hr data-start=\"3207\" data-end=\"3210\">\n<h1 data-section-id=\"1pkbjgq\" data-start=\"3212\" data-end=\"3226\">\u274c<span style=\"color: #ff6600;\"> No incluye<\/span><\/h1>\n<ul data-start=\"3227\" data-end=\"3317\">\n<li data-section-id=\"4jij9s\" data-start=\"3227\" data-end=\"3269\">Bebidas y almuerzos fuera del desierto<\/li>\n<li data-section-id=\"k8ve4k\" data-start=\"3270\" data-end=\"3295\">Entradas a monumentos<\/li>\n<li data-section-id=\"zgtesb\" data-start=\"3296\" data-end=\"3317\">Gastos personales<\/li>\n<\/ul>\n<hr data-start=\"3319\" data-end=\"3322\">\n<p data-start=\"3324\" data-end=\"3519\">\ud83d\udca1 <strong data-start=\"3327\" data-end=\"3336\">Nota:<\/strong> El trekking se realiza principalmente a pie o en camello, acompa\u00f1ado por un equipo n\u00f3mada que transporta el equipaje. Tambi\u00e9n existe la opci\u00f3n de realizar parte del recorrido en 4&#215;4.<\/p>\n","protected":false},"excerpt":{"rendered":"<p>\ud83d\udc2a Tour de 9 d\u00edas en camello por el desierto de Erg Chegaga Una experiencia \u00fanica para descubrir los paisajes m\u00e1s aut\u00e9nticos del Sahara marroqu\u00ed, combinando cultura bereber, dunas infinitas y noches bajo las estrellas. \ud83d\uddd3\ufe0f D\u00eda 1: Marrakech \u2013 Tizi N\u2019Test \u2013 Taliouine Despu\u00e9s del desayuno, salida hacia Taliouine atravesando el pueblo bereber de&#8230;<\/p>\n","protected":false},"author":1,"featured_media":0,"parent":0,"menu_order":0,"comment_status":"closed","ping_status":"closed","template":"","meta":{"ngg_post_thumbnail":0,"_kad_post_transparent":"default","_kad_post_title":"default","_kad_post_layout":"default","_kad_post_sidebar_id":"","_kad_post_content_style":"default","_kad_post_vertical_padding":"default","_kad_post_feature":"","_kad_post_feature_position":"","_kad_post_header":false,"_kad_post_footer":false,"footnotes":""},"class_list":["post-10801","page","type-page","status-publish","hentry"],"yoast_head":"<!-- This site is optimized with the Yoast SEO plugin v21.5 - https:\/\/yoast.com\/wordpress\/plugins\/seo\/ -->\n<title>viaje a Marruecos<\/title>\n<meta name=\"description\" content=\"&quot;viaje a Marruecos, asesor\u00eda de viajes a Marruecos, excursiones de un d\u00eda a Marruecos, excursiones en grupo a Marruecos, visitas guiadas a Marruecos, viaje a Marruecos, excursi\u00f3n a Marruecos&quot;\" \/>\n<meta name=\"robots\" content=\"index, follow, max-snippet:-1, max-image-preview:large, max-video-preview:-1\" \/>\n<link rel=\"canonical\" href=\"https:\/\/discoverysaharatours.com\/es\/9-dias-desde-marrakech-a-traves-del-desierto-del-sahara\/\" \/>\n<meta property=\"og:locale\" content=\"en_US\" \/>\n<meta property=\"og:type\" content=\"article\" \/>\n<meta property=\"og:title\" content=\"https:\/\/web.facebook.com\/Discovery.sahara\/\" \/>\n<meta property=\"og:description\" content=\"Discovery Sahara Tours es una agencia local en Marruecos muy especializada en organizar rutas por el desierto, con veh\u00edculos 4\u00d74 que facilitan el acceso a las pistas, a los lugares menos tur\u00edsticos y m\u00e1s aut\u00e9nticos, para disfrutar de la comodidad y el confort de sus ventajas. Con excursiones en dromedarios hasta llegar a los campamentos situados en medio de las dunas y poder disfrutar de una noche bajo las estrellas. Visitar familias bereberes, compartir su estilo de vida y costumbres. Con excursiones a pie hasta llegar al oasis frecuentado por n\u00f3madas.\" \/>\n<meta property=\"og:url\" content=\"https:\/\/discoverysaharatours.com\/es\/9-dias-desde-marrakech-a-traves-del-desierto-del-sahara\/\" \/>\n<meta property=\"og:site_name\" content=\"Discovery Sahara Tours\" \/>\n<meta property=\"article:modified_time\" content=\"2026-04-10T09:16:58+00:00\" \/>\n<meta property=\"og:image\" content=\"https:\/\/discoverysaharatours.com\/es\/wp-content\/uploads\/2022\/10\/cropped-logo-Discovery-Sahara-Tours.png\" \/>\n\t<meta property=\"og:image:width\" content=\"512\" \/>\n\t<meta property=\"og:image:height\" content=\"512\" \/>\n\t<meta property=\"og:image:type\" content=\"image\/png\" \/>\n<meta name=\"twitter:card\" content=\"summary_large_image\" \/>\n<meta name=\"twitter:label1\" content=\"Est. reading time\" \/>\n\t<meta name=\"twitter:data1\" content=\"3 minutes\" \/>\n<script type=\"application\/ld+json\" class=\"yoast-schema-graph\">{\"@context\":\"https:\/\/schema.org\",\"@graph\":[{\"@type\":\"WebPage\",\"@id\":\"https:\/\/discoverysaharatours.com\/es\/9-dias-desde-marrakech-a-traves-del-desierto-del-sahara\/\",\"url\":\"https:\/\/discoverysaharatours.com\/es\/9-dias-desde-marrakech-a-traves-del-desierto-del-sahara\/\",\"name\":\"viaje a Marruecos\",\"isPartOf\":{\"@id\":\"https:\/\/discoverysaharatours.com\/es\/#website\"},\"datePublished\":\"2018-11-02T16:24:54+00:00\",\"dateModified\":\"2026-04-10T09:16:58+00:00\",\"description\":\"\\\"viaje a Marruecos, asesor\u00eda de viajes a Marruecos, excursiones de un d\u00eda a Marruecos, excursiones en grupo a Marruecos, visitas guiadas a Marruecos, viaje a Marruecos, excursi\u00f3n a Marruecos\\\"\",\"breadcrumb\":{\"@id\":\"https:\/\/discoverysaharatours.com\/es\/9-dias-desde-marrakech-a-traves-del-desierto-del-sahara\/#breadcrumb\"},\"inLanguage\":\"en-US\",\"potentialAction\":[{\"@type\":\"ReadAction\",\"target\":[\"https:\/\/discoverysaharatours.com\/es\/9-dias-desde-marrakech-a-traves-del-desierto-del-sahara\/\"]}]},{\"@type\":\"BreadcrumbList\",\"@id\":\"https:\/\/discoverysaharatours.com\/es\/9-dias-desde-marrakech-a-traves-del-desierto-del-sahara\/#breadcrumb\",\"itemListElement\":[{\"@type\":\"ListItem\",\"position\":1,\"name\":\"Home\",\"item\":\"https:\/\/discoverysaharatours.com\/es\/\"},{\"@type\":\"ListItem\",\"position\":2,\"name\":\"9 d\u00edas desde Marrakech a trav\u00e9s del desierto del Sahara\"}]},{\"@type\":\"WebSite\",\"@id\":\"https:\/\/discoverysaharatours.com\/es\/#website\",\"url\":\"https:\/\/discoverysaharatours.com\/es\/\",\"name\":\"Discovery Sahara Tours\",\"description\":\"Morocco Desert Tours \/ Tours &amp; Excursions in Morocco\",\"publisher\":{\"@id\":\"https:\/\/discoverysaharatours.com\/es\/#organization\"},\"potentialAction\":[{\"@type\":\"SearchAction\",\"target\":{\"@type\":\"EntryPoint\",\"urlTemplate\":\"https:\/\/discoverysaharatours.com\/es\/?s={search_term_string}\"},\"query-input\":\"required name=search_term_string\"}],\"inLanguage\":\"en-US\"},{\"@type\":\"Organization\",\"@id\":\"https:\/\/discoverysaharatours.com\/es\/#organization\",\"name\":\"Discovery Sahara Tours\",\"url\":\"https:\/\/discoverysaharatours.com\/es\/\",\"logo\":{\"@type\":\"ImageObject\",\"inLanguage\":\"en-US\",\"@id\":\"https:\/\/discoverysaharatours.com\/es\/#\/schema\/logo\/image\/\",\"url\":\"https:\/\/discoverysaharatours.com\/es\/wp-content\/uploads\/2022\/10\/logo-Discovery-Sahara-Tours.png\",\"contentUrl\":\"https:\/\/discoverysaharatours.com\/es\/wp-content\/uploads\/2022\/10\/logo-Discovery-Sahara-Tours.png\",\"width\":557,\"height\":486,\"caption\":\"Discovery Sahara Tours\"},\"image\":{\"@id\":\"https:\/\/discoverysaharatours.com\/es\/#\/schema\/logo\/image\/\"}}]}<\/script>\n<!-- \/ Yoast SEO plugin. -->","yoast_head_json":{"title":"viaje a Marruecos","description":"\"viaje a Marruecos, asesor\u00eda de viajes a Marruecos, excursiones de un d\u00eda a Marruecos, excursiones en grupo a Marruecos, visitas guiadas a Marruecos, viaje a Marruecos, excursi\u00f3n a Marruecos\"","robots":{"index":"index","follow":"follow","max-snippet":"max-snippet:-1","max-image-preview":"max-image-preview:large","max-video-preview":"max-video-preview:-1"},"canonical":"https:\/\/discoverysaharatours.com\/es\/9-dias-desde-marrakech-a-traves-del-desierto-del-sahara\/","og_locale":"en_US","og_type":"article","og_title":"https:\/\/web.facebook.com\/Discovery.sahara\/","og_description":"Discovery Sahara Tours es una agencia local en Marruecos muy especializada en organizar rutas por el desierto, con veh\u00edculos 4\u00d74 que facilitan el acceso a las pistas, a los lugares menos tur\u00edsticos y m\u00e1s aut\u00e9nticos, para disfrutar de la comodidad y el confort de sus ventajas. Con excursiones en dromedarios hasta llegar a los campamentos situados en medio de las dunas y poder disfrutar de una noche bajo las estrellas. Visitar familias bereberes, compartir su estilo de vida y costumbres. Con excursiones a pie hasta llegar al oasis frecuentado por n\u00f3madas.","og_url":"https:\/\/discoverysaharatours.com\/es\/9-dias-desde-marrakech-a-traves-del-desierto-del-sahara\/","og_site_name":"Discovery Sahara Tours","article_modified_time":"2026-04-10T09:16:58+00:00","og_image":[{"width":512,"height":512,"url":"https:\/\/discoverysaharatours.com\/es\/wp-content\/uploads\/2022\/10\/cropped-logo-Discovery-Sahara-Tours.png","type":"image\/png"}],"twitter_card":"summary_large_image","twitter_misc":{"Est. reading time":"3 minutes"},"schema":{"@context":"https:\/\/schema.org","@graph":[{"@type":"WebPage","@id":"https:\/\/discoverysaharatours.com\/es\/9-dias-desde-marrakech-a-traves-del-desierto-del-sahara\/","url":"https:\/\/discoverysaharatours.com\/es\/9-dias-desde-marrakech-a-traves-del-desierto-del-sahara\/","name":"viaje a Marruecos","isPartOf":{"@id":"https:\/\/discoverysaharatours.com\/es\/#website"},"datePublished":"2018-11-02T16:24:54+00:00","dateModified":"2026-04-10T09:16:58+00:00","description":"\"viaje a Marruecos, asesor\u00eda de viajes a Marruecos, excursiones de un d\u00eda a Marruecos, excursiones en grupo a Marruecos, visitas guiadas a Marruecos, viaje a Marruecos, excursi\u00f3n a Marruecos\"","breadcrumb":{"@id":"https:\/\/discoverysaharatours.com\/es\/9-dias-desde-marrakech-a-traves-del-desierto-del-sahara\/#breadcrumb"},"inLanguage":"en-US","potentialAction":[{"@type":"ReadAction","target":["https:\/\/discoverysaharatours.com\/es\/9-dias-desde-marrakech-a-traves-del-desierto-del-sahara\/"]}]},{"@type":"BreadcrumbList","@id":"https:\/\/discoverysaharatours.com\/es\/9-dias-desde-marrakech-a-traves-del-desierto-del-sahara\/#breadcrumb","itemListElement":[{"@type":"ListItem","position":1,"name":"Home","item":"https:\/\/discoverysaharatours.com\/es\/"},{"@type":"ListItem","position":2,"name":"9 d\u00edas desde Marrakech a trav\u00e9s del desierto del Sahara"}]},{"@type":"WebSite","@id":"https:\/\/discoverysaharatours.com\/es\/#website","url":"https:\/\/discoverysaharatours.com\/es\/","name":"Discovery Sahara Tours","description":"Morocco Desert Tours \/ Tours &amp; Excursions in Morocco","publisher":{"@id":"https:\/\/discoverysaharatours.com\/es\/#organization"},"potentialAction":[{"@type":"SearchAction","target":{"@type":"EntryPoint","urlTemplate":"https:\/\/discoverysaharatours.com\/es\/?s={search_term_string}"},"query-input":"required name=search_term_string"}],"inLanguage":"en-US"},{"@type":"Organization","@id":"https:\/\/discoverysaharatours.com\/es\/#organization","name":"Discovery Sahara Tours","url":"https:\/\/discoverysaharatours.com\/es\/","logo":{"@type":"ImageObject","inLanguage":"en-US","@id":"https:\/\/discoverysaharatours.com\/es\/#\/schema\/logo\/image\/","url":"https:\/\/discoverysaharatours.com\/es\/wp-content\/uploads\/2022\/10\/logo-Discovery-Sahara-Tours.png","contentUrl":"https:\/\/discoverysaharatours.com\/es\/wp-content\/uploads\/2022\/10\/logo-Discovery-Sahara-Tours.png","width":557,"height":486,"caption":"Discovery Sahara Tours"},"image":{"@id":"https:\/\/discoverysaharatours.com\/es\/#\/schema\/logo\/image\/"}}]}},"_links":{"self":[{"href":"https:\/\/discoverysaharatours.com\/es\/wp-json\/wp\/v2\/pages\/10801","targetHints":{"allow":["GET"]}}],"collection":[{"href":"https:\/\/discoverysaharatours.com\/es\/wp-json\/wp\/v2\/pages"}],"about":[{"href":"https:\/\/discoverysaharatours.com\/es\/wp-json\/wp\/v2\/types\/page"}],"author":[{"embeddable":true,"href":"https:\/\/discoverysaharatours.com\/es\/wp-json\/wp\/v2\/users\/1"}],"replies":[{"embeddable":true,"href":"https:\/\/discoverysaharatours.com\/es\/wp-json\/wp\/v2\/comments?post=10801"}],"version-history":[{"count":5,"href":"https:\/\/discoverysaharatours.com\/es\/wp-json\/wp\/v2\/pages\/10801\/revisions"}],"predecessor-version":[{"id":19752,"href":"https:\/\/discoverysaharatours.com\/es\/wp-json\/wp\/v2\/pages\/10801\/revisions\/19752"}],"wp:attachment":[{"href":"https:\/\/discoverysaharatours.com\/es\/wp-json\/wp\/v2\/media?parent=10801"}],"curies":[{"name":"wp","href":"https:\/\/api.w.org\/{rel}","templated":true}]}}