{"id":10805,"date":"2018-11-02T16:27:02","date_gmt":"2018-11-02T16:27:02","guid":{"rendered":"https:\/\/www.discoverysaharatours.com\/?page_id=10805"},"modified":"2026-04-05T08:23:03","modified_gmt":"2026-04-05T08:23:03","slug":"12-dias-desde-marrakech-a-essaouira-y-el-desierto","status":"publish","type":"page","link":"https:\/\/discoverysaharatours.com\/es\/12-dias-desde-marrakech-a-essaouira-y-el-desierto\/","title":{"rendered":"12 d\u00edas desde Marrakech a Essaouira y el desierto"},"content":{"rendered":"<h2 data-section-id=\"10hze9w\" data-start=\"191\" data-end=\"246\">\ud83c\udf0d Circuito de 12 d\u00edas por Marruecos desde Marrakech<\/h2>\n<p data-start=\"248\" data-end=\"738\">Despu\u00e9s de descubrir <span class=\"hover:entity-accent entity-underline inline cursor-pointer align-baseline\"><span class=\"whitespace-normal\">Marrakech<\/span><\/span> con un gu\u00eda local, comenzaremos un fascinante recorrido por Marruecos: desde la costa atl\u00e1ntica de <span class=\"hover:entity-accent entity-underline inline cursor-pointer align-baseline\"><span class=\"whitespace-normal\">Essaouira<\/span><\/span> hasta las ciudades imperiales como <span class=\"hover:entity-accent entity-underline inline cursor-pointer align-baseline\"><span class=\"whitespace-normal\">Rabat<\/span><\/span>, <span class=\"hover:entity-accent entity-underline inline cursor-pointer align-baseline\"><span class=\"whitespace-normal\">Fez<\/span><\/span> y <span class=\"hover:entity-accent entity-underline inline cursor-pointer align-baseline\"><span class=\"whitespace-normal\">Meknes<\/span><\/span>, pasando por el norte en <span class=\"hover:entity-accent entity-underline inline cursor-pointer align-baseline\"><span class=\"whitespace-normal\">T\u00e1nger<\/span><\/span> y las monta\u00f1as del Rif hasta la m\u00e1gica <span class=\"hover:entity-accent entity-underline inline cursor-pointer align-baseline\"><span class=\"whitespace-normal\">Chefchaouen<\/span><\/span>.<\/p>\n<p data-start=\"740\" data-end=\"960\">El viaje contin\u00faa hacia el desierto de <span class=\"hover:entity-accent entity-underline inline cursor-pointer align-baseline\"><span class=\"whitespace-normal\">Merzouga<\/span><\/span>, donde vivir\u00e1s la experiencia \u00fanica de dormir bajo las estrellas en el Sahara, antes de regresar atravesando el Atlas y las hist\u00f3ricas kasbahs.<\/p>\n<hr data-start=\"962\" data-end=\"965\">\n<h3 data-section-id=\"1fc6pyj\" data-start=\"967\" data-end=\"1003\">\ud83d\uddd3\ufe0f <span style=\"color: #ff6600;\">D\u00eda 1: Llegada a Marrakech<\/span><\/h3>\n<p data-start=\"1004\" data-end=\"1145\">Recepci\u00f3n en el aeropuerto y traslado al hotel. Tiempo libre para explorar la famosa plaza <span class=\"hover:entity-accent entity-underline inline cursor-pointer align-baseline\"><span class=\"whitespace-normal\">Jemaa el-Fna<\/span><\/span> y los zocos.<\/p>\n<hr data-start=\"1147\" data-end=\"1150\">\n<h3 data-section-id=\"1a7s04h\" data-start=\"1152\" data-end=\"1195\">\ud83d\uddd3\ufe0f<span style=\"color: #ff6600;\"> D\u00eda 2: Visita guiada de Marrakech<\/span><\/h3>\n<p data-start=\"1196\" data-end=\"1237\">Descubre la ciudad roja con gu\u00eda local:<\/p>\n<ul data-start=\"1238\" data-end=\"1455\">\n<li data-section-id=\"1xaspf9\" data-start=\"1238\" data-end=\"1279\"><span class=\"hover:entity-accent entity-underline inline cursor-pointer align-baseline\"><span class=\"whitespace-normal\">Mezquita Kutub\u00eda<\/span><\/span><\/li>\n<li data-section-id=\"x79p85\" data-start=\"1280\" data-end=\"1323\"><span class=\"hover:entity-accent entity-underline inline cursor-pointer align-baseline\"><span class=\"whitespace-normal\">Medina de Marrakech<\/span><\/span><\/li>\n<li data-section-id=\"bgd20l\" data-start=\"1324\" data-end=\"1367\"><span class=\"hover:entity-accent entity-underline inline cursor-pointer align-baseline\"><span class=\"whitespace-normal\">Madraza Ben Youssef<\/span><\/span><\/li>\n<li data-section-id=\"1y51851\" data-start=\"1368\" data-end=\"1411\"><span class=\"hover:entity-accent entity-underline inline cursor-pointer align-baseline\"><span class=\"whitespace-normal\">Palacio de la Bah\u00eda<\/span><\/span><\/li>\n<li data-section-id=\"1ce4kxh\" data-start=\"1412\" data-end=\"1455\"><span class=\"hover:entity-accent entity-underline inline cursor-pointer align-baseline\"><span class=\"whitespace-normal\">Jard\u00edn Majorelle<\/span><\/span><\/li>\n<\/ul>\n<p data-start=\"1457\" data-end=\"1484\">Noche en riad en la medina.<\/p>\n<hr data-start=\"1486\" data-end=\"1489\">\n<h3 data-section-id=\"1st3q8p\" data-start=\"1491\" data-end=\"1529\">\ud83d\uddd3\ufe0f <span style=\"color: #ff6600;\">D\u00eda 3: Marrakech \u2013 Essaouira<\/span><\/h3>\n<p data-start=\"1530\" data-end=\"1671\">Salida hacia la costa atl\u00e1ntica hasta <span class=\"hover:entity-accent entity-underline inline cursor-pointer align-baseline\"><span class=\"whitespace-normal\">Essaouira<\/span><\/span>. Paseo por la medina, el puerto y las murallas. Noche en hotel.<\/p>\n<hr data-start=\"1673\" data-end=\"1676\">\n<h3 data-section-id=\"k8whez\" data-start=\"1678\" data-end=\"1737\">\ud83d\uddd3\ufe0f <span style=\"color: #ff6600;\">D\u00eda 4: Essaouira \u2013 El Jadida \u2013 Casablanca \u2013 Rabat<\/span><\/h3>\n<p data-start=\"1738\" data-end=\"1758\">Ruta por la costa:<\/p>\n<ul data-start=\"1759\" data-end=\"2085\">\n<li data-section-id=\"1tbdkl1\" data-start=\"1759\" data-end=\"1802\"><span class=\"hover:entity-accent entity-underline inline cursor-pointer align-baseline\"><span class=\"whitespace-normal\">El Jadida<\/span><\/span><\/li>\n<li data-section-id=\"1kwimtb\" data-start=\"1803\" data-end=\"1953\"><span class=\"hover:entity-accent entity-underline inline cursor-pointer align-baseline\"><span class=\"whitespace-normal\">Casablanca<\/span><\/span> (visita a la <span class=\"hover:entity-accent entity-underline inline cursor-pointer align-baseline\"><span class=\"whitespace-normal\">Mezquita Hassan II<\/span><\/span>)<br data-start=\"1898\" data-end=\"1901\">Llegada a <span class=\"hover:entity-accent entity-underline inline cursor-pointer align-baseline\"><span class=\"whitespace-normal\">Rabat<\/span><\/span>:<\/li>\n<li data-section-id=\"1w3yut1\" data-start=\"1954\" data-end=\"1997\"><span class=\"hover:entity-accent entity-underline inline cursor-pointer align-baseline\"><span class=\"whitespace-normal\">Torre Hassan<\/span><\/span><\/li>\n<li data-section-id=\"1or3w39\" data-start=\"1998\" data-end=\"2041\"><span class=\"hover:entity-accent entity-underline inline cursor-pointer align-baseline\"><span class=\"whitespace-normal\">Mausoleo de Mohammed V<\/span><\/span><\/li>\n<li data-section-id=\"n668ol\" data-start=\"2042\" data-end=\"2085\"><span class=\"hover:entity-accent entity-underline inline cursor-pointer align-baseline\"><span class=\"whitespace-normal\">Kasbah de los Udayas<\/span><\/span><\/li>\n<\/ul>\n<hr data-start=\"2087\" data-end=\"2090\">\n<h3 data-section-id=\"8348l8\" data-start=\"2092\" data-end=\"2137\">\ud83d\uddd3\ufe0f <span style=\"color: #ff6600;\">D\u00eda 5: Rabat \u2013 T\u00e1nger \u2013 Chefchaouen<\/span><\/h3>\n<p data-start=\"2138\" data-end=\"2314\">Viaje hacia <span class=\"hover:entity-accent entity-underline inline cursor-pointer align-baseline\"><span class=\"whitespace-normal\">T\u00e1nger<\/span><\/span> y continuaci\u00f3n por las monta\u00f1as del Rif hasta <span class=\"hover:entity-accent entity-underline inline cursor-pointer align-baseline\"><span class=\"whitespace-normal\">Chefchaouen<\/span><\/span>, la famosa ciudad azul. Noche en riad.<\/p>\n<hr data-start=\"2316\" data-end=\"2319\">\n<h3 data-section-id=\"1ji4fzw\" data-start=\"2321\" data-end=\"2376\">\ud83d\uddd3\ufe0f <span style=\"color: #ff6600;\">D\u00eda 6: Chefchaouen \u2013 Volubilis \u2013 Meknes \u2013 Fez<\/span><\/h3>\n<p data-start=\"2377\" data-end=\"2596\">Visita a las ruinas romanas de <span class=\"hover:entity-accent entity-underline inline cursor-pointer align-baseline\"><span class=\"whitespace-normal\">Volubilis<\/span><\/span>.<br data-start=\"2448\" data-end=\"2451\">Parada en <span class=\"hover:entity-accent entity-underline inline cursor-pointer align-baseline\"><span class=\"whitespace-normal\">Meknes<\/span><\/span> (<span class=\"hover:entity-accent entity-underline inline cursor-pointer align-baseline\"><span class=\"whitespace-normal\">Bab Mansour<\/span><\/span>).<br data-start=\"2543\" data-end=\"2546\">Llegada a <span class=\"hover:entity-accent entity-underline inline cursor-pointer align-baseline\"><span class=\"whitespace-normal\">Fez<\/span><\/span>.<\/p>\n<hr data-start=\"2598\" data-end=\"2601\">\n<h3 data-section-id=\"fivqlm\" data-start=\"2603\" data-end=\"2633\">\ud83d\uddd3\ufe0f <span style=\"color: #ff6600;\">D\u00eda 7: Visita de Fez<\/span><\/h3>\n<p data-start=\"2634\" data-end=\"2777\">Exploraci\u00f3n de la medina de <span class=\"hover:entity-accent entity-underline inline cursor-pointer align-baseline\"><span class=\"whitespace-normal\">Fez el-Bali<\/span><\/span> (Patrimonio UNESCO) y la hist\u00f3rica <span class=\"hover:entity-accent entity-underline inline cursor-pointer align-baseline\"><span class=\"whitespace-normal\">Universidad Al Qarawiyyin<\/span><\/span>.<\/p>\n<hr data-start=\"2779\" data-end=\"2782\">\n<h3 data-section-id=\"nca5j3\" data-start=\"2784\" data-end=\"2832\">\ud83d\uddd3\ufe0f <span style=\"color: #ff6600;\">D\u00eda 8: Fez \u2013 Ifrane \u2013 Azrou \u2013 Merzouga<\/span><\/h3>\n<p data-start=\"2833\" data-end=\"2844\">Paso por:<\/p>\n<ul data-start=\"2845\" data-end=\"3018\">\n<li data-section-id=\"6hmluu\" data-start=\"2845\" data-end=\"2910\"><span class=\"hover:entity-accent entity-underline inline cursor-pointer align-baseline\"><span class=\"whitespace-normal\">Ifrane<\/span><\/span> (la \u201cSuiza marroqu\u00ed\u201d)<\/li>\n<li data-section-id=\"trqqgh\" data-start=\"2911\" data-end=\"3018\"><span class=\"hover:entity-accent entity-underline inline cursor-pointer align-baseline\"><span class=\"whitespace-normal\">Bosque de cedros de Azrou<\/span><\/span><br data-start=\"2952\" data-end=\"2955\">Llegada al desierto de <span class=\"hover:entity-accent entity-underline inline cursor-pointer align-baseline\"><span class=\"whitespace-normal\">Merzouga<\/span><\/span>.<\/li>\n<\/ul>\n<hr data-start=\"3020\" data-end=\"3023\">\n<h3 data-section-id=\"1j6qx6\" data-start=\"3025\" data-end=\"3068\">\ud83d\uddd3\ufe0f <span style=\"color: #ff6600;\">D\u00eda 9: Experiencia en el desierto<\/span><\/h3>\n<p data-start=\"3069\" data-end=\"3216\">Visita a n\u00f3madas y al pueblo de Khamlia.<br data-start=\"3109\" data-end=\"3112\">Paseo en camello por las dunas de <span class=\"hover:entity-accent entity-underline inline cursor-pointer align-baseline\"><span class=\"whitespace-normal\">Erg Chebbi<\/span><\/span> y noche en campamento bereber.<\/p>\n<hr data-start=\"3218\" data-end=\"3221\">\n<h3 data-section-id=\"1m71skb\" data-start=\"3223\" data-end=\"3289\">\ud83d\uddd3\ufe0f <span style=\"color: #ff6600;\">D\u00eda 10: Merzouga \u2013 Gargantas del Todra \u2013 Valle del Dades<\/span><\/h3>\n<p data-start=\"3290\" data-end=\"3305\">Salida hacia:<\/p>\n<ul data-start=\"3306\" data-end=\"3393\">\n<li data-section-id=\"xlf1f9\" data-start=\"3306\" data-end=\"3349\"><span class=\"hover:entity-accent entity-underline inline cursor-pointer align-baseline\"><span class=\"whitespace-normal\">Gargantas del Todra<\/span><\/span><\/li>\n<li data-section-id=\"1poi0s5\" data-start=\"3350\" data-end=\"3393\"><span class=\"hover:entity-accent entity-underline inline cursor-pointer align-baseline\"><span class=\"whitespace-normal\">Valle del Dades<\/span><\/span><\/li>\n<\/ul>\n<hr data-start=\"3395\" data-end=\"3398\">\n<h3 data-section-id=\"19vrua\" data-start=\"3400\" data-end=\"3448\">\ud83d\uddd3\ufe0f <span style=\"color: #ff6600;\">D\u00eda 11: Dades \u2013 Ouarzazate \u2013 Marrakech<\/span><\/h3>\n<p data-start=\"3449\" data-end=\"3459\">Visitas:<\/p>\n<ul data-start=\"3460\" data-end=\"3606\">\n<li data-section-id=\"xi88vp\" data-start=\"3460\" data-end=\"3503\"><span class=\"hover:entity-accent entity-underline inline cursor-pointer align-baseline\"><span class=\"whitespace-normal\">Ouarzazate<\/span><\/span><\/li>\n<li data-section-id=\"1i7er57\" data-start=\"3504\" data-end=\"3606\"><span class=\"hover:entity-accent entity-underline inline cursor-pointer align-baseline\"><span class=\"whitespace-normal\">Kasbah Ait Ben Haddou<\/span><\/span> (UNESCO)<br data-start=\"3554\" data-end=\"3557\">Cruce del Alto Atlas por el puerto Tizi n\u2019Tichka.<\/li>\n<\/ul>\n<hr data-start=\"3608\" data-end=\"3611\">\n<h3 data-section-id=\"1d8gd5p\" data-start=\"3613\" data-end=\"3653\">\ud83d\uddd3\ufe0f <span style=\"color: #ff6600;\">D\u00eda 12: Marrakech \u2013 Aeropuerto<\/span><\/h3>\n<p data-start=\"3654\" data-end=\"3693\">Traslado al aeropuerto y fin del viaje.<\/p>\n<hr data-start=\"3695\" data-end=\"3698\">\n<h2 data-section-id=\"1auouwx\" data-start=\"3700\" data-end=\"3712\">\u2705<span style=\"color: #ff6600;\"> Incluye<\/span><\/h2>\n<ul data-start=\"3713\" data-end=\"3937\">\n<li data-section-id=\"4ok1vv\" data-start=\"3713\" data-end=\"3758\">Transporte privado con aire acondicionado<\/li>\n<li data-section-id=\"khxukc\" data-start=\"3759\" data-end=\"3789\">Conductor\/gu\u00eda multiling\u00fce<\/li>\n<li data-section-id=\"1xlc6vv\" data-start=\"3790\" data-end=\"3805\">Combustible<\/li>\n<li data-section-id=\"sf0vp\" data-start=\"3806\" data-end=\"3833\">10 noches en hotel\/riad<\/li>\n<li data-section-id=\"1fzdz2q\" data-start=\"3834\" data-end=\"3890\">1 noche en campamento en el desierto (media pensi\u00f3n)<\/li>\n<li data-section-id=\"ag4dx5\" data-start=\"3891\" data-end=\"3914\">Paseo en camello \ud83d\udc2a<\/li>\n<li data-section-id=\"1407770\" data-start=\"3915\" data-end=\"3937\">Sandboard en dunas<\/li>\n<\/ul>\n<h2 data-section-id=\"19iroax\" data-start=\"3939\" data-end=\"3954\">\u274c<span style=\"color: #ff6600;\"> No incluye<\/span><\/h2>\n<ul data-start=\"3955\" data-end=\"4044\">\n<li data-section-id=\"u610en\" data-start=\"3955\" data-end=\"3978\">Almuerzos y bebidas<\/li>\n<li data-section-id=\"1u6l1ge\" data-start=\"3979\" data-end=\"3989\">Vuelos<\/li>\n<li data-section-id=\"k8ve4k\" data-start=\"3990\" data-end=\"4015\">Entradas a monumentos<\/li>\n<li data-section-id=\"z1as6\" data-start=\"4016\" data-end=\"4044\">Alojamiento en Marrakech<\/li>\n<\/ul>\n","protected":false},"excerpt":{"rendered":"<p>\ud83c\udf0d Circuito de 12 d\u00edas por Marruecos desde Marrakech Despu\u00e9s de descubrir Marrakech con un gu\u00eda local, comenzaremos un fascinante recorrido por Marruecos: desde la costa atl\u00e1ntica de Essaouira hasta las ciudades imperiales como Rabat, Fez y Meknes, pasando por el norte en T\u00e1nger y las monta\u00f1as del Rif hasta la m\u00e1gica Chefchaouen. El viaje&#8230;<\/p>\n","protected":false},"author":1,"featured_media":0,"parent":0,"menu_order":0,"comment_status":"closed","ping_status":"closed","template":"","meta":{"ngg_post_thumbnail":0,"_kad_post_transparent":"default","_kad_post_title":"default","_kad_post_layout":"default","_kad_post_sidebar_id":"","_kad_post_content_style":"default","_kad_post_vertical_padding":"default","_kad_post_feature":"","_kad_post_feature_position":"","_kad_post_header":false,"_kad_post_footer":false,"footnotes":""},"class_list":["post-10805","page","type-page","status-publish","hentry"],"yoast_head":"<!-- This site is optimized with the Yoast SEO plugin v21.5 - https:\/\/yoast.com\/wordpress\/plugins\/seo\/ -->\n<title>12-dias-desde-marrakech-a-essaouira-y-el-desierto<\/title>\n<meta name=\"description\" content=\"&quot;viaje a Marruecos, asesor\u00eda de viajes a Marruecos, excursiones de un d\u00eda a Marruecos, excursiones en grupo a Marruecos, visitas guiadas a Marruecos, viaje a Marruecos, excursi\u00f3n a Marruecos&quot;\" \/>\n<meta name=\"robots\" content=\"index, follow, max-snippet:-1, max-image-preview:large, max-video-preview:-1\" \/>\n<link rel=\"canonical\" href=\"https:\/\/discoverysaharatours.com\/es\/12-dias-desde-marrakech-a-essaouira-y-el-desierto\/\" \/>\n<meta property=\"og:locale\" content=\"en_US\" \/>\n<meta property=\"og:type\" content=\"article\" \/>\n<meta property=\"og:title\" content=\"https:\/\/web.facebook.com\/Discovery.sahara\/\" \/>\n<meta property=\"og:description\" content=\"Discovery Sahara Tours es una agencia local en Marruecos muy especializada en organizar rutas por el desierto, con veh\u00edculos 4\u00d74 que facilitan el acceso a las pistas, a los lugares menos tur\u00edsticos y m\u00e1s aut\u00e9nticos, para disfrutar de la comodidad y el confort de sus ventajas. Con excursiones en dromedarios hasta llegar a los campamentos situados en medio de las dunas y poder disfrutar de una noche bajo las estrellas. Visitar familias bereberes, compartir su estilo de vida y costumbres. Con excursiones a pie hasta llegar al oasis frecuentado por n\u00f3madas.\" \/>\n<meta property=\"og:url\" content=\"https:\/\/discoverysaharatours.com\/es\/12-dias-desde-marrakech-a-essaouira-y-el-desierto\/\" \/>\n<meta property=\"og:site_name\" content=\"Discovery Sahara Tours\" \/>\n<meta property=\"article:modified_time\" content=\"2026-04-05T08:23:03+00:00\" \/>\n<meta property=\"og:image\" content=\"https:\/\/discoverysaharatours.com\/es\/wp-content\/uploads\/2022\/10\/cropped-logo-Discovery-Sahara-Tours.png\" \/>\n\t<meta property=\"og:image:width\" content=\"512\" \/>\n\t<meta property=\"og:image:height\" content=\"512\" \/>\n\t<meta property=\"og:image:type\" content=\"image\/png\" \/>\n<meta name=\"twitter:card\" content=\"summary_large_image\" \/>\n<meta name=\"twitter:label1\" content=\"Est. reading time\" \/>\n\t<meta name=\"twitter:data1\" content=\"2 minutes\" \/>\n<script type=\"application\/ld+json\" class=\"yoast-schema-graph\">{\"@context\":\"https:\/\/schema.org\",\"@graph\":[{\"@type\":\"WebPage\",\"@id\":\"https:\/\/discoverysaharatours.com\/es\/12-dias-desde-marrakech-a-essaouira-y-el-desierto\/\",\"url\":\"https:\/\/discoverysaharatours.com\/es\/12-dias-desde-marrakech-a-essaouira-y-el-desierto\/\",\"name\":\"12-dias-desde-marrakech-a-essaouira-y-el-desierto\",\"isPartOf\":{\"@id\":\"https:\/\/discoverysaharatours.com\/es\/#website\"},\"datePublished\":\"2018-11-02T16:27:02+00:00\",\"dateModified\":\"2026-04-05T08:23:03+00:00\",\"description\":\"\\\"viaje a Marruecos, asesor\u00eda de viajes a Marruecos, excursiones de un d\u00eda a Marruecos, excursiones en grupo a Marruecos, visitas guiadas a Marruecos, viaje a Marruecos, excursi\u00f3n a Marruecos\\\"\",\"breadcrumb\":{\"@id\":\"https:\/\/discoverysaharatours.com\/es\/12-dias-desde-marrakech-a-essaouira-y-el-desierto\/#breadcrumb\"},\"inLanguage\":\"en-US\",\"potentialAction\":[{\"@type\":\"ReadAction\",\"target\":[\"https:\/\/discoverysaharatours.com\/es\/12-dias-desde-marrakech-a-essaouira-y-el-desierto\/\"]}]},{\"@type\":\"BreadcrumbList\",\"@id\":\"https:\/\/discoverysaharatours.com\/es\/12-dias-desde-marrakech-a-essaouira-y-el-desierto\/#breadcrumb\",\"itemListElement\":[{\"@type\":\"ListItem\",\"position\":1,\"name\":\"Home\",\"item\":\"https:\/\/discoverysaharatours.com\/es\/\"},{\"@type\":\"ListItem\",\"position\":2,\"name\":\"12 d\u00edas desde Marrakech a Essaouira y el desierto\"}]},{\"@type\":\"WebSite\",\"@id\":\"https:\/\/discoverysaharatours.com\/es\/#website\",\"url\":\"https:\/\/discoverysaharatours.com\/es\/\",\"name\":\"Discovery Sahara Tours\",\"description\":\"Morocco Desert Tours \/ Tours &amp; Excursions in Morocco\",\"publisher\":{\"@id\":\"https:\/\/discoverysaharatours.com\/es\/#organization\"},\"potentialAction\":[{\"@type\":\"SearchAction\",\"target\":{\"@type\":\"EntryPoint\",\"urlTemplate\":\"https:\/\/discoverysaharatours.com\/es\/?s={search_term_string}\"},\"query-input\":\"required name=search_term_string\"}],\"inLanguage\":\"en-US\"},{\"@type\":\"Organization\",\"@id\":\"https:\/\/discoverysaharatours.com\/es\/#organization\",\"name\":\"Discovery Sahara Tours\",\"url\":\"https:\/\/discoverysaharatours.com\/es\/\",\"logo\":{\"@type\":\"ImageObject\",\"inLanguage\":\"en-US\",\"@id\":\"https:\/\/discoverysaharatours.com\/es\/#\/schema\/logo\/image\/\",\"url\":\"https:\/\/discoverysaharatours.com\/es\/wp-content\/uploads\/2022\/10\/logo-Discovery-Sahara-Tours.png\",\"contentUrl\":\"https:\/\/discoverysaharatours.com\/es\/wp-content\/uploads\/2022\/10\/logo-Discovery-Sahara-Tours.png\",\"width\":557,\"height\":486,\"caption\":\"Discovery Sahara Tours\"},\"image\":{\"@id\":\"https:\/\/discoverysaharatours.com\/es\/#\/schema\/logo\/image\/\"}}]}<\/script>\n<!-- \/ Yoast SEO plugin. -->","yoast_head_json":{"title":"12-dias-desde-marrakech-a-essaouira-y-el-desierto","description":"\"viaje a Marruecos, asesor\u00eda de viajes a Marruecos, excursiones de un d\u00eda a Marruecos, excursiones en grupo a Marruecos, visitas guiadas a Marruecos, viaje a Marruecos, excursi\u00f3n a Marruecos\"","robots":{"index":"index","follow":"follow","max-snippet":"max-snippet:-1","max-image-preview":"max-image-preview:large","max-video-preview":"max-video-preview:-1"},"canonical":"https:\/\/discoverysaharatours.com\/es\/12-dias-desde-marrakech-a-essaouira-y-el-desierto\/","og_locale":"en_US","og_type":"article","og_title":"https:\/\/web.facebook.com\/Discovery.sahara\/","og_description":"Discovery Sahara Tours es una agencia local en Marruecos muy especializada en organizar rutas por el desierto, con veh\u00edculos 4\u00d74 que facilitan el acceso a las pistas, a los lugares menos tur\u00edsticos y m\u00e1s aut\u00e9nticos, para disfrutar de la comodidad y el confort de sus ventajas. Con excursiones en dromedarios hasta llegar a los campamentos situados en medio de las dunas y poder disfrutar de una noche bajo las estrellas. Visitar familias bereberes, compartir su estilo de vida y costumbres. Con excursiones a pie hasta llegar al oasis frecuentado por n\u00f3madas.","og_url":"https:\/\/discoverysaharatours.com\/es\/12-dias-desde-marrakech-a-essaouira-y-el-desierto\/","og_site_name":"Discovery Sahara Tours","article_modified_time":"2026-04-05T08:23:03+00:00","og_image":[{"width":512,"height":512,"url":"https:\/\/discoverysaharatours.com\/es\/wp-content\/uploads\/2022\/10\/cropped-logo-Discovery-Sahara-Tours.png","type":"image\/png"}],"twitter_card":"summary_large_image","twitter_misc":{"Est. reading time":"2 minutes"},"schema":{"@context":"https:\/\/schema.org","@graph":[{"@type":"WebPage","@id":"https:\/\/discoverysaharatours.com\/es\/12-dias-desde-marrakech-a-essaouira-y-el-desierto\/","url":"https:\/\/discoverysaharatours.com\/es\/12-dias-desde-marrakech-a-essaouira-y-el-desierto\/","name":"12-dias-desde-marrakech-a-essaouira-y-el-desierto","isPartOf":{"@id":"https:\/\/discoverysaharatours.com\/es\/#website"},"datePublished":"2018-11-02T16:27:02+00:00","dateModified":"2026-04-05T08:23:03+00:00","description":"\"viaje a Marruecos, asesor\u00eda de viajes a Marruecos, excursiones de un d\u00eda a Marruecos, excursiones en grupo a Marruecos, visitas guiadas a Marruecos, viaje a Marruecos, excursi\u00f3n a Marruecos\"","breadcrumb":{"@id":"https:\/\/discoverysaharatours.com\/es\/12-dias-desde-marrakech-a-essaouira-y-el-desierto\/#breadcrumb"},"inLanguage":"en-US","potentialAction":[{"@type":"ReadAction","target":["https:\/\/discoverysaharatours.com\/es\/12-dias-desde-marrakech-a-essaouira-y-el-desierto\/"]}]},{"@type":"BreadcrumbList","@id":"https:\/\/discoverysaharatours.com\/es\/12-dias-desde-marrakech-a-essaouira-y-el-desierto\/#breadcrumb","itemListElement":[{"@type":"ListItem","position":1,"name":"Home","item":"https:\/\/discoverysaharatours.com\/es\/"},{"@type":"ListItem","position":2,"name":"12 d\u00edas desde Marrakech a Essaouira y el desierto"}]},{"@type":"WebSite","@id":"https:\/\/discoverysaharatours.com\/es\/#website","url":"https:\/\/discoverysaharatours.com\/es\/","name":"Discovery Sahara Tours","description":"Morocco Desert Tours \/ Tours &amp; Excursions in Morocco","publisher":{"@id":"https:\/\/discoverysaharatours.com\/es\/#organization"},"potentialAction":[{"@type":"SearchAction","target":{"@type":"EntryPoint","urlTemplate":"https:\/\/discoverysaharatours.com\/es\/?s={search_term_string}"},"query-input":"required name=search_term_string"}],"inLanguage":"en-US"},{"@type":"Organization","@id":"https:\/\/discoverysaharatours.com\/es\/#organization","name":"Discovery Sahara Tours","url":"https:\/\/discoverysaharatours.com\/es\/","logo":{"@type":"ImageObject","inLanguage":"en-US","@id":"https:\/\/discoverysaharatours.com\/es\/#\/schema\/logo\/image\/","url":"https:\/\/discoverysaharatours.com\/es\/wp-content\/uploads\/2022\/10\/logo-Discovery-Sahara-Tours.png","contentUrl":"https:\/\/discoverysaharatours.com\/es\/wp-content\/uploads\/2022\/10\/logo-Discovery-Sahara-Tours.png","width":557,"height":486,"caption":"Discovery Sahara Tours"},"image":{"@id":"https:\/\/discoverysaharatours.com\/es\/#\/schema\/logo\/image\/"}}]}},"_links":{"self":[{"href":"https:\/\/discoverysaharatours.com\/es\/wp-json\/wp\/v2\/pages\/10805","targetHints":{"allow":["GET"]}}],"collection":[{"href":"https:\/\/discoverysaharatours.com\/es\/wp-json\/wp\/v2\/pages"}],"about":[{"href":"https:\/\/discoverysaharatours.com\/es\/wp-json\/wp\/v2\/types\/page"}],"author":[{"embeddable":true,"href":"https:\/\/discoverysaharatours.com\/es\/wp-json\/wp\/v2\/users\/1"}],"replies":[{"embeddable":true,"href":"https:\/\/discoverysaharatours.com\/es\/wp-json\/wp\/v2\/comments?post=10805"}],"version-history":[{"count":6,"href":"https:\/\/discoverysaharatours.com\/es\/wp-json\/wp\/v2\/pages\/10805\/revisions"}],"predecessor-version":[{"id":19704,"href":"https:\/\/discoverysaharatours.com\/es\/wp-json\/wp\/v2\/pages\/10805\/revisions\/19704"}],"wp:attachment":[{"href":"https:\/\/discoverysaharatours.com\/es\/wp-json\/wp\/v2\/media?parent=10805"}],"curies":[{"name":"wp","href":"https:\/\/api.w.org\/{rel}","templated":true}]}}