{"id":10807,"date":"2018-11-02T16:27:38","date_gmt":"2018-11-02T16:27:38","guid":{"rendered":"https:\/\/www.discoverysaharatours.com\/?page_id=10807"},"modified":"2026-04-05T08:35:30","modified_gmt":"2026-04-05T08:35:30","slug":"14-dias-desde-marrakech-a-la-ciudad-imperial","status":"publish","type":"page","link":"https:\/\/discoverysaharatours.com\/es\/14-dias-desde-marrakech-a-la-ciudad-imperial\/","title":{"rendered":"14 d\u00edas desde Marrakech a la ciudad imperial"},"content":{"rendered":"<h2 data-section-id=\"1i7u55u\" data-start=\"160\" data-end=\"211\">\ud83c\udf0d Tour de 14 d\u00edas por Marruecos desde Marrakech<\/h2>\n<p data-start=\"213\" data-end=\"460\">Despu\u00e9s de visitar <span class=\"hover:entity-accent entity-underline inline cursor-pointer align-baseline\"><span class=\"whitespace-normal\">Marrakech<\/span><\/span> con un gu\u00eda local, comenzaremos este fascinante recorrido por Marruecos. El itinerario incluye la costa atl\u00e1ntica, ciudades imperiales, el desierto del Sahara y pueblos bereberes aut\u00e9nticos.<\/p>\n<hr data-start=\"462\" data-end=\"465\">\n<h3 data-section-id=\"w80rv\" data-start=\"467\" data-end=\"501\">\ud83d\uddd3\ufe0f <span style=\"color: #ff6600;\">D\u00eda 1: Llegada a Marrakech<\/span><\/h3>\n<p data-start=\"502\" data-end=\"662\">Recepci\u00f3n en el aeropuerto y traslado al hotel o riad. Tiempo libre para relajarse o explorar la famosa plaza <span class=\"hover:entity-accent entity-underline inline cursor-pointer align-baseline\"><span class=\"whitespace-normal\">Jemaa el-Fnaa<\/span><\/span> y los zocos.<\/p>\n<hr data-start=\"664\" data-end=\"667\">\n<h3 data-section-id=\"1b06iap\" data-start=\"669\" data-end=\"710\">\ud83d\uddd3\ufe0f <span style=\"color: #ff6600;\">D\u00eda 2: Visita guiada de Marrakech<\/span><\/h3>\n<p data-start=\"711\" data-end=\"757\">Tour por la Medina con gu\u00eda oficial. Visita a:<\/p>\n<ul data-start=\"758\" data-end=\"907\">\n<li data-section-id=\"1gcjogl\" data-start=\"758\" data-end=\"799\"><span class=\"hover:entity-accent entity-underline inline cursor-pointer align-baseline\"><span class=\"whitespace-normal\">Mezquita Koutoubia<\/span><\/span><\/li>\n<li data-section-id=\"gpylig\" data-start=\"800\" data-end=\"823\">Madrasa Ben Youssef<\/li>\n<li data-section-id=\"cgv1px\" data-start=\"824\" data-end=\"865\"><span class=\"hover:entity-accent entity-underline inline cursor-pointer align-baseline\"><span class=\"whitespace-normal\">Palacio de la Bah\u00eda<\/span><\/span><\/li>\n<li data-section-id=\"eyrt5h\" data-start=\"866\" data-end=\"907\"><span class=\"hover:entity-accent entity-underline inline cursor-pointer align-baseline\"><span class=\"whitespace-normal\">Jard\u00edn Majorelle<\/span><\/span><\/li>\n<\/ul>\n<p data-start=\"909\" data-end=\"923\">Noche en riad.<\/p>\n<hr data-start=\"925\" data-end=\"928\">\n<h3 data-section-id=\"1wjuyzk\" data-start=\"930\" data-end=\"994\">\ud83d\uddd3\ufe0f<span style=\"color: #ff6600;\"> D\u00eda 3: Marrakech \u2013 <span class=\"hover:entity-accent entity-underline inline cursor-pointer align-baseline\"><span class=\"whitespace-normal\">Essaouira<\/span><\/span><\/span><\/h3>\n<p data-start=\"995\" data-end=\"1159\">Salida hacia la costa atl\u00e1ntica. Paseo por cooperativas de aceite de arg\u00e1n. Visita de la medina (Patrimonio UNESCO), puerto pesquero y murallas. Noche en Essaouira.<\/p>\n<hr data-start=\"1161\" data-end=\"1164\">\n<h3 data-section-id=\"9h5hk5\" data-start=\"1166\" data-end=\"1270\">\ud83d\uddd3\ufe0f <span style=\"color: #ff6600;\">D\u00eda 4: Essaouira \u2013 <span class=\"hover:entity-accent entity-underline inline cursor-pointer align-baseline\"><span class=\"whitespace-normal\">Safi<\/span><\/span> \u2013 <span class=\"hover:entity-accent entity-underline inline cursor-pointer align-baseline\"><span class=\"whitespace-normal\">Oualidia<\/span><\/span><\/span><\/h3>\n<p data-start=\"1271\" data-end=\"1423\">Parada en Safi, conocida por su cer\u00e1mica y pesca. Llegada a Oualidia, famosa por su laguna y naturaleza. Actividades: paseo, kayak, observaci\u00f3n de aves.<\/p>\n<hr data-start=\"1425\" data-end=\"1428\">\n<h3 data-section-id=\"6tf2cc\" data-start=\"1430\" data-end=\"1575\">\ud83d\uddd3\ufe0f <span style=\"color: #ff6600;\">D\u00eda 5: Oualidia \u2013 <span class=\"hover:entity-accent entity-underline inline cursor-pointer align-baseline\"><span class=\"whitespace-normal\">El Jadida<\/span><\/span> \u2013 <span class=\"hover:entity-accent entity-underline inline cursor-pointer align-baseline\"><span class=\"whitespace-normal\">Casablanca<\/span><\/span> \u2013 <span class=\"hover:entity-accent entity-underline inline cursor-pointer align-baseline\"><span class=\"whitespace-normal\">Rabat<\/span><\/span><\/span><\/h3>\n<p data-start=\"1576\" data-end=\"1584\">Visitas:<\/p>\n<ul data-start=\"1585\" data-end=\"1743\">\n<li data-section-id=\"bgd20l\" data-start=\"1585\" data-end=\"1628\"><span class=\"hover:entity-accent entity-underline inline cursor-pointer align-baseline\"><span class=\"whitespace-normal\">Mezquita Hassan II<\/span><\/span><\/li>\n<li data-section-id=\"1vpern6\" data-start=\"1629\" data-end=\"1649\">Plaza Mohammed V<\/li>\n<li data-section-id=\"1y51851\" data-start=\"1650\" data-end=\"1693\"><span class=\"hover:entity-accent entity-underline inline cursor-pointer align-baseline\"><span class=\"whitespace-normal\">Torre Hassan<\/span><\/span><\/li>\n<li data-section-id=\"182j1br\" data-start=\"1694\" data-end=\"1717\">Mausoleo Mohammed V<\/li>\n<li data-section-id=\"16wezjz\" data-start=\"1718\" data-end=\"1743\">Kasbah de los Oudayas<\/li>\n<\/ul>\n<hr data-start=\"1745\" data-end=\"1748\">\n<h3 data-section-id=\"1b2wfb\" data-start=\"1750\" data-end=\"1854\">\ud83d\uddd3\ufe0f <span style=\"color: #ff6600;\">D\u00eda 6: Rabat \u2013 <span class=\"hover:entity-accent entity-underline inline cursor-pointer align-baseline\"><span class=\"whitespace-normal\">Asilah<\/span><\/span> \u2013 <\/span><span class=\"hover:entity-accent entity-underline inline cursor-pointer align-baseline\"><span class=\"whitespace-normal\"><span style=\"color: #ff6600;\">T\u00e1nge<\/span>r<\/span><\/span><\/h3>\n<p data-start=\"1855\" data-end=\"1953\">Ruta costera con parada en Asilah. Llegada a T\u00e1nger, donde se unen el Atl\u00e1ntico y el Mediterr\u00e1neo.<\/p>\n<hr data-start=\"1955\" data-end=\"1958\">\n<h3 data-section-id=\"77at1a\" data-start=\"1960\" data-end=\"2042\">\ud83d\uddd3\ufe0f<span style=\"color: #ff6600;\"> D\u00eda 7: T\u00e1nger \u2013 Monta\u00f1as del Rif \u2013 <span class=\"hover:entity-accent entity-underline inline cursor-pointer align-baseline\"><span class=\"whitespace-normal\">Chefchaouen<\/span><\/span><\/span><\/h3>\n<p data-start=\"2043\" data-end=\"2154\">Viaje por las monta\u00f1as del Rif hasta la famosa \u201cciudad azul\u201d. Tiempo libre para explorar sus calles y mercados.<\/p>\n<hr data-start=\"2156\" data-end=\"2159\">\n<h3 data-section-id=\"wkf9v4\" data-start=\"2161\" data-end=\"2313\">\ud83d\uddd3\ufe0f<span style=\"color: #ff6600;\"> D\u00eda 8: Chefchaouen \u2013 <span class=\"hover:entity-accent entity-underline inline cursor-pointer align-baseline\"><span class=\"whitespace-normal\">Volubilis<\/span><\/span> \u2013 <span class=\"hover:entity-accent entity-underline inline cursor-pointer align-baseline\"><span class=\"whitespace-normal\">Meknes<\/span><\/span> \u2013 <span class=\"hover:entity-accent entity-underline inline cursor-pointer align-baseline\"><span class=\"whitespace-normal\">Fez<\/span><\/span><\/span><\/h3>\n<p data-start=\"2314\" data-end=\"2402\">Visita a las ruinas romanas de Volubilis. Parada en Meknes (Bab Mansour). Llegada a Fez.<\/p>\n<hr data-start=\"2404\" data-end=\"2407\">\n<h3 data-section-id=\"aacobo\" data-start=\"2409\" data-end=\"2437\">\ud83d\uddd3\ufe0f <span style=\"color: #ff6600;\">D\u00eda 9: Visita de Fez<\/span><\/h3>\n<p data-start=\"2438\" data-end=\"2491\">Exploraci\u00f3n de la medina de Fez (UNESCO), incluyendo:<\/p>\n<ul data-start=\"2492\" data-end=\"2562\">\n<li data-section-id=\"1gv4y47\" data-start=\"2492\" data-end=\"2562\"><span class=\"hover:entity-accent entity-underline inline cursor-pointer align-baseline\"><span class=\"whitespace-normal\">Universidad Al Qarawiyyin<\/span><\/span> (la m\u00e1s antigua del mundo)<\/li>\n<\/ul>\n<hr data-start=\"2564\" data-end=\"2567\">\n<h3 data-section-id=\"ndz8eb\" data-start=\"2569\" data-end=\"2714\">\ud83d\uddd3\ufe0f <span style=\"color: #ff6600;\">D\u00eda 10: Fez \u2013 <span class=\"hover:entity-accent entity-underline inline cursor-pointer align-baseline\"><span class=\"whitespace-normal\">Ifrane<\/span><\/span> \u2013 <span class=\"hover:entity-accent entity-underline inline cursor-pointer align-baseline\"><span class=\"whitespace-normal\">Azrou<\/span><\/span> \u2013 <span class=\"hover:entity-accent entity-underline inline cursor-pointer align-baseline\"><span class=\"whitespace-normal\">Merzouga<\/span><\/span><\/span><\/h3>\n<p data-start=\"2715\" data-end=\"2804\">Paso por Ifrane (la \u201cSuiza marroqu\u00ed\u201d) y bosques de cedros con monos. Llegada al desierto.<\/p>\n<hr data-start=\"2806\" data-end=\"2809\">\n<h3 data-section-id=\"li2njv\" data-start=\"2811\" data-end=\"2860\">\ud83d\uddd3\ufe0f <span style=\"color: #ff6600;\">D\u00eda 11: Desierto de Merzouga \u2013 Erg Chebbi<\/span><\/h3>\n<p data-start=\"2861\" data-end=\"2999\">Visita a familias n\u00f3madas y pueblo de Khamlia. Paseo en camello por <span class=\"hover:entity-accent entity-underline inline cursor-pointer align-baseline\"><span class=\"whitespace-normal\">Erg Chebbi<\/span><\/span> y noche en campamento bereber.<\/p>\n<hr data-start=\"3001\" data-end=\"3004\">\n<h3 data-section-id=\"1n1mj89\" data-start=\"3006\" data-end=\"3070\">\ud83d\uddd3\ufe0f <span style=\"color: #ff6600;\">D\u00eda 12: Merzouga \u2013 Gargantas del Todra \u2013 Valle del Dades<\/span><\/h3>\n<p data-start=\"3071\" data-end=\"3084\">Salida hacia:<\/p>\n<ul data-start=\"3085\" data-end=\"3148\">\n<li data-section-id=\"17l0col\" data-start=\"3085\" data-end=\"3128\"><span class=\"hover:entity-accent entity-underline inline cursor-pointer align-baseline\"><span class=\"whitespace-normal\">Gargantas del Todra<\/span><\/span><\/li>\n<li data-section-id=\"1nn5qtc\" data-start=\"3129\" data-end=\"3148\">Valle del Dades<\/li>\n<\/ul>\n<hr data-start=\"3150\" data-end=\"3153\">\n<h3 data-section-id=\"1rox81n\" data-start=\"3155\" data-end=\"3272\">\ud83d\uddd3\ufe0f <span style=\"color: #ff6600;\">D\u00eda 13: Dades \u2013 <span class=\"hover:entity-accent entity-underline inline cursor-pointer align-baseline\"><span class=\"whitespace-normal\">Ouarzazate<\/span><\/span> \u2013 <span class=\"hover:entity-accent entity-underline inline cursor-pointer align-baseline\"><span class=\"whitespace-normal\">Ait Ben Haddou<\/span><\/span> \u2013 Marrakech<\/span><\/h3>\n<p data-start=\"3273\" data-end=\"3342\">Visita de kasbahs y cruce del Alto Atlas por el puerto Tizi n\u2019Tichka.<\/p>\n<hr data-start=\"3344\" data-end=\"3347\">\n<h3 data-section-id=\"ec1pcr\" data-start=\"3349\" data-end=\"3387\">\ud83d\uddd3\ufe0f <span style=\"color: #ff6600;\">D\u00eda 14: Marrakech \u2013 Aeropuerto<\/span><\/h3>\n<p data-start=\"3388\" data-end=\"3425\">Traslado al aeropuerto. Fin del tour.<\/p>\n<hr data-start=\"3427\" data-end=\"3430\">\n<h2 data-section-id=\"1ihfk73\" data-start=\"3432\" data-end=\"3445\">\u2705 <span style=\"color: #ff6600;\">Incluido<\/span><\/h2>\n<ul data-start=\"3446\" data-end=\"3661\">\n<li data-section-id=\"4ok1vv\" data-start=\"3446\" data-end=\"3491\">Transporte privado con aire acondicionado<\/li>\n<li data-section-id=\"khxukc\" data-start=\"3492\" data-end=\"3522\">Conductor\/gu\u00eda multiling\u00fce<\/li>\n<li data-section-id=\"1xlc6vv\" data-start=\"3523\" data-end=\"3538\">Combustible<\/li>\n<li data-section-id=\"f5h11u\" data-start=\"3539\" data-end=\"3569\">12 noches en hoteles\/riads<\/li>\n<li data-section-id=\"1fzdz2q\" data-start=\"3570\" data-end=\"3626\">1 noche en campamento en el desierto (media pensi\u00f3n)<\/li>\n<li data-section-id=\"1vuo7la\" data-start=\"3627\" data-end=\"3647\">Paseo en camello<\/li>\n<li data-section-id=\"l5n3vu\" data-start=\"3648\" data-end=\"3661\">Sandboard<\/li>\n<\/ul>\n<hr data-start=\"3663\" data-end=\"3666\">\n<h2 data-section-id=\"ak0hx3\" data-start=\"3668\" data-end=\"3684\">\u274c <span style=\"color: #ff6600;\">No incluido<\/span><\/h2>\n<ul data-start=\"3685\" data-end=\"3774\">\n<li data-section-id=\"u610en\" data-start=\"3685\" data-end=\"3708\">Almuerzos y bebidas<\/li>\n<li data-section-id=\"1u6l1ge\" data-start=\"3709\" data-end=\"3719\">Vuelos<\/li>\n<li data-section-id=\"k8ve4k\" data-start=\"3720\" data-end=\"3745\">Entradas a monumentos<\/li>\n<li data-section-id=\"z1as6\" data-start=\"3746\" data-end=\"3774\">Alojamiento en Marrakech<\/li>\n<\/ul>\n","protected":false},"excerpt":{"rendered":"<p>\ud83c\udf0d Tour de 14 d\u00edas por Marruecos desde Marrakech Despu\u00e9s de visitar Marrakech con un gu\u00eda local, comenzaremos este fascinante recorrido por Marruecos. El itinerario incluye la costa atl\u00e1ntica, ciudades imperiales, el desierto del Sahara y pueblos bereberes aut\u00e9nticos. \ud83d\uddd3\ufe0f D\u00eda 1: Llegada a Marrakech Recepci\u00f3n en el aeropuerto y traslado al hotel o riad&#8230;.<\/p>\n","protected":false},"author":1,"featured_media":0,"parent":0,"menu_order":0,"comment_status":"closed","ping_status":"closed","template":"","meta":{"ngg_post_thumbnail":0,"_kad_post_transparent":"default","_kad_post_title":"default","_kad_post_layout":"default","_kad_post_sidebar_id":"","_kad_post_content_style":"default","_kad_post_vertical_padding":"default","_kad_post_feature":"","_kad_post_feature_position":"","_kad_post_header":false,"_kad_post_footer":false,"footnotes":""},"class_list":["post-10807","page","type-page","status-publish","hentry"],"yoast_head":"<!-- This site is optimized with the Yoast SEO plugin v21.5 - https:\/\/yoast.com\/wordpress\/plugins\/seo\/ -->\n<title>14-dias-desde-marrakech-a-la-ciudad-imperial<\/title>\n<meta name=\"description\" content=\"\u201cMarruecos vacaciones\u201d, Marruecos consejos de viaje, Marruecos tours privados, vacaciones a Marruecos, Marruecos viaje, mejor \u00e9poca para visitar Marruecos, vacaciones Marruecos, tours en Marruecos, Marruecos desierto tours, Marruecos turismo, visita Marruecos, Marruecos vacaciones, viajes Marruecos, Marruecos tours, viajes a marruecos, viajes a marruecos, tours a marruecos desde, gu\u00eda tur\u00edstico de marruecos \u201d\" \/>\n<meta name=\"robots\" content=\"index, follow, max-snippet:-1, max-image-preview:large, max-video-preview:-1\" \/>\n<link rel=\"canonical\" href=\"https:\/\/discoverysaharatours.com\/es\/14-dias-desde-marrakech-a-la-ciudad-imperial\/\" \/>\n<meta property=\"og:locale\" content=\"en_US\" \/>\n<meta property=\"og:type\" content=\"article\" \/>\n<meta property=\"og:title\" content=\"https:\/\/web.facebook.com\/Discovery.sahara\/\" \/>\n<meta property=\"og:description\" content=\"Discovery Sahara Tours es una agencia local en Marruecos muy especializada en organizar rutas por el desierto, con veh\u00edculos 4\u00d74 que facilitan el acceso a las pistas, a los lugares menos tur\u00edsticos y m\u00e1s aut\u00e9nticos, para disfrutar de la comodidad y el confort de sus ventajas. Con excursiones en dromedarios hasta llegar a los campamentos situados en medio de las dunas y poder disfrutar de una noche bajo las estrellas. Visitar familias bereberes, compartir su estilo de vida y costumbres. Con excursiones a pie hasta llegar al oasis frecuentado por n\u00f3madas.\" \/>\n<meta property=\"og:url\" content=\"https:\/\/discoverysaharatours.com\/es\/14-dias-desde-marrakech-a-la-ciudad-imperial\/\" \/>\n<meta property=\"og:site_name\" content=\"Discovery Sahara Tours\" \/>\n<meta property=\"article:modified_time\" content=\"2026-04-05T08:35:30+00:00\" \/>\n<meta property=\"og:image\" content=\"https:\/\/discoverysaharatours.com\/es\/wp-content\/uploads\/2022\/10\/cropped-logo-Discovery-Sahara-Tours.png\" \/>\n\t<meta property=\"og:image:width\" content=\"512\" \/>\n\t<meta property=\"og:image:height\" content=\"512\" \/>\n\t<meta property=\"og:image:type\" content=\"image\/png\" \/>\n<meta name=\"twitter:card\" content=\"summary_large_image\" \/>\n<meta name=\"twitter:label1\" content=\"Est. reading time\" \/>\n\t<meta name=\"twitter:data1\" content=\"2 minutes\" \/>\n<script type=\"application\/ld+json\" class=\"yoast-schema-graph\">{\"@context\":\"https:\/\/schema.org\",\"@graph\":[{\"@type\":\"WebPage\",\"@id\":\"https:\/\/discoverysaharatours.com\/es\/14-dias-desde-marrakech-a-la-ciudad-imperial\/\",\"url\":\"https:\/\/discoverysaharatours.com\/es\/14-dias-desde-marrakech-a-la-ciudad-imperial\/\",\"name\":\"14-dias-desde-marrakech-a-la-ciudad-imperial\",\"isPartOf\":{\"@id\":\"https:\/\/discoverysaharatours.com\/es\/#website\"},\"datePublished\":\"2018-11-02T16:27:38+00:00\",\"dateModified\":\"2026-04-05T08:35:30+00:00\",\"description\":\"\u201cMarruecos vacaciones\u201d, Marruecos consejos de viaje, Marruecos tours privados, vacaciones a Marruecos, Marruecos viaje, mejor \u00e9poca para visitar Marruecos, vacaciones Marruecos, tours en Marruecos, Marruecos desierto tours, Marruecos turismo, visita Marruecos, Marruecos vacaciones, viajes Marruecos, Marruecos tours, viajes a marruecos, viajes a marruecos, tours a marruecos desde, gu\u00eda tur\u00edstico de marruecos \u201d\",\"breadcrumb\":{\"@id\":\"https:\/\/discoverysaharatours.com\/es\/14-dias-desde-marrakech-a-la-ciudad-imperial\/#breadcrumb\"},\"inLanguage\":\"en-US\",\"potentialAction\":[{\"@type\":\"ReadAction\",\"target\":[\"https:\/\/discoverysaharatours.com\/es\/14-dias-desde-marrakech-a-la-ciudad-imperial\/\"]}]},{\"@type\":\"BreadcrumbList\",\"@id\":\"https:\/\/discoverysaharatours.com\/es\/14-dias-desde-marrakech-a-la-ciudad-imperial\/#breadcrumb\",\"itemListElement\":[{\"@type\":\"ListItem\",\"position\":1,\"name\":\"Home\",\"item\":\"https:\/\/discoverysaharatours.com\/es\/\"},{\"@type\":\"ListItem\",\"position\":2,\"name\":\"14 d\u00edas desde Marrakech a la ciudad imperial\"}]},{\"@type\":\"WebSite\",\"@id\":\"https:\/\/discoverysaharatours.com\/es\/#website\",\"url\":\"https:\/\/discoverysaharatours.com\/es\/\",\"name\":\"Discovery Sahara Tours\",\"description\":\"Morocco Desert Tours \/ Tours &amp; Excursions in Morocco\",\"publisher\":{\"@id\":\"https:\/\/discoverysaharatours.com\/es\/#organization\"},\"potentialAction\":[{\"@type\":\"SearchAction\",\"target\":{\"@type\":\"EntryPoint\",\"urlTemplate\":\"https:\/\/discoverysaharatours.com\/es\/?s={search_term_string}\"},\"query-input\":\"required name=search_term_string\"}],\"inLanguage\":\"en-US\"},{\"@type\":\"Organization\",\"@id\":\"https:\/\/discoverysaharatours.com\/es\/#organization\",\"name\":\"Discovery Sahara Tours\",\"url\":\"https:\/\/discoverysaharatours.com\/es\/\",\"logo\":{\"@type\":\"ImageObject\",\"inLanguage\":\"en-US\",\"@id\":\"https:\/\/discoverysaharatours.com\/es\/#\/schema\/logo\/image\/\",\"url\":\"https:\/\/discoverysaharatours.com\/es\/wp-content\/uploads\/2022\/10\/logo-Discovery-Sahara-Tours.png\",\"contentUrl\":\"https:\/\/discoverysaharatours.com\/es\/wp-content\/uploads\/2022\/10\/logo-Discovery-Sahara-Tours.png\",\"width\":557,\"height\":486,\"caption\":\"Discovery Sahara Tours\"},\"image\":{\"@id\":\"https:\/\/discoverysaharatours.com\/es\/#\/schema\/logo\/image\/\"}}]}<\/script>\n<!-- \/ Yoast SEO plugin. -->","yoast_head_json":{"title":"14-dias-desde-marrakech-a-la-ciudad-imperial","description":"\u201cMarruecos vacaciones\u201d, Marruecos consejos de viaje, Marruecos tours privados, vacaciones a Marruecos, Marruecos viaje, mejor \u00e9poca para visitar Marruecos, vacaciones Marruecos, tours en Marruecos, Marruecos desierto tours, Marruecos turismo, visita Marruecos, Marruecos vacaciones, viajes Marruecos, Marruecos tours, viajes a marruecos, viajes a marruecos, tours a marruecos desde, gu\u00eda tur\u00edstico de marruecos \u201d","robots":{"index":"index","follow":"follow","max-snippet":"max-snippet:-1","max-image-preview":"max-image-preview:large","max-video-preview":"max-video-preview:-1"},"canonical":"https:\/\/discoverysaharatours.com\/es\/14-dias-desde-marrakech-a-la-ciudad-imperial\/","og_locale":"en_US","og_type":"article","og_title":"https:\/\/web.facebook.com\/Discovery.sahara\/","og_description":"Discovery Sahara Tours es una agencia local en Marruecos muy especializada en organizar rutas por el desierto, con veh\u00edculos 4\u00d74 que facilitan el acceso a las pistas, a los lugares menos tur\u00edsticos y m\u00e1s aut\u00e9nticos, para disfrutar de la comodidad y el confort de sus ventajas. Con excursiones en dromedarios hasta llegar a los campamentos situados en medio de las dunas y poder disfrutar de una noche bajo las estrellas. Visitar familias bereberes, compartir su estilo de vida y costumbres. Con excursiones a pie hasta llegar al oasis frecuentado por n\u00f3madas.","og_url":"https:\/\/discoverysaharatours.com\/es\/14-dias-desde-marrakech-a-la-ciudad-imperial\/","og_site_name":"Discovery Sahara Tours","article_modified_time":"2026-04-05T08:35:30+00:00","og_image":[{"width":512,"height":512,"url":"https:\/\/discoverysaharatours.com\/es\/wp-content\/uploads\/2022\/10\/cropped-logo-Discovery-Sahara-Tours.png","type":"image\/png"}],"twitter_card":"summary_large_image","twitter_misc":{"Est. reading time":"2 minutes"},"schema":{"@context":"https:\/\/schema.org","@graph":[{"@type":"WebPage","@id":"https:\/\/discoverysaharatours.com\/es\/14-dias-desde-marrakech-a-la-ciudad-imperial\/","url":"https:\/\/discoverysaharatours.com\/es\/14-dias-desde-marrakech-a-la-ciudad-imperial\/","name":"14-dias-desde-marrakech-a-la-ciudad-imperial","isPartOf":{"@id":"https:\/\/discoverysaharatours.com\/es\/#website"},"datePublished":"2018-11-02T16:27:38+00:00","dateModified":"2026-04-05T08:35:30+00:00","description":"\u201cMarruecos vacaciones\u201d, Marruecos consejos de viaje, Marruecos tours privados, vacaciones a Marruecos, Marruecos viaje, mejor \u00e9poca para visitar Marruecos, vacaciones Marruecos, tours en Marruecos, Marruecos desierto tours, Marruecos turismo, visita Marruecos, Marruecos vacaciones, viajes Marruecos, Marruecos tours, viajes a marruecos, viajes a marruecos, tours a marruecos desde, gu\u00eda tur\u00edstico de marruecos \u201d","breadcrumb":{"@id":"https:\/\/discoverysaharatours.com\/es\/14-dias-desde-marrakech-a-la-ciudad-imperial\/#breadcrumb"},"inLanguage":"en-US","potentialAction":[{"@type":"ReadAction","target":["https:\/\/discoverysaharatours.com\/es\/14-dias-desde-marrakech-a-la-ciudad-imperial\/"]}]},{"@type":"BreadcrumbList","@id":"https:\/\/discoverysaharatours.com\/es\/14-dias-desde-marrakech-a-la-ciudad-imperial\/#breadcrumb","itemListElement":[{"@type":"ListItem","position":1,"name":"Home","item":"https:\/\/discoverysaharatours.com\/es\/"},{"@type":"ListItem","position":2,"name":"14 d\u00edas desde Marrakech a la ciudad imperial"}]},{"@type":"WebSite","@id":"https:\/\/discoverysaharatours.com\/es\/#website","url":"https:\/\/discoverysaharatours.com\/es\/","name":"Discovery Sahara Tours","description":"Morocco Desert Tours \/ Tours &amp; Excursions in Morocco","publisher":{"@id":"https:\/\/discoverysaharatours.com\/es\/#organization"},"potentialAction":[{"@type":"SearchAction","target":{"@type":"EntryPoint","urlTemplate":"https:\/\/discoverysaharatours.com\/es\/?s={search_term_string}"},"query-input":"required name=search_term_string"}],"inLanguage":"en-US"},{"@type":"Organization","@id":"https:\/\/discoverysaharatours.com\/es\/#organization","name":"Discovery Sahara Tours","url":"https:\/\/discoverysaharatours.com\/es\/","logo":{"@type":"ImageObject","inLanguage":"en-US","@id":"https:\/\/discoverysaharatours.com\/es\/#\/schema\/logo\/image\/","url":"https:\/\/discoverysaharatours.com\/es\/wp-content\/uploads\/2022\/10\/logo-Discovery-Sahara-Tours.png","contentUrl":"https:\/\/discoverysaharatours.com\/es\/wp-content\/uploads\/2022\/10\/logo-Discovery-Sahara-Tours.png","width":557,"height":486,"caption":"Discovery Sahara Tours"},"image":{"@id":"https:\/\/discoverysaharatours.com\/es\/#\/schema\/logo\/image\/"}}]}},"_links":{"self":[{"href":"https:\/\/discoverysaharatours.com\/es\/wp-json\/wp\/v2\/pages\/10807","targetHints":{"allow":["GET"]}}],"collection":[{"href":"https:\/\/discoverysaharatours.com\/es\/wp-json\/wp\/v2\/pages"}],"about":[{"href":"https:\/\/discoverysaharatours.com\/es\/wp-json\/wp\/v2\/types\/page"}],"author":[{"embeddable":true,"href":"https:\/\/discoverysaharatours.com\/es\/wp-json\/wp\/v2\/users\/1"}],"replies":[{"embeddable":true,"href":"https:\/\/discoverysaharatours.com\/es\/wp-json\/wp\/v2\/comments?post=10807"}],"version-history":[{"count":5,"href":"https:\/\/discoverysaharatours.com\/es\/wp-json\/wp\/v2\/pages\/10807\/revisions"}],"predecessor-version":[{"id":19707,"href":"https:\/\/discoverysaharatours.com\/es\/wp-json\/wp\/v2\/pages\/10807\/revisions\/19707"}],"wp:attachment":[{"href":"https:\/\/discoverysaharatours.com\/es\/wp-json\/wp\/v2\/media?parent=10807"}],"curies":[{"name":"wp","href":"https:\/\/api.w.org\/{rel}","templated":true}]}}