{"id":10811,"date":"2018-11-02T16:31:09","date_gmt":"2018-11-02T16:31:09","guid":{"rendered":"https:\/\/www.discoverysaharatours.com\/?page_id=10811"},"modified":"2026-04-10T09:31:36","modified_gmt":"2026-04-10T09:31:36","slug":"dia-viaje-essaouira","status":"publish","type":"page","link":"https:\/\/discoverysaharatours.com\/es\/dia-viaje-essaouira\/","title":{"rendered":"D\u00eda Viaje Essaouira"},"content":{"rendered":"<h2 data-section-id=\"g5z53q\" data-start=\"115\" data-end=\"167\">\ud83c\udf0a Excursi\u00f3n a Essaouira \u2013 La Perla del Atl\u00e1ntico<\/h2>\n<p data-start=\"169\" data-end=\"407\"><span class=\"hover:entity-accent entity-underline inline cursor-pointer align-baseline\"><span class=\"whitespace-normal\">Essaouira<\/span><\/span>, conocida como <em data-start=\"222\" data-end=\"246\">la Perla del Atl\u00e1ntico<\/em>, es una encantadora ciudad costera donde la pesca es una de las principales actividades econ\u00f3micas y la hospitalidad de su gente es una de sus mayores virtudes.<\/p>\n<h3 data-section-id=\"9hkh09\" data-start=\"409\" data-end=\"422\">\ud83d\ude90 Salida<\/h3>\n<p data-start=\"423\" data-end=\"489\">Recogida en su hotel o punto acordado entre las <strong data-start=\"471\" data-end=\"488\">08:30 y 09:00<\/strong>.<\/p>\n<hr data-start=\"491\" data-end=\"494\">\n<h2 data-section-id=\"1otiivb\" data-start=\"496\" data-end=\"530\">\ud83c\udfdd\ufe0f<span style=\"color: #ff6600;\"> Descubrimiento de Essaouira<\/span><\/h2>\n<p data-start=\"532\" data-end=\"682\">Durante esta excursi\u00f3n visitar\u00e1 la hist\u00f3rica ciudad de pescadores de Essaouira, donde podr\u00e1 descubrir su estilo de vida aut\u00e9ntico y su ambiente \u00fanico.<\/p>\n<p data-start=\"684\" data-end=\"885\">La ciudad fue declarada Patrimonio de la Humanidad por la UNESCO en 2001 por su medina fortificada, su kasbah y su antiguo barrio jud\u00edo (Mellah), que forman parte de su impresionante ciudad amurallada.<\/p>\n<hr data-start=\"887\" data-end=\"890\">\n<h2 data-section-id=\"v9nleh\" data-start=\"892\" data-end=\"919\">\ud83c\udfdb\ufe0f <span style=\"color: #ff6600;\">Qu\u00e9 ver en la ciudad<\/span><\/h2>\n<p data-start=\"921\" data-end=\"966\">Paseando por sus calles estrechas descubrir\u00e1:<\/p>\n<ul data-start=\"968\" data-end=\"1166\">\n<li data-section-id=\"bv58qb\" data-start=\"968\" data-end=\"1008\">Casas tradicionales con puertas azules<\/li>\n<li data-section-id=\"u9oh06\" data-start=\"1009\" data-end=\"1048\">Caf\u00e9s con encanto y ambiente relajado<\/li>\n<li data-section-id=\"1ldsdmh\" data-start=\"1049\" data-end=\"1112\">Tiendas de artesan\u00eda local (madera de thuya, souvenirs, etc.)<\/li>\n<li data-section-id=\"14sy6bd\" data-start=\"1113\" data-end=\"1166\">El famoso ambiente art\u00edstico y bohemio de la medina<\/li>\n<\/ul>\n<p data-start=\"1168\" data-end=\"1299\">Tambi\u00e9n podr\u00e1 visitar la plaza asociada a <span class=\"hover:entity-accent entity-underline inline cursor-pointer align-baseline\"><span class=\"whitespace-normal\">Orson Welles<\/span><\/span>, donde se rodaron escenas de la pel\u00edcula <em data-start=\"1289\" data-end=\"1298\">Othello<\/em>.<\/p>\n<p data-start=\"1301\" data-end=\"1404\">Essaouira tambi\u00e9n ha sido un lugar inspirador para artistas como <span class=\"hover:entity-accent entity-underline inline cursor-pointer align-baseline\"><span class=\"whitespace-normal\">Jimi Hendrix<\/span><\/span>.<\/p>\n<hr data-start=\"1406\" data-end=\"1409\">\n<h2 data-section-id=\"1f0c0wn\" data-start=\"1411\" data-end=\"1429\">\ud83c\udf7d\ufe0f <span style=\"color: #ff6600;\">Gastronom\u00eda<\/span><\/h2>\n<p data-start=\"1431\" data-end=\"1568\">No deje de disfrutar del puerto pesquero, donde podr\u00e1 elegir pescado y marisco fresco del d\u00eda, preparado al momento seg\u00fan su preferencia.<\/p>\n<hr data-start=\"1570\" data-end=\"1573\">\n<h2 data-section-id=\"1bjjgpz\" data-start=\"1575\" data-end=\"1594\">\ud83c\udf92<span style=\"color: #ff6600;\"> \u00bfQu\u00e9 incluye?<\/span><\/h2>\n<ul data-start=\"1596\" data-end=\"1746\">\n<li data-section-id=\"1iimns8\" data-start=\"1596\" data-end=\"1626\">Recogida en su alojamiento<\/li>\n<li data-section-id=\"1rb7pzx\" data-start=\"1627\" data-end=\"1697\">Transporte privado (4&#215;4, minib\u00fas o autob\u00fas con aire acondicionado)<\/li>\n<li data-section-id=\"gnh8ws\" data-start=\"1698\" data-end=\"1730\">Conductor \/ gu\u00eda multiling\u00fce<\/li>\n<li data-section-id=\"1xlc6vv\" data-start=\"1731\" data-end=\"1746\">Combustible<\/li>\n<\/ul>\n<hr data-start=\"1748\" data-end=\"1751\">\n<h2 data-section-id=\"h9o8op\" data-start=\"1753\" data-end=\"1780\">\u274c <span style=\"color: #ff6600;\">\u00bfQu\u00e9 no est\u00e1 incluido?<\/span><\/h2>\n<ul data-start=\"1782\" data-end=\"1854\">\n<li data-section-id=\"k8ve4k\" data-start=\"1782\" data-end=\"1807\">Entradas a monumentos<\/li>\n<li data-section-id=\"15hlj9u\" data-start=\"1808\" data-end=\"1819\">Bebidas<\/li>\n<li data-section-id=\"ssc6pr\" data-start=\"1820\" data-end=\"1832\">Almuerzo<\/li>\n<li data-section-id=\"zgtesb\" data-start=\"1833\" data-end=\"1854\">Gastos personales<\/li>\n<\/ul>\n","protected":false},"excerpt":{"rendered":"<p>\ud83c\udf0a Excursi\u00f3n a Essaouira \u2013 La Perla del Atl\u00e1ntico Essaouira, conocida como la Perla del Atl\u00e1ntico, es una encantadora ciudad costera donde la pesca es una de las principales actividades econ\u00f3micas y la hospitalidad de su gente es una de sus mayores virtudes. \ud83d\ude90 Salida Recogida en su hotel o punto acordado entre las 08:30&#8230;<\/p>\n","protected":false},"author":1,"featured_media":0,"parent":0,"menu_order":0,"comment_status":"closed","ping_status":"closed","template":"","meta":{"ngg_post_thumbnail":0,"_kad_post_transparent":"default","_kad_post_title":"default","_kad_post_layout":"default","_kad_post_sidebar_id":"","_kad_post_content_style":"default","_kad_post_vertical_padding":"default","_kad_post_feature":"","_kad_post_feature_position":"","_kad_post_header":false,"_kad_post_footer":false,"footnotes":""},"class_list":["post-10811","page","type-page","status-publish","hentry"],"yoast_head":"<!-- This site is optimized with the Yoast SEO plugin v21.5 - https:\/\/yoast.com\/wordpress\/plugins\/seo\/ -->\n<title>dia-viaje-essaouira<\/title>\n<meta name=\"description\" content=\"&quot;Marruecos vacaciones, Marruecos consejos de viaje, Marruecos viajes privados, vacaciones a Marruecos, Marruecos viaje, mejor \u00e9poca para visitar Marruecos, vacaciones Marruecos, viajes en Marruecos, Marruecos tours del desierto, Marruecos turismo,&quot;\" \/>\n<meta name=\"robots\" content=\"index, follow, max-snippet:-1, max-image-preview:large, max-video-preview:-1\" \/>\n<link rel=\"canonical\" href=\"https:\/\/discoverysaharatours.com\/es\/dia-viaje-essaouira\/\" \/>\n<meta property=\"og:locale\" content=\"en_US\" \/>\n<meta property=\"og:type\" content=\"article\" \/>\n<meta property=\"og:title\" content=\"https:\/\/web.facebook.com\/Discovery.sahara\/\" \/>\n<meta property=\"og:description\" content=\"Discovery Sahara Tours es una agencia local en Marruecos muy especializada en organizar rutas por el desierto, con veh\u00edculos 4\u00d74 que facilitan el acceso a las pistas, a los lugares menos tur\u00edsticos y m\u00e1s aut\u00e9nticos, para disfrutar de la comodidad y el confort de sus ventajas. Con excursiones en dromedarios hasta llegar a los campamentos situados en medio de las dunas y poder disfrutar de una noche bajo las estrellas. Visitar familias bereberes, compartir su estilo de vida y costumbres. Con excursiones a pie hasta llegar al oasis frecuentado por n\u00f3madas.\" \/>\n<meta property=\"og:url\" content=\"https:\/\/discoverysaharatours.com\/es\/dia-viaje-essaouira\/\" \/>\n<meta property=\"og:site_name\" content=\"Discovery Sahara Tours\" \/>\n<meta property=\"article:modified_time\" content=\"2026-04-10T09:31:36+00:00\" \/>\n<meta property=\"og:image\" content=\"https:\/\/discoverysaharatours.com\/es\/wp-content\/uploads\/2022\/10\/cropped-logo-Discovery-Sahara-Tours.png\" \/>\n\t<meta property=\"og:image:width\" content=\"512\" \/>\n\t<meta property=\"og:image:height\" content=\"512\" \/>\n\t<meta property=\"og:image:type\" content=\"image\/png\" \/>\n<meta name=\"twitter:card\" content=\"summary_large_image\" \/>\n<meta name=\"twitter:label1\" content=\"Est. reading time\" \/>\n\t<meta name=\"twitter:data1\" content=\"2 minutes\" \/>\n<script type=\"application\/ld+json\" class=\"yoast-schema-graph\">{\"@context\":\"https:\/\/schema.org\",\"@graph\":[{\"@type\":\"WebPage\",\"@id\":\"https:\/\/discoverysaharatours.com\/es\/dia-viaje-essaouira\/\",\"url\":\"https:\/\/discoverysaharatours.com\/es\/dia-viaje-essaouira\/\",\"name\":\"dia-viaje-essaouira\",\"isPartOf\":{\"@id\":\"https:\/\/discoverysaharatours.com\/es\/#website\"},\"datePublished\":\"2018-11-02T16:31:09+00:00\",\"dateModified\":\"2026-04-10T09:31:36+00:00\",\"description\":\"\\\"Marruecos vacaciones, Marruecos consejos de viaje, Marruecos viajes privados, vacaciones a Marruecos, Marruecos viaje, mejor \u00e9poca para visitar Marruecos, vacaciones Marruecos, viajes en Marruecos, Marruecos tours del desierto, Marruecos turismo,\\\"\",\"breadcrumb\":{\"@id\":\"https:\/\/discoverysaharatours.com\/es\/dia-viaje-essaouira\/#breadcrumb\"},\"inLanguage\":\"en-US\",\"potentialAction\":[{\"@type\":\"ReadAction\",\"target\":[\"https:\/\/discoverysaharatours.com\/es\/dia-viaje-essaouira\/\"]}]},{\"@type\":\"BreadcrumbList\",\"@id\":\"https:\/\/discoverysaharatours.com\/es\/dia-viaje-essaouira\/#breadcrumb\",\"itemListElement\":[{\"@type\":\"ListItem\",\"position\":1,\"name\":\"Home\",\"item\":\"https:\/\/discoverysaharatours.com\/es\/\"},{\"@type\":\"ListItem\",\"position\":2,\"name\":\"D\u00eda Viaje Essaouira\"}]},{\"@type\":\"WebSite\",\"@id\":\"https:\/\/discoverysaharatours.com\/es\/#website\",\"url\":\"https:\/\/discoverysaharatours.com\/es\/\",\"name\":\"Discovery Sahara Tours\",\"description\":\"Morocco Desert Tours \/ Tours &amp; Excursions in Morocco\",\"publisher\":{\"@id\":\"https:\/\/discoverysaharatours.com\/es\/#organization\"},\"potentialAction\":[{\"@type\":\"SearchAction\",\"target\":{\"@type\":\"EntryPoint\",\"urlTemplate\":\"https:\/\/discoverysaharatours.com\/es\/?s={search_term_string}\"},\"query-input\":\"required name=search_term_string\"}],\"inLanguage\":\"en-US\"},{\"@type\":\"Organization\",\"@id\":\"https:\/\/discoverysaharatours.com\/es\/#organization\",\"name\":\"Discovery Sahara Tours\",\"url\":\"https:\/\/discoverysaharatours.com\/es\/\",\"logo\":{\"@type\":\"ImageObject\",\"inLanguage\":\"en-US\",\"@id\":\"https:\/\/discoverysaharatours.com\/es\/#\/schema\/logo\/image\/\",\"url\":\"https:\/\/discoverysaharatours.com\/es\/wp-content\/uploads\/2022\/10\/logo-Discovery-Sahara-Tours.png\",\"contentUrl\":\"https:\/\/discoverysaharatours.com\/es\/wp-content\/uploads\/2022\/10\/logo-Discovery-Sahara-Tours.png\",\"width\":557,\"height\":486,\"caption\":\"Discovery Sahara Tours\"},\"image\":{\"@id\":\"https:\/\/discoverysaharatours.com\/es\/#\/schema\/logo\/image\/\"}}]}<\/script>\n<!-- \/ Yoast SEO plugin. -->","yoast_head_json":{"title":"dia-viaje-essaouira","description":"\"Marruecos vacaciones, Marruecos consejos de viaje, Marruecos viajes privados, vacaciones a Marruecos, Marruecos viaje, mejor \u00e9poca para visitar Marruecos, vacaciones Marruecos, viajes en Marruecos, Marruecos tours del desierto, Marruecos turismo,\"","robots":{"index":"index","follow":"follow","max-snippet":"max-snippet:-1","max-image-preview":"max-image-preview:large","max-video-preview":"max-video-preview:-1"},"canonical":"https:\/\/discoverysaharatours.com\/es\/dia-viaje-essaouira\/","og_locale":"en_US","og_type":"article","og_title":"https:\/\/web.facebook.com\/Discovery.sahara\/","og_description":"Discovery Sahara Tours es una agencia local en Marruecos muy especializada en organizar rutas por el desierto, con veh\u00edculos 4\u00d74 que facilitan el acceso a las pistas, a los lugares menos tur\u00edsticos y m\u00e1s aut\u00e9nticos, para disfrutar de la comodidad y el confort de sus ventajas. Con excursiones en dromedarios hasta llegar a los campamentos situados en medio de las dunas y poder disfrutar de una noche bajo las estrellas. Visitar familias bereberes, compartir su estilo de vida y costumbres. Con excursiones a pie hasta llegar al oasis frecuentado por n\u00f3madas.","og_url":"https:\/\/discoverysaharatours.com\/es\/dia-viaje-essaouira\/","og_site_name":"Discovery Sahara Tours","article_modified_time":"2026-04-10T09:31:36+00:00","og_image":[{"width":512,"height":512,"url":"https:\/\/discoverysaharatours.com\/es\/wp-content\/uploads\/2022\/10\/cropped-logo-Discovery-Sahara-Tours.png","type":"image\/png"}],"twitter_card":"summary_large_image","twitter_misc":{"Est. reading time":"2 minutes"},"schema":{"@context":"https:\/\/schema.org","@graph":[{"@type":"WebPage","@id":"https:\/\/discoverysaharatours.com\/es\/dia-viaje-essaouira\/","url":"https:\/\/discoverysaharatours.com\/es\/dia-viaje-essaouira\/","name":"dia-viaje-essaouira","isPartOf":{"@id":"https:\/\/discoverysaharatours.com\/es\/#website"},"datePublished":"2018-11-02T16:31:09+00:00","dateModified":"2026-04-10T09:31:36+00:00","description":"\"Marruecos vacaciones, Marruecos consejos de viaje, Marruecos viajes privados, vacaciones a Marruecos, Marruecos viaje, mejor \u00e9poca para visitar Marruecos, vacaciones Marruecos, viajes en Marruecos, Marruecos tours del desierto, Marruecos turismo,\"","breadcrumb":{"@id":"https:\/\/discoverysaharatours.com\/es\/dia-viaje-essaouira\/#breadcrumb"},"inLanguage":"en-US","potentialAction":[{"@type":"ReadAction","target":["https:\/\/discoverysaharatours.com\/es\/dia-viaje-essaouira\/"]}]},{"@type":"BreadcrumbList","@id":"https:\/\/discoverysaharatours.com\/es\/dia-viaje-essaouira\/#breadcrumb","itemListElement":[{"@type":"ListItem","position":1,"name":"Home","item":"https:\/\/discoverysaharatours.com\/es\/"},{"@type":"ListItem","position":2,"name":"D\u00eda Viaje Essaouira"}]},{"@type":"WebSite","@id":"https:\/\/discoverysaharatours.com\/es\/#website","url":"https:\/\/discoverysaharatours.com\/es\/","name":"Discovery Sahara Tours","description":"Morocco Desert Tours \/ Tours &amp; Excursions in Morocco","publisher":{"@id":"https:\/\/discoverysaharatours.com\/es\/#organization"},"potentialAction":[{"@type":"SearchAction","target":{"@type":"EntryPoint","urlTemplate":"https:\/\/discoverysaharatours.com\/es\/?s={search_term_string}"},"query-input":"required name=search_term_string"}],"inLanguage":"en-US"},{"@type":"Organization","@id":"https:\/\/discoverysaharatours.com\/es\/#organization","name":"Discovery Sahara Tours","url":"https:\/\/discoverysaharatours.com\/es\/","logo":{"@type":"ImageObject","inLanguage":"en-US","@id":"https:\/\/discoverysaharatours.com\/es\/#\/schema\/logo\/image\/","url":"https:\/\/discoverysaharatours.com\/es\/wp-content\/uploads\/2022\/10\/logo-Discovery-Sahara-Tours.png","contentUrl":"https:\/\/discoverysaharatours.com\/es\/wp-content\/uploads\/2022\/10\/logo-Discovery-Sahara-Tours.png","width":557,"height":486,"caption":"Discovery Sahara Tours"},"image":{"@id":"https:\/\/discoverysaharatours.com\/es\/#\/schema\/logo\/image\/"}}]}},"_links":{"self":[{"href":"https:\/\/discoverysaharatours.com\/es\/wp-json\/wp\/v2\/pages\/10811","targetHints":{"allow":["GET"]}}],"collection":[{"href":"https:\/\/discoverysaharatours.com\/es\/wp-json\/wp\/v2\/pages"}],"about":[{"href":"https:\/\/discoverysaharatours.com\/es\/wp-json\/wp\/v2\/types\/page"}],"author":[{"embeddable":true,"href":"https:\/\/discoverysaharatours.com\/es\/wp-json\/wp\/v2\/users\/1"}],"replies":[{"embeddable":true,"href":"https:\/\/discoverysaharatours.com\/es\/wp-json\/wp\/v2\/comments?post=10811"}],"version-history":[{"count":5,"href":"https:\/\/discoverysaharatours.com\/es\/wp-json\/wp\/v2\/pages\/10811\/revisions"}],"predecessor-version":[{"id":19762,"href":"https:\/\/discoverysaharatours.com\/es\/wp-json\/wp\/v2\/pages\/10811\/revisions\/19762"}],"wp:attachment":[{"href":"https:\/\/discoverysaharatours.com\/es\/wp-json\/wp\/v2\/media?parent=10811"}],"curies":[{"name":"wp","href":"https:\/\/api.w.org\/{rel}","templated":true}]}}