{"id":10813,"date":"2018-11-02T16:31:48","date_gmt":"2018-11-02T16:31:48","guid":{"rendered":"https:\/\/www.discoverysaharatours.com\/?page_id=10813"},"modified":"2026-04-10T09:29:23","modified_gmt":"2026-04-10T09:29:23","slug":"dia-viaje-kasbah-ait-benhaddou-y-telouet","status":"publish","type":"page","link":"https:\/\/discoverysaharatours.com\/es\/dia-viaje-kasbah-ait-benhaddou-y-telouet\/","title":{"rendered":"D\u00eda Viaje  Kasbah Ait Benhaddou Y Telouet"},"content":{"rendered":"<h2 data-section-id=\"1mshhj2\" data-start=\"122\" data-end=\"179\">\ud83c\udfdc\ufe0f Excursi\u00f3n al Alto Atlas \u2013 Ait Ben Haddou y Telouet<\/h2>\n<p data-start=\"181\" data-end=\"348\">Kasbahs y ksars son los asentamientos m\u00e1s antiguos y tradicionales de Marruecos.<br data-start=\"261\" data-end=\"264\">Aqu\u00ed encontrar\u00e1s casas t\u00edpicas, plazas con jardines, mezquitas y escuelas cor\u00e1nicas.<\/p>\n<hr data-start=\"350\" data-end=\"353\">\n<h3 data-section-id=\"l3zhe9\" data-start=\"355\" data-end=\"368\">\ud83d\udd58<span style=\"color: #ff6600;\"> Salida<\/span><\/h3>\n<p data-start=\"369\" data-end=\"431\">Recogida en su hotel o punto indicado entre <strong data-start=\"413\" data-end=\"430\">08:30 y 09:00<\/strong>.<\/p>\n<hr data-start=\"433\" data-end=\"436\">\n<h3 data-section-id=\"gqxsve\" data-start=\"438\" data-end=\"468\">\ud83c\udfd4\ufe0f <span style=\"color: #ff6600;\">Ruta por el Alto Atlas<\/span><\/h3>\n<p data-start=\"469\" data-end=\"563\">Viajamos por las monta\u00f1as del Alto Atlas, por un camino de curvas con paisajes espectaculares.<\/p>\n<p data-start=\"565\" data-end=\"716\">Llegamos a <strong data-start=\"576\" data-end=\"594\">Ait Ben Haddou<\/strong>, una kasbah declarada Patrimonio de la Humanidad por la UNESCO en 1987.<br data-start=\"666\" data-end=\"669\">Este lugar ha sido escenario de pel\u00edculas como:<\/p>\n<ul data-start=\"717\" data-end=\"769\">\n<li data-section-id=\"12qib3b\" data-start=\"717\" data-end=\"730\">Gladiator<\/li>\n<li data-section-id=\"2d07kw\" data-start=\"731\" data-end=\"741\">Sahara<\/li>\n<li data-section-id=\"18e3bqp\" data-start=\"742\" data-end=\"759\">Indiana Jones<\/li>\n<li data-section-id=\"uzd10g\" data-start=\"760\" data-end=\"769\">Babel<\/li>\n<\/ul>\n<hr data-start=\"771\" data-end=\"774\">\n<h3 data-section-id=\"1nbl91r\" data-start=\"776\" data-end=\"800\">\ud83c\udff0 <span style=\"color: #ff6600;\">Kasbah de Telouet<\/span><\/h3>\n<p data-start=\"801\" data-end=\"880\">Despu\u00e9s visitamos la <strong data-start=\"822\" data-end=\"843\">Kasbah de Telouet<\/strong>, un palacio hist\u00f3rico impresionante.<\/p>\n<p data-start=\"882\" data-end=\"980\">Fue construido por unos 300 trabajadores en 3 a\u00f1os.<br data-start=\"933\" data-end=\"936\">Es un lugar \u00fanico con vistas espectaculares.<\/p>\n<hr data-start=\"982\" data-end=\"985\">\n<h3 data-section-id=\"jxqqfx\" data-start=\"987\" data-end=\"1013\">\ud83c\udf7d\ufe0f <span style=\"color: #ff6600;\">Almuerzo y regreso<\/span><\/h3>\n<p data-start=\"1014\" data-end=\"1055\">Almuerzo en un restaurante local bereber.<\/p>\n<p data-start=\"1057\" data-end=\"1171\">Despu\u00e9s regreso a Marrakech cruzando el puerto de <strong data-start=\"1107\" data-end=\"1134\">Tizi n\u2019Tichka (2.260 m)<\/strong>, con paisajes de monta\u00f1a incre\u00edbles.<\/p>\n<hr data-start=\"1173\" data-end=\"1176\">\n<h2 data-section-id=\"1auouwx\" data-start=\"1178\" data-end=\"1190\">\u2705 <span style=\"color: #ff6600;\">Incluye<\/span><\/h2>\n<ul data-start=\"1191\" data-end=\"1321\">\n<li data-section-id=\"3a7bm1\" data-start=\"1191\" data-end=\"1212\">Recogida en hotel<\/li>\n<li data-section-id=\"6ddkyx\" data-start=\"1213\" data-end=\"1272\">Transporte (4\u00d74 \/ minibus \/ bus con aire acondicionado)<\/li>\n<li data-section-id=\"gnh8ws\" data-start=\"1273\" data-end=\"1305\">Conductor \/ gu\u00eda multiling\u00fce<\/li>\n<li data-section-id=\"1xlc6vv\" data-start=\"1306\" data-end=\"1321\">Combustible<\/li>\n<\/ul>\n<hr data-start=\"1323\" data-end=\"1326\">\n<h2 data-section-id=\"19iroax\" data-start=\"1328\" data-end=\"1343\">\u274c<span style=\"color: #ff6600;\"> No incluye<\/span><\/h2>\n<ul data-start=\"1344\" data-end=\"1416\">\n<li data-section-id=\"k8ve4k\" data-start=\"1344\" data-end=\"1369\">Entradas a monumentos<\/li>\n<li data-section-id=\"15hlj9u\" data-start=\"1370\" data-end=\"1381\">Bebidas<\/li>\n<li data-section-id=\"ssc6pr\" data-start=\"1382\" data-end=\"1394\">Almuerzo<\/li>\n<li data-section-id=\"zgtesb\" data-start=\"1395\" data-end=\"1416\">Gastos personales<\/li>\n<\/ul>\n","protected":false},"excerpt":{"rendered":"<p>\ud83c\udfdc\ufe0f Excursi\u00f3n al Alto Atlas \u2013 Ait Ben Haddou y Telouet Kasbahs y ksars son los asentamientos m\u00e1s antiguos y tradicionales de Marruecos.Aqu\u00ed encontrar\u00e1s casas t\u00edpicas, plazas con jardines, mezquitas y escuelas cor\u00e1nicas. \ud83d\udd58 Salida Recogida en su hotel o punto indicado entre 08:30 y 09:00. \ud83c\udfd4\ufe0f Ruta por el Alto Atlas Viajamos por las&#8230;<\/p>\n","protected":false},"author":1,"featured_media":0,"parent":0,"menu_order":0,"comment_status":"closed","ping_status":"closed","template":"","meta":{"ngg_post_thumbnail":0,"_kad_post_transparent":"default","_kad_post_title":"default","_kad_post_layout":"default","_kad_post_sidebar_id":"","_kad_post_content_style":"default","_kad_post_vertical_padding":"default","_kad_post_feature":"","_kad_post_feature_position":"","_kad_post_header":false,"_kad_post_footer":false,"footnotes":""},"class_list":["post-10813","page","type-page","status-publish","hentry"],"yoast_head":"<!-- This site is optimized with the Yoast SEO plugin v21.5 - https:\/\/yoast.com\/wordpress\/plugins\/seo\/ -->\n<title>dia-viaje-kasbah-ait-benhaddou-y-telouet<\/title>\n<meta name=\"description\" content=\"&quot;Marruecos vacaciones, Marruecos consejos de viaje, Marruecos viajes privados, vacaciones a Marruecos, Marruecos viaje, mejor \u00e9poca para visitar Marruecos, vacaciones Marruecos, viajes en Marruecos, Marruecos tours del desierto, Marruecos turismo,&quot;\" \/>\n<meta name=\"robots\" content=\"index, follow, max-snippet:-1, max-image-preview:large, max-video-preview:-1\" \/>\n<link rel=\"canonical\" href=\"https:\/\/discoverysaharatours.com\/es\/dia-viaje-kasbah-ait-benhaddou-y-telouet\/\" \/>\n<meta property=\"og:locale\" content=\"en_US\" \/>\n<meta property=\"og:type\" content=\"article\" \/>\n<meta property=\"og:title\" content=\"https:\/\/web.facebook.com\/Discovery.sahara\/\" \/>\n<meta property=\"og:description\" content=\"Discovery Sahara Tours es una agencia local en Marruecos muy especializada en organizar rutas por el desierto, con veh\u00edculos 4\u00d74 que facilitan el acceso a las pistas, a los lugares menos tur\u00edsticos y m\u00e1s aut\u00e9nticos, para disfrutar de la comodidad y el confort de sus ventajas. Con excursiones en dromedarios hasta llegar a los campamentos situados en medio de las dunas y poder disfrutar de una noche bajo las estrellas. Visitar familias bereberes, compartir su estilo de vida y costumbres. Con excursiones a pie hasta llegar al oasis frecuentado por n\u00f3madas.\" \/>\n<meta property=\"og:url\" content=\"https:\/\/discoverysaharatours.com\/es\/dia-viaje-kasbah-ait-benhaddou-y-telouet\/\" \/>\n<meta property=\"og:site_name\" content=\"Discovery Sahara Tours\" \/>\n<meta property=\"article:modified_time\" content=\"2026-04-10T09:29:23+00:00\" \/>\n<meta property=\"og:image\" content=\"https:\/\/discoverysaharatours.com\/es\/wp-content\/uploads\/2022\/10\/cropped-logo-Discovery-Sahara-Tours.png\" \/>\n\t<meta property=\"og:image:width\" content=\"512\" \/>\n\t<meta property=\"og:image:height\" content=\"512\" \/>\n\t<meta property=\"og:image:type\" content=\"image\/png\" \/>\n<meta name=\"twitter:card\" content=\"summary_large_image\" \/>\n<meta name=\"twitter:label1\" content=\"Est. reading time\" \/>\n\t<meta name=\"twitter:data1\" content=\"1 minute\" \/>\n<script type=\"application\/ld+json\" class=\"yoast-schema-graph\">{\"@context\":\"https:\/\/schema.org\",\"@graph\":[{\"@type\":\"WebPage\",\"@id\":\"https:\/\/discoverysaharatours.com\/es\/dia-viaje-kasbah-ait-benhaddou-y-telouet\/\",\"url\":\"https:\/\/discoverysaharatours.com\/es\/dia-viaje-kasbah-ait-benhaddou-y-telouet\/\",\"name\":\"dia-viaje-kasbah-ait-benhaddou-y-telouet\",\"isPartOf\":{\"@id\":\"https:\/\/discoverysaharatours.com\/es\/#website\"},\"datePublished\":\"2018-11-02T16:31:48+00:00\",\"dateModified\":\"2026-04-10T09:29:23+00:00\",\"description\":\"\\\"Marruecos vacaciones, Marruecos consejos de viaje, Marruecos viajes privados, vacaciones a Marruecos, Marruecos viaje, mejor \u00e9poca para visitar Marruecos, vacaciones Marruecos, viajes en Marruecos, Marruecos tours del desierto, Marruecos turismo,\\\"\",\"breadcrumb\":{\"@id\":\"https:\/\/discoverysaharatours.com\/es\/dia-viaje-kasbah-ait-benhaddou-y-telouet\/#breadcrumb\"},\"inLanguage\":\"en-US\",\"potentialAction\":[{\"@type\":\"ReadAction\",\"target\":[\"https:\/\/discoverysaharatours.com\/es\/dia-viaje-kasbah-ait-benhaddou-y-telouet\/\"]}]},{\"@type\":\"BreadcrumbList\",\"@id\":\"https:\/\/discoverysaharatours.com\/es\/dia-viaje-kasbah-ait-benhaddou-y-telouet\/#breadcrumb\",\"itemListElement\":[{\"@type\":\"ListItem\",\"position\":1,\"name\":\"Home\",\"item\":\"https:\/\/discoverysaharatours.com\/es\/\"},{\"@type\":\"ListItem\",\"position\":2,\"name\":\"D\u00eda Viaje Kasbah Ait Benhaddou Y Telouet\"}]},{\"@type\":\"WebSite\",\"@id\":\"https:\/\/discoverysaharatours.com\/es\/#website\",\"url\":\"https:\/\/discoverysaharatours.com\/es\/\",\"name\":\"Discovery Sahara Tours\",\"description\":\"Morocco Desert Tours \/ Tours &amp; Excursions in Morocco\",\"publisher\":{\"@id\":\"https:\/\/discoverysaharatours.com\/es\/#organization\"},\"potentialAction\":[{\"@type\":\"SearchAction\",\"target\":{\"@type\":\"EntryPoint\",\"urlTemplate\":\"https:\/\/discoverysaharatours.com\/es\/?s={search_term_string}\"},\"query-input\":\"required name=search_term_string\"}],\"inLanguage\":\"en-US\"},{\"@type\":\"Organization\",\"@id\":\"https:\/\/discoverysaharatours.com\/es\/#organization\",\"name\":\"Discovery Sahara Tours\",\"url\":\"https:\/\/discoverysaharatours.com\/es\/\",\"logo\":{\"@type\":\"ImageObject\",\"inLanguage\":\"en-US\",\"@id\":\"https:\/\/discoverysaharatours.com\/es\/#\/schema\/logo\/image\/\",\"url\":\"https:\/\/discoverysaharatours.com\/es\/wp-content\/uploads\/2022\/10\/logo-Discovery-Sahara-Tours.png\",\"contentUrl\":\"https:\/\/discoverysaharatours.com\/es\/wp-content\/uploads\/2022\/10\/logo-Discovery-Sahara-Tours.png\",\"width\":557,\"height\":486,\"caption\":\"Discovery Sahara Tours\"},\"image\":{\"@id\":\"https:\/\/discoverysaharatours.com\/es\/#\/schema\/logo\/image\/\"}}]}<\/script>\n<!-- \/ Yoast SEO plugin. -->","yoast_head_json":{"title":"dia-viaje-kasbah-ait-benhaddou-y-telouet","description":"\"Marruecos vacaciones, Marruecos consejos de viaje, Marruecos viajes privados, vacaciones a Marruecos, Marruecos viaje, mejor \u00e9poca para visitar Marruecos, vacaciones Marruecos, viajes en Marruecos, Marruecos tours del desierto, Marruecos turismo,\"","robots":{"index":"index","follow":"follow","max-snippet":"max-snippet:-1","max-image-preview":"max-image-preview:large","max-video-preview":"max-video-preview:-1"},"canonical":"https:\/\/discoverysaharatours.com\/es\/dia-viaje-kasbah-ait-benhaddou-y-telouet\/","og_locale":"en_US","og_type":"article","og_title":"https:\/\/web.facebook.com\/Discovery.sahara\/","og_description":"Discovery Sahara Tours es una agencia local en Marruecos muy especializada en organizar rutas por el desierto, con veh\u00edculos 4\u00d74 que facilitan el acceso a las pistas, a los lugares menos tur\u00edsticos y m\u00e1s aut\u00e9nticos, para disfrutar de la comodidad y el confort de sus ventajas. Con excursiones en dromedarios hasta llegar a los campamentos situados en medio de las dunas y poder disfrutar de una noche bajo las estrellas. Visitar familias bereberes, compartir su estilo de vida y costumbres. Con excursiones a pie hasta llegar al oasis frecuentado por n\u00f3madas.","og_url":"https:\/\/discoverysaharatours.com\/es\/dia-viaje-kasbah-ait-benhaddou-y-telouet\/","og_site_name":"Discovery Sahara Tours","article_modified_time":"2026-04-10T09:29:23+00:00","og_image":[{"width":512,"height":512,"url":"https:\/\/discoverysaharatours.com\/es\/wp-content\/uploads\/2022\/10\/cropped-logo-Discovery-Sahara-Tours.png","type":"image\/png"}],"twitter_card":"summary_large_image","twitter_misc":{"Est. reading time":"1 minute"},"schema":{"@context":"https:\/\/schema.org","@graph":[{"@type":"WebPage","@id":"https:\/\/discoverysaharatours.com\/es\/dia-viaje-kasbah-ait-benhaddou-y-telouet\/","url":"https:\/\/discoverysaharatours.com\/es\/dia-viaje-kasbah-ait-benhaddou-y-telouet\/","name":"dia-viaje-kasbah-ait-benhaddou-y-telouet","isPartOf":{"@id":"https:\/\/discoverysaharatours.com\/es\/#website"},"datePublished":"2018-11-02T16:31:48+00:00","dateModified":"2026-04-10T09:29:23+00:00","description":"\"Marruecos vacaciones, Marruecos consejos de viaje, Marruecos viajes privados, vacaciones a Marruecos, Marruecos viaje, mejor \u00e9poca para visitar Marruecos, vacaciones Marruecos, viajes en Marruecos, Marruecos tours del desierto, Marruecos turismo,\"","breadcrumb":{"@id":"https:\/\/discoverysaharatours.com\/es\/dia-viaje-kasbah-ait-benhaddou-y-telouet\/#breadcrumb"},"inLanguage":"en-US","potentialAction":[{"@type":"ReadAction","target":["https:\/\/discoverysaharatours.com\/es\/dia-viaje-kasbah-ait-benhaddou-y-telouet\/"]}]},{"@type":"BreadcrumbList","@id":"https:\/\/discoverysaharatours.com\/es\/dia-viaje-kasbah-ait-benhaddou-y-telouet\/#breadcrumb","itemListElement":[{"@type":"ListItem","position":1,"name":"Home","item":"https:\/\/discoverysaharatours.com\/es\/"},{"@type":"ListItem","position":2,"name":"D\u00eda Viaje Kasbah Ait Benhaddou Y Telouet"}]},{"@type":"WebSite","@id":"https:\/\/discoverysaharatours.com\/es\/#website","url":"https:\/\/discoverysaharatours.com\/es\/","name":"Discovery Sahara Tours","description":"Morocco Desert Tours \/ Tours &amp; Excursions in Morocco","publisher":{"@id":"https:\/\/discoverysaharatours.com\/es\/#organization"},"potentialAction":[{"@type":"SearchAction","target":{"@type":"EntryPoint","urlTemplate":"https:\/\/discoverysaharatours.com\/es\/?s={search_term_string}"},"query-input":"required name=search_term_string"}],"inLanguage":"en-US"},{"@type":"Organization","@id":"https:\/\/discoverysaharatours.com\/es\/#organization","name":"Discovery Sahara Tours","url":"https:\/\/discoverysaharatours.com\/es\/","logo":{"@type":"ImageObject","inLanguage":"en-US","@id":"https:\/\/discoverysaharatours.com\/es\/#\/schema\/logo\/image\/","url":"https:\/\/discoverysaharatours.com\/es\/wp-content\/uploads\/2022\/10\/logo-Discovery-Sahara-Tours.png","contentUrl":"https:\/\/discoverysaharatours.com\/es\/wp-content\/uploads\/2022\/10\/logo-Discovery-Sahara-Tours.png","width":557,"height":486,"caption":"Discovery Sahara Tours"},"image":{"@id":"https:\/\/discoverysaharatours.com\/es\/#\/schema\/logo\/image\/"}}]}},"_links":{"self":[{"href":"https:\/\/discoverysaharatours.com\/es\/wp-json\/wp\/v2\/pages\/10813","targetHints":{"allow":["GET"]}}],"collection":[{"href":"https:\/\/discoverysaharatours.com\/es\/wp-json\/wp\/v2\/pages"}],"about":[{"href":"https:\/\/discoverysaharatours.com\/es\/wp-json\/wp\/v2\/types\/page"}],"author":[{"embeddable":true,"href":"https:\/\/discoverysaharatours.com\/es\/wp-json\/wp\/v2\/users\/1"}],"replies":[{"embeddable":true,"href":"https:\/\/discoverysaharatours.com\/es\/wp-json\/wp\/v2\/comments?post=10813"}],"version-history":[{"count":5,"href":"https:\/\/discoverysaharatours.com\/es\/wp-json\/wp\/v2\/pages\/10813\/revisions"}],"predecessor-version":[{"id":19760,"href":"https:\/\/discoverysaharatours.com\/es\/wp-json\/wp\/v2\/pages\/10813\/revisions\/19760"}],"wp:attachment":[{"href":"https:\/\/discoverysaharatours.com\/es\/wp-json\/wp\/v2\/media?parent=10813"}],"curies":[{"name":"wp","href":"https:\/\/api.w.org\/{rel}","templated":true}]}}