{"id":10816,"date":"2018-11-02T16:33:10","date_gmt":"2018-11-02T16:33:10","guid":{"rendered":"https:\/\/www.discoverysaharatours.com\/?page_id=10816"},"modified":"2024-12-03T09:51:51","modified_gmt":"2024-12-03T09:51:51","slug":"dia-viajie-lake-lalla-takerkoust","status":"publish","type":"page","link":"https:\/\/discoverysaharatours.com\/es\/dia-viajie-lake-lalla-takerkoust\/","title":{"rendered":"Dia Viaje Lake Lalla Takerkoust"},"content":{"rendered":"<p><strong>&nbsp; &nbsp; &nbsp;En el lago Lalla, encontrar\u00e1 lugares incre\u00edbles donde puede organizar picnics o incluso hacer interesantes excursiones a pie.<\/strong><\/p>\n<p><span style=\"color: #ff9900;\"><strong>Recojo en el hotel o lugar indicado a las 8.30 \/ 9.00.<\/strong><\/span><\/p>\n<p><span style=\"color: #0000ff;\"><a style=\"color: #0000ff;\" href=\"https:\/\/www.google.com\/search?q=dia+viaje+lake+lalla+takerkoust+discovery&amp;sca_esv=f020a7a3a9c0faaa&amp;ei=GdROZ_PhEI2LkdUP5Z_oyAQ&amp;oq=Dia+Viaje+Lake+Lalla+Takerkoust&amp;gs_lp=Egxnd3Mtd2l6LXNlcnAiH0RpYSBWaWFqZSBMYWtlIExhbGxhIFRha2Vya291c3QqAggAMgUQIRigAUjUKFDnCljnCnABeAGQAQCYAdEBoAHRAaoBAzItMbgBAcgBAPgBAfgBApgCAqAC4gGoAgrCAhQQLhiABBiRAhi0AhiKBRjqAtgBAcICFBAAGIAEGJECGLQCGIoFGOoC2AEBwgIaEAAYgAQYtAIY5QIYtwMYigUY6gIYigPYAQGYAwi6BgQIARgHkgcFMS4wLjGgB9YB&amp;sclient=gws-wiz-serp\" target=\"_blank\" rel=\"noopener\"><strong>EXCURSI\u00d3N LAKE LALA TAKERKOUST<\/strong><\/a><\/span><\/p>\n<p><strong>Refrescante escapada de Marrakesh a 40 km, alrededor del lago se pueden realizar interesantes viajes, a orillas del lago se puede disfrutar de la belleza de este lago y obtener algo de fuerza de \u00e9l, a 20 km del lago se encuentra el pueblo bereber de Amizmiz y su zoco incre\u00edble todos los jueves.<\/strong><\/p>\n<p><span style=\"color: #ff9900;\"><strong>Qu\u00e9 est\u00e1 incluido :<\/strong><\/span><\/p>\n<p><strong>\uf0a7 Recoger en su alojamiento.<\/strong><\/p>\n<p><strong>\uf0a7 Transporte privado: 4 \u00d7 4, mini bus, autob\u00fas, \/ veh\u00edculos con aire acondicionado<\/strong><\/p>\n<p><strong>\uf0a7 Driver \/ Guid (Multiling\u00fce)<\/strong><\/p>\n<p><strong>\uf0a7 Coche de combustible<\/strong><\/p>\n<p><span style=\"color: #ff9900;\"><strong>Lo que no est\u00e1 incluido:<\/strong><\/span><\/p>\n<p><strong>\uf0a7 Tarifa de entrada a monumentos<\/strong><\/p>\n<p><strong>\uf0a7 Bebidas<\/strong><\/p>\n<p><strong>\uf0a7 Almuerzos<\/strong><\/p>\n<p><strong>\uf0a7 Gastos personales<\/strong><\/p>\n","protected":false},"excerpt":{"rendered":"<p>&nbsp; &nbsp; &nbsp;En el lago Lalla, encontrar\u00e1 lugares incre\u00edbles donde puede organizar picnics o incluso hacer interesantes excursiones a pie. Recojo en el hotel o lugar indicado a las 8.30 \/ 9.00. EXCURSI\u00d3N LAKE LALA TAKERKOUST Refrescante escapada de Marrakesh a 40 km, alrededor del lago se pueden realizar interesantes viajes, a orillas del lago&#8230;<\/p>\n","protected":false},"author":1,"featured_media":0,"parent":0,"menu_order":0,"comment_status":"closed","ping_status":"closed","template":"","meta":{"ngg_post_thumbnail":0,"_kad_post_transparent":"default","_kad_post_title":"default","_kad_post_layout":"default","_kad_post_sidebar_id":"","_kad_post_content_style":"default","_kad_post_vertical_padding":"default","_kad_post_feature":"","_kad_post_feature_position":"","_kad_post_header":false,"_kad_post_footer":false,"footnotes":""},"class_list":["post-10816","page","type-page","status-publish","hentry"],"yoast_head":"<!-- This site is optimized with the Yoast SEO plugin v21.5 - https:\/\/yoast.com\/wordpress\/plugins\/seo\/ -->\n<title>dia-viajie-lake-lalla-takerkoust<\/title>\n<meta name=\"description\" content=\"&quot;viaje a Marruecos, asesor\u00eda de viajes a Marruecos, excursiones de un d\u00eda a Marruecos, excursiones en grupo a Marruecos, visitas guiadas a Marruecos, viaje a Marruecos, excursi\u00f3n a Marruecos&quot;\" \/>\n<meta name=\"robots\" content=\"index, follow, max-snippet:-1, max-image-preview:large, max-video-preview:-1\" \/>\n<link rel=\"canonical\" href=\"https:\/\/discoverysaharatours.com\/es\/dia-viajie-lake-lalla-takerkoust\/\" \/>\n<meta property=\"og:locale\" content=\"en_US\" \/>\n<meta property=\"og:type\" content=\"article\" \/>\n<meta property=\"og:title\" content=\"https:\/\/web.facebook.com\/Discovery.sahara\/\" \/>\n<meta property=\"og:description\" content=\"Discovery Sahara Tours es una agencia local en Marruecos muy especializada en organizar rutas por el desierto, con veh\u00edculos 4\u00d74 que facilitan el acceso a las pistas, a los lugares menos tur\u00edsticos y m\u00e1s aut\u00e9nticos, para disfrutar de la comodidad y el confort de sus ventajas. Con excursiones en dromedarios hasta llegar a los campamentos situados en medio de las dunas y poder disfrutar de una noche bajo las estrellas. Visitar familias bereberes, compartir su estilo de vida y costumbres. Con excursiones a pie hasta llegar al oasis frecuentado por n\u00f3madas.\" \/>\n<meta property=\"og:url\" content=\"https:\/\/discoverysaharatours.com\/es\/dia-viajie-lake-lalla-takerkoust\/\" \/>\n<meta property=\"og:site_name\" content=\"Discovery Sahara Tours\" \/>\n<meta property=\"article:modified_time\" content=\"2024-12-03T09:51:51+00:00\" \/>\n<meta property=\"og:image\" content=\"https:\/\/discoverysaharatours.com\/es\/wp-content\/uploads\/2022\/10\/cropped-logo-Discovery-Sahara-Tours.png\" \/>\n\t<meta property=\"og:image:width\" content=\"512\" \/>\n\t<meta property=\"og:image:height\" content=\"512\" \/>\n\t<meta property=\"og:image:type\" content=\"image\/png\" \/>\n<meta name=\"twitter:card\" content=\"summary_large_image\" \/>\n<meta name=\"twitter:label1\" content=\"Est. reading time\" \/>\n\t<meta name=\"twitter:data1\" content=\"1 minute\" \/>\n<script type=\"application\/ld+json\" class=\"yoast-schema-graph\">{\"@context\":\"https:\/\/schema.org\",\"@graph\":[{\"@type\":\"WebPage\",\"@id\":\"https:\/\/discoverysaharatours.com\/es\/dia-viajie-lake-lalla-takerkoust\/\",\"url\":\"https:\/\/discoverysaharatours.com\/es\/dia-viajie-lake-lalla-takerkoust\/\",\"name\":\"dia-viajie-lake-lalla-takerkoust\",\"isPartOf\":{\"@id\":\"https:\/\/discoverysaharatours.com\/es\/#website\"},\"datePublished\":\"2018-11-02T16:33:10+00:00\",\"dateModified\":\"2024-12-03T09:51:51+00:00\",\"description\":\"\\\"viaje a Marruecos, asesor\u00eda de viajes a Marruecos, excursiones de un d\u00eda a Marruecos, excursiones en grupo a Marruecos, visitas guiadas a Marruecos, viaje a Marruecos, excursi\u00f3n a Marruecos\\\"\",\"breadcrumb\":{\"@id\":\"https:\/\/discoverysaharatours.com\/es\/dia-viajie-lake-lalla-takerkoust\/#breadcrumb\"},\"inLanguage\":\"en-US\",\"potentialAction\":[{\"@type\":\"ReadAction\",\"target\":[\"https:\/\/discoverysaharatours.com\/es\/dia-viajie-lake-lalla-takerkoust\/\"]}]},{\"@type\":\"BreadcrumbList\",\"@id\":\"https:\/\/discoverysaharatours.com\/es\/dia-viajie-lake-lalla-takerkoust\/#breadcrumb\",\"itemListElement\":[{\"@type\":\"ListItem\",\"position\":1,\"name\":\"Home\",\"item\":\"https:\/\/discoverysaharatours.com\/es\/\"},{\"@type\":\"ListItem\",\"position\":2,\"name\":\"Dia Viaje Lake Lalla Takerkoust\"}]},{\"@type\":\"WebSite\",\"@id\":\"https:\/\/discoverysaharatours.com\/es\/#website\",\"url\":\"https:\/\/discoverysaharatours.com\/es\/\",\"name\":\"Discovery Sahara Tours\",\"description\":\"Morocco Desert Tours \/ Tours &amp; Excursions in Morocco\",\"publisher\":{\"@id\":\"https:\/\/discoverysaharatours.com\/es\/#organization\"},\"potentialAction\":[{\"@type\":\"SearchAction\",\"target\":{\"@type\":\"EntryPoint\",\"urlTemplate\":\"https:\/\/discoverysaharatours.com\/es\/?s={search_term_string}\"},\"query-input\":\"required name=search_term_string\"}],\"inLanguage\":\"en-US\"},{\"@type\":\"Organization\",\"@id\":\"https:\/\/discoverysaharatours.com\/es\/#organization\",\"name\":\"Discovery Sahara Tours\",\"url\":\"https:\/\/discoverysaharatours.com\/es\/\",\"logo\":{\"@type\":\"ImageObject\",\"inLanguage\":\"en-US\",\"@id\":\"https:\/\/discoverysaharatours.com\/es\/#\/schema\/logo\/image\/\",\"url\":\"https:\/\/discoverysaharatours.com\/es\/wp-content\/uploads\/2022\/10\/logo-Discovery-Sahara-Tours.png\",\"contentUrl\":\"https:\/\/discoverysaharatours.com\/es\/wp-content\/uploads\/2022\/10\/logo-Discovery-Sahara-Tours.png\",\"width\":557,\"height\":486,\"caption\":\"Discovery Sahara Tours\"},\"image\":{\"@id\":\"https:\/\/discoverysaharatours.com\/es\/#\/schema\/logo\/image\/\"}}]}<\/script>\n<!-- \/ Yoast SEO plugin. -->","yoast_head_json":{"title":"dia-viajie-lake-lalla-takerkoust","description":"\"viaje a Marruecos, asesor\u00eda de viajes a Marruecos, excursiones de un d\u00eda a Marruecos, excursiones en grupo a Marruecos, visitas guiadas a Marruecos, viaje a Marruecos, excursi\u00f3n a Marruecos\"","robots":{"index":"index","follow":"follow","max-snippet":"max-snippet:-1","max-image-preview":"max-image-preview:large","max-video-preview":"max-video-preview:-1"},"canonical":"https:\/\/discoverysaharatours.com\/es\/dia-viajie-lake-lalla-takerkoust\/","og_locale":"en_US","og_type":"article","og_title":"https:\/\/web.facebook.com\/Discovery.sahara\/","og_description":"Discovery Sahara Tours es una agencia local en Marruecos muy especializada en organizar rutas por el desierto, con veh\u00edculos 4\u00d74 que facilitan el acceso a las pistas, a los lugares menos tur\u00edsticos y m\u00e1s aut\u00e9nticos, para disfrutar de la comodidad y el confort de sus ventajas. Con excursiones en dromedarios hasta llegar a los campamentos situados en medio de las dunas y poder disfrutar de una noche bajo las estrellas. Visitar familias bereberes, compartir su estilo de vida y costumbres. Con excursiones a pie hasta llegar al oasis frecuentado por n\u00f3madas.","og_url":"https:\/\/discoverysaharatours.com\/es\/dia-viajie-lake-lalla-takerkoust\/","og_site_name":"Discovery Sahara Tours","article_modified_time":"2024-12-03T09:51:51+00:00","og_image":[{"width":512,"height":512,"url":"https:\/\/discoverysaharatours.com\/es\/wp-content\/uploads\/2022\/10\/cropped-logo-Discovery-Sahara-Tours.png","type":"image\/png"}],"twitter_card":"summary_large_image","twitter_misc":{"Est. reading time":"1 minute"},"schema":{"@context":"https:\/\/schema.org","@graph":[{"@type":"WebPage","@id":"https:\/\/discoverysaharatours.com\/es\/dia-viajie-lake-lalla-takerkoust\/","url":"https:\/\/discoverysaharatours.com\/es\/dia-viajie-lake-lalla-takerkoust\/","name":"dia-viajie-lake-lalla-takerkoust","isPartOf":{"@id":"https:\/\/discoverysaharatours.com\/es\/#website"},"datePublished":"2018-11-02T16:33:10+00:00","dateModified":"2024-12-03T09:51:51+00:00","description":"\"viaje a Marruecos, asesor\u00eda de viajes a Marruecos, excursiones de un d\u00eda a Marruecos, excursiones en grupo a Marruecos, visitas guiadas a Marruecos, viaje a Marruecos, excursi\u00f3n a Marruecos\"","breadcrumb":{"@id":"https:\/\/discoverysaharatours.com\/es\/dia-viajie-lake-lalla-takerkoust\/#breadcrumb"},"inLanguage":"en-US","potentialAction":[{"@type":"ReadAction","target":["https:\/\/discoverysaharatours.com\/es\/dia-viajie-lake-lalla-takerkoust\/"]}]},{"@type":"BreadcrumbList","@id":"https:\/\/discoverysaharatours.com\/es\/dia-viajie-lake-lalla-takerkoust\/#breadcrumb","itemListElement":[{"@type":"ListItem","position":1,"name":"Home","item":"https:\/\/discoverysaharatours.com\/es\/"},{"@type":"ListItem","position":2,"name":"Dia Viaje Lake Lalla Takerkoust"}]},{"@type":"WebSite","@id":"https:\/\/discoverysaharatours.com\/es\/#website","url":"https:\/\/discoverysaharatours.com\/es\/","name":"Discovery Sahara Tours","description":"Morocco Desert Tours \/ Tours &amp; Excursions in Morocco","publisher":{"@id":"https:\/\/discoverysaharatours.com\/es\/#organization"},"potentialAction":[{"@type":"SearchAction","target":{"@type":"EntryPoint","urlTemplate":"https:\/\/discoverysaharatours.com\/es\/?s={search_term_string}"},"query-input":"required name=search_term_string"}],"inLanguage":"en-US"},{"@type":"Organization","@id":"https:\/\/discoverysaharatours.com\/es\/#organization","name":"Discovery Sahara Tours","url":"https:\/\/discoverysaharatours.com\/es\/","logo":{"@type":"ImageObject","inLanguage":"en-US","@id":"https:\/\/discoverysaharatours.com\/es\/#\/schema\/logo\/image\/","url":"https:\/\/discoverysaharatours.com\/es\/wp-content\/uploads\/2022\/10\/logo-Discovery-Sahara-Tours.png","contentUrl":"https:\/\/discoverysaharatours.com\/es\/wp-content\/uploads\/2022\/10\/logo-Discovery-Sahara-Tours.png","width":557,"height":486,"caption":"Discovery Sahara Tours"},"image":{"@id":"https:\/\/discoverysaharatours.com\/es\/#\/schema\/logo\/image\/"}}]}},"_links":{"self":[{"href":"https:\/\/discoverysaharatours.com\/es\/wp-json\/wp\/v2\/pages\/10816","targetHints":{"allow":["GET"]}}],"collection":[{"href":"https:\/\/discoverysaharatours.com\/es\/wp-json\/wp\/v2\/pages"}],"about":[{"href":"https:\/\/discoverysaharatours.com\/es\/wp-json\/wp\/v2\/types\/page"}],"author":[{"embeddable":true,"href":"https:\/\/discoverysaharatours.com\/es\/wp-json\/wp\/v2\/users\/1"}],"replies":[{"embeddable":true,"href":"https:\/\/discoverysaharatours.com\/es\/wp-json\/wp\/v2\/comments?post=10816"}],"version-history":[{"count":3,"href":"https:\/\/discoverysaharatours.com\/es\/wp-json\/wp\/v2\/pages\/10816\/revisions"}],"predecessor-version":[{"id":19595,"href":"https:\/\/discoverysaharatours.com\/es\/wp-json\/wp\/v2\/pages\/10816\/revisions\/19595"}],"wp:attachment":[{"href":"https:\/\/discoverysaharatours.com\/es\/wp-json\/wp\/v2\/media?parent=10816"}],"curies":[{"name":"wp","href":"https:\/\/api.w.org\/{rel}","templated":true}]}}