{"id":10825,"date":"2018-11-02T16:36:33","date_gmt":"2018-11-02T16:36:33","guid":{"rendered":"https:\/\/www.discoverysaharatours.com\/?page_id=10825"},"modified":"2026-04-10T09:24:33","modified_gmt":"2026-04-10T09:24:33","slug":"dia-viaje-cascadas-de-ouzoud","status":"publish","type":"page","link":"https:\/\/discoverysaharatours.com\/es\/dia-viaje-cascadas-de-ouzoud\/","title":{"rendered":"D\u00eda Viaje  Cascadas De Ouzoud"},"content":{"rendered":"<h3 data-section-id=\"3pdyh1\" data-start=\"108\" data-end=\"165\">\ud83c\udf3f Excursi\u00f3n a las Cascadas de Ouzoud desde Marrakech<\/h3>\n<p data-start=\"167\" data-end=\"451\">A unos 150 km de <span class=\"hover:entity-accent entity-underline inline cursor-pointer align-baseline\"><span class=\"whitespace-normal\">Marrakech<\/span><\/span>, esta excursi\u00f3n te lleva a descubrir las impresionantes <span class=\"hover:entity-accent entity-underline inline cursor-pointer align-baseline\"><span class=\"whitespace-normal\">Cascadas de Ouzoud<\/span><\/span>, consideradas las m\u00e1s espectaculares de Marruecos. Aunque el trayecto es relativamente largo, la experiencia merece totalmente la pena.<\/p>\n<p data-start=\"453\" data-end=\"542\">\ud83d\ude90 <strong data-start=\"456\" data-end=\"467\">Salida:<\/strong><br data-start=\"467\" data-end=\"470\">Recogida en tu alojamiento o punto acordado entre las <strong data-start=\"524\" data-end=\"541\">08:30 y 09:00<\/strong>.<\/p>\n<hr data-start=\"544\" data-end=\"547\">\n<h3 data-section-id=\"1qrmkwd\" data-start=\"549\" data-end=\"578\">\ud83c\udfde\ufe0f <span style=\"color: #ff6600;\">Experiencia en Ouzoud<\/span><\/h3>\n<p data-start=\"580\" data-end=\"789\">Al llegar al pueblo de Ouzoud, conocido por sus peque\u00f1as tabernas y ambiente local, comenzar\u00e1s un agradable descenso por un sendero bien acondicionado, rodeado de olivares, hasta llegar al pie de las cascadas.<\/p>\n<p data-start=\"791\" data-end=\"971\">\ud83d\udca7 Con una altura de aproximadamente <strong data-start=\"828\" data-end=\"842\">110 metros<\/strong>, las cascadas ofrecen un espect\u00e1culo natural \u00fanico, donde el agua cae en varios niveles creando un <strong data-start=\"942\" data-end=\"970\">arco\u00edris casi permanente<\/strong>.<\/p>\n<p data-start=\"973\" data-end=\"1088\">\ud83d\udc12 Durante la visita, podr\u00e1s observar a los famosos <strong data-start=\"1025\" data-end=\"1044\">monos del Atlas<\/strong> (macacos), que viven libremente en la zona.<\/p>\n<p data-start=\"1090\" data-end=\"1121\">\ud83c\udf3f Tambi\u00e9n tendr\u00e1s tiempo para:<\/p>\n<ul data-start=\"1122\" data-end=\"1293\">\n<li data-section-id=\"lcc60z\" data-start=\"1122\" data-end=\"1161\">Disfrutar de la flora y fauna local<\/li>\n<li data-section-id=\"1kbsjz0\" data-start=\"1162\" data-end=\"1226\">Relajarte junto al agua o darte un ba\u00f1o (seg\u00fan la temporada)<\/li>\n<li data-section-id=\"18xqybs\" data-start=\"1227\" data-end=\"1293\">Almorzar en restaurantes con vistas panor\u00e1micas a las cascadas<\/li>\n<\/ul>\n<hr data-start=\"1295\" data-end=\"1298\">\n<h3 data-section-id=\"1ufb1f3\" data-start=\"1300\" data-end=\"1317\">\u2705 <span style=\"color: #ff6600;\">Qu\u00e9 incluye<\/span><\/h3>\n<ul data-start=\"1319\" data-end=\"1469\">\n<li data-section-id=\"11isbnz\" data-start=\"1319\" data-end=\"1349\">Recogida en tu alojamiento<\/li>\n<li data-section-id=\"1rb7pzx\" data-start=\"1350\" data-end=\"1420\">Transporte privado (4&#215;4, minib\u00fas o autob\u00fas con aire acondicionado)<\/li>\n<li data-section-id=\"gnh8ws\" data-start=\"1421\" data-end=\"1453\">Conductor \/ gu\u00eda multiling\u00fce<\/li>\n<li data-section-id=\"1xlc6vv\" data-start=\"1454\" data-end=\"1469\">Combustible<\/li>\n<\/ul>\n<hr data-start=\"1471\" data-end=\"1474\">\n<h3 data-section-id=\"1o09s16\" data-start=\"1476\" data-end=\"1492\">\u274c <span style=\"color: #ff6600;\">No incluye<\/span><\/h3>\n<ul data-start=\"1494\" data-end=\"1566\">\n<li data-section-id=\"k8ve4k\" data-start=\"1494\" data-end=\"1519\">Entradas a monumentos<\/li>\n<li data-section-id=\"15hlj9u\" data-start=\"1520\" data-end=\"1531\">Bebidas<\/li>\n<li data-section-id=\"ssc6pr\" data-start=\"1532\" data-end=\"1544\">Almuerzo<\/li>\n<li data-section-id=\"zgtesb\" data-start=\"1545\" data-end=\"1566\">Gastos personales<\/li>\n<\/ul>\n","protected":false},"excerpt":{"rendered":"<p>\ud83c\udf3f Excursi\u00f3n a las Cascadas de Ouzoud desde Marrakech A unos 150 km de Marrakech, esta excursi\u00f3n te lleva a descubrir las impresionantes Cascadas de Ouzoud, consideradas las m\u00e1s espectaculares de Marruecos. Aunque el trayecto es relativamente largo, la experiencia merece totalmente la pena. \ud83d\ude90 Salida:Recogida en tu alojamiento o punto acordado entre las 08:30&#8230;<\/p>\n","protected":false},"author":1,"featured_media":0,"parent":0,"menu_order":0,"comment_status":"closed","ping_status":"closed","template":"","meta":{"ngg_post_thumbnail":0,"_kad_post_transparent":"default","_kad_post_title":"default","_kad_post_layout":"default","_kad_post_sidebar_id":"","_kad_post_content_style":"default","_kad_post_vertical_padding":"default","_kad_post_feature":"","_kad_post_feature_position":"","_kad_post_header":false,"_kad_post_footer":false,"footnotes":""},"class_list":["post-10825","page","type-page","status-publish","hentry"],"yoast_head":"<!-- This site is optimized with the Yoast SEO plugin v21.5 - https:\/\/yoast.com\/wordpress\/plugins\/seo\/ -->\n<title>dia-viaje-cascadas-de-ouzoud<\/title>\n<meta name=\"description\" content=\"&quot;Marruecos vacaciones, Marruecos consejos de viaje, Marruecos viajes privados, vacaciones a Marruecos, Marruecos viaje, mejor \u00e9poca para visitar Marruecos, vacaciones Marruecos, viajes en Marruecos, Marruecos tours del desierto, Marruecos turismo,&quot;\" \/>\n<meta name=\"robots\" content=\"index, follow, max-snippet:-1, max-image-preview:large, max-video-preview:-1\" \/>\n<link rel=\"canonical\" href=\"https:\/\/discoverysaharatours.com\/es\/dia-viaje-cascadas-de-ouzoud\/\" \/>\n<meta property=\"og:locale\" content=\"en_US\" \/>\n<meta property=\"og:type\" content=\"article\" \/>\n<meta property=\"og:title\" content=\"https:\/\/web.facebook.com\/Discovery.sahara\/\" \/>\n<meta property=\"og:description\" content=\"Discovery Sahara Tours es una agencia local en Marruecos muy especializada en organizar rutas por el desierto, con veh\u00edculos 4\u00d74 que facilitan el acceso a las pistas, a los lugares menos tur\u00edsticos y m\u00e1s aut\u00e9nticos, para disfrutar de la comodidad y el confort de sus ventajas. Con excursiones en dromedarios hasta llegar a los campamentos situados en medio de las dunas y poder disfrutar de una noche bajo las estrellas. Visitar familias bereberes, compartir su estilo de vida y costumbres. Con excursiones a pie hasta llegar al oasis frecuentado por n\u00f3madas.\" \/>\n<meta property=\"og:url\" content=\"https:\/\/discoverysaharatours.com\/es\/dia-viaje-cascadas-de-ouzoud\/\" \/>\n<meta property=\"og:site_name\" content=\"Discovery Sahara Tours\" \/>\n<meta property=\"article:modified_time\" content=\"2026-04-10T09:24:33+00:00\" \/>\n<meta property=\"og:image\" content=\"https:\/\/discoverysaharatours.com\/es\/wp-content\/uploads\/2022\/10\/cropped-logo-Discovery-Sahara-Tours.png\" \/>\n\t<meta property=\"og:image:width\" content=\"512\" \/>\n\t<meta property=\"og:image:height\" content=\"512\" \/>\n\t<meta property=\"og:image:type\" content=\"image\/png\" \/>\n<meta name=\"twitter:card\" content=\"summary_large_image\" \/>\n<meta name=\"twitter:label1\" content=\"Est. reading time\" \/>\n\t<meta name=\"twitter:data1\" content=\"1 minute\" \/>\n<script type=\"application\/ld+json\" class=\"yoast-schema-graph\">{\"@context\":\"https:\/\/schema.org\",\"@graph\":[{\"@type\":\"WebPage\",\"@id\":\"https:\/\/discoverysaharatours.com\/es\/dia-viaje-cascadas-de-ouzoud\/\",\"url\":\"https:\/\/discoverysaharatours.com\/es\/dia-viaje-cascadas-de-ouzoud\/\",\"name\":\"dia-viaje-cascadas-de-ouzoud\",\"isPartOf\":{\"@id\":\"https:\/\/discoverysaharatours.com\/es\/#website\"},\"datePublished\":\"2018-11-02T16:36:33+00:00\",\"dateModified\":\"2026-04-10T09:24:33+00:00\",\"description\":\"\\\"Marruecos vacaciones, Marruecos consejos de viaje, Marruecos viajes privados, vacaciones a Marruecos, Marruecos viaje, mejor \u00e9poca para visitar Marruecos, vacaciones Marruecos, viajes en Marruecos, Marruecos tours del desierto, Marruecos turismo,\\\"\",\"breadcrumb\":{\"@id\":\"https:\/\/discoverysaharatours.com\/es\/dia-viaje-cascadas-de-ouzoud\/#breadcrumb\"},\"inLanguage\":\"en-US\",\"potentialAction\":[{\"@type\":\"ReadAction\",\"target\":[\"https:\/\/discoverysaharatours.com\/es\/dia-viaje-cascadas-de-ouzoud\/\"]}]},{\"@type\":\"BreadcrumbList\",\"@id\":\"https:\/\/discoverysaharatours.com\/es\/dia-viaje-cascadas-de-ouzoud\/#breadcrumb\",\"itemListElement\":[{\"@type\":\"ListItem\",\"position\":1,\"name\":\"Home\",\"item\":\"https:\/\/discoverysaharatours.com\/es\/\"},{\"@type\":\"ListItem\",\"position\":2,\"name\":\"D\u00eda Viaje Cascadas De Ouzoud\"}]},{\"@type\":\"WebSite\",\"@id\":\"https:\/\/discoverysaharatours.com\/es\/#website\",\"url\":\"https:\/\/discoverysaharatours.com\/es\/\",\"name\":\"Discovery Sahara Tours\",\"description\":\"Morocco Desert Tours \/ Tours &amp; Excursions in Morocco\",\"publisher\":{\"@id\":\"https:\/\/discoverysaharatours.com\/es\/#organization\"},\"potentialAction\":[{\"@type\":\"SearchAction\",\"target\":{\"@type\":\"EntryPoint\",\"urlTemplate\":\"https:\/\/discoverysaharatours.com\/es\/?s={search_term_string}\"},\"query-input\":\"required name=search_term_string\"}],\"inLanguage\":\"en-US\"},{\"@type\":\"Organization\",\"@id\":\"https:\/\/discoverysaharatours.com\/es\/#organization\",\"name\":\"Discovery Sahara Tours\",\"url\":\"https:\/\/discoverysaharatours.com\/es\/\",\"logo\":{\"@type\":\"ImageObject\",\"inLanguage\":\"en-US\",\"@id\":\"https:\/\/discoverysaharatours.com\/es\/#\/schema\/logo\/image\/\",\"url\":\"https:\/\/discoverysaharatours.com\/es\/wp-content\/uploads\/2022\/10\/logo-Discovery-Sahara-Tours.png\",\"contentUrl\":\"https:\/\/discoverysaharatours.com\/es\/wp-content\/uploads\/2022\/10\/logo-Discovery-Sahara-Tours.png\",\"width\":557,\"height\":486,\"caption\":\"Discovery Sahara Tours\"},\"image\":{\"@id\":\"https:\/\/discoverysaharatours.com\/es\/#\/schema\/logo\/image\/\"}}]}<\/script>\n<!-- \/ Yoast SEO plugin. -->","yoast_head_json":{"title":"dia-viaje-cascadas-de-ouzoud","description":"\"Marruecos vacaciones, Marruecos consejos de viaje, Marruecos viajes privados, vacaciones a Marruecos, Marruecos viaje, mejor \u00e9poca para visitar Marruecos, vacaciones Marruecos, viajes en Marruecos, Marruecos tours del desierto, Marruecos turismo,\"","robots":{"index":"index","follow":"follow","max-snippet":"max-snippet:-1","max-image-preview":"max-image-preview:large","max-video-preview":"max-video-preview:-1"},"canonical":"https:\/\/discoverysaharatours.com\/es\/dia-viaje-cascadas-de-ouzoud\/","og_locale":"en_US","og_type":"article","og_title":"https:\/\/web.facebook.com\/Discovery.sahara\/","og_description":"Discovery Sahara Tours es una agencia local en Marruecos muy especializada en organizar rutas por el desierto, con veh\u00edculos 4\u00d74 que facilitan el acceso a las pistas, a los lugares menos tur\u00edsticos y m\u00e1s aut\u00e9nticos, para disfrutar de la comodidad y el confort de sus ventajas. Con excursiones en dromedarios hasta llegar a los campamentos situados en medio de las dunas y poder disfrutar de una noche bajo las estrellas. Visitar familias bereberes, compartir su estilo de vida y costumbres. Con excursiones a pie hasta llegar al oasis frecuentado por n\u00f3madas.","og_url":"https:\/\/discoverysaharatours.com\/es\/dia-viaje-cascadas-de-ouzoud\/","og_site_name":"Discovery Sahara Tours","article_modified_time":"2026-04-10T09:24:33+00:00","og_image":[{"width":512,"height":512,"url":"https:\/\/discoverysaharatours.com\/es\/wp-content\/uploads\/2022\/10\/cropped-logo-Discovery-Sahara-Tours.png","type":"image\/png"}],"twitter_card":"summary_large_image","twitter_misc":{"Est. reading time":"1 minute"},"schema":{"@context":"https:\/\/schema.org","@graph":[{"@type":"WebPage","@id":"https:\/\/discoverysaharatours.com\/es\/dia-viaje-cascadas-de-ouzoud\/","url":"https:\/\/discoverysaharatours.com\/es\/dia-viaje-cascadas-de-ouzoud\/","name":"dia-viaje-cascadas-de-ouzoud","isPartOf":{"@id":"https:\/\/discoverysaharatours.com\/es\/#website"},"datePublished":"2018-11-02T16:36:33+00:00","dateModified":"2026-04-10T09:24:33+00:00","description":"\"Marruecos vacaciones, Marruecos consejos de viaje, Marruecos viajes privados, vacaciones a Marruecos, Marruecos viaje, mejor \u00e9poca para visitar Marruecos, vacaciones Marruecos, viajes en Marruecos, Marruecos tours del desierto, Marruecos turismo,\"","breadcrumb":{"@id":"https:\/\/discoverysaharatours.com\/es\/dia-viaje-cascadas-de-ouzoud\/#breadcrumb"},"inLanguage":"en-US","potentialAction":[{"@type":"ReadAction","target":["https:\/\/discoverysaharatours.com\/es\/dia-viaje-cascadas-de-ouzoud\/"]}]},{"@type":"BreadcrumbList","@id":"https:\/\/discoverysaharatours.com\/es\/dia-viaje-cascadas-de-ouzoud\/#breadcrumb","itemListElement":[{"@type":"ListItem","position":1,"name":"Home","item":"https:\/\/discoverysaharatours.com\/es\/"},{"@type":"ListItem","position":2,"name":"D\u00eda Viaje Cascadas De Ouzoud"}]},{"@type":"WebSite","@id":"https:\/\/discoverysaharatours.com\/es\/#website","url":"https:\/\/discoverysaharatours.com\/es\/","name":"Discovery Sahara Tours","description":"Morocco Desert Tours \/ Tours &amp; Excursions in Morocco","publisher":{"@id":"https:\/\/discoverysaharatours.com\/es\/#organization"},"potentialAction":[{"@type":"SearchAction","target":{"@type":"EntryPoint","urlTemplate":"https:\/\/discoverysaharatours.com\/es\/?s={search_term_string}"},"query-input":"required name=search_term_string"}],"inLanguage":"en-US"},{"@type":"Organization","@id":"https:\/\/discoverysaharatours.com\/es\/#organization","name":"Discovery Sahara Tours","url":"https:\/\/discoverysaharatours.com\/es\/","logo":{"@type":"ImageObject","inLanguage":"en-US","@id":"https:\/\/discoverysaharatours.com\/es\/#\/schema\/logo\/image\/","url":"https:\/\/discoverysaharatours.com\/es\/wp-content\/uploads\/2022\/10\/logo-Discovery-Sahara-Tours.png","contentUrl":"https:\/\/discoverysaharatours.com\/es\/wp-content\/uploads\/2022\/10\/logo-Discovery-Sahara-Tours.png","width":557,"height":486,"caption":"Discovery Sahara Tours"},"image":{"@id":"https:\/\/discoverysaharatours.com\/es\/#\/schema\/logo\/image\/"}}]}},"_links":{"self":[{"href":"https:\/\/discoverysaharatours.com\/es\/wp-json\/wp\/v2\/pages\/10825","targetHints":{"allow":["GET"]}}],"collection":[{"href":"https:\/\/discoverysaharatours.com\/es\/wp-json\/wp\/v2\/pages"}],"about":[{"href":"https:\/\/discoverysaharatours.com\/es\/wp-json\/wp\/v2\/types\/page"}],"author":[{"embeddable":true,"href":"https:\/\/discoverysaharatours.com\/es\/wp-json\/wp\/v2\/users\/1"}],"replies":[{"embeddable":true,"href":"https:\/\/discoverysaharatours.com\/es\/wp-json\/wp\/v2\/comments?post=10825"}],"version-history":[{"count":4,"href":"https:\/\/discoverysaharatours.com\/es\/wp-json\/wp\/v2\/pages\/10825\/revisions"}],"predecessor-version":[{"id":19758,"href":"https:\/\/discoverysaharatours.com\/es\/wp-json\/wp\/v2\/pages\/10825\/revisions\/19758"}],"wp:attachment":[{"href":"https:\/\/discoverysaharatours.com\/es\/wp-json\/wp\/v2\/media?parent=10825"}],"curies":[{"name":"wp","href":"https:\/\/api.w.org\/{rel}","templated":true}]}}