{"id":10828,"date":"2018-11-02T16:38:03","date_gmt":"2018-11-02T16:38:03","guid":{"rendered":"https:\/\/www.discoverysaharatours.com\/?page_id=10828"},"modified":"2026-04-05T08:42:38","modified_gmt":"2026-04-05T08:42:38","slug":"2-dias-desde-casablanca-a-marrakech","status":"publish","type":"page","link":"https:\/\/discoverysaharatours.com\/es\/2-dias-desde-casablanca-a-marrakech\/","title":{"rendered":"2 d\u00edas desde Casablanca a Marrakech"},"content":{"rendered":"<h3 data-section-id=\"123nuny\" data-start=\"82\" data-end=\"123\">\ud83c\udf34 Descubre Marrakech, la Ciudad Roja<\/h3>\n<p data-start=\"125\" data-end=\"346\">Exploraremos la riqueza cultural e hist\u00f3rica de la ciudad m\u00e1s emblem\u00e1tica y tur\u00edstica de Marruecos: <strong data-start=\"225\" data-end=\"270\">Marrakech, conocida como \u201cLa Ciudad Roja\u201d<\/strong>. Durante este recorrido visitaremos algunos de sus lugares m\u00e1s fascinantes:<\/p>\n<ul data-start=\"348\" data-end=\"500\">\n<li data-section-id=\"qqlrqm\" data-start=\"348\" data-end=\"371\">Jard\u00edn de la Menara<\/li>\n<li data-section-id=\"lufkq\" data-start=\"372\" data-end=\"395\">Palacio de la Bah\u00eda<\/li>\n<li data-section-id=\"1c5puzb\" data-start=\"396\" data-end=\"418\">Mezquita Koutoubia<\/li>\n<li data-section-id=\"mwwy2p\" data-start=\"419\" data-end=\"441\">Plaza Jemaa el-Fna<\/li>\n<li data-section-id=\"ijwdlr\" data-start=\"442\" data-end=\"464\">Jardines Majorelle<\/li>\n<li data-section-id=\"17if66e\" data-start=\"465\" data-end=\"500\">Zocos tradicionales y la Medina<\/li>\n<\/ul>\n<hr data-start=\"502\" data-end=\"505\">\n<h2 data-section-id=\"1q8f7ym\" data-start=\"507\" data-end=\"543\">\ud83d\uddd3\ufe0f <span style=\"color: #ff6600;\">D\u00eda 1: Casablanca \u2192 Marrakech<\/span><\/h2>\n<p data-start=\"545\" data-end=\"735\">Nos reuniremos en el punto previamente acordado y comenzaremos nuestra excursi\u00f3n hacia Marrakech. A la llegada, descubriremos los principales atractivos hist\u00f3ricos y culturales de la ciudad.<\/p>\n<p data-start=\"737\" data-end=\"749\">Visitaremos:<\/p>\n<ul data-start=\"750\" data-end=\"1049\">\n<li data-section-id=\"123mpad\" data-start=\"750\" data-end=\"820\">El <strong data-start=\"755\" data-end=\"778\">Jard\u00edn de la Menara<\/strong>, con sus impresionantes vistas al Atlas<\/li>\n<li data-section-id=\"hwqxu\" data-start=\"821\" data-end=\"872\">La <strong data-start=\"826\" data-end=\"848\">Mezquita Koutoubia<\/strong>, s\u00edmbolo de Marrakech<\/li>\n<li data-section-id=\"ulsphe\" data-start=\"873\" data-end=\"921\">Las antiguas murallas y puertas de la ciudad<\/li>\n<li data-section-id=\"aa88ft\" data-start=\"922\" data-end=\"1049\">La famosa <strong data-start=\"934\" data-end=\"956\">Plaza Jemaa el-Fna<\/strong>, coraz\u00f3n vibrante de la ciudad, declarada Patrimonio de la Humanidad por la UNESCO en 1985<\/li>\n<\/ul>\n<p data-start=\"1051\" data-end=\"1160\">Disfrutaremos de tiempo libre para almorzar y recorrer los <strong data-start=\"1110\" data-end=\"1133\">zocos tradicionales<\/strong> y los barrios artesanales.<\/p>\n<p data-start=\"1162\" data-end=\"1221\">\ud83c\udfe8 Alojamiento en un riad tradicional o hotel en Marrakech.<\/p>\n<hr data-start=\"1223\" data-end=\"1226\">\n<h2 data-section-id=\"1ch3qh9\" data-start=\"1228\" data-end=\"1264\">\ud83d\uddd3\ufe0f <span style=\"color: #ff6600;\">D\u00eda 2: Marrakech \u2192 Casablanca<\/span><\/h2>\n<p data-start=\"1266\" data-end=\"1357\">Despu\u00e9s del desayuno, continuaremos explorando los monumentos m\u00e1s importantes de la ciudad:<\/p>\n<ul data-start=\"1359\" data-end=\"1684\">\n<li data-section-id=\"13q8trh\" data-start=\"1359\" data-end=\"1428\"><strong data-start=\"1361\" data-end=\"1384\">Palacio de la Bah\u00eda<\/strong>, obra maestra de la arquitectura marroqu\u00ed<\/li>\n<li data-section-id=\"f2k0pj\" data-start=\"1429\" data-end=\"1482\"><strong data-start=\"1431\" data-end=\"1454\">Madrasa Ben Youssef<\/strong>, antigua escuela cor\u00e1nica<\/li>\n<li data-section-id=\"wdxlkv\" data-start=\"1483\" data-end=\"1595\"><strong data-start=\"1485\" data-end=\"1504\">Palacio El Badi<\/strong>, construido por el sult\u00e1n saad\u00ed Ahmad al-Mansur tras la Batalla de los Tres Reyes (1578)<\/li>\n<li data-section-id=\"14b7smt\" data-start=\"1596\" data-end=\"1635\">Vista exterior del <strong data-start=\"1617\" data-end=\"1633\">Palacio Real<\/strong><\/li>\n<li data-section-id=\"zrtt2a\" data-start=\"1636\" data-end=\"1684\">Exploraci\u00f3n de las curtidur\u00edas tradicionales<\/li>\n<\/ul>\n<p data-start=\"1686\" data-end=\"1787\">Tras el almuerzo, visitaremos los famosos <strong data-start=\"1728\" data-end=\"1750\">Jardines Majorelle<\/strong>, un oasis de colores y tranquilidad.<\/p>\n<p data-start=\"1789\" data-end=\"1860\">Por la tarde, regreso a Casablanca, con llegada aproximada a las 19:00.<\/p>\n<hr data-start=\"1862\" data-end=\"1865\">\n<h2 data-section-id=\"lwk5ue\" data-start=\"1867\" data-end=\"1884\">\u2705 <span style=\"color: #ff6600;\">Qu\u00e9 incluye:<\/span><\/h2>\n<ul data-start=\"1886\" data-end=\"2059\">\n<li data-section-id=\"1rb7pzx\" data-start=\"1886\" data-end=\"1956\">Transporte privado (4&#215;4, minib\u00fas o autob\u00fas con aire acondicionado)<\/li>\n<li data-section-id=\"khxukc\" data-start=\"1957\" data-end=\"1987\">Conductor\/gu\u00eda multiling\u00fce<\/li>\n<li data-section-id=\"1xlc6vv\" data-start=\"1988\" data-end=\"2003\">Combustible<\/li>\n<li data-section-id=\"quh91x\" data-start=\"2004\" data-end=\"2059\">1 noche en hotel o riad (cena y desayuno incluidos)<\/li>\n<\/ul>\n<hr data-start=\"2061\" data-end=\"2064\">\n<h2 data-section-id=\"ak04ib\" data-start=\"2066\" data-end=\"2082\">\u274c<span style=\"color: #ff6600;\"> No incluye:<\/span><\/h2>\n<ul data-start=\"2084\" data-end=\"2164\">\n<li data-section-id=\"u610en\" data-start=\"2084\" data-end=\"2107\">Almuerzos y bebidas<\/li>\n<li data-section-id=\"9dpfwm\" data-start=\"2108\" data-end=\"2129\">Billetes de avi\u00f3n<\/li>\n<li data-section-id=\"go2epb\" data-start=\"2130\" data-end=\"2164\">Entradas a monumentos y museos<\/li>\n<\/ul>\n<hr data-start=\"2166\" data-end=\"2169\">\n<p data-start=\"2171\" data-end=\"2295\">\u2728 <strong data-start=\"2173\" data-end=\"2182\">Nota:<\/strong> Si deseas personalizar este tour, no dudes en contactarnos. Estaremos encantados de adaptarlo a tus necesidades.<\/p>\n","protected":false},"excerpt":{"rendered":"<p>\ud83c\udf34 Descubre Marrakech, la Ciudad Roja Exploraremos la riqueza cultural e hist\u00f3rica de la ciudad m\u00e1s emblem\u00e1tica y tur\u00edstica de Marruecos: Marrakech, conocida como \u201cLa Ciudad Roja\u201d. Durante este recorrido visitaremos algunos de sus lugares m\u00e1s fascinantes: Jard\u00edn de la Menara Palacio de la Bah\u00eda Mezquita Koutoubia Plaza Jemaa el-Fna Jardines Majorelle Zocos tradicionales y&#8230;<\/p>\n","protected":false},"author":1,"featured_media":0,"parent":0,"menu_order":0,"comment_status":"closed","ping_status":"closed","template":"","meta":{"ngg_post_thumbnail":0,"_kad_post_transparent":"default","_kad_post_title":"default","_kad_post_layout":"default","_kad_post_sidebar_id":"","_kad_post_content_style":"default","_kad_post_vertical_padding":"default","_kad_post_feature":"","_kad_post_feature_position":"","_kad_post_header":false,"_kad_post_footer":false,"footnotes":""},"class_list":["post-10828","page","type-page","status-publish","hentry"],"yoast_head":"<!-- This site is optimized with the Yoast SEO plugin v21.5 - https:\/\/yoast.com\/wordpress\/plugins\/seo\/ -->\n<title>2-dias-desde-casablanca-a-marrakech<\/title>\n<meta name=\"description\" content=\"\u201cMarruecos vacaciones\u201d, Marruecos consejos de viaje, Marruecos tours privados, vacaciones a Marruecos, Marruecos viaje, mejor \u00e9poca para visitar Marruecos, vacaciones Marruecos, tours en Marruecos, Marruecos desierto tours, Marruecos turismo, visita Marruecos, Marruecos vacaciones, viajes Marruecos, Marruecos tours, viajes a marruecos, viajes a marruecos, tours a marruecos desde, gu\u00eda tur\u00edstico de marruecos \u201d\" \/>\n<meta name=\"robots\" content=\"index, follow, max-snippet:-1, max-image-preview:large, max-video-preview:-1\" \/>\n<link rel=\"canonical\" href=\"https:\/\/discoverysaharatours.com\/es\/2-dias-desde-casablanca-a-marrakech\/\" \/>\n<meta property=\"og:locale\" content=\"en_US\" \/>\n<meta property=\"og:type\" content=\"article\" \/>\n<meta property=\"og:title\" content=\"https:\/\/web.facebook.com\/Discovery.sahara\/\" \/>\n<meta property=\"og:description\" content=\"Discovery Sahara Tours es una agencia local en Marruecos muy especializada en organizar rutas por el desierto, con veh\u00edculos 4\u00d74 que facilitan el acceso a las pistas, a los lugares menos tur\u00edsticos y m\u00e1s aut\u00e9nticos, para disfrutar de la comodidad y el confort de sus ventajas. Con excursiones en dromedarios hasta llegar a los campamentos situados en medio de las dunas y poder disfrutar de una noche bajo las estrellas. Visitar familias bereberes, compartir su estilo de vida y costumbres. Con excursiones a pie hasta llegar al oasis frecuentado por n\u00f3madas.\" \/>\n<meta property=\"og:url\" content=\"https:\/\/discoverysaharatours.com\/es\/2-dias-desde-casablanca-a-marrakech\/\" \/>\n<meta property=\"og:site_name\" content=\"Discovery Sahara Tours\" \/>\n<meta property=\"article:modified_time\" content=\"2026-04-05T08:42:38+00:00\" \/>\n<meta property=\"og:image\" content=\"https:\/\/discoverysaharatours.com\/es\/wp-content\/uploads\/2022\/10\/cropped-logo-Discovery-Sahara-Tours.png\" \/>\n\t<meta property=\"og:image:width\" content=\"512\" \/>\n\t<meta property=\"og:image:height\" content=\"512\" \/>\n\t<meta property=\"og:image:type\" content=\"image\/png\" \/>\n<meta name=\"twitter:card\" content=\"summary_large_image\" \/>\n<meta name=\"twitter:label1\" content=\"Est. reading time\" \/>\n\t<meta name=\"twitter:data1\" content=\"2 minutes\" \/>\n<script type=\"application\/ld+json\" class=\"yoast-schema-graph\">{\"@context\":\"https:\/\/schema.org\",\"@graph\":[{\"@type\":\"WebPage\",\"@id\":\"https:\/\/discoverysaharatours.com\/es\/2-dias-desde-casablanca-a-marrakech\/\",\"url\":\"https:\/\/discoverysaharatours.com\/es\/2-dias-desde-casablanca-a-marrakech\/\",\"name\":\"2-dias-desde-casablanca-a-marrakech\",\"isPartOf\":{\"@id\":\"https:\/\/discoverysaharatours.com\/es\/#website\"},\"datePublished\":\"2018-11-02T16:38:03+00:00\",\"dateModified\":\"2026-04-05T08:42:38+00:00\",\"description\":\"\u201cMarruecos vacaciones\u201d, Marruecos consejos de viaje, Marruecos tours privados, vacaciones a Marruecos, Marruecos viaje, mejor \u00e9poca para visitar Marruecos, vacaciones Marruecos, tours en Marruecos, Marruecos desierto tours, Marruecos turismo, visita Marruecos, Marruecos vacaciones, viajes Marruecos, Marruecos tours, viajes a marruecos, viajes a marruecos, tours a marruecos desde, gu\u00eda tur\u00edstico de marruecos \u201d\",\"breadcrumb\":{\"@id\":\"https:\/\/discoverysaharatours.com\/es\/2-dias-desde-casablanca-a-marrakech\/#breadcrumb\"},\"inLanguage\":\"en-US\",\"potentialAction\":[{\"@type\":\"ReadAction\",\"target\":[\"https:\/\/discoverysaharatours.com\/es\/2-dias-desde-casablanca-a-marrakech\/\"]}]},{\"@type\":\"BreadcrumbList\",\"@id\":\"https:\/\/discoverysaharatours.com\/es\/2-dias-desde-casablanca-a-marrakech\/#breadcrumb\",\"itemListElement\":[{\"@type\":\"ListItem\",\"position\":1,\"name\":\"Home\",\"item\":\"https:\/\/discoverysaharatours.com\/es\/\"},{\"@type\":\"ListItem\",\"position\":2,\"name\":\"2 d\u00edas desde Casablanca a Marrakech\"}]},{\"@type\":\"WebSite\",\"@id\":\"https:\/\/discoverysaharatours.com\/es\/#website\",\"url\":\"https:\/\/discoverysaharatours.com\/es\/\",\"name\":\"Discovery Sahara Tours\",\"description\":\"Morocco Desert Tours \/ Tours &amp; Excursions in Morocco\",\"publisher\":{\"@id\":\"https:\/\/discoverysaharatours.com\/es\/#organization\"},\"potentialAction\":[{\"@type\":\"SearchAction\",\"target\":{\"@type\":\"EntryPoint\",\"urlTemplate\":\"https:\/\/discoverysaharatours.com\/es\/?s={search_term_string}\"},\"query-input\":\"required name=search_term_string\"}],\"inLanguage\":\"en-US\"},{\"@type\":\"Organization\",\"@id\":\"https:\/\/discoverysaharatours.com\/es\/#organization\",\"name\":\"Discovery Sahara Tours\",\"url\":\"https:\/\/discoverysaharatours.com\/es\/\",\"logo\":{\"@type\":\"ImageObject\",\"inLanguage\":\"en-US\",\"@id\":\"https:\/\/discoverysaharatours.com\/es\/#\/schema\/logo\/image\/\",\"url\":\"https:\/\/discoverysaharatours.com\/es\/wp-content\/uploads\/2022\/10\/logo-Discovery-Sahara-Tours.png\",\"contentUrl\":\"https:\/\/discoverysaharatours.com\/es\/wp-content\/uploads\/2022\/10\/logo-Discovery-Sahara-Tours.png\",\"width\":557,\"height\":486,\"caption\":\"Discovery Sahara Tours\"},\"image\":{\"@id\":\"https:\/\/discoverysaharatours.com\/es\/#\/schema\/logo\/image\/\"}}]}<\/script>\n<!-- \/ Yoast SEO plugin. -->","yoast_head_json":{"title":"2-dias-desde-casablanca-a-marrakech","description":"\u201cMarruecos vacaciones\u201d, Marruecos consejos de viaje, Marruecos tours privados, vacaciones a Marruecos, Marruecos viaje, mejor \u00e9poca para visitar Marruecos, vacaciones Marruecos, tours en Marruecos, Marruecos desierto tours, Marruecos turismo, visita Marruecos, Marruecos vacaciones, viajes Marruecos, Marruecos tours, viajes a marruecos, viajes a marruecos, tours a marruecos desde, gu\u00eda tur\u00edstico de marruecos \u201d","robots":{"index":"index","follow":"follow","max-snippet":"max-snippet:-1","max-image-preview":"max-image-preview:large","max-video-preview":"max-video-preview:-1"},"canonical":"https:\/\/discoverysaharatours.com\/es\/2-dias-desde-casablanca-a-marrakech\/","og_locale":"en_US","og_type":"article","og_title":"https:\/\/web.facebook.com\/Discovery.sahara\/","og_description":"Discovery Sahara Tours es una agencia local en Marruecos muy especializada en organizar rutas por el desierto, con veh\u00edculos 4\u00d74 que facilitan el acceso a las pistas, a los lugares menos tur\u00edsticos y m\u00e1s aut\u00e9nticos, para disfrutar de la comodidad y el confort de sus ventajas. Con excursiones en dromedarios hasta llegar a los campamentos situados en medio de las dunas y poder disfrutar de una noche bajo las estrellas. Visitar familias bereberes, compartir su estilo de vida y costumbres. Con excursiones a pie hasta llegar al oasis frecuentado por n\u00f3madas.","og_url":"https:\/\/discoverysaharatours.com\/es\/2-dias-desde-casablanca-a-marrakech\/","og_site_name":"Discovery Sahara Tours","article_modified_time":"2026-04-05T08:42:38+00:00","og_image":[{"width":512,"height":512,"url":"https:\/\/discoverysaharatours.com\/es\/wp-content\/uploads\/2022\/10\/cropped-logo-Discovery-Sahara-Tours.png","type":"image\/png"}],"twitter_card":"summary_large_image","twitter_misc":{"Est. reading time":"2 minutes"},"schema":{"@context":"https:\/\/schema.org","@graph":[{"@type":"WebPage","@id":"https:\/\/discoverysaharatours.com\/es\/2-dias-desde-casablanca-a-marrakech\/","url":"https:\/\/discoverysaharatours.com\/es\/2-dias-desde-casablanca-a-marrakech\/","name":"2-dias-desde-casablanca-a-marrakech","isPartOf":{"@id":"https:\/\/discoverysaharatours.com\/es\/#website"},"datePublished":"2018-11-02T16:38:03+00:00","dateModified":"2026-04-05T08:42:38+00:00","description":"\u201cMarruecos vacaciones\u201d, Marruecos consejos de viaje, Marruecos tours privados, vacaciones a Marruecos, Marruecos viaje, mejor \u00e9poca para visitar Marruecos, vacaciones Marruecos, tours en Marruecos, Marruecos desierto tours, Marruecos turismo, visita Marruecos, Marruecos vacaciones, viajes Marruecos, Marruecos tours, viajes a marruecos, viajes a marruecos, tours a marruecos desde, gu\u00eda tur\u00edstico de marruecos \u201d","breadcrumb":{"@id":"https:\/\/discoverysaharatours.com\/es\/2-dias-desde-casablanca-a-marrakech\/#breadcrumb"},"inLanguage":"en-US","potentialAction":[{"@type":"ReadAction","target":["https:\/\/discoverysaharatours.com\/es\/2-dias-desde-casablanca-a-marrakech\/"]}]},{"@type":"BreadcrumbList","@id":"https:\/\/discoverysaharatours.com\/es\/2-dias-desde-casablanca-a-marrakech\/#breadcrumb","itemListElement":[{"@type":"ListItem","position":1,"name":"Home","item":"https:\/\/discoverysaharatours.com\/es\/"},{"@type":"ListItem","position":2,"name":"2 d\u00edas desde Casablanca a Marrakech"}]},{"@type":"WebSite","@id":"https:\/\/discoverysaharatours.com\/es\/#website","url":"https:\/\/discoverysaharatours.com\/es\/","name":"Discovery Sahara Tours","description":"Morocco Desert Tours \/ Tours &amp; Excursions in Morocco","publisher":{"@id":"https:\/\/discoverysaharatours.com\/es\/#organization"},"potentialAction":[{"@type":"SearchAction","target":{"@type":"EntryPoint","urlTemplate":"https:\/\/discoverysaharatours.com\/es\/?s={search_term_string}"},"query-input":"required name=search_term_string"}],"inLanguage":"en-US"},{"@type":"Organization","@id":"https:\/\/discoverysaharatours.com\/es\/#organization","name":"Discovery Sahara Tours","url":"https:\/\/discoverysaharatours.com\/es\/","logo":{"@type":"ImageObject","inLanguage":"en-US","@id":"https:\/\/discoverysaharatours.com\/es\/#\/schema\/logo\/image\/","url":"https:\/\/discoverysaharatours.com\/es\/wp-content\/uploads\/2022\/10\/logo-Discovery-Sahara-Tours.png","contentUrl":"https:\/\/discoverysaharatours.com\/es\/wp-content\/uploads\/2022\/10\/logo-Discovery-Sahara-Tours.png","width":557,"height":486,"caption":"Discovery Sahara Tours"},"image":{"@id":"https:\/\/discoverysaharatours.com\/es\/#\/schema\/logo\/image\/"}}]}},"_links":{"self":[{"href":"https:\/\/discoverysaharatours.com\/es\/wp-json\/wp\/v2\/pages\/10828","targetHints":{"allow":["GET"]}}],"collection":[{"href":"https:\/\/discoverysaharatours.com\/es\/wp-json\/wp\/v2\/pages"}],"about":[{"href":"https:\/\/discoverysaharatours.com\/es\/wp-json\/wp\/v2\/types\/page"}],"author":[{"embeddable":true,"href":"https:\/\/discoverysaharatours.com\/es\/wp-json\/wp\/v2\/users\/1"}],"replies":[{"embeddable":true,"href":"https:\/\/discoverysaharatours.com\/es\/wp-json\/wp\/v2\/comments?post=10828"}],"version-history":[{"count":5,"href":"https:\/\/discoverysaharatours.com\/es\/wp-json\/wp\/v2\/pages\/10828\/revisions"}],"predecessor-version":[{"id":19710,"href":"https:\/\/discoverysaharatours.com\/es\/wp-json\/wp\/v2\/pages\/10828\/revisions\/19710"}],"wp:attachment":[{"href":"https:\/\/discoverysaharatours.com\/es\/wp-json\/wp\/v2\/media?parent=10828"}],"curies":[{"name":"wp","href":"https:\/\/api.w.org\/{rel}","templated":true}]}}