{"id":10830,"date":"2018-11-02T16:39:00","date_gmt":"2018-11-02T16:39:00","guid":{"rendered":"https:\/\/www.discoverysaharatours.com\/?page_id=10830"},"modified":"2026-04-07T22:20:08","modified_gmt":"2026-04-07T22:20:08","slug":"4-dias-desde-casablanca-a-marrakech-a-traves-del-desierto-del-sahara","status":"publish","type":"page","link":"https:\/\/discoverysaharatours.com\/es\/4-dias-desde-casablanca-a-marrakech-a-traves-del-desierto-del-sahara\/","title":{"rendered":"4 d\u00edas desde Casablanca a Marrakech a trav\u00e9s del desierto del Sahara"},"content":{"rendered":"<h2 data-section-id=\"1wc58d5\" data-start=\"118\" data-end=\"177\">\ud83c\udf0d Tour desde Casablanca al Desierto del Sahara (4 D\u00edas)<\/h2>\n<p data-start=\"179\" data-end=\"761\">Comenzaremos este fascinante recorrido desde <span class=\"hover:entity-accent entity-underline inline cursor-pointer align-baseline\"><span class=\"whitespace-normal\">Casablanca<\/span><\/span>, atravesando ciudades imperiales, monta\u00f1as del Atlas y el majestuoso desierto del Sahara hasta llegar a <span class=\"hover:entity-accent entity-underline inline cursor-pointer align-baseline\"><span class=\"whitespace-normal\">Marrakech<\/span><\/span>. Durante el viaje visitaremos lugares emblem\u00e1ticos como <span class=\"hover:entity-accent entity-underline inline cursor-pointer align-baseline\"><span class=\"whitespace-normal\">Torre Hassan<\/span><\/span>, <span class=\"hover:entity-accent entity-underline inline cursor-pointer align-baseline\"><span class=\"whitespace-normal\">Kasbah de los Udayas<\/span><\/span>, <span class=\"hover:entity-accent entity-underline inline cursor-pointer align-baseline\"><span class=\"whitespace-normal\">Meknes<\/span><\/span>, <span class=\"hover:entity-accent entity-underline inline cursor-pointer align-baseline\"><span class=\"whitespace-normal\">Fez<\/span><\/span>, <span class=\"hover:entity-accent entity-underline inline cursor-pointer align-baseline\"><span class=\"whitespace-normal\">Ifrane<\/span><\/span>, <span class=\"hover:entity-accent entity-underline inline cursor-pointer align-baseline\"><span class=\"whitespace-normal\">Bosque de cedros de Azrou<\/span><\/span> y el espectacular desierto de <span class=\"hover:entity-accent entity-underline inline cursor-pointer align-baseline\"><span class=\"whitespace-normal\">Erg Chebbi<\/span><\/span>.<\/p>\n<hr data-start=\"763\" data-end=\"766\">\n<h2 data-section-id=\"1xkl4ox\" data-start=\"768\" data-end=\"815\"><span style=\"color: #ff6600;\">\ud83d\uddd3\ufe0f D\u00eda 1: Casablanca \u2013 Rabat \u2013 Meknes \u2013 Fez<\/span><\/h2>\n<p data-start=\"817\" data-end=\"904\">Salida desde Casablanca hacia <span class=\"hover:entity-accent entity-underline inline cursor-pointer align-baseline\"><span class=\"whitespace-normal\">Rabat<\/span><\/span>, donde visitaremos:<\/p>\n<ul data-start=\"905\" data-end=\"992\">\n<li data-section-id=\"x79p85\" data-start=\"905\" data-end=\"948\"><span class=\"hover:entity-accent entity-underline inline cursor-pointer align-baseline\"><span class=\"whitespace-normal\">Kasbah de los Udayas<\/span><\/span><\/li>\n<li data-section-id=\"bgd20l\" data-start=\"949\" data-end=\"992\"><span class=\"hover:entity-accent entity-underline inline cursor-pointer align-baseline\"><span class=\"whitespace-normal\">Torre Hassan<\/span><\/span><\/li>\n<\/ul>\n<p data-start=\"994\" data-end=\"1053\">Continuaci\u00f3n hacia <span class=\"hover:entity-accent entity-underline inline cursor-pointer align-baseline\"><span class=\"whitespace-normal\">Meknes<\/span><\/span>:<\/p>\n<ul data-start=\"1054\" data-end=\"1185\">\n<li data-section-id=\"1ce4kxh\" data-start=\"1054\" data-end=\"1097\"><span class=\"hover:entity-accent entity-underline inline cursor-pointer align-baseline\"><span class=\"whitespace-normal\">Bab Mansour<\/span><\/span><\/li>\n<li data-section-id=\"g165th\" data-start=\"1098\" data-end=\"1141\"><span class=\"hover:entity-accent entity-underline inline cursor-pointer align-baseline\"><span class=\"whitespace-normal\">Mausoleo de Moulay Ismail<\/span><\/span><\/li>\n<li data-section-id=\"1tbdkl1\" data-start=\"1142\" data-end=\"1185\"><span class=\"hover:entity-accent entity-underline inline cursor-pointer align-baseline\"><span class=\"whitespace-normal\">Sahrij Souani<\/span><\/span><\/li>\n<\/ul>\n<p data-start=\"1187\" data-end=\"1267\">Llegada a <span class=\"hover:entity-accent entity-underline inline cursor-pointer align-baseline\"><span class=\"whitespace-normal\">Fez<\/span><\/span> y alojamiento en hotel o riad.<\/p>\n<hr data-start=\"1269\" data-end=\"1272\">\n<h2 data-section-id=\"1vtk528\" data-start=\"1274\" data-end=\"1330\"><span style=\"color: #ff6600;\">\ud83d\uddd3\ufe0f D\u00eda 2: Fez \u2013 Ifrane \u2013 Azrou \u2013 Merzouga (Desierto)<\/span><\/h2>\n<p data-start=\"1332\" data-end=\"1367\">Despu\u00e9s del desayuno, salida hacia:<\/p>\n<ul data-start=\"1368\" data-end=\"1534\">\n<li data-section-id=\"7bmlrb\" data-start=\"1368\" data-end=\"1446\"><span class=\"hover:entity-accent entity-underline inline cursor-pointer align-baseline\"><span class=\"whitespace-normal\">Ifrane<\/span><\/span>, conocida como la \u201cSuiza marroqu\u00ed\u201d<\/li>\n<li data-section-id=\"124nadj\" data-start=\"1447\" data-end=\"1534\"><span class=\"hover:entity-accent entity-underline inline cursor-pointer align-baseline\"><span class=\"whitespace-normal\">Azrou<\/span><\/span> y su bosque de cedros con monos de Berber\u00eda<\/li>\n<\/ul>\n<p data-start=\"1536\" data-end=\"1650\">Paso por el Medio Atlas (Tizi n&#8217;Talghamt), almuerzo en <span class=\"hover:entity-accent entity-underline inline cursor-pointer align-baseline\"><span class=\"whitespace-normal\">Midelt<\/span><\/span> y continuaci\u00f3n por:<\/p>\n<ul data-start=\"1651\" data-end=\"1782\">\n<li data-section-id=\"1or3w39\" data-start=\"1651\" data-end=\"1694\"><span class=\"hover:entity-accent entity-underline inline cursor-pointer align-baseline\"><span class=\"whitespace-normal\">Valle del Ziz<\/span><\/span><\/li>\n<li data-section-id=\"n668ol\" data-start=\"1695\" data-end=\"1738\"><span class=\"hover:entity-accent entity-underline inline cursor-pointer align-baseline\"><span class=\"whitespace-normal\">Errachidia<\/span><\/span><\/li>\n<li data-section-id=\"1fuxyk5\" data-start=\"1739\" data-end=\"1782\"><span class=\"hover:entity-accent entity-underline inline cursor-pointer align-baseline\"><span class=\"whitespace-normal\">Erfoud<\/span><\/span><\/li>\n<\/ul>\n<p data-start=\"1784\" data-end=\"1834\">Llegada a <span class=\"hover:entity-accent entity-underline inline cursor-pointer align-baseline\"><span class=\"whitespace-normal\">Merzouga<\/span><\/span>:<\/p>\n<ul data-start=\"1835\" data-end=\"2007\">\n<li data-section-id=\"12a44do\" data-start=\"1835\" data-end=\"1912\">Paseo en camello por las dunas de <span class=\"hover:entity-accent entity-underline inline cursor-pointer align-baseline\"><span class=\"whitespace-normal\">Erg Chebbi<\/span><\/span><\/li>\n<li data-section-id=\"uhy2fe\" data-start=\"1913\" data-end=\"1945\">Puesta de sol en el desierto<\/li>\n<li data-section-id=\"1myehzg\" data-start=\"1946\" data-end=\"2007\">Cena tradicional y noche en campamento bajo las estrellas<\/li>\n<\/ul>\n<hr data-start=\"2009\" data-end=\"2012\">\n<h2 data-section-id=\"tkhfj8\" data-start=\"2014\" data-end=\"2086\"><span style=\"color: #ff6600;\">\ud83d\uddd3\ufe0f D\u00eda 3: Merzouga \u2013 Rissani \u2013 Gargantas del Todra \u2013 Valle del Dades<\/span><\/h2>\n<p data-start=\"2088\" data-end=\"2150\">Despertar temprano para disfrutar del amanecer en el desierto.<\/p>\n<p data-start=\"2152\" data-end=\"2165\">Salida hacia:<\/p>\n<ul data-start=\"2166\" data-end=\"2275\">\n<li data-section-id=\"yn3d2j\" data-start=\"2166\" data-end=\"2231\"><span class=\"hover:entity-accent entity-underline inline cursor-pointer align-baseline\"><span class=\"whitespace-normal\">Rissani<\/span><\/span> (mercado tradicional)<\/li>\n<li data-section-id=\"youf5h\" data-start=\"2232\" data-end=\"2275\"><span class=\"hover:entity-accent entity-underline inline cursor-pointer align-baseline\"><span class=\"whitespace-normal\">Gargantas del Todra<\/span><\/span><\/li>\n<\/ul>\n<p data-start=\"2277\" data-end=\"2318\">Despu\u00e9s del almuerzo, continuaci\u00f3n hacia:<\/p>\n<ul data-start=\"2319\" data-end=\"2362\">\n<li data-section-id=\"1cz4ynp\" data-start=\"2319\" data-end=\"2362\"><span class=\"hover:entity-accent entity-underline inline cursor-pointer align-baseline\"><span class=\"whitespace-normal\">Valle del Dades<\/span><\/span><\/li>\n<\/ul>\n<p data-start=\"2364\" data-end=\"2402\">Noche en hotel con vistas panor\u00e1micas.<\/p>\n<hr data-start=\"2404\" data-end=\"2407\">\n<h2 data-section-id=\"1jrpbxr\" data-start=\"2409\" data-end=\"2480\"><span style=\"color: #ff6600;\">\ud83d\uddd3\ufe0f D\u00eda 4: Valle del Dades \u2013 Ouarzazate \u2013 Ait Ben Haddou \u2013 Marrakech<\/span><\/h2>\n<p data-start=\"2482\" data-end=\"2495\">Salida hacia:<\/p>\n<ul data-start=\"2496\" data-end=\"2603\">\n<li data-section-id=\"whbxly\" data-start=\"2496\" data-end=\"2576\"><span class=\"hover:entity-accent entity-underline inline cursor-pointer align-baseline\"><span class=\"whitespace-normal\">Ouarzazate<\/span><\/span>, conocida como \u201cHollywood de \u00c1frica\u201d<\/li>\n<li data-section-id=\"1vpdc79\" data-start=\"2577\" data-end=\"2603\">Estudios de cine Atlas<\/li>\n<\/ul>\n<p data-start=\"2605\" data-end=\"2614\">Visita a:<\/p>\n<ul data-start=\"2615\" data-end=\"2684\">\n<li data-section-id=\"1k7bh3h\" data-start=\"2615\" data-end=\"2684\"><span class=\"hover:entity-accent entity-underline inline cursor-pointer align-baseline\"><span class=\"whitespace-normal\">Ait Ben Haddou<\/span><\/span> (Patrimonio de la UNESCO)<\/li>\n<\/ul>\n<p data-start=\"2686\" data-end=\"2719\">Cruce del Alto Atlas por el paso:<\/p>\n<ul data-start=\"2720\" data-end=\"2763\">\n<li data-section-id=\"1eriktx\" data-start=\"2720\" data-end=\"2763\"><span class=\"hover:entity-accent entity-underline inline cursor-pointer align-baseline\"><span class=\"whitespace-normal\">Tizi n&#8217;Tichka<\/span><\/span><\/li>\n<\/ul>\n<p data-start=\"2765\" data-end=\"2843\">Llegada a <span class=\"hover:entity-accent entity-underline inline cursor-pointer align-baseline\"><span class=\"whitespace-normal\">Marrakech<\/span><\/span> y traslado a su alojamiento.<\/p>\n<hr data-start=\"2845\" data-end=\"2848\">\n<h2 data-section-id=\"1h75j5d\" data-start=\"2850\" data-end=\"2872\">\u2705 <span style=\"color: #ff6600;\">Qu\u00e9 est\u00e1 incluido<\/span><\/h2>\n<ul data-start=\"2874\" data-end=\"3129\">\n<li data-section-id=\"1u2h6l\" data-start=\"2874\" data-end=\"2944\">Transporte privado con aire acondicionado (4&#215;4, minib\u00fas o autob\u00fas)<\/li>\n<li data-section-id=\"gnh8ws\" data-start=\"2945\" data-end=\"2977\">Conductor \/ gu\u00eda multiling\u00fce<\/li>\n<li data-section-id=\"1xlc6vv\" data-start=\"2978\" data-end=\"2993\">Combustible<\/li>\n<li data-section-id=\"123ly9z\" data-start=\"2994\" data-end=\"3022\">3 noches en hotel o riad<\/li>\n<li data-section-id=\"bhsuae\" data-start=\"3023\" data-end=\"3081\">1 noche en campamento en el desierto (cena + desayuno)<\/li>\n<li data-section-id=\"1vuo7la\" data-start=\"3082\" data-end=\"3102\">Paseo en camello<\/li>\n<li data-section-id=\"kwtxci\" data-start=\"3103\" data-end=\"3129\">Sandboard en las dunas<\/li>\n<\/ul>\n<hr data-start=\"3131\" data-end=\"3134\">\n<h2 data-section-id=\"ak0hx3\" data-start=\"3136\" data-end=\"3152\">\u274c<span style=\"color: #ff6600;\"> No incluido<\/span><\/h2>\n<ul data-start=\"3154\" data-end=\"3237\">\n<li data-section-id=\"cra5n3\" data-start=\"3154\" data-end=\"3177\">Bebidas y almuerzos<\/li>\n<li data-section-id=\"1u6l1ge\" data-start=\"3178\" data-end=\"3188\">Vuelos<\/li>\n<li data-section-id=\"k8ve4k\" data-start=\"3189\" data-end=\"3214\">Entradas a monumentos<\/li>\n<li data-section-id=\"1wayf5d\" data-start=\"3215\" data-end=\"3237\">Hotel en Marrakech<\/li>\n<\/ul>\n<hr data-start=\"3239\" data-end=\"3242\">\n<p data-start=\"3244\" data-end=\"3398\">\u2728 <strong data-start=\"3246\" data-end=\"3255\">Nota:<\/strong> Este tour es totalmente personalizable. Si deseas modificar el itinerario, duraci\u00f3n o servicios, cont\u00e1ctanos y lo adaptamos a tus necesidades.<\/p>\n","protected":false},"excerpt":{"rendered":"<p>\ud83c\udf0d Tour desde Casablanca al Desierto del Sahara (4 D\u00edas) Comenzaremos este fascinante recorrido desde Casablanca, atravesando ciudades imperiales, monta\u00f1as del Atlas y el majestuoso desierto del Sahara hasta llegar a Marrakech. Durante el viaje visitaremos lugares emblem\u00e1ticos como Torre Hassan, Kasbah de los Udayas, Meknes, Fez, Ifrane, Bosque de cedros de Azrou y el&#8230;<\/p>\n","protected":false},"author":1,"featured_media":0,"parent":0,"menu_order":0,"comment_status":"closed","ping_status":"closed","template":"","meta":{"ngg_post_thumbnail":0,"_kad_post_transparent":"default","_kad_post_title":"default","_kad_post_layout":"default","_kad_post_sidebar_id":"","_kad_post_content_style":"default","_kad_post_vertical_padding":"default","_kad_post_feature":"","_kad_post_feature_position":"","_kad_post_header":false,"_kad_post_footer":false,"footnotes":""},"class_list":["post-10830","page","type-page","status-publish","hentry"],"yoast_head":"<!-- This site is optimized with the Yoast SEO plugin v21.5 - https:\/\/yoast.com\/wordpress\/plugins\/seo\/ -->\n<title>4-dias-desde-casablanca-a-marrakech-a-traves-del<\/title>\n<meta name=\"description\" content=\"&quot;visite Marruecos, vacaciones en Marruecos, viajes a Marruecos, viajes a Marruecos, viajes a Marruecos, viajes a Marruecos, viajes a Marruecos desde, gu\u00eda tur\u00edstico de Marruecos, viajes a Marruecos de lujo, compa\u00f1\u00edas de viajes a Marruecos, viajes de aventura a Marruecos&quot;\" \/>\n<meta name=\"robots\" content=\"index, follow, max-snippet:-1, max-image-preview:large, max-video-preview:-1\" \/>\n<link rel=\"canonical\" href=\"https:\/\/discoverysaharatours.com\/es\/4-dias-desde-casablanca-a-marrakech-a-traves-del-desierto-del-sahara\/\" \/>\n<meta property=\"og:locale\" content=\"en_US\" \/>\n<meta property=\"og:type\" content=\"article\" \/>\n<meta property=\"og:title\" content=\"https:\/\/web.facebook.com\/Discovery.sahara\/\" \/>\n<meta property=\"og:description\" content=\"Discovery Sahara Tours es una agencia local en Marruecos muy especializada en organizar rutas por el desierto, con veh\u00edculos 4\u00d74 que facilitan el acceso a las pistas, a los lugares menos tur\u00edsticos y m\u00e1s aut\u00e9nticos, para disfrutar de la comodidad y el confort de sus ventajas. Con excursiones en dromedarios hasta llegar a los campamentos situados en medio de las dunas y poder disfrutar de una noche bajo las estrellas. Visitar familias bereberes, compartir su estilo de vida y costumbres. Con excursiones a pie hasta llegar al oasis frecuentado por n\u00f3madas.\" \/>\n<meta property=\"og:url\" content=\"https:\/\/discoverysaharatours.com\/es\/4-dias-desde-casablanca-a-marrakech-a-traves-del-desierto-del-sahara\/\" \/>\n<meta property=\"og:site_name\" content=\"Discovery Sahara Tours\" \/>\n<meta property=\"article:modified_time\" content=\"2026-04-07T22:20:08+00:00\" \/>\n<meta property=\"og:image\" content=\"https:\/\/discoverysaharatours.com\/es\/wp-content\/uploads\/2022\/10\/cropped-logo-Discovery-Sahara-Tours.png\" \/>\n\t<meta property=\"og:image:width\" content=\"512\" \/>\n\t<meta property=\"og:image:height\" content=\"512\" \/>\n\t<meta property=\"og:image:type\" content=\"image\/png\" \/>\n<meta name=\"twitter:card\" content=\"summary_large_image\" \/>\n<meta name=\"twitter:label1\" content=\"Est. reading time\" \/>\n\t<meta name=\"twitter:data1\" content=\"2 minutes\" \/>\n<script type=\"application\/ld+json\" class=\"yoast-schema-graph\">{\"@context\":\"https:\/\/schema.org\",\"@graph\":[{\"@type\":\"WebPage\",\"@id\":\"https:\/\/discoverysaharatours.com\/es\/4-dias-desde-casablanca-a-marrakech-a-traves-del-desierto-del-sahara\/\",\"url\":\"https:\/\/discoverysaharatours.com\/es\/4-dias-desde-casablanca-a-marrakech-a-traves-del-desierto-del-sahara\/\",\"name\":\"4-dias-desde-casablanca-a-marrakech-a-traves-del\",\"isPartOf\":{\"@id\":\"https:\/\/discoverysaharatours.com\/es\/#website\"},\"datePublished\":\"2018-11-02T16:39:00+00:00\",\"dateModified\":\"2026-04-07T22:20:08+00:00\",\"description\":\"\\\"visite Marruecos, vacaciones en Marruecos, viajes a Marruecos, viajes a Marruecos, viajes a Marruecos, viajes a Marruecos, viajes a Marruecos desde, gu\u00eda tur\u00edstico de Marruecos, viajes a Marruecos de lujo, compa\u00f1\u00edas de viajes a Marruecos, viajes de aventura a Marruecos\\\"\",\"breadcrumb\":{\"@id\":\"https:\/\/discoverysaharatours.com\/es\/4-dias-desde-casablanca-a-marrakech-a-traves-del-desierto-del-sahara\/#breadcrumb\"},\"inLanguage\":\"en-US\",\"potentialAction\":[{\"@type\":\"ReadAction\",\"target\":[\"https:\/\/discoverysaharatours.com\/es\/4-dias-desde-casablanca-a-marrakech-a-traves-del-desierto-del-sahara\/\"]}]},{\"@type\":\"BreadcrumbList\",\"@id\":\"https:\/\/discoverysaharatours.com\/es\/4-dias-desde-casablanca-a-marrakech-a-traves-del-desierto-del-sahara\/#breadcrumb\",\"itemListElement\":[{\"@type\":\"ListItem\",\"position\":1,\"name\":\"Home\",\"item\":\"https:\/\/discoverysaharatours.com\/es\/\"},{\"@type\":\"ListItem\",\"position\":2,\"name\":\"4 d\u00edas desde Casablanca a Marrakech a trav\u00e9s del desierto del Sahara\"}]},{\"@type\":\"WebSite\",\"@id\":\"https:\/\/discoverysaharatours.com\/es\/#website\",\"url\":\"https:\/\/discoverysaharatours.com\/es\/\",\"name\":\"Discovery Sahara Tours\",\"description\":\"Morocco Desert Tours \/ Tours &amp; Excursions in Morocco\",\"publisher\":{\"@id\":\"https:\/\/discoverysaharatours.com\/es\/#organization\"},\"potentialAction\":[{\"@type\":\"SearchAction\",\"target\":{\"@type\":\"EntryPoint\",\"urlTemplate\":\"https:\/\/discoverysaharatours.com\/es\/?s={search_term_string}\"},\"query-input\":\"required name=search_term_string\"}],\"inLanguage\":\"en-US\"},{\"@type\":\"Organization\",\"@id\":\"https:\/\/discoverysaharatours.com\/es\/#organization\",\"name\":\"Discovery Sahara Tours\",\"url\":\"https:\/\/discoverysaharatours.com\/es\/\",\"logo\":{\"@type\":\"ImageObject\",\"inLanguage\":\"en-US\",\"@id\":\"https:\/\/discoverysaharatours.com\/es\/#\/schema\/logo\/image\/\",\"url\":\"https:\/\/discoverysaharatours.com\/es\/wp-content\/uploads\/2022\/10\/logo-Discovery-Sahara-Tours.png\",\"contentUrl\":\"https:\/\/discoverysaharatours.com\/es\/wp-content\/uploads\/2022\/10\/logo-Discovery-Sahara-Tours.png\",\"width\":557,\"height\":486,\"caption\":\"Discovery Sahara Tours\"},\"image\":{\"@id\":\"https:\/\/discoverysaharatours.com\/es\/#\/schema\/logo\/image\/\"}}]}<\/script>\n<!-- \/ Yoast SEO plugin. -->","yoast_head_json":{"title":"4-dias-desde-casablanca-a-marrakech-a-traves-del","description":"\"visite Marruecos, vacaciones en Marruecos, viajes a Marruecos, viajes a Marruecos, viajes a Marruecos, viajes a Marruecos, viajes a Marruecos desde, gu\u00eda tur\u00edstico de Marruecos, viajes a Marruecos de lujo, compa\u00f1\u00edas de viajes a Marruecos, viajes de aventura a Marruecos\"","robots":{"index":"index","follow":"follow","max-snippet":"max-snippet:-1","max-image-preview":"max-image-preview:large","max-video-preview":"max-video-preview:-1"},"canonical":"https:\/\/discoverysaharatours.com\/es\/4-dias-desde-casablanca-a-marrakech-a-traves-del-desierto-del-sahara\/","og_locale":"en_US","og_type":"article","og_title":"https:\/\/web.facebook.com\/Discovery.sahara\/","og_description":"Discovery Sahara Tours es una agencia local en Marruecos muy especializada en organizar rutas por el desierto, con veh\u00edculos 4\u00d74 que facilitan el acceso a las pistas, a los lugares menos tur\u00edsticos y m\u00e1s aut\u00e9nticos, para disfrutar de la comodidad y el confort de sus ventajas. Con excursiones en dromedarios hasta llegar a los campamentos situados en medio de las dunas y poder disfrutar de una noche bajo las estrellas. Visitar familias bereberes, compartir su estilo de vida y costumbres. Con excursiones a pie hasta llegar al oasis frecuentado por n\u00f3madas.","og_url":"https:\/\/discoverysaharatours.com\/es\/4-dias-desde-casablanca-a-marrakech-a-traves-del-desierto-del-sahara\/","og_site_name":"Discovery Sahara Tours","article_modified_time":"2026-04-07T22:20:08+00:00","og_image":[{"width":512,"height":512,"url":"https:\/\/discoverysaharatours.com\/es\/wp-content\/uploads\/2022\/10\/cropped-logo-Discovery-Sahara-Tours.png","type":"image\/png"}],"twitter_card":"summary_large_image","twitter_misc":{"Est. reading time":"2 minutes"},"schema":{"@context":"https:\/\/schema.org","@graph":[{"@type":"WebPage","@id":"https:\/\/discoverysaharatours.com\/es\/4-dias-desde-casablanca-a-marrakech-a-traves-del-desierto-del-sahara\/","url":"https:\/\/discoverysaharatours.com\/es\/4-dias-desde-casablanca-a-marrakech-a-traves-del-desierto-del-sahara\/","name":"4-dias-desde-casablanca-a-marrakech-a-traves-del","isPartOf":{"@id":"https:\/\/discoverysaharatours.com\/es\/#website"},"datePublished":"2018-11-02T16:39:00+00:00","dateModified":"2026-04-07T22:20:08+00:00","description":"\"visite Marruecos, vacaciones en Marruecos, viajes a Marruecos, viajes a Marruecos, viajes a Marruecos, viajes a Marruecos, viajes a Marruecos desde, gu\u00eda tur\u00edstico de Marruecos, viajes a Marruecos de lujo, compa\u00f1\u00edas de viajes a Marruecos, viajes de aventura a Marruecos\"","breadcrumb":{"@id":"https:\/\/discoverysaharatours.com\/es\/4-dias-desde-casablanca-a-marrakech-a-traves-del-desierto-del-sahara\/#breadcrumb"},"inLanguage":"en-US","potentialAction":[{"@type":"ReadAction","target":["https:\/\/discoverysaharatours.com\/es\/4-dias-desde-casablanca-a-marrakech-a-traves-del-desierto-del-sahara\/"]}]},{"@type":"BreadcrumbList","@id":"https:\/\/discoverysaharatours.com\/es\/4-dias-desde-casablanca-a-marrakech-a-traves-del-desierto-del-sahara\/#breadcrumb","itemListElement":[{"@type":"ListItem","position":1,"name":"Home","item":"https:\/\/discoverysaharatours.com\/es\/"},{"@type":"ListItem","position":2,"name":"4 d\u00edas desde Casablanca a Marrakech a trav\u00e9s del desierto del Sahara"}]},{"@type":"WebSite","@id":"https:\/\/discoverysaharatours.com\/es\/#website","url":"https:\/\/discoverysaharatours.com\/es\/","name":"Discovery Sahara Tours","description":"Morocco Desert Tours \/ Tours &amp; Excursions in Morocco","publisher":{"@id":"https:\/\/discoverysaharatours.com\/es\/#organization"},"potentialAction":[{"@type":"SearchAction","target":{"@type":"EntryPoint","urlTemplate":"https:\/\/discoverysaharatours.com\/es\/?s={search_term_string}"},"query-input":"required name=search_term_string"}],"inLanguage":"en-US"},{"@type":"Organization","@id":"https:\/\/discoverysaharatours.com\/es\/#organization","name":"Discovery Sahara Tours","url":"https:\/\/discoverysaharatours.com\/es\/","logo":{"@type":"ImageObject","inLanguage":"en-US","@id":"https:\/\/discoverysaharatours.com\/es\/#\/schema\/logo\/image\/","url":"https:\/\/discoverysaharatours.com\/es\/wp-content\/uploads\/2022\/10\/logo-Discovery-Sahara-Tours.png","contentUrl":"https:\/\/discoverysaharatours.com\/es\/wp-content\/uploads\/2022\/10\/logo-Discovery-Sahara-Tours.png","width":557,"height":486,"caption":"Discovery Sahara Tours"},"image":{"@id":"https:\/\/discoverysaharatours.com\/es\/#\/schema\/logo\/image\/"}}]}},"_links":{"self":[{"href":"https:\/\/discoverysaharatours.com\/es\/wp-json\/wp\/v2\/pages\/10830","targetHints":{"allow":["GET"]}}],"collection":[{"href":"https:\/\/discoverysaharatours.com\/es\/wp-json\/wp\/v2\/pages"}],"about":[{"href":"https:\/\/discoverysaharatours.com\/es\/wp-json\/wp\/v2\/types\/page"}],"author":[{"embeddable":true,"href":"https:\/\/discoverysaharatours.com\/es\/wp-json\/wp\/v2\/users\/1"}],"replies":[{"embeddable":true,"href":"https:\/\/discoverysaharatours.com\/es\/wp-json\/wp\/v2\/comments?post=10830"}],"version-history":[{"count":5,"href":"https:\/\/discoverysaharatours.com\/es\/wp-json\/wp\/v2\/pages\/10830\/revisions"}],"predecessor-version":[{"id":19721,"href":"https:\/\/discoverysaharatours.com\/es\/wp-json\/wp\/v2\/pages\/10830\/revisions\/19721"}],"wp:attachment":[{"href":"https:\/\/discoverysaharatours.com\/es\/wp-json\/wp\/v2\/media?parent=10830"}],"curies":[{"name":"wp","href":"https:\/\/api.w.org\/{rel}","templated":true}]}}