{"id":10832,"date":"2018-11-02T16:40:26","date_gmt":"2018-11-02T16:40:26","guid":{"rendered":"https:\/\/www.discoverysaharatours.com\/?page_id=10832"},"modified":"2026-04-08T19:26:14","modified_gmt":"2026-04-08T19:26:14","slug":"5-dias-desde-casablanca-a-chefchaouen","status":"publish","type":"page","link":"https:\/\/discoverysaharatours.com\/es\/5-dias-desde-casablanca-a-chefchaouen\/","title":{"rendered":"5 d\u00edas desde Casablanca a Chefchaouen"},"content":{"rendered":"<h2 data-section-id=\"1fdivic\" data-start=\"120\" data-end=\"185\">\ud83c\udf0d Tour de 5 d\u00edas: Casablanca \u2013 Chefchaouen \u2013 Fez \u2013 Casablanca<\/h2>\n<p data-start=\"187\" data-end=\"441\">Descubre lo mejor del norte de Marruecos en este fascinante recorrido que combina ciudades imperiales, cultura, historia y paisajes \u00fanicos. Desde la vibrante Casablanca hasta la encantadora ciudad azul de Chefchaouen, vivir\u00e1s una experiencia inolvidable.<\/p>\n<hr data-start=\"443\" data-end=\"446\">\n<h3 data-section-id=\"kb0cqu\" data-start=\"448\" data-end=\"497\"><span style=\"color: #ff6600;\">\ud83d\uddd3\ufe0f D\u00eda 1: Casablanca \u2013 Visita de la ciudad<\/span><\/h3>\n<p data-start=\"498\" data-end=\"778\">Comenzaremos el recorrido en <span class=\"hover:entity-accent entity-underline inline cursor-pointer align-baseline\"><span class=\"whitespace-normal\">Casablanca<\/span><\/span>, la ciudad m\u00e1s grande del pa\u00eds. Tras encontrarnos en el punto acordado, exploraremos sus principales atractivos, incluyendo la impresionante <span class=\"hover:entity-accent entity-underline inline cursor-pointer align-baseline\"><span class=\"whitespace-normal\">Mezquita Hassan II<\/span><\/span>, una de las m\u00e1s grandes del mundo.<\/p>\n<p data-start=\"780\" data-end=\"933\">Tambi\u00e9n visitaremos el Palacio de las Naciones Unidas y la famosa Corniche, donde podr\u00e1s disfrutar de vistas al oc\u00e9ano Atl\u00e1ntico.<br data-start=\"909\" data-end=\"912\">Alojamiento en hotel.<\/p>\n<hr data-start=\"935\" data-end=\"938\">\n<h3 data-section-id=\"1ig7669\" data-start=\"940\" data-end=\"990\"><span style=\"color: #ff6600;\">\ud83d\uddd3\ufe0f D\u00eda 2: Casablanca \u2013 Rabat \u2013 Meknes \u2013 Fez<\/span><\/h3>\n<p data-start=\"991\" data-end=\"1262\">Despu\u00e9s del desayuno, saldremos hacia <span class=\"hover:entity-accent entity-underline inline cursor-pointer align-baseline\"><span class=\"whitespace-normal\">Fez<\/span><\/span> pasando por <span class=\"hover:entity-accent entity-underline inline cursor-pointer align-baseline\"><span class=\"whitespace-normal\">Rabat<\/span><\/span>, la capital del pa\u00eds. All\u00ed visitaremos la hist\u00f3rica <span class=\"hover:entity-accent entity-underline inline cursor-pointer align-baseline\"><span class=\"whitespace-normal\">Kasbah de los Udayas<\/span><\/span> y la emblem\u00e1tica <span class=\"hover:entity-accent entity-underline inline cursor-pointer align-baseline\"><span class=\"whitespace-normal\">Torre Hassan<\/span><\/span>.<\/p>\n<p data-start=\"1264\" data-end=\"1478\">Continuaremos hacia <span class=\"hover:entity-accent entity-underline inline cursor-pointer align-baseline\"><span class=\"whitespace-normal\">Meknes<\/span><\/span>, donde descubriremos la majestuosa <span class=\"hover:entity-accent entity-underline inline cursor-pointer align-baseline\"><span class=\"whitespace-normal\">Bab El Mansour<\/span><\/span>, el Mausoleo de Moulay Ismail y el hist\u00f3rico <span class=\"hover:entity-accent entity-underline inline cursor-pointer align-baseline\"><span class=\"whitespace-normal\">Sahrij Souani<\/span><\/span>.<\/p>\n<p data-start=\"1480\" data-end=\"1537\">Llegada a Fez por la tarde y alojamiento en riad u hotel.<\/p>\n<hr data-start=\"1539\" data-end=\"1542\">\n<h3 data-section-id=\"gwf33l\" data-start=\"1544\" data-end=\"1581\"><span style=\"color: #ff6600;\">\ud83d\uddd3\ufe0f D\u00eda 3: Visita guiada de Fez<\/span><\/h3>\n<p data-start=\"1582\" data-end=\"1717\">Dedicaremos el d\u00eda completo a explorar <span class=\"hover:entity-accent entity-underline inline cursor-pointer align-baseline\"><span class=\"whitespace-normal\">Fez<\/span><\/span>, una de las ciudades imperiales m\u00e1s antiguas de Marruecos.<\/p>\n<p data-start=\"1719\" data-end=\"1921\">Con un gu\u00eda local, visitaremos la <span class=\"hover:entity-accent entity-underline inline cursor-pointer align-baseline\"><span class=\"whitespace-normal\">Medina de Fez el-Bali<\/span><\/span>, declarada Patrimonio de la Humanidad por la UNESCO, as\u00ed como las madrasas, las famosas curtidur\u00edas y otros rincones hist\u00f3ricos.<\/p>\n<p data-start=\"1923\" data-end=\"1951\">Alojamiento en riad u hotel.<\/p>\n<hr data-start=\"1953\" data-end=\"1956\">\n<h3 data-section-id=\"2qltw8\" data-start=\"1958\" data-end=\"1992\"><span style=\"color: #ff6600;\">\ud83d\uddd3\ufe0f D\u00eda 4: Fez \u2013 Chefchaouen<\/span><\/h3>\n<p data-start=\"1993\" data-end=\"2142\">Despu\u00e9s del desayuno, nos dirigiremos hacia <span class=\"hover:entity-accent entity-underline inline cursor-pointer align-baseline\"><span class=\"whitespace-normal\">Chefchaouen<\/span><\/span>, conocida como la \u201cciudad azul\u201d, ubicada en las monta\u00f1as del Rif.<\/p>\n<p data-start=\"2144\" data-end=\"2349\">Pasearemos por su encantadora medina, famosa por sus calles pintadas de azul, y disfrutaremos de su ambiente tranquilo y sus mercados artesanales. Es un destino perfecto para la fotograf\u00eda y la relajaci\u00f3n.<\/p>\n<p data-start=\"2351\" data-end=\"2378\">Alojamiento en Chefchaouen.<\/p>\n<hr data-start=\"2380\" data-end=\"2383\">\n<h3 data-section-id=\"dta19v\" data-start=\"2385\" data-end=\"2426\"><span style=\"color: #ff6600;\">\ud83d\uddd3\ufe0f D\u00eda 5: Chefchaouen \u2013 Casablanca<\/span><\/h3>\n<p data-start=\"2427\" data-end=\"2593\">Tras el desayuno, regresaremos a <span class=\"hover:entity-accent entity-underline inline cursor-pointer align-baseline\"><span class=\"whitespace-normal\">Casablanca<\/span><\/span> atravesando las monta\u00f1as del Rif, con paradas para disfrutar del paisaje y tomar fotograf\u00edas.<\/p>\n<p data-start=\"2595\" data-end=\"2643\">Fin del tour con traslado al hotel o aeropuerto.<\/p>\n<hr data-start=\"2645\" data-end=\"2648\">\n<h2 data-section-id=\"1h75j5d\" data-start=\"2650\" data-end=\"2672\">\u2705 <span style=\"color: #ff6600;\">Qu\u00e9 est\u00e1 incluido<\/span><\/h2>\n<ul data-start=\"2673\" data-end=\"2837\">\n<li data-section-id=\"18ed1iq\" data-start=\"2673\" data-end=\"2743\">Transporte privado (4\u00d74, minib\u00fas o autob\u00fas con aire acondicionado)<\/li>\n<li data-section-id=\"khxukc\" data-start=\"2744\" data-end=\"2774\">Conductor\/gu\u00eda multiling\u00fce<\/li>\n<li data-section-id=\"1xlc6vv\" data-start=\"2775\" data-end=\"2790\">Combustible<\/li>\n<li data-section-id=\"i9ilrc\" data-start=\"2791\" data-end=\"2837\">3 noches en hotel o riad (cena y desayuno)<\/li>\n<\/ul>\n<hr data-start=\"2839\" data-end=\"2842\">\n<h2 data-section-id=\"ak0hx3\" data-start=\"2844\" data-end=\"2860\">\u274c <span style=\"color: #ff6600;\">No incluido<\/span><\/h2>\n<ul data-start=\"2861\" data-end=\"2951\">\n<li data-section-id=\"cra5n3\" data-start=\"2861\" data-end=\"2884\">Bebidas y almuerzos<\/li>\n<li data-section-id=\"1u6l1ge\" data-start=\"2885\" data-end=\"2895\">Vuelos<\/li>\n<li data-section-id=\"k8ve4k\" data-start=\"2896\" data-end=\"2921\">Entradas a monumentos<\/li>\n<li data-section-id=\"10qsyx9\" data-start=\"2922\" data-end=\"2951\">Alojamiento en Casablanca<\/li>\n<\/ul>\n<hr data-start=\"2953\" data-end=\"2956\">\n<p data-start=\"2958\" data-end=\"3082\">\u2728 <strong data-start=\"2960\" data-end=\"2969\">Nota:<\/strong> Si deseas personalizar este tour, no dudes en contactarnos. Estaremos encantados de adaptarlo a tus necesidades.<\/p>\n","protected":false},"excerpt":{"rendered":"<p>\ud83c\udf0d Tour de 5 d\u00edas: Casablanca \u2013 Chefchaouen \u2013 Fez \u2013 Casablanca Descubre lo mejor del norte de Marruecos en este fascinante recorrido que combina ciudades imperiales, cultura, historia y paisajes \u00fanicos. Desde la vibrante Casablanca hasta la encantadora ciudad azul de Chefchaouen, vivir\u00e1s una experiencia inolvidable. \ud83d\uddd3\ufe0f D\u00eda 1: Casablanca \u2013 Visita de la&#8230;<\/p>\n","protected":false},"author":1,"featured_media":0,"parent":0,"menu_order":0,"comment_status":"closed","ping_status":"closed","template":"","meta":{"ngg_post_thumbnail":0,"_kad_post_transparent":"default","_kad_post_title":"default","_kad_post_layout":"default","_kad_post_sidebar_id":"","_kad_post_content_style":"default","_kad_post_vertical_padding":"default","_kad_post_feature":"","_kad_post_feature_position":"","_kad_post_header":false,"_kad_post_footer":false,"footnotes":""},"class_list":["post-10832","page","type-page","status-publish","hentry"],"yoast_head":"<!-- This site is optimized with the Yoast SEO plugin v21.5 - https:\/\/yoast.com\/wordpress\/plugins\/seo\/ -->\n<title>5-dias-desde-casablanca-a-chefchaouen<\/title>\n<meta name=\"description\" content=\"&quot;visite Marruecos, vacaciones en Marruecos, viajes a Marruecos, viajes a Marruecos, viajes a Marruecos, viajes a Marruecos, viajes a Marruecos desde, gu\u00eda tur\u00edstico de Marruecos, viajes a Marruecos de lujo, compa\u00f1\u00edas de viajes a Marruecos, viajes de aventura a Marruecos&quot;\" \/>\n<meta name=\"robots\" content=\"index, follow, max-snippet:-1, max-image-preview:large, max-video-preview:-1\" \/>\n<link rel=\"canonical\" href=\"https:\/\/discoverysaharatours.com\/es\/5-dias-desde-casablanca-a-chefchaouen\/\" \/>\n<meta property=\"og:locale\" content=\"en_US\" \/>\n<meta property=\"og:type\" content=\"article\" \/>\n<meta property=\"og:title\" content=\"https:\/\/web.facebook.com\/Discovery.sahara\/\" \/>\n<meta property=\"og:description\" content=\"Discovery Sahara Tours es una agencia local en Marruecos muy especializada en organizar rutas por el desierto, con veh\u00edculos 4\u00d74 que facilitan el acceso a las pistas, a los lugares menos tur\u00edsticos y m\u00e1s aut\u00e9nticos, para disfrutar de la comodidad y el confort de sus ventajas. Con excursiones en dromedarios hasta llegar a los campamentos situados en medio de las dunas y poder disfrutar de una noche bajo las estrellas. Visitar familias bereberes, compartir su estilo de vida y costumbres. Con excursiones a pie hasta llegar al oasis frecuentado por n\u00f3madas.\" \/>\n<meta property=\"og:url\" content=\"https:\/\/discoverysaharatours.com\/es\/5-dias-desde-casablanca-a-chefchaouen\/\" \/>\n<meta property=\"og:site_name\" content=\"Discovery Sahara Tours\" \/>\n<meta property=\"article:modified_time\" content=\"2026-04-08T19:26:14+00:00\" \/>\n<meta property=\"og:image\" content=\"https:\/\/discoverysaharatours.com\/es\/wp-content\/uploads\/2022\/10\/cropped-logo-Discovery-Sahara-Tours.png\" \/>\n\t<meta property=\"og:image:width\" content=\"512\" \/>\n\t<meta property=\"og:image:height\" content=\"512\" \/>\n\t<meta property=\"og:image:type\" content=\"image\/png\" \/>\n<meta name=\"twitter:card\" content=\"summary_large_image\" \/>\n<meta name=\"twitter:label1\" content=\"Est. reading time\" \/>\n\t<meta name=\"twitter:data1\" content=\"2 minutes\" \/>\n<script type=\"application\/ld+json\" class=\"yoast-schema-graph\">{\"@context\":\"https:\/\/schema.org\",\"@graph\":[{\"@type\":\"WebPage\",\"@id\":\"https:\/\/discoverysaharatours.com\/es\/5-dias-desde-casablanca-a-chefchaouen\/\",\"url\":\"https:\/\/discoverysaharatours.com\/es\/5-dias-desde-casablanca-a-chefchaouen\/\",\"name\":\"5-dias-desde-casablanca-a-chefchaouen\",\"isPartOf\":{\"@id\":\"https:\/\/discoverysaharatours.com\/es\/#website\"},\"datePublished\":\"2018-11-02T16:40:26+00:00\",\"dateModified\":\"2026-04-08T19:26:14+00:00\",\"description\":\"\\\"visite Marruecos, vacaciones en Marruecos, viajes a Marruecos, viajes a Marruecos, viajes a Marruecos, viajes a Marruecos, viajes a Marruecos desde, gu\u00eda tur\u00edstico de Marruecos, viajes a Marruecos de lujo, compa\u00f1\u00edas de viajes a Marruecos, viajes de aventura a Marruecos\\\"\",\"breadcrumb\":{\"@id\":\"https:\/\/discoverysaharatours.com\/es\/5-dias-desde-casablanca-a-chefchaouen\/#breadcrumb\"},\"inLanguage\":\"en-US\",\"potentialAction\":[{\"@type\":\"ReadAction\",\"target\":[\"https:\/\/discoverysaharatours.com\/es\/5-dias-desde-casablanca-a-chefchaouen\/\"]}]},{\"@type\":\"BreadcrumbList\",\"@id\":\"https:\/\/discoverysaharatours.com\/es\/5-dias-desde-casablanca-a-chefchaouen\/#breadcrumb\",\"itemListElement\":[{\"@type\":\"ListItem\",\"position\":1,\"name\":\"Home\",\"item\":\"https:\/\/discoverysaharatours.com\/es\/\"},{\"@type\":\"ListItem\",\"position\":2,\"name\":\"5 d\u00edas desde Casablanca a Chefchaouen\"}]},{\"@type\":\"WebSite\",\"@id\":\"https:\/\/discoverysaharatours.com\/es\/#website\",\"url\":\"https:\/\/discoverysaharatours.com\/es\/\",\"name\":\"Discovery Sahara Tours\",\"description\":\"Morocco Desert Tours \/ Tours &amp; Excursions in Morocco\",\"publisher\":{\"@id\":\"https:\/\/discoverysaharatours.com\/es\/#organization\"},\"potentialAction\":[{\"@type\":\"SearchAction\",\"target\":{\"@type\":\"EntryPoint\",\"urlTemplate\":\"https:\/\/discoverysaharatours.com\/es\/?s={search_term_string}\"},\"query-input\":\"required name=search_term_string\"}],\"inLanguage\":\"en-US\"},{\"@type\":\"Organization\",\"@id\":\"https:\/\/discoverysaharatours.com\/es\/#organization\",\"name\":\"Discovery Sahara Tours\",\"url\":\"https:\/\/discoverysaharatours.com\/es\/\",\"logo\":{\"@type\":\"ImageObject\",\"inLanguage\":\"en-US\",\"@id\":\"https:\/\/discoverysaharatours.com\/es\/#\/schema\/logo\/image\/\",\"url\":\"https:\/\/discoverysaharatours.com\/es\/wp-content\/uploads\/2022\/10\/logo-Discovery-Sahara-Tours.png\",\"contentUrl\":\"https:\/\/discoverysaharatours.com\/es\/wp-content\/uploads\/2022\/10\/logo-Discovery-Sahara-Tours.png\",\"width\":557,\"height\":486,\"caption\":\"Discovery Sahara Tours\"},\"image\":{\"@id\":\"https:\/\/discoverysaharatours.com\/es\/#\/schema\/logo\/image\/\"}}]}<\/script>\n<!-- \/ Yoast SEO plugin. -->","yoast_head_json":{"title":"5-dias-desde-casablanca-a-chefchaouen","description":"\"visite Marruecos, vacaciones en Marruecos, viajes a Marruecos, viajes a Marruecos, viajes a Marruecos, viajes a Marruecos, viajes a Marruecos desde, gu\u00eda tur\u00edstico de Marruecos, viajes a Marruecos de lujo, compa\u00f1\u00edas de viajes a Marruecos, viajes de aventura a Marruecos\"","robots":{"index":"index","follow":"follow","max-snippet":"max-snippet:-1","max-image-preview":"max-image-preview:large","max-video-preview":"max-video-preview:-1"},"canonical":"https:\/\/discoverysaharatours.com\/es\/5-dias-desde-casablanca-a-chefchaouen\/","og_locale":"en_US","og_type":"article","og_title":"https:\/\/web.facebook.com\/Discovery.sahara\/","og_description":"Discovery Sahara Tours es una agencia local en Marruecos muy especializada en organizar rutas por el desierto, con veh\u00edculos 4\u00d74 que facilitan el acceso a las pistas, a los lugares menos tur\u00edsticos y m\u00e1s aut\u00e9nticos, para disfrutar de la comodidad y el confort de sus ventajas. Con excursiones en dromedarios hasta llegar a los campamentos situados en medio de las dunas y poder disfrutar de una noche bajo las estrellas. Visitar familias bereberes, compartir su estilo de vida y costumbres. Con excursiones a pie hasta llegar al oasis frecuentado por n\u00f3madas.","og_url":"https:\/\/discoverysaharatours.com\/es\/5-dias-desde-casablanca-a-chefchaouen\/","og_site_name":"Discovery Sahara Tours","article_modified_time":"2026-04-08T19:26:14+00:00","og_image":[{"width":512,"height":512,"url":"https:\/\/discoverysaharatours.com\/es\/wp-content\/uploads\/2022\/10\/cropped-logo-Discovery-Sahara-Tours.png","type":"image\/png"}],"twitter_card":"summary_large_image","twitter_misc":{"Est. reading time":"2 minutes"},"schema":{"@context":"https:\/\/schema.org","@graph":[{"@type":"WebPage","@id":"https:\/\/discoverysaharatours.com\/es\/5-dias-desde-casablanca-a-chefchaouen\/","url":"https:\/\/discoverysaharatours.com\/es\/5-dias-desde-casablanca-a-chefchaouen\/","name":"5-dias-desde-casablanca-a-chefchaouen","isPartOf":{"@id":"https:\/\/discoverysaharatours.com\/es\/#website"},"datePublished":"2018-11-02T16:40:26+00:00","dateModified":"2026-04-08T19:26:14+00:00","description":"\"visite Marruecos, vacaciones en Marruecos, viajes a Marruecos, viajes a Marruecos, viajes a Marruecos, viajes a Marruecos, viajes a Marruecos desde, gu\u00eda tur\u00edstico de Marruecos, viajes a Marruecos de lujo, compa\u00f1\u00edas de viajes a Marruecos, viajes de aventura a Marruecos\"","breadcrumb":{"@id":"https:\/\/discoverysaharatours.com\/es\/5-dias-desde-casablanca-a-chefchaouen\/#breadcrumb"},"inLanguage":"en-US","potentialAction":[{"@type":"ReadAction","target":["https:\/\/discoverysaharatours.com\/es\/5-dias-desde-casablanca-a-chefchaouen\/"]}]},{"@type":"BreadcrumbList","@id":"https:\/\/discoverysaharatours.com\/es\/5-dias-desde-casablanca-a-chefchaouen\/#breadcrumb","itemListElement":[{"@type":"ListItem","position":1,"name":"Home","item":"https:\/\/discoverysaharatours.com\/es\/"},{"@type":"ListItem","position":2,"name":"5 d\u00edas desde Casablanca a Chefchaouen"}]},{"@type":"WebSite","@id":"https:\/\/discoverysaharatours.com\/es\/#website","url":"https:\/\/discoverysaharatours.com\/es\/","name":"Discovery Sahara Tours","description":"Morocco Desert Tours \/ Tours &amp; Excursions in Morocco","publisher":{"@id":"https:\/\/discoverysaharatours.com\/es\/#organization"},"potentialAction":[{"@type":"SearchAction","target":{"@type":"EntryPoint","urlTemplate":"https:\/\/discoverysaharatours.com\/es\/?s={search_term_string}"},"query-input":"required name=search_term_string"}],"inLanguage":"en-US"},{"@type":"Organization","@id":"https:\/\/discoverysaharatours.com\/es\/#organization","name":"Discovery Sahara Tours","url":"https:\/\/discoverysaharatours.com\/es\/","logo":{"@type":"ImageObject","inLanguage":"en-US","@id":"https:\/\/discoverysaharatours.com\/es\/#\/schema\/logo\/image\/","url":"https:\/\/discoverysaharatours.com\/es\/wp-content\/uploads\/2022\/10\/logo-Discovery-Sahara-Tours.png","contentUrl":"https:\/\/discoverysaharatours.com\/es\/wp-content\/uploads\/2022\/10\/logo-Discovery-Sahara-Tours.png","width":557,"height":486,"caption":"Discovery Sahara Tours"},"image":{"@id":"https:\/\/discoverysaharatours.com\/es\/#\/schema\/logo\/image\/"}}]}},"_links":{"self":[{"href":"https:\/\/discoverysaharatours.com\/es\/wp-json\/wp\/v2\/pages\/10832","targetHints":{"allow":["GET"]}}],"collection":[{"href":"https:\/\/discoverysaharatours.com\/es\/wp-json\/wp\/v2\/pages"}],"about":[{"href":"https:\/\/discoverysaharatours.com\/es\/wp-json\/wp\/v2\/types\/page"}],"author":[{"embeddable":true,"href":"https:\/\/discoverysaharatours.com\/es\/wp-json\/wp\/v2\/users\/1"}],"replies":[{"embeddable":true,"href":"https:\/\/discoverysaharatours.com\/es\/wp-json\/wp\/v2\/comments?post=10832"}],"version-history":[{"count":5,"href":"https:\/\/discoverysaharatours.com\/es\/wp-json\/wp\/v2\/pages\/10832\/revisions"}],"predecessor-version":[{"id":19729,"href":"https:\/\/discoverysaharatours.com\/es\/wp-json\/wp\/v2\/pages\/10832\/revisions\/19729"}],"wp:attachment":[{"href":"https:\/\/discoverysaharatours.com\/es\/wp-json\/wp\/v2\/media?parent=10832"}],"curies":[{"name":"wp","href":"https:\/\/api.w.org\/{rel}","templated":true}]}}