{"id":10834,"date":"2018-11-02T16:42:01","date_gmt":"2018-11-02T16:42:01","guid":{"rendered":"https:\/\/www.discoverysaharatours.com\/?page_id=10834"},"modified":"2026-04-07T22:26:00","modified_gmt":"2026-04-07T22:26:00","slug":"5-dias-de-casablanca-a-fez-a-traves-de-chefchaouen","status":"publish","type":"page","link":"https:\/\/discoverysaharatours.com\/es\/5-dias-de-casablanca-a-fez-a-traves-de-chefchaouen\/","title":{"rendered":"5 d\u00edas de Casablanca a Fez a trav\u00e9s de Chefchaouen"},"content":{"rendered":"<h2 data-section-id=\"1wwb4t7\" data-start=\"104\" data-end=\"158\">Excursi\u00f3n de 5 d\u00edas: Casablanca, Rabat, Norte y Fez<\/h2>\n<p data-start=\"160\" data-end=\"388\">Esta excursi\u00f3n de 5 d\u00edas te llevar\u00e1 desde Casablanca a trav\u00e9s del norte de Marruecos, visitando Rabat, Asilah, T\u00e1nger y Chefchaouen. Continuar\u00e1s hacia Fez pasando por Volubilis y Meknes, antes de finalizar el tour en Casablanca.<\/p>\n<hr data-start=\"390\" data-end=\"393\">\n<h3 data-section-id=\"za9ih8\" data-start=\"395\" data-end=\"433\"><span style=\"color: #ff6600;\">D\u00eda 1: Casablanca \u2013 Rabat \u2013 Asilah<\/span><\/h3>\n<p data-start=\"435\" data-end=\"592\">Llegada al aeropuerto de Casablanca, donde nuestro equipo te recibir\u00e1. Comenzaremos visitando la famosa Mezquita Hassan II, una de las m\u00e1s grandes del mundo.<\/p>\n<p data-start=\"594\" data-end=\"711\">Luego nos dirigiremos a Rabat, la capital de Marruecos, donde visitaremos la Torre Hassan y la Kasbah de los Oudayas.<\/p>\n<p data-start=\"713\" data-end=\"951\">Continuaremos hacia Asilah, una encantadora ciudad costera conocida por su festival internacional de arte. Pasearemos por su medina decorada con murales art\u00edsticos y visitaremos la fortaleza de Skalla, con vistas espectaculares al oc\u00e9ano.<\/p>\n<p data-start=\"953\" data-end=\"981\">Alojamiento en hotel o riad.<\/p>\n<hr data-start=\"983\" data-end=\"986\">\n<h3 data-section-id=\"1w90d8g\" data-start=\"988\" data-end=\"1028\"><span style=\"color: #ff6600;\">D\u00eda 2: Asilah \u2013 T\u00e1nger \u2013 Chefchaouen<\/span><\/h3>\n<p data-start=\"1030\" data-end=\"1132\">Despu\u00e9s del desayuno, salida hacia Chefchaouen, la famosa ciudad azul situada en las monta\u00f1as del Rif.<\/p>\n<p data-start=\"1134\" data-end=\"1222\">En el camino, visitaremos T\u00e1nger, incluyendo la playa de Achakar y la Cueva de H\u00e9rcules.<\/p>\n<p data-start=\"1224\" data-end=\"1372\">Continuaremos hacia Chefchaouen, donde tendr\u00e1s tiempo libre para explorar su hermosa medina, la Plaza Uta el-Hammam y sus pintorescas calles azules.<\/p>\n<p data-start=\"1374\" data-end=\"1394\">Alojamiento en riad.<\/p>\n<hr data-start=\"1396\" data-end=\"1399\">\n<h3 data-section-id=\"lijvrs\" data-start=\"1401\" data-end=\"1450\"><span style=\"color: #ff6600;\">D\u00eda 3: Chefchaouen \u2013 Volubilis \u2013 Meknes \u2013 Fez<\/span><\/h3>\n<p data-start=\"1452\" data-end=\"1569\">Salida despu\u00e9s del desayuno hacia Volubilis, antiguo sitio romano declarado Patrimonio de la Humanidad por la UNESCO.<\/p>\n<p data-start=\"1571\" data-end=\"1665\">Continuaremos hacia Moulay Idriss, ciudad sagrada de gran importancia espiritual en Marruecos.<\/p>\n<p data-start=\"1667\" data-end=\"1745\">Luego visitaremos Meknes, una de las ciudades imperiales, donde descubriremos:<\/p>\n<ul data-start=\"1746\" data-end=\"1828\">\n<li data-section-id=\"1bkmh74\" data-start=\"1746\" data-end=\"1761\">Bab Mansour<\/li>\n<li data-section-id=\"nvfooa\" data-start=\"1762\" data-end=\"1780\">Plaza El Hedim<\/li>\n<li data-section-id=\"zyiloa\" data-start=\"1781\" data-end=\"1810\">Mausoleo de Moulay Ismail<\/li>\n<li data-section-id=\"1bnbs30\" data-start=\"1811\" data-end=\"1828\">Sahrij Souani<\/li>\n<\/ul>\n<p data-start=\"1830\" data-end=\"1859\">Por la tarde, traslado a Fez.<\/p>\n<p data-start=\"1861\" data-end=\"1903\">Alojamiento en riad con desayuno incluido.<\/p>\n<hr data-start=\"1905\" data-end=\"1908\">\n<h3 data-section-id=\"fwlsnr\" data-start=\"1910\" data-end=\"1941\"><span style=\"color: #ff6600;\">D\u00eda 4: Visita guiada de Fez<\/span><\/h3>\n<p data-start=\"1943\" data-end=\"2064\">Despu\u00e9s del desayuno, disfrutar\u00e1s de una visita guiada por Fez, una de las ciudades imperiales m\u00e1s antiguas de Marruecos.<\/p>\n<p data-start=\"2066\" data-end=\"2077\">Explorar\u00e1s:<\/p>\n<ul data-start=\"2078\" data-end=\"2256\">\n<li data-section-id=\"1dv9jh0\" data-start=\"2078\" data-end=\"2131\">La medina de Fez (una de las m\u00e1s grandes del mundo)<\/li>\n<li data-section-id=\"r7vg7c\" data-start=\"2132\" data-end=\"2159\">Los zocos tradicionales<\/li>\n<li data-section-id=\"ord8kt\" data-start=\"2160\" data-end=\"2196\">Madrasas y monumentos hist\u00f3ricos<\/li>\n<li data-section-id=\"1vhpa5z\" data-start=\"2197\" data-end=\"2226\">Curtidur\u00edas tradicionales<\/li>\n<li data-section-id=\"8tpkuf\" data-start=\"2227\" data-end=\"2256\">Cooperativas de artesan\u00eda<\/li>\n<\/ul>\n<p data-start=\"2258\" data-end=\"2278\">Alojamiento en riad.<\/p>\n<hr data-start=\"2280\" data-end=\"2283\">\n<h3 data-section-id=\"a8wf5k\" data-start=\"2285\" data-end=\"2312\"><span style=\"color: #ff6600;\">D\u00eda 5: Fez \u2013 Casablanca<\/span><\/h3>\n<p data-start=\"2314\" data-end=\"2399\">Despu\u00e9s del desayuno, traslado al aeropuerto de Casablanca seg\u00fan la hora de tu vuelo.<\/p>\n<hr data-start=\"2401\" data-end=\"2404\">\n<h2 data-section-id=\"8toc9f\" data-start=\"2406\" data-end=\"2421\"><span style=\"color: #ff6600;\">Qu\u00e9 incluye:<\/span><\/h2>\n<ul data-start=\"2422\" data-end=\"2581\">\n<li data-section-id=\"1rb7pzx\" data-start=\"2422\" data-end=\"2492\">Transporte privado (4&#215;4, minib\u00fas o autob\u00fas con aire acondicionado)<\/li>\n<li data-section-id=\"khxukc\" data-start=\"2493\" data-end=\"2523\">Conductor\/gu\u00eda multiling\u00fce<\/li>\n<li data-section-id=\"1xlc6vv\" data-start=\"2524\" data-end=\"2539\">Combustible<\/li>\n<li data-section-id=\"1291uyk\" data-start=\"2540\" data-end=\"2581\">4 noches en hotel o riad con desayuno<\/li>\n<\/ul>\n<hr data-start=\"2583\" data-end=\"2586\">\n<h2 data-section-id=\"thu0sf\" data-start=\"2588\" data-end=\"2602\"><span style=\"color: #ff6600;\">No incluye:<\/span><\/h2>\n<ul data-start=\"2603\" data-end=\"2701\">\n<li data-section-id=\"cra5n3\" data-start=\"2603\" data-end=\"2626\">Bebidas y almuerzos<\/li>\n<li data-section-id=\"1u6l1ge\" data-start=\"2627\" data-end=\"2637\">Vuelos<\/li>\n<li data-section-id=\"go2epb\" data-start=\"2638\" data-end=\"2672\">Entradas a monumentos y museos<\/li>\n<li data-section-id=\"z1as6\" data-start=\"2673\" data-end=\"2701\">Alojamiento en Marrakech<\/li>\n<\/ul>\n<hr data-start=\"2703\" data-end=\"2706\">\n<p data-start=\"2708\" data-end=\"2861\">Si deseas personalizar este tour o adaptarlo a tus necesidades, no dudes en contactarnos. Estaremos encantados de organizar tu viaje ideal por Marruecos.<\/p>\n","protected":false},"excerpt":{"rendered":"<p>Excursi\u00f3n de 5 d\u00edas: Casablanca, Rabat, Norte y Fez Esta excursi\u00f3n de 5 d\u00edas te llevar\u00e1 desde Casablanca a trav\u00e9s del norte de Marruecos, visitando Rabat, Asilah, T\u00e1nger y Chefchaouen. Continuar\u00e1s hacia Fez pasando por Volubilis y Meknes, antes de finalizar el tour en Casablanca. D\u00eda 1: Casablanca \u2013 Rabat \u2013 Asilah Llegada al aeropuerto&#8230;<\/p>\n","protected":false},"author":1,"featured_media":0,"parent":0,"menu_order":0,"comment_status":"closed","ping_status":"closed","template":"","meta":{"ngg_post_thumbnail":0,"_kad_post_transparent":"default","_kad_post_title":"default","_kad_post_layout":"default","_kad_post_sidebar_id":"","_kad_post_content_style":"default","_kad_post_vertical_padding":"default","_kad_post_feature":"","_kad_post_feature_position":"","_kad_post_header":false,"_kad_post_footer":false,"footnotes":""},"class_list":["post-10834","page","type-page","status-publish","hentry"],"yoast_head":"<!-- This site is optimized with the Yoast SEO plugin v21.5 - https:\/\/yoast.com\/wordpress\/plugins\/seo\/ -->\n<title>5-dias-de-casablanca-a-fez-a-traves-de-chefchaouen<\/title>\n<meta name=\"description\" content=\"&quot;visite Marruecos, vacaciones en Marruecos, viajes a Marruecos, viajes a Marruecos, viajes a Marruecos, viajes a Marruecos, viajes a Marruecos desde, gu\u00eda tur\u00edstico de Marruecos, viajes a Marruecos de lujo, compa\u00f1\u00edas de viajes a Marruecos, viajes de aventura a Marruecos&quot;\" \/>\n<meta name=\"robots\" content=\"index, follow, max-snippet:-1, max-image-preview:large, max-video-preview:-1\" \/>\n<link rel=\"canonical\" href=\"https:\/\/discoverysaharatours.com\/es\/5-dias-de-casablanca-a-fez-a-traves-de-chefchaouen\/\" \/>\n<meta property=\"og:locale\" content=\"en_US\" \/>\n<meta property=\"og:type\" content=\"article\" \/>\n<meta property=\"og:title\" content=\"https:\/\/web.facebook.com\/Discovery.sahara\/\" \/>\n<meta property=\"og:description\" content=\"Discovery Sahara Tours es una agencia local en Marruecos muy especializada en organizar rutas por el desierto, con veh\u00edculos 4\u00d74 que facilitan el acceso a las pistas, a los lugares menos tur\u00edsticos y m\u00e1s aut\u00e9nticos, para disfrutar de la comodidad y el confort de sus ventajas. Con excursiones en dromedarios hasta llegar a los campamentos situados en medio de las dunas y poder disfrutar de una noche bajo las estrellas. Visitar familias bereberes, compartir su estilo de vida y costumbres. Con excursiones a pie hasta llegar al oasis frecuentado por n\u00f3madas.\" \/>\n<meta property=\"og:url\" content=\"https:\/\/discoverysaharatours.com\/es\/5-dias-de-casablanca-a-fez-a-traves-de-chefchaouen\/\" \/>\n<meta property=\"og:site_name\" content=\"Discovery Sahara Tours\" \/>\n<meta property=\"article:modified_time\" content=\"2026-04-07T22:26:00+00:00\" \/>\n<meta property=\"og:image\" content=\"https:\/\/discoverysaharatours.com\/es\/wp-content\/uploads\/2022\/10\/cropped-logo-Discovery-Sahara-Tours.png\" \/>\n\t<meta property=\"og:image:width\" content=\"512\" \/>\n\t<meta property=\"og:image:height\" content=\"512\" \/>\n\t<meta property=\"og:image:type\" content=\"image\/png\" \/>\n<meta name=\"twitter:card\" content=\"summary_large_image\" \/>\n<meta name=\"twitter:label1\" content=\"Est. reading time\" \/>\n\t<meta name=\"twitter:data1\" content=\"2 minutes\" \/>\n<script type=\"application\/ld+json\" class=\"yoast-schema-graph\">{\"@context\":\"https:\/\/schema.org\",\"@graph\":[{\"@type\":\"WebPage\",\"@id\":\"https:\/\/discoverysaharatours.com\/es\/5-dias-de-casablanca-a-fez-a-traves-de-chefchaouen\/\",\"url\":\"https:\/\/discoverysaharatours.com\/es\/5-dias-de-casablanca-a-fez-a-traves-de-chefchaouen\/\",\"name\":\"5-dias-de-casablanca-a-fez-a-traves-de-chefchaouen\",\"isPartOf\":{\"@id\":\"https:\/\/discoverysaharatours.com\/es\/#website\"},\"datePublished\":\"2018-11-02T16:42:01+00:00\",\"dateModified\":\"2026-04-07T22:26:00+00:00\",\"description\":\"\\\"visite Marruecos, vacaciones en Marruecos, viajes a Marruecos, viajes a Marruecos, viajes a Marruecos, viajes a Marruecos, viajes a Marruecos desde, gu\u00eda tur\u00edstico de Marruecos, viajes a Marruecos de lujo, compa\u00f1\u00edas de viajes a Marruecos, viajes de aventura a Marruecos\\\"\",\"breadcrumb\":{\"@id\":\"https:\/\/discoverysaharatours.com\/es\/5-dias-de-casablanca-a-fez-a-traves-de-chefchaouen\/#breadcrumb\"},\"inLanguage\":\"en-US\",\"potentialAction\":[{\"@type\":\"ReadAction\",\"target\":[\"https:\/\/discoverysaharatours.com\/es\/5-dias-de-casablanca-a-fez-a-traves-de-chefchaouen\/\"]}]},{\"@type\":\"BreadcrumbList\",\"@id\":\"https:\/\/discoverysaharatours.com\/es\/5-dias-de-casablanca-a-fez-a-traves-de-chefchaouen\/#breadcrumb\",\"itemListElement\":[{\"@type\":\"ListItem\",\"position\":1,\"name\":\"Home\",\"item\":\"https:\/\/discoverysaharatours.com\/es\/\"},{\"@type\":\"ListItem\",\"position\":2,\"name\":\"5 d\u00edas de Casablanca a Fez a trav\u00e9s de Chefchaouen\"}]},{\"@type\":\"WebSite\",\"@id\":\"https:\/\/discoverysaharatours.com\/es\/#website\",\"url\":\"https:\/\/discoverysaharatours.com\/es\/\",\"name\":\"Discovery Sahara Tours\",\"description\":\"Morocco Desert Tours \/ Tours &amp; Excursions in Morocco\",\"publisher\":{\"@id\":\"https:\/\/discoverysaharatours.com\/es\/#organization\"},\"potentialAction\":[{\"@type\":\"SearchAction\",\"target\":{\"@type\":\"EntryPoint\",\"urlTemplate\":\"https:\/\/discoverysaharatours.com\/es\/?s={search_term_string}\"},\"query-input\":\"required name=search_term_string\"}],\"inLanguage\":\"en-US\"},{\"@type\":\"Organization\",\"@id\":\"https:\/\/discoverysaharatours.com\/es\/#organization\",\"name\":\"Discovery Sahara Tours\",\"url\":\"https:\/\/discoverysaharatours.com\/es\/\",\"logo\":{\"@type\":\"ImageObject\",\"inLanguage\":\"en-US\",\"@id\":\"https:\/\/discoverysaharatours.com\/es\/#\/schema\/logo\/image\/\",\"url\":\"https:\/\/discoverysaharatours.com\/es\/wp-content\/uploads\/2022\/10\/logo-Discovery-Sahara-Tours.png\",\"contentUrl\":\"https:\/\/discoverysaharatours.com\/es\/wp-content\/uploads\/2022\/10\/logo-Discovery-Sahara-Tours.png\",\"width\":557,\"height\":486,\"caption\":\"Discovery Sahara Tours\"},\"image\":{\"@id\":\"https:\/\/discoverysaharatours.com\/es\/#\/schema\/logo\/image\/\"}}]}<\/script>\n<!-- \/ Yoast SEO plugin. -->","yoast_head_json":{"title":"5-dias-de-casablanca-a-fez-a-traves-de-chefchaouen","description":"\"visite Marruecos, vacaciones en Marruecos, viajes a Marruecos, viajes a Marruecos, viajes a Marruecos, viajes a Marruecos, viajes a Marruecos desde, gu\u00eda tur\u00edstico de Marruecos, viajes a Marruecos de lujo, compa\u00f1\u00edas de viajes a Marruecos, viajes de aventura a Marruecos\"","robots":{"index":"index","follow":"follow","max-snippet":"max-snippet:-1","max-image-preview":"max-image-preview:large","max-video-preview":"max-video-preview:-1"},"canonical":"https:\/\/discoverysaharatours.com\/es\/5-dias-de-casablanca-a-fez-a-traves-de-chefchaouen\/","og_locale":"en_US","og_type":"article","og_title":"https:\/\/web.facebook.com\/Discovery.sahara\/","og_description":"Discovery Sahara Tours es una agencia local en Marruecos muy especializada en organizar rutas por el desierto, con veh\u00edculos 4\u00d74 que facilitan el acceso a las pistas, a los lugares menos tur\u00edsticos y m\u00e1s aut\u00e9nticos, para disfrutar de la comodidad y el confort de sus ventajas. Con excursiones en dromedarios hasta llegar a los campamentos situados en medio de las dunas y poder disfrutar de una noche bajo las estrellas. Visitar familias bereberes, compartir su estilo de vida y costumbres. Con excursiones a pie hasta llegar al oasis frecuentado por n\u00f3madas.","og_url":"https:\/\/discoverysaharatours.com\/es\/5-dias-de-casablanca-a-fez-a-traves-de-chefchaouen\/","og_site_name":"Discovery Sahara Tours","article_modified_time":"2026-04-07T22:26:00+00:00","og_image":[{"width":512,"height":512,"url":"https:\/\/discoverysaharatours.com\/es\/wp-content\/uploads\/2022\/10\/cropped-logo-Discovery-Sahara-Tours.png","type":"image\/png"}],"twitter_card":"summary_large_image","twitter_misc":{"Est. reading time":"2 minutes"},"schema":{"@context":"https:\/\/schema.org","@graph":[{"@type":"WebPage","@id":"https:\/\/discoverysaharatours.com\/es\/5-dias-de-casablanca-a-fez-a-traves-de-chefchaouen\/","url":"https:\/\/discoverysaharatours.com\/es\/5-dias-de-casablanca-a-fez-a-traves-de-chefchaouen\/","name":"5-dias-de-casablanca-a-fez-a-traves-de-chefchaouen","isPartOf":{"@id":"https:\/\/discoverysaharatours.com\/es\/#website"},"datePublished":"2018-11-02T16:42:01+00:00","dateModified":"2026-04-07T22:26:00+00:00","description":"\"visite Marruecos, vacaciones en Marruecos, viajes a Marruecos, viajes a Marruecos, viajes a Marruecos, viajes a Marruecos, viajes a Marruecos desde, gu\u00eda tur\u00edstico de Marruecos, viajes a Marruecos de lujo, compa\u00f1\u00edas de viajes a Marruecos, viajes de aventura a Marruecos\"","breadcrumb":{"@id":"https:\/\/discoverysaharatours.com\/es\/5-dias-de-casablanca-a-fez-a-traves-de-chefchaouen\/#breadcrumb"},"inLanguage":"en-US","potentialAction":[{"@type":"ReadAction","target":["https:\/\/discoverysaharatours.com\/es\/5-dias-de-casablanca-a-fez-a-traves-de-chefchaouen\/"]}]},{"@type":"BreadcrumbList","@id":"https:\/\/discoverysaharatours.com\/es\/5-dias-de-casablanca-a-fez-a-traves-de-chefchaouen\/#breadcrumb","itemListElement":[{"@type":"ListItem","position":1,"name":"Home","item":"https:\/\/discoverysaharatours.com\/es\/"},{"@type":"ListItem","position":2,"name":"5 d\u00edas de Casablanca a Fez a trav\u00e9s de Chefchaouen"}]},{"@type":"WebSite","@id":"https:\/\/discoverysaharatours.com\/es\/#website","url":"https:\/\/discoverysaharatours.com\/es\/","name":"Discovery Sahara Tours","description":"Morocco Desert Tours \/ Tours &amp; Excursions in Morocco","publisher":{"@id":"https:\/\/discoverysaharatours.com\/es\/#organization"},"potentialAction":[{"@type":"SearchAction","target":{"@type":"EntryPoint","urlTemplate":"https:\/\/discoverysaharatours.com\/es\/?s={search_term_string}"},"query-input":"required name=search_term_string"}],"inLanguage":"en-US"},{"@type":"Organization","@id":"https:\/\/discoverysaharatours.com\/es\/#organization","name":"Discovery Sahara Tours","url":"https:\/\/discoverysaharatours.com\/es\/","logo":{"@type":"ImageObject","inLanguage":"en-US","@id":"https:\/\/discoverysaharatours.com\/es\/#\/schema\/logo\/image\/","url":"https:\/\/discoverysaharatours.com\/es\/wp-content\/uploads\/2022\/10\/logo-Discovery-Sahara-Tours.png","contentUrl":"https:\/\/discoverysaharatours.com\/es\/wp-content\/uploads\/2022\/10\/logo-Discovery-Sahara-Tours.png","width":557,"height":486,"caption":"Discovery Sahara Tours"},"image":{"@id":"https:\/\/discoverysaharatours.com\/es\/#\/schema\/logo\/image\/"}}]}},"_links":{"self":[{"href":"https:\/\/discoverysaharatours.com\/es\/wp-json\/wp\/v2\/pages\/10834","targetHints":{"allow":["GET"]}}],"collection":[{"href":"https:\/\/discoverysaharatours.com\/es\/wp-json\/wp\/v2\/pages"}],"about":[{"href":"https:\/\/discoverysaharatours.com\/es\/wp-json\/wp\/v2\/types\/page"}],"author":[{"embeddable":true,"href":"https:\/\/discoverysaharatours.com\/es\/wp-json\/wp\/v2\/users\/1"}],"replies":[{"embeddable":true,"href":"https:\/\/discoverysaharatours.com\/es\/wp-json\/wp\/v2\/comments?post=10834"}],"version-history":[{"count":5,"href":"https:\/\/discoverysaharatours.com\/es\/wp-json\/wp\/v2\/pages\/10834\/revisions"}],"predecessor-version":[{"id":19724,"href":"https:\/\/discoverysaharatours.com\/es\/wp-json\/wp\/v2\/pages\/10834\/revisions\/19724"}],"wp:attachment":[{"href":"https:\/\/discoverysaharatours.com\/es\/wp-json\/wp\/v2\/media?parent=10834"}],"curies":[{"name":"wp","href":"https:\/\/api.w.org\/{rel}","templated":true}]}}