{"id":10837,"date":"2018-11-02T16:42:34","date_gmt":"2018-11-02T16:42:34","guid":{"rendered":"https:\/\/www.discoverysaharatours.com\/?page_id=10837"},"modified":"2026-04-08T19:36:35","modified_gmt":"2026-04-08T19:36:35","slug":"5-dias-desde-casablanca-a-fez-a-traves-de-volubilis","status":"publish","type":"page","link":"https:\/\/discoverysaharatours.com\/es\/5-dias-desde-casablanca-a-fez-a-traves-de-volubilis\/","title":{"rendered":"5 d\u00edas desde Casablanca a Fez a trav\u00e9s de volubilis"},"content":{"rendered":"<h3 data-section-id=\"xuwdva\" data-start=\"120\" data-end=\"167\"><span role=\"text\"><strong data-start=\"124\" data-end=\"167\">Tour de 5 d\u00edas desde Casablanca v\u00eda Fez<\/strong><\/span><\/h3>\n<p data-start=\"169\" data-end=\"543\">Comenzaremos este recorrido desde Casablanca, pasando por Rabat, Meknes y Fez. Este viaje le permitir\u00e1 descubrir algunos de los lugares m\u00e1s emblem\u00e1ticos de Marruecos, combinando historia, cultura y paisajes \u00fanicos. Durante todo el tour, estar\u00e1 acompa\u00f1ado por gu\u00edas locales en cada ciudad, quienes le ayudar\u00e1n a conocer en profundidad la historia y tradiciones de cada lugar.<\/p>\n<hr data-start=\"545\" data-end=\"548\">\n<h3 data-section-id=\"ug6d4s\" data-start=\"550\" data-end=\"590\"><span style=\"color: #ff6600;\" role=\"text\"><strong data-start=\"554\" data-end=\"590\">D\u00eda 1: Casablanca (d\u00eda completo)<\/strong><\/span><\/h3>\n<p data-start=\"592\" data-end=\"913\">Nos encontraremos en el punto previamente acordado para comenzar la visita de Casablanca. Durante el d\u00eda, exploraremos los principales atractivos de la ciudad, como la impresionante Mezquita Hassan II, una de las m\u00e1s grandes del mundo, la Plaza de las Naciones Unidas y la famosa Corniche, con vistas al oc\u00e9ano Atl\u00e1ntico.<\/p>\n<p data-start=\"915\" data-end=\"935\">Noche en Casablanca.<\/p>\n<hr data-start=\"937\" data-end=\"940\">\n<h3 data-section-id=\"maujsa\" data-start=\"942\" data-end=\"984\"><span style=\"color: #ff6600;\" role=\"text\"><strong data-start=\"946\" data-end=\"984\">D\u00eda 2: Casablanca \u2013 Rabat \u2013 Meknes<\/strong><\/span><\/h3>\n<p data-start=\"986\" data-end=\"1204\">Despu\u00e9s del desayuno, salida hacia Rabat, la capital administrativa de Marruecos. Visitaremos la Kasbah de los Oudaias, el lugar m\u00e1s antiguo de la ciudad, con vistas panor\u00e1micas al r\u00edo Bou Regreg y al oc\u00e9ano Atl\u00e1ntico.<\/p>\n<p data-start=\"1206\" data-end=\"1346\">Continuaremos hacia la Torre Hassan y el Mausoleo de Mohammed V, una mezquita inacabada del periodo almohade iniciada por Yacoub Al-Mansour.<\/p>\n<p data-start=\"1348\" data-end=\"1492\">Luego, nos dirigiremos a Meknes, ciudad imperial asociada al sult\u00e1n Moulay Ismail. Visitaremos la famosa puerta Bab Mansour y la plaza El Hedim.<\/p>\n<p data-start=\"1494\" data-end=\"1538\">Noche en hotel o riad tradicional en Meknes.<\/p>\n<hr data-start=\"1540\" data-end=\"1543\">\n<h3 data-section-id=\"1cgq4ig\" data-start=\"1545\" data-end=\"1584\"><span style=\"color: #ff6600;\" role=\"text\"><strong data-start=\"1549\" data-end=\"1584\">D\u00eda 3: Meknes \u2013 Volubilis \u2013 Fez<\/strong><\/span><\/h3>\n<p data-start=\"1586\" data-end=\"1788\">Despu\u00e9s del desayuno, salida hacia Volubilis (Walili), un importante yacimiento romano declarado Patrimonio de la Humanidad. Aqu\u00ed descubrir\u00e1 antiguas ruinas que reflejan la historia romana en Marruecos.<\/p>\n<p data-start=\"1790\" data-end=\"1871\">Tras la visita, continuaremos hacia Fez, atravesando paisajes del norte del pa\u00eds.<\/p>\n<p data-start=\"1873\" data-end=\"1902\">Noche en hotel o riad en Fez.<\/p>\n<hr data-start=\"1904\" data-end=\"1907\">\n<h3 data-section-id=\"vuc6hj\" data-start=\"1909\" data-end=\"1943\"><span style=\"color: #ff6600;\" role=\"text\"><strong data-start=\"1913\" data-end=\"1943\">D\u00eda 4: Fez (visita guiada)<\/strong><\/span><\/h3>\n<p data-start=\"1945\" data-end=\"2028\">D\u00eda completo dedicado a descubrir Fez, una de las ciudades imperiales m\u00e1s antiguas.<\/p>\n<p data-start=\"2030\" data-end=\"2070\">Acompa\u00f1ado por un gu\u00eda local, explorar\u00e1:<\/p>\n<ul data-start=\"2071\" data-end=\"2267\">\n<li data-section-id=\"19nfsa1\" data-start=\"2071\" data-end=\"2099\">El Palacio Real (exterior)<\/li>\n<li data-section-id=\"1gu3y3d\" data-start=\"2100\" data-end=\"2147\">La medina de Fez (Patrimonio de la Humanidad)<\/li>\n<li data-section-id=\"1hqesd\" data-start=\"2148\" data-end=\"2174\">El barrio jud\u00edo (Mellah)<\/li>\n<li data-section-id=\"nqbk53\" data-start=\"2175\" data-end=\"2200\">Las famosas curtidur\u00edas<\/li>\n<li data-section-id=\"1ek2on7\" data-start=\"2201\" data-end=\"2267\">La Universidad Al Qarawiyyin (una de las m\u00e1s antiguas del mundo)<\/li>\n<\/ul>\n<p data-start=\"2269\" data-end=\"2455\">Tambi\u00e9n visitar\u00e1 una cooperativa de cer\u00e1mica para conocer la artesan\u00eda tradicional marroqu\u00ed. Por la tarde, disfrutar\u00e1 de una vista panor\u00e1mica de la medina y descubrir\u00e1 la ciudad moderna.<\/p>\n<p data-start=\"2457\" data-end=\"2470\">Noche en Fez.<\/p>\n<hr data-start=\"2472\" data-end=\"2475\">\n<h3 data-section-id=\"g43upk\" data-start=\"2477\" data-end=\"2508\"><span style=\"color: #ff6600;\" role=\"text\"><strong data-start=\"2481\" data-end=\"2508\">D\u00eda 5: Fez \u2013 Casablanca<\/strong><\/span><\/h3>\n<p data-start=\"2510\" data-end=\"2629\">Despu\u00e9s del desayuno, tendr\u00e1 tiempo libre para compras o paseos antes de regresar a Casablanca, donde finaliza el tour.<\/p>\n<hr data-start=\"2631\" data-end=\"2634\">\n<h3 data-section-id=\"rcokxv\" data-start=\"2636\" data-end=\"2653\"><span style=\"color: #ff6600;\" role=\"text\"><strong data-start=\"2640\" data-end=\"2653\">Incluido:<\/strong><\/span><\/h3>\n<ul data-start=\"2654\" data-end=\"2800\">\n<li data-section-id=\"18ed1iq\" data-start=\"2654\" data-end=\"2724\">Transporte privado (4\u00d74, minib\u00fas o autob\u00fas con aire acondicionado)<\/li>\n<li data-section-id=\"khxukc\" data-start=\"2725\" data-end=\"2755\">Conductor\/gu\u00eda multiling\u00fce<\/li>\n<li data-section-id=\"1xlc6vv\" data-start=\"2756\" data-end=\"2771\">Combustible<\/li>\n<li data-section-id=\"14iav4w\" data-start=\"2772\" data-end=\"2800\">4 noches en hotel o riad<\/li>\n<\/ul>\n<hr data-start=\"2802\" data-end=\"2805\">\n<h3 data-section-id=\"1ewgobm\" data-start=\"2807\" data-end=\"2827\"><span style=\"color: #ff6600;\" role=\"text\"><strong data-start=\"2811\" data-end=\"2827\">No incluido:<\/strong><\/span><\/h3>\n<ul data-start=\"2828\" data-end=\"2921\">\n<li data-section-id=\"u610en\" data-start=\"2828\" data-end=\"2851\">Almuerzos y bebidas<\/li>\n<li data-section-id=\"1u6l1ge\" data-start=\"2852\" data-end=\"2862\">Vuelos<\/li>\n<li data-section-id=\"go2epb\" data-start=\"2863\" data-end=\"2897\">Entradas a monumentos y museos<\/li>\n<li data-section-id=\"13074cq\" data-start=\"2898\" data-end=\"2921\">Hotel en Casablanca<\/li>\n<\/ul>\n<hr data-start=\"2923\" data-end=\"2926\">\n<p data-start=\"2928\" data-end=\"3086\">Si desea personalizar este tour, no dude en contactarnos. Estaremos encantados de adaptarlo a sus necesidades y hacer de su viaje una experiencia inolvidable.<\/p>\n","protected":false},"excerpt":{"rendered":"<p>Tour de 5 d\u00edas desde Casablanca v\u00eda Fez Comenzaremos este recorrido desde Casablanca, pasando por Rabat, Meknes y Fez. Este viaje le permitir\u00e1 descubrir algunos de los lugares m\u00e1s emblem\u00e1ticos de Marruecos, combinando historia, cultura y paisajes \u00fanicos. Durante todo el tour, estar\u00e1 acompa\u00f1ado por gu\u00edas locales en cada ciudad, quienes le ayudar\u00e1n a conocer&#8230;<\/p>\n","protected":false},"author":1,"featured_media":0,"parent":0,"menu_order":0,"comment_status":"closed","ping_status":"closed","template":"","meta":{"ngg_post_thumbnail":0,"_kad_post_transparent":"default","_kad_post_title":"default","_kad_post_layout":"default","_kad_post_sidebar_id":"","_kad_post_content_style":"default","_kad_post_vertical_padding":"default","_kad_post_feature":"","_kad_post_feature_position":"","_kad_post_header":false,"_kad_post_footer":false,"footnotes":""},"class_list":["post-10837","page","type-page","status-publish","hentry"],"yoast_head":"<!-- This site is optimized with the Yoast SEO plugin v21.5 - https:\/\/yoast.com\/wordpress\/plugins\/seo\/ -->\n<title>5-dias-desde-casablanca-a-fez-a-traves-de-volubilis<\/title>\n<meta name=\"description\" content=\"&quot;visite Marruecos, vacaciones en Marruecos, viajes a Marruecos, viajes a Marruecos, viajes a Marruecos, viajes a Marruecos, viajes a Marruecos desde, gu\u00eda tur\u00edstico de Marruecos, viajes a Marruecos de lujo, compa\u00f1\u00edas de viajes a Marruecos, viajes de aventura a Marruecos&quot;\" \/>\n<meta name=\"robots\" content=\"index, follow, max-snippet:-1, max-image-preview:large, max-video-preview:-1\" \/>\n<link rel=\"canonical\" href=\"https:\/\/discoverysaharatours.com\/es\/5-dias-desde-casablanca-a-fez-a-traves-de-volubilis\/\" \/>\n<meta property=\"og:locale\" content=\"en_US\" \/>\n<meta property=\"og:type\" content=\"article\" \/>\n<meta property=\"og:title\" content=\"https:\/\/web.facebook.com\/Discovery.sahara\/\" \/>\n<meta property=\"og:description\" content=\"Discovery Sahara Tours es una agencia local en Marruecos muy especializada en organizar rutas por el desierto, con veh\u00edculos 4\u00d74 que facilitan el acceso a las pistas, a los lugares menos tur\u00edsticos y m\u00e1s aut\u00e9nticos, para disfrutar de la comodidad y el confort de sus ventajas. Con excursiones en dromedarios hasta llegar a los campamentos situados en medio de las dunas y poder disfrutar de una noche bajo las estrellas. Visitar familias bereberes, compartir su estilo de vida y costumbres. Con excursiones a pie hasta llegar al oasis frecuentado por n\u00f3madas.\" \/>\n<meta property=\"og:url\" content=\"https:\/\/discoverysaharatours.com\/es\/5-dias-desde-casablanca-a-fez-a-traves-de-volubilis\/\" \/>\n<meta property=\"og:site_name\" content=\"Discovery Sahara Tours\" \/>\n<meta property=\"article:modified_time\" content=\"2026-04-08T19:36:35+00:00\" \/>\n<meta property=\"og:image\" content=\"https:\/\/discoverysaharatours.com\/es\/wp-content\/uploads\/2022\/10\/cropped-logo-Discovery-Sahara-Tours.png\" \/>\n\t<meta property=\"og:image:width\" content=\"512\" \/>\n\t<meta property=\"og:image:height\" content=\"512\" \/>\n\t<meta property=\"og:image:type\" content=\"image\/png\" \/>\n<meta name=\"twitter:card\" content=\"summary_large_image\" \/>\n<meta name=\"twitter:label1\" content=\"Est. reading time\" \/>\n\t<meta name=\"twitter:data1\" content=\"2 minutes\" \/>\n<script type=\"application\/ld+json\" class=\"yoast-schema-graph\">{\"@context\":\"https:\/\/schema.org\",\"@graph\":[{\"@type\":\"WebPage\",\"@id\":\"https:\/\/discoverysaharatours.com\/es\/5-dias-desde-casablanca-a-fez-a-traves-de-volubilis\/\",\"url\":\"https:\/\/discoverysaharatours.com\/es\/5-dias-desde-casablanca-a-fez-a-traves-de-volubilis\/\",\"name\":\"5-dias-desde-casablanca-a-fez-a-traves-de-volubilis\",\"isPartOf\":{\"@id\":\"https:\/\/discoverysaharatours.com\/es\/#website\"},\"datePublished\":\"2018-11-02T16:42:34+00:00\",\"dateModified\":\"2026-04-08T19:36:35+00:00\",\"description\":\"\\\"visite Marruecos, vacaciones en Marruecos, viajes a Marruecos, viajes a Marruecos, viajes a Marruecos, viajes a Marruecos, viajes a Marruecos desde, gu\u00eda tur\u00edstico de Marruecos, viajes a Marruecos de lujo, compa\u00f1\u00edas de viajes a Marruecos, viajes de aventura a Marruecos\\\"\",\"breadcrumb\":{\"@id\":\"https:\/\/discoverysaharatours.com\/es\/5-dias-desde-casablanca-a-fez-a-traves-de-volubilis\/#breadcrumb\"},\"inLanguage\":\"en-US\",\"potentialAction\":[{\"@type\":\"ReadAction\",\"target\":[\"https:\/\/discoverysaharatours.com\/es\/5-dias-desde-casablanca-a-fez-a-traves-de-volubilis\/\"]}]},{\"@type\":\"BreadcrumbList\",\"@id\":\"https:\/\/discoverysaharatours.com\/es\/5-dias-desde-casablanca-a-fez-a-traves-de-volubilis\/#breadcrumb\",\"itemListElement\":[{\"@type\":\"ListItem\",\"position\":1,\"name\":\"Home\",\"item\":\"https:\/\/discoverysaharatours.com\/es\/\"},{\"@type\":\"ListItem\",\"position\":2,\"name\":\"5 d\u00edas desde Casablanca a Fez a trav\u00e9s de volubilis\"}]},{\"@type\":\"WebSite\",\"@id\":\"https:\/\/discoverysaharatours.com\/es\/#website\",\"url\":\"https:\/\/discoverysaharatours.com\/es\/\",\"name\":\"Discovery Sahara Tours\",\"description\":\"Morocco Desert Tours \/ Tours &amp; Excursions in Morocco\",\"publisher\":{\"@id\":\"https:\/\/discoverysaharatours.com\/es\/#organization\"},\"potentialAction\":[{\"@type\":\"SearchAction\",\"target\":{\"@type\":\"EntryPoint\",\"urlTemplate\":\"https:\/\/discoverysaharatours.com\/es\/?s={search_term_string}\"},\"query-input\":\"required name=search_term_string\"}],\"inLanguage\":\"en-US\"},{\"@type\":\"Organization\",\"@id\":\"https:\/\/discoverysaharatours.com\/es\/#organization\",\"name\":\"Discovery Sahara Tours\",\"url\":\"https:\/\/discoverysaharatours.com\/es\/\",\"logo\":{\"@type\":\"ImageObject\",\"inLanguage\":\"en-US\",\"@id\":\"https:\/\/discoverysaharatours.com\/es\/#\/schema\/logo\/image\/\",\"url\":\"https:\/\/discoverysaharatours.com\/es\/wp-content\/uploads\/2022\/10\/logo-Discovery-Sahara-Tours.png\",\"contentUrl\":\"https:\/\/discoverysaharatours.com\/es\/wp-content\/uploads\/2022\/10\/logo-Discovery-Sahara-Tours.png\",\"width\":557,\"height\":486,\"caption\":\"Discovery Sahara Tours\"},\"image\":{\"@id\":\"https:\/\/discoverysaharatours.com\/es\/#\/schema\/logo\/image\/\"}}]}<\/script>\n<!-- \/ Yoast SEO plugin. -->","yoast_head_json":{"title":"5-dias-desde-casablanca-a-fez-a-traves-de-volubilis","description":"\"visite Marruecos, vacaciones en Marruecos, viajes a Marruecos, viajes a Marruecos, viajes a Marruecos, viajes a Marruecos, viajes a Marruecos desde, gu\u00eda tur\u00edstico de Marruecos, viajes a Marruecos de lujo, compa\u00f1\u00edas de viajes a Marruecos, viajes de aventura a Marruecos\"","robots":{"index":"index","follow":"follow","max-snippet":"max-snippet:-1","max-image-preview":"max-image-preview:large","max-video-preview":"max-video-preview:-1"},"canonical":"https:\/\/discoverysaharatours.com\/es\/5-dias-desde-casablanca-a-fez-a-traves-de-volubilis\/","og_locale":"en_US","og_type":"article","og_title":"https:\/\/web.facebook.com\/Discovery.sahara\/","og_description":"Discovery Sahara Tours es una agencia local en Marruecos muy especializada en organizar rutas por el desierto, con veh\u00edculos 4\u00d74 que facilitan el acceso a las pistas, a los lugares menos tur\u00edsticos y m\u00e1s aut\u00e9nticos, para disfrutar de la comodidad y el confort de sus ventajas. Con excursiones en dromedarios hasta llegar a los campamentos situados en medio de las dunas y poder disfrutar de una noche bajo las estrellas. Visitar familias bereberes, compartir su estilo de vida y costumbres. Con excursiones a pie hasta llegar al oasis frecuentado por n\u00f3madas.","og_url":"https:\/\/discoverysaharatours.com\/es\/5-dias-desde-casablanca-a-fez-a-traves-de-volubilis\/","og_site_name":"Discovery Sahara Tours","article_modified_time":"2026-04-08T19:36:35+00:00","og_image":[{"width":512,"height":512,"url":"https:\/\/discoverysaharatours.com\/es\/wp-content\/uploads\/2022\/10\/cropped-logo-Discovery-Sahara-Tours.png","type":"image\/png"}],"twitter_card":"summary_large_image","twitter_misc":{"Est. reading time":"2 minutes"},"schema":{"@context":"https:\/\/schema.org","@graph":[{"@type":"WebPage","@id":"https:\/\/discoverysaharatours.com\/es\/5-dias-desde-casablanca-a-fez-a-traves-de-volubilis\/","url":"https:\/\/discoverysaharatours.com\/es\/5-dias-desde-casablanca-a-fez-a-traves-de-volubilis\/","name":"5-dias-desde-casablanca-a-fez-a-traves-de-volubilis","isPartOf":{"@id":"https:\/\/discoverysaharatours.com\/es\/#website"},"datePublished":"2018-11-02T16:42:34+00:00","dateModified":"2026-04-08T19:36:35+00:00","description":"\"visite Marruecos, vacaciones en Marruecos, viajes a Marruecos, viajes a Marruecos, viajes a Marruecos, viajes a Marruecos, viajes a Marruecos desde, gu\u00eda tur\u00edstico de Marruecos, viajes a Marruecos de lujo, compa\u00f1\u00edas de viajes a Marruecos, viajes de aventura a Marruecos\"","breadcrumb":{"@id":"https:\/\/discoverysaharatours.com\/es\/5-dias-desde-casablanca-a-fez-a-traves-de-volubilis\/#breadcrumb"},"inLanguage":"en-US","potentialAction":[{"@type":"ReadAction","target":["https:\/\/discoverysaharatours.com\/es\/5-dias-desde-casablanca-a-fez-a-traves-de-volubilis\/"]}]},{"@type":"BreadcrumbList","@id":"https:\/\/discoverysaharatours.com\/es\/5-dias-desde-casablanca-a-fez-a-traves-de-volubilis\/#breadcrumb","itemListElement":[{"@type":"ListItem","position":1,"name":"Home","item":"https:\/\/discoverysaharatours.com\/es\/"},{"@type":"ListItem","position":2,"name":"5 d\u00edas desde Casablanca a Fez a trav\u00e9s de volubilis"}]},{"@type":"WebSite","@id":"https:\/\/discoverysaharatours.com\/es\/#website","url":"https:\/\/discoverysaharatours.com\/es\/","name":"Discovery Sahara Tours","description":"Morocco Desert Tours \/ Tours &amp; Excursions in Morocco","publisher":{"@id":"https:\/\/discoverysaharatours.com\/es\/#organization"},"potentialAction":[{"@type":"SearchAction","target":{"@type":"EntryPoint","urlTemplate":"https:\/\/discoverysaharatours.com\/es\/?s={search_term_string}"},"query-input":"required name=search_term_string"}],"inLanguage":"en-US"},{"@type":"Organization","@id":"https:\/\/discoverysaharatours.com\/es\/#organization","name":"Discovery Sahara Tours","url":"https:\/\/discoverysaharatours.com\/es\/","logo":{"@type":"ImageObject","inLanguage":"en-US","@id":"https:\/\/discoverysaharatours.com\/es\/#\/schema\/logo\/image\/","url":"https:\/\/discoverysaharatours.com\/es\/wp-content\/uploads\/2022\/10\/logo-Discovery-Sahara-Tours.png","contentUrl":"https:\/\/discoverysaharatours.com\/es\/wp-content\/uploads\/2022\/10\/logo-Discovery-Sahara-Tours.png","width":557,"height":486,"caption":"Discovery Sahara Tours"},"image":{"@id":"https:\/\/discoverysaharatours.com\/es\/#\/schema\/logo\/image\/"}}]}},"_links":{"self":[{"href":"https:\/\/discoverysaharatours.com\/es\/wp-json\/wp\/v2\/pages\/10837","targetHints":{"allow":["GET"]}}],"collection":[{"href":"https:\/\/discoverysaharatours.com\/es\/wp-json\/wp\/v2\/pages"}],"about":[{"href":"https:\/\/discoverysaharatours.com\/es\/wp-json\/wp\/v2\/types\/page"}],"author":[{"embeddable":true,"href":"https:\/\/discoverysaharatours.com\/es\/wp-json\/wp\/v2\/users\/1"}],"replies":[{"embeddable":true,"href":"https:\/\/discoverysaharatours.com\/es\/wp-json\/wp\/v2\/comments?post=10837"}],"version-history":[{"count":5,"href":"https:\/\/discoverysaharatours.com\/es\/wp-json\/wp\/v2\/pages\/10837\/revisions"}],"predecessor-version":[{"id":19730,"href":"https:\/\/discoverysaharatours.com\/es\/wp-json\/wp\/v2\/pages\/10837\/revisions\/19730"}],"wp:attachment":[{"href":"https:\/\/discoverysaharatours.com\/es\/wp-json\/wp\/v2\/media?parent=10837"}],"curies":[{"name":"wp","href":"https:\/\/api.w.org\/{rel}","templated":true}]}}