{"id":10839,"date":"2018-11-02T16:43:38","date_gmt":"2018-11-02T16:43:38","guid":{"rendered":"https:\/\/www.discoverysaharatours.com\/?page_id=10839"},"modified":"2026-04-08T19:38:43","modified_gmt":"2026-04-08T19:38:43","slug":"5-dias-desde-casablanca-a-fez-a-traves-del-desierto-del-sahara","status":"publish","type":"page","link":"https:\/\/discoverysaharatours.com\/es\/5-dias-desde-casablanca-a-fez-a-traves-del-desierto-del-sahara\/","title":{"rendered":"5 d\u00edas desde Casablanca a Fez a trav\u00e9s del desierto del Sahara"},"content":{"rendered":"<h2 data-section-id=\"agzxuq\" data-start=\"119\" data-end=\"188\">\ud83c\udf0d Tour de 5 d\u00edas: De Casablanca a Fez v\u00eda Marrakech y el Desierto<\/h2>\n<p data-start=\"190\" data-end=\"460\">Comenzaremos este fascinante recorrido desde <span class=\"hover:entity-accent entity-underline inline cursor-pointer align-baseline\"><span class=\"whitespace-normal\">Casablanca<\/span><\/span> hacia <span class=\"hover:entity-accent entity-underline inline cursor-pointer align-baseline\"><span class=\"whitespace-normal\">Marrakech<\/span><\/span>, pasando por paisajes espectaculares, ciudades imperiales y el m\u00e1gico desierto del Sahara hasta llegar a <span class=\"hover:entity-accent entity-underline inline cursor-pointer align-baseline\"><span class=\"whitespace-normal\">Fez<\/span><\/span>.<\/p>\n<hr data-start=\"462\" data-end=\"465\">\n<h2 data-section-id=\"142prna\" data-start=\"467\" data-end=\"502\">\ud83d\udcc5 <span style=\"color: #ff6600;\">D\u00eda 1: Casablanca \u2013 Marrakech<\/span><\/h2>\n<p data-start=\"504\" data-end=\"619\">Tras encontrarnos en el punto acordado, iniciaremos la visita de <span class=\"hover:entity-accent entity-underline inline cursor-pointer align-baseline\"><span class=\"whitespace-normal\">Casablanca<\/span><\/span>, incluyendo:<\/p>\n<ul data-start=\"621\" data-end=\"737\">\n<li data-section-id=\"eyrt5h\" data-start=\"621\" data-end=\"662\"><span class=\"hover:entity-accent entity-underline inline cursor-pointer align-baseline\"><span class=\"whitespace-normal\">Mezquita Hassan II<\/span><\/span><\/li>\n<li data-section-id=\"xbsodj\" data-start=\"663\" data-end=\"695\">Plaza de las Naciones Unidas<\/li>\n<li data-section-id=\"hjs5dh\" data-start=\"696\" data-end=\"737\"><span class=\"hover:entity-accent entity-underline inline cursor-pointer align-baseline\"><span class=\"whitespace-normal\">La Corniche<\/span><\/span><\/li>\n<\/ul>\n<p data-start=\"739\" data-end=\"866\">Luego, salida hacia <span class=\"hover:entity-accent entity-underline inline cursor-pointer align-baseline\"><span class=\"whitespace-normal\">Marrakech<\/span><\/span>.<br data-start=\"797\" data-end=\"800\">Tiempo libre para explorar la medina.<br data-start=\"837\" data-end=\"840\">\ud83d\udecf\ufe0f Noche en hotel o riad.<\/p>\n<hr data-start=\"868\" data-end=\"871\">\n<h2 data-section-id=\"1oxdeqj\" data-start=\"873\" data-end=\"912\">\ud83d\udcc5<span style=\"color: #ff6600;\"> D\u00eda 2: Visita guiada de Marrakech<\/span><\/h2>\n<p data-start=\"914\" data-end=\"983\">D\u00eda completo con gu\u00eda local en <span class=\"hover:entity-accent entity-underline inline cursor-pointer align-baseline\"><span class=\"whitespace-normal\">Marrakech<\/span><\/span>:<\/p>\n<ul data-start=\"985\" data-end=\"1178\">\n<li data-section-id=\"1upsd79\" data-start=\"985\" data-end=\"1026\"><span class=\"hover:entity-accent entity-underline inline cursor-pointer align-baseline\"><span class=\"whitespace-normal\">Jardines de la Menara<\/span><\/span><\/li>\n<li data-section-id=\"1xaspf9\" data-start=\"1027\" data-end=\"1068\"><span class=\"hover:entity-accent entity-underline inline cursor-pointer align-baseline\"><span class=\"whitespace-normal\">Mezquita Koutoubia<\/span><\/span><\/li>\n<li data-section-id=\"x79p85\" data-start=\"1069\" data-end=\"1112\"><span class=\"hover:entity-accent entity-underline inline cursor-pointer align-baseline\"><span class=\"whitespace-normal\">Jard\u00edn Majorelle<\/span><\/span><\/li>\n<li data-section-id=\"bgd20l\" data-start=\"1113\" data-end=\"1156\"><span class=\"hover:entity-accent entity-underline inline cursor-pointer align-baseline\"><span class=\"whitespace-normal\">Palacio de la Bah\u00eda<\/span><\/span><\/li>\n<li data-section-id=\"o267vf\" data-start=\"1157\" data-end=\"1178\">Museo Dar Si Said<\/li>\n<\/ul>\n<p data-start=\"1180\" data-end=\"1285\">Paseo por los zocos y tiempo en la famosa plaza<br data-start=\"1227\" data-end=\"1230\"><span class=\"hover:entity-accent entity-underline inline cursor-pointer align-baseline\"><span class=\"whitespace-normal\">Jemaa el-Fnaa<\/span><\/span> al atardecer.<\/p>\n<p data-start=\"1287\" data-end=\"1313\">\ud83d\udecf\ufe0f Cena y noche en hotel.<\/p>\n<hr data-start=\"1315\" data-end=\"1318\">\n<h2 data-section-id=\"zqzsi2\" data-start=\"1320\" data-end=\"1386\">\ud83d\udcc5 <span style=\"color: #ff6600;\">D\u00eda 3: Marrakech \u2013 Alto Atlas \u2013 Ouarzazate \u2013 Valle del Dades<\/span><\/h2>\n<p data-start=\"1388\" data-end=\"1514\">Salida hacia el sur cruzando el <span class=\"hover:entity-accent entity-underline inline cursor-pointer align-baseline\"><span class=\"whitespace-normal\">Alto Atlas<\/span><\/span> por el paso<br data-start=\"1471\" data-end=\"1474\"><span class=\"hover:entity-accent entity-underline inline cursor-pointer align-baseline\"><span class=\"whitespace-normal\">Tizi n&#8217;Tichka<\/span><\/span>.<\/p>\n<p data-start=\"1516\" data-end=\"1525\">Visita a:<\/p>\n<ul data-start=\"1527\" data-end=\"1634\">\n<li data-section-id=\"1se2l29\" data-start=\"1527\" data-end=\"1590\"><span class=\"hover:entity-accent entity-underline inline cursor-pointer align-baseline\"><span class=\"whitespace-normal\">Ait Ben Haddou<\/span><\/span> (Patrimonio UNESCO)<\/li>\n<li data-section-id=\"1gyxoqd\" data-start=\"1591\" data-end=\"1634\"><span class=\"hover:entity-accent entity-underline inline cursor-pointer align-baseline\"><span class=\"whitespace-normal\">Ouarzazate<\/span><\/span><\/li>\n<\/ul>\n<p data-start=\"1636\" data-end=\"1700\">Continuaci\u00f3n hacia el <span class=\"hover:entity-accent entity-underline inline cursor-pointer align-baseline\"><span class=\"whitespace-normal\">Valle del Dades<\/span><\/span>.<\/p>\n<p data-start=\"1702\" data-end=\"1728\">\ud83d\udecf\ufe0f Noche en hotel o riad.<\/p>\n<hr data-start=\"1730\" data-end=\"1733\">\n<h2 data-section-id=\"btavec\" data-start=\"1735\" data-end=\"1796\">\ud83d\udcc5 <span style=\"color: #ff6600;\">D\u00eda 4: Valle del Dades \u2013 Gargantas del Todra \u2013 Merzouga<\/span><\/h2>\n<p data-start=\"1798\" data-end=\"1835\">Salida hacia el desierto pasando por:<\/p>\n<ul data-start=\"1837\" data-end=\"1924\">\n<li data-section-id=\"itrg1h\" data-start=\"1837\" data-end=\"1880\"><span class=\"hover:entity-accent entity-underline inline cursor-pointer align-baseline\"><span class=\"whitespace-normal\">Gargantas del Todra<\/span><\/span><\/li>\n<li data-section-id=\"1w3yut1\" data-start=\"1881\" data-end=\"1924\"><span class=\"hover:entity-accent entity-underline inline cursor-pointer align-baseline\"><span class=\"whitespace-normal\">Erfoud<\/span><\/span><\/li>\n<\/ul>\n<p data-start=\"1926\" data-end=\"2003\">Llegada a <span class=\"hover:entity-accent entity-underline inline cursor-pointer align-baseline\"><span class=\"whitespace-normal\">Merzouga<\/span><\/span>, en el desierto del Sahara.<\/p>\n<p data-start=\"2005\" data-end=\"2029\">\ud83d\udc2a Experiencia incluida:<\/p>\n<ul data-start=\"2030\" data-end=\"2217\">\n<li data-section-id=\"xo0pgs\" data-start=\"2030\" data-end=\"2107\">Paseo en camello por las dunas de <span class=\"hover:entity-accent entity-underline inline cursor-pointer align-baseline\"><span class=\"whitespace-normal\">Erg Chebbi<\/span><\/span><\/li>\n<li data-section-id=\"1au6v4e\" data-start=\"2108\" data-end=\"2136\">Atardecer en el desierto<\/li>\n<li data-section-id=\"atm38o\" data-start=\"2137\" data-end=\"2165\">Cena tradicional bereber<\/li>\n<li data-section-id=\"6nu086\" data-start=\"2166\" data-end=\"2217\">M\u00fasica y noche en campamento bajo las estrellas<\/li>\n<\/ul>\n<p data-start=\"2219\" data-end=\"2251\">\ud83d\udecf\ufe0f Noche en haima (campamento).<\/p>\n<hr data-start=\"2253\" data-end=\"2256\">\n<h2 data-section-id=\"mrnvd9\" data-start=\"2258\" data-end=\"2310\">\ud83d\udcc5 <span style=\"color: #ff6600;\">D\u00eda 5: Merzouga \u2013 Valle del Ziz \u2013 Ifrane \u2013 Fez<\/span><\/h2>\n<p data-start=\"2312\" data-end=\"2364\">Salida temprano para ver el amanecer en el desierto.<\/p>\n<p data-start=\"2366\" data-end=\"2429\">Ruta hacia <span class=\"hover:entity-accent entity-underline inline cursor-pointer align-baseline\"><span class=\"whitespace-normal\">Fez<\/span><\/span> pasando por:<\/p>\n<ul data-start=\"2431\" data-end=\"2672\">\n<li data-section-id=\"1u58i2d\" data-start=\"2431\" data-end=\"2474\"><span class=\"hover:entity-accent entity-underline inline cursor-pointer align-baseline\"><span class=\"whitespace-normal\">Valle del Ziz<\/span><\/span><\/li>\n<li data-section-id=\"17l0col\" data-start=\"2475\" data-end=\"2518\"><span class=\"hover:entity-accent entity-underline inline cursor-pointer align-baseline\"><span class=\"whitespace-normal\">Midelt<\/span><\/span><\/li>\n<li data-section-id=\"16zcawf\" data-start=\"2519\" data-end=\"2589\"><span class=\"hover:entity-accent entity-underline inline cursor-pointer align-baseline\"><span class=\"whitespace-normal\">Azrou<\/span><\/span> (bosque de cedros y monos)<\/li>\n<li data-section-id=\"1xkn8b3\" data-start=\"2590\" data-end=\"2672\"><span class=\"hover:entity-accent entity-underline inline cursor-pointer align-baseline\"><span class=\"whitespace-normal\">Ifrane<\/span><\/span>, conocida como la \u201cSuiza de Marruecos\u201d<\/li>\n<\/ul>\n<p data-start=\"2674\" data-end=\"2739\">Llegada a <span class=\"hover:entity-accent entity-underline inline cursor-pointer align-baseline\"><span class=\"whitespace-normal\">Fez<\/span><\/span> y fin del tour.<\/p>\n<hr data-start=\"2741\" data-end=\"2744\">\n<h2 data-section-id=\"1h75j5d\" data-start=\"2746\" data-end=\"2768\">\u2705 <span style=\"color: #ff6600;\">Qu\u00e9 est\u00e1 incluido<\/span><\/h2>\n<ul data-start=\"2770\" data-end=\"3029\">\n<li data-section-id=\"1u2h6l\" data-start=\"2770\" data-end=\"2840\">Transporte privado con aire acondicionado (4&#215;4, minib\u00fas o autob\u00fas)<\/li>\n<li data-section-id=\"khxukc\" data-start=\"2841\" data-end=\"2871\">Conductor\/gu\u00eda multiling\u00fce<\/li>\n<li data-section-id=\"1xlc6vv\" data-start=\"2872\" data-end=\"2887\">Combustible<\/li>\n<li data-section-id=\"123ly9z\" data-start=\"2888\" data-end=\"2916\">3 noches en hotel o riad<\/li>\n<li data-section-id=\"hsy8p0\" data-start=\"2917\" data-end=\"2975\">1 noche en campamento en el desierto (cena y desayuno)<\/li>\n<li data-section-id=\"ag4dx5\" data-start=\"2976\" data-end=\"2999\">Paseo en camello \ud83d\udc2a<\/li>\n<li data-section-id=\"1odfhf6\" data-start=\"3000\" data-end=\"3029\">Sandboarding en las dunas<\/li>\n<\/ul>\n<hr data-start=\"3031\" data-end=\"3034\">\n<h2 data-section-id=\"ak0hx3\" data-start=\"3036\" data-end=\"3052\">\u274c <span style=\"color: #ff6600;\">No incluido<\/span><\/h2>\n<ul data-start=\"3054\" data-end=\"3144\">\n<li data-section-id=\"cra5n3\" data-start=\"3054\" data-end=\"3077\">Bebidas y almuerzos<\/li>\n<li data-section-id=\"1u6l1ge\" data-start=\"3078\" data-end=\"3088\">Vuelos<\/li>\n<li data-section-id=\"k8ve4k\" data-start=\"3089\" data-end=\"3114\">Entradas a monumentos<\/li>\n<li data-section-id=\"10qsyx9\" data-start=\"3115\" data-end=\"3144\">Alojamiento en Casablanca<\/li>\n<\/ul>\n<hr data-start=\"3146\" data-end=\"3149\">\n<h2 data-section-id=\"1i0gknt\" data-start=\"3151\" data-end=\"3160\">\u2728 Nota<\/h2>\n<p data-start=\"3162\" data-end=\"3272\">Si desea personalizar este tour, no dude en contactarnos. Estaremos encantados de adaptarlo a sus necesidades.<\/p>\n","protected":false},"excerpt":{"rendered":"<p>\ud83c\udf0d Tour de 5 d\u00edas: De Casablanca a Fez v\u00eda Marrakech y el Desierto Comenzaremos este fascinante recorrido desde Casablanca hacia Marrakech, pasando por paisajes espectaculares, ciudades imperiales y el m\u00e1gico desierto del Sahara hasta llegar a Fez. \ud83d\udcc5 D\u00eda 1: Casablanca \u2013 Marrakech Tras encontrarnos en el punto acordado, iniciaremos la visita de Casablanca,&#8230;<\/p>\n","protected":false},"author":1,"featured_media":0,"parent":0,"menu_order":0,"comment_status":"closed","ping_status":"closed","template":"","meta":{"ngg_post_thumbnail":0,"_kad_post_transparent":"default","_kad_post_title":"default","_kad_post_layout":"default","_kad_post_sidebar_id":"","_kad_post_content_style":"default","_kad_post_vertical_padding":"default","_kad_post_feature":"","_kad_post_feature_position":"","_kad_post_header":false,"_kad_post_footer":false,"footnotes":""},"class_list":["post-10839","page","type-page","status-publish","hentry"],"yoast_head":"<!-- This site is optimized with the Yoast SEO plugin v21.5 - https:\/\/yoast.com\/wordpress\/plugins\/seo\/ -->\n<title>5-dias-desde-casablanca-a-fez-a-traves-del-desierto-del-sahara<\/title>\n<meta name=\"description\" content=\"&quot;Marruecos vacaciones, Marruecos consejos de viaje, Marruecos viajes privados, vacaciones a Marruecos, Marruecos viaje, mejor \u00e9poca para visitar Marruecos, vacaciones Marruecos, viajes en Marruecos, Marruecos tours del desierto, Marruecos turismo,&quot;\" \/>\n<meta name=\"robots\" content=\"index, follow, max-snippet:-1, max-image-preview:large, max-video-preview:-1\" \/>\n<link rel=\"canonical\" href=\"https:\/\/discoverysaharatours.com\/es\/5-dias-desde-casablanca-a-fez-a-traves-del-desierto-del-sahara\/\" \/>\n<meta property=\"og:locale\" content=\"en_US\" \/>\n<meta property=\"og:type\" content=\"article\" \/>\n<meta property=\"og:title\" content=\"https:\/\/web.facebook.com\/Discovery.sahara\/\" \/>\n<meta property=\"og:description\" content=\"Discovery Sahara Tours es una agencia local en Marruecos muy especializada en organizar rutas por el desierto, con veh\u00edculos 4\u00d74 que facilitan el acceso a las pistas, a los lugares menos tur\u00edsticos y m\u00e1s aut\u00e9nticos, para disfrutar de la comodidad y el confort de sus ventajas. Con excursiones en dromedarios hasta llegar a los campamentos situados en medio de las dunas y poder disfrutar de una noche bajo las estrellas. Visitar familias bereberes, compartir su estilo de vida y costumbres. Con excursiones a pie hasta llegar al oasis frecuentado por n\u00f3madas.\" \/>\n<meta property=\"og:url\" content=\"https:\/\/discoverysaharatours.com\/es\/5-dias-desde-casablanca-a-fez-a-traves-del-desierto-del-sahara\/\" \/>\n<meta property=\"og:site_name\" content=\"Discovery Sahara Tours\" \/>\n<meta property=\"article:modified_time\" content=\"2026-04-08T19:38:43+00:00\" \/>\n<meta property=\"og:image\" content=\"https:\/\/discoverysaharatours.com\/es\/wp-content\/uploads\/2022\/10\/cropped-logo-Discovery-Sahara-Tours.png\" \/>\n\t<meta property=\"og:image:width\" content=\"512\" \/>\n\t<meta property=\"og:image:height\" content=\"512\" \/>\n\t<meta property=\"og:image:type\" content=\"image\/png\" \/>\n<meta name=\"twitter:card\" content=\"summary_large_image\" \/>\n<meta name=\"twitter:label1\" content=\"Est. reading time\" \/>\n\t<meta name=\"twitter:data1\" content=\"2 minutes\" \/>\n<script type=\"application\/ld+json\" class=\"yoast-schema-graph\">{\"@context\":\"https:\/\/schema.org\",\"@graph\":[{\"@type\":\"WebPage\",\"@id\":\"https:\/\/discoverysaharatours.com\/es\/5-dias-desde-casablanca-a-fez-a-traves-del-desierto-del-sahara\/\",\"url\":\"https:\/\/discoverysaharatours.com\/es\/5-dias-desde-casablanca-a-fez-a-traves-del-desierto-del-sahara\/\",\"name\":\"5-dias-desde-casablanca-a-fez-a-traves-del-desierto-del-sahara\",\"isPartOf\":{\"@id\":\"https:\/\/discoverysaharatours.com\/es\/#website\"},\"datePublished\":\"2018-11-02T16:43:38+00:00\",\"dateModified\":\"2026-04-08T19:38:43+00:00\",\"description\":\"\\\"Marruecos vacaciones, Marruecos consejos de viaje, Marruecos viajes privados, vacaciones a Marruecos, Marruecos viaje, mejor \u00e9poca para visitar Marruecos, vacaciones Marruecos, viajes en Marruecos, Marruecos tours del desierto, Marruecos turismo,\\\"\",\"breadcrumb\":{\"@id\":\"https:\/\/discoverysaharatours.com\/es\/5-dias-desde-casablanca-a-fez-a-traves-del-desierto-del-sahara\/#breadcrumb\"},\"inLanguage\":\"en-US\",\"potentialAction\":[{\"@type\":\"ReadAction\",\"target\":[\"https:\/\/discoverysaharatours.com\/es\/5-dias-desde-casablanca-a-fez-a-traves-del-desierto-del-sahara\/\"]}]},{\"@type\":\"BreadcrumbList\",\"@id\":\"https:\/\/discoverysaharatours.com\/es\/5-dias-desde-casablanca-a-fez-a-traves-del-desierto-del-sahara\/#breadcrumb\",\"itemListElement\":[{\"@type\":\"ListItem\",\"position\":1,\"name\":\"Home\",\"item\":\"https:\/\/discoverysaharatours.com\/es\/\"},{\"@type\":\"ListItem\",\"position\":2,\"name\":\"5 d\u00edas desde Casablanca a Fez a trav\u00e9s del desierto del Sahara\"}]},{\"@type\":\"WebSite\",\"@id\":\"https:\/\/discoverysaharatours.com\/es\/#website\",\"url\":\"https:\/\/discoverysaharatours.com\/es\/\",\"name\":\"Discovery Sahara Tours\",\"description\":\"Morocco Desert Tours \/ Tours &amp; Excursions in Morocco\",\"publisher\":{\"@id\":\"https:\/\/discoverysaharatours.com\/es\/#organization\"},\"potentialAction\":[{\"@type\":\"SearchAction\",\"target\":{\"@type\":\"EntryPoint\",\"urlTemplate\":\"https:\/\/discoverysaharatours.com\/es\/?s={search_term_string}\"},\"query-input\":\"required name=search_term_string\"}],\"inLanguage\":\"en-US\"},{\"@type\":\"Organization\",\"@id\":\"https:\/\/discoverysaharatours.com\/es\/#organization\",\"name\":\"Discovery Sahara Tours\",\"url\":\"https:\/\/discoverysaharatours.com\/es\/\",\"logo\":{\"@type\":\"ImageObject\",\"inLanguage\":\"en-US\",\"@id\":\"https:\/\/discoverysaharatours.com\/es\/#\/schema\/logo\/image\/\",\"url\":\"https:\/\/discoverysaharatours.com\/es\/wp-content\/uploads\/2022\/10\/logo-Discovery-Sahara-Tours.png\",\"contentUrl\":\"https:\/\/discoverysaharatours.com\/es\/wp-content\/uploads\/2022\/10\/logo-Discovery-Sahara-Tours.png\",\"width\":557,\"height\":486,\"caption\":\"Discovery Sahara Tours\"},\"image\":{\"@id\":\"https:\/\/discoverysaharatours.com\/es\/#\/schema\/logo\/image\/\"}}]}<\/script>\n<!-- \/ Yoast SEO plugin. -->","yoast_head_json":{"title":"5-dias-desde-casablanca-a-fez-a-traves-del-desierto-del-sahara","description":"\"Marruecos vacaciones, Marruecos consejos de viaje, Marruecos viajes privados, vacaciones a Marruecos, Marruecos viaje, mejor \u00e9poca para visitar Marruecos, vacaciones Marruecos, viajes en Marruecos, Marruecos tours del desierto, Marruecos turismo,\"","robots":{"index":"index","follow":"follow","max-snippet":"max-snippet:-1","max-image-preview":"max-image-preview:large","max-video-preview":"max-video-preview:-1"},"canonical":"https:\/\/discoverysaharatours.com\/es\/5-dias-desde-casablanca-a-fez-a-traves-del-desierto-del-sahara\/","og_locale":"en_US","og_type":"article","og_title":"https:\/\/web.facebook.com\/Discovery.sahara\/","og_description":"Discovery Sahara Tours es una agencia local en Marruecos muy especializada en organizar rutas por el desierto, con veh\u00edculos 4\u00d74 que facilitan el acceso a las pistas, a los lugares menos tur\u00edsticos y m\u00e1s aut\u00e9nticos, para disfrutar de la comodidad y el confort de sus ventajas. Con excursiones en dromedarios hasta llegar a los campamentos situados en medio de las dunas y poder disfrutar de una noche bajo las estrellas. Visitar familias bereberes, compartir su estilo de vida y costumbres. Con excursiones a pie hasta llegar al oasis frecuentado por n\u00f3madas.","og_url":"https:\/\/discoverysaharatours.com\/es\/5-dias-desde-casablanca-a-fez-a-traves-del-desierto-del-sahara\/","og_site_name":"Discovery Sahara Tours","article_modified_time":"2026-04-08T19:38:43+00:00","og_image":[{"width":512,"height":512,"url":"https:\/\/discoverysaharatours.com\/es\/wp-content\/uploads\/2022\/10\/cropped-logo-Discovery-Sahara-Tours.png","type":"image\/png"}],"twitter_card":"summary_large_image","twitter_misc":{"Est. reading time":"2 minutes"},"schema":{"@context":"https:\/\/schema.org","@graph":[{"@type":"WebPage","@id":"https:\/\/discoverysaharatours.com\/es\/5-dias-desde-casablanca-a-fez-a-traves-del-desierto-del-sahara\/","url":"https:\/\/discoverysaharatours.com\/es\/5-dias-desde-casablanca-a-fez-a-traves-del-desierto-del-sahara\/","name":"5-dias-desde-casablanca-a-fez-a-traves-del-desierto-del-sahara","isPartOf":{"@id":"https:\/\/discoverysaharatours.com\/es\/#website"},"datePublished":"2018-11-02T16:43:38+00:00","dateModified":"2026-04-08T19:38:43+00:00","description":"\"Marruecos vacaciones, Marruecos consejos de viaje, Marruecos viajes privados, vacaciones a Marruecos, Marruecos viaje, mejor \u00e9poca para visitar Marruecos, vacaciones Marruecos, viajes en Marruecos, Marruecos tours del desierto, Marruecos turismo,\"","breadcrumb":{"@id":"https:\/\/discoverysaharatours.com\/es\/5-dias-desde-casablanca-a-fez-a-traves-del-desierto-del-sahara\/#breadcrumb"},"inLanguage":"en-US","potentialAction":[{"@type":"ReadAction","target":["https:\/\/discoverysaharatours.com\/es\/5-dias-desde-casablanca-a-fez-a-traves-del-desierto-del-sahara\/"]}]},{"@type":"BreadcrumbList","@id":"https:\/\/discoverysaharatours.com\/es\/5-dias-desde-casablanca-a-fez-a-traves-del-desierto-del-sahara\/#breadcrumb","itemListElement":[{"@type":"ListItem","position":1,"name":"Home","item":"https:\/\/discoverysaharatours.com\/es\/"},{"@type":"ListItem","position":2,"name":"5 d\u00edas desde Casablanca a Fez a trav\u00e9s del desierto del Sahara"}]},{"@type":"WebSite","@id":"https:\/\/discoverysaharatours.com\/es\/#website","url":"https:\/\/discoverysaharatours.com\/es\/","name":"Discovery Sahara Tours","description":"Morocco Desert Tours \/ Tours &amp; Excursions in Morocco","publisher":{"@id":"https:\/\/discoverysaharatours.com\/es\/#organization"},"potentialAction":[{"@type":"SearchAction","target":{"@type":"EntryPoint","urlTemplate":"https:\/\/discoverysaharatours.com\/es\/?s={search_term_string}"},"query-input":"required name=search_term_string"}],"inLanguage":"en-US"},{"@type":"Organization","@id":"https:\/\/discoverysaharatours.com\/es\/#organization","name":"Discovery Sahara Tours","url":"https:\/\/discoverysaharatours.com\/es\/","logo":{"@type":"ImageObject","inLanguage":"en-US","@id":"https:\/\/discoverysaharatours.com\/es\/#\/schema\/logo\/image\/","url":"https:\/\/discoverysaharatours.com\/es\/wp-content\/uploads\/2022\/10\/logo-Discovery-Sahara-Tours.png","contentUrl":"https:\/\/discoverysaharatours.com\/es\/wp-content\/uploads\/2022\/10\/logo-Discovery-Sahara-Tours.png","width":557,"height":486,"caption":"Discovery Sahara Tours"},"image":{"@id":"https:\/\/discoverysaharatours.com\/es\/#\/schema\/logo\/image\/"}}]}},"_links":{"self":[{"href":"https:\/\/discoverysaharatours.com\/es\/wp-json\/wp\/v2\/pages\/10839","targetHints":{"allow":["GET"]}}],"collection":[{"href":"https:\/\/discoverysaharatours.com\/es\/wp-json\/wp\/v2\/pages"}],"about":[{"href":"https:\/\/discoverysaharatours.com\/es\/wp-json\/wp\/v2\/types\/page"}],"author":[{"embeddable":true,"href":"https:\/\/discoverysaharatours.com\/es\/wp-json\/wp\/v2\/users\/1"}],"replies":[{"embeddable":true,"href":"https:\/\/discoverysaharatours.com\/es\/wp-json\/wp\/v2\/comments?post=10839"}],"version-history":[{"count":5,"href":"https:\/\/discoverysaharatours.com\/es\/wp-json\/wp\/v2\/pages\/10839\/revisions"}],"predecessor-version":[{"id":19731,"href":"https:\/\/discoverysaharatours.com\/es\/wp-json\/wp\/v2\/pages\/10839\/revisions\/19731"}],"wp:attachment":[{"href":"https:\/\/discoverysaharatours.com\/es\/wp-json\/wp\/v2\/media?parent=10839"}],"curies":[{"name":"wp","href":"https:\/\/api.w.org\/{rel}","templated":true}]}}