{"id":10841,"date":"2018-11-02T16:46:29","date_gmt":"2018-11-02T16:46:29","guid":{"rendered":"https:\/\/www.discoverysaharatours.com\/?page_id=10841"},"modified":"2026-04-09T10:03:48","modified_gmt":"2026-04-09T10:03:48","slug":"8-dias-desde-casablanca-a-marrakech-a-traves-del-desierto-del-sahara","status":"publish","type":"page","link":"https:\/\/discoverysaharatours.com\/es\/8-dias-desde-casablanca-a-marrakech-a-traves-del-desierto-del-sahara\/","title":{"rendered":"8 d\u00edas desde Casablanca a Marrakech a trav\u00e9s del desierto del Sahara"},"content":{"rendered":"<h1 data-section-id=\"rddlya\" data-start=\"144\" data-end=\"204\">\ud83c\udf0d Tour de 8 d\u00edas desde Casablanca al desierto y Marrakech<\/h1>\n<p data-start=\"206\" data-end=\"496\">Este recorrido de 8 d\u00edas desde <span class=\"hover:entity-accent entity-underline inline cursor-pointer align-baseline\"><span class=\"whitespace-normal\">Casablanca<\/span><\/span> hasta <span class=\"hover:entity-accent entity-underline inline cursor-pointer align-baseline\"><span class=\"whitespace-normal\">Marrakech<\/span><\/span>, pasando por el desierto del Sahara, te permitir\u00e1 descubrir lo mejor de Marruecos: ciudades imperiales, paisajes naturales, cultura bereber y experiencias \u00fanicas en el desierto.<\/p>\n<p data-start=\"498\" data-end=\"941\">Durante el viaje visitar\u00e1s lugares emblem\u00e1ticos como <span class=\"hover:entity-accent entity-underline inline cursor-pointer align-baseline\"><span class=\"whitespace-normal\">Torre Hassan<\/span><\/span>, <span class=\"hover:entity-accent entity-underline inline cursor-pointer align-baseline\"><span class=\"whitespace-normal\">Kasbah de los Udayas<\/span><\/span>, <span class=\"hover:entity-accent entity-underline inline cursor-pointer align-baseline\"><span class=\"whitespace-normal\">Meknes<\/span><\/span>, <span class=\"hover:entity-accent entity-underline inline cursor-pointer align-baseline\"><span class=\"whitespace-normal\">Fez<\/span><\/span>, el bosque de cedros de <span class=\"hover:entity-accent entity-underline inline cursor-pointer align-baseline\"><span class=\"whitespace-normal\">Azrou<\/span><\/span>, el desierto de <span class=\"hover:entity-accent entity-underline inline cursor-pointer align-baseline\"><span class=\"whitespace-normal\">Merzouga<\/span><\/span> con las dunas de <span class=\"hover:entity-accent entity-underline inline cursor-pointer align-baseline\"><span class=\"whitespace-normal\">Erg Chebbi<\/span><\/span>, y el famoso sitio UNESCO <span class=\"hover:entity-accent entity-underline inline cursor-pointer align-baseline\"><span class=\"whitespace-normal\">Ait Ben Haddou<\/span><\/span>.<\/p>\n<hr data-start=\"943\" data-end=\"946\">\n<h2 data-section-id=\"1xkl4ox\" data-start=\"948\" data-end=\"995\">\ud83d\uddd3\ufe0f <span style=\"color: #ff6600;\">D\u00eda 1: Casablanca \u2013 Rabat \u2013 Meknes \u2013 Fez<\/span><\/h2>\n<p data-start=\"997\" data-end=\"1096\">Salida desde Casablanca hacia <span class=\"hover:entity-accent entity-underline inline cursor-pointer align-baseline\"><span class=\"whitespace-normal\">Rabat<\/span><\/span>, capital del pa\u00eds. Visita de:<\/p>\n<ul data-start=\"1097\" data-end=\"1138\">\n<li data-section-id=\"3g3g6o\" data-start=\"1097\" data-end=\"1121\">Kasbah de los Udayas<\/li>\n<li data-section-id=\"1hkgr2o\" data-start=\"1122\" data-end=\"1138\">Torre Hassan<\/li>\n<\/ul>\n<p data-start=\"1140\" data-end=\"1199\">Continuaci\u00f3n hacia <span class=\"hover:entity-accent entity-underline inline cursor-pointer align-baseline\"><span class=\"whitespace-normal\">Meknes<\/span><\/span>:<\/p>\n<ul data-start=\"1200\" data-end=\"1288\">\n<li data-section-id=\"1y51851\" data-start=\"1200\" data-end=\"1243\"><span class=\"hover:entity-accent entity-underline inline cursor-pointer align-baseline\"><span class=\"whitespace-normal\">Bab Mansour<\/span><\/span><\/li>\n<li data-section-id=\"1c2pxiz\" data-start=\"1244\" data-end=\"1270\">Mausoleo Moulay Ismail<\/li>\n<li data-section-id=\"1bnbs30\" data-start=\"1271\" data-end=\"1288\">Sahrij Souani<\/li>\n<\/ul>\n<p data-start=\"1290\" data-end=\"1362\">Llegada a <span class=\"hover:entity-accent entity-underline inline cursor-pointer align-baseline\"><span class=\"whitespace-normal\">Fez<\/span><\/span> y noche en riad\/hotel.<\/p>\n<hr data-start=\"1364\" data-end=\"1367\">\n<h2 data-section-id=\"bjfgtv\" data-start=\"1369\" data-end=\"1403\">\ud83d\uddd3\ufe0f <span style=\"color: #ff6600;\">D\u00eda 2: Visita guiada de Fez<\/span><\/h2>\n<p data-start=\"1405\" data-end=\"1484\">Exploraci\u00f3n completa de <span class=\"hover:entity-accent entity-underline inline cursor-pointer align-baseline\"><span class=\"whitespace-normal\">Fez<\/span><\/span> con gu\u00eda local:<\/p>\n<ul data-start=\"1485\" data-end=\"1601\">\n<li data-section-id=\"2aoawl\" data-start=\"1485\" data-end=\"1537\"><span class=\"hover:entity-accent entity-underline inline cursor-pointer align-baseline\"><span class=\"whitespace-normal\">Medina de Fez el Bali<\/span><\/span> (UNESCO)<\/li>\n<li data-section-id=\"1vhpa5z\" data-start=\"1538\" data-end=\"1567\">Curtidur\u00edas tradicionales<\/li>\n<li data-section-id=\"wdx96p\" data-start=\"1568\" data-end=\"1601\">Madrasas (escuelas cor\u00e1nicas)<\/li>\n<\/ul>\n<p data-start=\"1603\" data-end=\"1623\">Noche en riad\/hotel.<\/p>\n<hr data-start=\"1625\" data-end=\"1628\">\n<h2 data-section-id=\"af9myf\" data-start=\"1630\" data-end=\"1675\">\ud83d\uddd3\ufe0f <span style=\"color: #ff6600;\">D\u00eda 3: Fez \u2013 Ifrane \u2013 Azrou \u2013 Merzouga<\/span><\/h2>\n<p data-start=\"1677\" data-end=\"1690\">Salida hacia:<\/p>\n<ul data-start=\"1691\" data-end=\"1800\">\n<li data-section-id=\"1ddhe3q\" data-start=\"1691\" data-end=\"1756\"><span class=\"hover:entity-accent entity-underline inline cursor-pointer align-baseline\"><span class=\"whitespace-normal\">Ifrane<\/span><\/span> (la \u201cSuiza marroqu\u00ed\u201d)<\/li>\n<li data-section-id=\"v811it\" data-start=\"1757\" data-end=\"1800\"><span class=\"hover:entity-accent entity-underline inline cursor-pointer align-baseline\"><span class=\"whitespace-normal\">Bosque de Cedros de Azrou<\/span><\/span><\/li>\n<\/ul>\n<p data-start=\"1802\" data-end=\"1897\">Paso por Midelt, valle del Ziz y Erfoud hasta llegar a <span class=\"hover:entity-accent entity-underline inline cursor-pointer align-baseline\"><span class=\"whitespace-normal\">Merzouga<\/span><\/span>.<\/p>\n<p data-start=\"1899\" data-end=\"1926\">Experiencia en el desierto:<\/p>\n<ul data-start=\"1927\" data-end=\"2017\">\n<li data-section-id=\"1vuo7la\" data-start=\"1927\" data-end=\"1947\">Paseo en camello<\/li>\n<li data-section-id=\"1xvyb1f\" data-start=\"1948\" data-end=\"1974\">Atardecer en las dunas<\/li>\n<li data-section-id=\"qi2ip3\" data-start=\"1975\" data-end=\"2017\">Noche en campamento con m\u00fasica bereber<\/li>\n<\/ul>\n<hr data-start=\"2019\" data-end=\"2022\">\n<h2 data-section-id=\"1986rbj\" data-start=\"2024\" data-end=\"2073\">\ud83d\uddd3\ufe0f <span style=\"color: #ff6600;\">D\u00eda 4: Exploraci\u00f3n del desierto (Merzouga)<\/span><\/h2>\n<ul data-start=\"2075\" data-end=\"2203\">\n<li data-section-id=\"pedvps\" data-start=\"2075\" data-end=\"2100\">Amanecer en el Sahara<\/li>\n<li data-section-id=\"8ktvn8\" data-start=\"2101\" data-end=\"2168\">Visita a <span class=\"hover:entity-accent entity-underline inline cursor-pointer align-baseline\"><span class=\"whitespace-normal\">Khamlia<\/span><\/span> (m\u00fasica Gnawa)<\/li>\n<li data-section-id=\"ufm0zq\" data-start=\"2169\" data-end=\"2203\">Encuentro con familias n\u00f3madas<\/li>\n<\/ul>\n<p data-start=\"2205\" data-end=\"2237\">Noche en hotel\/riad en Merzouga.<\/p>\n<hr data-start=\"2239\" data-end=\"2242\">\n<h2 data-section-id=\"1iwxwte\" data-start=\"2244\" data-end=\"2316\">\ud83d\uddd3\ufe0f <span style=\"color: #ff6600;\">D\u00eda 5: Merzouga \u2013 Rissani \u2013 Gargantas del Todra \u2013 Valle del Dades<\/span><\/h2>\n<p data-start=\"2318\" data-end=\"2331\">Salida hacia:<\/p>\n<ul data-start=\"2332\" data-end=\"2441\">\n<li data-section-id=\"cuj25n\" data-start=\"2332\" data-end=\"2397\"><span class=\"hover:entity-accent entity-underline inline cursor-pointer align-baseline\"><span class=\"whitespace-normal\">Rissani<\/span><\/span> (mercado tradicional)<\/li>\n<li data-section-id=\"n668ol\" data-start=\"2398\" data-end=\"2441\"><span class=\"hover:entity-accent entity-underline inline cursor-pointer align-baseline\"><span class=\"whitespace-normal\">Gargantas del Todra<\/span><\/span><\/li>\n<\/ul>\n<p data-start=\"2443\" data-end=\"2537\">Continuaci\u00f3n al <span class=\"hover:entity-accent entity-underline inline cursor-pointer align-baseline\"><span class=\"whitespace-normal\">Valle del Dades<\/span><\/span>.<br data-start=\"2499\" data-end=\"2502\">Noche en hotel con vistas al valle.<\/p>\n<hr data-start=\"2539\" data-end=\"2542\">\n<h2 data-section-id=\"1l5ct1u\" data-start=\"2544\" data-end=\"2605\">\ud83d\uddd3\ufe0f <span style=\"color: #ff6600;\">D\u00eda 6: Dades \u2013 Ouarzazate \u2013 Ait Ben Haddou \u2013 Marrakech<\/span><\/h2>\n<p data-start=\"2607\" data-end=\"2616\">Ruta por:<\/p>\n<ul data-start=\"2617\" data-end=\"2758\">\n<li data-section-id=\"cnivzt\" data-start=\"2617\" data-end=\"2639\">Valle de las Rosas<\/li>\n<li data-section-id=\"111nlgm\" data-start=\"2640\" data-end=\"2705\"><span class=\"hover:entity-accent entity-underline inline cursor-pointer align-baseline\"><span class=\"whitespace-normal\">Ouarzazate<\/span><\/span> (Hollywood de \u00c1frica)<\/li>\n<li data-section-id=\"anbiet\" data-start=\"2706\" data-end=\"2758\"><span class=\"hover:entity-accent entity-underline inline cursor-pointer align-baseline\"><span class=\"whitespace-normal\">Ait Ben Haddou<\/span><\/span> (UNESCO)<\/li>\n<\/ul>\n<p data-start=\"2760\" data-end=\"2860\">Cruce del Alto Atlas por el paso Tizi n\u2019Tichka.<br data-start=\"2807\" data-end=\"2810\">Llegada a <span class=\"hover:entity-accent entity-underline inline cursor-pointer align-baseline\"><span class=\"whitespace-normal\">Marrakech<\/span><\/span>.<\/p>\n<hr data-start=\"2862\" data-end=\"2865\">\n<h2 data-section-id=\"11hvdqy\" data-start=\"2867\" data-end=\"2902\">\ud83d\uddd3\ufe0f<span style=\"color: #ff6600;\"> D\u00eda 7: Excursi\u00f3n a Essaouira<\/span><\/h2>\n<p data-start=\"2904\" data-end=\"2966\">Excursi\u00f3n a <span class=\"hover:entity-accent entity-underline inline cursor-pointer align-baseline\"><span class=\"whitespace-normal\">Essaouira<\/span><\/span> (Mogador):<\/p>\n<ul data-start=\"2967\" data-end=\"3020\">\n<li data-section-id=\"1qjhqte\" data-start=\"2967\" data-end=\"2986\">Medina (UNESCO)<\/li>\n<li data-section-id=\"m85axv\" data-start=\"2987\" data-end=\"3007\">Puerto hist\u00f3rico<\/li>\n<li data-section-id=\"i7gevl\" data-start=\"3008\" data-end=\"3020\">Murallas<\/li>\n<\/ul>\n<p data-start=\"3022\" data-end=\"3042\">Regreso a Marrakech.<\/p>\n<hr data-start=\"3044\" data-end=\"3047\">\n<h2 data-section-id=\"1a6g5rc\" data-start=\"3049\" data-end=\"3089\">\ud83d\uddd3\ufe0f <span style=\"color: #ff6600;\">D\u00eda 8: Visita guiada de Marrakech<\/span><\/h2>\n<p data-start=\"3091\" data-end=\"3140\">Descubre <span class=\"hover:entity-accent entity-underline inline cursor-pointer align-baseline\"><span class=\"whitespace-normal\">Marrakech<\/span><\/span>:<\/p>\n<ul data-start=\"3141\" data-end=\"3340\">\n<li data-section-id=\"1adlmwl\" data-start=\"3141\" data-end=\"3184\"><span class=\"hover:entity-accent entity-underline inline cursor-pointer align-baseline\"><span class=\"whitespace-normal\">Mezquita Koutoubia<\/span><\/span><\/li>\n<li data-section-id=\"8snzhx\" data-start=\"3185\" data-end=\"3228\"><span class=\"hover:entity-accent entity-underline inline cursor-pointer align-baseline\"><span class=\"whitespace-normal\">Jard\u00edn Majorelle<\/span><\/span><\/li>\n<li data-section-id=\"1eriktx\" data-start=\"3229\" data-end=\"3272\"><span class=\"hover:entity-accent entity-underline inline cursor-pointer align-baseline\"><span class=\"whitespace-normal\">Tumbas Saad\u00edes<\/span><\/span><\/li>\n<li data-section-id=\"7thi7p\" data-start=\"3273\" data-end=\"3316\"><span class=\"hover:entity-accent entity-underline inline cursor-pointer align-baseline\"><span class=\"whitespace-normal\">Plaza Jemaa el-Fna<\/span><\/span><\/li>\n<li data-section-id=\"178mq9k\" data-start=\"3317\" data-end=\"3340\">Zocos tradicionales<\/li>\n<\/ul>\n<p data-start=\"3342\" data-end=\"3368\">Tiempo libre por la tarde.<\/p>\n<hr data-start=\"3370\" data-end=\"3373\">\n<h1 data-section-id=\"1gdxglr\" data-start=\"3375\" data-end=\"3390\">\u2705 <span style=\"color: #ff6600;\">Qu\u00e9 incluye<\/span><\/h1>\n<ul data-start=\"3391\" data-end=\"3606\">\n<li data-section-id=\"4ok1vv\" data-start=\"3391\" data-end=\"3436\">Transporte privado con aire acondicionado<\/li>\n<li data-section-id=\"khxukc\" data-start=\"3437\" data-end=\"3467\">Conductor\/gu\u00eda multiling\u00fce<\/li>\n<li data-section-id=\"1xlc6vv\" data-start=\"3468\" data-end=\"3483\">Combustible<\/li>\n<li data-section-id=\"h0295u\" data-start=\"3484\" data-end=\"3512\">6 noches en hotel o riad<\/li>\n<li data-section-id=\"hsy8p0\" data-start=\"3513\" data-end=\"3571\">1 noche en campamento en el desierto (cena y desayuno)<\/li>\n<li data-section-id=\"1vuo7la\" data-start=\"3572\" data-end=\"3592\">Paseo en camello<\/li>\n<li data-section-id=\"l5n3vu\" data-start=\"3593\" data-end=\"3606\">Sandboard<\/li>\n<\/ul>\n<hr data-start=\"3608\" data-end=\"3611\">\n<h1 data-section-id=\"1pkbjgq\" data-start=\"3613\" data-end=\"3627\">\u274c <span style=\"color: #ff6600;\">No incluye<\/span><\/h1>\n<ul data-start=\"3628\" data-end=\"3712\">\n<li data-section-id=\"u610en\" data-start=\"3628\" data-end=\"3651\">Almuerzos y bebidas<\/li>\n<li data-section-id=\"1u6l1ge\" data-start=\"3652\" data-end=\"3662\">Vuelos<\/li>\n<li data-section-id=\"k8ve4k\" data-start=\"3663\" data-end=\"3688\">Entradas a monumentos<\/li>\n<li data-section-id=\"13074cq\" data-start=\"3689\" data-end=\"3712\">Hotel en Casablanca<\/li>\n<\/ul>\n<hr data-start=\"3714\" data-end=\"3717\">\n<p data-start=\"3719\" data-end=\"3844\">\u2728 <strong data-start=\"3721\" data-end=\"3730\">Nota:<\/strong> Este tour es totalmente personalizable. Podemos adaptarlo seg\u00fan tus preferencias, duraci\u00f3n o tipo de alojamiento.<\/p>\n","protected":false},"excerpt":{"rendered":"<p>\ud83c\udf0d Tour de 8 d\u00edas desde Casablanca al desierto y Marrakech Este recorrido de 8 d\u00edas desde Casablanca hasta Marrakech, pasando por el desierto del Sahara, te permitir\u00e1 descubrir lo mejor de Marruecos: ciudades imperiales, paisajes naturales, cultura bereber y experiencias \u00fanicas en el desierto. Durante el viaje visitar\u00e1s lugares emblem\u00e1ticos como Torre Hassan, Kasbah&#8230;<\/p>\n","protected":false},"author":1,"featured_media":0,"parent":0,"menu_order":0,"comment_status":"closed","ping_status":"closed","template":"","meta":{"ngg_post_thumbnail":0,"_kad_post_transparent":"default","_kad_post_title":"default","_kad_post_layout":"default","_kad_post_sidebar_id":"","_kad_post_content_style":"default","_kad_post_vertical_padding":"default","_kad_post_feature":"","_kad_post_feature_position":"","_kad_post_header":false,"_kad_post_footer":false,"footnotes":""},"class_list":["post-10841","page","type-page","status-publish","hentry"],"yoast_head":"<!-- This site is optimized with the Yoast SEO plugin v21.5 - https:\/\/yoast.com\/wordpress\/plugins\/seo\/ -->\n<title>8-dias-desde-casablanca-a-marrakech-a-traves-del<\/title>\n<meta name=\"description\" content=\"&quot;Marruecos vacaciones, Marruecos consejos de viaje, Marruecos viajes privados, vacaciones a Marruecos, Marruecos viaje, mejor \u00e9poca para visitar Marruecos, vacaciones Marruecos, viajes en Marruecos, Marruecos tours del desierto, Marruecos turismo,&quot;\" \/>\n<meta name=\"robots\" content=\"index, follow, max-snippet:-1, max-image-preview:large, max-video-preview:-1\" \/>\n<link rel=\"canonical\" href=\"https:\/\/discoverysaharatours.com\/es\/8-dias-desde-casablanca-a-marrakech-a-traves-del-desierto-del-sahara\/\" \/>\n<meta property=\"og:locale\" content=\"en_US\" \/>\n<meta property=\"og:type\" content=\"article\" \/>\n<meta property=\"og:title\" content=\"https:\/\/web.facebook.com\/Discovery.sahara\/\" \/>\n<meta property=\"og:description\" content=\"Discovery Sahara Tours es una agencia local en Marruecos muy especializada en organizar rutas por el desierto, con veh\u00edculos 4\u00d74 que facilitan el acceso a las pistas, a los lugares menos tur\u00edsticos y m\u00e1s aut\u00e9nticos, para disfrutar de la comodidad y el confort de sus ventajas. Con excursiones en dromedarios hasta llegar a los campamentos situados en medio de las dunas y poder disfrutar de una noche bajo las estrellas. Visitar familias bereberes, compartir su estilo de vida y costumbres. Con excursiones a pie hasta llegar al oasis frecuentado por n\u00f3madas.\" \/>\n<meta property=\"og:url\" content=\"https:\/\/discoverysaharatours.com\/es\/8-dias-desde-casablanca-a-marrakech-a-traves-del-desierto-del-sahara\/\" \/>\n<meta property=\"og:site_name\" content=\"Discovery Sahara Tours\" \/>\n<meta property=\"article:modified_time\" content=\"2026-04-09T10:03:48+00:00\" \/>\n<meta property=\"og:image\" content=\"https:\/\/discoverysaharatours.com\/es\/wp-content\/uploads\/2022\/10\/cropped-logo-Discovery-Sahara-Tours.png\" \/>\n\t<meta property=\"og:image:width\" content=\"512\" \/>\n\t<meta property=\"og:image:height\" content=\"512\" \/>\n\t<meta property=\"og:image:type\" content=\"image\/png\" \/>\n<meta name=\"twitter:card\" content=\"summary_large_image\" \/>\n<meta name=\"twitter:label1\" content=\"Est. reading time\" \/>\n\t<meta name=\"twitter:data1\" content=\"2 minutes\" \/>\n<script type=\"application\/ld+json\" class=\"yoast-schema-graph\">{\"@context\":\"https:\/\/schema.org\",\"@graph\":[{\"@type\":\"WebPage\",\"@id\":\"https:\/\/discoverysaharatours.com\/es\/8-dias-desde-casablanca-a-marrakech-a-traves-del-desierto-del-sahara\/\",\"url\":\"https:\/\/discoverysaharatours.com\/es\/8-dias-desde-casablanca-a-marrakech-a-traves-del-desierto-del-sahara\/\",\"name\":\"8-dias-desde-casablanca-a-marrakech-a-traves-del\",\"isPartOf\":{\"@id\":\"https:\/\/discoverysaharatours.com\/es\/#website\"},\"datePublished\":\"2018-11-02T16:46:29+00:00\",\"dateModified\":\"2026-04-09T10:03:48+00:00\",\"description\":\"\\\"Marruecos vacaciones, Marruecos consejos de viaje, Marruecos viajes privados, vacaciones a Marruecos, Marruecos viaje, mejor \u00e9poca para visitar Marruecos, vacaciones Marruecos, viajes en Marruecos, Marruecos tours del desierto, Marruecos turismo,\\\"\",\"breadcrumb\":{\"@id\":\"https:\/\/discoverysaharatours.com\/es\/8-dias-desde-casablanca-a-marrakech-a-traves-del-desierto-del-sahara\/#breadcrumb\"},\"inLanguage\":\"en-US\",\"potentialAction\":[{\"@type\":\"ReadAction\",\"target\":[\"https:\/\/discoverysaharatours.com\/es\/8-dias-desde-casablanca-a-marrakech-a-traves-del-desierto-del-sahara\/\"]}]},{\"@type\":\"BreadcrumbList\",\"@id\":\"https:\/\/discoverysaharatours.com\/es\/8-dias-desde-casablanca-a-marrakech-a-traves-del-desierto-del-sahara\/#breadcrumb\",\"itemListElement\":[{\"@type\":\"ListItem\",\"position\":1,\"name\":\"Home\",\"item\":\"https:\/\/discoverysaharatours.com\/es\/\"},{\"@type\":\"ListItem\",\"position\":2,\"name\":\"8 d\u00edas desde Casablanca a Marrakech a trav\u00e9s del desierto del Sahara\"}]},{\"@type\":\"WebSite\",\"@id\":\"https:\/\/discoverysaharatours.com\/es\/#website\",\"url\":\"https:\/\/discoverysaharatours.com\/es\/\",\"name\":\"Discovery Sahara Tours\",\"description\":\"Morocco Desert Tours \/ Tours &amp; Excursions in Morocco\",\"publisher\":{\"@id\":\"https:\/\/discoverysaharatours.com\/es\/#organization\"},\"potentialAction\":[{\"@type\":\"SearchAction\",\"target\":{\"@type\":\"EntryPoint\",\"urlTemplate\":\"https:\/\/discoverysaharatours.com\/es\/?s={search_term_string}\"},\"query-input\":\"required name=search_term_string\"}],\"inLanguage\":\"en-US\"},{\"@type\":\"Organization\",\"@id\":\"https:\/\/discoverysaharatours.com\/es\/#organization\",\"name\":\"Discovery Sahara Tours\",\"url\":\"https:\/\/discoverysaharatours.com\/es\/\",\"logo\":{\"@type\":\"ImageObject\",\"inLanguage\":\"en-US\",\"@id\":\"https:\/\/discoverysaharatours.com\/es\/#\/schema\/logo\/image\/\",\"url\":\"https:\/\/discoverysaharatours.com\/es\/wp-content\/uploads\/2022\/10\/logo-Discovery-Sahara-Tours.png\",\"contentUrl\":\"https:\/\/discoverysaharatours.com\/es\/wp-content\/uploads\/2022\/10\/logo-Discovery-Sahara-Tours.png\",\"width\":557,\"height\":486,\"caption\":\"Discovery Sahara Tours\"},\"image\":{\"@id\":\"https:\/\/discoverysaharatours.com\/es\/#\/schema\/logo\/image\/\"}}]}<\/script>\n<!-- \/ Yoast SEO plugin. -->","yoast_head_json":{"title":"8-dias-desde-casablanca-a-marrakech-a-traves-del","description":"\"Marruecos vacaciones, Marruecos consejos de viaje, Marruecos viajes privados, vacaciones a Marruecos, Marruecos viaje, mejor \u00e9poca para visitar Marruecos, vacaciones Marruecos, viajes en Marruecos, Marruecos tours del desierto, Marruecos turismo,\"","robots":{"index":"index","follow":"follow","max-snippet":"max-snippet:-1","max-image-preview":"max-image-preview:large","max-video-preview":"max-video-preview:-1"},"canonical":"https:\/\/discoverysaharatours.com\/es\/8-dias-desde-casablanca-a-marrakech-a-traves-del-desierto-del-sahara\/","og_locale":"en_US","og_type":"article","og_title":"https:\/\/web.facebook.com\/Discovery.sahara\/","og_description":"Discovery Sahara Tours es una agencia local en Marruecos muy especializada en organizar rutas por el desierto, con veh\u00edculos 4\u00d74 que facilitan el acceso a las pistas, a los lugares menos tur\u00edsticos y m\u00e1s aut\u00e9nticos, para disfrutar de la comodidad y el confort de sus ventajas. Con excursiones en dromedarios hasta llegar a los campamentos situados en medio de las dunas y poder disfrutar de una noche bajo las estrellas. Visitar familias bereberes, compartir su estilo de vida y costumbres. Con excursiones a pie hasta llegar al oasis frecuentado por n\u00f3madas.","og_url":"https:\/\/discoverysaharatours.com\/es\/8-dias-desde-casablanca-a-marrakech-a-traves-del-desierto-del-sahara\/","og_site_name":"Discovery Sahara Tours","article_modified_time":"2026-04-09T10:03:48+00:00","og_image":[{"width":512,"height":512,"url":"https:\/\/discoverysaharatours.com\/es\/wp-content\/uploads\/2022\/10\/cropped-logo-Discovery-Sahara-Tours.png","type":"image\/png"}],"twitter_card":"summary_large_image","twitter_misc":{"Est. reading time":"2 minutes"},"schema":{"@context":"https:\/\/schema.org","@graph":[{"@type":"WebPage","@id":"https:\/\/discoverysaharatours.com\/es\/8-dias-desde-casablanca-a-marrakech-a-traves-del-desierto-del-sahara\/","url":"https:\/\/discoverysaharatours.com\/es\/8-dias-desde-casablanca-a-marrakech-a-traves-del-desierto-del-sahara\/","name":"8-dias-desde-casablanca-a-marrakech-a-traves-del","isPartOf":{"@id":"https:\/\/discoverysaharatours.com\/es\/#website"},"datePublished":"2018-11-02T16:46:29+00:00","dateModified":"2026-04-09T10:03:48+00:00","description":"\"Marruecos vacaciones, Marruecos consejos de viaje, Marruecos viajes privados, vacaciones a Marruecos, Marruecos viaje, mejor \u00e9poca para visitar Marruecos, vacaciones Marruecos, viajes en Marruecos, Marruecos tours del desierto, Marruecos turismo,\"","breadcrumb":{"@id":"https:\/\/discoverysaharatours.com\/es\/8-dias-desde-casablanca-a-marrakech-a-traves-del-desierto-del-sahara\/#breadcrumb"},"inLanguage":"en-US","potentialAction":[{"@type":"ReadAction","target":["https:\/\/discoverysaharatours.com\/es\/8-dias-desde-casablanca-a-marrakech-a-traves-del-desierto-del-sahara\/"]}]},{"@type":"BreadcrumbList","@id":"https:\/\/discoverysaharatours.com\/es\/8-dias-desde-casablanca-a-marrakech-a-traves-del-desierto-del-sahara\/#breadcrumb","itemListElement":[{"@type":"ListItem","position":1,"name":"Home","item":"https:\/\/discoverysaharatours.com\/es\/"},{"@type":"ListItem","position":2,"name":"8 d\u00edas desde Casablanca a Marrakech a trav\u00e9s del desierto del Sahara"}]},{"@type":"WebSite","@id":"https:\/\/discoverysaharatours.com\/es\/#website","url":"https:\/\/discoverysaharatours.com\/es\/","name":"Discovery Sahara Tours","description":"Morocco Desert Tours \/ Tours &amp; Excursions in Morocco","publisher":{"@id":"https:\/\/discoverysaharatours.com\/es\/#organization"},"potentialAction":[{"@type":"SearchAction","target":{"@type":"EntryPoint","urlTemplate":"https:\/\/discoverysaharatours.com\/es\/?s={search_term_string}"},"query-input":"required name=search_term_string"}],"inLanguage":"en-US"},{"@type":"Organization","@id":"https:\/\/discoverysaharatours.com\/es\/#organization","name":"Discovery Sahara Tours","url":"https:\/\/discoverysaharatours.com\/es\/","logo":{"@type":"ImageObject","inLanguage":"en-US","@id":"https:\/\/discoverysaharatours.com\/es\/#\/schema\/logo\/image\/","url":"https:\/\/discoverysaharatours.com\/es\/wp-content\/uploads\/2022\/10\/logo-Discovery-Sahara-Tours.png","contentUrl":"https:\/\/discoverysaharatours.com\/es\/wp-content\/uploads\/2022\/10\/logo-Discovery-Sahara-Tours.png","width":557,"height":486,"caption":"Discovery Sahara Tours"},"image":{"@id":"https:\/\/discoverysaharatours.com\/es\/#\/schema\/logo\/image\/"}}]}},"_links":{"self":[{"href":"https:\/\/discoverysaharatours.com\/es\/wp-json\/wp\/v2\/pages\/10841","targetHints":{"allow":["GET"]}}],"collection":[{"href":"https:\/\/discoverysaharatours.com\/es\/wp-json\/wp\/v2\/pages"}],"about":[{"href":"https:\/\/discoverysaharatours.com\/es\/wp-json\/wp\/v2\/types\/page"}],"author":[{"embeddable":true,"href":"https:\/\/discoverysaharatours.com\/es\/wp-json\/wp\/v2\/users\/1"}],"replies":[{"embeddable":true,"href":"https:\/\/discoverysaharatours.com\/es\/wp-json\/wp\/v2\/comments?post=10841"}],"version-history":[{"count":5,"href":"https:\/\/discoverysaharatours.com\/es\/wp-json\/wp\/v2\/pages\/10841\/revisions"}],"predecessor-version":[{"id":19743,"href":"https:\/\/discoverysaharatours.com\/es\/wp-json\/wp\/v2\/pages\/10841\/revisions\/19743"}],"wp:attachment":[{"href":"https:\/\/discoverysaharatours.com\/es\/wp-json\/wp\/v2\/media?parent=10841"}],"curies":[{"name":"wp","href":"https:\/\/api.w.org\/{rel}","templated":true}]}}