{"id":10842,"date":"2018-11-02T16:47:10","date_gmt":"2018-11-02T16:47:10","guid":{"rendered":"https:\/\/www.discoverysaharatours.com\/?page_id=10842"},"modified":"2026-04-10T09:03:31","modified_gmt":"2026-04-10T09:03:31","slug":"9-dias-desde-casablanca-a-chefchaouen-a-traves-del-desierto-del-sahara","status":"publish","type":"page","link":"https:\/\/discoverysaharatours.com\/es\/9-dias-desde-casablanca-a-chefchaouen-a-traves-del-desierto-del-sahara\/","title":{"rendered":"9 d\u00edas desde Casablanca a Chefchaouen a trav\u00e9s del desierto del Sahara"},"content":{"rendered":"<h2 data-section-id=\"901834\" data-start=\"132\" data-end=\"209\">\ud83c\udf0d Tour de 9 d\u00edas por Marruecos: de Casablanca al desierto, Fez y el norte<\/h2>\n<p data-start=\"211\" data-end=\"326\">Descubre lo mejor de Marruecos en un viaje inolvidable que combina ciudades imperiales, monta\u00f1as, desierto y costa.<\/p>\n<hr data-start=\"328\" data-end=\"331\">\n<h3 data-section-id=\"133vpho\" data-start=\"333\" data-end=\"372\">\ud83d\uddd3\ufe0f <span style=\"color: #ff6600;\">D\u00eda 1: Casablanca \u2013 Marrakech<\/span><\/h3>\n<p data-start=\"373\" data-end=\"745\">Comenzaremos el recorrido en <span class=\"hover:entity-accent entity-underline inline cursor-pointer align-baseline\"><span class=\"whitespace-normal\">Casablanca<\/span><\/span>, donde visitaremos la impresionante <span class=\"hover:entity-accent entity-underline inline cursor-pointer align-baseline\"><span class=\"whitespace-normal\">Mezquita Hassan II<\/span><\/span>, una de las m\u00e1s grandes del mundo. Tambi\u00e9n exploraremos la Corniche y la Plaza de las Naciones Unidas.<br data-start=\"616\" data-end=\"619\">Luego, salida hacia <span class=\"hover:entity-accent entity-underline inline cursor-pointer align-baseline\"><span class=\"whitespace-normal\">Marrakech<\/span><\/span>. Tiempo libre para pasear por la medina.<br data-start=\"717\" data-end=\"720\">\ud83c\udfe8 Noche en hotel o riad.<\/p>\n<hr data-start=\"747\" data-end=\"750\">\n<h3 data-section-id=\"1a7s04h\" data-start=\"752\" data-end=\"795\">\ud83d\uddd3\ufe0f <span style=\"color: #ff6600;\">D\u00eda 2: Visita guiada de Marrakech<\/span><\/h3>\n<p data-start=\"796\" data-end=\"868\">Con gu\u00eda local, descubriremos los principales atractivos de la ciudad:<\/p>\n<ul data-start=\"869\" data-end=\"1078\">\n<li data-section-id=\"cgv1px\" data-start=\"869\" data-end=\"910\"><span class=\"hover:entity-accent entity-underline inline cursor-pointer align-baseline\"><span class=\"whitespace-normal\">Jardines de la Menara<\/span><\/span><\/li>\n<li data-section-id=\"eyrt5h\" data-start=\"911\" data-end=\"952\"><span class=\"hover:entity-accent entity-underline inline cursor-pointer align-baseline\"><span class=\"whitespace-normal\">Mezquita Koutoubia<\/span><\/span><\/li>\n<li data-section-id=\"hjs5dh\" data-start=\"953\" data-end=\"994\"><span class=\"hover:entity-accent entity-underline inline cursor-pointer align-baseline\"><span class=\"whitespace-normal\">Jard\u00edn Majorelle<\/span><\/span><\/li>\n<li data-section-id=\"pzvh1x\" data-start=\"995\" data-end=\"1036\"><span class=\"hover:entity-accent entity-underline inline cursor-pointer align-baseline\"><span class=\"whitespace-normal\">Palacio de la Bah\u00eda<\/span><\/span><\/li>\n<li data-section-id=\"1l5awad\" data-start=\"1037\" data-end=\"1078\"><span class=\"hover:entity-accent entity-underline inline cursor-pointer align-baseline\"><span class=\"whitespace-normal\">Dar Si Said<\/span><\/span><\/li>\n<\/ul>\n<p data-start=\"1080\" data-end=\"1198\">Paseo por los zocos y tiempo en la famosa <span class=\"hover:entity-accent entity-underline inline cursor-pointer align-baseline\"><span class=\"whitespace-normal\">Plaza Jemaa el-Fna<\/span><\/span> al atardecer.<br data-start=\"1173\" data-end=\"1176\">\ud83c\udfe8 Noche en Marrakech.<\/p>\n<hr data-start=\"1200\" data-end=\"1203\">\n<h3 data-section-id=\"32tl0w\" data-start=\"1205\" data-end=\"1275\">\ud83d\uddd3\ufe0f <span style=\"color: #ff6600;\">D\u00eda 3: Marrakech \u2013 Alto Atlas \u2013 Ouarzazate \u2013 Valle del Dades<\/span><\/h3>\n<p data-start=\"1276\" data-end=\"1493\">Salida hacia el Alto Atlas atravesando el puerto de Tizi n\u2019Tichka.<br data-start=\"1342\" data-end=\"1345\">Visita del sitio Patrimonio de la UNESCO <span class=\"hover:entity-accent entity-underline inline cursor-pointer align-baseline\"><span class=\"whitespace-normal\">Ait Ben Haddou<\/span><\/span>.<br data-start=\"1424\" data-end=\"1427\">Continuaci\u00f3n hacia el Valle del Dades.<br data-start=\"1465\" data-end=\"1468\">\ud83c\udfe8 Noche en hotel o riad.<\/p>\n<hr data-start=\"1495\" data-end=\"1498\">\n<h3 data-section-id=\"1awcxse\" data-start=\"1500\" data-end=\"1565\">\ud83d\uddd3\ufe0f <span style=\"color: #ff6600;\">D\u00eda 4: Valle del Dades \u2013 Gargantas del Todra \u2013 Merzouga<\/span><\/h3>\n<p data-start=\"1566\" data-end=\"1605\">Salida hacia el desierto pasando por:<\/p>\n<ul data-start=\"1606\" data-end=\"1685\">\n<li data-section-id=\"x79p85\" data-start=\"1606\" data-end=\"1649\"><span class=\"hover:entity-accent entity-underline inline cursor-pointer align-baseline\"><span class=\"whitespace-normal\">Gargantas del Todra<\/span><\/span><\/li>\n<li data-section-id=\"1vbya02\" data-start=\"1650\" data-end=\"1685\">Erfoud y el valle del Tafilalet<\/li>\n<\/ul>\n<p data-start=\"1687\" data-end=\"1880\">Llegada a <span class=\"hover:entity-accent entity-underline inline cursor-pointer align-baseline\"><span class=\"whitespace-normal\">Merzouga<\/span><\/span>.<br data-start=\"1737\" data-end=\"1740\">Paseo en camello por las dunas de <span class=\"hover:entity-accent entity-underline inline cursor-pointer align-baseline\"><span class=\"whitespace-normal\">Erg Chebbi<\/span><\/span> al atardecer.<br data-start=\"1827\" data-end=\"1830\">\ud83c\udfd5\ufe0f Noche en campamento bereber con cena y m\u00fasica.<\/p>\n<hr data-start=\"1882\" data-end=\"1885\">\n<h3 data-section-id=\"1nks6pj\" data-start=\"1887\" data-end=\"1943\">\ud83d\uddd3\ufe0f <span style=\"color: #ff6600;\">D\u00eda 5: Merzouga \u2013 Valle del Ziz \u2013 Ifrane \u2013 Fez<\/span><\/h3>\n<p data-start=\"1944\" data-end=\"2057\">Amanecer en el desierto y regreso en camello.<br data-start=\"1989\" data-end=\"1992\">Ruta hacia <span class=\"hover:entity-accent entity-underline inline cursor-pointer align-baseline\"><span class=\"whitespace-normal\">Fez<\/span><\/span> pasando por:<\/p>\n<ul data-start=\"2058\" data-end=\"2196\">\n<li data-section-id=\"1l0kzzy\" data-start=\"2058\" data-end=\"2075\">Valle del Ziz<\/li>\n<li data-section-id=\"1dinmgl\" data-start=\"2076\" data-end=\"2086\">Midelt<\/li>\n<li data-section-id=\"g165th\" data-start=\"2087\" data-end=\"2130\"><span class=\"hover:entity-accent entity-underline inline cursor-pointer align-baseline\"><span class=\"whitespace-normal\">Bosque de cedros de Azrou<\/span><\/span><\/li>\n<li data-section-id=\"1xnm84m\" data-start=\"2131\" data-end=\"2196\"><span class=\"hover:entity-accent entity-underline inline cursor-pointer align-baseline\"><span class=\"whitespace-normal\">Ifrane<\/span><\/span> (la \u201cSuiza marroqu\u00ed\u201d)<\/li>\n<\/ul>\n<p data-start=\"2198\" data-end=\"2214\">\ud83c\udfe8 Noche en Fez.<\/p>\n<hr data-start=\"2216\" data-end=\"2219\">\n<h3 data-section-id=\"12ojit0\" data-start=\"2221\" data-end=\"2258\">\ud83d\uddd3\ufe0f <span style=\"color: #ff6600;\">D\u00eda 6: Visita guiada de Fez<\/span><\/h3>\n<p data-start=\"2259\" data-end=\"2329\">Exploraci\u00f3n de la medina de <span class=\"hover:entity-accent entity-underline inline cursor-pointer align-baseline\"><span class=\"whitespace-normal\">Fez<\/span><\/span>:<\/p>\n<ul data-start=\"2330\" data-end=\"2473\">\n<li data-section-id=\"v811it\" data-start=\"2330\" data-end=\"2373\"><span class=\"hover:entity-accent entity-underline inline cursor-pointer align-baseline\"><span class=\"whitespace-normal\">Universidad Al Qarawiyyin<\/span><\/span><\/li>\n<li data-section-id=\"zd2f1b\" data-start=\"2374\" data-end=\"2403\">Mausoleo de Moulay Idriss<\/li>\n<li data-section-id=\"itrg1h\" data-start=\"2404\" data-end=\"2447\"><span class=\"hover:entity-accent entity-underline inline cursor-pointer align-baseline\"><span class=\"whitespace-normal\">Curtidur\u00edas de Fez<\/span><\/span><\/li>\n<li data-section-id=\"1laiihg\" data-start=\"2448\" data-end=\"2473\">Barrio jud\u00edo (Mellah)<\/li>\n<\/ul>\n<p data-start=\"2475\" data-end=\"2525\">Vista panor\u00e1mica de la medina.<br data-start=\"2505\" data-end=\"2508\">\ud83c\udfe8 Noche en riad.<\/p>\n<hr data-start=\"2527\" data-end=\"2530\">\n<h3 data-section-id=\"1j1dxiz\" data-start=\"2532\" data-end=\"2566\">\ud83d\uddd3\ufe0f<span style=\"color: #ff6600;\"> D\u00eda 7: Fez \u2013 Chefchaouen<\/span><\/h3>\n<p data-start=\"2567\" data-end=\"2747\">Salida hacia <span class=\"hover:entity-accent entity-underline inline cursor-pointer align-baseline\"><span class=\"whitespace-normal\">Chefchaouen<\/span><\/span>, la \u201cciudad azul\u201d en las monta\u00f1as del Rif.<br data-start=\"2662\" data-end=\"2665\">Tiempo libre para explorar sus calles pintadas de azul.<br data-start=\"2720\" data-end=\"2723\">\ud83c\udfe8 Noche en Chefchaouen.<\/p>\n<hr data-start=\"2749\" data-end=\"2752\">\n<h3 data-section-id=\"1vaxg8b\" data-start=\"2754\" data-end=\"2800\">\ud83d\uddd3\ufe0f <span style=\"color: #ff6600;\">D\u00eda 8: Chefchaouen \u2013 T\u00e1nger \u2013 Asilah<\/span><\/h3>\n<p data-start=\"2801\" data-end=\"2999\">Salida hacia <span class=\"hover:entity-accent entity-underline inline cursor-pointer align-baseline\"><span class=\"whitespace-normal\">Tangier<\/span><\/span> para descubrir su medina y costa.<br data-start=\"2887\" data-end=\"2890\">Continuaci\u00f3n hacia <span class=\"hover:entity-accent entity-underline inline cursor-pointer align-baseline\"><span class=\"whitespace-normal\">Asilah<\/span><\/span>, famosa por su arte y murales.<br data-start=\"2979\" data-end=\"2982\">\ud83c\udfe8 Noche en riad.<\/p>\n<hr data-start=\"3001\" data-end=\"3004\">\n<h3 data-section-id=\"1r88e05\" data-start=\"3006\" data-end=\"3050\">\ud83d\uddd3\ufe0f <span style=\"color: #ff6600;\">D\u00eda 9: Asilah \u2013 Rabat \u2013 Casablanca<\/span><\/h3>\n<p data-start=\"3051\" data-end=\"3124\">Salida hacia <span class=\"hover:entity-accent entity-underline inline cursor-pointer align-baseline\"><span class=\"whitespace-normal\">Rabat<\/span><\/span>, capital del pa\u00eds:<\/p>\n<ul data-start=\"3125\" data-end=\"3212\">\n<li data-section-id=\"1u58i2d\" data-start=\"3125\" data-end=\"3168\"><span class=\"hover:entity-accent entity-underline inline cursor-pointer align-baseline\"><span class=\"whitespace-normal\">Torre Hassan<\/span><\/span><\/li>\n<li data-section-id=\"17l0col\" data-start=\"3169\" data-end=\"3212\"><span class=\"hover:entity-accent entity-underline inline cursor-pointer align-baseline\"><span class=\"whitespace-normal\">Kasbah de los Udayas<\/span><\/span><\/li>\n<\/ul>\n<p data-start=\"3214\" data-end=\"3258\">Continuaci\u00f3n hacia Casablanca. Fin del tour.<\/p>\n<hr data-start=\"3260\" data-end=\"3263\">\n<h2 data-section-id=\"1ms2u5o\" data-start=\"3265\" data-end=\"3281\">\u2705 <span style=\"color: #ff6600;\">Qu\u00e9 incluye<\/span><\/h2>\n<ul data-start=\"3282\" data-end=\"3509\">\n<li data-section-id=\"4ok1vv\" data-start=\"3282\" data-end=\"3327\">Transporte privado con aire acondicionado<\/li>\n<li data-section-id=\"khxukc\" data-start=\"3328\" data-end=\"3358\">Conductor\/gu\u00eda multiling\u00fce<\/li>\n<li data-section-id=\"1xlc6vv\" data-start=\"3359\" data-end=\"3374\">Combustible<\/li>\n<li data-section-id=\"iwq9tv\" data-start=\"3375\" data-end=\"3403\">7 noches en hotel o riad<\/li>\n<li data-section-id=\"hsy8p0\" data-start=\"3404\" data-end=\"3462\">1 noche en campamento en el desierto (cena y desayuno)<\/li>\n<li data-section-id=\"1vuo7la\" data-start=\"3463\" data-end=\"3483\">Paseo en camello<\/li>\n<li data-section-id=\"1ybvor0\" data-start=\"3484\" data-end=\"3509\">Sandboarding en dunas<\/li>\n<\/ul>\n<hr data-start=\"3511\" data-end=\"3514\">\n<h2 data-section-id=\"ak0hx3\" data-start=\"3516\" data-end=\"3532\">\u274c <span style=\"color: #ff6600;\">No incluido<\/span><\/h2>\n<ul data-start=\"3533\" data-end=\"3637\">\n<li data-section-id=\"cra5n3\" data-start=\"3533\" data-end=\"3556\">Bebidas y almuerzos<\/li>\n<li data-section-id=\"1u6l1ge\" data-start=\"3557\" data-end=\"3567\">Vuelos<\/li>\n<li data-section-id=\"k8ve4k\" data-start=\"3568\" data-end=\"3593\">Entradas a monumentos<\/li>\n<li data-section-id=\"ynfc8q\" data-start=\"3594\" data-end=\"3637\">Alojamiento en Marrakech (seg\u00fan opci\u00f3n)<\/li>\n<\/ul>\n<hr data-start=\"3639\" data-end=\"3642\">\n<p data-start=\"3644\" data-end=\"3724\">\u2728 <strong data-start=\"3646\" data-end=\"3655\">Nota:<\/strong> Este itinerario es totalmente personalizable seg\u00fan tus preferencias.<\/p>\n","protected":false},"excerpt":{"rendered":"<p>\ud83c\udf0d Tour de 9 d\u00edas por Marruecos: de Casablanca al desierto, Fez y el norte Descubre lo mejor de Marruecos en un viaje inolvidable que combina ciudades imperiales, monta\u00f1as, desierto y costa. \ud83d\uddd3\ufe0f D\u00eda 1: Casablanca \u2013 Marrakech Comenzaremos el recorrido en Casablanca, donde visitaremos la impresionante Mezquita Hassan II, una de las m\u00e1s grandes&#8230;<\/p>\n","protected":false},"author":1,"featured_media":0,"parent":0,"menu_order":0,"comment_status":"closed","ping_status":"closed","template":"","meta":{"ngg_post_thumbnail":0,"_kad_post_transparent":"default","_kad_post_title":"default","_kad_post_layout":"default","_kad_post_sidebar_id":"","_kad_post_content_style":"default","_kad_post_vertical_padding":"default","_kad_post_feature":"","_kad_post_feature_position":"","_kad_post_header":false,"_kad_post_footer":false,"footnotes":""},"class_list":["post-10842","page","type-page","status-publish","hentry"],"yoast_head":"<!-- This site is optimized with the Yoast SEO plugin v21.5 - https:\/\/yoast.com\/wordpress\/plugins\/seo\/ -->\n<title>9-dias-desde-casablanca-a-chefchaouen-a-traves-del-desierto<\/title>\n<meta name=\"description\" content=\"&quot;Marruecos vacaciones, Marruecos consejos de viaje, Marruecos viajes privados, vacaciones a Marruecos, Marruecos viaje, mejor \u00e9poca para visitar Marruecos, vacaciones Marruecos, viajes en Marruecos, Marruecos tours del desierto, Marruecos turismo,&quot;\" \/>\n<meta name=\"robots\" content=\"index, follow, max-snippet:-1, max-image-preview:large, max-video-preview:-1\" \/>\n<link rel=\"canonical\" href=\"https:\/\/discoverysaharatours.com\/es\/9-dias-desde-casablanca-a-chefchaouen-a-traves-del-desierto-del-sahara\/\" \/>\n<meta property=\"og:locale\" content=\"en_US\" \/>\n<meta property=\"og:type\" content=\"article\" \/>\n<meta property=\"og:title\" content=\"https:\/\/web.facebook.com\/Discovery.sahara\/\" \/>\n<meta property=\"og:description\" content=\"Discovery Sahara Tours es una agencia local en Marruecos muy especializada en organizar rutas por el desierto, con veh\u00edculos 4\u00d74 que facilitan el acceso a las pistas, a los lugares menos tur\u00edsticos y m\u00e1s aut\u00e9nticos, para disfrutar de la comodidad y el confort de sus ventajas. Con excursiones en dromedarios hasta llegar a los campamentos situados en medio de las dunas y poder disfrutar de una noche bajo las estrellas. Visitar familias bereberes, compartir su estilo de vida y costumbres. Con excursiones a pie hasta llegar al oasis frecuentado por n\u00f3madas.\" \/>\n<meta property=\"og:url\" content=\"https:\/\/discoverysaharatours.com\/es\/9-dias-desde-casablanca-a-chefchaouen-a-traves-del-desierto-del-sahara\/\" \/>\n<meta property=\"og:site_name\" content=\"Discovery Sahara Tours\" \/>\n<meta property=\"article:modified_time\" content=\"2026-04-10T09:03:31+00:00\" \/>\n<meta property=\"og:image\" content=\"https:\/\/discoverysaharatours.com\/es\/wp-content\/uploads\/2022\/10\/cropped-logo-Discovery-Sahara-Tours.png\" \/>\n\t<meta property=\"og:image:width\" content=\"512\" \/>\n\t<meta property=\"og:image:height\" content=\"512\" \/>\n\t<meta property=\"og:image:type\" content=\"image\/png\" \/>\n<meta name=\"twitter:card\" content=\"summary_large_image\" \/>\n<meta name=\"twitter:label1\" content=\"Est. reading time\" \/>\n\t<meta name=\"twitter:data1\" content=\"2 minutes\" \/>\n<script type=\"application\/ld+json\" class=\"yoast-schema-graph\">{\"@context\":\"https:\/\/schema.org\",\"@graph\":[{\"@type\":\"WebPage\",\"@id\":\"https:\/\/discoverysaharatours.com\/es\/9-dias-desde-casablanca-a-chefchaouen-a-traves-del-desierto-del-sahara\/\",\"url\":\"https:\/\/discoverysaharatours.com\/es\/9-dias-desde-casablanca-a-chefchaouen-a-traves-del-desierto-del-sahara\/\",\"name\":\"9-dias-desde-casablanca-a-chefchaouen-a-traves-del-desierto\",\"isPartOf\":{\"@id\":\"https:\/\/discoverysaharatours.com\/es\/#website\"},\"datePublished\":\"2018-11-02T16:47:10+00:00\",\"dateModified\":\"2026-04-10T09:03:31+00:00\",\"description\":\"\\\"Marruecos vacaciones, Marruecos consejos de viaje, Marruecos viajes privados, vacaciones a Marruecos, Marruecos viaje, mejor \u00e9poca para visitar Marruecos, vacaciones Marruecos, viajes en Marruecos, Marruecos tours del desierto, Marruecos turismo,\\\"\",\"breadcrumb\":{\"@id\":\"https:\/\/discoverysaharatours.com\/es\/9-dias-desde-casablanca-a-chefchaouen-a-traves-del-desierto-del-sahara\/#breadcrumb\"},\"inLanguage\":\"en-US\",\"potentialAction\":[{\"@type\":\"ReadAction\",\"target\":[\"https:\/\/discoverysaharatours.com\/es\/9-dias-desde-casablanca-a-chefchaouen-a-traves-del-desierto-del-sahara\/\"]}]},{\"@type\":\"BreadcrumbList\",\"@id\":\"https:\/\/discoverysaharatours.com\/es\/9-dias-desde-casablanca-a-chefchaouen-a-traves-del-desierto-del-sahara\/#breadcrumb\",\"itemListElement\":[{\"@type\":\"ListItem\",\"position\":1,\"name\":\"Home\",\"item\":\"https:\/\/discoverysaharatours.com\/es\/\"},{\"@type\":\"ListItem\",\"position\":2,\"name\":\"9 d\u00edas desde Casablanca a Chefchaouen a trav\u00e9s del desierto del Sahara\"}]},{\"@type\":\"WebSite\",\"@id\":\"https:\/\/discoverysaharatours.com\/es\/#website\",\"url\":\"https:\/\/discoverysaharatours.com\/es\/\",\"name\":\"Discovery Sahara Tours\",\"description\":\"Morocco Desert Tours \/ Tours &amp; Excursions in Morocco\",\"publisher\":{\"@id\":\"https:\/\/discoverysaharatours.com\/es\/#organization\"},\"potentialAction\":[{\"@type\":\"SearchAction\",\"target\":{\"@type\":\"EntryPoint\",\"urlTemplate\":\"https:\/\/discoverysaharatours.com\/es\/?s={search_term_string}\"},\"query-input\":\"required name=search_term_string\"}],\"inLanguage\":\"en-US\"},{\"@type\":\"Organization\",\"@id\":\"https:\/\/discoverysaharatours.com\/es\/#organization\",\"name\":\"Discovery Sahara Tours\",\"url\":\"https:\/\/discoverysaharatours.com\/es\/\",\"logo\":{\"@type\":\"ImageObject\",\"inLanguage\":\"en-US\",\"@id\":\"https:\/\/discoverysaharatours.com\/es\/#\/schema\/logo\/image\/\",\"url\":\"https:\/\/discoverysaharatours.com\/es\/wp-content\/uploads\/2022\/10\/logo-Discovery-Sahara-Tours.png\",\"contentUrl\":\"https:\/\/discoverysaharatours.com\/es\/wp-content\/uploads\/2022\/10\/logo-Discovery-Sahara-Tours.png\",\"width\":557,\"height\":486,\"caption\":\"Discovery Sahara Tours\"},\"image\":{\"@id\":\"https:\/\/discoverysaharatours.com\/es\/#\/schema\/logo\/image\/\"}}]}<\/script>\n<!-- \/ Yoast SEO plugin. -->","yoast_head_json":{"title":"9-dias-desde-casablanca-a-chefchaouen-a-traves-del-desierto","description":"\"Marruecos vacaciones, Marruecos consejos de viaje, Marruecos viajes privados, vacaciones a Marruecos, Marruecos viaje, mejor \u00e9poca para visitar Marruecos, vacaciones Marruecos, viajes en Marruecos, Marruecos tours del desierto, Marruecos turismo,\"","robots":{"index":"index","follow":"follow","max-snippet":"max-snippet:-1","max-image-preview":"max-image-preview:large","max-video-preview":"max-video-preview:-1"},"canonical":"https:\/\/discoverysaharatours.com\/es\/9-dias-desde-casablanca-a-chefchaouen-a-traves-del-desierto-del-sahara\/","og_locale":"en_US","og_type":"article","og_title":"https:\/\/web.facebook.com\/Discovery.sahara\/","og_description":"Discovery Sahara Tours es una agencia local en Marruecos muy especializada en organizar rutas por el desierto, con veh\u00edculos 4\u00d74 que facilitan el acceso a las pistas, a los lugares menos tur\u00edsticos y m\u00e1s aut\u00e9nticos, para disfrutar de la comodidad y el confort de sus ventajas. Con excursiones en dromedarios hasta llegar a los campamentos situados en medio de las dunas y poder disfrutar de una noche bajo las estrellas. Visitar familias bereberes, compartir su estilo de vida y costumbres. Con excursiones a pie hasta llegar al oasis frecuentado por n\u00f3madas.","og_url":"https:\/\/discoverysaharatours.com\/es\/9-dias-desde-casablanca-a-chefchaouen-a-traves-del-desierto-del-sahara\/","og_site_name":"Discovery Sahara Tours","article_modified_time":"2026-04-10T09:03:31+00:00","og_image":[{"width":512,"height":512,"url":"https:\/\/discoverysaharatours.com\/es\/wp-content\/uploads\/2022\/10\/cropped-logo-Discovery-Sahara-Tours.png","type":"image\/png"}],"twitter_card":"summary_large_image","twitter_misc":{"Est. reading time":"2 minutes"},"schema":{"@context":"https:\/\/schema.org","@graph":[{"@type":"WebPage","@id":"https:\/\/discoverysaharatours.com\/es\/9-dias-desde-casablanca-a-chefchaouen-a-traves-del-desierto-del-sahara\/","url":"https:\/\/discoverysaharatours.com\/es\/9-dias-desde-casablanca-a-chefchaouen-a-traves-del-desierto-del-sahara\/","name":"9-dias-desde-casablanca-a-chefchaouen-a-traves-del-desierto","isPartOf":{"@id":"https:\/\/discoverysaharatours.com\/es\/#website"},"datePublished":"2018-11-02T16:47:10+00:00","dateModified":"2026-04-10T09:03:31+00:00","description":"\"Marruecos vacaciones, Marruecos consejos de viaje, Marruecos viajes privados, vacaciones a Marruecos, Marruecos viaje, mejor \u00e9poca para visitar Marruecos, vacaciones Marruecos, viajes en Marruecos, Marruecos tours del desierto, Marruecos turismo,\"","breadcrumb":{"@id":"https:\/\/discoverysaharatours.com\/es\/9-dias-desde-casablanca-a-chefchaouen-a-traves-del-desierto-del-sahara\/#breadcrumb"},"inLanguage":"en-US","potentialAction":[{"@type":"ReadAction","target":["https:\/\/discoverysaharatours.com\/es\/9-dias-desde-casablanca-a-chefchaouen-a-traves-del-desierto-del-sahara\/"]}]},{"@type":"BreadcrumbList","@id":"https:\/\/discoverysaharatours.com\/es\/9-dias-desde-casablanca-a-chefchaouen-a-traves-del-desierto-del-sahara\/#breadcrumb","itemListElement":[{"@type":"ListItem","position":1,"name":"Home","item":"https:\/\/discoverysaharatours.com\/es\/"},{"@type":"ListItem","position":2,"name":"9 d\u00edas desde Casablanca a Chefchaouen a trav\u00e9s del desierto del Sahara"}]},{"@type":"WebSite","@id":"https:\/\/discoverysaharatours.com\/es\/#website","url":"https:\/\/discoverysaharatours.com\/es\/","name":"Discovery Sahara Tours","description":"Morocco Desert Tours \/ Tours &amp; Excursions in Morocco","publisher":{"@id":"https:\/\/discoverysaharatours.com\/es\/#organization"},"potentialAction":[{"@type":"SearchAction","target":{"@type":"EntryPoint","urlTemplate":"https:\/\/discoverysaharatours.com\/es\/?s={search_term_string}"},"query-input":"required name=search_term_string"}],"inLanguage":"en-US"},{"@type":"Organization","@id":"https:\/\/discoverysaharatours.com\/es\/#organization","name":"Discovery Sahara Tours","url":"https:\/\/discoverysaharatours.com\/es\/","logo":{"@type":"ImageObject","inLanguage":"en-US","@id":"https:\/\/discoverysaharatours.com\/es\/#\/schema\/logo\/image\/","url":"https:\/\/discoverysaharatours.com\/es\/wp-content\/uploads\/2022\/10\/logo-Discovery-Sahara-Tours.png","contentUrl":"https:\/\/discoverysaharatours.com\/es\/wp-content\/uploads\/2022\/10\/logo-Discovery-Sahara-Tours.png","width":557,"height":486,"caption":"Discovery Sahara Tours"},"image":{"@id":"https:\/\/discoverysaharatours.com\/es\/#\/schema\/logo\/image\/"}}]}},"_links":{"self":[{"href":"https:\/\/discoverysaharatours.com\/es\/wp-json\/wp\/v2\/pages\/10842","targetHints":{"allow":["GET"]}}],"collection":[{"href":"https:\/\/discoverysaharatours.com\/es\/wp-json\/wp\/v2\/pages"}],"about":[{"href":"https:\/\/discoverysaharatours.com\/es\/wp-json\/wp\/v2\/types\/page"}],"author":[{"embeddable":true,"href":"https:\/\/discoverysaharatours.com\/es\/wp-json\/wp\/v2\/users\/1"}],"replies":[{"embeddable":true,"href":"https:\/\/discoverysaharatours.com\/es\/wp-json\/wp\/v2\/comments?post=10842"}],"version-history":[{"count":5,"href":"https:\/\/discoverysaharatours.com\/es\/wp-json\/wp\/v2\/pages\/10842\/revisions"}],"predecessor-version":[{"id":19750,"href":"https:\/\/discoverysaharatours.com\/es\/wp-json\/wp\/v2\/pages\/10842\/revisions\/19750"}],"wp:attachment":[{"href":"https:\/\/discoverysaharatours.com\/es\/wp-json\/wp\/v2\/media?parent=10842"}],"curies":[{"name":"wp","href":"https:\/\/api.w.org\/{rel}","templated":true}]}}