{"id":10847,"date":"2018-11-02T16:49:15","date_gmt":"2018-11-02T16:49:15","guid":{"rendered":"https:\/\/www.discoverysaharatours.com\/?page_id=10847"},"modified":"2026-04-05T08:31:58","modified_gmt":"2026-04-05T08:31:58","slug":"12-dias-en-el-sahara-y-ciudades-imperiales-de-casablanca","status":"publish","type":"page","link":"https:\/\/discoverysaharatours.com\/es\/12-dias-en-el-sahara-y-ciudades-imperiales-de-casablanca\/","title":{"rendered":"12 d\u00edas en el Sahara y ciudades imperiales de Casablanca"},"content":{"rendered":"<h2 data-section-id=\"k95gfz\" data-start=\"97\" data-end=\"149\">\ud83c\udf0d Tour de 12 d\u00edas por Marruecos desde Casablanca<\/h2>\n<p data-start=\"151\" data-end=\"280\">Comienza tu viaje en <span class=\"hover:entity-accent entity-underline inline cursor-pointer align-baseline\"><span class=\"whitespace-normal\">Casablanca<\/span><\/span> y descubre las ciudades imperiales, el Atlas y el desierto del Sahara.<\/p>\n<p data-start=\"282\" data-end=\"562\">Visitar\u00e1s <span class=\"hover:entity-accent entity-underline inline cursor-pointer align-baseline\"><span class=\"whitespace-normal\">Rabat<\/span><\/span>, <span class=\"hover:entity-accent entity-underline inline cursor-pointer align-baseline\"><span class=\"whitespace-normal\">Meknes<\/span><\/span> y <span class=\"hover:entity-accent entity-underline inline cursor-pointer align-baseline\"><span class=\"whitespace-normal\">Fez<\/span><\/span>. Luego viajar\u00e1s hacia el desierto de <span class=\"hover:entity-accent entity-underline inline cursor-pointer align-baseline\"><span class=\"whitespace-normal\">Merzouga<\/span><\/span> para disfrutar de un paseo en camello, el atardecer y una noche en campamento.<\/p>\n<p data-start=\"564\" data-end=\"713\">El recorrido contin\u00faa hacia <span class=\"hover:entity-accent entity-underline inline cursor-pointer align-baseline\"><span class=\"whitespace-normal\">Marrakech<\/span><\/span> y la costa de <span class=\"hover:entity-accent entity-underline inline cursor-pointer align-baseline\"><span class=\"whitespace-normal\">Essaouira<\/span><\/span> antes de regresar a Casablanca.<\/p>\n<hr data-start=\"715\" data-end=\"718\">\n<h2 data-section-id=\"jmdmrg\" data-start=\"720\" data-end=\"737\">\ud83d\uddd3\ufe0f Itinerario<\/h2>\n<h3 data-section-id=\"3zjo7z\" data-start=\"739\" data-end=\"763\"><span style=\"color: #ff6600;\">D\u00eda 1 \u2013 Casablanca<\/span><\/h3>\n<p data-start=\"764\" data-end=\"842\">Visita la <span class=\"hover:entity-accent entity-underline inline cursor-pointer align-baseline\"><span class=\"whitespace-normal\">Mezquita Hassan II<\/span><\/span> y la Corniche. Noche en hotel.<\/p>\n<h3 data-section-id=\"kfwmui\" data-start=\"844\" data-end=\"876\"><span style=\"color: #ff6600;\">D\u00eda 2 \u2013 Casablanca \u2192 Rabat<\/span><\/h3>\n<p data-start=\"877\" data-end=\"950\">Explora Rabat: Kasbah Oudaias y la <span class=\"hover:entity-accent entity-underline inline cursor-pointer align-baseline\"><span class=\"whitespace-normal\">Torre Hassan<\/span><\/span>.<\/p>\n<h3 data-section-id=\"13oxzb\" data-start=\"952\" data-end=\"998\"><span style=\"color: #ff6600;\">D\u00eda 3 \u2013 Rabat \u2192 Meknes \u2192 Volubilis \u2192 Fez<\/span><\/h3>\n<p data-start=\"999\" data-end=\"1115\">Visita <span class=\"hover:entity-accent entity-underline inline cursor-pointer align-baseline\"><span class=\"whitespace-normal\">Meknes<\/span><\/span> y las ruinas de <span class=\"hover:entity-accent entity-underline inline cursor-pointer align-baseline\"><span class=\"whitespace-normal\">Volubilis<\/span><\/span>. Llegada a Fez.<\/p>\n<h3 data-section-id=\"1ogvwk0\" data-start=\"1117\" data-end=\"1134\"><span style=\"color: #ff6600;\">D\u00eda 4 \u2013 Fez<\/span><\/h3>\n<p data-start=\"1135\" data-end=\"1204\">Recorrido por la Medina y la <span class=\"hover:entity-accent entity-underline inline cursor-pointer align-baseline\"><span class=\"whitespace-normal\">Universidad Al Qarawiyyin<\/span><\/span>.<\/p>\n<h3 data-section-id=\"wmgf27\" data-start=\"1206\" data-end=\"1234\"><span style=\"color: #ff6600;\">D\u00eda 5 \u2013 Fez \u2192 Merzouga<\/span><\/h3>\n<p data-start=\"1235\" data-end=\"1368\">Paradas en <span class=\"hover:entity-accent entity-underline inline cursor-pointer align-baseline\"><span class=\"whitespace-normal\">Ifrane<\/span><\/span> y <span class=\"hover:entity-accent entity-underline inline cursor-pointer align-baseline\"><span class=\"whitespace-normal\">Azrou<\/span><\/span>. Llegada al desierto y paseo en camello.<\/p>\n<h3 data-section-id=\"vcrniv\" data-start=\"1370\" data-end=\"1392\"><span style=\"color: #ff6600;\">D\u00eda 6 \u2013 Merzouga<\/span><\/h3>\n<p data-start=\"1393\" data-end=\"1451\">Ver el amanecer, visitar n\u00f3madas y disfrutar m\u00fasica Gnawa.<\/p>\n<h3 data-section-id=\"u0bp8s\" data-start=\"1453\" data-end=\"1493\"><span style=\"color: #ff6600;\">D\u00eda 7 \u2013 Merzouga \u2192 Valle del Dades<\/span><\/h3>\n<p data-start=\"1494\" data-end=\"1535\">Visita Rissani y las gargantas del Todra.<\/p>\n<h3 data-section-id=\"1y4dvbs\" data-start=\"1537\" data-end=\"1569\"><span style=\"color: #ff6600;\">D\u00eda 8 \u2013 Dades \u2192 Ouarzazate<\/span><\/h3>\n<p data-start=\"1570\" data-end=\"1610\">Ruta por el Valle de las Rosas y Skoura.<\/p>\n<h3 data-section-id=\"1aez8m\" data-start=\"1612\" data-end=\"1648\"><span style=\"color: #ff6600;\">D\u00eda 9 \u2013 Ouarzazate \u2192 Marrakech<\/span><\/h3>\n<p data-start=\"1649\" data-end=\"1713\">Visita <span class=\"hover:entity-accent entity-underline inline cursor-pointer align-baseline\"><span class=\"whitespace-normal\">Ait Ben Haddou<\/span><\/span> y cruza el Atlas.<\/p>\n<h3 data-section-id=\"18zqe1u\" data-start=\"1715\" data-end=\"1751\"><span style=\"color: #ff6600;\">D\u00eda 10 \u2013 Marrakech \u2192 Essaouira<\/span><\/h3>\n<p data-start=\"1752\" data-end=\"1804\">Excursi\u00f3n a <span class=\"hover:entity-accent entity-underline inline cursor-pointer align-baseline\"><span class=\"whitespace-normal\">Essaouira<\/span><\/span>.<\/p>\n<h3 data-section-id=\"ra1ot1\" data-start=\"1806\" data-end=\"1830\"><span style=\"color: #ff6600;\">D\u00eda 11 \u2013 Marrakech<\/span><\/h3>\n<p data-start=\"1831\" data-end=\"1912\">Visita <span class=\"hover:entity-accent entity-underline inline cursor-pointer align-baseline\"><span class=\"whitespace-normal\">Jemaa el-Fnaa<\/span><\/span>, Palacio Bah\u00eda y Jard\u00edn Majorelle.<\/p>\n<h3 data-section-id=\"1wwvbef\" data-start=\"1914\" data-end=\"1951\"><span style=\"color: #ff6600;\">D\u00eda 12 \u2013 Marrakech \u2192 Casablanca<\/span><\/h3>\n<p data-start=\"1952\" data-end=\"1975\">Traslado al aeropuerto.<\/p>\n<hr data-start=\"1977\" data-end=\"1980\">\n<h2 data-section-id=\"1auouwx\" data-start=\"1982\" data-end=\"1994\">\u2705<span style=\"color: #ff6600;\"> Incluye<\/span><\/h2>\n<ul data-start=\"1995\" data-end=\"2113\">\n<li data-section-id=\"1h4bsft\" data-start=\"1995\" data-end=\"2017\">Transporte privado<\/li>\n<li data-section-id=\"1vbbn0g\" data-start=\"2018\" data-end=\"2036\">Conductor\/gu\u00eda<\/li>\n<li data-section-id=\"xfr385\" data-start=\"2037\" data-end=\"2066\">10 noches en hotel o riad<\/li>\n<li data-section-id=\"o620qm\" data-start=\"2067\" data-end=\"2092\">1 noche en campamento<\/li>\n<li data-section-id=\"1vuo7la\" data-start=\"2093\" data-end=\"2113\">Paseo en camello<\/li>\n<\/ul>\n<h2 data-section-id=\"19iroax\" data-start=\"2115\" data-end=\"2130\">\u274c <span style=\"color: #ff6600;\">No incluye<\/span><\/h2>\n<ul data-start=\"2131\" data-end=\"2215\">\n<li data-section-id=\"u610en\" data-start=\"2131\" data-end=\"2154\">Almuerzos y bebidas<\/li>\n<li data-section-id=\"1u6l1ge\" data-start=\"2155\" data-end=\"2165\">Vuelos<\/li>\n<li data-section-id=\"k8ve4k\" data-start=\"2166\" data-end=\"2191\">Entradas a monumentos<\/li>\n<li data-section-id=\"13074cq\" data-start=\"2192\" data-end=\"2215\">Hotel en Casablanca<\/li>\n<\/ul>\n<hr data-start=\"2217\" data-end=\"2220\">\n<p data-start=\"2222\" data-end=\"2280\">&nbsp;<\/p>\n","protected":false},"excerpt":{"rendered":"<p>\ud83c\udf0d Tour de 12 d\u00edas por Marruecos desde Casablanca Comienza tu viaje en Casablanca y descubre las ciudades imperiales, el Atlas y el desierto del Sahara. Visitar\u00e1s Rabat, Meknes y Fez. Luego viajar\u00e1s hacia el desierto de Merzouga para disfrutar de un paseo en camello, el atardecer y una noche en campamento. El recorrido contin\u00faa&#8230;<\/p>\n","protected":false},"author":1,"featured_media":0,"parent":0,"menu_order":0,"comment_status":"closed","ping_status":"closed","template":"","meta":{"ngg_post_thumbnail":0,"_kad_post_transparent":"default","_kad_post_title":"default","_kad_post_layout":"default","_kad_post_sidebar_id":"","_kad_post_content_style":"default","_kad_post_vertical_padding":"default","_kad_post_feature":"","_kad_post_feature_position":"","_kad_post_header":false,"_kad_post_footer":false,"footnotes":""},"class_list":["post-10847","page","type-page","status-publish","hentry"],"yoast_head":"<!-- This site is optimized with the Yoast SEO plugin v21.5 - https:\/\/yoast.com\/wordpress\/plugins\/seo\/ -->\n<title>12-dias-en-el-sahara-y-ciudades-imperiales-de-casablanca<\/title>\n<meta name=\"description\" content=\"&quot;viaje a Marruecos, asesor\u00eda de viajes a Marruecos, excursiones de un d\u00eda a Marruecos, excursiones en grupo a Marruecos, visitas guiadas a Marruecos, viaje a Marruecos, excursi\u00f3n a Marruecos&quot;\" \/>\n<meta name=\"robots\" content=\"index, follow, max-snippet:-1, max-image-preview:large, max-video-preview:-1\" \/>\n<link rel=\"canonical\" href=\"https:\/\/discoverysaharatours.com\/es\/12-dias-en-el-sahara-y-ciudades-imperiales-de-casablanca\/\" \/>\n<meta property=\"og:locale\" content=\"en_US\" \/>\n<meta property=\"og:type\" content=\"article\" \/>\n<meta property=\"og:title\" content=\"https:\/\/web.facebook.com\/Discovery.sahara\/\" \/>\n<meta property=\"og:description\" content=\"Discovery Sahara Tours es una agencia local en Marruecos muy especializada en organizar rutas por el desierto, con veh\u00edculos 4\u00d74 que facilitan el acceso a las pistas, a los lugares menos tur\u00edsticos y m\u00e1s aut\u00e9nticos, para disfrutar de la comodidad y el confort de sus ventajas. Con excursiones en dromedarios hasta llegar a los campamentos situados en medio de las dunas y poder disfrutar de una noche bajo las estrellas. Visitar familias bereberes, compartir su estilo de vida y costumbres. Con excursiones a pie hasta llegar al oasis frecuentado por n\u00f3madas.\" \/>\n<meta property=\"og:url\" content=\"https:\/\/discoverysaharatours.com\/es\/12-dias-en-el-sahara-y-ciudades-imperiales-de-casablanca\/\" \/>\n<meta property=\"og:site_name\" content=\"Discovery Sahara Tours\" \/>\n<meta property=\"article:modified_time\" content=\"2026-04-05T08:31:58+00:00\" \/>\n<meta property=\"og:image\" content=\"https:\/\/discoverysaharatours.com\/es\/wp-content\/uploads\/2022\/10\/cropped-logo-Discovery-Sahara-Tours.png\" \/>\n\t<meta property=\"og:image:width\" content=\"512\" \/>\n\t<meta property=\"og:image:height\" content=\"512\" \/>\n\t<meta property=\"og:image:type\" content=\"image\/png\" \/>\n<meta name=\"twitter:card\" content=\"summary_large_image\" \/>\n<meta name=\"twitter:label1\" content=\"Est. reading time\" \/>\n\t<meta name=\"twitter:data1\" content=\"2 minutes\" \/>\n<script type=\"application\/ld+json\" class=\"yoast-schema-graph\">{\"@context\":\"https:\/\/schema.org\",\"@graph\":[{\"@type\":\"WebPage\",\"@id\":\"https:\/\/discoverysaharatours.com\/es\/12-dias-en-el-sahara-y-ciudades-imperiales-de-casablanca\/\",\"url\":\"https:\/\/discoverysaharatours.com\/es\/12-dias-en-el-sahara-y-ciudades-imperiales-de-casablanca\/\",\"name\":\"12-dias-en-el-sahara-y-ciudades-imperiales-de-casablanca\",\"isPartOf\":{\"@id\":\"https:\/\/discoverysaharatours.com\/es\/#website\"},\"datePublished\":\"2018-11-02T16:49:15+00:00\",\"dateModified\":\"2026-04-05T08:31:58+00:00\",\"description\":\"\\\"viaje a Marruecos, asesor\u00eda de viajes a Marruecos, excursiones de un d\u00eda a Marruecos, excursiones en grupo a Marruecos, visitas guiadas a Marruecos, viaje a Marruecos, excursi\u00f3n a Marruecos\\\"\",\"breadcrumb\":{\"@id\":\"https:\/\/discoverysaharatours.com\/es\/12-dias-en-el-sahara-y-ciudades-imperiales-de-casablanca\/#breadcrumb\"},\"inLanguage\":\"en-US\",\"potentialAction\":[{\"@type\":\"ReadAction\",\"target\":[\"https:\/\/discoverysaharatours.com\/es\/12-dias-en-el-sahara-y-ciudades-imperiales-de-casablanca\/\"]}]},{\"@type\":\"BreadcrumbList\",\"@id\":\"https:\/\/discoverysaharatours.com\/es\/12-dias-en-el-sahara-y-ciudades-imperiales-de-casablanca\/#breadcrumb\",\"itemListElement\":[{\"@type\":\"ListItem\",\"position\":1,\"name\":\"Home\",\"item\":\"https:\/\/discoverysaharatours.com\/es\/\"},{\"@type\":\"ListItem\",\"position\":2,\"name\":\"12 d\u00edas en el Sahara y ciudades imperiales de Casablanca\"}]},{\"@type\":\"WebSite\",\"@id\":\"https:\/\/discoverysaharatours.com\/es\/#website\",\"url\":\"https:\/\/discoverysaharatours.com\/es\/\",\"name\":\"Discovery Sahara Tours\",\"description\":\"Morocco Desert Tours \/ Tours &amp; Excursions in Morocco\",\"publisher\":{\"@id\":\"https:\/\/discoverysaharatours.com\/es\/#organization\"},\"potentialAction\":[{\"@type\":\"SearchAction\",\"target\":{\"@type\":\"EntryPoint\",\"urlTemplate\":\"https:\/\/discoverysaharatours.com\/es\/?s={search_term_string}\"},\"query-input\":\"required name=search_term_string\"}],\"inLanguage\":\"en-US\"},{\"@type\":\"Organization\",\"@id\":\"https:\/\/discoverysaharatours.com\/es\/#organization\",\"name\":\"Discovery Sahara Tours\",\"url\":\"https:\/\/discoverysaharatours.com\/es\/\",\"logo\":{\"@type\":\"ImageObject\",\"inLanguage\":\"en-US\",\"@id\":\"https:\/\/discoverysaharatours.com\/es\/#\/schema\/logo\/image\/\",\"url\":\"https:\/\/discoverysaharatours.com\/es\/wp-content\/uploads\/2022\/10\/logo-Discovery-Sahara-Tours.png\",\"contentUrl\":\"https:\/\/discoverysaharatours.com\/es\/wp-content\/uploads\/2022\/10\/logo-Discovery-Sahara-Tours.png\",\"width\":557,\"height\":486,\"caption\":\"Discovery Sahara Tours\"},\"image\":{\"@id\":\"https:\/\/discoverysaharatours.com\/es\/#\/schema\/logo\/image\/\"}}]}<\/script>\n<!-- \/ Yoast SEO plugin. -->","yoast_head_json":{"title":"12-dias-en-el-sahara-y-ciudades-imperiales-de-casablanca","description":"\"viaje a Marruecos, asesor\u00eda de viajes a Marruecos, excursiones de un d\u00eda a Marruecos, excursiones en grupo a Marruecos, visitas guiadas a Marruecos, viaje a Marruecos, excursi\u00f3n a Marruecos\"","robots":{"index":"index","follow":"follow","max-snippet":"max-snippet:-1","max-image-preview":"max-image-preview:large","max-video-preview":"max-video-preview:-1"},"canonical":"https:\/\/discoverysaharatours.com\/es\/12-dias-en-el-sahara-y-ciudades-imperiales-de-casablanca\/","og_locale":"en_US","og_type":"article","og_title":"https:\/\/web.facebook.com\/Discovery.sahara\/","og_description":"Discovery Sahara Tours es una agencia local en Marruecos muy especializada en organizar rutas por el desierto, con veh\u00edculos 4\u00d74 que facilitan el acceso a las pistas, a los lugares menos tur\u00edsticos y m\u00e1s aut\u00e9nticos, para disfrutar de la comodidad y el confort de sus ventajas. Con excursiones en dromedarios hasta llegar a los campamentos situados en medio de las dunas y poder disfrutar de una noche bajo las estrellas. Visitar familias bereberes, compartir su estilo de vida y costumbres. Con excursiones a pie hasta llegar al oasis frecuentado por n\u00f3madas.","og_url":"https:\/\/discoverysaharatours.com\/es\/12-dias-en-el-sahara-y-ciudades-imperiales-de-casablanca\/","og_site_name":"Discovery Sahara Tours","article_modified_time":"2026-04-05T08:31:58+00:00","og_image":[{"width":512,"height":512,"url":"https:\/\/discoverysaharatours.com\/es\/wp-content\/uploads\/2022\/10\/cropped-logo-Discovery-Sahara-Tours.png","type":"image\/png"}],"twitter_card":"summary_large_image","twitter_misc":{"Est. reading time":"2 minutes"},"schema":{"@context":"https:\/\/schema.org","@graph":[{"@type":"WebPage","@id":"https:\/\/discoverysaharatours.com\/es\/12-dias-en-el-sahara-y-ciudades-imperiales-de-casablanca\/","url":"https:\/\/discoverysaharatours.com\/es\/12-dias-en-el-sahara-y-ciudades-imperiales-de-casablanca\/","name":"12-dias-en-el-sahara-y-ciudades-imperiales-de-casablanca","isPartOf":{"@id":"https:\/\/discoverysaharatours.com\/es\/#website"},"datePublished":"2018-11-02T16:49:15+00:00","dateModified":"2026-04-05T08:31:58+00:00","description":"\"viaje a Marruecos, asesor\u00eda de viajes a Marruecos, excursiones de un d\u00eda a Marruecos, excursiones en grupo a Marruecos, visitas guiadas a Marruecos, viaje a Marruecos, excursi\u00f3n a Marruecos\"","breadcrumb":{"@id":"https:\/\/discoverysaharatours.com\/es\/12-dias-en-el-sahara-y-ciudades-imperiales-de-casablanca\/#breadcrumb"},"inLanguage":"en-US","potentialAction":[{"@type":"ReadAction","target":["https:\/\/discoverysaharatours.com\/es\/12-dias-en-el-sahara-y-ciudades-imperiales-de-casablanca\/"]}]},{"@type":"BreadcrumbList","@id":"https:\/\/discoverysaharatours.com\/es\/12-dias-en-el-sahara-y-ciudades-imperiales-de-casablanca\/#breadcrumb","itemListElement":[{"@type":"ListItem","position":1,"name":"Home","item":"https:\/\/discoverysaharatours.com\/es\/"},{"@type":"ListItem","position":2,"name":"12 d\u00edas en el Sahara y ciudades imperiales de Casablanca"}]},{"@type":"WebSite","@id":"https:\/\/discoverysaharatours.com\/es\/#website","url":"https:\/\/discoverysaharatours.com\/es\/","name":"Discovery Sahara Tours","description":"Morocco Desert Tours \/ Tours &amp; Excursions in Morocco","publisher":{"@id":"https:\/\/discoverysaharatours.com\/es\/#organization"},"potentialAction":[{"@type":"SearchAction","target":{"@type":"EntryPoint","urlTemplate":"https:\/\/discoverysaharatours.com\/es\/?s={search_term_string}"},"query-input":"required name=search_term_string"}],"inLanguage":"en-US"},{"@type":"Organization","@id":"https:\/\/discoverysaharatours.com\/es\/#organization","name":"Discovery Sahara Tours","url":"https:\/\/discoverysaharatours.com\/es\/","logo":{"@type":"ImageObject","inLanguage":"en-US","@id":"https:\/\/discoverysaharatours.com\/es\/#\/schema\/logo\/image\/","url":"https:\/\/discoverysaharatours.com\/es\/wp-content\/uploads\/2022\/10\/logo-Discovery-Sahara-Tours.png","contentUrl":"https:\/\/discoverysaharatours.com\/es\/wp-content\/uploads\/2022\/10\/logo-Discovery-Sahara-Tours.png","width":557,"height":486,"caption":"Discovery Sahara Tours"},"image":{"@id":"https:\/\/discoverysaharatours.com\/es\/#\/schema\/logo\/image\/"}}]}},"_links":{"self":[{"href":"https:\/\/discoverysaharatours.com\/es\/wp-json\/wp\/v2\/pages\/10847","targetHints":{"allow":["GET"]}}],"collection":[{"href":"https:\/\/discoverysaharatours.com\/es\/wp-json\/wp\/v2\/pages"}],"about":[{"href":"https:\/\/discoverysaharatours.com\/es\/wp-json\/wp\/v2\/types\/page"}],"author":[{"embeddable":true,"href":"https:\/\/discoverysaharatours.com\/es\/wp-json\/wp\/v2\/users\/1"}],"replies":[{"embeddable":true,"href":"https:\/\/discoverysaharatours.com\/es\/wp-json\/wp\/v2\/comments?post=10847"}],"version-history":[{"count":7,"href":"https:\/\/discoverysaharatours.com\/es\/wp-json\/wp\/v2\/pages\/10847\/revisions"}],"predecessor-version":[{"id":19706,"href":"https:\/\/discoverysaharatours.com\/es\/wp-json\/wp\/v2\/pages\/10847\/revisions\/19706"}],"wp:attachment":[{"href":"https:\/\/discoverysaharatours.com\/es\/wp-json\/wp\/v2\/media?parent=10847"}],"curies":[{"name":"wp","href":"https:\/\/api.w.org\/{rel}","templated":true}]}}