{"id":10849,"date":"2018-11-02T16:51:31","date_gmt":"2018-11-02T16:51:31","guid":{"rendered":"https:\/\/www.discoverysaharatours.com\/?page_id=10849"},"modified":"2026-05-02T10:36:25","modified_gmt":"2026-05-02T10:36:25","slug":"12-dias-desde-casablanca-al-desierto-del-sahara-a-traves-de-asilah-y-chefchaouen","status":"publish","type":"page","link":"https:\/\/discoverysaharatours.com\/es\/12-dias-desde-casablanca-al-desierto-del-sahara-a-traves-de-asilah-y-chefchaouen\/","title":{"rendered":"12 d\u00edas desde Casablanca al desierto del Sahara a trav\u00e9s de Asilah y Chefchaouen"},"content":{"rendered":"<h3 data-section-id=\"tr6np9\" data-start=\"122\" data-end=\"180\"><span style=\"color: #ff6600;\" role=\"text\"><strong data-start=\"126\" data-end=\"178\">D\u00eda 1: Aeropuerto de Casablanca \u2013 Rabat \u2013 Asilah<\/strong><\/span><\/h3>\n<p data-start=\"181\" data-end=\"485\">A su llegada al aeropuerto de Casablanca, nuestro equipo le dar\u00e1 la bienvenida y comenzaremos el viaje hacia <span class=\"hover:entity-accent entity-underline inline cursor-pointer align-baseline\"><span class=\"whitespace-normal\">Rabat<\/span><\/span>, la capital del pa\u00eds. All\u00ed visitar\u00e1 la emblem\u00e1tica <span class=\"hover:entity-accent entity-underline inline cursor-pointer align-baseline\"><span class=\"whitespace-normal\">Torre Hassan<\/span><\/span> y pasear\u00e1 por la pintoresca <span class=\"hover:entity-accent entity-underline inline cursor-pointer align-baseline\"><span class=\"whitespace-normal\">Kasbah de los Udayas<\/span><\/span>.<\/p>\n<p data-start=\"487\" data-end=\"803\">Continuaremos nuestro recorrido por la costa atl\u00e1ntica hasta llegar a <span class=\"hover:entity-accent entity-underline inline cursor-pointer align-baseline\"><span class=\"whitespace-normal\">Asilah<\/span><\/span>, famosa por su festival internacional de arte y sus murales en la medina. Visitaremos la fortaleza de <span class=\"hover:entity-accent entity-underline inline cursor-pointer align-baseline\"><span class=\"whitespace-normal\">Skala de Asilah<\/span><\/span>, con impresionantes vistas al oc\u00e9ano.<br data-start=\"772\" data-end=\"775\">Alojamiento en hotel o riad.<\/p>\n<hr data-start=\"805\" data-end=\"808\">\n<h3 data-section-id=\"1n3b9mo\" data-start=\"810\" data-end=\"856\"><span style=\"color: #ff6600;\" role=\"text\"><strong data-start=\"814\" data-end=\"854\">D\u00eda 2: Asilah \u2013 T\u00e1nger \u2013 Chefchaouen<\/strong><\/span><\/h3>\n<p data-start=\"857\" data-end=\"1047\">Despu\u00e9s del desayuno, salida hacia <span class=\"hover:entity-accent entity-underline inline cursor-pointer align-baseline\"><span class=\"whitespace-normal\">T\u00e1nger<\/span><\/span>. Visitaremos la playa de <span class=\"hover:entity-accent entity-underline inline cursor-pointer align-baseline\"><span class=\"whitespace-normal\">Playa de Achakar<\/span><\/span> y las famosas <span class=\"hover:entity-accent entity-underline inline cursor-pointer align-baseline\"><span class=\"whitespace-normal\">Cuevas de H\u00e9rcules<\/span><\/span>.<\/p>\n<p data-start=\"1049\" data-end=\"1256\">Continuaremos a trav\u00e9s de las monta\u00f1as del Rif hasta llegar a <span class=\"hover:entity-accent entity-underline inline cursor-pointer align-baseline\"><span class=\"whitespace-normal\">Chefchaouen<\/span><\/span>, conocida por sus casas pintadas de azul. Tarde libre para explorar su encantadora medina.<br data-start=\"1239\" data-end=\"1242\">Noche en riad.<\/p>\n<hr data-start=\"1258\" data-end=\"1261\">\n<h3 data-section-id=\"ny80xr\" data-start=\"1263\" data-end=\"1306\"><span style=\"color: #ff6600;\" role=\"text\"><strong data-start=\"1267\" data-end=\"1304\">D\u00eda 3: Exploraci\u00f3n de Chefchaouen<\/strong><\/span><\/h3>\n<p data-start=\"1307\" data-end=\"1540\">D\u00eda completo para descubrir <span class=\"hover:entity-accent entity-underline inline cursor-pointer align-baseline\"><span class=\"whitespace-normal\">Chefchaouen<\/span><\/span>. Pasear\u00e1 por la plaza <span class=\"hover:entity-accent entity-underline inline cursor-pointer align-baseline\"><span class=\"whitespace-normal\">Plaza Uta el-Hammam<\/span><\/span>, visitar\u00e1 la kasbah, el museo y recorrer\u00e1 los callejones llenos de talleres artesanales.<br data-start=\"1523\" data-end=\"1526\">Noche en riad.<\/p>\n<hr data-start=\"1542\" data-end=\"1545\">\n<h3 data-section-id=\"17dmq5b\" data-start=\"1547\" data-end=\"1602\"><span style=\"color: #ff6600;\" role=\"text\"><strong data-start=\"1551\" data-end=\"1600\">D\u00eda 4: Chefchaouen \u2013 Volubilis \u2013 Meknes \u2013 Fez<\/strong><\/span><\/h3>\n<p data-start=\"1603\" data-end=\"1774\">Salida hacia las ruinas romanas de <span class=\"hover:entity-accent entity-underline inline cursor-pointer align-baseline\"><span class=\"whitespace-normal\">Volubilis<\/span><\/span>. Luego visitaremos <span class=\"hover:entity-accent entity-underline inline cursor-pointer align-baseline\"><span class=\"whitespace-normal\">Moulay Idriss<\/span><\/span>, importante lugar de peregrinaci\u00f3n.<\/p>\n<p data-start=\"1776\" data-end=\"2003\">Continuaci\u00f3n hacia <span class=\"hover:entity-accent entity-underline inline cursor-pointer align-baseline\"><span class=\"whitespace-normal\">Meknes<\/span><\/span> para visitar la <span class=\"hover:entity-accent entity-underline inline cursor-pointer align-baseline\"><span class=\"whitespace-normal\">Puerta Bab Mansour<\/span><\/span>, la plaza El Hedim y otros monumentos.<br data-start=\"1929\" data-end=\"1932\">Llegada a <span class=\"hover:entity-accent entity-underline inline cursor-pointer align-baseline\"><span class=\"whitespace-normal\">Fez<\/span><\/span>. Alojamiento en riad.<\/p>\n<hr data-start=\"2005\" data-end=\"2008\">\n<h3 data-section-id=\"1cl7uxi\" data-start=\"2010\" data-end=\"2047\"><span style=\"color: #ff6600;\" role=\"text\"><strong data-start=\"2014\" data-end=\"2045\">D\u00eda 5: Visita guiada de Fez<\/strong><\/span><\/h3>\n<p data-start=\"2048\" data-end=\"2181\">D\u00eda completo con gu\u00eda local para descubrir <span class=\"hover:entity-accent entity-underline inline cursor-pointer align-baseline\"><span class=\"whitespace-normal\">Fez<\/span><\/span>, su antigua medina, zocos, mezquitas y madrasas.<\/p>\n<p data-start=\"2183\" data-end=\"2266\">Visita a las curtidur\u00edas tradicionales y cooperativas artesanales.<br data-start=\"2249\" data-end=\"2252\">Noche en riad.<\/p>\n<hr data-start=\"2268\" data-end=\"2271\">\n<h3 data-section-id=\"132xfcz\" data-start=\"2273\" data-end=\"2335\"><span style=\"color: #ff6600;\" role=\"text\"><strong data-start=\"2277\" data-end=\"2333\">D\u00eda 6: Fez \u2013 Ifrane \u2013 Merzouga (Desierto del Sahara)<\/strong><\/span><\/h3>\n<p data-start=\"2336\" data-end=\"2458\">Salida hacia <span class=\"hover:entity-accent entity-underline inline cursor-pointer align-baseline\"><span class=\"whitespace-normal\">Ifrane<\/span><\/span> y los bosques de cedros de <span class=\"hover:entity-accent entity-underline inline cursor-pointer align-baseline\"><span class=\"whitespace-normal\">Azrou<\/span><\/span>.<\/p>\n<p data-start=\"2460\" data-end=\"2639\">Continuaci\u00f3n v\u00eda Midelt y el valle del Ziz hasta llegar al <span class=\"hover:entity-accent entity-underline inline cursor-pointer align-baseline\"><span class=\"whitespace-normal\">Desierto de Merzouga<\/span><\/span>. Paseo en camello al atardecer y noche en campamento bereber bajo las estrellas.<\/p>\n<hr data-start=\"2641\" data-end=\"2644\">\n<h3 data-section-id=\"26tate\" data-start=\"2646\" data-end=\"2721\"><span style=\"color: #ff6600;\" role=\"text\"><strong data-start=\"2650\" data-end=\"2719\">D\u00eda 7: Merzouga \u2013 Rissani \u2013 Gargantas del Todra \u2013 Valle del Dades<\/strong><\/span><\/h3>\n<p data-start=\"2722\" data-end=\"2837\">Amanecer en el desierto. Luego salida hacia <span class=\"hover:entity-accent entity-underline inline cursor-pointer align-baseline\"><span class=\"whitespace-normal\">Rissani<\/span><\/span>, antiguo centro de caravanas.<\/p>\n<p data-start=\"2839\" data-end=\"2988\">Visita a las <span class=\"hover:entity-accent entity-underline inline cursor-pointer align-baseline\"><span class=\"whitespace-normal\">Gargantas del Todra<\/span><\/span> y continuaci\u00f3n al <span class=\"hover:entity-accent entity-underline inline cursor-pointer align-baseline\"><span class=\"whitespace-normal\">Valle del Dades<\/span><\/span>.<br data-start=\"2950\" data-end=\"2953\">Noche en hotel con vistas al valle.<\/p>\n<hr data-start=\"2990\" data-end=\"2993\">\n<h3 data-section-id=\"ld5xq6\" data-start=\"2995\" data-end=\"3059\"><span style=\"color: #ff6600;\" role=\"text\"><strong data-start=\"2999\" data-end=\"3057\">D\u00eda 8: Dades \u2013 Ouarzazate \u2013 Ait Ben Haddou \u2013 Marrakech<\/strong><\/span><\/h3>\n<p data-start=\"3060\" data-end=\"3144\">Salida hacia <span class=\"hover:entity-accent entity-underline inline cursor-pointer align-baseline\"><span class=\"whitespace-normal\">Ouarzazate<\/span><\/span> y visita de estudios de cine.<\/p>\n<p data-start=\"3146\" data-end=\"3369\">Luego visitaremos la famosa <span class=\"hover:entity-accent entity-underline inline cursor-pointer align-baseline\"><span class=\"whitespace-normal\">Ait Ben Haddou<\/span><\/span>. Cruzaremos el Alto Atlas por el puerto de <span class=\"hover:entity-accent entity-underline inline cursor-pointer align-baseline\"><span class=\"whitespace-normal\">Tizi n&#8217;Tichka<\/span><\/span> hasta llegar a <span class=\"hover:entity-accent entity-underline inline cursor-pointer align-baseline\"><span class=\"whitespace-normal\">Marrakech<\/span><\/span>.<br data-start=\"3352\" data-end=\"3355\">Noche en riad.<\/p>\n<hr data-start=\"3371\" data-end=\"3374\">\n<h3 data-section-id=\"1535l7\" data-start=\"3376\" data-end=\"3419\"><span style=\"color: #ff6600;\" role=\"text\"><strong data-start=\"3380\" data-end=\"3417\">D\u00eda 9: Visita guiada de Marrakech<\/strong><\/span><\/h3>\n<p data-start=\"3420\" data-end=\"3486\">Descubra <span class=\"hover:entity-accent entity-underline inline cursor-pointer align-baseline\"><span class=\"whitespace-normal\">Marrakech<\/span><\/span> con gu\u00eda local:<\/p>\n<ul data-start=\"3487\" data-end=\"3706\">\n<li data-section-id=\"1adlmwl\" data-start=\"3487\" data-end=\"3530\"><span class=\"hover:entity-accent entity-underline inline cursor-pointer align-baseline\"><span class=\"whitespace-normal\">Mezquita Koutoubia<\/span><\/span><\/li>\n<li data-section-id=\"8snzhx\" data-start=\"3531\" data-end=\"3574\"><span class=\"hover:entity-accent entity-underline inline cursor-pointer align-baseline\"><span class=\"whitespace-normal\">Jard\u00edn Majorelle<\/span><\/span><\/li>\n<li data-section-id=\"1eriktx\" data-start=\"3575\" data-end=\"3618\"><span class=\"hover:entity-accent entity-underline inline cursor-pointer align-baseline\"><span class=\"whitespace-normal\">Tumbas Saad\u00edes<\/span><\/span><\/li>\n<li data-section-id=\"7thi7p\" data-start=\"3619\" data-end=\"3662\"><span class=\"hover:entity-accent entity-underline inline cursor-pointer align-baseline\"><span class=\"whitespace-normal\">Palacio de la Bah\u00eda<\/span><\/span><\/li>\n<li data-section-id=\"1eobsad\" data-start=\"3663\" data-end=\"3706\"><span class=\"hover:entity-accent entity-underline inline cursor-pointer align-baseline\"><span class=\"whitespace-normal\">Plaza Jemaa el-Fna<\/span><\/span><\/li>\n<\/ul>\n<p data-start=\"3708\" data-end=\"3735\">Tarde libre. Noche en riad.<\/p>\n<hr data-start=\"3737\" data-end=\"3740\">\n<h3 data-section-id=\"obe3u6\" data-start=\"3742\" data-end=\"3781\"><span style=\"color: #ff6600;\" role=\"text\"><strong data-start=\"3746\" data-end=\"3779\">D\u00eda 10: Excursi\u00f3n a Essaouira<\/strong><\/span><\/h3>\n<p data-start=\"3782\" data-end=\"3875\">Salida hacia <span class=\"hover:entity-accent entity-underline inline cursor-pointer align-baseline\"><span class=\"whitespace-normal\">Essaouira<\/span><\/span>, conocida como la \u201cCiudad del Viento\u201d.<\/p>\n<p data-start=\"3877\" data-end=\"3996\">Paseo por su medina, puerto y murallas. Visita a cooperativas de aceite de arg\u00e1n.<br data-start=\"3958\" data-end=\"3961\">Regreso a Marrakech. Noche en riad.<\/p>\n<hr data-start=\"3998\" data-end=\"4001\">\n<h3 data-section-id=\"20b00s\" data-start=\"4003\" data-end=\"4043\"><span style=\"color: #ff6600;\" role=\"text\"><strong data-start=\"4007\" data-end=\"4041\">D\u00eda 11: Marrakech \u2013 Casablanca<\/strong><\/span><\/h3>\n<p data-start=\"4044\" data-end=\"4099\">Salida hacia <span class=\"hover:entity-accent entity-underline inline cursor-pointer align-baseline\"><span class=\"whitespace-normal\">Casablanca<\/span><\/span>.<\/p>\n<p data-start=\"4101\" data-end=\"4185\">Visita a la <span class=\"hover:entity-accent entity-underline inline cursor-pointer align-baseline\"><span class=\"whitespace-normal\">Mezquita Hassan II<\/span><\/span> y la Corniche.<br data-start=\"4167\" data-end=\"4170\">Noche en hotel.<\/p>\n<hr data-start=\"4187\" data-end=\"4190\">\n<h3 data-section-id=\"1jefltk\" data-start=\"4192\" data-end=\"4232\"><span style=\"color: #ff6600;\" role=\"text\"><strong data-start=\"4196\" data-end=\"4230\">D\u00eda 12: Traslado al aeropuerto<\/strong><\/span><\/h3>\n<p data-start=\"4233\" data-end=\"4307\">Traslado al aeropuerto de Casablanca seg\u00fan horario de vuelo. Fin del tour.<\/p>\n<hr data-start=\"4309\" data-end=\"4312\">\n<h3 data-section-id=\"h0paxz\" data-start=\"4314\" data-end=\"4331\"><span style=\"color: #ff6600;\" role=\"text\"><strong data-start=\"4318\" data-end=\"4329\">Incluye<\/strong><\/span><\/h3>\n<ul data-start=\"4332\" data-end=\"4553\">\n<li data-section-id=\"4ok1vv\" data-start=\"4332\" data-end=\"4377\">Transporte privado con aire acondicionado<\/li>\n<li data-section-id=\"khxukc\" data-start=\"4378\" data-end=\"4408\">Conductor\/gu\u00eda multiling\u00fce<\/li>\n<li data-section-id=\"1xlc6vv\" data-start=\"4409\" data-end=\"4424\">Combustible<\/li>\n<li data-section-id=\"sf0vp\" data-start=\"4425\" data-end=\"4452\">10 noches en hotel\/riad<\/li>\n<li data-section-id=\"1fzdz2q\" data-start=\"4453\" data-end=\"4509\">1 noche en campamento en el desierto (media pensi\u00f3n)<\/li>\n<li data-section-id=\"1vuo7la\" data-start=\"4510\" data-end=\"4530\">Paseo en camello<\/li>\n<li data-section-id=\"1407770\" data-start=\"4531\" data-end=\"4553\">Sandboard en dunas<\/li>\n<\/ul>\n<hr data-start=\"4555\" data-end=\"4558\">\n<h3 data-section-id=\"14j1406\" data-start=\"4560\" data-end=\"4580\"><span style=\"color: #ff6600;\" role=\"text\"><strong data-start=\"4564\" data-end=\"4578\">No incluye<\/strong><\/span><\/h3>\n<ul data-start=\"4581\" data-end=\"4697\">\n<li data-section-id=\"z3pbxh\" data-start=\"4581\" data-end=\"4607\">Vuelos internacionales<\/li>\n<li data-section-id=\"u610en\" data-start=\"4608\" data-end=\"4631\">Almuerzos y bebidas<\/li>\n<li data-section-id=\"k8ve4k\" data-start=\"4632\" data-end=\"4657\">Entradas a monumentos<\/li>\n<li data-section-id=\"bwd3xr\" data-start=\"4658\" data-end=\"4697\">Hotel en Casablanca (seg\u00fan paquete)<\/li>\n<\/ul>\n","protected":false},"excerpt":{"rendered":"<p>D\u00eda 1: Aeropuerto de Casablanca \u2013 Rabat \u2013 Asilah A su llegada al aeropuerto de Casablanca, nuestro equipo le dar\u00e1 la bienvenida y comenzaremos el viaje hacia Rabat, la capital del pa\u00eds. All\u00ed visitar\u00e1 la emblem\u00e1tica Torre Hassan y pasear\u00e1 por la pintoresca Kasbah de los Udayas. Continuaremos nuestro recorrido por la costa atl\u00e1ntica hasta&#8230;<\/p>\n","protected":false},"author":1,"featured_media":0,"parent":0,"menu_order":0,"comment_status":"closed","ping_status":"closed","template":"","meta":{"ngg_post_thumbnail":0,"_kad_post_transparent":"default","_kad_post_title":"default","_kad_post_layout":"default","_kad_post_sidebar_id":"","_kad_post_content_style":"default","_kad_post_vertical_padding":"default","_kad_post_feature":"","_kad_post_feature_position":"","_kad_post_header":false,"_kad_post_footer":false,"footnotes":""},"class_list":["post-10849","page","type-page","status-publish","hentry"],"yoast_head":"<!-- This site is optimized with the Yoast SEO plugin v21.5 - https:\/\/yoast.com\/wordpress\/plugins\/seo\/ -->\n<title>12-dias-desde-casablanca-al-desierto-del-sahara-a-traves<\/title>\n<meta name=\"description\" content=\"Descubre Marruecos en 12 d\u00edas desde Casablanca al desierto del Sahara. Visita Fez, Merzouga y disfruta de un tour inolvidable con camellos y noches en el desierto.\" \/>\n<meta name=\"robots\" content=\"index, follow, max-snippet:-1, max-image-preview:large, max-video-preview:-1\" \/>\n<link rel=\"canonical\" href=\"https:\/\/discoverysaharatours.com\/es\/12-dias-desde-casablanca-al-desierto-del-sahara-a-traves-de-asilah-y-chefchaouen\/\" \/>\n<meta property=\"og:locale\" content=\"en_US\" \/>\n<meta property=\"og:type\" content=\"article\" \/>\n<meta property=\"og:title\" content=\"https:\/\/web.facebook.com\/Discovery.sahara\/\" \/>\n<meta property=\"og:description\" content=\"Discovery Sahara Tours es una agencia local en Marruecos muy especializada en organizar rutas por el desierto, con veh\u00edculos 4\u00d74 que facilitan el acceso a las pistas, a los lugares menos tur\u00edsticos y m\u00e1s aut\u00e9nticos, para disfrutar de la comodidad y el confort de sus ventajas. Con excursiones en dromedarios hasta llegar a los campamentos situados en medio de las dunas y poder disfrutar de una noche bajo las estrellas. Visitar familias bereberes, compartir su estilo de vida y costumbres. Con excursiones a pie hasta llegar al oasis frecuentado por n\u00f3madas.\" \/>\n<meta property=\"og:url\" content=\"https:\/\/discoverysaharatours.com\/es\/12-dias-desde-casablanca-al-desierto-del-sahara-a-traves-de-asilah-y-chefchaouen\/\" \/>\n<meta property=\"og:site_name\" content=\"Discovery Sahara Tours\" \/>\n<meta property=\"article:modified_time\" content=\"2026-05-02T10:36:25+00:00\" \/>\n<meta property=\"og:image\" content=\"https:\/\/discoverysaharatours.com\/es\/wp-content\/uploads\/2022\/10\/cropped-logo-Discovery-Sahara-Tours.png\" \/>\n\t<meta property=\"og:image:width\" content=\"512\" \/>\n\t<meta property=\"og:image:height\" content=\"512\" \/>\n\t<meta property=\"og:image:type\" content=\"image\/png\" \/>\n<meta name=\"twitter:card\" content=\"summary_large_image\" \/>\n<meta name=\"twitter:label1\" content=\"Est. reading time\" \/>\n\t<meta name=\"twitter:data1\" content=\"3 minutes\" \/>\n<script type=\"application\/ld+json\" class=\"yoast-schema-graph\">{\"@context\":\"https:\/\/schema.org\",\"@graph\":[{\"@type\":\"WebPage\",\"@id\":\"https:\/\/discoverysaharatours.com\/es\/12-dias-desde-casablanca-al-desierto-del-sahara-a-traves-de-asilah-y-chefchaouen\/\",\"url\":\"https:\/\/discoverysaharatours.com\/es\/12-dias-desde-casablanca-al-desierto-del-sahara-a-traves-de-asilah-y-chefchaouen\/\",\"name\":\"12-dias-desde-casablanca-al-desierto-del-sahara-a-traves\",\"isPartOf\":{\"@id\":\"https:\/\/discoverysaharatours.com\/es\/#website\"},\"datePublished\":\"2018-11-02T16:51:31+00:00\",\"dateModified\":\"2026-05-02T10:36:25+00:00\",\"description\":\"Descubre Marruecos en 12 d\u00edas desde Casablanca al desierto del Sahara. Visita Fez, Merzouga y disfruta de un tour inolvidable con camellos y noches en el desierto.\",\"breadcrumb\":{\"@id\":\"https:\/\/discoverysaharatours.com\/es\/12-dias-desde-casablanca-al-desierto-del-sahara-a-traves-de-asilah-y-chefchaouen\/#breadcrumb\"},\"inLanguage\":\"en-US\",\"potentialAction\":[{\"@type\":\"ReadAction\",\"target\":[\"https:\/\/discoverysaharatours.com\/es\/12-dias-desde-casablanca-al-desierto-del-sahara-a-traves-de-asilah-y-chefchaouen\/\"]}]},{\"@type\":\"BreadcrumbList\",\"@id\":\"https:\/\/discoverysaharatours.com\/es\/12-dias-desde-casablanca-al-desierto-del-sahara-a-traves-de-asilah-y-chefchaouen\/#breadcrumb\",\"itemListElement\":[{\"@type\":\"ListItem\",\"position\":1,\"name\":\"Home\",\"item\":\"https:\/\/discoverysaharatours.com\/es\/\"},{\"@type\":\"ListItem\",\"position\":2,\"name\":\"12 d\u00edas desde Casablanca al desierto del Sahara a trav\u00e9s de Asilah y Chefchaouen\"}]},{\"@type\":\"WebSite\",\"@id\":\"https:\/\/discoverysaharatours.com\/es\/#website\",\"url\":\"https:\/\/discoverysaharatours.com\/es\/\",\"name\":\"Discovery Sahara Tours\",\"description\":\"Morocco Desert Tours \/ Tours &amp; Excursions in Morocco\",\"publisher\":{\"@id\":\"https:\/\/discoverysaharatours.com\/es\/#organization\"},\"potentialAction\":[{\"@type\":\"SearchAction\",\"target\":{\"@type\":\"EntryPoint\",\"urlTemplate\":\"https:\/\/discoverysaharatours.com\/es\/?s={search_term_string}\"},\"query-input\":\"required name=search_term_string\"}],\"inLanguage\":\"en-US\"},{\"@type\":\"Organization\",\"@id\":\"https:\/\/discoverysaharatours.com\/es\/#organization\",\"name\":\"Discovery Sahara Tours\",\"url\":\"https:\/\/discoverysaharatours.com\/es\/\",\"logo\":{\"@type\":\"ImageObject\",\"inLanguage\":\"en-US\",\"@id\":\"https:\/\/discoverysaharatours.com\/es\/#\/schema\/logo\/image\/\",\"url\":\"https:\/\/discoverysaharatours.com\/es\/wp-content\/uploads\/2022\/10\/logo-Discovery-Sahara-Tours.png\",\"contentUrl\":\"https:\/\/discoverysaharatours.com\/es\/wp-content\/uploads\/2022\/10\/logo-Discovery-Sahara-Tours.png\",\"width\":557,\"height\":486,\"caption\":\"Discovery Sahara Tours\"},\"image\":{\"@id\":\"https:\/\/discoverysaharatours.com\/es\/#\/schema\/logo\/image\/\"}}]}<\/script>\n<!-- \/ Yoast SEO plugin. -->","yoast_head_json":{"title":"12-dias-desde-casablanca-al-desierto-del-sahara-a-traves","description":"Descubre Marruecos en 12 d\u00edas desde Casablanca al desierto del Sahara. Visita Fez, Merzouga y disfruta de un tour inolvidable con camellos y noches en el desierto.","robots":{"index":"index","follow":"follow","max-snippet":"max-snippet:-1","max-image-preview":"max-image-preview:large","max-video-preview":"max-video-preview:-1"},"canonical":"https:\/\/discoverysaharatours.com\/es\/12-dias-desde-casablanca-al-desierto-del-sahara-a-traves-de-asilah-y-chefchaouen\/","og_locale":"en_US","og_type":"article","og_title":"https:\/\/web.facebook.com\/Discovery.sahara\/","og_description":"Discovery Sahara Tours es una agencia local en Marruecos muy especializada en organizar rutas por el desierto, con veh\u00edculos 4\u00d74 que facilitan el acceso a las pistas, a los lugares menos tur\u00edsticos y m\u00e1s aut\u00e9nticos, para disfrutar de la comodidad y el confort de sus ventajas. Con excursiones en dromedarios hasta llegar a los campamentos situados en medio de las dunas y poder disfrutar de una noche bajo las estrellas. Visitar familias bereberes, compartir su estilo de vida y costumbres. Con excursiones a pie hasta llegar al oasis frecuentado por n\u00f3madas.","og_url":"https:\/\/discoverysaharatours.com\/es\/12-dias-desde-casablanca-al-desierto-del-sahara-a-traves-de-asilah-y-chefchaouen\/","og_site_name":"Discovery Sahara Tours","article_modified_time":"2026-05-02T10:36:25+00:00","og_image":[{"width":512,"height":512,"url":"https:\/\/discoverysaharatours.com\/es\/wp-content\/uploads\/2022\/10\/cropped-logo-Discovery-Sahara-Tours.png","type":"image\/png"}],"twitter_card":"summary_large_image","twitter_misc":{"Est. reading time":"3 minutes"},"schema":{"@context":"https:\/\/schema.org","@graph":[{"@type":"WebPage","@id":"https:\/\/discoverysaharatours.com\/es\/12-dias-desde-casablanca-al-desierto-del-sahara-a-traves-de-asilah-y-chefchaouen\/","url":"https:\/\/discoverysaharatours.com\/es\/12-dias-desde-casablanca-al-desierto-del-sahara-a-traves-de-asilah-y-chefchaouen\/","name":"12-dias-desde-casablanca-al-desierto-del-sahara-a-traves","isPartOf":{"@id":"https:\/\/discoverysaharatours.com\/es\/#website"},"datePublished":"2018-11-02T16:51:31+00:00","dateModified":"2026-05-02T10:36:25+00:00","description":"Descubre Marruecos en 12 d\u00edas desde Casablanca al desierto del Sahara. Visita Fez, Merzouga y disfruta de un tour inolvidable con camellos y noches en el desierto.","breadcrumb":{"@id":"https:\/\/discoverysaharatours.com\/es\/12-dias-desde-casablanca-al-desierto-del-sahara-a-traves-de-asilah-y-chefchaouen\/#breadcrumb"},"inLanguage":"en-US","potentialAction":[{"@type":"ReadAction","target":["https:\/\/discoverysaharatours.com\/es\/12-dias-desde-casablanca-al-desierto-del-sahara-a-traves-de-asilah-y-chefchaouen\/"]}]},{"@type":"BreadcrumbList","@id":"https:\/\/discoverysaharatours.com\/es\/12-dias-desde-casablanca-al-desierto-del-sahara-a-traves-de-asilah-y-chefchaouen\/#breadcrumb","itemListElement":[{"@type":"ListItem","position":1,"name":"Home","item":"https:\/\/discoverysaharatours.com\/es\/"},{"@type":"ListItem","position":2,"name":"12 d\u00edas desde Casablanca al desierto del Sahara a trav\u00e9s de Asilah y Chefchaouen"}]},{"@type":"WebSite","@id":"https:\/\/discoverysaharatours.com\/es\/#website","url":"https:\/\/discoverysaharatours.com\/es\/","name":"Discovery Sahara Tours","description":"Morocco Desert Tours \/ Tours &amp; Excursions in Morocco","publisher":{"@id":"https:\/\/discoverysaharatours.com\/es\/#organization"},"potentialAction":[{"@type":"SearchAction","target":{"@type":"EntryPoint","urlTemplate":"https:\/\/discoverysaharatours.com\/es\/?s={search_term_string}"},"query-input":"required name=search_term_string"}],"inLanguage":"en-US"},{"@type":"Organization","@id":"https:\/\/discoverysaharatours.com\/es\/#organization","name":"Discovery Sahara Tours","url":"https:\/\/discoverysaharatours.com\/es\/","logo":{"@type":"ImageObject","inLanguage":"en-US","@id":"https:\/\/discoverysaharatours.com\/es\/#\/schema\/logo\/image\/","url":"https:\/\/discoverysaharatours.com\/es\/wp-content\/uploads\/2022\/10\/logo-Discovery-Sahara-Tours.png","contentUrl":"https:\/\/discoverysaharatours.com\/es\/wp-content\/uploads\/2022\/10\/logo-Discovery-Sahara-Tours.png","width":557,"height":486,"caption":"Discovery Sahara Tours"},"image":{"@id":"https:\/\/discoverysaharatours.com\/es\/#\/schema\/logo\/image\/"}}]}},"_links":{"self":[{"href":"https:\/\/discoverysaharatours.com\/es\/wp-json\/wp\/v2\/pages\/10849","targetHints":{"allow":["GET"]}}],"collection":[{"href":"https:\/\/discoverysaharatours.com\/es\/wp-json\/wp\/v2\/pages"}],"about":[{"href":"https:\/\/discoverysaharatours.com\/es\/wp-json\/wp\/v2\/types\/page"}],"author":[{"embeddable":true,"href":"https:\/\/discoverysaharatours.com\/es\/wp-json\/wp\/v2\/users\/1"}],"replies":[{"embeddable":true,"href":"https:\/\/discoverysaharatours.com\/es\/wp-json\/wp\/v2\/comments?post=10849"}],"version-history":[{"count":6,"href":"https:\/\/discoverysaharatours.com\/es\/wp-json\/wp\/v2\/pages\/10849\/revisions"}],"predecessor-version":[{"id":19703,"href":"https:\/\/discoverysaharatours.com\/es\/wp-json\/wp\/v2\/pages\/10849\/revisions\/19703"}],"wp:attachment":[{"href":"https:\/\/discoverysaharatours.com\/es\/wp-json\/wp\/v2\/media?parent=10849"}],"curies":[{"name":"wp","href":"https:\/\/api.w.org\/{rel}","templated":true}]}}