{"id":10854,"date":"2018-11-02T16:55:40","date_gmt":"2018-11-02T16:55:40","guid":{"rendered":"https:\/\/www.discoverysaharatours.com\/?page_id=10854"},"modified":"2026-04-05T08:38:43","modified_gmt":"2026-04-05T08:38:43","slug":"15-dias-grand-tour-desde-casablanca-al-desierto-del-sahara-a-traves-de-las-ciudades-imperiales","status":"publish","type":"page","link":"https:\/\/discoverysaharatours.com\/es\/15-dias-grand-tour-desde-casablanca-al-desierto-del-sahara-a-traves-de-las-ciudades-imperiales\/","title":{"rendered":"15 d\u00edas Grand Tour Desde Casablanca al desierto del Sahara a trav\u00e9s de las ciudades imperiales"},"content":{"rendered":"<h2 data-section-id=\"4btxik\" data-start=\"140\" data-end=\"224\">\ud83c\udf0d Gran Tour de 15 D\u00edas por Marruecos desde <span class=\"hover:entity-accent entity-underline inline cursor-pointer align-baseline\"><span class=\"whitespace-normal\">Casablanca<\/span><\/span><\/h2>\n<p data-start=\"226\" data-end=\"353\">Un recorrido completo por Marruecos que combina ciudades imperiales, desierto del Sahara, costa atl\u00e1ntica y monta\u00f1as del Atlas.<\/p>\n<hr data-start=\"355\" data-end=\"358\">\n<h3 data-section-id=\"3q29u8\" data-start=\"360\" data-end=\"395\">\ud83d\uddd3\ufe0f <span style=\"color: #ff6600;\">D\u00eda 1: Llegada a Casablanca<\/span><\/h3>\n<p data-start=\"396\" data-end=\"499\">Llegada al aeropuerto <span class=\"hover:entity-accent entity-underline inline cursor-pointer align-baseline\"><span class=\"whitespace-normal\">Aeropuerto Mohammed V<\/span><\/span> y traslado al hotel. Presentaci\u00f3n del tour.<\/p>\n<hr data-start=\"501\" data-end=\"504\">\n<h3 data-section-id=\"11zprve\" data-start=\"506\" data-end=\"573\">\ud83d\uddd3\ufe0f <span style=\"color: #ff6600;\">D\u00eda 2: Casablanca \u2013 <span class=\"hover:entity-accent entity-underline inline cursor-pointer align-baseline\"><span class=\"whitespace-normal\">Rabat<\/span><\/span><\/span><\/h3>\n<p data-start=\"574\" data-end=\"700\">Visita a la impresionante <span class=\"hover:entity-accent entity-underline inline cursor-pointer align-baseline\"><span class=\"whitespace-normal\">Mezquita Hassan II<\/span><\/span>, la Corniche y el centro.<br data-start=\"663\" data-end=\"666\">Salida hacia Rabat. Noche en riad.<\/p>\n<hr data-start=\"702\" data-end=\"705\">\n<h3 data-section-id=\"10s8uek\" data-start=\"707\" data-end=\"769\">\ud83d\uddd3\ufe0f <span style=\"color: #ff6600;\">D\u00eda 3: Rabat \u2013 <span class=\"hover:entity-accent entity-underline inline cursor-pointer align-baseline\"><span class=\"whitespace-normal\">Chefchaouen<\/span><\/span><\/span><\/h3>\n<p data-start=\"770\" data-end=\"779\">Visita a:<\/p>\n<ul data-start=\"780\" data-end=\"863\">\n<li data-section-id=\"hjs5dh\" data-start=\"780\" data-end=\"821\"><span class=\"hover:entity-accent entity-underline inline cursor-pointer align-baseline\"><span class=\"whitespace-normal\">Kasbah de los Oudayas<\/span><\/span><\/li>\n<li data-section-id=\"pzvh1x\" data-start=\"822\" data-end=\"863\"><span class=\"hover:entity-accent entity-underline inline cursor-pointer align-baseline\"><span class=\"whitespace-normal\">Torre Hassan<\/span><\/span><\/li>\n<\/ul>\n<p data-start=\"865\" data-end=\"930\">Salida hacia la famosa ciudad azul de Chefchaouen. Noche en riad.<\/p>\n<hr data-start=\"932\" data-end=\"935\">\n<h3 data-section-id=\"1sz0jj0\" data-start=\"937\" data-end=\"1085\">\ud83d\uddd3\ufe0f <span style=\"color: #ff6600;\">D\u00eda 4: Chefchaouen \u2013 <span class=\"hover:entity-accent entity-underline inline cursor-pointer align-baseline\"><span class=\"whitespace-normal\">Volubilis<\/span><\/span> \u2013 <span class=\"hover:entity-accent entity-underline inline cursor-pointer align-baseline\"><span class=\"whitespace-normal\">Meknes<\/span><\/span> \u2013 <span class=\"hover:entity-accent entity-underline inline cursor-pointer align-baseline\"><span class=\"whitespace-normal\">Fez<\/span><\/span><\/span><\/h3>\n<p data-start=\"1086\" data-end=\"1125\">Exploraci\u00f3n de ruinas romanas y Meknes:<\/p>\n<ul data-start=\"1126\" data-end=\"1188\">\n<li data-section-id=\"x79p85\" data-start=\"1126\" data-end=\"1169\"><span class=\"hover:entity-accent entity-underline inline cursor-pointer align-baseline\"><span class=\"whitespace-normal\">Bab Mansour<\/span><\/span><\/li>\n<li data-section-id=\"nvfooa\" data-start=\"1170\" data-end=\"1188\">Plaza El Hedim<\/li>\n<\/ul>\n<p data-start=\"1190\" data-end=\"1204\">Llegada a Fez.<\/p>\n<hr data-start=\"1206\" data-end=\"1209\">\n<h3 data-section-id=\"xds1dj\" data-start=\"1211\" data-end=\"1273\">\ud83d\uddd3\ufe0f <span style=\"color: #ff6600;\">D\u00eda 5: Fez \u2013 <span class=\"hover:entity-accent entity-underline inline cursor-pointer align-baseline\"><span class=\"whitespace-normal\">Merzouga<\/span><\/span><\/span><\/h3>\n<p data-start=\"1274\" data-end=\"1283\">Paso por:<\/p>\n<ul data-start=\"1284\" data-end=\"1371\">\n<li data-section-id=\"1y51851\" data-start=\"1284\" data-end=\"1327\"><span class=\"hover:entity-accent entity-underline inline cursor-pointer align-baseline\"><span class=\"whitespace-normal\">Ifrane<\/span><\/span><\/li>\n<li data-section-id=\"1ce4kxh\" data-start=\"1328\" data-end=\"1371\"><span class=\"hover:entity-accent entity-underline inline cursor-pointer align-baseline\"><span class=\"whitespace-normal\">Valle del Ziz<\/span><\/span><\/li>\n<\/ul>\n<p data-start=\"1373\" data-end=\"1476\">Llegada al desierto y paseo en camello en <span class=\"hover:entity-accent entity-underline inline cursor-pointer align-baseline\"><span class=\"whitespace-normal\">Erg Chebbi<\/span><\/span>. Noche en campamento.<\/p>\n<hr data-start=\"1478\" data-end=\"1481\">\n<h3 data-section-id=\"14ck85l\" data-start=\"1483\" data-end=\"1520\">\ud83d\uddd3\ufe0f <span style=\"color: #ff6600;\">D\u00eda 6: Desierto de Merzouga<\/span><\/h3>\n<p data-start=\"1521\" data-end=\"1632\">Amanecer en el Sahara. Visita a <span class=\"hover:entity-accent entity-underline inline cursor-pointer align-baseline\"><span class=\"whitespace-normal\">Khamlia<\/span><\/span> (m\u00fasica Gnawa) y encuentro con n\u00f3madas.<\/p>\n<hr data-start=\"1634\" data-end=\"1637\">\n<h3 data-section-id=\"1s86kgg\" data-start=\"1639\" data-end=\"1790\">\ud83d\uddd3\ufe0f <span style=\"color: #ff6600;\">D\u00eda 7: Merzouga \u2013 <span class=\"hover:entity-accent entity-underline inline cursor-pointer align-baseline\"><span class=\"whitespace-normal\">Gargantas del Todra<\/span><\/span> \u2013 <span class=\"hover:entity-accent entity-underline inline cursor-pointer align-baseline\"><span class=\"whitespace-normal\">Valle del Dades<\/span><\/span> \u2013 <span class=\"hover:entity-accent entity-underline inline cursor-pointer align-baseline\"><span class=\"whitespace-normal\">Ouarzazate<\/span><\/span><\/span><\/h3>\n<p data-start=\"1792\" data-end=\"1842\">Ruta de las mil kasbahs y paisajes espectaculares.<\/p>\n<hr data-start=\"1844\" data-end=\"1847\">\n<h3 data-section-id=\"1uvyt9x\" data-start=\"1849\" data-end=\"1960\">\ud83d\uddd3\ufe0f <span style=\"color: #ff6600;\">D\u00eda 8: Ouarzazate \u2013 <span class=\"hover:entity-accent entity-underline inline cursor-pointer align-baseline\"><span class=\"whitespace-normal\">Ait Ben Haddou<\/span><\/span> \u2013 <span class=\"hover:entity-accent entity-underline inline cursor-pointer align-baseline\"><span class=\"whitespace-normal\">Taroudant<\/span><\/span><\/span><\/h3>\n<p data-start=\"1961\" data-end=\"2011\">Visita a la famosa kasbah Patrimonio de la UNESCO.<\/p>\n<hr data-start=\"2013\" data-end=\"2016\">\n<h3 data-section-id=\"7pvwni\" data-start=\"2018\" data-end=\"2128\">\ud83d\uddd3\ufe0f<span style=\"color: #ff6600;\"> D\u00eda 9: Taroudant \u2013 <span class=\"hover:entity-accent entity-underline inline cursor-pointer align-baseline\"><span class=\"whitespace-normal\">Agadir<\/span><\/span> \u2013 <span class=\"hover:entity-accent entity-underline inline cursor-pointer align-baseline\"><span class=\"whitespace-normal\">Essaouira<\/span><\/span><\/span><\/h3>\n<p data-start=\"2129\" data-end=\"2185\">Ruta costera con vistas al Atl\u00e1ntico y \u00e1rboles de arg\u00e1n.<\/p>\n<hr data-start=\"2187\" data-end=\"2190\">\n<h3 data-section-id=\"3fpu6o\" data-start=\"2192\" data-end=\"2219\">\ud83d\uddd3\ufe0f <span style=\"color: #ff6600;\">D\u00eda 10: Essaouira<\/span><\/h3>\n<p data-start=\"2220\" data-end=\"2229\">Visita a:<\/p>\n<ul data-start=\"2230\" data-end=\"2294\">\n<li data-section-id=\"1u58i2d\" data-start=\"2230\" data-end=\"2273\"><span class=\"hover:entity-accent entity-underline inline cursor-pointer align-baseline\"><span class=\"whitespace-normal\">Skala de la Ville<\/span><\/span><\/li>\n<li data-section-id=\"6e9q5q\" data-start=\"2274\" data-end=\"2294\">Medina hist\u00f3rica<\/li>\n<\/ul>\n<p data-start=\"2296\" data-end=\"2322\">Tiempo libre junto al mar.<\/p>\n<hr data-start=\"2324\" data-end=\"2327\">\n<h3 data-section-id=\"1mfh85b\" data-start=\"2329\" data-end=\"2398\">\ud83d\uddd3\ufe0f <span style=\"color: #ff6600;\">D\u00eda 11: Essaouira \u2013 <span class=\"hover:entity-accent entity-underline inline cursor-pointer align-baseline\"><span class=\"whitespace-normal\">Marrakech<\/span><\/span><\/span><\/h3>\n<p data-start=\"2399\" data-end=\"2459\">Llegada y paseo por <span class=\"hover:entity-accent entity-underline inline cursor-pointer align-baseline\"><span class=\"whitespace-normal\">Plaza Jemaa el-Fna<\/span><\/span>.<\/p>\n<hr data-start=\"2461\" data-end=\"2464\">\n<h3 data-section-id=\"fp76m\" data-start=\"2466\" data-end=\"2493\">\ud83d\uddd3\ufe0f <span style=\"color: #ff6600;\">D\u00eda 12: Marrakech<\/span><\/h3>\n<p data-start=\"2494\" data-end=\"2502\">Visitas:<\/p>\n<ul data-start=\"2503\" data-end=\"2634\">\n<li data-section-id=\"youf5h\" data-start=\"2503\" data-end=\"2546\"><span class=\"hover:entity-accent entity-underline inline cursor-pointer align-baseline\"><span class=\"whitespace-normal\">Jard\u00edn Majorelle<\/span><\/span><\/li>\n<li data-section-id=\"1cz4ynp\" data-start=\"2547\" data-end=\"2590\"><span class=\"hover:entity-accent entity-underline inline cursor-pointer align-baseline\"><span class=\"whitespace-normal\">Mezquita Koutoubia<\/span><\/span><\/li>\n<li data-section-id=\"1adlmwl\" data-start=\"2591\" data-end=\"2634\"><span class=\"hover:entity-accent entity-underline inline cursor-pointer align-baseline\"><span class=\"whitespace-normal\">Palacio Bah\u00eda<\/span><\/span><\/li>\n<\/ul>\n<hr data-start=\"2636\" data-end=\"2639\">\n<h3 data-section-id=\"1hfpt1x\" data-start=\"2641\" data-end=\"2710\">\ud83d\uddd3\ufe0f <span style=\"color: #ff6600;\">D\u00eda 13: Excursi\u00f3n a <span class=\"hover:entity-accent entity-underline inline cursor-pointer align-baseline\"><span class=\"whitespace-normal\">Cascadas de Ouzoud<\/span><\/span><\/span><\/h3>\n<p data-start=\"2711\" data-end=\"2766\">Impresionantes cascadas (110 m) con naturaleza y monos.<\/p>\n<hr data-start=\"2768\" data-end=\"2771\">\n<h3 data-section-id=\"3ixmp9\" data-start=\"2773\" data-end=\"2830\">\ud83d\uddd3\ufe0f <span style=\"color: #ff6600;\">D\u00eda 14: <span class=\"hover:entity-accent entity-underline inline cursor-pointer align-baseline\"><span class=\"whitespace-normal\">Valle de Ourika<\/span><\/span><\/span><\/h3>\n<p data-start=\"2831\" data-end=\"2868\">Descubre la vida bereber en el Atlas.<\/p>\n<hr data-start=\"2870\" data-end=\"2873\">\n<h3 data-section-id=\"1eka0nu\" data-start=\"2875\" data-end=\"2915\">\ud83d\uddd3\ufe0f<span style=\"color: #ff6600;\"> D\u00eda 15: Marrakech \u2013 Aeropuerto<\/span><\/h3>\n<p data-start=\"2916\" data-end=\"2941\">Traslado y fin del viaje.<\/p>\n<hr data-start=\"2943\" data-end=\"2946\">\n<h2 data-section-id=\"1ihfk73\" data-start=\"2948\" data-end=\"2961\">\u2705<span style=\"color: #ff6600;\"> Incluido<\/span><\/h2>\n<ul data-start=\"2962\" data-end=\"3164\">\n<li data-section-id=\"4ok1vv\" data-start=\"2962\" data-end=\"3007\">Transporte privado con aire acondicionado<\/li>\n<li data-section-id=\"khxukc\" data-start=\"3008\" data-end=\"3038\">Conductor\/gu\u00eda multiling\u00fce<\/li>\n<li data-section-id=\"1xlc6vv\" data-start=\"3039\" data-end=\"3054\">Combustible<\/li>\n<li data-section-id=\"bcdpzq\" data-start=\"3055\" data-end=\"3082\">13 noches en hotel\/riad<\/li>\n<li data-section-id=\"dv12jv\" data-start=\"3083\" data-end=\"3123\">1 noche en campamento en el desierto<\/li>\n<li data-section-id=\"ag4dx5\" data-start=\"3124\" data-end=\"3147\">Paseo en camello \ud83d\udc2a<\/li>\n<li data-section-id=\"1ucbgcq\" data-start=\"3148\" data-end=\"3164\">Sandboarding<\/li>\n<\/ul>\n<hr data-start=\"3166\" data-end=\"3169\">\n<h2 data-section-id=\"ak0hx3\" data-start=\"3171\" data-end=\"3187\">\u274c <span style=\"color: #ff6600;\">No incluido<\/span><\/h2>\n<ul data-start=\"3188\" data-end=\"3272\">\n<li data-section-id=\"1u6l1ge\" data-start=\"3188\" data-end=\"3198\">Vuelos<\/li>\n<li data-section-id=\"u610en\" data-start=\"3199\" data-end=\"3222\">Almuerzos y bebidas<\/li>\n<li data-section-id=\"k8ve4k\" data-start=\"3223\" data-end=\"3248\">Entradas a monumentos<\/li>\n<li data-section-id=\"13074cq\" data-start=\"3249\" data-end=\"3272\">Hotel en Casablanca<\/li>\n<\/ul>\n<hr data-start=\"3274\" data-end=\"3277\">\n<p data-start=\"3279\" data-end=\"3357\">\ud83d\udca1 <strong data-start=\"3282\" data-end=\"3291\">Nota:<\/strong> El itinerario es totalmente personalizable seg\u00fan tus necesidades.<\/p>\n","protected":false},"excerpt":{"rendered":"<p>\ud83c\udf0d Gran Tour de 15 D\u00edas por Marruecos desde Casablanca Un recorrido completo por Marruecos que combina ciudades imperiales, desierto del Sahara, costa atl\u00e1ntica y monta\u00f1as del Atlas. \ud83d\uddd3\ufe0f D\u00eda 1: Llegada a Casablanca Llegada al aeropuerto Aeropuerto Mohammed V y traslado al hotel. Presentaci\u00f3n del tour. \ud83d\uddd3\ufe0f D\u00eda 2: Casablanca \u2013 Rabat Visita a&#8230;<\/p>\n","protected":false},"author":1,"featured_media":0,"parent":0,"menu_order":0,"comment_status":"closed","ping_status":"closed","template":"","meta":{"ngg_post_thumbnail":0,"_kad_post_transparent":"default","_kad_post_title":"default","_kad_post_layout":"default","_kad_post_sidebar_id":"","_kad_post_content_style":"default","_kad_post_vertical_padding":"default","_kad_post_feature":"","_kad_post_feature_position":"","_kad_post_header":false,"_kad_post_footer":false,"footnotes":""},"class_list":["post-10854","page","type-page","status-publish","hentry"],"yoast_head":"<!-- This site is optimized with the Yoast SEO plugin v21.5 - https:\/\/yoast.com\/wordpress\/plugins\/seo\/ -->\n<title>15-dias-grand-tour-desde-casablanca-al-desierto-del-sahara<\/title>\n<meta name=\"description\" content=\"\u201cMarruecos vacaciones\u201d, Marruecos consejos de viaje, Marruecos tours privados, vacaciones a Marruecos, Marruecos viaje, mejor \u00e9poca para visitar Marruecos, vacaciones Marruecos, tours en Marruecos, Marruecos desierto tours, Marruecos turismo, visita Marruecos, Marruecos vacaciones, viajes Marruecos, Marruecos tours, viajes a marruecos, viajes a marruecos, tours a marruecos desde, gu\u00eda tur\u00edstico de marruecos \u201d\" \/>\n<meta name=\"robots\" content=\"index, follow, max-snippet:-1, max-image-preview:large, max-video-preview:-1\" \/>\n<link rel=\"canonical\" href=\"https:\/\/discoverysaharatours.com\/es\/15-dias-grand-tour-desde-casablanca-al-desierto-del-sahara-a-traves-de-las-ciudades-imperiales\/\" \/>\n<meta property=\"og:locale\" content=\"en_US\" \/>\n<meta property=\"og:type\" content=\"article\" \/>\n<meta property=\"og:title\" content=\"https:\/\/web.facebook.com\/Discovery.sahara\/\" \/>\n<meta property=\"og:description\" content=\"Discovery Sahara Tours es una agencia local en Marruecos muy especializada en organizar rutas por el desierto, con veh\u00edculos 4\u00d74 que facilitan el acceso a las pistas, a los lugares menos tur\u00edsticos y m\u00e1s aut\u00e9nticos, para disfrutar de la comodidad y el confort de sus ventajas. Con excursiones en dromedarios hasta llegar a los campamentos situados en medio de las dunas y poder disfrutar de una noche bajo las estrellas. Visitar familias bereberes, compartir su estilo de vida y costumbres. Con excursiones a pie hasta llegar al oasis frecuentado por n\u00f3madas.\" \/>\n<meta property=\"og:url\" content=\"https:\/\/discoverysaharatours.com\/es\/15-dias-grand-tour-desde-casablanca-al-desierto-del-sahara-a-traves-de-las-ciudades-imperiales\/\" \/>\n<meta property=\"og:site_name\" content=\"Discovery Sahara Tours\" \/>\n<meta property=\"article:modified_time\" content=\"2026-04-05T08:38:43+00:00\" \/>\n<meta property=\"og:image\" content=\"https:\/\/discoverysaharatours.com\/es\/wp-content\/uploads\/2022\/10\/cropped-logo-Discovery-Sahara-Tours.png\" \/>\n\t<meta property=\"og:image:width\" content=\"512\" \/>\n\t<meta property=\"og:image:height\" content=\"512\" \/>\n\t<meta property=\"og:image:type\" content=\"image\/png\" \/>\n<meta name=\"twitter:card\" content=\"summary_large_image\" \/>\n<meta name=\"twitter:label1\" content=\"Est. reading time\" \/>\n\t<meta name=\"twitter:data1\" content=\"2 minutes\" \/>\n<script type=\"application\/ld+json\" class=\"yoast-schema-graph\">{\"@context\":\"https:\/\/schema.org\",\"@graph\":[{\"@type\":\"WebPage\",\"@id\":\"https:\/\/discoverysaharatours.com\/es\/15-dias-grand-tour-desde-casablanca-al-desierto-del-sahara-a-traves-de-las-ciudades-imperiales\/\",\"url\":\"https:\/\/discoverysaharatours.com\/es\/15-dias-grand-tour-desde-casablanca-al-desierto-del-sahara-a-traves-de-las-ciudades-imperiales\/\",\"name\":\"15-dias-grand-tour-desde-casablanca-al-desierto-del-sahara\",\"isPartOf\":{\"@id\":\"https:\/\/discoverysaharatours.com\/es\/#website\"},\"datePublished\":\"2018-11-02T16:55:40+00:00\",\"dateModified\":\"2026-04-05T08:38:43+00:00\",\"description\":\"\u201cMarruecos vacaciones\u201d, Marruecos consejos de viaje, Marruecos tours privados, vacaciones a Marruecos, Marruecos viaje, mejor \u00e9poca para visitar Marruecos, vacaciones Marruecos, tours en Marruecos, Marruecos desierto tours, Marruecos turismo, visita Marruecos, Marruecos vacaciones, viajes Marruecos, Marruecos tours, viajes a marruecos, viajes a marruecos, tours a marruecos desde, gu\u00eda tur\u00edstico de marruecos \u201d\",\"breadcrumb\":{\"@id\":\"https:\/\/discoverysaharatours.com\/es\/15-dias-grand-tour-desde-casablanca-al-desierto-del-sahara-a-traves-de-las-ciudades-imperiales\/#breadcrumb\"},\"inLanguage\":\"en-US\",\"potentialAction\":[{\"@type\":\"ReadAction\",\"target\":[\"https:\/\/discoverysaharatours.com\/es\/15-dias-grand-tour-desde-casablanca-al-desierto-del-sahara-a-traves-de-las-ciudades-imperiales\/\"]}]},{\"@type\":\"BreadcrumbList\",\"@id\":\"https:\/\/discoverysaharatours.com\/es\/15-dias-grand-tour-desde-casablanca-al-desierto-del-sahara-a-traves-de-las-ciudades-imperiales\/#breadcrumb\",\"itemListElement\":[{\"@type\":\"ListItem\",\"position\":1,\"name\":\"Home\",\"item\":\"https:\/\/discoverysaharatours.com\/es\/\"},{\"@type\":\"ListItem\",\"position\":2,\"name\":\"15 d\u00edas Grand Tour Desde Casablanca al desierto del Sahara a trav\u00e9s de las ciudades imperiales\"}]},{\"@type\":\"WebSite\",\"@id\":\"https:\/\/discoverysaharatours.com\/es\/#website\",\"url\":\"https:\/\/discoverysaharatours.com\/es\/\",\"name\":\"Discovery Sahara Tours\",\"description\":\"Morocco Desert Tours \/ Tours &amp; Excursions in Morocco\",\"publisher\":{\"@id\":\"https:\/\/discoverysaharatours.com\/es\/#organization\"},\"potentialAction\":[{\"@type\":\"SearchAction\",\"target\":{\"@type\":\"EntryPoint\",\"urlTemplate\":\"https:\/\/discoverysaharatours.com\/es\/?s={search_term_string}\"},\"query-input\":\"required name=search_term_string\"}],\"inLanguage\":\"en-US\"},{\"@type\":\"Organization\",\"@id\":\"https:\/\/discoverysaharatours.com\/es\/#organization\",\"name\":\"Discovery Sahara Tours\",\"url\":\"https:\/\/discoverysaharatours.com\/es\/\",\"logo\":{\"@type\":\"ImageObject\",\"inLanguage\":\"en-US\",\"@id\":\"https:\/\/discoverysaharatours.com\/es\/#\/schema\/logo\/image\/\",\"url\":\"https:\/\/discoverysaharatours.com\/es\/wp-content\/uploads\/2022\/10\/logo-Discovery-Sahara-Tours.png\",\"contentUrl\":\"https:\/\/discoverysaharatours.com\/es\/wp-content\/uploads\/2022\/10\/logo-Discovery-Sahara-Tours.png\",\"width\":557,\"height\":486,\"caption\":\"Discovery Sahara Tours\"},\"image\":{\"@id\":\"https:\/\/discoverysaharatours.com\/es\/#\/schema\/logo\/image\/\"}}]}<\/script>\n<!-- \/ Yoast SEO plugin. -->","yoast_head_json":{"title":"15-dias-grand-tour-desde-casablanca-al-desierto-del-sahara","description":"\u201cMarruecos vacaciones\u201d, Marruecos consejos de viaje, Marruecos tours privados, vacaciones a Marruecos, Marruecos viaje, mejor \u00e9poca para visitar Marruecos, vacaciones Marruecos, tours en Marruecos, Marruecos desierto tours, Marruecos turismo, visita Marruecos, Marruecos vacaciones, viajes Marruecos, Marruecos tours, viajes a marruecos, viajes a marruecos, tours a marruecos desde, gu\u00eda tur\u00edstico de marruecos \u201d","robots":{"index":"index","follow":"follow","max-snippet":"max-snippet:-1","max-image-preview":"max-image-preview:large","max-video-preview":"max-video-preview:-1"},"canonical":"https:\/\/discoverysaharatours.com\/es\/15-dias-grand-tour-desde-casablanca-al-desierto-del-sahara-a-traves-de-las-ciudades-imperiales\/","og_locale":"en_US","og_type":"article","og_title":"https:\/\/web.facebook.com\/Discovery.sahara\/","og_description":"Discovery Sahara Tours es una agencia local en Marruecos muy especializada en organizar rutas por el desierto, con veh\u00edculos 4\u00d74 que facilitan el acceso a las pistas, a los lugares menos tur\u00edsticos y m\u00e1s aut\u00e9nticos, para disfrutar de la comodidad y el confort de sus ventajas. Con excursiones en dromedarios hasta llegar a los campamentos situados en medio de las dunas y poder disfrutar de una noche bajo las estrellas. Visitar familias bereberes, compartir su estilo de vida y costumbres. Con excursiones a pie hasta llegar al oasis frecuentado por n\u00f3madas.","og_url":"https:\/\/discoverysaharatours.com\/es\/15-dias-grand-tour-desde-casablanca-al-desierto-del-sahara-a-traves-de-las-ciudades-imperiales\/","og_site_name":"Discovery Sahara Tours","article_modified_time":"2026-04-05T08:38:43+00:00","og_image":[{"width":512,"height":512,"url":"https:\/\/discoverysaharatours.com\/es\/wp-content\/uploads\/2022\/10\/cropped-logo-Discovery-Sahara-Tours.png","type":"image\/png"}],"twitter_card":"summary_large_image","twitter_misc":{"Est. reading time":"2 minutes"},"schema":{"@context":"https:\/\/schema.org","@graph":[{"@type":"WebPage","@id":"https:\/\/discoverysaharatours.com\/es\/15-dias-grand-tour-desde-casablanca-al-desierto-del-sahara-a-traves-de-las-ciudades-imperiales\/","url":"https:\/\/discoverysaharatours.com\/es\/15-dias-grand-tour-desde-casablanca-al-desierto-del-sahara-a-traves-de-las-ciudades-imperiales\/","name":"15-dias-grand-tour-desde-casablanca-al-desierto-del-sahara","isPartOf":{"@id":"https:\/\/discoverysaharatours.com\/es\/#website"},"datePublished":"2018-11-02T16:55:40+00:00","dateModified":"2026-04-05T08:38:43+00:00","description":"\u201cMarruecos vacaciones\u201d, Marruecos consejos de viaje, Marruecos tours privados, vacaciones a Marruecos, Marruecos viaje, mejor \u00e9poca para visitar Marruecos, vacaciones Marruecos, tours en Marruecos, Marruecos desierto tours, Marruecos turismo, visita Marruecos, Marruecos vacaciones, viajes Marruecos, Marruecos tours, viajes a marruecos, viajes a marruecos, tours a marruecos desde, gu\u00eda tur\u00edstico de marruecos \u201d","breadcrumb":{"@id":"https:\/\/discoverysaharatours.com\/es\/15-dias-grand-tour-desde-casablanca-al-desierto-del-sahara-a-traves-de-las-ciudades-imperiales\/#breadcrumb"},"inLanguage":"en-US","potentialAction":[{"@type":"ReadAction","target":["https:\/\/discoverysaharatours.com\/es\/15-dias-grand-tour-desde-casablanca-al-desierto-del-sahara-a-traves-de-las-ciudades-imperiales\/"]}]},{"@type":"BreadcrumbList","@id":"https:\/\/discoverysaharatours.com\/es\/15-dias-grand-tour-desde-casablanca-al-desierto-del-sahara-a-traves-de-las-ciudades-imperiales\/#breadcrumb","itemListElement":[{"@type":"ListItem","position":1,"name":"Home","item":"https:\/\/discoverysaharatours.com\/es\/"},{"@type":"ListItem","position":2,"name":"15 d\u00edas Grand Tour Desde Casablanca al desierto del Sahara a trav\u00e9s de las ciudades imperiales"}]},{"@type":"WebSite","@id":"https:\/\/discoverysaharatours.com\/es\/#website","url":"https:\/\/discoverysaharatours.com\/es\/","name":"Discovery Sahara Tours","description":"Morocco Desert Tours \/ Tours &amp; Excursions in Morocco","publisher":{"@id":"https:\/\/discoverysaharatours.com\/es\/#organization"},"potentialAction":[{"@type":"SearchAction","target":{"@type":"EntryPoint","urlTemplate":"https:\/\/discoverysaharatours.com\/es\/?s={search_term_string}"},"query-input":"required name=search_term_string"}],"inLanguage":"en-US"},{"@type":"Organization","@id":"https:\/\/discoverysaharatours.com\/es\/#organization","name":"Discovery Sahara Tours","url":"https:\/\/discoverysaharatours.com\/es\/","logo":{"@type":"ImageObject","inLanguage":"en-US","@id":"https:\/\/discoverysaharatours.com\/es\/#\/schema\/logo\/image\/","url":"https:\/\/discoverysaharatours.com\/es\/wp-content\/uploads\/2022\/10\/logo-Discovery-Sahara-Tours.png","contentUrl":"https:\/\/discoverysaharatours.com\/es\/wp-content\/uploads\/2022\/10\/logo-Discovery-Sahara-Tours.png","width":557,"height":486,"caption":"Discovery Sahara Tours"},"image":{"@id":"https:\/\/discoverysaharatours.com\/es\/#\/schema\/logo\/image\/"}}]}},"_links":{"self":[{"href":"https:\/\/discoverysaharatours.com\/es\/wp-json\/wp\/v2\/pages\/10854","targetHints":{"allow":["GET"]}}],"collection":[{"href":"https:\/\/discoverysaharatours.com\/es\/wp-json\/wp\/v2\/pages"}],"about":[{"href":"https:\/\/discoverysaharatours.com\/es\/wp-json\/wp\/v2\/types\/page"}],"author":[{"embeddable":true,"href":"https:\/\/discoverysaharatours.com\/es\/wp-json\/wp\/v2\/users\/1"}],"replies":[{"embeddable":true,"href":"https:\/\/discoverysaharatours.com\/es\/wp-json\/wp\/v2\/comments?post=10854"}],"version-history":[{"count":5,"href":"https:\/\/discoverysaharatours.com\/es\/wp-json\/wp\/v2\/pages\/10854\/revisions"}],"predecessor-version":[{"id":19708,"href":"https:\/\/discoverysaharatours.com\/es\/wp-json\/wp\/v2\/pages\/10854\/revisions\/19708"}],"wp:attachment":[{"href":"https:\/\/discoverysaharatours.com\/es\/wp-json\/wp\/v2\/media?parent=10854"}],"curies":[{"name":"wp","href":"https:\/\/api.w.org\/{rel}","templated":true}]}}