{"id":10857,"date":"2018-11-02T16:59:00","date_gmt":"2018-11-02T16:59:00","guid":{"rendered":"https:\/\/www.discoverysaharatours.com\/?page_id=10857"},"modified":"2026-04-05T08:40:51","modified_gmt":"2026-04-05T08:40:51","slug":"2-dias-de-fez-a-fez-a-traves-del-desierto-de-merzouga","status":"publish","type":"page","link":"https:\/\/discoverysaharatours.com\/es\/2-dias-de-fez-a-fez-a-traves-del-desierto-de-merzouga\/","title":{"rendered":"2 d\u00edas de Fez a Fez a trav\u00e9s del desierto de Merzouga"},"content":{"rendered":"<h3 data-section-id=\"hsnkqu\" data-start=\"112\" data-end=\"165\">\ud83c\udf0d Tour de 2 d\u00edas: De Fez al Desierto de Merzouga<\/h3>\n<p data-start=\"167\" data-end=\"769\">Comenzaremos este recorrido desde <span class=\"hover:entity-accent entity-underline inline cursor-pointer align-baseline\"><span class=\"whitespace-normal\">Fez<\/span><\/span>, la antigua ciudad imperial de Marruecos. Atravesaremos las monta\u00f1as del Medio Atlas pasando por <span class=\"hover:entity-accent entity-underline inline cursor-pointer align-baseline\"><span class=\"whitespace-normal\">Ifrane<\/span><\/span>, conocida como la \u201cSuiza marroqu\u00ed\u201d, y <span class=\"hover:entity-accent entity-underline inline cursor-pointer align-baseline\"><span class=\"whitespace-normal\">Azrou<\/span><\/span>, donde exploraremos el famoso bosque de cedros. Continuaremos hacia <span class=\"hover:entity-accent entity-underline inline cursor-pointer align-baseline\"><span class=\"whitespace-normal\">Midelt<\/span><\/span> hasta llegar al desierto de <span class=\"hover:entity-accent entity-underline inline cursor-pointer align-baseline\"><span class=\"whitespace-normal\">Merzouga<\/span><\/span> para vivir una experiencia inolvidable en camello por el Sahara. Pasaremos la noche en un campamento bereber y regresaremos a Fez al d\u00eda siguiente.<\/p>\n<hr data-start=\"771\" data-end=\"774\">\n<h3 data-section-id=\"yi5zdh\" data-start=\"776\" data-end=\"839\">\ud83d\udccd<span style=\"color: #ff6600;\"> D\u00eda 1: Fez \u2013 Ifrane \u2013 Azrou \u2013 Midelt \u2013 Erfoud \u2013 Merzouga<\/span><\/h3>\n<p data-start=\"841\" data-end=\"1248\">Despu\u00e9s de encontrarnos en el punto acordado, iniciaremos nuestro viaje hacia el sureste atravesando el Medio Atlas. Nuestra primera parada ser\u00e1 en <span class=\"hover:entity-accent entity-underline inline cursor-pointer align-baseline\"><span class=\"whitespace-normal\">Ifrane<\/span><\/span>, famosa por su arquitectura de estilo europeo. Luego continuaremos hacia <span class=\"hover:entity-accent entity-underline inline cursor-pointer align-baseline\"><span class=\"whitespace-normal\">Azrou<\/span><\/span>, donde visitaremos el bosque de cedros, el m\u00e1s grande de Marruecos, hogar de los simp\u00e1ticos monos de Berber\u00eda.<\/p>\n<p data-start=\"1250\" data-end=\"1612\">Seguiremos nuestro recorrido hacia <span class=\"hover:entity-accent entity-underline inline cursor-pointer align-baseline\"><span class=\"whitespace-normal\">Midelt<\/span><\/span>, donde haremos una pausa para almorzar. Despu\u00e9s, cruzaremos el impresionante Valle del Ziz, disfrutando de vistas panor\u00e1micas a lo largo del camino. Pasaremos por pueblos bereberes y por <span class=\"hover:entity-accent entity-underline inline cursor-pointer align-baseline\"><span class=\"whitespace-normal\">Rissani<\/span><\/span>, cuna de la dinast\u00eda alau\u00ed, la actual familia real de Marruecos.<\/p>\n<p data-start=\"1614\" data-end=\"1992\">Llegaremos a <span class=\"hover:entity-accent entity-underline inline cursor-pointer align-baseline\"><span class=\"whitespace-normal\">Merzouga<\/span><\/span> al final del d\u00eda, donde ser\u00e1 recibido con un tradicional t\u00e9 de menta. Tras un breve descanso, montaremos en camello para adentrarnos en las dunas de <span class=\"hover:entity-accent entity-underline inline cursor-pointer align-baseline\"><span class=\"whitespace-normal\">Erg Chebbi<\/span><\/span>. Disfrutaremos de una espectacular puesta de sol y pasaremos la noche en un campamento bereber, con m\u00fasica tradicional bajo las estrellas.<\/p>\n<hr data-start=\"1994\" data-end=\"1997\">\n<h3 data-section-id=\"1uzrc0w\" data-start=\"1999\" data-end=\"2065\">\ud83d\udccd <span style=\"color: #ff6600;\">D\u00eda 2: Merzouga \u2013 Erfoud \u2013 Errachidia \u2013 Valle del Ziz \u2013 Fez<\/span><\/h3>\n<p data-start=\"2067\" data-end=\"2257\">Se recomienda despertarse temprano para contemplar el amanecer desde lo alto de las dunas, una experiencia m\u00e1gica. Despu\u00e9s, regresaremos en camello al riad, donde podr\u00e1 ducharse y desayunar.<\/p>\n<p data-start=\"2259\" data-end=\"2605\">Iniciaremos el viaje de regreso a <span class=\"hover:entity-accent entity-underline inline cursor-pointer align-baseline\"><span class=\"whitespace-normal\">Fez<\/span><\/span>, pasando por <span class=\"hover:entity-accent entity-underline inline cursor-pointer align-baseline\"><span class=\"whitespace-normal\">Erfoud<\/span><\/span>, conocida por sus f\u00f3siles, <span class=\"hover:entity-accent entity-underline inline cursor-pointer align-baseline\"><span class=\"whitespace-normal\">Errachidia<\/span><\/span>, <span class=\"hover:entity-accent entity-underline inline cursor-pointer align-baseline\"><span class=\"whitespace-normal\">Midelt<\/span><\/span> y <span class=\"hover:entity-accent entity-underline inline cursor-pointer align-baseline\"><span class=\"whitespace-normal\">Azrou<\/span><\/span>, donde haremos una parada para almorzar antes de continuar hacia Fez.<\/p>\n<hr data-start=\"2607\" data-end=\"2610\">\n<h3 data-section-id=\"1o8n5o2\" data-start=\"2612\" data-end=\"2635\">\u2705 <span style=\"color: #ff6600;\">Qu\u00e9 est\u00e1 incluido<\/span><\/h3>\n<ul data-start=\"2637\" data-end=\"2861\">\n<li data-section-id=\"1rb7pzx\" data-start=\"2637\" data-end=\"2707\">Transporte privado (4&#215;4, minib\u00fas o autob\u00fas con aire acondicionado)<\/li>\n<li data-section-id=\"khxukc\" data-start=\"2708\" data-end=\"2738\">Conductor\/gu\u00eda multiling\u00fce<\/li>\n<li data-section-id=\"1xlc6vv\" data-start=\"2739\" data-end=\"2754\">Combustible<\/li>\n<li data-section-id=\"hsy8p0\" data-start=\"2755\" data-end=\"2813\">1 noche en campamento en el desierto (cena y desayuno)<\/li>\n<li data-section-id=\"1vuo7la\" data-start=\"2814\" data-end=\"2834\">Paseo en camello<\/li>\n<li data-section-id=\"kwtxci\" data-start=\"2835\" data-end=\"2861\">Sandboard en las dunas<\/li>\n<\/ul>\n<hr data-start=\"2863\" data-end=\"2866\">\n<h3 data-section-id=\"1qexl9w\" data-start=\"2868\" data-end=\"2885\">\u274c<span style=\"color: #ff6600;\"> No incluido<\/span><\/h3>\n<ul data-start=\"2887\" data-end=\"2990\">\n<li data-section-id=\"cra5n3\" data-start=\"2887\" data-end=\"2910\">Bebidas y almuerzos<\/li>\n<li data-section-id=\"9dpfwm\" data-start=\"2911\" data-end=\"2932\">Billetes de avi\u00f3n<\/li>\n<li data-section-id=\"go2epb\" data-start=\"2933\" data-end=\"2967\">Entradas a monumentos y museos<\/li>\n<li data-section-id=\"1s97y87\" data-start=\"2968\" data-end=\"2990\">Alojamiento en Fez<\/li>\n<\/ul>\n<hr data-start=\"2992\" data-end=\"2995\">\n<p data-start=\"2997\" data-end=\"3134\">\u2728 <strong data-start=\"2999\" data-end=\"3008\">Nota:<\/strong> Si desea personalizar este tour, no dude en contactarnos con antelaci\u00f3n. Estaremos encantados de adaptarlo a sus necesidades.<\/p>\n","protected":false},"excerpt":{"rendered":"<p>\ud83c\udf0d Tour de 2 d\u00edas: De Fez al Desierto de Merzouga Comenzaremos este recorrido desde Fez, la antigua ciudad imperial de Marruecos. Atravesaremos las monta\u00f1as del Medio Atlas pasando por Ifrane, conocida como la \u201cSuiza marroqu\u00ed\u201d, y Azrou, donde exploraremos el famoso bosque de cedros. Continuaremos hacia Midelt hasta llegar al desierto de Merzouga para&#8230;<\/p>\n","protected":false},"author":1,"featured_media":0,"parent":0,"menu_order":0,"comment_status":"closed","ping_status":"closed","template":"","meta":{"ngg_post_thumbnail":0,"_kad_post_transparent":"default","_kad_post_title":"default","_kad_post_layout":"default","_kad_post_sidebar_id":"","_kad_post_content_style":"default","_kad_post_vertical_padding":"default","_kad_post_feature":"","_kad_post_feature_position":"","_kad_post_header":false,"_kad_post_footer":false,"footnotes":""},"class_list":["post-10857","page","type-page","status-publish","hentry"],"yoast_head":"<!-- This site is optimized with the Yoast SEO plugin v21.5 - https:\/\/yoast.com\/wordpress\/plugins\/seo\/ -->\n<title>2-dias-de-fez-a-fez-a-traves-del-desierto-de-merzouga<\/title>\n<meta name=\"description\" content=\"\u201cMarruecos vacaciones\u201d, Marruecos consejos de viaje, Marruecos tours privados, vacaciones a Marruecos, Marruecos viaje, mejor \u00e9poca para visitar Marruecos, vacaciones Marruecos, tours en Marruecos, Marruecos desierto tours, Marruecos turismo, visita Marruecos, Marruecos vacaciones, viajes Marruecos, Marruecos tours, viajes a marruecos, viajes a marruecos, tours a marruecos desde, gu\u00eda tur\u00edstico de marruecos \u201d\" \/>\n<meta name=\"robots\" content=\"index, follow, max-snippet:-1, max-image-preview:large, max-video-preview:-1\" \/>\n<link rel=\"canonical\" href=\"https:\/\/discoverysaharatours.com\/es\/2-dias-de-fez-a-fez-a-traves-del-desierto-de-merzouga\/\" \/>\n<meta property=\"og:locale\" content=\"en_US\" \/>\n<meta property=\"og:type\" content=\"article\" \/>\n<meta property=\"og:title\" content=\"https:\/\/web.facebook.com\/Discovery.sahara\/\" \/>\n<meta property=\"og:description\" content=\"Discovery Sahara Tours es una agencia local en Marruecos muy especializada en organizar rutas por el desierto, con veh\u00edculos 4\u00d74 que facilitan el acceso a las pistas, a los lugares menos tur\u00edsticos y m\u00e1s aut\u00e9nticos, para disfrutar de la comodidad y el confort de sus ventajas. Con excursiones en dromedarios hasta llegar a los campamentos situados en medio de las dunas y poder disfrutar de una noche bajo las estrellas. Visitar familias bereberes, compartir su estilo de vida y costumbres. Con excursiones a pie hasta llegar al oasis frecuentado por n\u00f3madas.\" \/>\n<meta property=\"og:url\" content=\"https:\/\/discoverysaharatours.com\/es\/2-dias-de-fez-a-fez-a-traves-del-desierto-de-merzouga\/\" \/>\n<meta property=\"og:site_name\" content=\"Discovery Sahara Tours\" \/>\n<meta property=\"article:modified_time\" content=\"2026-04-05T08:40:51+00:00\" \/>\n<meta property=\"og:image\" content=\"https:\/\/discoverysaharatours.com\/es\/wp-content\/uploads\/2022\/10\/cropped-logo-Discovery-Sahara-Tours.png\" \/>\n\t<meta property=\"og:image:width\" content=\"512\" \/>\n\t<meta property=\"og:image:height\" content=\"512\" \/>\n\t<meta property=\"og:image:type\" content=\"image\/png\" \/>\n<meta name=\"twitter:card\" content=\"summary_large_image\" \/>\n<meta name=\"twitter:label1\" content=\"Est. reading time\" \/>\n\t<meta name=\"twitter:data1\" content=\"2 minutes\" \/>\n<script type=\"application\/ld+json\" class=\"yoast-schema-graph\">{\"@context\":\"https:\/\/schema.org\",\"@graph\":[{\"@type\":\"WebPage\",\"@id\":\"https:\/\/discoverysaharatours.com\/es\/2-dias-de-fez-a-fez-a-traves-del-desierto-de-merzouga\/\",\"url\":\"https:\/\/discoverysaharatours.com\/es\/2-dias-de-fez-a-fez-a-traves-del-desierto-de-merzouga\/\",\"name\":\"2-dias-de-fez-a-fez-a-traves-del-desierto-de-merzouga\",\"isPartOf\":{\"@id\":\"https:\/\/discoverysaharatours.com\/es\/#website\"},\"datePublished\":\"2018-11-02T16:59:00+00:00\",\"dateModified\":\"2026-04-05T08:40:51+00:00\",\"description\":\"\u201cMarruecos vacaciones\u201d, Marruecos consejos de viaje, Marruecos tours privados, vacaciones a Marruecos, Marruecos viaje, mejor \u00e9poca para visitar Marruecos, vacaciones Marruecos, tours en Marruecos, Marruecos desierto tours, Marruecos turismo, visita Marruecos, Marruecos vacaciones, viajes Marruecos, Marruecos tours, viajes a marruecos, viajes a marruecos, tours a marruecos desde, gu\u00eda tur\u00edstico de marruecos \u201d\",\"breadcrumb\":{\"@id\":\"https:\/\/discoverysaharatours.com\/es\/2-dias-de-fez-a-fez-a-traves-del-desierto-de-merzouga\/#breadcrumb\"},\"inLanguage\":\"en-US\",\"potentialAction\":[{\"@type\":\"ReadAction\",\"target\":[\"https:\/\/discoverysaharatours.com\/es\/2-dias-de-fez-a-fez-a-traves-del-desierto-de-merzouga\/\"]}]},{\"@type\":\"BreadcrumbList\",\"@id\":\"https:\/\/discoverysaharatours.com\/es\/2-dias-de-fez-a-fez-a-traves-del-desierto-de-merzouga\/#breadcrumb\",\"itemListElement\":[{\"@type\":\"ListItem\",\"position\":1,\"name\":\"Home\",\"item\":\"https:\/\/discoverysaharatours.com\/es\/\"},{\"@type\":\"ListItem\",\"position\":2,\"name\":\"2 d\u00edas de Fez a Fez a trav\u00e9s del desierto de Merzouga\"}]},{\"@type\":\"WebSite\",\"@id\":\"https:\/\/discoverysaharatours.com\/es\/#website\",\"url\":\"https:\/\/discoverysaharatours.com\/es\/\",\"name\":\"Discovery Sahara Tours\",\"description\":\"Morocco Desert Tours \/ Tours &amp; Excursions in Morocco\",\"publisher\":{\"@id\":\"https:\/\/discoverysaharatours.com\/es\/#organization\"},\"potentialAction\":[{\"@type\":\"SearchAction\",\"target\":{\"@type\":\"EntryPoint\",\"urlTemplate\":\"https:\/\/discoverysaharatours.com\/es\/?s={search_term_string}\"},\"query-input\":\"required name=search_term_string\"}],\"inLanguage\":\"en-US\"},{\"@type\":\"Organization\",\"@id\":\"https:\/\/discoverysaharatours.com\/es\/#organization\",\"name\":\"Discovery Sahara Tours\",\"url\":\"https:\/\/discoverysaharatours.com\/es\/\",\"logo\":{\"@type\":\"ImageObject\",\"inLanguage\":\"en-US\",\"@id\":\"https:\/\/discoverysaharatours.com\/es\/#\/schema\/logo\/image\/\",\"url\":\"https:\/\/discoverysaharatours.com\/es\/wp-content\/uploads\/2022\/10\/logo-Discovery-Sahara-Tours.png\",\"contentUrl\":\"https:\/\/discoverysaharatours.com\/es\/wp-content\/uploads\/2022\/10\/logo-Discovery-Sahara-Tours.png\",\"width\":557,\"height\":486,\"caption\":\"Discovery Sahara Tours\"},\"image\":{\"@id\":\"https:\/\/discoverysaharatours.com\/es\/#\/schema\/logo\/image\/\"}}]}<\/script>\n<!-- \/ Yoast SEO plugin. -->","yoast_head_json":{"title":"2-dias-de-fez-a-fez-a-traves-del-desierto-de-merzouga","description":"\u201cMarruecos vacaciones\u201d, Marruecos consejos de viaje, Marruecos tours privados, vacaciones a Marruecos, Marruecos viaje, mejor \u00e9poca para visitar Marruecos, vacaciones Marruecos, tours en Marruecos, Marruecos desierto tours, Marruecos turismo, visita Marruecos, Marruecos vacaciones, viajes Marruecos, Marruecos tours, viajes a marruecos, viajes a marruecos, tours a marruecos desde, gu\u00eda tur\u00edstico de marruecos \u201d","robots":{"index":"index","follow":"follow","max-snippet":"max-snippet:-1","max-image-preview":"max-image-preview:large","max-video-preview":"max-video-preview:-1"},"canonical":"https:\/\/discoverysaharatours.com\/es\/2-dias-de-fez-a-fez-a-traves-del-desierto-de-merzouga\/","og_locale":"en_US","og_type":"article","og_title":"https:\/\/web.facebook.com\/Discovery.sahara\/","og_description":"Discovery Sahara Tours es una agencia local en Marruecos muy especializada en organizar rutas por el desierto, con veh\u00edculos 4\u00d74 que facilitan el acceso a las pistas, a los lugares menos tur\u00edsticos y m\u00e1s aut\u00e9nticos, para disfrutar de la comodidad y el confort de sus ventajas. Con excursiones en dromedarios hasta llegar a los campamentos situados en medio de las dunas y poder disfrutar de una noche bajo las estrellas. Visitar familias bereberes, compartir su estilo de vida y costumbres. Con excursiones a pie hasta llegar al oasis frecuentado por n\u00f3madas.","og_url":"https:\/\/discoverysaharatours.com\/es\/2-dias-de-fez-a-fez-a-traves-del-desierto-de-merzouga\/","og_site_name":"Discovery Sahara Tours","article_modified_time":"2026-04-05T08:40:51+00:00","og_image":[{"width":512,"height":512,"url":"https:\/\/discoverysaharatours.com\/es\/wp-content\/uploads\/2022\/10\/cropped-logo-Discovery-Sahara-Tours.png","type":"image\/png"}],"twitter_card":"summary_large_image","twitter_misc":{"Est. reading time":"2 minutes"},"schema":{"@context":"https:\/\/schema.org","@graph":[{"@type":"WebPage","@id":"https:\/\/discoverysaharatours.com\/es\/2-dias-de-fez-a-fez-a-traves-del-desierto-de-merzouga\/","url":"https:\/\/discoverysaharatours.com\/es\/2-dias-de-fez-a-fez-a-traves-del-desierto-de-merzouga\/","name":"2-dias-de-fez-a-fez-a-traves-del-desierto-de-merzouga","isPartOf":{"@id":"https:\/\/discoverysaharatours.com\/es\/#website"},"datePublished":"2018-11-02T16:59:00+00:00","dateModified":"2026-04-05T08:40:51+00:00","description":"\u201cMarruecos vacaciones\u201d, Marruecos consejos de viaje, Marruecos tours privados, vacaciones a Marruecos, Marruecos viaje, mejor \u00e9poca para visitar Marruecos, vacaciones Marruecos, tours en Marruecos, Marruecos desierto tours, Marruecos turismo, visita Marruecos, Marruecos vacaciones, viajes Marruecos, Marruecos tours, viajes a marruecos, viajes a marruecos, tours a marruecos desde, gu\u00eda tur\u00edstico de marruecos \u201d","breadcrumb":{"@id":"https:\/\/discoverysaharatours.com\/es\/2-dias-de-fez-a-fez-a-traves-del-desierto-de-merzouga\/#breadcrumb"},"inLanguage":"en-US","potentialAction":[{"@type":"ReadAction","target":["https:\/\/discoverysaharatours.com\/es\/2-dias-de-fez-a-fez-a-traves-del-desierto-de-merzouga\/"]}]},{"@type":"BreadcrumbList","@id":"https:\/\/discoverysaharatours.com\/es\/2-dias-de-fez-a-fez-a-traves-del-desierto-de-merzouga\/#breadcrumb","itemListElement":[{"@type":"ListItem","position":1,"name":"Home","item":"https:\/\/discoverysaharatours.com\/es\/"},{"@type":"ListItem","position":2,"name":"2 d\u00edas de Fez a Fez a trav\u00e9s del desierto de Merzouga"}]},{"@type":"WebSite","@id":"https:\/\/discoverysaharatours.com\/es\/#website","url":"https:\/\/discoverysaharatours.com\/es\/","name":"Discovery Sahara Tours","description":"Morocco Desert Tours \/ Tours &amp; Excursions in Morocco","publisher":{"@id":"https:\/\/discoverysaharatours.com\/es\/#organization"},"potentialAction":[{"@type":"SearchAction","target":{"@type":"EntryPoint","urlTemplate":"https:\/\/discoverysaharatours.com\/es\/?s={search_term_string}"},"query-input":"required name=search_term_string"}],"inLanguage":"en-US"},{"@type":"Organization","@id":"https:\/\/discoverysaharatours.com\/es\/#organization","name":"Discovery Sahara Tours","url":"https:\/\/discoverysaharatours.com\/es\/","logo":{"@type":"ImageObject","inLanguage":"en-US","@id":"https:\/\/discoverysaharatours.com\/es\/#\/schema\/logo\/image\/","url":"https:\/\/discoverysaharatours.com\/es\/wp-content\/uploads\/2022\/10\/logo-Discovery-Sahara-Tours.png","contentUrl":"https:\/\/discoverysaharatours.com\/es\/wp-content\/uploads\/2022\/10\/logo-Discovery-Sahara-Tours.png","width":557,"height":486,"caption":"Discovery Sahara Tours"},"image":{"@id":"https:\/\/discoverysaharatours.com\/es\/#\/schema\/logo\/image\/"}}]}},"_links":{"self":[{"href":"https:\/\/discoverysaharatours.com\/es\/wp-json\/wp\/v2\/pages\/10857","targetHints":{"allow":["GET"]}}],"collection":[{"href":"https:\/\/discoverysaharatours.com\/es\/wp-json\/wp\/v2\/pages"}],"about":[{"href":"https:\/\/discoverysaharatours.com\/es\/wp-json\/wp\/v2\/types\/page"}],"author":[{"embeddable":true,"href":"https:\/\/discoverysaharatours.com\/es\/wp-json\/wp\/v2\/users\/1"}],"replies":[{"embeddable":true,"href":"https:\/\/discoverysaharatours.com\/es\/wp-json\/wp\/v2\/comments?post=10857"}],"version-history":[{"count":5,"href":"https:\/\/discoverysaharatours.com\/es\/wp-json\/wp\/v2\/pages\/10857\/revisions"}],"predecessor-version":[{"id":19709,"href":"https:\/\/discoverysaharatours.com\/es\/wp-json\/wp\/v2\/pages\/10857\/revisions\/19709"}],"wp:attachment":[{"href":"https:\/\/discoverysaharatours.com\/es\/wp-json\/wp\/v2\/media?parent=10857"}],"curies":[{"name":"wp","href":"https:\/\/api.w.org\/{rel}","templated":true}]}}