{"id":10862,"date":"2018-11-02T17:01:52","date_gmt":"2018-11-02T17:01:52","guid":{"rendered":"https:\/\/www.discoverysaharatours.com\/?page_id=10862"},"modified":"2026-04-05T08:52:52","modified_gmt":"2026-04-05T08:52:52","slug":"3-dias-desde-fez-hasta-el-desierto-de-merzouga-y-fez","status":"publish","type":"page","link":"https:\/\/discoverysaharatours.com\/es\/3-dias-desde-fez-hasta-el-desierto-de-merzouga-y-fez\/","title":{"rendered":"3 d\u00edas desde Fez hasta el desierto de Merzouga y Fez"},"content":{"rendered":"<h1 data-section-id=\"1x6p3ae\" data-start=\"229\" data-end=\"293\"><span role=\"text\"><strong data-start=\"231\" data-end=\"293\">Tour 3 d\u00edas: Fes \u2013 Merzouga \u2013 Desierto de Erg Chebbi \u2013 Fes<\/strong><\/span><\/h1>\n<hr data-start=\"295\" data-end=\"298\">\n<h2 data-section-id=\"1w6ex\" data-start=\"300\" data-end=\"328\"><span style=\"color: #ff6600;\" role=\"text\"><strong data-start=\"303\" data-end=\"328\">D\u00eda 1: Fes \u2013 Merzouga<\/strong><\/span><\/h2>\n<p data-start=\"329\" data-end=\"380\"><strong data-start=\"329\" data-end=\"342\">Recogida:<\/strong> Hotel o Riad en Fes, por la ma\u00f1ana.<\/p>\n<p data-start=\"382\" data-end=\"391\"><strong data-start=\"382\" data-end=\"391\">Ruta:<\/strong><\/p>\n<ul data-start=\"392\" data-end=\"630\">\n<li data-section-id=\"n0yno\" data-start=\"392\" data-end=\"425\"><strong data-start=\"394\" data-end=\"405\">Ifrane:<\/strong> \u201cSuiza marroqu\u00ed\u201d.<\/li>\n<li data-section-id=\"ixkrmh\" data-start=\"426\" data-end=\"478\"><strong data-start=\"428\" data-end=\"438\">Azrou:<\/strong> Bosque de cedros y monos de Berber\u00eda.<\/li>\n<li data-section-id=\"1k6456b\" data-start=\"479\" data-end=\"516\"><strong data-start=\"481\" data-end=\"492\">Midelt:<\/strong> Parada para almuerzo.<\/li>\n<li data-section-id=\"zvk3r1\" data-start=\"517\" data-end=\"575\"><strong data-start=\"519\" data-end=\"553\">Paso Tizi N\u2019Talghemt (1907 m):<\/strong> vistas panor\u00e1micas.<\/li>\n<li data-section-id=\"hxj7cq\" data-start=\"576\" data-end=\"630\"><strong data-start=\"578\" data-end=\"603\">Palmeraie de Aoufous:<\/strong> parada junto al r\u00edo Ziz.<\/li>\n<\/ul>\n<p data-start=\"632\" data-end=\"704\"><strong data-start=\"632\" data-end=\"644\">Llegada:<\/strong> Erg Chebbi (Merzouga), alojamiento en hotel o campamento.<\/p>\n<hr data-start=\"706\" data-end=\"709\">\n<h2 data-section-id=\"x7sc1l\" data-start=\"711\" data-end=\"767\"><span style=\"color: #ff6600;\" role=\"text\"><strong data-start=\"714\" data-end=\"767\">D\u00eda 2: Exploraci\u00f3n del desierto y pueblos n\u00f3madas<\/strong><\/span><\/h2>\n<p data-start=\"768\" data-end=\"805\"><strong data-start=\"768\" data-end=\"780\">Desayuno<\/strong> en hotel o campamento.<\/p>\n<p data-start=\"807\" data-end=\"828\"><strong data-start=\"807\" data-end=\"828\">Recorrido en 4\u00d74:<\/strong><\/p>\n<ul data-start=\"829\" data-end=\"1141\">\n<li data-section-id=\"1jhfslu\" data-start=\"829\" data-end=\"885\"><strong data-start=\"831\" data-end=\"852\">Khamlia Merzouga:<\/strong> m\u00fasica Gnawa y t\u00e9 tradicional.<\/li>\n<li data-section-id=\"1wolhi1\" data-start=\"886\" data-end=\"930\"><strong data-start=\"888\" data-end=\"898\">Hassi:<\/strong> jardines y sistemas de riego.<\/li>\n<li data-section-id=\"1g3pt82\" data-start=\"931\" data-end=\"1000\"><strong data-start=\"933\" data-end=\"965\">Lago Dayet Srji (primavera):<\/strong> flamencos y observaci\u00f3n de aves.<\/li>\n<li data-section-id=\"at9fiw\" data-start=\"1001\" data-end=\"1069\">Encuentro con <strong data-start=\"1017\" data-end=\"1037\">familias n\u00f3madas<\/strong>: conocer su vida y ganader\u00eda.<\/li>\n<li data-section-id=\"1nj87zy\" data-start=\"1070\" data-end=\"1141\">Parada en <strong data-start=\"1082\" data-end=\"1109\">rocas volc\u00e1nicas negras<\/strong> y mirador de Yasmina Auberge.<\/li>\n<\/ul>\n<p data-start=\"1143\" data-end=\"1155\"><strong data-start=\"1143\" data-end=\"1153\">Tarde:<\/strong><\/p>\n<ul data-start=\"1156\" data-end=\"1239\">\n<li data-section-id=\"1qzcjag\" data-start=\"1156\" data-end=\"1205\">Paseo en camello por las dunas de Erg Chebbi.<\/li>\n<li data-section-id=\"7u87s0\" data-start=\"1206\" data-end=\"1239\"><strong data-start=\"1208\" data-end=\"1237\">Atardecer en el desierto.<\/strong><\/li>\n<\/ul>\n<p data-start=\"1241\" data-end=\"1253\"><strong data-start=\"1241\" data-end=\"1251\">Noche:<\/strong><\/p>\n<ul data-start=\"1254\" data-end=\"1330\">\n<li data-section-id=\"uhpqqx\" data-start=\"1254\" data-end=\"1330\">Campamento bereber, cena, t\u00e9 a la menta y fogata con m\u00fasica tradicional.<\/li>\n<\/ul>\n<hr data-start=\"1332\" data-end=\"1335\">\n<h2 data-section-id=\"z3308e\" data-start=\"1337\" data-end=\"1364\"><span style=\"color: #ff6600;\" role=\"text\"><strong data-start=\"1340\" data-end=\"1364\">D\u00eda 3: Regreso a Fes<\/strong><\/span><\/h2>\n<ul data-start=\"1365\" data-end=\"1608\">\n<li data-section-id=\"127bvno\" data-start=\"1365\" data-end=\"1419\"><strong data-start=\"1367\" data-end=\"1381\">Madrugada:<\/strong> Ver salida del sol sobre las dunas.<\/li>\n<li data-section-id=\"1lhpeb8\" data-start=\"1420\" data-end=\"1470\">Regreso en camello al hotel, ducha y desayuno.<\/li>\n<li data-section-id=\"4pjef5\" data-start=\"1471\" data-end=\"1540\">Viaje de regreso: Rissani \u2192 Erfoud \u2192 Errachidia \u2192 Midelt \u2192 Azrou.<\/li>\n<li data-section-id=\"1qx3uvc\" data-start=\"1541\" data-end=\"1562\">Almuerzo en ruta.<\/li>\n<li data-section-id=\"honhek\" data-start=\"1563\" data-end=\"1608\">Llegada a Fes y traslado al hotel o Riad.<\/li>\n<\/ul>\n<hr data-start=\"1610\" data-end=\"1613\">\n<h2 data-section-id=\"15putus\" data-start=\"1615\" data-end=\"1629\"><span style=\"color: #ff6600;\" role=\"text\"><strong data-start=\"1618\" data-end=\"1629\">Incluye<\/strong><\/span><\/h2>\n<ul data-start=\"1630\" data-end=\"1842\">\n<li data-section-id=\"b51c4c\" data-start=\"1630\" data-end=\"1701\">Transporte privado con aire acondicionado (4\u00d74, minib\u00fas o autob\u00fas).<\/li>\n<li data-section-id=\"1gb0jua\" data-start=\"1702\" data-end=\"1735\">Conductor \/ gu\u00eda multiling\u00fce.<\/li>\n<li data-section-id=\"nkkexh\" data-start=\"1736\" data-end=\"1752\">Combustible.<\/li>\n<li data-section-id=\"108i4tu\" data-start=\"1753\" data-end=\"1799\">2 noches en el desierto (cena y desayuno).<\/li>\n<li data-section-id=\"160dsrh\" data-start=\"1800\" data-end=\"1842\">Paseo en camello y sandboard en dunas.<\/li>\n<\/ul>\n<hr data-start=\"1844\" data-end=\"1847\">\n<h2 data-section-id=\"kremxx\" data-start=\"1849\" data-end=\"1866\"><span style=\"color: #ff6600;\" role=\"text\"><strong data-start=\"1852\" data-end=\"1866\">No incluye<\/strong><\/span><\/h2>\n<ul data-start=\"1867\" data-end=\"1957\">\n<li data-section-id=\"1tuqkht\" data-start=\"1867\" data-end=\"1891\">Bebidas y almuerzos.<\/li>\n<li data-section-id=\"1h3wd0w\" data-start=\"1892\" data-end=\"1903\">Vuelos.<\/li>\n<li data-section-id=\"1dio54n\" data-start=\"1904\" data-end=\"1939\">Entradas a monumentos o museos.<\/li>\n<li data-section-id=\"17gz92f\" data-start=\"1940\" data-end=\"1957\">Hotel en Fes.<\/li>\n<\/ul>\n","protected":false},"excerpt":{"rendered":"<p>Tour 3 d\u00edas: Fes \u2013 Merzouga \u2013 Desierto de Erg Chebbi \u2013 Fes D\u00eda 1: Fes \u2013 Merzouga Recogida: Hotel o Riad en Fes, por la ma\u00f1ana. Ruta: Ifrane: \u201cSuiza marroqu\u00ed\u201d. Azrou: Bosque de cedros y monos de Berber\u00eda. Midelt: Parada para almuerzo. Paso Tizi N\u2019Talghemt (1907 m): vistas panor\u00e1micas. Palmeraie de Aoufous: parada junto&#8230;<\/p>\n","protected":false},"author":1,"featured_media":0,"parent":0,"menu_order":0,"comment_status":"closed","ping_status":"closed","template":"","meta":{"ngg_post_thumbnail":0,"_kad_post_transparent":"default","_kad_post_title":"default","_kad_post_layout":"default","_kad_post_sidebar_id":"","_kad_post_content_style":"default","_kad_post_vertical_padding":"default","_kad_post_feature":"","_kad_post_feature_position":"","_kad_post_header":false,"_kad_post_footer":false,"footnotes":""},"class_list":["post-10862","page","type-page","status-publish","hentry"],"yoast_head":"<!-- This site is optimized with the Yoast SEO plugin v21.5 - https:\/\/yoast.com\/wordpress\/plugins\/seo\/ -->\n<title>3-dias-desde-fez-hasta-el-desierto-de-merzouga-y-fez<\/title>\n<meta name=\"description\" content=\"\u201cMarruecos vacaciones\u201d, Marruecos consejos de viaje, Marruecos tours privados, vacaciones a Marruecos, Marruecos viaje, mejor \u00e9poca para visitar Marruecos, vacaciones Marruecos, tours en Marruecos, Marruecos desierto tours, Marruecos turismo, visita Marruecos, Marruecos vacaciones, viajes Marruecos, Marruecos tours, viajes a marruecos, viajes a marruecos, tours a marruecos desde, gu\u00eda tur\u00edstico de marruecos \u201d\" \/>\n<meta name=\"robots\" content=\"index, follow, max-snippet:-1, max-image-preview:large, max-video-preview:-1\" \/>\n<link rel=\"canonical\" href=\"https:\/\/discoverysaharatours.com\/es\/3-dias-desde-fez-hasta-el-desierto-de-merzouga-y-fez\/\" \/>\n<meta property=\"og:locale\" content=\"en_US\" \/>\n<meta property=\"og:type\" content=\"article\" \/>\n<meta property=\"og:title\" content=\"https:\/\/web.facebook.com\/Discovery.sahara\/\" \/>\n<meta property=\"og:description\" content=\"Discovery Sahara Tours es una agencia local en Marruecos muy especializada en organizar rutas por el desierto, con veh\u00edculos 4\u00d74 que facilitan el acceso a las pistas, a los lugares menos tur\u00edsticos y m\u00e1s aut\u00e9nticos, para disfrutar de la comodidad y el confort de sus ventajas. Con excursiones en dromedarios hasta llegar a los campamentos situados en medio de las dunas y poder disfrutar de una noche bajo las estrellas. Visitar familias bereberes, compartir su estilo de vida y costumbres. Con excursiones a pie hasta llegar al oasis frecuentado por n\u00f3madas.\" \/>\n<meta property=\"og:url\" content=\"https:\/\/discoverysaharatours.com\/es\/3-dias-desde-fez-hasta-el-desierto-de-merzouga-y-fez\/\" \/>\n<meta property=\"og:site_name\" content=\"Discovery Sahara Tours\" \/>\n<meta property=\"article:modified_time\" content=\"2026-04-05T08:52:52+00:00\" \/>\n<meta property=\"og:image\" content=\"https:\/\/discoverysaharatours.com\/es\/wp-content\/uploads\/2022\/10\/cropped-logo-Discovery-Sahara-Tours.png\" \/>\n\t<meta property=\"og:image:width\" content=\"512\" \/>\n\t<meta property=\"og:image:height\" content=\"512\" \/>\n\t<meta property=\"og:image:type\" content=\"image\/png\" \/>\n<meta name=\"twitter:card\" content=\"summary_large_image\" \/>\n<meta name=\"twitter:label1\" content=\"Est. reading time\" \/>\n\t<meta name=\"twitter:data1\" content=\"2 minutes\" \/>\n<script type=\"application\/ld+json\" class=\"yoast-schema-graph\">{\"@context\":\"https:\/\/schema.org\",\"@graph\":[{\"@type\":\"WebPage\",\"@id\":\"https:\/\/discoverysaharatours.com\/es\/3-dias-desde-fez-hasta-el-desierto-de-merzouga-y-fez\/\",\"url\":\"https:\/\/discoverysaharatours.com\/es\/3-dias-desde-fez-hasta-el-desierto-de-merzouga-y-fez\/\",\"name\":\"3-dias-desde-fez-hasta-el-desierto-de-merzouga-y-fez\",\"isPartOf\":{\"@id\":\"https:\/\/discoverysaharatours.com\/es\/#website\"},\"datePublished\":\"2018-11-02T17:01:52+00:00\",\"dateModified\":\"2026-04-05T08:52:52+00:00\",\"description\":\"\u201cMarruecos vacaciones\u201d, Marruecos consejos de viaje, Marruecos tours privados, vacaciones a Marruecos, Marruecos viaje, mejor \u00e9poca para visitar Marruecos, vacaciones Marruecos, tours en Marruecos, Marruecos desierto tours, Marruecos turismo, visita Marruecos, Marruecos vacaciones, viajes Marruecos, Marruecos tours, viajes a marruecos, viajes a marruecos, tours a marruecos desde, gu\u00eda tur\u00edstico de marruecos \u201d\",\"breadcrumb\":{\"@id\":\"https:\/\/discoverysaharatours.com\/es\/3-dias-desde-fez-hasta-el-desierto-de-merzouga-y-fez\/#breadcrumb\"},\"inLanguage\":\"en-US\",\"potentialAction\":[{\"@type\":\"ReadAction\",\"target\":[\"https:\/\/discoverysaharatours.com\/es\/3-dias-desde-fez-hasta-el-desierto-de-merzouga-y-fez\/\"]}]},{\"@type\":\"BreadcrumbList\",\"@id\":\"https:\/\/discoverysaharatours.com\/es\/3-dias-desde-fez-hasta-el-desierto-de-merzouga-y-fez\/#breadcrumb\",\"itemListElement\":[{\"@type\":\"ListItem\",\"position\":1,\"name\":\"Home\",\"item\":\"https:\/\/discoverysaharatours.com\/es\/\"},{\"@type\":\"ListItem\",\"position\":2,\"name\":\"3 d\u00edas desde Fez hasta el desierto de Merzouga y Fez\"}]},{\"@type\":\"WebSite\",\"@id\":\"https:\/\/discoverysaharatours.com\/es\/#website\",\"url\":\"https:\/\/discoverysaharatours.com\/es\/\",\"name\":\"Discovery Sahara Tours\",\"description\":\"Morocco Desert Tours \/ Tours &amp; Excursions in Morocco\",\"publisher\":{\"@id\":\"https:\/\/discoverysaharatours.com\/es\/#organization\"},\"potentialAction\":[{\"@type\":\"SearchAction\",\"target\":{\"@type\":\"EntryPoint\",\"urlTemplate\":\"https:\/\/discoverysaharatours.com\/es\/?s={search_term_string}\"},\"query-input\":\"required name=search_term_string\"}],\"inLanguage\":\"en-US\"},{\"@type\":\"Organization\",\"@id\":\"https:\/\/discoverysaharatours.com\/es\/#organization\",\"name\":\"Discovery Sahara Tours\",\"url\":\"https:\/\/discoverysaharatours.com\/es\/\",\"logo\":{\"@type\":\"ImageObject\",\"inLanguage\":\"en-US\",\"@id\":\"https:\/\/discoverysaharatours.com\/es\/#\/schema\/logo\/image\/\",\"url\":\"https:\/\/discoverysaharatours.com\/es\/wp-content\/uploads\/2022\/10\/logo-Discovery-Sahara-Tours.png\",\"contentUrl\":\"https:\/\/discoverysaharatours.com\/es\/wp-content\/uploads\/2022\/10\/logo-Discovery-Sahara-Tours.png\",\"width\":557,\"height\":486,\"caption\":\"Discovery Sahara Tours\"},\"image\":{\"@id\":\"https:\/\/discoverysaharatours.com\/es\/#\/schema\/logo\/image\/\"}}]}<\/script>\n<!-- \/ Yoast SEO plugin. -->","yoast_head_json":{"title":"3-dias-desde-fez-hasta-el-desierto-de-merzouga-y-fez","description":"\u201cMarruecos vacaciones\u201d, Marruecos consejos de viaje, Marruecos tours privados, vacaciones a Marruecos, Marruecos viaje, mejor \u00e9poca para visitar Marruecos, vacaciones Marruecos, tours en Marruecos, Marruecos desierto tours, Marruecos turismo, visita Marruecos, Marruecos vacaciones, viajes Marruecos, Marruecos tours, viajes a marruecos, viajes a marruecos, tours a marruecos desde, gu\u00eda tur\u00edstico de marruecos \u201d","robots":{"index":"index","follow":"follow","max-snippet":"max-snippet:-1","max-image-preview":"max-image-preview:large","max-video-preview":"max-video-preview:-1"},"canonical":"https:\/\/discoverysaharatours.com\/es\/3-dias-desde-fez-hasta-el-desierto-de-merzouga-y-fez\/","og_locale":"en_US","og_type":"article","og_title":"https:\/\/web.facebook.com\/Discovery.sahara\/","og_description":"Discovery Sahara Tours es una agencia local en Marruecos muy especializada en organizar rutas por el desierto, con veh\u00edculos 4\u00d74 que facilitan el acceso a las pistas, a los lugares menos tur\u00edsticos y m\u00e1s aut\u00e9nticos, para disfrutar de la comodidad y el confort de sus ventajas. Con excursiones en dromedarios hasta llegar a los campamentos situados en medio de las dunas y poder disfrutar de una noche bajo las estrellas. Visitar familias bereberes, compartir su estilo de vida y costumbres. Con excursiones a pie hasta llegar al oasis frecuentado por n\u00f3madas.","og_url":"https:\/\/discoverysaharatours.com\/es\/3-dias-desde-fez-hasta-el-desierto-de-merzouga-y-fez\/","og_site_name":"Discovery Sahara Tours","article_modified_time":"2026-04-05T08:52:52+00:00","og_image":[{"width":512,"height":512,"url":"https:\/\/discoverysaharatours.com\/es\/wp-content\/uploads\/2022\/10\/cropped-logo-Discovery-Sahara-Tours.png","type":"image\/png"}],"twitter_card":"summary_large_image","twitter_misc":{"Est. reading time":"2 minutes"},"schema":{"@context":"https:\/\/schema.org","@graph":[{"@type":"WebPage","@id":"https:\/\/discoverysaharatours.com\/es\/3-dias-desde-fez-hasta-el-desierto-de-merzouga-y-fez\/","url":"https:\/\/discoverysaharatours.com\/es\/3-dias-desde-fez-hasta-el-desierto-de-merzouga-y-fez\/","name":"3-dias-desde-fez-hasta-el-desierto-de-merzouga-y-fez","isPartOf":{"@id":"https:\/\/discoverysaharatours.com\/es\/#website"},"datePublished":"2018-11-02T17:01:52+00:00","dateModified":"2026-04-05T08:52:52+00:00","description":"\u201cMarruecos vacaciones\u201d, Marruecos consejos de viaje, Marruecos tours privados, vacaciones a Marruecos, Marruecos viaje, mejor \u00e9poca para visitar Marruecos, vacaciones Marruecos, tours en Marruecos, Marruecos desierto tours, Marruecos turismo, visita Marruecos, Marruecos vacaciones, viajes Marruecos, Marruecos tours, viajes a marruecos, viajes a marruecos, tours a marruecos desde, gu\u00eda tur\u00edstico de marruecos \u201d","breadcrumb":{"@id":"https:\/\/discoverysaharatours.com\/es\/3-dias-desde-fez-hasta-el-desierto-de-merzouga-y-fez\/#breadcrumb"},"inLanguage":"en-US","potentialAction":[{"@type":"ReadAction","target":["https:\/\/discoverysaharatours.com\/es\/3-dias-desde-fez-hasta-el-desierto-de-merzouga-y-fez\/"]}]},{"@type":"BreadcrumbList","@id":"https:\/\/discoverysaharatours.com\/es\/3-dias-desde-fez-hasta-el-desierto-de-merzouga-y-fez\/#breadcrumb","itemListElement":[{"@type":"ListItem","position":1,"name":"Home","item":"https:\/\/discoverysaharatours.com\/es\/"},{"@type":"ListItem","position":2,"name":"3 d\u00edas desde Fez hasta el desierto de Merzouga y Fez"}]},{"@type":"WebSite","@id":"https:\/\/discoverysaharatours.com\/es\/#website","url":"https:\/\/discoverysaharatours.com\/es\/","name":"Discovery Sahara Tours","description":"Morocco Desert Tours \/ Tours &amp; Excursions in Morocco","publisher":{"@id":"https:\/\/discoverysaharatours.com\/es\/#organization"},"potentialAction":[{"@type":"SearchAction","target":{"@type":"EntryPoint","urlTemplate":"https:\/\/discoverysaharatours.com\/es\/?s={search_term_string}"},"query-input":"required name=search_term_string"}],"inLanguage":"en-US"},{"@type":"Organization","@id":"https:\/\/discoverysaharatours.com\/es\/#organization","name":"Discovery Sahara Tours","url":"https:\/\/discoverysaharatours.com\/es\/","logo":{"@type":"ImageObject","inLanguage":"en-US","@id":"https:\/\/discoverysaharatours.com\/es\/#\/schema\/logo\/image\/","url":"https:\/\/discoverysaharatours.com\/es\/wp-content\/uploads\/2022\/10\/logo-Discovery-Sahara-Tours.png","contentUrl":"https:\/\/discoverysaharatours.com\/es\/wp-content\/uploads\/2022\/10\/logo-Discovery-Sahara-Tours.png","width":557,"height":486,"caption":"Discovery Sahara Tours"},"image":{"@id":"https:\/\/discoverysaharatours.com\/es\/#\/schema\/logo\/image\/"}}]}},"_links":{"self":[{"href":"https:\/\/discoverysaharatours.com\/es\/wp-json\/wp\/v2\/pages\/10862","targetHints":{"allow":["GET"]}}],"collection":[{"href":"https:\/\/discoverysaharatours.com\/es\/wp-json\/wp\/v2\/pages"}],"about":[{"href":"https:\/\/discoverysaharatours.com\/es\/wp-json\/wp\/v2\/types\/page"}],"author":[{"embeddable":true,"href":"https:\/\/discoverysaharatours.com\/es\/wp-json\/wp\/v2\/users\/1"}],"replies":[{"embeddable":true,"href":"https:\/\/discoverysaharatours.com\/es\/wp-json\/wp\/v2\/comments?post=10862"}],"version-history":[{"count":5,"href":"https:\/\/discoverysaharatours.com\/es\/wp-json\/wp\/v2\/pages\/10862\/revisions"}],"predecessor-version":[{"id":19714,"href":"https:\/\/discoverysaharatours.com\/es\/wp-json\/wp\/v2\/pages\/10862\/revisions\/19714"}],"wp:attachment":[{"href":"https:\/\/discoverysaharatours.com\/es\/wp-json\/wp\/v2\/media?parent=10862"}],"curies":[{"name":"wp","href":"https:\/\/api.w.org\/{rel}","templated":true}]}}