{"id":10863,"date":"2018-11-02T17:02:42","date_gmt":"2018-11-02T17:02:42","guid":{"rendered":"https:\/\/www.discoverysaharatours.com\/?page_id=10863"},"modified":"2026-04-07T22:28:29","modified_gmt":"2026-04-07T22:28:29","slug":"5-dias-de-fez-al-desierto-de-merzouga-y-marrakech","status":"publish","type":"page","link":"https:\/\/discoverysaharatours.com\/es\/5-dias-de-fez-al-desierto-de-merzouga-y-marrakech\/","title":{"rendered":"5 d\u00edas de Fez al desierto de Merzouga y Marrakech"},"content":{"rendered":"<h2 data-section-id=\"xk5gif\" data-start=\"121\" data-end=\"237\">\ud83c\udf0d Tour de 5 d\u00edas desde <span class=\"hover:entity-accent entity-underline inline cursor-pointer align-baseline\"><span class=\"whitespace-normal\">Fez<\/span><\/span> al desierto y <span class=\"hover:entity-accent entity-underline inline cursor-pointer align-baseline\"><span class=\"whitespace-normal\">Marrakech<\/span><\/span><\/h2>\n<p data-start=\"239\" data-end=\"596\">Comenzaremos este fascinante recorrido desde la hist\u00f3rica ciudad imperial de Fez. Atravesaremos las monta\u00f1as del Medio Atlas, pasando por paisajes espectaculares hasta llegar al desierto de Merzouga. Durante el viaje descubrir\u00e1s oasis, gargantas impresionantes, kasbahs hist\u00f3ricas y aut\u00e9ntica cultura bereber, finalizando en la vibrante ciudad de Marrakech.<\/p>\n<hr data-start=\"598\" data-end=\"601\">\n<h2 data-section-id=\"14bn597\" data-start=\"603\" data-end=\"659\">\ud83d\uddd3\ufe0f <span style=\"color: #ff6600;\">D\u00eda 1: Fez \u2013 Ifrane \u2013 Azrou \u2013 Midelt \u2013 Merzouga<\/span><\/h2>\n<p data-start=\"661\" data-end=\"764\">Despu\u00e9s de encontrarnos en el punto acordado, partiremos hacia el sureste atravesando el Medio Atlas.<\/p>\n<p data-start=\"766\" data-end=\"1040\">Nuestra primera parada ser\u00e1 en <span class=\"hover:entity-accent entity-underline inline cursor-pointer align-baseline\"><span class=\"whitespace-normal\">Ifrane<\/span><\/span>, conocida como \u201cla Suiza marroqu\u00ed\u201d por su arquitectura y limpieza. Luego continuaremos hacia <span class=\"hover:entity-accent entity-underline inline cursor-pointer align-baseline\"><span class=\"whitespace-normal\">Azrou<\/span><\/span> para visitar el famoso bosque de cedros, hogar de los monos de Berber\u00eda.<\/p>\n<p data-start=\"1042\" data-end=\"1260\">Seguiremos hacia <span class=\"hover:entity-accent entity-underline inline cursor-pointer align-baseline\"><span class=\"whitespace-normal\">Midelt<\/span><\/span>, donde almorzaremos, antes de cruzar paisajes monta\u00f1osos y pueblos bereberes hasta <span class=\"hover:entity-accent entity-underline inline cursor-pointer align-baseline\"><span class=\"whitespace-normal\">Errachidia<\/span><\/span> y <span class=\"hover:entity-accent entity-underline inline cursor-pointer align-baseline\"><span class=\"whitespace-normal\">Erfoud<\/span><\/span>.<\/p>\n<p data-start=\"1262\" data-end=\"1454\">Llegada a <span class=\"hover:entity-accent entity-underline inline cursor-pointer align-baseline\"><span class=\"whitespace-normal\">Merzouga<\/span><\/span>, donde disfrutar\u00e1s de un t\u00e9 de bienvenida antes de comenzar una excursi\u00f3n en camello hacia las dunas de <span class=\"hover:entity-accent entity-underline inline cursor-pointer align-baseline\"><span class=\"whitespace-normal\">Erg Chebbi<\/span><\/span>.<\/p>\n<p data-start=\"1456\" data-end=\"1524\">Cena y noche en campamento bereber bajo un cielo lleno de estrellas.<\/p>\n<hr data-start=\"1526\" data-end=\"1529\">\n<h2 data-section-id=\"1rum154\" data-start=\"1531\" data-end=\"1590\">\ud83d\uddd3\ufe0f <span style=\"color: #ff6600;\">D\u00eda 2: Merzouga \u2013 Erg Chebbi \u2013 Noche en campamento<\/span><\/h2>\n<p data-start=\"1592\" data-end=\"1667\">Despu\u00e9s del desayuno, realizaremos un recorrido por la zona del desierto.<\/p>\n<p data-start=\"1669\" data-end=\"1823\">Visitar\u00e1s comunidades n\u00f3madas y disfrutar\u00e1s de la m\u00fasica tradicional Gnawa. Tambi\u00e9n exploraremos el lago de Merzouga, conocido por sus aves migratorias.<\/p>\n<p data-start=\"1825\" data-end=\"1915\">Por la tarde, paseo en camello por las dunas de Erg Chebbi para disfrutar del atardecer.<\/p>\n<p data-start=\"1917\" data-end=\"1984\">Cena y alojamiento en campamento bereber con todas las comodidades.<\/p>\n<hr data-start=\"1986\" data-end=\"1989\">\n<h2 data-section-id=\"nna0v8\" data-start=\"1991\" data-end=\"2065\">\ud83d\uddd3\ufe0f <span style=\"color: #ff6600;\">D\u00eda 3: Merzouga \u2013 Rissani \u2013 Gargantas del Todra \u2013 Valle del Dades<\/span><\/h2>\n<p data-start=\"2067\" data-end=\"2121\">Salida temprano para ver el amanecer en el desierto.<\/p>\n<p data-start=\"2123\" data-end=\"2255\">Despu\u00e9s del desayuno, nos dirigimos a <span class=\"hover:entity-accent entity-underline inline cursor-pointer align-baseline\"><span class=\"whitespace-normal\">Rissani<\/span><\/span>, antigua ciudad caravanera con su tradicional mercado.<\/p>\n<p data-start=\"2257\" data-end=\"2384\">Continuamos hacia las impresionantes <span class=\"hover:entity-accent entity-underline inline cursor-pointer align-baseline\"><span class=\"whitespace-normal\">Gargantas del Todra<\/span><\/span>, uno de los ca\u00f1ones m\u00e1s espectaculares del pa\u00eds.<\/p>\n<p data-start=\"2386\" data-end=\"2555\">Seguimos hacia <span class=\"hover:entity-accent entity-underline inline cursor-pointer align-baseline\"><span class=\"whitespace-normal\">Tinghir<\/span><\/span> y el <span class=\"hover:entity-accent entity-underline inline cursor-pointer align-baseline\"><span class=\"whitespace-normal\">Valle del Dades<\/span><\/span>, famoso por sus formaciones rocosas conocidas como \u201cdedos de mono\u201d.<\/p>\n<p data-start=\"2557\" data-end=\"2599\">Cena y noche en hotel con vistas al valle.<\/p>\n<hr data-start=\"2601\" data-end=\"2604\">\n<h2 data-section-id=\"1v8m9ib\" data-start=\"2606\" data-end=\"2659\">\ud83d\uddd3\ufe0f <span style=\"color: #ff6600;\">D\u00eda 4: Valle del Dades \u2013 Skoura \u2013 Ouarzazate<\/span><\/h2>\n<p data-start=\"2661\" data-end=\"2729\">Despu\u00e9s del desayuno, viajaremos por la \u201cRuta de las Mil Kasbahs\u201d.<\/p>\n<p data-start=\"2731\" data-end=\"2905\">Pasaremos por <span class=\"hover:entity-accent entity-underline inline cursor-pointer align-baseline\"><span class=\"whitespace-normal\">Kalaat M&#8217;Gouna<\/span><\/span>, conocida como la \u201cciudad de las rosas\u201d, y continuaremos hacia el palmeral de <span class=\"hover:entity-accent entity-underline inline cursor-pointer align-baseline\"><span class=\"whitespace-normal\">Skoura<\/span><\/span>.<\/p>\n<p data-start=\"2907\" data-end=\"3045\">Visitaremos la hist\u00f3rica Kasbah Amridil antes de llegar a <span class=\"hover:entity-accent entity-underline inline cursor-pointer align-baseline\"><span class=\"whitespace-normal\">Ouarzazate<\/span><\/span>, conocida como la puerta del desierto.<\/p>\n<p data-start=\"3047\" data-end=\"3069\">Noche en hotel o riad.<\/p>\n<hr data-start=\"3071\" data-end=\"3074\">\n<h2 data-section-id=\"cdgher\" data-start=\"3076\" data-end=\"3147\">\ud83d\uddd3\ufe0f <span style=\"color: #ff6600;\">D\u00eda 5: Ouarzazate \u2013 Ait Ben Haddou \u2013 Tizi n\u2019Tichka \u2013 Marrakech<\/span><\/h2>\n<p data-start=\"3149\" data-end=\"3321\">Salida hacia la famosa <span class=\"hover:entity-accent entity-underline inline cursor-pointer align-baseline\"><span class=\"whitespace-normal\">Ait Ben Haddou<\/span><\/span>, declarada Patrimonio de la Humanidad por la UNESCO y escenario de pel\u00edculas como <em data-start=\"3294\" data-end=\"3305\">Gladiator<\/em> y <em data-start=\"3308\" data-end=\"3318\">La Momia<\/em>.<\/p>\n<p data-start=\"3323\" data-end=\"3454\">Despu\u00e9s, cruzaremos el impresionante <span class=\"hover:entity-accent entity-underline inline cursor-pointer align-baseline\"><span class=\"whitespace-normal\">Tizi n&#8217;Tichka<\/span><\/span> (2.260 m), el paso de monta\u00f1a m\u00e1s alto de Marruecos.<\/p>\n<p data-start=\"3456\" data-end=\"3523\">Llegada a Marrakech por la tarde y traslado a tu riad en la medina.<\/p>\n<hr data-start=\"3525\" data-end=\"3528\">\n<h2 data-section-id=\"1h75j5d\" data-start=\"3530\" data-end=\"3552\">\u2705 <span style=\"color: #ff6600;\">Qu\u00e9 est\u00e1 incluido<\/span><\/h2>\n<ul data-start=\"3554\" data-end=\"3806\">\n<li data-section-id=\"1u2h6l\" data-start=\"3554\" data-end=\"3624\">Transporte privado con aire acondicionado (4&#215;4, minib\u00fas o autob\u00fas)<\/li>\n<li data-section-id=\"khxukc\" data-start=\"3625\" data-end=\"3655\">Conductor\/gu\u00eda multiling\u00fce<\/li>\n<li data-section-id=\"1xlc6vv\" data-start=\"3656\" data-end=\"3671\">Combustible<\/li>\n<li data-section-id=\"123ly9z\" data-start=\"3672\" data-end=\"3700\">3 noches en hotel o riad<\/li>\n<li data-section-id=\"hsy8p0\" data-start=\"3701\" data-end=\"3759\">1 noche en campamento en el desierto (cena y desayuno)<\/li>\n<li data-section-id=\"1vuo7la\" data-start=\"3760\" data-end=\"3780\">Paseo en camello<\/li>\n<li data-section-id=\"1ybvor0\" data-start=\"3781\" data-end=\"3806\">Sandboarding en dunas<\/li>\n<\/ul>\n<hr data-start=\"3808\" data-end=\"3811\">\n<h2 data-section-id=\"ak0hx3\" data-start=\"3813\" data-end=\"3829\">\u274c<span style=\"color: #ff6600;\"> No incluido<\/span><\/h2>\n<ul data-start=\"3831\" data-end=\"3914\">\n<li data-section-id=\"u610en\" data-start=\"3831\" data-end=\"3854\">Almuerzos y bebidas<\/li>\n<li data-section-id=\"1u6l1ge\" data-start=\"3855\" data-end=\"3865\">Vuelos<\/li>\n<li data-section-id=\"k8ve4k\" data-start=\"3866\" data-end=\"3891\">Entradas a monumentos<\/li>\n<li data-section-id=\"1s97y87\" data-start=\"3892\" data-end=\"3914\">Alojamiento en Fez<\/li>\n<\/ul>\n","protected":false},"excerpt":{"rendered":"<p>\ud83c\udf0d Tour de 5 d\u00edas desde Fez al desierto y Marrakech Comenzaremos este fascinante recorrido desde la hist\u00f3rica ciudad imperial de Fez. Atravesaremos las monta\u00f1as del Medio Atlas, pasando por paisajes espectaculares hasta llegar al desierto de Merzouga. Durante el viaje descubrir\u00e1s oasis, gargantas impresionantes, kasbahs hist\u00f3ricas y aut\u00e9ntica cultura bereber, finalizando en la vibrante&#8230;<\/p>\n","protected":false},"author":1,"featured_media":0,"parent":0,"menu_order":0,"comment_status":"closed","ping_status":"closed","template":"","meta":{"ngg_post_thumbnail":0,"_kad_post_transparent":"default","_kad_post_title":"default","_kad_post_layout":"default","_kad_post_sidebar_id":"","_kad_post_content_style":"default","_kad_post_vertical_padding":"default","_kad_post_feature":"","_kad_post_feature_position":"","_kad_post_header":false,"_kad_post_footer":false,"footnotes":""},"class_list":["post-10863","page","type-page","status-publish","hentry"],"yoast_head":"<!-- This site is optimized with the Yoast SEO plugin v21.5 - https:\/\/yoast.com\/wordpress\/plugins\/seo\/ -->\n<title>5-dias-de-fez-al-desierto-de-merzouga-y-marrakech<\/title>\n<meta name=\"description\" content=\"&quot;visite Marruecos, vacaciones en Marruecos, viajes a Marruecos, viajes a Marruecos, viajes a Marruecos, viajes a Marruecos, viajes a Marruecos desde, gu\u00eda tur\u00edstico de Marruecos, viajes a Marruecos de lujo, compa\u00f1\u00edas de viajes a Marruecos, viajes de aventura a Marruecos&quot;\" \/>\n<meta name=\"robots\" content=\"index, follow, max-snippet:-1, max-image-preview:large, max-video-preview:-1\" \/>\n<link rel=\"canonical\" href=\"https:\/\/discoverysaharatours.com\/es\/5-dias-de-fez-al-desierto-de-merzouga-y-marrakech\/\" \/>\n<meta property=\"og:locale\" content=\"en_US\" \/>\n<meta property=\"og:type\" content=\"article\" \/>\n<meta property=\"og:title\" content=\"https:\/\/web.facebook.com\/Discovery.sahara\/\" \/>\n<meta property=\"og:description\" content=\"Discovery Sahara Tours es una agencia local en Marruecos muy especializada en organizar rutas por el desierto, con veh\u00edculos 4\u00d74 que facilitan el acceso a las pistas, a los lugares menos tur\u00edsticos y m\u00e1s aut\u00e9nticos, para disfrutar de la comodidad y el confort de sus ventajas. Con excursiones en dromedarios hasta llegar a los campamentos situados en medio de las dunas y poder disfrutar de una noche bajo las estrellas. Visitar familias bereberes, compartir su estilo de vida y costumbres. Con excursiones a pie hasta llegar al oasis frecuentado por n\u00f3madas.\" \/>\n<meta property=\"og:url\" content=\"https:\/\/discoverysaharatours.com\/es\/5-dias-de-fez-al-desierto-de-merzouga-y-marrakech\/\" \/>\n<meta property=\"og:site_name\" content=\"Discovery Sahara Tours\" \/>\n<meta property=\"article:modified_time\" content=\"2026-04-07T22:28:29+00:00\" \/>\n<meta property=\"og:image\" content=\"https:\/\/discoverysaharatours.com\/es\/wp-content\/uploads\/2022\/10\/cropped-logo-Discovery-Sahara-Tours.png\" \/>\n\t<meta property=\"og:image:width\" content=\"512\" \/>\n\t<meta property=\"og:image:height\" content=\"512\" \/>\n\t<meta property=\"og:image:type\" content=\"image\/png\" \/>\n<meta name=\"twitter:card\" content=\"summary_large_image\" \/>\n<meta name=\"twitter:label1\" content=\"Est. reading time\" \/>\n\t<meta name=\"twitter:data1\" content=\"3 minutes\" \/>\n<script type=\"application\/ld+json\" class=\"yoast-schema-graph\">{\"@context\":\"https:\/\/schema.org\",\"@graph\":[{\"@type\":\"WebPage\",\"@id\":\"https:\/\/discoverysaharatours.com\/es\/5-dias-de-fez-al-desierto-de-merzouga-y-marrakech\/\",\"url\":\"https:\/\/discoverysaharatours.com\/es\/5-dias-de-fez-al-desierto-de-merzouga-y-marrakech\/\",\"name\":\"5-dias-de-fez-al-desierto-de-merzouga-y-marrakech\",\"isPartOf\":{\"@id\":\"https:\/\/discoverysaharatours.com\/es\/#website\"},\"datePublished\":\"2018-11-02T17:02:42+00:00\",\"dateModified\":\"2026-04-07T22:28:29+00:00\",\"description\":\"\\\"visite Marruecos, vacaciones en Marruecos, viajes a Marruecos, viajes a Marruecos, viajes a Marruecos, viajes a Marruecos, viajes a Marruecos desde, gu\u00eda tur\u00edstico de Marruecos, viajes a Marruecos de lujo, compa\u00f1\u00edas de viajes a Marruecos, viajes de aventura a Marruecos\\\"\",\"breadcrumb\":{\"@id\":\"https:\/\/discoverysaharatours.com\/es\/5-dias-de-fez-al-desierto-de-merzouga-y-marrakech\/#breadcrumb\"},\"inLanguage\":\"en-US\",\"potentialAction\":[{\"@type\":\"ReadAction\",\"target\":[\"https:\/\/discoverysaharatours.com\/es\/5-dias-de-fez-al-desierto-de-merzouga-y-marrakech\/\"]}]},{\"@type\":\"BreadcrumbList\",\"@id\":\"https:\/\/discoverysaharatours.com\/es\/5-dias-de-fez-al-desierto-de-merzouga-y-marrakech\/#breadcrumb\",\"itemListElement\":[{\"@type\":\"ListItem\",\"position\":1,\"name\":\"Home\",\"item\":\"https:\/\/discoverysaharatours.com\/es\/\"},{\"@type\":\"ListItem\",\"position\":2,\"name\":\"5 d\u00edas de Fez al desierto de Merzouga y Marrakech\"}]},{\"@type\":\"WebSite\",\"@id\":\"https:\/\/discoverysaharatours.com\/es\/#website\",\"url\":\"https:\/\/discoverysaharatours.com\/es\/\",\"name\":\"Discovery Sahara Tours\",\"description\":\"Morocco Desert Tours \/ Tours &amp; Excursions in Morocco\",\"publisher\":{\"@id\":\"https:\/\/discoverysaharatours.com\/es\/#organization\"},\"potentialAction\":[{\"@type\":\"SearchAction\",\"target\":{\"@type\":\"EntryPoint\",\"urlTemplate\":\"https:\/\/discoverysaharatours.com\/es\/?s={search_term_string}\"},\"query-input\":\"required name=search_term_string\"}],\"inLanguage\":\"en-US\"},{\"@type\":\"Organization\",\"@id\":\"https:\/\/discoverysaharatours.com\/es\/#organization\",\"name\":\"Discovery Sahara Tours\",\"url\":\"https:\/\/discoverysaharatours.com\/es\/\",\"logo\":{\"@type\":\"ImageObject\",\"inLanguage\":\"en-US\",\"@id\":\"https:\/\/discoverysaharatours.com\/es\/#\/schema\/logo\/image\/\",\"url\":\"https:\/\/discoverysaharatours.com\/es\/wp-content\/uploads\/2022\/10\/logo-Discovery-Sahara-Tours.png\",\"contentUrl\":\"https:\/\/discoverysaharatours.com\/es\/wp-content\/uploads\/2022\/10\/logo-Discovery-Sahara-Tours.png\",\"width\":557,\"height\":486,\"caption\":\"Discovery Sahara Tours\"},\"image\":{\"@id\":\"https:\/\/discoverysaharatours.com\/es\/#\/schema\/logo\/image\/\"}}]}<\/script>\n<!-- \/ Yoast SEO plugin. -->","yoast_head_json":{"title":"5-dias-de-fez-al-desierto-de-merzouga-y-marrakech","description":"\"visite Marruecos, vacaciones en Marruecos, viajes a Marruecos, viajes a Marruecos, viajes a Marruecos, viajes a Marruecos, viajes a Marruecos desde, gu\u00eda tur\u00edstico de Marruecos, viajes a Marruecos de lujo, compa\u00f1\u00edas de viajes a Marruecos, viajes de aventura a Marruecos\"","robots":{"index":"index","follow":"follow","max-snippet":"max-snippet:-1","max-image-preview":"max-image-preview:large","max-video-preview":"max-video-preview:-1"},"canonical":"https:\/\/discoverysaharatours.com\/es\/5-dias-de-fez-al-desierto-de-merzouga-y-marrakech\/","og_locale":"en_US","og_type":"article","og_title":"https:\/\/web.facebook.com\/Discovery.sahara\/","og_description":"Discovery Sahara Tours es una agencia local en Marruecos muy especializada en organizar rutas por el desierto, con veh\u00edculos 4\u00d74 que facilitan el acceso a las pistas, a los lugares menos tur\u00edsticos y m\u00e1s aut\u00e9nticos, para disfrutar de la comodidad y el confort de sus ventajas. Con excursiones en dromedarios hasta llegar a los campamentos situados en medio de las dunas y poder disfrutar de una noche bajo las estrellas. Visitar familias bereberes, compartir su estilo de vida y costumbres. Con excursiones a pie hasta llegar al oasis frecuentado por n\u00f3madas.","og_url":"https:\/\/discoverysaharatours.com\/es\/5-dias-de-fez-al-desierto-de-merzouga-y-marrakech\/","og_site_name":"Discovery Sahara Tours","article_modified_time":"2026-04-07T22:28:29+00:00","og_image":[{"width":512,"height":512,"url":"https:\/\/discoverysaharatours.com\/es\/wp-content\/uploads\/2022\/10\/cropped-logo-Discovery-Sahara-Tours.png","type":"image\/png"}],"twitter_card":"summary_large_image","twitter_misc":{"Est. reading time":"3 minutes"},"schema":{"@context":"https:\/\/schema.org","@graph":[{"@type":"WebPage","@id":"https:\/\/discoverysaharatours.com\/es\/5-dias-de-fez-al-desierto-de-merzouga-y-marrakech\/","url":"https:\/\/discoverysaharatours.com\/es\/5-dias-de-fez-al-desierto-de-merzouga-y-marrakech\/","name":"5-dias-de-fez-al-desierto-de-merzouga-y-marrakech","isPartOf":{"@id":"https:\/\/discoverysaharatours.com\/es\/#website"},"datePublished":"2018-11-02T17:02:42+00:00","dateModified":"2026-04-07T22:28:29+00:00","description":"\"visite Marruecos, vacaciones en Marruecos, viajes a Marruecos, viajes a Marruecos, viajes a Marruecos, viajes a Marruecos, viajes a Marruecos desde, gu\u00eda tur\u00edstico de Marruecos, viajes a Marruecos de lujo, compa\u00f1\u00edas de viajes a Marruecos, viajes de aventura a Marruecos\"","breadcrumb":{"@id":"https:\/\/discoverysaharatours.com\/es\/5-dias-de-fez-al-desierto-de-merzouga-y-marrakech\/#breadcrumb"},"inLanguage":"en-US","potentialAction":[{"@type":"ReadAction","target":["https:\/\/discoverysaharatours.com\/es\/5-dias-de-fez-al-desierto-de-merzouga-y-marrakech\/"]}]},{"@type":"BreadcrumbList","@id":"https:\/\/discoverysaharatours.com\/es\/5-dias-de-fez-al-desierto-de-merzouga-y-marrakech\/#breadcrumb","itemListElement":[{"@type":"ListItem","position":1,"name":"Home","item":"https:\/\/discoverysaharatours.com\/es\/"},{"@type":"ListItem","position":2,"name":"5 d\u00edas de Fez al desierto de Merzouga y Marrakech"}]},{"@type":"WebSite","@id":"https:\/\/discoverysaharatours.com\/es\/#website","url":"https:\/\/discoverysaharatours.com\/es\/","name":"Discovery Sahara Tours","description":"Morocco Desert Tours \/ Tours &amp; Excursions in Morocco","publisher":{"@id":"https:\/\/discoverysaharatours.com\/es\/#organization"},"potentialAction":[{"@type":"SearchAction","target":{"@type":"EntryPoint","urlTemplate":"https:\/\/discoverysaharatours.com\/es\/?s={search_term_string}"},"query-input":"required name=search_term_string"}],"inLanguage":"en-US"},{"@type":"Organization","@id":"https:\/\/discoverysaharatours.com\/es\/#organization","name":"Discovery Sahara Tours","url":"https:\/\/discoverysaharatours.com\/es\/","logo":{"@type":"ImageObject","inLanguage":"en-US","@id":"https:\/\/discoverysaharatours.com\/es\/#\/schema\/logo\/image\/","url":"https:\/\/discoverysaharatours.com\/es\/wp-content\/uploads\/2022\/10\/logo-Discovery-Sahara-Tours.png","contentUrl":"https:\/\/discoverysaharatours.com\/es\/wp-content\/uploads\/2022\/10\/logo-Discovery-Sahara-Tours.png","width":557,"height":486,"caption":"Discovery Sahara Tours"},"image":{"@id":"https:\/\/discoverysaharatours.com\/es\/#\/schema\/logo\/image\/"}}]}},"_links":{"self":[{"href":"https:\/\/discoverysaharatours.com\/es\/wp-json\/wp\/v2\/pages\/10863","targetHints":{"allow":["GET"]}}],"collection":[{"href":"https:\/\/discoverysaharatours.com\/es\/wp-json\/wp\/v2\/pages"}],"about":[{"href":"https:\/\/discoverysaharatours.com\/es\/wp-json\/wp\/v2\/types\/page"}],"author":[{"embeddable":true,"href":"https:\/\/discoverysaharatours.com\/es\/wp-json\/wp\/v2\/users\/1"}],"replies":[{"embeddable":true,"href":"https:\/\/discoverysaharatours.com\/es\/wp-json\/wp\/v2\/comments?post=10863"}],"version-history":[{"count":5,"href":"https:\/\/discoverysaharatours.com\/es\/wp-json\/wp\/v2\/pages\/10863\/revisions"}],"predecessor-version":[{"id":19725,"href":"https:\/\/discoverysaharatours.com\/es\/wp-json\/wp\/v2\/pages\/10863\/revisions\/19725"}],"wp:attachment":[{"href":"https:\/\/discoverysaharatours.com\/es\/wp-json\/wp\/v2\/media?parent=10863"}],"curies":[{"name":"wp","href":"https:\/\/api.w.org\/{rel}","templated":true}]}}