{"id":10865,"date":"2018-11-02T17:03:22","date_gmt":"2018-11-02T17:03:22","guid":{"rendered":"https:\/\/www.discoverysaharatours.com\/?page_id=10865"},"modified":"2026-04-09T09:41:04","modified_gmt":"2026-04-09T09:41:04","slug":"7-dias-desde-fez-hasta-el-desierto-de-merzouga-y-marrakech","status":"publish","type":"page","link":"https:\/\/discoverysaharatours.com\/es\/7-dias-desde-fez-hasta-el-desierto-de-merzouga-y-marrakech\/","title":{"rendered":"7 d\u00edas desde Fez hasta el desierto de Merzouga y Marrakech"},"content":{"rendered":"<h1 data-section-id=\"k11v3s\" data-start=\"207\" data-end=\"261\">\ud83c\udf0d Tour Marruecos 7 D\u00edas: Fez \u2013 Desierto \u2013 Marrakech<\/h1>\n<h2 data-section-id=\"12v876l\" data-start=\"263\" data-end=\"324\">\ud83d\uddd3\ufe0f <span style=\"color: #ff6600;\">D\u00eda 1: Llegada a <span class=\"hover:entity-accent entity-underline inline cursor-pointer align-baseline\"><span class=\"whitespace-normal\">Fez<\/span><\/span><\/span><\/h2>\n<p data-start=\"325\" data-end=\"381\">Recepci\u00f3n en el aeropuerto y traslado a tu hotel o riad.<\/p>\n<p data-start=\"383\" data-end=\"411\">Visita guiada por la ciudad:<\/p>\n<ul data-start=\"412\" data-end=\"620\">\n<li data-section-id=\"1bb9trx\" data-start=\"412\" data-end=\"466\">Exploraci\u00f3n de la medina y los zocos tradicionales<\/li>\n<li data-section-id=\"t301zw\" data-start=\"467\" data-end=\"499\">Visita a madrasas hist\u00f3ricas<\/li>\n<li data-section-id=\"1ip6n7i\" data-start=\"500\" data-end=\"535\">Mezquitas y plazas emblem\u00e1ticas<\/li>\n<li data-section-id=\"l85ef3\" data-start=\"536\" data-end=\"578\">Barrio andalus\u00ed y talleres de cer\u00e1mica<\/li>\n<li data-section-id=\"17wgcs5\" data-start=\"579\" data-end=\"620\"><span class=\"hover:entity-accent entity-underline inline cursor-pointer align-baseline\"><span class=\"whitespace-normal\">Universidad de Al Qarawiyyin<\/span><\/span><\/li>\n<\/ul>\n<p data-start=\"622\" data-end=\"647\">\ud83c\udf7d\ufe0f Cena y noche en riad.<\/p>\n<hr data-start=\"649\" data-end=\"652\">\n<h2 data-section-id=\"vl0hz1\" data-start=\"654\" data-end=\"831\">\ud83d\uddd3\ufe0f <span style=\"color: #ff6600;\">D\u00eda 2: Fez \u2192 <span class=\"hover:entity-accent entity-underline inline cursor-pointer align-baseline\"><span class=\"whitespace-normal\">Ifrane<\/span><\/span> \u2192 <span class=\"hover:entity-accent entity-underline inline cursor-pointer align-baseline\"><span class=\"whitespace-normal\">Azrou<\/span><\/span> \u2192 <span class=\"hover:entity-accent entity-underline inline cursor-pointer align-baseline\"><span class=\"whitespace-normal\">Midelt<\/span><\/span> \u2192 <span class=\"hover:entity-accent entity-underline inline cursor-pointer align-baseline\"><span class=\"whitespace-normal\">Merzouga<\/span><\/span><\/span><\/h2>\n<p data-start=\"832\" data-end=\"879\">Salida hacia el sur atravesando el Medio Atlas.<\/p>\n<ul data-start=\"881\" data-end=\"1009\">\n<li data-section-id=\"1bowvlt\" data-start=\"881\" data-end=\"936\">Parada en Ifrane, conocida como la \u201cSuiza marroqu\u00ed\u201d<\/li>\n<li data-section-id=\"8tufku\" data-start=\"937\" data-end=\"986\">Bosque de cedros en Azrou (monos de Berber\u00eda)<\/li>\n<li data-section-id=\"hi86p5\" data-start=\"987\" data-end=\"1009\">Almuerzo en Midelt<\/li>\n<\/ul>\n<p data-start=\"1011\" data-end=\"1034\">Continuaci\u00f3n del viaje:<\/p>\n<ul data-start=\"1035\" data-end=\"1114\">\n<li data-section-id=\"1qm4lbz\" data-start=\"1035\" data-end=\"1114\">Paradas en Imtghren y <span class=\"hover:entity-accent entity-underline inline cursor-pointer align-baseline\"><span class=\"whitespace-normal\">Erfoud<\/span><\/span> (f\u00f3siles y oasis)<\/li>\n<\/ul>\n<p data-start=\"1116\" data-end=\"1161\">Llegada a Merzouga.<br data-start=\"1135\" data-end=\"1138\">\ud83c\udf7d\ufe0f Cena y alojamiento.<\/p>\n<hr data-start=\"1163\" data-end=\"1166\">\n<h2 data-section-id=\"1qxn9ov\" data-start=\"1168\" data-end=\"1202\">\ud83d\uddd3\ufe0f <span style=\"color: #ff6600;\">D\u00eda 3: Desierto de Merzouga<\/span><\/h2>\n<p data-start=\"1203\" data-end=\"1283\">Exploraci\u00f3n del impresionante desierto de <span class=\"hover:entity-accent entity-underline inline cursor-pointer align-baseline\"><span class=\"whitespace-normal\">Erg Chebbi<\/span><\/span>:<\/p>\n<ul data-start=\"1285\" data-end=\"1396\">\n<li data-section-id=\"1skji2\" data-start=\"1285\" data-end=\"1332\">Visita a pueblos locales y familias n\u00f3madas<\/li>\n<li data-section-id=\"q4o25j\" data-start=\"1333\" data-end=\"1369\">Paseo en camello al atardecer \ud83d\udc2a<\/li>\n<li data-section-id=\"kwtxci\" data-start=\"1370\" data-end=\"1396\">Sandboard en las dunas<\/li>\n<\/ul>\n<p data-start=\"1398\" data-end=\"1455\">\ud83c\udf19 Noche m\u00e1gica en campamento bereber bajo las estrellas.<\/p>\n<hr data-start=\"1457\" data-end=\"1460\">\n<h2 data-section-id=\"xxtcse\" data-start=\"1462\" data-end=\"1648\">\ud83d\uddd3\ufe0f <span style=\"color: #ff6600;\">D\u00eda 4: Merzouga \u2192 <span class=\"hover:entity-accent entity-underline inline cursor-pointer align-baseline\"><span class=\"whitespace-normal\">Rissani<\/span><\/span> \u2192 <span class=\"hover:entity-accent entity-underline inline cursor-pointer align-baseline\"><span class=\"whitespace-normal\">Gargantas del Todra<\/span><\/span> \u2192 <span class=\"hover:entity-accent entity-underline inline cursor-pointer align-baseline\"><span class=\"whitespace-normal\">Valle del Dades<\/span><\/span> \u2192 <span class=\"hover:entity-accent entity-underline inline cursor-pointer align-baseline\"><span class=\"whitespace-normal\">Ouarzazate<\/span><\/span><\/span><\/h2>\n<p data-start=\"1649\" data-end=\"1674\">Ruta llena de contrastes:<\/p>\n<ul data-start=\"1676\" data-end=\"1838\">\n<li data-section-id=\"1z0vu26\" data-start=\"1676\" data-end=\"1741\">Visita al mercado tradicional de Rissani (antigua Sijilmassa)<\/li>\n<li data-section-id=\"1afkorp\" data-start=\"1742\" data-end=\"1775\">Paseo por el oasis de Tinghir<\/li>\n<li data-section-id=\"10sw1pk\" data-start=\"1776\" data-end=\"1838\">Impresionantes Gargantas del Todra (hasta 300 m de altura)<\/li>\n<\/ul>\n<p data-start=\"1840\" data-end=\"1893\">Continuaci\u00f3n por la famosa \u201cRuta de las Mil Kasbahs\u201d.<\/p>\n<ul data-start=\"1895\" data-end=\"1950\">\n<li data-section-id=\"gbtnm1\" data-start=\"1895\" data-end=\"1950\">Visita a la <span class=\"hover:entity-accent entity-underline inline cursor-pointer align-baseline\"><span class=\"whitespace-normal\">Kasbah de Taourirt<\/span><\/span><\/li>\n<\/ul>\n<p data-start=\"1952\" data-end=\"1978\">\ud83c\udf7d\ufe0f Cena y noche en hotel.<\/p>\n<hr data-start=\"1980\" data-end=\"1983\">\n<h2 data-section-id=\"3x8dro\" data-start=\"1985\" data-end=\"2135\">\ud83d\uddd3\ufe0f <span style=\"color: #ff6600;\">D\u00eda 5: Ouarzazate \u2192 <span class=\"hover:entity-accent entity-underline inline cursor-pointer align-baseline\"><span class=\"whitespace-normal\">Ait Ben Haddou<\/span><\/span> \u2192 <span class=\"hover:entity-accent entity-underline inline cursor-pointer align-baseline\"><span class=\"whitespace-normal\">Kasbah de Telouet<\/span><\/span> \u2192 <span class=\"hover:entity-accent entity-underline inline cursor-pointer align-baseline\"><span class=\"whitespace-normal\">Marrakech<\/span><\/span><\/span><\/h2>\n<ul data-start=\"2137\" data-end=\"2318\">\n<li data-section-id=\"1jk1ka5\" data-start=\"2137\" data-end=\"2193\">Visita al ksar de Ait Ben Haddou (Patrimonio UNESCO)<\/li>\n<li data-section-id=\"ydxbxk\" data-start=\"2194\" data-end=\"2236\">Descubrimiento de la Kasbah de Telouet<\/li>\n<li data-section-id=\"1dmd94v\" data-start=\"2237\" data-end=\"2318\">Cruce del puerto de monta\u00f1a <span class=\"hover:entity-accent entity-underline inline cursor-pointer align-baseline\"><span class=\"whitespace-normal\">Tizi n\u2019Tichka<\/span><\/span> (2.260 m)<\/li>\n<\/ul>\n<p data-start=\"2320\" data-end=\"2354\">Llegada a Marrakech y alojamiento.<\/p>\n<hr data-start=\"2356\" data-end=\"2359\">\n<h2 data-section-id=\"if1vqg\" data-start=\"2361\" data-end=\"2384\">\ud83d\uddd3\ufe0f <span style=\"color: #ff6600;\">D\u00eda 6: Marrakech<\/span><\/h2>\n<p data-start=\"2385\" data-end=\"2417\">Visita guiada de la ciudad roja:<\/p>\n<ul data-start=\"2419\" data-end=\"2718\">\n<li data-section-id=\"v253z0\" data-start=\"2419\" data-end=\"2444\">Jardines de la Menara<\/li>\n<li data-section-id=\"8uyohj\" data-start=\"2445\" data-end=\"2510\">Barrio de la Kasbah y <span class=\"hover:entity-accent entity-underline inline cursor-pointer align-baseline\"><span class=\"whitespace-normal\">Tumbas Saadianas<\/span><\/span><\/li>\n<li data-section-id=\"itrg1h\" data-start=\"2511\" data-end=\"2554\"><span class=\"hover:entity-accent entity-underline inline cursor-pointer align-baseline\"><span class=\"whitespace-normal\">Palacio de la Bah\u00eda<\/span><\/span><\/li>\n<li data-section-id=\"1w3yut1\" data-start=\"2555\" data-end=\"2598\"><span class=\"hover:entity-accent entity-underline inline cursor-pointer align-baseline\"><span class=\"whitespace-normal\">Mezquita Koutoubia<\/span><\/span><\/li>\n<li data-section-id=\"1or3w39\" data-start=\"2599\" data-end=\"2642\"><span class=\"hover:entity-accent entity-underline inline cursor-pointer align-baseline\"><span class=\"whitespace-normal\">Jard\u00edn Majorelle<\/span><\/span><\/li>\n<li data-section-id=\"14q72na\" data-start=\"2643\" data-end=\"2718\">Zocos tradicionales y la famosa <span class=\"hover:entity-accent entity-underline inline cursor-pointer align-baseline\"><span class=\"whitespace-normal\">Plaza Jemaa el-Fna<\/span><\/span><\/li>\n<\/ul>\n<p data-start=\"2720\" data-end=\"2737\">\ud83c\udf19 Noche en riad.<\/p>\n<hr data-start=\"2739\" data-end=\"2742\">\n<h2 data-section-id=\"1mc0amr\" data-start=\"2744\" data-end=\"2764\">\ud83d\uddd3\ufe0f <span style=\"color: #ff6600;\">D\u00eda 7: Salida<\/span><\/h2>\n<p data-start=\"2765\" data-end=\"2827\">Tiempo libre seg\u00fan horario de vuelo.<br data-start=\"2801\" data-end=\"2804\">Traslado al aeropuerto.<\/p>\n<hr data-start=\"2829\" data-end=\"2832\">\n<h1 data-section-id=\"10o3gbm\" data-start=\"2834\" data-end=\"2845\">\u2705 <span style=\"color: #ff6600;\">Incluye<\/span><\/h1>\n<ul data-start=\"2846\" data-end=\"3055\">\n<li data-section-id=\"1kzm2ze\" data-start=\"2846\" data-end=\"2907\">Transporte privado (4\u00d74 o minib\u00fas con aire acondicionado)<\/li>\n<li data-section-id=\"khxukc\" data-start=\"2908\" data-end=\"2938\">Conductor\/gu\u00eda multiling\u00fce<\/li>\n<li data-section-id=\"1xlc6vv\" data-start=\"2939\" data-end=\"2954\">Combustible<\/li>\n<li data-section-id=\"1p2oadc\" data-start=\"2955\" data-end=\"2981\">4 noches en hotel\/riad<\/li>\n<li data-section-id=\"dv12jv\" data-start=\"2982\" data-end=\"3022\">1 noche en campamento en el desierto<\/li>\n<li data-section-id=\"1c5u19x\" data-start=\"3023\" data-end=\"3055\">Paseo en camello y sandboard<\/li>\n<\/ul>\n<hr data-start=\"3057\" data-end=\"3060\">\n<h1 data-section-id=\"1pkbjgq\" data-start=\"3062\" data-end=\"3076\">\u274c<span style=\"color: #ff6600;\"> No incluye<\/span><\/h1>\n<ul data-start=\"3077\" data-end=\"3160\">\n<li data-section-id=\"cra5n3\" data-start=\"3077\" data-end=\"3100\">Bebidas y almuerzos<\/li>\n<li data-section-id=\"1u6l1ge\" data-start=\"3101\" data-end=\"3111\">Vuelos<\/li>\n<li data-section-id=\"k8ve4k\" data-start=\"3112\" data-end=\"3137\">Entradas a monumentos<\/li>\n<li data-section-id=\"1s97y87\" data-start=\"3138\" data-end=\"3160\">Alojamiento en Fez<\/li>\n<\/ul>\n","protected":false},"excerpt":{"rendered":"<p>\ud83c\udf0d Tour Marruecos 7 D\u00edas: Fez \u2013 Desierto \u2013 Marrakech \ud83d\uddd3\ufe0f D\u00eda 1: Llegada a Fez Recepci\u00f3n en el aeropuerto y traslado a tu hotel o riad. Visita guiada por la ciudad: Exploraci\u00f3n de la medina y los zocos tradicionales Visita a madrasas hist\u00f3ricas Mezquitas y plazas emblem\u00e1ticas Barrio andalus\u00ed y talleres de cer\u00e1mica Universidad&#8230;<\/p>\n","protected":false},"author":1,"featured_media":0,"parent":0,"menu_order":0,"comment_status":"closed","ping_status":"closed","template":"","meta":{"ngg_post_thumbnail":0,"_kad_post_transparent":"default","_kad_post_title":"default","_kad_post_layout":"default","_kad_post_sidebar_id":"","_kad_post_content_style":"default","_kad_post_vertical_padding":"default","_kad_post_feature":"","_kad_post_feature_position":"","_kad_post_header":false,"_kad_post_footer":false,"footnotes":""},"class_list":["post-10865","page","type-page","status-publish","hentry"],"yoast_head":"<!-- This site is optimized with the Yoast SEO plugin v21.5 - https:\/\/yoast.com\/wordpress\/plugins\/seo\/ -->\n<title>7-dias-desde-fez-hasta-el-desierto-de-merzouga-y-marrakech<\/title>\n<meta name=\"description\" content=\"&quot;Marruecos vacaciones, Marruecos consejos de viaje, Marruecos viajes privados, vacaciones a Marruecos, Marruecos viaje, mejor \u00e9poca para visitar Marruecos, vacaciones Marruecos, viajes en Marruecos, Marruecos tours del desierto, Marruecos turismo,&quot;\" \/>\n<meta name=\"robots\" content=\"index, follow, max-snippet:-1, max-image-preview:large, max-video-preview:-1\" \/>\n<link rel=\"canonical\" href=\"https:\/\/discoverysaharatours.com\/es\/7-dias-desde-fez-hasta-el-desierto-de-merzouga-y-marrakech\/\" \/>\n<meta property=\"og:locale\" content=\"en_US\" \/>\n<meta property=\"og:type\" content=\"article\" \/>\n<meta property=\"og:title\" content=\"https:\/\/web.facebook.com\/Discovery.sahara\/\" \/>\n<meta property=\"og:description\" content=\"Discovery Sahara Tours es una agencia local en Marruecos muy especializada en organizar rutas por el desierto, con veh\u00edculos 4\u00d74 que facilitan el acceso a las pistas, a los lugares menos tur\u00edsticos y m\u00e1s aut\u00e9nticos, para disfrutar de la comodidad y el confort de sus ventajas. Con excursiones en dromedarios hasta llegar a los campamentos situados en medio de las dunas y poder disfrutar de una noche bajo las estrellas. Visitar familias bereberes, compartir su estilo de vida y costumbres. Con excursiones a pie hasta llegar al oasis frecuentado por n\u00f3madas.\" \/>\n<meta property=\"og:url\" content=\"https:\/\/discoverysaharatours.com\/es\/7-dias-desde-fez-hasta-el-desierto-de-merzouga-y-marrakech\/\" \/>\n<meta property=\"og:site_name\" content=\"Discovery Sahara Tours\" \/>\n<meta property=\"article:modified_time\" content=\"2026-04-09T09:41:04+00:00\" \/>\n<meta property=\"og:image\" content=\"https:\/\/discoverysaharatours.com\/es\/wp-content\/uploads\/2022\/10\/cropped-logo-Discovery-Sahara-Tours.png\" \/>\n\t<meta property=\"og:image:width\" content=\"512\" \/>\n\t<meta property=\"og:image:height\" content=\"512\" \/>\n\t<meta property=\"og:image:type\" content=\"image\/png\" \/>\n<meta name=\"twitter:card\" content=\"summary_large_image\" \/>\n<meta name=\"twitter:label1\" content=\"Est. reading time\" \/>\n\t<meta name=\"twitter:data1\" content=\"2 minutes\" \/>\n<script type=\"application\/ld+json\" class=\"yoast-schema-graph\">{\"@context\":\"https:\/\/schema.org\",\"@graph\":[{\"@type\":\"WebPage\",\"@id\":\"https:\/\/discoverysaharatours.com\/es\/7-dias-desde-fez-hasta-el-desierto-de-merzouga-y-marrakech\/\",\"url\":\"https:\/\/discoverysaharatours.com\/es\/7-dias-desde-fez-hasta-el-desierto-de-merzouga-y-marrakech\/\",\"name\":\"7-dias-desde-fez-hasta-el-desierto-de-merzouga-y-marrakech\",\"isPartOf\":{\"@id\":\"https:\/\/discoverysaharatours.com\/es\/#website\"},\"datePublished\":\"2018-11-02T17:03:22+00:00\",\"dateModified\":\"2026-04-09T09:41:04+00:00\",\"description\":\"\\\"Marruecos vacaciones, Marruecos consejos de viaje, Marruecos viajes privados, vacaciones a Marruecos, Marruecos viaje, mejor \u00e9poca para visitar Marruecos, vacaciones Marruecos, viajes en Marruecos, Marruecos tours del desierto, Marruecos turismo,\\\"\",\"breadcrumb\":{\"@id\":\"https:\/\/discoverysaharatours.com\/es\/7-dias-desde-fez-hasta-el-desierto-de-merzouga-y-marrakech\/#breadcrumb\"},\"inLanguage\":\"en-US\",\"potentialAction\":[{\"@type\":\"ReadAction\",\"target\":[\"https:\/\/discoverysaharatours.com\/es\/7-dias-desde-fez-hasta-el-desierto-de-merzouga-y-marrakech\/\"]}]},{\"@type\":\"BreadcrumbList\",\"@id\":\"https:\/\/discoverysaharatours.com\/es\/7-dias-desde-fez-hasta-el-desierto-de-merzouga-y-marrakech\/#breadcrumb\",\"itemListElement\":[{\"@type\":\"ListItem\",\"position\":1,\"name\":\"Home\",\"item\":\"https:\/\/discoverysaharatours.com\/es\/\"},{\"@type\":\"ListItem\",\"position\":2,\"name\":\"7 d\u00edas desde Fez hasta el desierto de Merzouga y Marrakech\"}]},{\"@type\":\"WebSite\",\"@id\":\"https:\/\/discoverysaharatours.com\/es\/#website\",\"url\":\"https:\/\/discoverysaharatours.com\/es\/\",\"name\":\"Discovery Sahara Tours\",\"description\":\"Morocco Desert Tours \/ Tours &amp; Excursions in Morocco\",\"publisher\":{\"@id\":\"https:\/\/discoverysaharatours.com\/es\/#organization\"},\"potentialAction\":[{\"@type\":\"SearchAction\",\"target\":{\"@type\":\"EntryPoint\",\"urlTemplate\":\"https:\/\/discoverysaharatours.com\/es\/?s={search_term_string}\"},\"query-input\":\"required name=search_term_string\"}],\"inLanguage\":\"en-US\"},{\"@type\":\"Organization\",\"@id\":\"https:\/\/discoverysaharatours.com\/es\/#organization\",\"name\":\"Discovery Sahara Tours\",\"url\":\"https:\/\/discoverysaharatours.com\/es\/\",\"logo\":{\"@type\":\"ImageObject\",\"inLanguage\":\"en-US\",\"@id\":\"https:\/\/discoverysaharatours.com\/es\/#\/schema\/logo\/image\/\",\"url\":\"https:\/\/discoverysaharatours.com\/es\/wp-content\/uploads\/2022\/10\/logo-Discovery-Sahara-Tours.png\",\"contentUrl\":\"https:\/\/discoverysaharatours.com\/es\/wp-content\/uploads\/2022\/10\/logo-Discovery-Sahara-Tours.png\",\"width\":557,\"height\":486,\"caption\":\"Discovery Sahara Tours\"},\"image\":{\"@id\":\"https:\/\/discoverysaharatours.com\/es\/#\/schema\/logo\/image\/\"}}]}<\/script>\n<!-- \/ Yoast SEO plugin. -->","yoast_head_json":{"title":"7-dias-desde-fez-hasta-el-desierto-de-merzouga-y-marrakech","description":"\"Marruecos vacaciones, Marruecos consejos de viaje, Marruecos viajes privados, vacaciones a Marruecos, Marruecos viaje, mejor \u00e9poca para visitar Marruecos, vacaciones Marruecos, viajes en Marruecos, Marruecos tours del desierto, Marruecos turismo,\"","robots":{"index":"index","follow":"follow","max-snippet":"max-snippet:-1","max-image-preview":"max-image-preview:large","max-video-preview":"max-video-preview:-1"},"canonical":"https:\/\/discoverysaharatours.com\/es\/7-dias-desde-fez-hasta-el-desierto-de-merzouga-y-marrakech\/","og_locale":"en_US","og_type":"article","og_title":"https:\/\/web.facebook.com\/Discovery.sahara\/","og_description":"Discovery Sahara Tours es una agencia local en Marruecos muy especializada en organizar rutas por el desierto, con veh\u00edculos 4\u00d74 que facilitan el acceso a las pistas, a los lugares menos tur\u00edsticos y m\u00e1s aut\u00e9nticos, para disfrutar de la comodidad y el confort de sus ventajas. Con excursiones en dromedarios hasta llegar a los campamentos situados en medio de las dunas y poder disfrutar de una noche bajo las estrellas. Visitar familias bereberes, compartir su estilo de vida y costumbres. Con excursiones a pie hasta llegar al oasis frecuentado por n\u00f3madas.","og_url":"https:\/\/discoverysaharatours.com\/es\/7-dias-desde-fez-hasta-el-desierto-de-merzouga-y-marrakech\/","og_site_name":"Discovery Sahara Tours","article_modified_time":"2026-04-09T09:41:04+00:00","og_image":[{"width":512,"height":512,"url":"https:\/\/discoverysaharatours.com\/es\/wp-content\/uploads\/2022\/10\/cropped-logo-Discovery-Sahara-Tours.png","type":"image\/png"}],"twitter_card":"summary_large_image","twitter_misc":{"Est. reading time":"2 minutes"},"schema":{"@context":"https:\/\/schema.org","@graph":[{"@type":"WebPage","@id":"https:\/\/discoverysaharatours.com\/es\/7-dias-desde-fez-hasta-el-desierto-de-merzouga-y-marrakech\/","url":"https:\/\/discoverysaharatours.com\/es\/7-dias-desde-fez-hasta-el-desierto-de-merzouga-y-marrakech\/","name":"7-dias-desde-fez-hasta-el-desierto-de-merzouga-y-marrakech","isPartOf":{"@id":"https:\/\/discoverysaharatours.com\/es\/#website"},"datePublished":"2018-11-02T17:03:22+00:00","dateModified":"2026-04-09T09:41:04+00:00","description":"\"Marruecos vacaciones, Marruecos consejos de viaje, Marruecos viajes privados, vacaciones a Marruecos, Marruecos viaje, mejor \u00e9poca para visitar Marruecos, vacaciones Marruecos, viajes en Marruecos, Marruecos tours del desierto, Marruecos turismo,\"","breadcrumb":{"@id":"https:\/\/discoverysaharatours.com\/es\/7-dias-desde-fez-hasta-el-desierto-de-merzouga-y-marrakech\/#breadcrumb"},"inLanguage":"en-US","potentialAction":[{"@type":"ReadAction","target":["https:\/\/discoverysaharatours.com\/es\/7-dias-desde-fez-hasta-el-desierto-de-merzouga-y-marrakech\/"]}]},{"@type":"BreadcrumbList","@id":"https:\/\/discoverysaharatours.com\/es\/7-dias-desde-fez-hasta-el-desierto-de-merzouga-y-marrakech\/#breadcrumb","itemListElement":[{"@type":"ListItem","position":1,"name":"Home","item":"https:\/\/discoverysaharatours.com\/es\/"},{"@type":"ListItem","position":2,"name":"7 d\u00edas desde Fez hasta el desierto de Merzouga y Marrakech"}]},{"@type":"WebSite","@id":"https:\/\/discoverysaharatours.com\/es\/#website","url":"https:\/\/discoverysaharatours.com\/es\/","name":"Discovery Sahara Tours","description":"Morocco Desert Tours \/ Tours &amp; Excursions in Morocco","publisher":{"@id":"https:\/\/discoverysaharatours.com\/es\/#organization"},"potentialAction":[{"@type":"SearchAction","target":{"@type":"EntryPoint","urlTemplate":"https:\/\/discoverysaharatours.com\/es\/?s={search_term_string}"},"query-input":"required name=search_term_string"}],"inLanguage":"en-US"},{"@type":"Organization","@id":"https:\/\/discoverysaharatours.com\/es\/#organization","name":"Discovery Sahara Tours","url":"https:\/\/discoverysaharatours.com\/es\/","logo":{"@type":"ImageObject","inLanguage":"en-US","@id":"https:\/\/discoverysaharatours.com\/es\/#\/schema\/logo\/image\/","url":"https:\/\/discoverysaharatours.com\/es\/wp-content\/uploads\/2022\/10\/logo-Discovery-Sahara-Tours.png","contentUrl":"https:\/\/discoverysaharatours.com\/es\/wp-content\/uploads\/2022\/10\/logo-Discovery-Sahara-Tours.png","width":557,"height":486,"caption":"Discovery Sahara Tours"},"image":{"@id":"https:\/\/discoverysaharatours.com\/es\/#\/schema\/logo\/image\/"}}]}},"_links":{"self":[{"href":"https:\/\/discoverysaharatours.com\/es\/wp-json\/wp\/v2\/pages\/10865","targetHints":{"allow":["GET"]}}],"collection":[{"href":"https:\/\/discoverysaharatours.com\/es\/wp-json\/wp\/v2\/pages"}],"about":[{"href":"https:\/\/discoverysaharatours.com\/es\/wp-json\/wp\/v2\/types\/page"}],"author":[{"embeddable":true,"href":"https:\/\/discoverysaharatours.com\/es\/wp-json\/wp\/v2\/users\/1"}],"replies":[{"embeddable":true,"href":"https:\/\/discoverysaharatours.com\/es\/wp-json\/wp\/v2\/comments?post=10865"}],"version-history":[{"count":6,"href":"https:\/\/discoverysaharatours.com\/es\/wp-json\/wp\/v2\/pages\/10865\/revisions"}],"predecessor-version":[{"id":19739,"href":"https:\/\/discoverysaharatours.com\/es\/wp-json\/wp\/v2\/pages\/10865\/revisions\/19739"}],"wp:attachment":[{"href":"https:\/\/discoverysaharatours.com\/es\/wp-json\/wp\/v2\/media?parent=10865"}],"curies":[{"name":"wp","href":"https:\/\/api.w.org\/{rel}","templated":true}]}}