{"id":10868,"date":"2018-11-02T17:04:48","date_gmt":"2018-11-02T17:04:48","guid":{"rendered":"https:\/\/www.discoverysaharatours.com\/?page_id=10868"},"modified":"2026-04-09T10:07:41","modified_gmt":"2026-04-09T10:07:41","slug":"8-dias-desde-el-desierto-de-fez-y-las-ciudades-imperiales","status":"publish","type":"page","link":"https:\/\/discoverysaharatours.com\/es\/8-dias-desde-el-desierto-de-fez-y-las-ciudades-imperiales\/","title":{"rendered":"8 d\u00edas desde el desierto de Fez y las ciudades imperiales"},"content":{"rendered":"<h3 data-section-id=\"1dq76ni\" data-start=\"108\" data-end=\"175\">\ud83c\udf0d Circuito de 8 d\u00edas desde Fez: Ciudades Imperiales y Desierto<\/h3>\n<p data-start=\"177\" data-end=\"442\">Comenzaremos este fascinante recorrido por Marruecos desde <strong data-start=\"236\" data-end=\"243\">Fez<\/strong>, la ciudad imperial m\u00e1s antigua del pa\u00eds. Visitaremos la ciudad con un gu\u00eda local y continuaremos hacia <strong data-start=\"348\" data-end=\"370\">Volubilis (Walili)<\/strong>, las impresionantes ruinas romanas, y la ciudad imperial de <strong data-start=\"431\" data-end=\"441\">Meknes<\/strong>.<\/p>\n<p data-start=\"444\" data-end=\"815\">El viaje contin\u00faa a trav\u00e9s de las monta\u00f1as del Medio Atlas, pasando por <strong data-start=\"516\" data-end=\"526\">Ifrane<\/strong>, conocida como \u201cla Suiza de Marruecos\u201d, y <strong data-start=\"569\" data-end=\"578\">Azrou<\/strong>, donde exploraremos el bosque de cedros. Seguiremos hacia <strong data-start=\"637\" data-end=\"647\">Midelt<\/strong>, <strong data-start=\"649\" data-end=\"661\">Imilchil<\/strong>, y el desierto de <strong data-start=\"680\" data-end=\"692\">Merzouga<\/strong>, donde disfrutaremos de un paseo en camello por las dunas de <strong data-start=\"754\" data-end=\"768\">Erg Chebbi<\/strong> y pasaremos la noche en un campamento bereber.<\/p>\n<p data-start=\"817\" data-end=\"1213\">Visitaremos <strong data-start=\"829\" data-end=\"840\">Rissani<\/strong>, sus mercados tradicionales, los oasis de palmeras, las gargantas del <strong data-start=\"911\" data-end=\"920\">Dades<\/strong> y del <strong data-start=\"927\" data-end=\"936\">Todra<\/strong>, el Valle de las Rosas, <strong data-start=\"961\" data-end=\"975\">Ouarzazate<\/strong> y la famosa <strong data-start=\"988\" data-end=\"1016\">Kasbah de Ait Ben Haddou<\/strong>. Cruzaremos el paso de <strong data-start=\"1040\" data-end=\"1057\">Tizi n\u2019Tichka<\/strong> hasta llegar a <strong data-start=\"1073\" data-end=\"1086\">Marrakech<\/strong>, donde realizaremos una visita guiada completa. Luego continuaremos hacia <strong data-start=\"1161\" data-end=\"1175\">Casablanca<\/strong> y <strong data-start=\"1178\" data-end=\"1187\">Rabat<\/strong>, antes de regresar a Fez.<\/p>\n<hr data-start=\"1215\" data-end=\"1218\">\n<h2 data-section-id=\"zmc4v6\" data-start=\"1220\" data-end=\"1247\">\ud83d\uddd3\ufe0f Itinerario detallado<\/h2>\n<h3 data-section-id=\"1ukzv5c\" data-start=\"1249\" data-end=\"1282\">\ud83d\udccd <span style=\"color: #ff6600;\">D\u00eda 1: Fez \u2013 Visita guiada<\/span><\/h3>\n<p data-start=\"1283\" data-end=\"1476\">D\u00eda completo para explorar Fez con gu\u00eda local. Visitaremos la medina, las madrasas, la Universidad Al Karaouine, las curtidur\u00edas y los zocos tradicionales.<br data-start=\"1438\" data-end=\"1441\">Cena y alojamiento en riad u hotel.<\/p>\n<hr data-start=\"1478\" data-end=\"1481\">\n<h3 data-section-id=\"1imwnf3\" data-start=\"1483\" data-end=\"1537\">\ud83d\udccd<span style=\"color: #ff6600;\"> D\u00eda 2: Fez \u2013 Volubilis \u2013 Moulay Idriss \u2013 Meknes<\/span><\/h3>\n<p data-start=\"1538\" data-end=\"1841\">Salida hacia <strong data-start=\"1551\" data-end=\"1564\">Volubilis<\/strong>, sitio arqueol\u00f3gico romano con mosaicos, columnas y monumentos hist\u00f3ricos.<br data-start=\"1639\" data-end=\"1642\">Continuaci\u00f3n a <strong data-start=\"1657\" data-end=\"1682\">Moulay Idriss Zerhoun<\/strong>, ciudad sagrada de Marruecos.<br data-start=\"1712\" data-end=\"1715\">Luego visita de <strong data-start=\"1731\" data-end=\"1741\">Meknes<\/strong>, incluyendo Bab Mansour, el mausoleo de Moulay Ismail y la plaza El Hedim.<br data-start=\"1816\" data-end=\"1819\">Noche en riad u hotel.<\/p>\n<hr data-start=\"1843\" data-end=\"1846\">\n<h3 data-section-id=\"6yxa6m\" data-start=\"1848\" data-end=\"1910\">\ud83d\udccd<span style=\"color: #ff6600;\"> D\u00eda 3: Fez \u2013 Ifrane \u2013 Midelt \u2013 Valle del Ziz \u2013 Merzouga<\/span><\/h3>\n<p data-start=\"1911\" data-end=\"2157\">Viaje hacia <strong data-start=\"1923\" data-end=\"1933\">Ifrane<\/strong> y los bosques de cedros de Azrou.<br data-start=\"1967\" data-end=\"1970\">Almuerzo en <strong data-start=\"1982\" data-end=\"1992\">Midelt<\/strong> y continuaci\u00f3n por el Valle del Ziz hasta <strong data-start=\"2035\" data-end=\"2045\">Erfoud<\/strong> y <strong data-start=\"2048\" data-end=\"2059\">Rissani<\/strong>.<br data-start=\"2060\" data-end=\"2063\">Llegada a <strong data-start=\"2073\" data-end=\"2085\">Merzouga<\/strong>, paseo en camello y noche en campamento bereber con m\u00fasica tradicional.<\/p>\n<hr data-start=\"2159\" data-end=\"2162\">\n<h3 data-section-id=\"10g8yvc\" data-start=\"2164\" data-end=\"2212\">\ud83d\udccd<span style=\"color: #ff6600;\"> D\u00eda 4: Merzouga \u2013 Todra \u2013 Valle del Dades<\/span><\/h3>\n<p data-start=\"2213\" data-end=\"2340\">Amanecer en el desierto.<br data-start=\"2237\" data-end=\"2240\">Salida hacia las gargantas del <strong data-start=\"2271\" data-end=\"2280\">Todra<\/strong> y continuaci\u00f3n al Valle del Dades.<br data-start=\"2315\" data-end=\"2318\">Cena y noche en hotel.<\/p>\n<hr data-start=\"2342\" data-end=\"2345\">\n<h3 data-section-id=\"na8mdd\" data-start=\"2347\" data-end=\"2429\">\ud83d\udccd <span style=\"color: #ff6600;\">D\u00eda 5: Dades \u2013 Valle de las Rosas \u2013 Ouarzazate \u2013 Ait Ben Haddou \u2013 Marrakech<\/span><\/h3>\n<p data-start=\"2430\" data-end=\"2672\">Recorrido por el Valle de las Rosas y <strong data-start=\"2468\" data-end=\"2478\">Skoura<\/strong>.<br data-start=\"2479\" data-end=\"2482\">Visita de <strong data-start=\"2492\" data-end=\"2506\">Ouarzazate<\/strong> y la famosa <strong data-start=\"2519\" data-end=\"2547\">Kasbah de Ait Ben Haddou<\/strong> (Patrimonio UNESCO).<br data-start=\"2568\" data-end=\"2571\">Cruce del Alto Atlas por el puerto de <strong data-start=\"2609\" data-end=\"2626\">Tizi n\u2019Tichka<\/strong>.<br data-start=\"2627\" data-end=\"2630\">Llegada a Marrakech y noche en riad\/hotel.<\/p>\n<hr data-start=\"2674\" data-end=\"2677\">\n<h3 data-section-id=\"rm1nye\" data-start=\"2679\" data-end=\"2718\">\ud83d\udccd<span style=\"color: #ff6600;\"> D\u00eda 6: Marrakech \u2013 Visita guiada<\/span><\/h3>\n<p data-start=\"2719\" data-end=\"2890\">Exploraci\u00f3n de <strong data-start=\"2734\" data-end=\"2747\">Marrakech<\/strong>: Palacio Bah\u00eda, Tumbas Saad\u00edes, Mezquita Koutoubia y plaza <strong data-start=\"2807\" data-end=\"2823\">Jemaa el-Fna<\/strong>.<br data-start=\"2824\" data-end=\"2827\">Recorrido por los zocos tradicionales.<br data-start=\"2865\" data-end=\"2868\">Noche en hotel o riad.<\/p>\n<hr data-start=\"2892\" data-end=\"2895\">\n<h3 data-section-id=\"1q0kfe4\" data-start=\"2897\" data-end=\"2941\">\ud83d\udccd<span style=\"color: #ff6600;\"> D\u00eda 7: Marrakech \u2013 Casablanca \u2013 Rabat<\/span><\/h3>\n<p data-start=\"2942\" data-end=\"3120\">Salida hacia <strong data-start=\"2955\" data-end=\"2969\">Casablanca<\/strong> para visitar la Mezquita Hassan II.<br data-start=\"3005\" data-end=\"3008\">Continuaci\u00f3n a <strong data-start=\"3023\" data-end=\"3032\">Rabat<\/strong>, visita del Palacio Real, la Kasbah de los Oudayas y la Torre Hassan.<br data-start=\"3102\" data-end=\"3105\">Noche en hotel.<\/p>\n<hr data-start=\"3122\" data-end=\"3125\">\n<h3 data-section-id=\"120regi\" data-start=\"3127\" data-end=\"3152\">\ud83d\udccd <span style=\"color: #ff6600;\">D\u00eda 8: Rabat \u2013 Fez<\/span><\/h3>\n<p data-start=\"3153\" data-end=\"3193\">Regreso a Fez.<br data-start=\"3167\" data-end=\"3170\">Traslado al aeropuerto.<\/p>\n<hr data-start=\"3195\" data-end=\"3198\">\n<h2 data-section-id=\"1ihf6or\" data-start=\"3200\" data-end=\"3213\">\u2705<span style=\"color: #ff6600;\"> Incluye:<\/span><\/h2>\n<ul data-start=\"3214\" data-end=\"3430\">\n<li data-section-id=\"4ok1vv\" data-start=\"3214\" data-end=\"3259\">Transporte privado con aire acondicionado<\/li>\n<li data-section-id=\"khxukc\" data-start=\"3260\" data-end=\"3290\">Conductor\/gu\u00eda multiling\u00fce<\/li>\n<li data-section-id=\"1xlc6vv\" data-start=\"3291\" data-end=\"3306\">Combustible<\/li>\n<li data-section-id=\"h0295u\" data-start=\"3307\" data-end=\"3335\">6 noches en hotel o riad<\/li>\n<li data-section-id=\"1fzdz2q\" data-start=\"3336\" data-end=\"3392\">1 noche en campamento en el desierto (media pensi\u00f3n)<\/li>\n<li data-section-id=\"1vuo7la\" data-start=\"3393\" data-end=\"3413\">Paseo en camello<\/li>\n<li data-section-id=\"1ucbgcq\" data-start=\"3414\" data-end=\"3430\">Sandboarding<\/li>\n<\/ul>\n<hr data-start=\"3432\" data-end=\"3435\">\n<h2 data-section-id=\"ak04ib\" data-start=\"3437\" data-end=\"3453\">\u274c <span style=\"color: #ff6600;\">No incluye:<\/span><\/h2>\n<ul data-start=\"3454\" data-end=\"3560\">\n<li data-section-id=\"cra5n3\" data-start=\"3454\" data-end=\"3477\">Bebidas y almuerzos<\/li>\n<li data-section-id=\"1u6l1ge\" data-start=\"3478\" data-end=\"3488\">Vuelos<\/li>\n<li data-section-id=\"k8ve4k\" data-start=\"3489\" data-end=\"3514\">Entradas a monumentos<\/li>\n<li data-section-id=\"3xzh9c\" data-start=\"3515\" data-end=\"3560\">Alojamiento en Fez (primera noche opcional)<\/li>\n<\/ul>\n","protected":false},"excerpt":{"rendered":"<p>\ud83c\udf0d Circuito de 8 d\u00edas desde Fez: Ciudades Imperiales y Desierto Comenzaremos este fascinante recorrido por Marruecos desde Fez, la ciudad imperial m\u00e1s antigua del pa\u00eds. Visitaremos la ciudad con un gu\u00eda local y continuaremos hacia Volubilis (Walili), las impresionantes ruinas romanas, y la ciudad imperial de Meknes. El viaje contin\u00faa a trav\u00e9s de las&#8230;<\/p>\n","protected":false},"author":1,"featured_media":0,"parent":0,"menu_order":0,"comment_status":"closed","ping_status":"closed","template":"","meta":{"ngg_post_thumbnail":0,"_kad_post_transparent":"default","_kad_post_title":"default","_kad_post_layout":"default","_kad_post_sidebar_id":"","_kad_post_content_style":"default","_kad_post_vertical_padding":"default","_kad_post_feature":"","_kad_post_feature_position":"","_kad_post_header":false,"_kad_post_footer":false,"footnotes":""},"class_list":["post-10868","page","type-page","status-publish","hentry"],"yoast_head":"<!-- This site is optimized with the Yoast SEO plugin v21.5 - https:\/\/yoast.com\/wordpress\/plugins\/seo\/ -->\n<title>8-dias-desde-el-desierto-de-fez-y-las-ciudades-imperiales<\/title>\n<meta name=\"description\" content=\"&quot;Marruecos vacaciones, Marruecos consejos de viaje, Marruecos viajes privados, vacaciones a Marruecos, Marruecos viaje, mejor \u00e9poca para visitar Marruecos, vacaciones Marruecos, viajes en Marruecos, Marruecos tours del desierto, Marruecos turismo,&quot;\" \/>\n<meta name=\"robots\" content=\"index, follow, max-snippet:-1, max-image-preview:large, max-video-preview:-1\" \/>\n<link rel=\"canonical\" href=\"https:\/\/discoverysaharatours.com\/es\/8-dias-desde-el-desierto-de-fez-y-las-ciudades-imperiales\/\" \/>\n<meta property=\"og:locale\" content=\"en_US\" \/>\n<meta property=\"og:type\" content=\"article\" \/>\n<meta property=\"og:title\" content=\"https:\/\/web.facebook.com\/Discovery.sahara\/\" \/>\n<meta property=\"og:description\" content=\"Discovery Sahara Tours es una agencia local en Marruecos muy especializada en organizar rutas por el desierto, con veh\u00edculos 4\u00d74 que facilitan el acceso a las pistas, a los lugares menos tur\u00edsticos y m\u00e1s aut\u00e9nticos, para disfrutar de la comodidad y el confort de sus ventajas. Con excursiones en dromedarios hasta llegar a los campamentos situados en medio de las dunas y poder disfrutar de una noche bajo las estrellas. Visitar familias bereberes, compartir su estilo de vida y costumbres. Con excursiones a pie hasta llegar al oasis frecuentado por n\u00f3madas.\" \/>\n<meta property=\"og:url\" content=\"https:\/\/discoverysaharatours.com\/es\/8-dias-desde-el-desierto-de-fez-y-las-ciudades-imperiales\/\" \/>\n<meta property=\"og:site_name\" content=\"Discovery Sahara Tours\" \/>\n<meta property=\"article:modified_time\" content=\"2026-04-09T10:07:41+00:00\" \/>\n<meta property=\"og:image\" content=\"https:\/\/discoverysaharatours.com\/es\/wp-content\/uploads\/2022\/10\/cropped-logo-Discovery-Sahara-Tours.png\" \/>\n\t<meta property=\"og:image:width\" content=\"512\" \/>\n\t<meta property=\"og:image:height\" content=\"512\" \/>\n\t<meta property=\"og:image:type\" content=\"image\/png\" \/>\n<meta name=\"twitter:card\" content=\"summary_large_image\" \/>\n<meta name=\"twitter:label1\" content=\"Est. reading time\" \/>\n\t<meta name=\"twitter:data1\" content=\"3 minutes\" \/>\n<script type=\"application\/ld+json\" class=\"yoast-schema-graph\">{\"@context\":\"https:\/\/schema.org\",\"@graph\":[{\"@type\":\"WebPage\",\"@id\":\"https:\/\/discoverysaharatours.com\/es\/8-dias-desde-el-desierto-de-fez-y-las-ciudades-imperiales\/\",\"url\":\"https:\/\/discoverysaharatours.com\/es\/8-dias-desde-el-desierto-de-fez-y-las-ciudades-imperiales\/\",\"name\":\"8-dias-desde-el-desierto-de-fez-y-las-ciudades-imperiales\",\"isPartOf\":{\"@id\":\"https:\/\/discoverysaharatours.com\/es\/#website\"},\"datePublished\":\"2018-11-02T17:04:48+00:00\",\"dateModified\":\"2026-04-09T10:07:41+00:00\",\"description\":\"\\\"Marruecos vacaciones, Marruecos consejos de viaje, Marruecos viajes privados, vacaciones a Marruecos, Marruecos viaje, mejor \u00e9poca para visitar Marruecos, vacaciones Marruecos, viajes en Marruecos, Marruecos tours del desierto, Marruecos turismo,\\\"\",\"breadcrumb\":{\"@id\":\"https:\/\/discoverysaharatours.com\/es\/8-dias-desde-el-desierto-de-fez-y-las-ciudades-imperiales\/#breadcrumb\"},\"inLanguage\":\"en-US\",\"potentialAction\":[{\"@type\":\"ReadAction\",\"target\":[\"https:\/\/discoverysaharatours.com\/es\/8-dias-desde-el-desierto-de-fez-y-las-ciudades-imperiales\/\"]}]},{\"@type\":\"BreadcrumbList\",\"@id\":\"https:\/\/discoverysaharatours.com\/es\/8-dias-desde-el-desierto-de-fez-y-las-ciudades-imperiales\/#breadcrumb\",\"itemListElement\":[{\"@type\":\"ListItem\",\"position\":1,\"name\":\"Home\",\"item\":\"https:\/\/discoverysaharatours.com\/es\/\"},{\"@type\":\"ListItem\",\"position\":2,\"name\":\"8 d\u00edas desde el desierto de Fez y las ciudades imperiales\"}]},{\"@type\":\"WebSite\",\"@id\":\"https:\/\/discoverysaharatours.com\/es\/#website\",\"url\":\"https:\/\/discoverysaharatours.com\/es\/\",\"name\":\"Discovery Sahara Tours\",\"description\":\"Morocco Desert Tours \/ Tours &amp; Excursions in Morocco\",\"publisher\":{\"@id\":\"https:\/\/discoverysaharatours.com\/es\/#organization\"},\"potentialAction\":[{\"@type\":\"SearchAction\",\"target\":{\"@type\":\"EntryPoint\",\"urlTemplate\":\"https:\/\/discoverysaharatours.com\/es\/?s={search_term_string}\"},\"query-input\":\"required name=search_term_string\"}],\"inLanguage\":\"en-US\"},{\"@type\":\"Organization\",\"@id\":\"https:\/\/discoverysaharatours.com\/es\/#organization\",\"name\":\"Discovery Sahara Tours\",\"url\":\"https:\/\/discoverysaharatours.com\/es\/\",\"logo\":{\"@type\":\"ImageObject\",\"inLanguage\":\"en-US\",\"@id\":\"https:\/\/discoverysaharatours.com\/es\/#\/schema\/logo\/image\/\",\"url\":\"https:\/\/discoverysaharatours.com\/es\/wp-content\/uploads\/2022\/10\/logo-Discovery-Sahara-Tours.png\",\"contentUrl\":\"https:\/\/discoverysaharatours.com\/es\/wp-content\/uploads\/2022\/10\/logo-Discovery-Sahara-Tours.png\",\"width\":557,\"height\":486,\"caption\":\"Discovery Sahara Tours\"},\"image\":{\"@id\":\"https:\/\/discoverysaharatours.com\/es\/#\/schema\/logo\/image\/\"}}]}<\/script>\n<!-- \/ Yoast SEO plugin. -->","yoast_head_json":{"title":"8-dias-desde-el-desierto-de-fez-y-las-ciudades-imperiales","description":"\"Marruecos vacaciones, Marruecos consejos de viaje, Marruecos viajes privados, vacaciones a Marruecos, Marruecos viaje, mejor \u00e9poca para visitar Marruecos, vacaciones Marruecos, viajes en Marruecos, Marruecos tours del desierto, Marruecos turismo,\"","robots":{"index":"index","follow":"follow","max-snippet":"max-snippet:-1","max-image-preview":"max-image-preview:large","max-video-preview":"max-video-preview:-1"},"canonical":"https:\/\/discoverysaharatours.com\/es\/8-dias-desde-el-desierto-de-fez-y-las-ciudades-imperiales\/","og_locale":"en_US","og_type":"article","og_title":"https:\/\/web.facebook.com\/Discovery.sahara\/","og_description":"Discovery Sahara Tours es una agencia local en Marruecos muy especializada en organizar rutas por el desierto, con veh\u00edculos 4\u00d74 que facilitan el acceso a las pistas, a los lugares menos tur\u00edsticos y m\u00e1s aut\u00e9nticos, para disfrutar de la comodidad y el confort de sus ventajas. Con excursiones en dromedarios hasta llegar a los campamentos situados en medio de las dunas y poder disfrutar de una noche bajo las estrellas. Visitar familias bereberes, compartir su estilo de vida y costumbres. Con excursiones a pie hasta llegar al oasis frecuentado por n\u00f3madas.","og_url":"https:\/\/discoverysaharatours.com\/es\/8-dias-desde-el-desierto-de-fez-y-las-ciudades-imperiales\/","og_site_name":"Discovery Sahara Tours","article_modified_time":"2026-04-09T10:07:41+00:00","og_image":[{"width":512,"height":512,"url":"https:\/\/discoverysaharatours.com\/es\/wp-content\/uploads\/2022\/10\/cropped-logo-Discovery-Sahara-Tours.png","type":"image\/png"}],"twitter_card":"summary_large_image","twitter_misc":{"Est. reading time":"3 minutes"},"schema":{"@context":"https:\/\/schema.org","@graph":[{"@type":"WebPage","@id":"https:\/\/discoverysaharatours.com\/es\/8-dias-desde-el-desierto-de-fez-y-las-ciudades-imperiales\/","url":"https:\/\/discoverysaharatours.com\/es\/8-dias-desde-el-desierto-de-fez-y-las-ciudades-imperiales\/","name":"8-dias-desde-el-desierto-de-fez-y-las-ciudades-imperiales","isPartOf":{"@id":"https:\/\/discoverysaharatours.com\/es\/#website"},"datePublished":"2018-11-02T17:04:48+00:00","dateModified":"2026-04-09T10:07:41+00:00","description":"\"Marruecos vacaciones, Marruecos consejos de viaje, Marruecos viajes privados, vacaciones a Marruecos, Marruecos viaje, mejor \u00e9poca para visitar Marruecos, vacaciones Marruecos, viajes en Marruecos, Marruecos tours del desierto, Marruecos turismo,\"","breadcrumb":{"@id":"https:\/\/discoverysaharatours.com\/es\/8-dias-desde-el-desierto-de-fez-y-las-ciudades-imperiales\/#breadcrumb"},"inLanguage":"en-US","potentialAction":[{"@type":"ReadAction","target":["https:\/\/discoverysaharatours.com\/es\/8-dias-desde-el-desierto-de-fez-y-las-ciudades-imperiales\/"]}]},{"@type":"BreadcrumbList","@id":"https:\/\/discoverysaharatours.com\/es\/8-dias-desde-el-desierto-de-fez-y-las-ciudades-imperiales\/#breadcrumb","itemListElement":[{"@type":"ListItem","position":1,"name":"Home","item":"https:\/\/discoverysaharatours.com\/es\/"},{"@type":"ListItem","position":2,"name":"8 d\u00edas desde el desierto de Fez y las ciudades imperiales"}]},{"@type":"WebSite","@id":"https:\/\/discoverysaharatours.com\/es\/#website","url":"https:\/\/discoverysaharatours.com\/es\/","name":"Discovery Sahara Tours","description":"Morocco Desert Tours \/ Tours &amp; Excursions in Morocco","publisher":{"@id":"https:\/\/discoverysaharatours.com\/es\/#organization"},"potentialAction":[{"@type":"SearchAction","target":{"@type":"EntryPoint","urlTemplate":"https:\/\/discoverysaharatours.com\/es\/?s={search_term_string}"},"query-input":"required name=search_term_string"}],"inLanguage":"en-US"},{"@type":"Organization","@id":"https:\/\/discoverysaharatours.com\/es\/#organization","name":"Discovery Sahara Tours","url":"https:\/\/discoverysaharatours.com\/es\/","logo":{"@type":"ImageObject","inLanguage":"en-US","@id":"https:\/\/discoverysaharatours.com\/es\/#\/schema\/logo\/image\/","url":"https:\/\/discoverysaharatours.com\/es\/wp-content\/uploads\/2022\/10\/logo-Discovery-Sahara-Tours.png","contentUrl":"https:\/\/discoverysaharatours.com\/es\/wp-content\/uploads\/2022\/10\/logo-Discovery-Sahara-Tours.png","width":557,"height":486,"caption":"Discovery Sahara Tours"},"image":{"@id":"https:\/\/discoverysaharatours.com\/es\/#\/schema\/logo\/image\/"}}]}},"_links":{"self":[{"href":"https:\/\/discoverysaharatours.com\/es\/wp-json\/wp\/v2\/pages\/10868","targetHints":{"allow":["GET"]}}],"collection":[{"href":"https:\/\/discoverysaharatours.com\/es\/wp-json\/wp\/v2\/pages"}],"about":[{"href":"https:\/\/discoverysaharatours.com\/es\/wp-json\/wp\/v2\/types\/page"}],"author":[{"embeddable":true,"href":"https:\/\/discoverysaharatours.com\/es\/wp-json\/wp\/v2\/users\/1"}],"replies":[{"embeddable":true,"href":"https:\/\/discoverysaharatours.com\/es\/wp-json\/wp\/v2\/comments?post=10868"}],"version-history":[{"count":4,"href":"https:\/\/discoverysaharatours.com\/es\/wp-json\/wp\/v2\/pages\/10868\/revisions"}],"predecessor-version":[{"id":19744,"href":"https:\/\/discoverysaharatours.com\/es\/wp-json\/wp\/v2\/pages\/10868\/revisions\/19744"}],"wp:attachment":[{"href":"https:\/\/discoverysaharatours.com\/es\/wp-json\/wp\/v2\/media?parent=10868"}],"curies":[{"name":"wp","href":"https:\/\/api.w.org\/{rel}","templated":true}]}}