{"id":10870,"date":"2018-11-02T17:05:37","date_gmt":"2018-11-02T17:05:37","guid":{"rendered":"https:\/\/www.discoverysaharatours.com\/?page_id=10870"},"modified":"2026-04-10T09:12:17","modified_gmt":"2026-04-10T09:12:17","slug":"9-dias-desde-fez-a-marrakech-via-merzouga","status":"publish","type":"page","link":"https:\/\/discoverysaharatours.com\/es\/9-dias-desde-fez-a-marrakech-via-merzouga\/","title":{"rendered":"9 d\u00edas desde Fez a Marrakech v\u00eda Merzouga"},"content":{"rendered":"<h1 data-section-id=\"1ohl7yi\" data-start=\"131\" data-end=\"198\">\ud83c\udf0d Tour de 9 d\u00edas por Marruecos: de Fez a Marrakech y el desierto<\/h1>\n<p data-start=\"200\" data-end=\"555\">En este recorrido descubrir\u00e1s lo mejor de Marruecos: ciudades imperiales, monta\u00f1as, oasis y el impresionante desierto del Sahara. Visitaremos <strong data-start=\"342\" data-end=\"383\"><span class=\"hover:entity-accent entity-underline inline cursor-pointer align-baseline\"><span class=\"whitespace-normal\">Fez<\/span><\/span><\/strong>, cruzaremos el Atlas Medio, exploraremos el desierto de <strong data-start=\"440\" data-end=\"481\"><span class=\"hover:entity-accent entity-underline inline cursor-pointer align-baseline\"><span class=\"whitespace-normal\">Merzouga<\/span><\/span><\/strong> y finalizaremos en la vibrante <strong data-start=\"513\" data-end=\"554\"><span class=\"hover:entity-accent entity-underline inline cursor-pointer align-baseline\"><span class=\"whitespace-normal\">Marrakech<\/span><\/span><\/strong>.<\/p>\n<hr data-start=\"557\" data-end=\"560\">\n<h2 data-section-id=\"zmc4v6\" data-start=\"562\" data-end=\"589\">\ud83d\uddd3\ufe0f Itinerario detallado<\/h2>\n<h3 data-section-id=\"vfo1cb\" data-start=\"591\" data-end=\"618\"><span style=\"color: #ff6600;\">\ud83d\udccd D\u00eda 1: Llegada a Fez<\/span><\/h3>\n<p data-start=\"619\" data-end=\"792\">Recepci\u00f3n en el aeropuerto de <strong data-start=\"649\" data-end=\"690\"><span class=\"hover:entity-accent entity-underline inline cursor-pointer align-baseline\"><span class=\"whitespace-normal\">Fez<\/span><\/span><\/strong> y traslado a tu hotel o riad en la medina, considerada la capital cultural y espiritual de Marruecos.<\/p>\n<hr data-start=\"794\" data-end=\"797\">\n<h3 data-section-id=\"156ihi9\" data-start=\"799\" data-end=\"833\">\ud83d\udccd <span style=\"color: #ff6600;\">D\u00eda 2: Visita guiada de Fez<\/span><\/h3>\n<p data-start=\"834\" data-end=\"1000\">Explora la antigua medina, una de las m\u00e1s grandes del mundo. Sus estrechas calles est\u00e1n llenas de vida, con artesanos, mercados tradicionales y monumentos hist\u00f3ricos.<\/p>\n<p data-start=\"1002\" data-end=\"1014\">Descubrir\u00e1s:<\/p>\n<ul data-start=\"1015\" data-end=\"1148\">\n<li data-section-id=\"8wf751\" data-start=\"1015\" data-end=\"1054\">Barrios hist\u00f3ricos como el Andalus\u00ed<\/li>\n<li data-section-id=\"wdx96p\" data-start=\"1055\" data-end=\"1088\">Madrasas (escuelas cor\u00e1nicas)<\/li>\n<li data-section-id=\"19xhp6h\" data-start=\"1089\" data-end=\"1117\">La Mellah (barrio jud\u00edo)<\/li>\n<li data-section-id=\"1res3ft\" data-start=\"1118\" data-end=\"1148\">El Palacio Real (exterior)<\/li>\n<\/ul>\n<p data-start=\"1150\" data-end=\"1178\">Alojamiento en hotel o riad.<\/p>\n<hr data-start=\"1180\" data-end=\"1183\">\n<h3 data-section-id=\"1a6h0ku\" data-start=\"1185\" data-end=\"1255\">\ud83d\udccd<span style=\"color: #ff6600;\"> D\u00eda 3: Fez \u2013 Ifrane \u2013 Azrou \u2013 Midelt \u2013 Valle del Ziz \u2013 Merzouga<\/span><\/h3>\n<p data-start=\"1256\" data-end=\"1300\">Salida hacia el sur cruzando el Atlas Medio.<\/p>\n<p data-start=\"1302\" data-end=\"1321\">Paradas destacadas:<\/p>\n<ul data-start=\"1322\" data-end=\"1554\">\n<li data-section-id=\"ng2blb\" data-start=\"1322\" data-end=\"1402\"><span class=\"hover:entity-accent entity-underline inline cursor-pointer align-baseline\"><span class=\"whitespace-normal\">Ifrane<\/span><\/span>, conocida como la \u201cSuiza de Marruecos\u201d<\/li>\n<li data-section-id=\"1krwygb\" data-start=\"1403\" data-end=\"1498\"><span class=\"hover:entity-accent entity-underline inline cursor-pointer align-baseline\"><span class=\"whitespace-normal\">Azrou<\/span><\/span> y su bosque de cedros, hogar de los monos de Berber\u00eda<\/li>\n<li data-section-id=\"4pwxer\" data-start=\"1499\" data-end=\"1554\"><span class=\"hover:entity-accent entity-underline inline cursor-pointer align-baseline\"><span class=\"whitespace-normal\">Midelt<\/span><\/span> para almorzar<\/li>\n<\/ul>\n<p data-start=\"1556\" data-end=\"1724\">Continuaci\u00f3n por el Valle del Ziz hasta llegar a <strong data-start=\"1605\" data-end=\"1646\"><span class=\"hover:entity-accent entity-underline inline cursor-pointer align-baseline\"><span class=\"whitespace-normal\">Erg Chebbi<\/span><\/span><\/strong> en <strong data-start=\"1650\" data-end=\"1691\"><span class=\"hover:entity-accent entity-underline inline cursor-pointer align-baseline\"><span class=\"whitespace-normal\">Merzouga<\/span><\/span><\/strong>.<br data-start=\"1692\" data-end=\"1695\">Cena y noche en hotel o riad.<\/p>\n<hr data-start=\"1726\" data-end=\"1729\">\n<h3 data-section-id=\"zffk7y\" data-start=\"1731\" data-end=\"1784\">\ud83d\udccd<span style=\"color: #ff6600;\"> D\u00eda 4: Merzouga \u2013 Khamlia \u2013 Rissani \u2013 Desierto<\/span><\/h3>\n<p data-start=\"1785\" data-end=\"1817\">D\u00eda de exploraci\u00f3n del desierto:<\/p>\n<ul data-start=\"1819\" data-end=\"1986\">\n<li data-section-id=\"4c9iqs\" data-start=\"1819\" data-end=\"1852\">Visita a n\u00f3madas del desierto<\/li>\n<li data-section-id=\"1qa0w79\" data-start=\"1853\" data-end=\"1919\">Pueblo de <span class=\"hover:entity-accent entity-underline inline cursor-pointer align-baseline\"><span class=\"whitespace-normal\">Khamlia<\/span><\/span> (m\u00fasica Gnawa)<\/li>\n<li data-section-id=\"6kvpez\" data-start=\"1920\" data-end=\"1986\">Mercado tradicional de <span class=\"hover:entity-accent entity-underline inline cursor-pointer align-baseline\"><span class=\"whitespace-normal\">Rissani<\/span><\/span><\/li>\n<\/ul>\n<p data-start=\"1988\" data-end=\"2001\">Por la tarde:<\/p>\n<ul data-start=\"2002\" data-end=\"2123\">\n<li data-section-id=\"oqhtrp\" data-start=\"2002\" data-end=\"2039\">Paseo en dromedario por las dunas<\/li>\n<li data-section-id=\"1au6v4e\" data-start=\"2040\" data-end=\"2068\">Atardecer en el desierto<\/li>\n<li data-section-id=\"d0z71n\" data-start=\"2069\" data-end=\"2123\">Noche en campamento bereber con m\u00fasica tradicional<\/li>\n<\/ul>\n<hr data-start=\"2125\" data-end=\"2128\">\n<h3 data-section-id=\"1myi89h\" data-start=\"2130\" data-end=\"2192\"><span style=\"color: #ff6600;\">\ud83d\udccd D\u00eda 5: Desierto \u2013 Gargantas del Todra \u2013 Valle del Dades<\/span><\/h3>\n<p data-start=\"2193\" data-end=\"2243\">Salida temprano para ver el amanecer en las dunas.<\/p>\n<p data-start=\"2245\" data-end=\"2256\">Ruta hacia:<\/p>\n<ul data-start=\"2257\" data-end=\"2344\">\n<li data-section-id=\"bgd20l\" data-start=\"2257\" data-end=\"2300\"><span class=\"hover:entity-accent entity-underline inline cursor-pointer align-baseline\"><span class=\"whitespace-normal\">Tinghir<\/span><\/span><\/li>\n<li data-section-id=\"1y51851\" data-start=\"2301\" data-end=\"2344\"><span class=\"hover:entity-accent entity-underline inline cursor-pointer align-baseline\"><span class=\"whitespace-normal\">Gargantas del Todra<\/span><\/span><\/li>\n<\/ul>\n<p data-start=\"2346\" data-end=\"2415\">Continuaci\u00f3n hacia el Valle del Dades.<br data-start=\"2384\" data-end=\"2387\">Cena y alojamiento en hotel.<\/p>\n<hr data-start=\"2417\" data-end=\"2420\">\n<h3 data-section-id=\"1n6uuue\" data-start=\"2422\" data-end=\"2502\">\ud83d\udccd <span style=\"color: #ff6600;\">D\u00eda 6: Valle del Dades \u2013 Valle de las Rosas \u2013 Ouarzazate \u2013 Ait Ben Haddou<\/span><\/h3>\n<p data-start=\"2503\" data-end=\"2547\">Recorrido por la famosa Ruta de las Kasbahs:<\/p>\n<ul data-start=\"2549\" data-end=\"2657\">\n<li data-section-id=\"14s7yo5\" data-start=\"2549\" data-end=\"2613\"><span class=\"hover:entity-accent entity-underline inline cursor-pointer align-baseline\"><span class=\"whitespace-normal\">Kelaat M&#8217;Gouna<\/span><\/span> (Valle de las Rosas)<\/li>\n<li data-section-id=\"g165th\" data-start=\"2614\" data-end=\"2657\"><span class=\"hover:entity-accent entity-underline inline cursor-pointer align-baseline\"><span class=\"whitespace-normal\">Skoura<\/span><\/span><\/li>\n<\/ul>\n<p data-start=\"2659\" data-end=\"2669\">Llegada a:<\/p>\n<ul data-start=\"2670\" data-end=\"2783\">\n<li data-section-id=\"1tbdkl1\" data-start=\"2670\" data-end=\"2713\"><span class=\"hover:entity-accent entity-underline inline cursor-pointer align-baseline\"><span class=\"whitespace-normal\">Ouarzazate<\/span><\/span><\/li>\n<li data-section-id=\"1ripgzx\" data-start=\"2714\" data-end=\"2783\"><span class=\"hover:entity-accent entity-underline inline cursor-pointer align-baseline\"><span class=\"whitespace-normal\">Ait Ben Haddou<\/span><\/span> (Patrimonio de la UNESCO)<\/li>\n<\/ul>\n<p data-start=\"2785\" data-end=\"2810\">Noche cerca de la kasbah.<\/p>\n<hr data-start=\"2812\" data-end=\"2815\">\n<h3 data-section-id=\"1a7m0ow\" data-start=\"2817\" data-end=\"2870\">\ud83d\udccd<span style=\"color: #ff6600;\"> D\u00eda 7: Ait Ben Haddou \u2013 Alto Atlas \u2013 Marrakech<\/span><\/h3>\n<p data-start=\"2871\" data-end=\"2917\">Cruce del Alto Atlas por el espectacular paso:<\/p>\n<ul data-start=\"2919\" data-end=\"2962\">\n<li data-section-id=\"v811it\" data-start=\"2919\" data-end=\"2962\"><span class=\"hover:entity-accent entity-underline inline cursor-pointer align-baseline\"><span class=\"whitespace-normal\">Tizi n&#8217;Tichka<\/span><\/span><\/li>\n<\/ul>\n<p data-start=\"2964\" data-end=\"3060\">Parada en Telouet y el valle de Ounila.<br data-start=\"3003\" data-end=\"3006\">Llegada a <strong data-start=\"3016\" data-end=\"3059\"><span class=\"hover:entity-accent entity-underline inline cursor-pointer align-baseline\"><span class=\"whitespace-normal\">Marrakech<\/span><\/span><\/strong>.<\/p>\n<hr data-start=\"3062\" data-end=\"3065\">\n<h3 data-section-id=\"1ojv30a\" data-start=\"3067\" data-end=\"3107\">\ud83d\udccd<span style=\"color: #ff6600;\"> D\u00eda 8: Visita guiada de Marrakech<\/span><\/h3>\n<p data-start=\"3108\" data-end=\"3157\">Descubre los principales atractivos de la ciudad:<\/p>\n<ul data-start=\"3159\" data-end=\"3299\">\n<li data-section-id=\"1w3yut1\" data-start=\"3159\" data-end=\"3202\"><span class=\"hover:entity-accent entity-underline inline cursor-pointer align-baseline\"><span class=\"whitespace-normal\">Jemaa el-Fna<\/span><\/span><\/li>\n<li data-section-id=\"ijwdlr\" data-start=\"3203\" data-end=\"3225\">Jardines Majorelle<\/li>\n<li data-section-id=\"1c3t5rs\" data-start=\"3226\" data-end=\"3244\">Tumbas Saad\u00edes<\/li>\n<li data-section-id=\"1j36pqy\" data-start=\"3245\" data-end=\"3270\">La Medina y la Mellah<\/li>\n<li data-section-id=\"xbsfkk\" data-start=\"3271\" data-end=\"3299\">Barrio moderno de Gueliz<\/li>\n<\/ul>\n<p data-start=\"3301\" data-end=\"3329\">Alojamiento en hotel o riad.<\/p>\n<hr data-start=\"3331\" data-end=\"3334\">\n<h3 data-section-id=\"tokeeu\" data-start=\"3336\" data-end=\"3372\"><span style=\"color: #ff6600;\">\ud83d\udccd D\u00eda 9: Marrakech \u2013 Aeropuerto<\/span><\/h3>\n<p data-start=\"3373\" data-end=\"3429\">Traslado al aeropuerto a la hora acordada. Fin del tour.<\/p>\n<hr data-start=\"3431\" data-end=\"3434\">\n<h2 data-section-id=\"1ms2u5o\" data-start=\"3436\" data-end=\"3452\">\u2705<span style=\"color: #ff6600;\"> Qu\u00e9 incluye<\/span><\/h2>\n<ul data-start=\"3453\" data-end=\"3704\">\n<li data-section-id=\"1u2h6l\" data-start=\"3453\" data-end=\"3523\">Transporte privado con aire acondicionado (4&#215;4, minib\u00fas o autob\u00fas)<\/li>\n<li data-section-id=\"khxukc\" data-start=\"3524\" data-end=\"3554\">Conductor\/gu\u00eda multiling\u00fce<\/li>\n<li data-section-id=\"1xlc6vv\" data-start=\"3555\" data-end=\"3570\">Combustible<\/li>\n<li data-section-id=\"iwq9tv\" data-start=\"3571\" data-end=\"3599\">7 noches en hotel o riad<\/li>\n<li data-section-id=\"1fzdz2q\" data-start=\"3600\" data-end=\"3656\">1 noche en campamento en el desierto (media pensi\u00f3n)<\/li>\n<li data-section-id=\"1vuo7la\" data-start=\"3657\" data-end=\"3677\">Paseo en camello<\/li>\n<li data-section-id=\"kwtxci\" data-start=\"3678\" data-end=\"3704\">Sandboard en las dunas<\/li>\n<\/ul>\n<hr data-start=\"3706\" data-end=\"3709\">\n<h2 data-section-id=\"19iroax\" data-start=\"3711\" data-end=\"3726\">\u274c <span style=\"color: #ff6600;\">No incluye<\/span><\/h2>\n<ul data-start=\"3727\" data-end=\"3832\">\n<li data-section-id=\"u610en\" data-start=\"3727\" data-end=\"3750\">Almuerzos y bebidas<\/li>\n<li data-section-id=\"1u6l1ge\" data-start=\"3751\" data-end=\"3761\">Vuelos<\/li>\n<li data-section-id=\"k8ve4k\" data-start=\"3762\" data-end=\"3787\">Entradas a monumentos<\/li>\n<li data-section-id=\"1jhhwlr\" data-start=\"3788\" data-end=\"3832\">Alojamiento en Fez (si no se especifica)<\/li>\n<\/ul>\n<hr data-start=\"3834\" data-end=\"3837\">\n<p data-start=\"3839\" data-end=\"3948\">\ud83d\udc49 Si deseas personalizar este tour (duraci\u00f3n, hoteles, actividades), cont\u00e1ctanos y lo adaptamos a tu medida.<\/p>\n","protected":false},"excerpt":{"rendered":"<p>\ud83c\udf0d Tour de 9 d\u00edas por Marruecos: de Fez a Marrakech y el desierto En este recorrido descubrir\u00e1s lo mejor de Marruecos: ciudades imperiales, monta\u00f1as, oasis y el impresionante desierto del Sahara. Visitaremos Fez, cruzaremos el Atlas Medio, exploraremos el desierto de Merzouga y finalizaremos en la vibrante Marrakech. \ud83d\uddd3\ufe0f Itinerario detallado \ud83d\udccd D\u00eda 1:&#8230;<\/p>\n","protected":false},"author":1,"featured_media":0,"parent":0,"menu_order":0,"comment_status":"closed","ping_status":"closed","template":"","meta":{"ngg_post_thumbnail":0,"_kad_post_transparent":"default","_kad_post_title":"default","_kad_post_layout":"default","_kad_post_sidebar_id":"","_kad_post_content_style":"default","_kad_post_vertical_padding":"default","_kad_post_feature":"","_kad_post_feature_position":"","_kad_post_header":false,"_kad_post_footer":false,"footnotes":""},"class_list":["post-10870","page","type-page","status-publish","hentry"],"yoast_head":"<!-- This site is optimized with the Yoast SEO plugin v21.5 - https:\/\/yoast.com\/wordpress\/plugins\/seo\/ -->\n<title>9-dias-desde-fez-a-marrakech-via-merzouga<\/title>\n<meta name=\"description\" content=\"&quot;Marruecos vacaciones, Marruecos consejos de viaje, Marruecos viajes privados, vacaciones a Marruecos, Marruecos viaje, mejor \u00e9poca para visitar Marruecos, vacaciones Marruecos, viajes en Marruecos, Marruecos tours del desierto, Marruecos turismo,&quot;\" \/>\n<meta name=\"robots\" content=\"index, follow, max-snippet:-1, max-image-preview:large, max-video-preview:-1\" \/>\n<link rel=\"canonical\" href=\"https:\/\/discoverysaharatours.com\/es\/9-dias-desde-fez-a-marrakech-via-merzouga\/\" \/>\n<meta property=\"og:locale\" content=\"en_US\" \/>\n<meta property=\"og:type\" content=\"article\" \/>\n<meta property=\"og:title\" content=\"https:\/\/web.facebook.com\/Discovery.sahara\/\" \/>\n<meta property=\"og:description\" content=\"Discovery Sahara Tours es una agencia local en Marruecos muy especializada en organizar rutas por el desierto, con veh\u00edculos 4\u00d74 que facilitan el acceso a las pistas, a los lugares menos tur\u00edsticos y m\u00e1s aut\u00e9nticos, para disfrutar de la comodidad y el confort de sus ventajas. Con excursiones en dromedarios hasta llegar a los campamentos situados en medio de las dunas y poder disfrutar de una noche bajo las estrellas. Visitar familias bereberes, compartir su estilo de vida y costumbres. Con excursiones a pie hasta llegar al oasis frecuentado por n\u00f3madas.\" \/>\n<meta property=\"og:url\" content=\"https:\/\/discoverysaharatours.com\/es\/9-dias-desde-fez-a-marrakech-via-merzouga\/\" \/>\n<meta property=\"og:site_name\" content=\"Discovery Sahara Tours\" \/>\n<meta property=\"article:modified_time\" content=\"2026-04-10T09:12:17+00:00\" \/>\n<meta property=\"og:image\" content=\"https:\/\/discoverysaharatours.com\/es\/wp-content\/uploads\/2022\/10\/cropped-logo-Discovery-Sahara-Tours.png\" \/>\n\t<meta property=\"og:image:width\" content=\"512\" \/>\n\t<meta property=\"og:image:height\" content=\"512\" \/>\n\t<meta property=\"og:image:type\" content=\"image\/png\" \/>\n<meta name=\"twitter:card\" content=\"summary_large_image\" \/>\n<meta name=\"twitter:label1\" content=\"Est. reading time\" \/>\n\t<meta name=\"twitter:data1\" content=\"3 minutes\" \/>\n<script type=\"application\/ld+json\" class=\"yoast-schema-graph\">{\"@context\":\"https:\/\/schema.org\",\"@graph\":[{\"@type\":\"WebPage\",\"@id\":\"https:\/\/discoverysaharatours.com\/es\/9-dias-desde-fez-a-marrakech-via-merzouga\/\",\"url\":\"https:\/\/discoverysaharatours.com\/es\/9-dias-desde-fez-a-marrakech-via-merzouga\/\",\"name\":\"9-dias-desde-fez-a-marrakech-via-merzouga\",\"isPartOf\":{\"@id\":\"https:\/\/discoverysaharatours.com\/es\/#website\"},\"datePublished\":\"2018-11-02T17:05:37+00:00\",\"dateModified\":\"2026-04-10T09:12:17+00:00\",\"description\":\"\\\"Marruecos vacaciones, Marruecos consejos de viaje, Marruecos viajes privados, vacaciones a Marruecos, Marruecos viaje, mejor \u00e9poca para visitar Marruecos, vacaciones Marruecos, viajes en Marruecos, Marruecos tours del desierto, Marruecos turismo,\\\"\",\"breadcrumb\":{\"@id\":\"https:\/\/discoverysaharatours.com\/es\/9-dias-desde-fez-a-marrakech-via-merzouga\/#breadcrumb\"},\"inLanguage\":\"en-US\",\"potentialAction\":[{\"@type\":\"ReadAction\",\"target\":[\"https:\/\/discoverysaharatours.com\/es\/9-dias-desde-fez-a-marrakech-via-merzouga\/\"]}]},{\"@type\":\"BreadcrumbList\",\"@id\":\"https:\/\/discoverysaharatours.com\/es\/9-dias-desde-fez-a-marrakech-via-merzouga\/#breadcrumb\",\"itemListElement\":[{\"@type\":\"ListItem\",\"position\":1,\"name\":\"Home\",\"item\":\"https:\/\/discoverysaharatours.com\/es\/\"},{\"@type\":\"ListItem\",\"position\":2,\"name\":\"9 d\u00edas desde Fez a Marrakech v\u00eda Merzouga\"}]},{\"@type\":\"WebSite\",\"@id\":\"https:\/\/discoverysaharatours.com\/es\/#website\",\"url\":\"https:\/\/discoverysaharatours.com\/es\/\",\"name\":\"Discovery Sahara Tours\",\"description\":\"Morocco Desert Tours \/ Tours &amp; Excursions in Morocco\",\"publisher\":{\"@id\":\"https:\/\/discoverysaharatours.com\/es\/#organization\"},\"potentialAction\":[{\"@type\":\"SearchAction\",\"target\":{\"@type\":\"EntryPoint\",\"urlTemplate\":\"https:\/\/discoverysaharatours.com\/es\/?s={search_term_string}\"},\"query-input\":\"required name=search_term_string\"}],\"inLanguage\":\"en-US\"},{\"@type\":\"Organization\",\"@id\":\"https:\/\/discoverysaharatours.com\/es\/#organization\",\"name\":\"Discovery Sahara Tours\",\"url\":\"https:\/\/discoverysaharatours.com\/es\/\",\"logo\":{\"@type\":\"ImageObject\",\"inLanguage\":\"en-US\",\"@id\":\"https:\/\/discoverysaharatours.com\/es\/#\/schema\/logo\/image\/\",\"url\":\"https:\/\/discoverysaharatours.com\/es\/wp-content\/uploads\/2022\/10\/logo-Discovery-Sahara-Tours.png\",\"contentUrl\":\"https:\/\/discoverysaharatours.com\/es\/wp-content\/uploads\/2022\/10\/logo-Discovery-Sahara-Tours.png\",\"width\":557,\"height\":486,\"caption\":\"Discovery Sahara Tours\"},\"image\":{\"@id\":\"https:\/\/discoverysaharatours.com\/es\/#\/schema\/logo\/image\/\"}}]}<\/script>\n<!-- \/ Yoast SEO plugin. -->","yoast_head_json":{"title":"9-dias-desde-fez-a-marrakech-via-merzouga","description":"\"Marruecos vacaciones, Marruecos consejos de viaje, Marruecos viajes privados, vacaciones a Marruecos, Marruecos viaje, mejor \u00e9poca para visitar Marruecos, vacaciones Marruecos, viajes en Marruecos, Marruecos tours del desierto, Marruecos turismo,\"","robots":{"index":"index","follow":"follow","max-snippet":"max-snippet:-1","max-image-preview":"max-image-preview:large","max-video-preview":"max-video-preview:-1"},"canonical":"https:\/\/discoverysaharatours.com\/es\/9-dias-desde-fez-a-marrakech-via-merzouga\/","og_locale":"en_US","og_type":"article","og_title":"https:\/\/web.facebook.com\/Discovery.sahara\/","og_description":"Discovery Sahara Tours es una agencia local en Marruecos muy especializada en organizar rutas por el desierto, con veh\u00edculos 4\u00d74 que facilitan el acceso a las pistas, a los lugares menos tur\u00edsticos y m\u00e1s aut\u00e9nticos, para disfrutar de la comodidad y el confort de sus ventajas. Con excursiones en dromedarios hasta llegar a los campamentos situados en medio de las dunas y poder disfrutar de una noche bajo las estrellas. Visitar familias bereberes, compartir su estilo de vida y costumbres. Con excursiones a pie hasta llegar al oasis frecuentado por n\u00f3madas.","og_url":"https:\/\/discoverysaharatours.com\/es\/9-dias-desde-fez-a-marrakech-via-merzouga\/","og_site_name":"Discovery Sahara Tours","article_modified_time":"2026-04-10T09:12:17+00:00","og_image":[{"width":512,"height":512,"url":"https:\/\/discoverysaharatours.com\/es\/wp-content\/uploads\/2022\/10\/cropped-logo-Discovery-Sahara-Tours.png","type":"image\/png"}],"twitter_card":"summary_large_image","twitter_misc":{"Est. reading time":"3 minutes"},"schema":{"@context":"https:\/\/schema.org","@graph":[{"@type":"WebPage","@id":"https:\/\/discoverysaharatours.com\/es\/9-dias-desde-fez-a-marrakech-via-merzouga\/","url":"https:\/\/discoverysaharatours.com\/es\/9-dias-desde-fez-a-marrakech-via-merzouga\/","name":"9-dias-desde-fez-a-marrakech-via-merzouga","isPartOf":{"@id":"https:\/\/discoverysaharatours.com\/es\/#website"},"datePublished":"2018-11-02T17:05:37+00:00","dateModified":"2026-04-10T09:12:17+00:00","description":"\"Marruecos vacaciones, Marruecos consejos de viaje, Marruecos viajes privados, vacaciones a Marruecos, Marruecos viaje, mejor \u00e9poca para visitar Marruecos, vacaciones Marruecos, viajes en Marruecos, Marruecos tours del desierto, Marruecos turismo,\"","breadcrumb":{"@id":"https:\/\/discoverysaharatours.com\/es\/9-dias-desde-fez-a-marrakech-via-merzouga\/#breadcrumb"},"inLanguage":"en-US","potentialAction":[{"@type":"ReadAction","target":["https:\/\/discoverysaharatours.com\/es\/9-dias-desde-fez-a-marrakech-via-merzouga\/"]}]},{"@type":"BreadcrumbList","@id":"https:\/\/discoverysaharatours.com\/es\/9-dias-desde-fez-a-marrakech-via-merzouga\/#breadcrumb","itemListElement":[{"@type":"ListItem","position":1,"name":"Home","item":"https:\/\/discoverysaharatours.com\/es\/"},{"@type":"ListItem","position":2,"name":"9 d\u00edas desde Fez a Marrakech v\u00eda Merzouga"}]},{"@type":"WebSite","@id":"https:\/\/discoverysaharatours.com\/es\/#website","url":"https:\/\/discoverysaharatours.com\/es\/","name":"Discovery Sahara Tours","description":"Morocco Desert Tours \/ Tours &amp; Excursions in Morocco","publisher":{"@id":"https:\/\/discoverysaharatours.com\/es\/#organization"},"potentialAction":[{"@type":"SearchAction","target":{"@type":"EntryPoint","urlTemplate":"https:\/\/discoverysaharatours.com\/es\/?s={search_term_string}"},"query-input":"required name=search_term_string"}],"inLanguage":"en-US"},{"@type":"Organization","@id":"https:\/\/discoverysaharatours.com\/es\/#organization","name":"Discovery Sahara Tours","url":"https:\/\/discoverysaharatours.com\/es\/","logo":{"@type":"ImageObject","inLanguage":"en-US","@id":"https:\/\/discoverysaharatours.com\/es\/#\/schema\/logo\/image\/","url":"https:\/\/discoverysaharatours.com\/es\/wp-content\/uploads\/2022\/10\/logo-Discovery-Sahara-Tours.png","contentUrl":"https:\/\/discoverysaharatours.com\/es\/wp-content\/uploads\/2022\/10\/logo-Discovery-Sahara-Tours.png","width":557,"height":486,"caption":"Discovery Sahara Tours"},"image":{"@id":"https:\/\/discoverysaharatours.com\/es\/#\/schema\/logo\/image\/"}}]}},"_links":{"self":[{"href":"https:\/\/discoverysaharatours.com\/es\/wp-json\/wp\/v2\/pages\/10870","targetHints":{"allow":["GET"]}}],"collection":[{"href":"https:\/\/discoverysaharatours.com\/es\/wp-json\/wp\/v2\/pages"}],"about":[{"href":"https:\/\/discoverysaharatours.com\/es\/wp-json\/wp\/v2\/types\/page"}],"author":[{"embeddable":true,"href":"https:\/\/discoverysaharatours.com\/es\/wp-json\/wp\/v2\/users\/1"}],"replies":[{"embeddable":true,"href":"https:\/\/discoverysaharatours.com\/es\/wp-json\/wp\/v2\/comments?post=10870"}],"version-history":[{"count":4,"href":"https:\/\/discoverysaharatours.com\/es\/wp-json\/wp\/v2\/pages\/10870\/revisions"}],"predecessor-version":[{"id":19751,"href":"https:\/\/discoverysaharatours.com\/es\/wp-json\/wp\/v2\/pages\/10870\/revisions\/19751"}],"wp:attachment":[{"href":"https:\/\/discoverysaharatours.com\/es\/wp-json\/wp\/v2\/media?parent=10870"}],"curies":[{"name":"wp","href":"https:\/\/api.w.org\/{rel}","templated":true}]}}