{"id":10872,"date":"2018-11-02T17:06:24","date_gmt":"2018-11-02T17:06:24","guid":{"rendered":"https:\/\/www.discoverysaharatours.com\/?page_id=10872"},"modified":"2026-05-02T10:34:13","modified_gmt":"2026-05-02T10:34:13","slug":"10-dias-desde-fez-hasta-el-desierto-de-merzouga-y-marrakech","status":"publish","type":"page","link":"https:\/\/discoverysaharatours.com\/es\/10-dias-desde-fez-hasta-el-desierto-de-merzouga-y-marrakech\/","title":{"rendered":"10 d\u00edas desde Fez hasta el desierto de Merzouga y Marrakech"},"content":{"rendered":"<h2 data-section-id=\"2gt7s6\" data-start=\"117\" data-end=\"200\">\ud83c\udf0d Gran Tour de 10 D\u00edas por Marruecos: De Fez al Desierto, Marrakech y Essaouira<\/h2>\n<p data-start=\"202\" data-end=\"428\">En este completo recorrido descubrir\u00e1s lo mejor de Marruecos: desde la hist\u00f3rica <strong data-start=\"283\" data-end=\"290\">Fez<\/strong>, pasando por las monta\u00f1as del Atlas y el desierto de <strong data-start=\"344\" data-end=\"356\">Merzouga<\/strong>, hasta la vibrante <strong data-start=\"376\" data-end=\"389\">Marrakech<\/strong> y la costa atl\u00e1ntica de <strong data-start=\"414\" data-end=\"427\">Essaouira<\/strong>.<\/p>\n<hr data-start=\"430\" data-end=\"433\">\n<h3 data-section-id=\"1t7zc5j\" data-start=\"435\" data-end=\"496\"><span style=\"color: #ff6600;\">\ud83d\udcc5 D\u00eda 1: Llegada a <span class=\"hover:entity-accent entity-underline inline cursor-pointer align-baseline\"><span class=\"whitespace-normal\">Fez<\/span><\/span><\/span><\/h3>\n<p data-start=\"497\" data-end=\"659\">Recepci\u00f3n en el aeropuerto y traslado a tu riad en la medina.<br data-start=\"558\" data-end=\"561\">Dependiendo de la hora de llegada, posibilidad de una primera visita.<br data-start=\"630\" data-end=\"633\">Alojamiento en riad\/hotel.<\/p>\n<hr data-start=\"661\" data-end=\"664\">\n<h3 data-section-id=\"jztull\" data-start=\"666\" data-end=\"700\"><span style=\"color: #ff6600;\">\ud83d\udcc5 D\u00eda 2: Visita guiada de Fez<\/span><\/h3>\n<p data-start=\"701\" data-end=\"734\">Explora la medina con gu\u00eda local:<\/p>\n<ul data-start=\"735\" data-end=\"936\">\n<li data-section-id=\"1tv4vlj\" data-start=\"735\" data-end=\"801\"><span class=\"hover:entity-accent entity-underline inline cursor-pointer align-baseline\"><span class=\"whitespace-normal\">Universidad Al Karaouine<\/span><\/span> (la m\u00e1s antigua del mundo)<\/li>\n<li data-section-id=\"zd2f1b\" data-start=\"802\" data-end=\"831\">Mausoleo de Moulay Idriss<\/li>\n<li data-section-id=\"xc7env\" data-start=\"832\" data-end=\"852\">Fuente Nejjarine<\/li>\n<li data-section-id=\"1vhpa5z\" data-start=\"853\" data-end=\"882\">Curtidur\u00edas tradicionales<\/li>\n<li data-section-id=\"gpl20w\" data-start=\"883\" data-end=\"910\">Palacio Real (exterior)<\/li>\n<li data-section-id=\"1laiihg\" data-start=\"911\" data-end=\"936\">Barrio jud\u00edo (Mellah)<\/li>\n<\/ul>\n<p data-start=\"938\" data-end=\"991\">Vista panor\u00e1mica de la medina.<br data-start=\"968\" data-end=\"971\">Alojamiento en riad.<\/p>\n<hr data-start=\"993\" data-end=\"996\">\n<h3 data-section-id=\"ftua0z\" data-start=\"998\" data-end=\"1191\"><span style=\"color: #ff6600;\">\ud83d\udcc5 D\u00eda 3: Fez \u2013 <span class=\"hover:entity-accent entity-underline inline cursor-pointer align-baseline\"><span class=\"whitespace-normal\">Ifrane<\/span><\/span> \u2013 <span class=\"hover:entity-accent entity-underline inline cursor-pointer align-baseline\"><span class=\"whitespace-normal\">Azrou<\/span><\/span> \u2013 <span class=\"hover:entity-accent entity-underline inline cursor-pointer align-baseline\"><span class=\"whitespace-normal\">Midelt<\/span><\/span> \u2013 Valle del Ziz \u2013 <span class=\"hover:entity-accent entity-underline inline cursor-pointer align-baseline\"><span class=\"whitespace-normal\">Merzouga<\/span><\/span><\/span><\/h3>\n<p data-start=\"1192\" data-end=\"1220\">Salida hacia el Atlas Medio:<\/p>\n<ul data-start=\"1221\" data-end=\"1332\">\n<li data-section-id=\"1uz8e4t\" data-start=\"1221\" data-end=\"1262\">Parada en Ifrane, la \u201cSuiza marroqu\u00ed\u201d<\/li>\n<li data-section-id=\"8tufku\" data-start=\"1263\" data-end=\"1312\">Bosque de cedros en Azrou (monos de Berber\u00eda)<\/li>\n<li data-section-id=\"9mnv91\" data-start=\"1313\" data-end=\"1332\">Paso por Midelt<\/li>\n<\/ul>\n<p data-start=\"1334\" data-end=\"1419\">Continuaci\u00f3n por el Valle del Ziz y llegada a Merzouga.<br data-start=\"1389\" data-end=\"1392\">Cena y alojamiento en riad.<\/p>\n<hr data-start=\"1421\" data-end=\"1424\">\n<h3 data-section-id=\"euxoyd\" data-start=\"1426\" data-end=\"1476\"><span style=\"color: #ff6600;\">\ud83d\udcc5 D\u00eda 4: Exploraci\u00f3n del desierto de Merzouga<\/span><\/h3>\n<ul data-start=\"1477\" data-end=\"1590\">\n<li data-section-id=\"xcgc6r\" data-start=\"1477\" data-end=\"1504\">Visita a familias Gnawa<\/li>\n<li data-section-id=\"163i2a8\" data-start=\"1505\" data-end=\"1525\">Lago de Merzouga<\/li>\n<li data-section-id=\"1sttybv\" data-start=\"1526\" data-end=\"1590\">Mercado tradicional de <span class=\"hover:entity-accent entity-underline inline cursor-pointer align-baseline\"><span class=\"whitespace-normal\">Rissani<\/span><\/span><\/li>\n<\/ul>\n<p data-start=\"1592\" data-end=\"1605\">Por la tarde:<\/p>\n<ul data-start=\"1606\" data-end=\"1719\">\n<li data-section-id=\"wugdz2\" data-start=\"1606\" data-end=\"1668\">Paseo en camello por <span class=\"hover:entity-accent entity-underline inline cursor-pointer align-baseline\"><span class=\"whitespace-normal\">Erg Chebbi<\/span><\/span><\/li>\n<li data-section-id=\"3h5df9\" data-start=\"1669\" data-end=\"1719\">Noche en campamento bereber bajo las estrellas<\/li>\n<\/ul>\n<hr data-start=\"1721\" data-end=\"1724\">\n<h3 data-section-id=\"12jkgiz\" data-start=\"1726\" data-end=\"1870\"><span style=\"color: #ff6600;\">\ud83d\udcc5 D\u00eda 5: Merzouga \u2013 <span class=\"hover:entity-accent entity-underline inline cursor-pointer align-baseline\"><span class=\"whitespace-normal\">Gargantas del Todra<\/span><\/span> \u2013 <span class=\"hover:entity-accent entity-underline inline cursor-pointer align-baseline\"><span class=\"whitespace-normal\">Tinghir<\/span><\/span> \u2013 <span class=\"hover:entity-accent entity-underline inline cursor-pointer align-baseline\"><span class=\"whitespace-normal\">Valle del Dades<\/span><\/span><\/span><\/h3>\n<p data-start=\"1871\" data-end=\"1965\">Disfruta del amanecer en el desierto.<br data-start=\"1908\" data-end=\"1911\">Salida hacia las impresionantes Gargantas del Todra.<\/p>\n<p data-start=\"1967\" data-end=\"2063\">Continuaci\u00f3n hacia el Valle del Dades, famoso por sus formaciones rocosas.<br data-start=\"2041\" data-end=\"2044\">Cena y alojamiento.<\/p>\n<hr data-start=\"2065\" data-end=\"2068\">\n<h3 data-section-id=\"prk6kc\" data-start=\"2070\" data-end=\"2141\"><span style=\"color: #ff6600;\">\ud83d\udcc5 D\u00eda 6: Valle del Dades \u2013 <span class=\"hover:entity-accent entity-underline inline cursor-pointer align-baseline\"><span class=\"whitespace-normal\">Ouarzazate<\/span><\/span><\/span><\/h3>\n<p data-start=\"2142\" data-end=\"2173\">Ruta por el Valle de las Rosas:<\/p>\n<ul data-start=\"2174\" data-end=\"2259\">\n<li data-section-id=\"1y51851\" data-start=\"2174\" data-end=\"2217\"><span class=\"hover:entity-accent entity-underline inline cursor-pointer align-baseline\"><span class=\"whitespace-normal\">Kalaat M&#8217;Gouna<\/span><\/span><\/li>\n<li data-section-id=\"1wbdt3m\" data-start=\"2218\" data-end=\"2240\">Palmeral de Skoura<\/li>\n<li data-section-id=\"ovt7ak\" data-start=\"2241\" data-end=\"2259\">Kasbah Amridil<\/li>\n<\/ul>\n<p data-start=\"2261\" data-end=\"2295\">Llegada a Ouarzazate. Alojamiento.<\/p>\n<hr data-start=\"2297\" data-end=\"2300\">\n<h3 data-section-id=\"jt8gdp\" data-start=\"2302\" data-end=\"2452\"><span style=\"color: #ff6600;\">\ud83d\udcc5 D\u00eda 7: Ouarzazate \u2013 <span class=\"hover:entity-accent entity-underline inline cursor-pointer align-baseline\"><span class=\"whitespace-normal\">Ait Ben Haddou<\/span><\/span> \u2013 <span class=\"hover:entity-accent entity-underline inline cursor-pointer align-baseline\"><span class=\"whitespace-normal\">Tizi n&#8217;Tichka<\/span><\/span> \u2013 <span class=\"hover:entity-accent entity-underline inline cursor-pointer align-baseline\"><span class=\"whitespace-normal\">Marrakech<\/span><\/span><\/span><\/h3>\n<p data-start=\"2453\" data-end=\"2508\">Visita al ksar de Ait Ben Haddou (Patrimonio UNESCO).<\/p>\n<p data-start=\"2510\" data-end=\"2604\">Cruce del Alto Atlas por el puerto Tizi n&#8217;Tichka.<br data-start=\"2559\" data-end=\"2562\">Llegada a Marrakech y alojamiento en riad.<\/p>\n<hr data-start=\"2606\" data-end=\"2609\">\n<h3 data-section-id=\"1yytahi\" data-start=\"2611\" data-end=\"2676\"><span style=\"color: #ff6600;\">\ud83d\udcc5 D\u00eda 8: Excursi\u00f3n a <span class=\"hover:entity-accent entity-underline inline cursor-pointer align-baseline\"><span class=\"whitespace-normal\">Essaouira<\/span><\/span><\/span><\/h3>\n<p data-start=\"2677\" data-end=\"2709\">Salida hacia la costa atl\u00e1ntica:<\/p>\n<ul data-start=\"2710\" data-end=\"2788\">\n<li data-section-id=\"motjyi\" data-start=\"2710\" data-end=\"2733\">Paseo por la medina<\/li>\n<li data-section-id=\"1e6qb7f\" data-start=\"2734\" data-end=\"2753\">Puerto pesquero<\/li>\n<li data-section-id=\"j67ohv\" data-start=\"2754\" data-end=\"2788\">Cooperativa de aceite de arg\u00e1n<\/li>\n<\/ul>\n<p data-start=\"2790\" data-end=\"2823\">Regreso a Marrakech por la tarde.<\/p>\n<hr data-start=\"2825\" data-end=\"2828\">\n<h3 data-section-id=\"pp57ub\" data-start=\"2830\" data-end=\"2870\"><span style=\"color: #ff6600;\">\ud83d\udcc5 D\u00eda 9: Visita guiada de Marrakech<\/span><\/h3>\n<p data-start=\"2871\" data-end=\"2907\">Descubre los principales monumentos:<\/p>\n<ul data-start=\"2908\" data-end=\"3171\">\n<li data-section-id=\"v811it\" data-start=\"2908\" data-end=\"2951\"><span class=\"hover:entity-accent entity-underline inline cursor-pointer align-baseline\"><span class=\"whitespace-normal\">Mezquita Koutoubia<\/span><\/span><\/li>\n<li data-section-id=\"itrg1h\" data-start=\"2952\" data-end=\"2995\"><span class=\"hover:entity-accent entity-underline inline cursor-pointer align-baseline\"><span class=\"whitespace-normal\">Tumbas Saad\u00edes<\/span><\/span><\/li>\n<li data-section-id=\"1w3yut1\" data-start=\"2996\" data-end=\"3039\"><span class=\"hover:entity-accent entity-underline inline cursor-pointer align-baseline\"><span class=\"whitespace-normal\">Palacio Bah\u00eda<\/span><\/span><\/li>\n<li data-section-id=\"1or3w39\" data-start=\"3040\" data-end=\"3083\"><span class=\"hover:entity-accent entity-underline inline cursor-pointer align-baseline\"><span class=\"whitespace-normal\">Medersa Ben Youssef<\/span><\/span><\/li>\n<li data-section-id=\"n668ol\" data-start=\"3084\" data-end=\"3127\"><span class=\"hover:entity-accent entity-underline inline cursor-pointer align-baseline\"><span class=\"whitespace-normal\">Plaza Jemaa el-Fna<\/span><\/span><\/li>\n<li data-section-id=\"1fuxyk5\" data-start=\"3128\" data-end=\"3171\"><span class=\"hover:entity-accent entity-underline inline cursor-pointer align-baseline\"><span class=\"whitespace-normal\">Jard\u00edn Majorelle<\/span><\/span><\/li>\n<\/ul>\n<p data-start=\"3173\" data-end=\"3211\">Tarde libre en la medina. Alojamiento.<\/p>\n<hr data-start=\"3213\" data-end=\"3216\">\n<h3 data-section-id=\"t4wsva\" data-start=\"3218\" data-end=\"3255\"><span style=\"color: #ff6600;\">\ud83d\udcc5 D\u00eda 10: Marrakech \u2013 Aeropuerto<\/span><\/h3>\n<p data-start=\"3256\" data-end=\"3316\">Traslado al aeropuerto seg\u00fan horario de vuelo. Fin del tour.<\/p>\n<hr data-start=\"3318\" data-end=\"3321\">\n<h2 data-section-id=\"1ihf6or\" data-start=\"3323\" data-end=\"3336\"><span style=\"color: #ff6600;\">\u2705 Incluye:<\/span><\/h2>\n<ul data-start=\"3337\" data-end=\"3553\">\n<li data-section-id=\"4ok1vv\" data-start=\"3337\" data-end=\"3382\">Transporte privado con aire acondicionado<\/li>\n<li data-section-id=\"khxukc\" data-start=\"3383\" data-end=\"3413\">Conductor\/gu\u00eda multiling\u00fce<\/li>\n<li data-section-id=\"1xlc6vv\" data-start=\"3414\" data-end=\"3429\">Combustible<\/li>\n<li data-section-id=\"1n3qivg\" data-start=\"3430\" data-end=\"3456\">8 noches en hotel\/riad<\/li>\n<li data-section-id=\"bhsuae\" data-start=\"3457\" data-end=\"3515\">1 noche en campamento en el desierto (cena + desayuno)<\/li>\n<li data-section-id=\"1vuo7la\" data-start=\"3516\" data-end=\"3536\">Paseo en camello<\/li>\n<li data-section-id=\"1ucbgcq\" data-start=\"3537\" data-end=\"3553\">Sandboarding<\/li>\n<\/ul>\n<hr data-start=\"3555\" data-end=\"3558\">\n<h2 data-section-id=\"ak04ib\" data-start=\"3560\" data-end=\"3576\"><span style=\"color: #ff6600;\">\u274c No incluye:<\/span><\/h2>\n<ul data-start=\"3577\" data-end=\"3677\">\n<li data-section-id=\"u610en\" data-start=\"3577\" data-end=\"3600\">Almuerzos y bebidas<\/li>\n<li data-section-id=\"1u6l1ge\" data-start=\"3601\" data-end=\"3611\">Vuelos<\/li>\n<li data-section-id=\"k8ve4k\" data-start=\"3612\" data-end=\"3637\">Entradas a monumentos<\/li>\n<li data-section-id=\"yizlzw\" data-start=\"3638\" data-end=\"3677\">Hotel en Fez (opcional seg\u00fan paquete)<\/li>\n<\/ul>\n<hr data-start=\"3679\" data-end=\"3682\">\n<p data-start=\"3684\" data-end=\"3757\">\u2728 <strong data-start=\"3686\" data-end=\"3695\">Nota:<\/strong> Este tour es totalmente personalizable seg\u00fan tus necesidades.<\/p>\n","protected":false},"excerpt":{"rendered":"<p>\ud83c\udf0d Gran Tour de 10 D\u00edas por Marruecos: De Fez al Desierto, Marrakech y Essaouira En este completo recorrido descubrir\u00e1s lo mejor de Marruecos: desde la hist\u00f3rica Fez, pasando por las monta\u00f1as del Atlas y el desierto de Merzouga, hasta la vibrante Marrakech y la costa atl\u00e1ntica de Essaouira. \ud83d\udcc5 D\u00eda 1: Llegada a Fez&#8230;<\/p>\n","protected":false},"author":1,"featured_media":0,"parent":0,"menu_order":0,"comment_status":"closed","ping_status":"closed","template":"","meta":{"ngg_post_thumbnail":0,"_kad_post_transparent":"default","_kad_post_title":"default","_kad_post_layout":"default","_kad_post_sidebar_id":"","_kad_post_content_style":"default","_kad_post_vertical_padding":"default","_kad_post_feature":"","_kad_post_feature_position":"","_kad_post_header":false,"_kad_post_footer":false,"footnotes":""},"class_list":["post-10872","page","type-page","status-publish","hentry"],"yoast_head":"<!-- This site is optimized with the Yoast SEO plugin v21.5 - https:\/\/yoast.com\/wordpress\/plugins\/seo\/ -->\n<title>10-dias-desde-fez-hasta-el-desierto-de-merzouga-y-marrakech<\/title>\n<meta name=\"description\" content=\"Descubre Marruecos en 10 d\u00edas desde Fez hasta el desierto de Merzouga y Marrakech: dunas del Sahara, cultura bereber, paisajes \u00fanicos y ciudades imperiales inolvidables.\" \/>\n<meta name=\"robots\" content=\"index, follow, max-snippet:-1, max-image-preview:large, max-video-preview:-1\" \/>\n<link rel=\"canonical\" href=\"https:\/\/discoverysaharatours.com\/es\/10-dias-desde-fez-hasta-el-desierto-de-merzouga-y-marrakech\/\" \/>\n<meta property=\"og:locale\" content=\"en_US\" \/>\n<meta property=\"og:type\" content=\"article\" \/>\n<meta property=\"og:title\" content=\"https:\/\/web.facebook.com\/Discovery.sahara\/\" \/>\n<meta property=\"og:description\" content=\"Discovery Sahara Tours es una agencia local en Marruecos muy especializada en organizar rutas por el desierto, con veh\u00edculos 4\u00d74 que facilitan el acceso a las pistas, a los lugares menos tur\u00edsticos y m\u00e1s aut\u00e9nticos, para disfrutar de la comodidad y el confort de sus ventajas. Con excursiones en dromedarios hasta llegar a los campamentos situados en medio de las dunas y poder disfrutar de una noche bajo las estrellas. Visitar familias bereberes, compartir su estilo de vida y costumbres. Con excursiones a pie hasta llegar al oasis frecuentado por n\u00f3madas\" \/>\n<meta property=\"og:url\" content=\"https:\/\/discoverysaharatours.com\/es\/10-dias-desde-fez-hasta-el-desierto-de-merzouga-y-marrakech\/\" \/>\n<meta property=\"og:site_name\" content=\"Discovery Sahara Tours\" \/>\n<meta property=\"article:modified_time\" content=\"2026-05-02T10:34:13+00:00\" \/>\n<meta property=\"og:image\" content=\"https:\/\/discoverysaharatours.com\/es\/wp-content\/uploads\/2022\/10\/cropped-logo-Discovery-Sahara-Tours.png\" \/>\n\t<meta property=\"og:image:width\" content=\"512\" \/>\n\t<meta property=\"og:image:height\" content=\"512\" \/>\n\t<meta property=\"og:image:type\" content=\"image\/png\" \/>\n<meta name=\"twitter:card\" content=\"summary_large_image\" \/>\n<meta name=\"twitter:label1\" content=\"Est. reading time\" \/>\n\t<meta name=\"twitter:data1\" content=\"2 minutes\" \/>\n<script type=\"application\/ld+json\" class=\"yoast-schema-graph\">{\"@context\":\"https:\/\/schema.org\",\"@graph\":[{\"@type\":\"WebPage\",\"@id\":\"https:\/\/discoverysaharatours.com\/es\/10-dias-desde-fez-hasta-el-desierto-de-merzouga-y-marrakech\/\",\"url\":\"https:\/\/discoverysaharatours.com\/es\/10-dias-desde-fez-hasta-el-desierto-de-merzouga-y-marrakech\/\",\"name\":\"10-dias-desde-fez-hasta-el-desierto-de-merzouga-y-marrakech\",\"isPartOf\":{\"@id\":\"https:\/\/discoverysaharatours.com\/es\/#website\"},\"datePublished\":\"2018-11-02T17:06:24+00:00\",\"dateModified\":\"2026-05-02T10:34:13+00:00\",\"description\":\"Descubre Marruecos en 10 d\u00edas desde Fez hasta el desierto de Merzouga y Marrakech: dunas del Sahara, cultura bereber, paisajes \u00fanicos y ciudades imperiales inolvidables.\",\"breadcrumb\":{\"@id\":\"https:\/\/discoverysaharatours.com\/es\/10-dias-desde-fez-hasta-el-desierto-de-merzouga-y-marrakech\/#breadcrumb\"},\"inLanguage\":\"en-US\",\"potentialAction\":[{\"@type\":\"ReadAction\",\"target\":[\"https:\/\/discoverysaharatours.com\/es\/10-dias-desde-fez-hasta-el-desierto-de-merzouga-y-marrakech\/\"]}]},{\"@type\":\"BreadcrumbList\",\"@id\":\"https:\/\/discoverysaharatours.com\/es\/10-dias-desde-fez-hasta-el-desierto-de-merzouga-y-marrakech\/#breadcrumb\",\"itemListElement\":[{\"@type\":\"ListItem\",\"position\":1,\"name\":\"Home\",\"item\":\"https:\/\/discoverysaharatours.com\/es\/\"},{\"@type\":\"ListItem\",\"position\":2,\"name\":\"10 d\u00edas desde Fez hasta el desierto de Merzouga y Marrakech\"}]},{\"@type\":\"WebSite\",\"@id\":\"https:\/\/discoverysaharatours.com\/es\/#website\",\"url\":\"https:\/\/discoverysaharatours.com\/es\/\",\"name\":\"Discovery Sahara Tours\",\"description\":\"Morocco Desert Tours \/ Tours &amp; Excursions in Morocco\",\"publisher\":{\"@id\":\"https:\/\/discoverysaharatours.com\/es\/#organization\"},\"potentialAction\":[{\"@type\":\"SearchAction\",\"target\":{\"@type\":\"EntryPoint\",\"urlTemplate\":\"https:\/\/discoverysaharatours.com\/es\/?s={search_term_string}\"},\"query-input\":\"required name=search_term_string\"}],\"inLanguage\":\"en-US\"},{\"@type\":\"Organization\",\"@id\":\"https:\/\/discoverysaharatours.com\/es\/#organization\",\"name\":\"Discovery Sahara Tours\",\"url\":\"https:\/\/discoverysaharatours.com\/es\/\",\"logo\":{\"@type\":\"ImageObject\",\"inLanguage\":\"en-US\",\"@id\":\"https:\/\/discoverysaharatours.com\/es\/#\/schema\/logo\/image\/\",\"url\":\"https:\/\/discoverysaharatours.com\/es\/wp-content\/uploads\/2022\/10\/logo-Discovery-Sahara-Tours.png\",\"contentUrl\":\"https:\/\/discoverysaharatours.com\/es\/wp-content\/uploads\/2022\/10\/logo-Discovery-Sahara-Tours.png\",\"width\":557,\"height\":486,\"caption\":\"Discovery Sahara Tours\"},\"image\":{\"@id\":\"https:\/\/discoverysaharatours.com\/es\/#\/schema\/logo\/image\/\"}}]}<\/script>\n<!-- \/ Yoast SEO plugin. -->","yoast_head_json":{"title":"10-dias-desde-fez-hasta-el-desierto-de-merzouga-y-marrakech","description":"Descubre Marruecos en 10 d\u00edas desde Fez hasta el desierto de Merzouga y Marrakech: dunas del Sahara, cultura bereber, paisajes \u00fanicos y ciudades imperiales inolvidables.","robots":{"index":"index","follow":"follow","max-snippet":"max-snippet:-1","max-image-preview":"max-image-preview:large","max-video-preview":"max-video-preview:-1"},"canonical":"https:\/\/discoverysaharatours.com\/es\/10-dias-desde-fez-hasta-el-desierto-de-merzouga-y-marrakech\/","og_locale":"en_US","og_type":"article","og_title":"https:\/\/web.facebook.com\/Discovery.sahara\/","og_description":"Discovery Sahara Tours es una agencia local en Marruecos muy especializada en organizar rutas por el desierto, con veh\u00edculos 4\u00d74 que facilitan el acceso a las pistas, a los lugares menos tur\u00edsticos y m\u00e1s aut\u00e9nticos, para disfrutar de la comodidad y el confort de sus ventajas. Con excursiones en dromedarios hasta llegar a los campamentos situados en medio de las dunas y poder disfrutar de una noche bajo las estrellas. Visitar familias bereberes, compartir su estilo de vida y costumbres. Con excursiones a pie hasta llegar al oasis frecuentado por n\u00f3madas","og_url":"https:\/\/discoverysaharatours.com\/es\/10-dias-desde-fez-hasta-el-desierto-de-merzouga-y-marrakech\/","og_site_name":"Discovery Sahara Tours","article_modified_time":"2026-05-02T10:34:13+00:00","og_image":[{"width":512,"height":512,"url":"https:\/\/discoverysaharatours.com\/es\/wp-content\/uploads\/2022\/10\/cropped-logo-Discovery-Sahara-Tours.png","type":"image\/png"}],"twitter_card":"summary_large_image","twitter_misc":{"Est. reading time":"2 minutes"},"schema":{"@context":"https:\/\/schema.org","@graph":[{"@type":"WebPage","@id":"https:\/\/discoverysaharatours.com\/es\/10-dias-desde-fez-hasta-el-desierto-de-merzouga-y-marrakech\/","url":"https:\/\/discoverysaharatours.com\/es\/10-dias-desde-fez-hasta-el-desierto-de-merzouga-y-marrakech\/","name":"10-dias-desde-fez-hasta-el-desierto-de-merzouga-y-marrakech","isPartOf":{"@id":"https:\/\/discoverysaharatours.com\/es\/#website"},"datePublished":"2018-11-02T17:06:24+00:00","dateModified":"2026-05-02T10:34:13+00:00","description":"Descubre Marruecos en 10 d\u00edas desde Fez hasta el desierto de Merzouga y Marrakech: dunas del Sahara, cultura bereber, paisajes \u00fanicos y ciudades imperiales inolvidables.","breadcrumb":{"@id":"https:\/\/discoverysaharatours.com\/es\/10-dias-desde-fez-hasta-el-desierto-de-merzouga-y-marrakech\/#breadcrumb"},"inLanguage":"en-US","potentialAction":[{"@type":"ReadAction","target":["https:\/\/discoverysaharatours.com\/es\/10-dias-desde-fez-hasta-el-desierto-de-merzouga-y-marrakech\/"]}]},{"@type":"BreadcrumbList","@id":"https:\/\/discoverysaharatours.com\/es\/10-dias-desde-fez-hasta-el-desierto-de-merzouga-y-marrakech\/#breadcrumb","itemListElement":[{"@type":"ListItem","position":1,"name":"Home","item":"https:\/\/discoverysaharatours.com\/es\/"},{"@type":"ListItem","position":2,"name":"10 d\u00edas desde Fez hasta el desierto de Merzouga y Marrakech"}]},{"@type":"WebSite","@id":"https:\/\/discoverysaharatours.com\/es\/#website","url":"https:\/\/discoverysaharatours.com\/es\/","name":"Discovery Sahara Tours","description":"Morocco Desert Tours \/ Tours &amp; Excursions in Morocco","publisher":{"@id":"https:\/\/discoverysaharatours.com\/es\/#organization"},"potentialAction":[{"@type":"SearchAction","target":{"@type":"EntryPoint","urlTemplate":"https:\/\/discoverysaharatours.com\/es\/?s={search_term_string}"},"query-input":"required name=search_term_string"}],"inLanguage":"en-US"},{"@type":"Organization","@id":"https:\/\/discoverysaharatours.com\/es\/#organization","name":"Discovery Sahara Tours","url":"https:\/\/discoverysaharatours.com\/es\/","logo":{"@type":"ImageObject","inLanguage":"en-US","@id":"https:\/\/discoverysaharatours.com\/es\/#\/schema\/logo\/image\/","url":"https:\/\/discoverysaharatours.com\/es\/wp-content\/uploads\/2022\/10\/logo-Discovery-Sahara-Tours.png","contentUrl":"https:\/\/discoverysaharatours.com\/es\/wp-content\/uploads\/2022\/10\/logo-Discovery-Sahara-Tours.png","width":557,"height":486,"caption":"Discovery Sahara Tours"},"image":{"@id":"https:\/\/discoverysaharatours.com\/es\/#\/schema\/logo\/image\/"}}]}},"_links":{"self":[{"href":"https:\/\/discoverysaharatours.com\/es\/wp-json\/wp\/v2\/pages\/10872","targetHints":{"allow":["GET"]}}],"collection":[{"href":"https:\/\/discoverysaharatours.com\/es\/wp-json\/wp\/v2\/pages"}],"about":[{"href":"https:\/\/discoverysaharatours.com\/es\/wp-json\/wp\/v2\/types\/page"}],"author":[{"embeddable":true,"href":"https:\/\/discoverysaharatours.com\/es\/wp-json\/wp\/v2\/users\/1"}],"replies":[{"embeddable":true,"href":"https:\/\/discoverysaharatours.com\/es\/wp-json\/wp\/v2\/comments?post=10872"}],"version-history":[{"count":6,"href":"https:\/\/discoverysaharatours.com\/es\/wp-json\/wp\/v2\/pages\/10872\/revisions"}],"predecessor-version":[{"id":19702,"href":"https:\/\/discoverysaharatours.com\/es\/wp-json\/wp\/v2\/pages\/10872\/revisions\/19702"}],"wp:attachment":[{"href":"https:\/\/discoverysaharatours.com\/es\/wp-json\/wp\/v2\/media?parent=10872"}],"curies":[{"name":"wp","href":"https:\/\/api.w.org\/{rel}","templated":true}]}}