{"id":10876,"date":"2018-11-02T17:07:31","date_gmt":"2018-11-02T17:07:31","guid":{"rendered":"https:\/\/www.discoverysaharatours.com\/?page_id=10876"},"modified":"2026-04-10T09:41:20","modified_gmt":"2026-04-10T09:41:20","slug":"excursion-de-un-dia-a-ifrane-y-azrou-desde-fez","status":"publish","type":"page","link":"https:\/\/discoverysaharatours.com\/es\/excursion-de-un-dia-a-ifrane-y-azrou-desde-fez\/","title":{"rendered":"Excursi\u00f3n de un d\u00eda a Ifrane y Azrou desde Fez"},"content":{"rendered":"<p data-start=\"113\" data-end=\"233\">Despu\u00e9s de encontrarnos en el punto acordado, comenzaremos el viaje atravesando campos verdes y disfrutando del paisaje.<\/p>\n<p data-start=\"235\" data-end=\"378\">Durante el trayecto, podremos admirar las monta\u00f1as del Atlas, que ofrecen vistas impresionantes, especialmente cuando est\u00e1n cubiertas de nieve.<\/p>\n<p data-start=\"380\" data-end=\"498\">La primera parada ser\u00e1 en <span class=\"hover:entity-accent entity-underline inline cursor-pointer align-baseline\"><span class=\"whitespace-normal\">Imouzzer Kandar<\/span><\/span>, conocida por su festival de la manzana en septiembre.<\/p>\n<p data-start=\"500\" data-end=\"685\">Despu\u00e9s continuaremos hacia <span class=\"hover:entity-accent entity-underline inline cursor-pointer align-baseline\"><span class=\"whitespace-normal\">Ifrane<\/span><\/span>, llamada la \u201cSuiza de Marruecos\u201d por su estilo europeo y su entorno natural. All\u00ed haremos una pausa para tomar un caf\u00e9.<\/p>\n<p data-start=\"687\" data-end=\"859\">Luego seguiremos hacia <span class=\"hover:entity-accent entity-underline inline cursor-pointer align-baseline\"><span class=\"whitespace-normal\">Azrou<\/span><\/span>, cuyo nombre significa \u201croca\u201d en tamazight. Disfrutaremos de las vistas del Atlas Medio hasta llegar al pueblo.<\/p>\n<p data-start=\"861\" data-end=\"935\">En Azrou, almorzaremos en un restaurante local y descansaremos un momento.<\/p>\n<p data-start=\"937\" data-end=\"1097\">M\u00e1s tarde, visitaremos el bosque de cedros, donde se pueden ver los monos de Berber\u00eda en libertad. Es un lugar perfecto para fotos y contacto con la naturaleza.<\/p>\n<p data-start=\"1099\" data-end=\"1181\">Al final del d\u00eda, regresaremos a su riad en <span class=\"hover:entity-accent entity-underline inline cursor-pointer align-baseline\"><span class=\"whitespace-normal\">Fez<\/span><\/span>.<\/p>\n<hr data-start=\"1183\" data-end=\"1186\">\n<h3 data-section-id=\"yfdyf7\" data-start=\"1188\" data-end=\"1201\"><span style=\"color: #ff6600;\">Incluido:<\/span><\/h3>\n<ul data-start=\"1202\" data-end=\"1352\">\n<li data-section-id=\"1iimns8\" data-start=\"1202\" data-end=\"1232\">Recogida en su alojamiento<\/li>\n<li data-section-id=\"1u2h6l\" data-start=\"1233\" data-end=\"1303\">Transporte privado con aire acondicionado (4&#215;4, minib\u00fas o autob\u00fas)<\/li>\n<li data-section-id=\"gnh8ws\" data-start=\"1304\" data-end=\"1336\">Conductor \/ gu\u00eda multiling\u00fce<\/li>\n<li data-section-id=\"1xlc6vv\" data-start=\"1337\" data-end=\"1352\">Combustible<\/li>\n<\/ul>\n<h3 data-section-id=\"tzmxlu\" data-start=\"1354\" data-end=\"1370\"><span style=\"color: #ff6600;\">No incluido:<\/span><\/h3>\n<ul data-start=\"1371\" data-end=\"1443\">\n<li data-section-id=\"k8ve4k\" data-start=\"1371\" data-end=\"1396\">Entradas a monumentos<\/li>\n<li data-section-id=\"15hlj9u\" data-start=\"1397\" data-end=\"1408\">Bebidas<\/li>\n<li data-section-id=\"ssc6pr\" data-start=\"1409\" data-end=\"1421\">Almuerzo<\/li>\n<li data-section-id=\"zgtesb\" data-start=\"1422\" data-end=\"1443\">Gastos personales<\/li>\n<\/ul>\n","protected":false},"excerpt":{"rendered":"<p>Despu\u00e9s de encontrarnos en el punto acordado, comenzaremos el viaje atravesando campos verdes y disfrutando del paisaje. Durante el trayecto, podremos admirar las monta\u00f1as del Atlas, que ofrecen vistas impresionantes, especialmente cuando est\u00e1n cubiertas de nieve. La primera parada ser\u00e1 en Imouzzer Kandar, conocida por su festival de la manzana en septiembre. Despu\u00e9s continuaremos hacia&#8230;<\/p>\n","protected":false},"author":1,"featured_media":0,"parent":0,"menu_order":0,"comment_status":"closed","ping_status":"closed","template":"","meta":{"ngg_post_thumbnail":0,"_kad_post_transparent":"default","_kad_post_title":"default","_kad_post_layout":"default","_kad_post_sidebar_id":"","_kad_post_content_style":"default","_kad_post_vertical_padding":"default","_kad_post_feature":"","_kad_post_feature_position":"","_kad_post_header":false,"_kad_post_footer":false,"footnotes":""},"class_list":["post-10876","page","type-page","status-publish","hentry"],"yoast_head":"<!-- This site is optimized with the Yoast SEO plugin v21.5 - https:\/\/yoast.com\/wordpress\/plugins\/seo\/ -->\n<title>excursion-de-un-dia-a-ifrane-y-azrou-desde-fez<\/title>\n<meta name=\"description\" content=\"\u201cMarruecos vacaciones\u201d, Marruecos consejos de viaje, Marruecos tours privados, vacaciones a Marruecos, Marruecos viaje, mejor \u00e9poca para visitar Marruecos, vacaciones Marruecos, tours en Marruecos, Marruecos desierto tours, Marruecos turismo, visita Marruecos, Marruecos vacaciones, viajes Marruecos, Marruecos tours, viajes a marruecos, viajes a marruecos, tours a marruecos desde, gu\u00eda tur\u00edstico de marruecos \u201d\" \/>\n<meta name=\"robots\" content=\"index, follow, max-snippet:-1, max-image-preview:large, max-video-preview:-1\" \/>\n<link rel=\"canonical\" href=\"https:\/\/discoverysaharatours.com\/es\/excursion-de-un-dia-a-ifrane-y-azrou-desde-fez\/\" \/>\n<meta property=\"og:locale\" content=\"en_US\" \/>\n<meta property=\"og:type\" content=\"article\" \/>\n<meta property=\"og:title\" content=\"https:\/\/web.facebook.com\/Discovery.sahara\/\" \/>\n<meta property=\"og:description\" content=\"Discovery Sahara Tours es una agencia local en Marruecos muy especializada en organizar rutas por el desierto, con veh\u00edculos 4\u00d74 que facilitan el acceso a las pistas, a los lugares menos tur\u00edsticos y m\u00e1s aut\u00e9nticos, para disfrutar de la comodidad y el confort de sus ventajas. Con excursiones en dromedarios hasta llegar a los campamentos situados en medio de las dunas y poder disfrutar de una noche bajo las estrellas. Visitar familias bereberes, compartir su estilo de vida y costumbres. Con excursiones a pie hasta llegar al oasis frecuentado por n\u00f3madas.\" \/>\n<meta property=\"og:url\" content=\"https:\/\/discoverysaharatours.com\/es\/excursion-de-un-dia-a-ifrane-y-azrou-desde-fez\/\" \/>\n<meta property=\"og:site_name\" content=\"Discovery Sahara Tours\" \/>\n<meta property=\"article:modified_time\" content=\"2026-04-10T09:41:20+00:00\" \/>\n<meta property=\"og:image\" content=\"https:\/\/discoverysaharatours.com\/es\/wp-content\/uploads\/2022\/10\/cropped-logo-Discovery-Sahara-Tours.png\" \/>\n\t<meta property=\"og:image:width\" content=\"512\" \/>\n\t<meta property=\"og:image:height\" content=\"512\" \/>\n\t<meta property=\"og:image:type\" content=\"image\/png\" \/>\n<meta name=\"twitter:card\" content=\"summary_large_image\" \/>\n<meta name=\"twitter:label1\" content=\"Est. reading time\" \/>\n\t<meta name=\"twitter:data1\" content=\"1 minute\" \/>\n<script type=\"application\/ld+json\" class=\"yoast-schema-graph\">{\"@context\":\"https:\/\/schema.org\",\"@graph\":[{\"@type\":\"WebPage\",\"@id\":\"https:\/\/discoverysaharatours.com\/es\/excursion-de-un-dia-a-ifrane-y-azrou-desde-fez\/\",\"url\":\"https:\/\/discoverysaharatours.com\/es\/excursion-de-un-dia-a-ifrane-y-azrou-desde-fez\/\",\"name\":\"excursion-de-un-dia-a-ifrane-y-azrou-desde-fez\",\"isPartOf\":{\"@id\":\"https:\/\/discoverysaharatours.com\/es\/#website\"},\"datePublished\":\"2018-11-02T17:07:31+00:00\",\"dateModified\":\"2026-04-10T09:41:20+00:00\",\"description\":\"\u201cMarruecos vacaciones\u201d, Marruecos consejos de viaje, Marruecos tours privados, vacaciones a Marruecos, Marruecos viaje, mejor \u00e9poca para visitar Marruecos, vacaciones Marruecos, tours en Marruecos, Marruecos desierto tours, Marruecos turismo, visita Marruecos, Marruecos vacaciones, viajes Marruecos, Marruecos tours, viajes a marruecos, viajes a marruecos, tours a marruecos desde, gu\u00eda tur\u00edstico de marruecos \u201d\",\"breadcrumb\":{\"@id\":\"https:\/\/discoverysaharatours.com\/es\/excursion-de-un-dia-a-ifrane-y-azrou-desde-fez\/#breadcrumb\"},\"inLanguage\":\"en-US\",\"potentialAction\":[{\"@type\":\"ReadAction\",\"target\":[\"https:\/\/discoverysaharatours.com\/es\/excursion-de-un-dia-a-ifrane-y-azrou-desde-fez\/\"]}]},{\"@type\":\"BreadcrumbList\",\"@id\":\"https:\/\/discoverysaharatours.com\/es\/excursion-de-un-dia-a-ifrane-y-azrou-desde-fez\/#breadcrumb\",\"itemListElement\":[{\"@type\":\"ListItem\",\"position\":1,\"name\":\"Home\",\"item\":\"https:\/\/discoverysaharatours.com\/es\/\"},{\"@type\":\"ListItem\",\"position\":2,\"name\":\"Excursi\u00f3n de un d\u00eda a Ifrane y Azrou desde Fez\"}]},{\"@type\":\"WebSite\",\"@id\":\"https:\/\/discoverysaharatours.com\/es\/#website\",\"url\":\"https:\/\/discoverysaharatours.com\/es\/\",\"name\":\"Discovery Sahara Tours\",\"description\":\"Morocco Desert Tours \/ Tours &amp; Excursions in Morocco\",\"publisher\":{\"@id\":\"https:\/\/discoverysaharatours.com\/es\/#organization\"},\"potentialAction\":[{\"@type\":\"SearchAction\",\"target\":{\"@type\":\"EntryPoint\",\"urlTemplate\":\"https:\/\/discoverysaharatours.com\/es\/?s={search_term_string}\"},\"query-input\":\"required name=search_term_string\"}],\"inLanguage\":\"en-US\"},{\"@type\":\"Organization\",\"@id\":\"https:\/\/discoverysaharatours.com\/es\/#organization\",\"name\":\"Discovery Sahara Tours\",\"url\":\"https:\/\/discoverysaharatours.com\/es\/\",\"logo\":{\"@type\":\"ImageObject\",\"inLanguage\":\"en-US\",\"@id\":\"https:\/\/discoverysaharatours.com\/es\/#\/schema\/logo\/image\/\",\"url\":\"https:\/\/discoverysaharatours.com\/es\/wp-content\/uploads\/2022\/10\/logo-Discovery-Sahara-Tours.png\",\"contentUrl\":\"https:\/\/discoverysaharatours.com\/es\/wp-content\/uploads\/2022\/10\/logo-Discovery-Sahara-Tours.png\",\"width\":557,\"height\":486,\"caption\":\"Discovery Sahara Tours\"},\"image\":{\"@id\":\"https:\/\/discoverysaharatours.com\/es\/#\/schema\/logo\/image\/\"}}]}<\/script>\n<!-- \/ Yoast SEO plugin. -->","yoast_head_json":{"title":"excursion-de-un-dia-a-ifrane-y-azrou-desde-fez","description":"\u201cMarruecos vacaciones\u201d, Marruecos consejos de viaje, Marruecos tours privados, vacaciones a Marruecos, Marruecos viaje, mejor \u00e9poca para visitar Marruecos, vacaciones Marruecos, tours en Marruecos, Marruecos desierto tours, Marruecos turismo, visita Marruecos, Marruecos vacaciones, viajes Marruecos, Marruecos tours, viajes a marruecos, viajes a marruecos, tours a marruecos desde, gu\u00eda tur\u00edstico de marruecos \u201d","robots":{"index":"index","follow":"follow","max-snippet":"max-snippet:-1","max-image-preview":"max-image-preview:large","max-video-preview":"max-video-preview:-1"},"canonical":"https:\/\/discoverysaharatours.com\/es\/excursion-de-un-dia-a-ifrane-y-azrou-desde-fez\/","og_locale":"en_US","og_type":"article","og_title":"https:\/\/web.facebook.com\/Discovery.sahara\/","og_description":"Discovery Sahara Tours es una agencia local en Marruecos muy especializada en organizar rutas por el desierto, con veh\u00edculos 4\u00d74 que facilitan el acceso a las pistas, a los lugares menos tur\u00edsticos y m\u00e1s aut\u00e9nticos, para disfrutar de la comodidad y el confort de sus ventajas. Con excursiones en dromedarios hasta llegar a los campamentos situados en medio de las dunas y poder disfrutar de una noche bajo las estrellas. Visitar familias bereberes, compartir su estilo de vida y costumbres. Con excursiones a pie hasta llegar al oasis frecuentado por n\u00f3madas.","og_url":"https:\/\/discoverysaharatours.com\/es\/excursion-de-un-dia-a-ifrane-y-azrou-desde-fez\/","og_site_name":"Discovery Sahara Tours","article_modified_time":"2026-04-10T09:41:20+00:00","og_image":[{"width":512,"height":512,"url":"https:\/\/discoverysaharatours.com\/es\/wp-content\/uploads\/2022\/10\/cropped-logo-Discovery-Sahara-Tours.png","type":"image\/png"}],"twitter_card":"summary_large_image","twitter_misc":{"Est. reading time":"1 minute"},"schema":{"@context":"https:\/\/schema.org","@graph":[{"@type":"WebPage","@id":"https:\/\/discoverysaharatours.com\/es\/excursion-de-un-dia-a-ifrane-y-azrou-desde-fez\/","url":"https:\/\/discoverysaharatours.com\/es\/excursion-de-un-dia-a-ifrane-y-azrou-desde-fez\/","name":"excursion-de-un-dia-a-ifrane-y-azrou-desde-fez","isPartOf":{"@id":"https:\/\/discoverysaharatours.com\/es\/#website"},"datePublished":"2018-11-02T17:07:31+00:00","dateModified":"2026-04-10T09:41:20+00:00","description":"\u201cMarruecos vacaciones\u201d, Marruecos consejos de viaje, Marruecos tours privados, vacaciones a Marruecos, Marruecos viaje, mejor \u00e9poca para visitar Marruecos, vacaciones Marruecos, tours en Marruecos, Marruecos desierto tours, Marruecos turismo, visita Marruecos, Marruecos vacaciones, viajes Marruecos, Marruecos tours, viajes a marruecos, viajes a marruecos, tours a marruecos desde, gu\u00eda tur\u00edstico de marruecos \u201d","breadcrumb":{"@id":"https:\/\/discoverysaharatours.com\/es\/excursion-de-un-dia-a-ifrane-y-azrou-desde-fez\/#breadcrumb"},"inLanguage":"en-US","potentialAction":[{"@type":"ReadAction","target":["https:\/\/discoverysaharatours.com\/es\/excursion-de-un-dia-a-ifrane-y-azrou-desde-fez\/"]}]},{"@type":"BreadcrumbList","@id":"https:\/\/discoverysaharatours.com\/es\/excursion-de-un-dia-a-ifrane-y-azrou-desde-fez\/#breadcrumb","itemListElement":[{"@type":"ListItem","position":1,"name":"Home","item":"https:\/\/discoverysaharatours.com\/es\/"},{"@type":"ListItem","position":2,"name":"Excursi\u00f3n de un d\u00eda a Ifrane y Azrou desde Fez"}]},{"@type":"WebSite","@id":"https:\/\/discoverysaharatours.com\/es\/#website","url":"https:\/\/discoverysaharatours.com\/es\/","name":"Discovery Sahara Tours","description":"Morocco Desert Tours \/ Tours &amp; Excursions in Morocco","publisher":{"@id":"https:\/\/discoverysaharatours.com\/es\/#organization"},"potentialAction":[{"@type":"SearchAction","target":{"@type":"EntryPoint","urlTemplate":"https:\/\/discoverysaharatours.com\/es\/?s={search_term_string}"},"query-input":"required name=search_term_string"}],"inLanguage":"en-US"},{"@type":"Organization","@id":"https:\/\/discoverysaharatours.com\/es\/#organization","name":"Discovery Sahara Tours","url":"https:\/\/discoverysaharatours.com\/es\/","logo":{"@type":"ImageObject","inLanguage":"en-US","@id":"https:\/\/discoverysaharatours.com\/es\/#\/schema\/logo\/image\/","url":"https:\/\/discoverysaharatours.com\/es\/wp-content\/uploads\/2022\/10\/logo-Discovery-Sahara-Tours.png","contentUrl":"https:\/\/discoverysaharatours.com\/es\/wp-content\/uploads\/2022\/10\/logo-Discovery-Sahara-Tours.png","width":557,"height":486,"caption":"Discovery Sahara Tours"},"image":{"@id":"https:\/\/discoverysaharatours.com\/es\/#\/schema\/logo\/image\/"}}]}},"_links":{"self":[{"href":"https:\/\/discoverysaharatours.com\/es\/wp-json\/wp\/v2\/pages\/10876","targetHints":{"allow":["GET"]}}],"collection":[{"href":"https:\/\/discoverysaharatours.com\/es\/wp-json\/wp\/v2\/pages"}],"about":[{"href":"https:\/\/discoverysaharatours.com\/es\/wp-json\/wp\/v2\/types\/page"}],"author":[{"embeddable":true,"href":"https:\/\/discoverysaharatours.com\/es\/wp-json\/wp\/v2\/users\/1"}],"replies":[{"embeddable":true,"href":"https:\/\/discoverysaharatours.com\/es\/wp-json\/wp\/v2\/comments?post=10876"}],"version-history":[{"count":4,"href":"https:\/\/discoverysaharatours.com\/es\/wp-json\/wp\/v2\/pages\/10876\/revisions"}],"predecessor-version":[{"id":19764,"href":"https:\/\/discoverysaharatours.com\/es\/wp-json\/wp\/v2\/pages\/10876\/revisions\/19764"}],"wp:attachment":[{"href":"https:\/\/discoverysaharatours.com\/es\/wp-json\/wp\/v2\/media?parent=10876"}],"curies":[{"name":"wp","href":"https:\/\/api.w.org\/{rel}","templated":true}]}}