{"id":10878,"date":"2018-11-02T17:07:56","date_gmt":"2018-11-02T17:07:56","guid":{"rendered":"https:\/\/www.discoverysaharatours.com\/?page_id=10878"},"modified":"2026-04-10T09:43:05","modified_gmt":"2026-04-10T09:43:05","slug":"excursion-de-un-dia-a-volubilis-y-meknes-desde-fez","status":"publish","type":"page","link":"https:\/\/discoverysaharatours.com\/es\/excursion-de-un-dia-a-volubilis-y-meknes-desde-fez\/","title":{"rendered":"Excursi\u00f3n de un d\u00eda a Volubilis y Meknes desde Fez"},"content":{"rendered":"<h2 data-section-id=\"d1hlq7\" data-start=\"134\" data-end=\"181\">\ud83c\udfdb\ufe0f Excursi\u00f3n de un d\u00eda a Volubilis y Meknes<\/h2>\n<p data-start=\"183\" data-end=\"272\">Despu\u00e9s nos encontraremos en el lugar acordado para comenzar nuestra excursi\u00f3n de un d\u00eda.<\/p>\n<p data-start=\"274\" data-end=\"453\">Iniciaremos el recorrido hacia <strong data-start=\"305\" data-end=\"318\">Volubilis<\/strong>, las impresionantes ruinas romanas y bereberes. Durante el camino realizaremos una breve parada antes de llegar al sitio arqueol\u00f3gico.<\/p>\n<p data-start=\"455\" data-end=\"651\">A la llegada, exploraremos esta antigua ciudad, donde podr\u00e1s descubrir sus mosaicos perfectamente conservados, palacios, ba\u00f1os romanos y arcos monumentales que reflejan la grandeza de su historia.<\/p>\n<p data-start=\"653\" data-end=\"774\">Posteriormente, continuaremos hacia la ciudad imperial de <strong data-start=\"711\" data-end=\"721\">Meknes<\/strong>, declarada Patrimonio de la Humanidad por la UNESCO.<\/p>\n<p data-start=\"776\" data-end=\"1119\">All\u00ed visitaremos la majestuosa <strong data-start=\"807\" data-end=\"822\">Bab Mansour<\/strong>, considerada una de las puertas m\u00e1s bellas del Magreb. Despu\u00e9s, exploraremos <strong data-start=\"900\" data-end=\"921\">El Heri es-Souani<\/strong>, antiguos graneros y establos construidos por los soldados del sult\u00e1n Moulay Ismail, junto a un gran estanque alimentado por canales subterr\u00e1neos que tra\u00edan agua desde las monta\u00f1as del Medio Atlas.<\/p>\n<p data-start=\"1121\" data-end=\"1263\">Tambi\u00e9n visitaremos el <strong data-start=\"1144\" data-end=\"1173\">Mausoleo de Moulay Ismail<\/strong> y la plaza <strong data-start=\"1185\" data-end=\"1197\">El Hedim<\/strong>, conocida por su ambiente tradicional y su importancia hist\u00f3rica.<\/p>\n<p data-start=\"1265\" data-end=\"1441\">Al final de la tarde regresaremos a Marrakech, llegando a su hotel o riad alrededor de las 17:45\u201318:00, con la belleza y el esp\u00edritu de esta experiencia grabados en la memoria.<\/p>\n<hr data-start=\"1443\" data-end=\"1446\">\n<h2 data-section-id=\"1etd8iz\" data-start=\"1448\" data-end=\"1471\">\u2705 <span style=\"color: #ff6600;\">Qu\u00e9 est\u00e1 incluido:<\/span><\/h2>\n<ul data-start=\"1472\" data-end=\"1620\">\n<li data-section-id=\"1iimns8\" data-start=\"1472\" data-end=\"1502\">Recogida en su alojamiento<\/li>\n<li data-section-id=\"18ed1iq\" data-start=\"1503\" data-end=\"1573\">Transporte privado (4\u00d74, minib\u00fas o autob\u00fas con aire acondicionado)<\/li>\n<li data-section-id=\"khxukc\" data-start=\"1574\" data-end=\"1604\">Conductor\/gu\u00eda multiling\u00fce<\/li>\n<li data-section-id=\"1xlc6vv\" data-start=\"1605\" data-end=\"1620\">Combustible<\/li>\n<\/ul>\n<h2 data-section-id=\"rp5klf\" data-start=\"1622\" data-end=\"1648\">\u274c <span style=\"color: #ff6600;\">Qu\u00e9 no est\u00e1 incluido:<\/span><\/h2>\n<ul data-start=\"1649\" data-end=\"1722\">\n<li data-section-id=\"k8ve4k\" data-start=\"1649\" data-end=\"1674\">Entradas a monumentos<\/li>\n<li data-section-id=\"15hlj9u\" data-start=\"1675\" data-end=\"1686\">Bebidas<\/li>\n<li data-section-id=\"qkngks\" data-start=\"1687\" data-end=\"1700\">Almuerzos<\/li>\n<li data-section-id=\"zgtesb\" data-start=\"1701\" data-end=\"1722\">Gastos personales<\/li>\n<\/ul>\n","protected":false},"excerpt":{"rendered":"<p>\ud83c\udfdb\ufe0f Excursi\u00f3n de un d\u00eda a Volubilis y Meknes Despu\u00e9s nos encontraremos en el lugar acordado para comenzar nuestra excursi\u00f3n de un d\u00eda. Iniciaremos el recorrido hacia Volubilis, las impresionantes ruinas romanas y bereberes. Durante el camino realizaremos una breve parada antes de llegar al sitio arqueol\u00f3gico. A la llegada, exploraremos esta antigua ciudad, donde&#8230;<\/p>\n","protected":false},"author":1,"featured_media":0,"parent":0,"menu_order":0,"comment_status":"closed","ping_status":"closed","template":"","meta":{"ngg_post_thumbnail":0,"_kad_post_transparent":"default","_kad_post_title":"default","_kad_post_layout":"default","_kad_post_sidebar_id":"","_kad_post_content_style":"default","_kad_post_vertical_padding":"default","_kad_post_feature":"","_kad_post_feature_position":"","_kad_post_header":false,"_kad_post_footer":false,"footnotes":""},"class_list":["post-10878","page","type-page","status-publish","hentry"],"yoast_head":"<!-- This site is optimized with the Yoast SEO plugin v21.5 - https:\/\/yoast.com\/wordpress\/plugins\/seo\/ -->\n<title>excursion-de-un-dia-a-volubilis-y-meknes-desde-fez<\/title>\n<meta name=\"description\" content=\"&quot;Marruecos vacaciones, Marruecos consejos de viaje, Marruecos viajes privados, vacaciones a Marruecos, Marruecos viaje, mejor \u00e9poca para visitar Marruecos, vacaciones Marruecos, viajes en Marruecos, Marruecos tours del desierto, Marruecos turismo,&quot;\" \/>\n<meta name=\"robots\" content=\"index, follow, max-snippet:-1, max-image-preview:large, max-video-preview:-1\" \/>\n<link rel=\"canonical\" href=\"https:\/\/discoverysaharatours.com\/es\/excursion-de-un-dia-a-volubilis-y-meknes-desde-fez\/\" \/>\n<meta property=\"og:locale\" content=\"en_US\" \/>\n<meta property=\"og:type\" content=\"article\" \/>\n<meta property=\"og:title\" content=\"https:\/\/web.facebook.com\/Discovery.sahara\/\" \/>\n<meta property=\"og:description\" content=\"Discovery Sahara Tours es una agencia local en Marruecos muy especializada en organizar rutas por el desierto, con veh\u00edculos 4\u00d74 que facilitan el acceso a las pistas, a los lugares menos tur\u00edsticos y m\u00e1s aut\u00e9nticos, para disfrutar de la comodidad y el confort de sus ventajas. Con excursiones en dromedarios hasta llegar a los campamentos situados en medio de las dunas y poder disfrutar de una noche bajo las estrellas. Visitar familias bereberes, compartir su estilo de vida y costumbres. Con excursiones a pie hasta llegar al oasis frecuentado por n\u00f3madas.\" \/>\n<meta property=\"og:url\" content=\"https:\/\/discoverysaharatours.com\/es\/excursion-de-un-dia-a-volubilis-y-meknes-desde-fez\/\" \/>\n<meta property=\"og:site_name\" content=\"Discovery Sahara Tours\" \/>\n<meta property=\"article:modified_time\" content=\"2026-04-10T09:43:05+00:00\" \/>\n<meta property=\"og:image\" content=\"https:\/\/discoverysaharatours.com\/es\/wp-content\/uploads\/2022\/10\/cropped-logo-Discovery-Sahara-Tours.png\" \/>\n\t<meta property=\"og:image:width\" content=\"512\" \/>\n\t<meta property=\"og:image:height\" content=\"512\" \/>\n\t<meta property=\"og:image:type\" content=\"image\/png\" \/>\n<meta name=\"twitter:card\" content=\"summary_large_image\" \/>\n<meta name=\"twitter:label1\" content=\"Est. reading time\" \/>\n\t<meta name=\"twitter:data1\" content=\"1 minute\" \/>\n<script type=\"application\/ld+json\" class=\"yoast-schema-graph\">{\"@context\":\"https:\/\/schema.org\",\"@graph\":[{\"@type\":\"WebPage\",\"@id\":\"https:\/\/discoverysaharatours.com\/es\/excursion-de-un-dia-a-volubilis-y-meknes-desde-fez\/\",\"url\":\"https:\/\/discoverysaharatours.com\/es\/excursion-de-un-dia-a-volubilis-y-meknes-desde-fez\/\",\"name\":\"excursion-de-un-dia-a-volubilis-y-meknes-desde-fez\",\"isPartOf\":{\"@id\":\"https:\/\/discoverysaharatours.com\/es\/#website\"},\"datePublished\":\"2018-11-02T17:07:56+00:00\",\"dateModified\":\"2026-04-10T09:43:05+00:00\",\"description\":\"\\\"Marruecos vacaciones, Marruecos consejos de viaje, Marruecos viajes privados, vacaciones a Marruecos, Marruecos viaje, mejor \u00e9poca para visitar Marruecos, vacaciones Marruecos, viajes en Marruecos, Marruecos tours del desierto, Marruecos turismo,\\\"\",\"breadcrumb\":{\"@id\":\"https:\/\/discoverysaharatours.com\/es\/excursion-de-un-dia-a-volubilis-y-meknes-desde-fez\/#breadcrumb\"},\"inLanguage\":\"en-US\",\"potentialAction\":[{\"@type\":\"ReadAction\",\"target\":[\"https:\/\/discoverysaharatours.com\/es\/excursion-de-un-dia-a-volubilis-y-meknes-desde-fez\/\"]}]},{\"@type\":\"BreadcrumbList\",\"@id\":\"https:\/\/discoverysaharatours.com\/es\/excursion-de-un-dia-a-volubilis-y-meknes-desde-fez\/#breadcrumb\",\"itemListElement\":[{\"@type\":\"ListItem\",\"position\":1,\"name\":\"Home\",\"item\":\"https:\/\/discoverysaharatours.com\/es\/\"},{\"@type\":\"ListItem\",\"position\":2,\"name\":\"Excursi\u00f3n de un d\u00eda a Volubilis y Meknes desde Fez\"}]},{\"@type\":\"WebSite\",\"@id\":\"https:\/\/discoverysaharatours.com\/es\/#website\",\"url\":\"https:\/\/discoverysaharatours.com\/es\/\",\"name\":\"Discovery Sahara Tours\",\"description\":\"Morocco Desert Tours \/ Tours &amp; Excursions in Morocco\",\"publisher\":{\"@id\":\"https:\/\/discoverysaharatours.com\/es\/#organization\"},\"potentialAction\":[{\"@type\":\"SearchAction\",\"target\":{\"@type\":\"EntryPoint\",\"urlTemplate\":\"https:\/\/discoverysaharatours.com\/es\/?s={search_term_string}\"},\"query-input\":\"required name=search_term_string\"}],\"inLanguage\":\"en-US\"},{\"@type\":\"Organization\",\"@id\":\"https:\/\/discoverysaharatours.com\/es\/#organization\",\"name\":\"Discovery Sahara Tours\",\"url\":\"https:\/\/discoverysaharatours.com\/es\/\",\"logo\":{\"@type\":\"ImageObject\",\"inLanguage\":\"en-US\",\"@id\":\"https:\/\/discoverysaharatours.com\/es\/#\/schema\/logo\/image\/\",\"url\":\"https:\/\/discoverysaharatours.com\/es\/wp-content\/uploads\/2022\/10\/logo-Discovery-Sahara-Tours.png\",\"contentUrl\":\"https:\/\/discoverysaharatours.com\/es\/wp-content\/uploads\/2022\/10\/logo-Discovery-Sahara-Tours.png\",\"width\":557,\"height\":486,\"caption\":\"Discovery Sahara Tours\"},\"image\":{\"@id\":\"https:\/\/discoverysaharatours.com\/es\/#\/schema\/logo\/image\/\"}}]}<\/script>\n<!-- \/ Yoast SEO plugin. -->","yoast_head_json":{"title":"excursion-de-un-dia-a-volubilis-y-meknes-desde-fez","description":"\"Marruecos vacaciones, Marruecos consejos de viaje, Marruecos viajes privados, vacaciones a Marruecos, Marruecos viaje, mejor \u00e9poca para visitar Marruecos, vacaciones Marruecos, viajes en Marruecos, Marruecos tours del desierto, Marruecos turismo,\"","robots":{"index":"index","follow":"follow","max-snippet":"max-snippet:-1","max-image-preview":"max-image-preview:large","max-video-preview":"max-video-preview:-1"},"canonical":"https:\/\/discoverysaharatours.com\/es\/excursion-de-un-dia-a-volubilis-y-meknes-desde-fez\/","og_locale":"en_US","og_type":"article","og_title":"https:\/\/web.facebook.com\/Discovery.sahara\/","og_description":"Discovery Sahara Tours es una agencia local en Marruecos muy especializada en organizar rutas por el desierto, con veh\u00edculos 4\u00d74 que facilitan el acceso a las pistas, a los lugares menos tur\u00edsticos y m\u00e1s aut\u00e9nticos, para disfrutar de la comodidad y el confort de sus ventajas. Con excursiones en dromedarios hasta llegar a los campamentos situados en medio de las dunas y poder disfrutar de una noche bajo las estrellas. Visitar familias bereberes, compartir su estilo de vida y costumbres. Con excursiones a pie hasta llegar al oasis frecuentado por n\u00f3madas.","og_url":"https:\/\/discoverysaharatours.com\/es\/excursion-de-un-dia-a-volubilis-y-meknes-desde-fez\/","og_site_name":"Discovery Sahara Tours","article_modified_time":"2026-04-10T09:43:05+00:00","og_image":[{"width":512,"height":512,"url":"https:\/\/discoverysaharatours.com\/es\/wp-content\/uploads\/2022\/10\/cropped-logo-Discovery-Sahara-Tours.png","type":"image\/png"}],"twitter_card":"summary_large_image","twitter_misc":{"Est. reading time":"1 minute"},"schema":{"@context":"https:\/\/schema.org","@graph":[{"@type":"WebPage","@id":"https:\/\/discoverysaharatours.com\/es\/excursion-de-un-dia-a-volubilis-y-meknes-desde-fez\/","url":"https:\/\/discoverysaharatours.com\/es\/excursion-de-un-dia-a-volubilis-y-meknes-desde-fez\/","name":"excursion-de-un-dia-a-volubilis-y-meknes-desde-fez","isPartOf":{"@id":"https:\/\/discoverysaharatours.com\/es\/#website"},"datePublished":"2018-11-02T17:07:56+00:00","dateModified":"2026-04-10T09:43:05+00:00","description":"\"Marruecos vacaciones, Marruecos consejos de viaje, Marruecos viajes privados, vacaciones a Marruecos, Marruecos viaje, mejor \u00e9poca para visitar Marruecos, vacaciones Marruecos, viajes en Marruecos, Marruecos tours del desierto, Marruecos turismo,\"","breadcrumb":{"@id":"https:\/\/discoverysaharatours.com\/es\/excursion-de-un-dia-a-volubilis-y-meknes-desde-fez\/#breadcrumb"},"inLanguage":"en-US","potentialAction":[{"@type":"ReadAction","target":["https:\/\/discoverysaharatours.com\/es\/excursion-de-un-dia-a-volubilis-y-meknes-desde-fez\/"]}]},{"@type":"BreadcrumbList","@id":"https:\/\/discoverysaharatours.com\/es\/excursion-de-un-dia-a-volubilis-y-meknes-desde-fez\/#breadcrumb","itemListElement":[{"@type":"ListItem","position":1,"name":"Home","item":"https:\/\/discoverysaharatours.com\/es\/"},{"@type":"ListItem","position":2,"name":"Excursi\u00f3n de un d\u00eda a Volubilis y Meknes desde Fez"}]},{"@type":"WebSite","@id":"https:\/\/discoverysaharatours.com\/es\/#website","url":"https:\/\/discoverysaharatours.com\/es\/","name":"Discovery Sahara Tours","description":"Morocco Desert Tours \/ Tours &amp; Excursions in Morocco","publisher":{"@id":"https:\/\/discoverysaharatours.com\/es\/#organization"},"potentialAction":[{"@type":"SearchAction","target":{"@type":"EntryPoint","urlTemplate":"https:\/\/discoverysaharatours.com\/es\/?s={search_term_string}"},"query-input":"required name=search_term_string"}],"inLanguage":"en-US"},{"@type":"Organization","@id":"https:\/\/discoverysaharatours.com\/es\/#organization","name":"Discovery Sahara Tours","url":"https:\/\/discoverysaharatours.com\/es\/","logo":{"@type":"ImageObject","inLanguage":"en-US","@id":"https:\/\/discoverysaharatours.com\/es\/#\/schema\/logo\/image\/","url":"https:\/\/discoverysaharatours.com\/es\/wp-content\/uploads\/2022\/10\/logo-Discovery-Sahara-Tours.png","contentUrl":"https:\/\/discoverysaharatours.com\/es\/wp-content\/uploads\/2022\/10\/logo-Discovery-Sahara-Tours.png","width":557,"height":486,"caption":"Discovery Sahara Tours"},"image":{"@id":"https:\/\/discoverysaharatours.com\/es\/#\/schema\/logo\/image\/"}}]}},"_links":{"self":[{"href":"https:\/\/discoverysaharatours.com\/es\/wp-json\/wp\/v2\/pages\/10878","targetHints":{"allow":["GET"]}}],"collection":[{"href":"https:\/\/discoverysaharatours.com\/es\/wp-json\/wp\/v2\/pages"}],"about":[{"href":"https:\/\/discoverysaharatours.com\/es\/wp-json\/wp\/v2\/types\/page"}],"author":[{"embeddable":true,"href":"https:\/\/discoverysaharatours.com\/es\/wp-json\/wp\/v2\/users\/1"}],"replies":[{"embeddable":true,"href":"https:\/\/discoverysaharatours.com\/es\/wp-json\/wp\/v2\/comments?post=10878"}],"version-history":[{"count":4,"href":"https:\/\/discoverysaharatours.com\/es\/wp-json\/wp\/v2\/pages\/10878\/revisions"}],"predecessor-version":[{"id":19766,"href":"https:\/\/discoverysaharatours.com\/es\/wp-json\/wp\/v2\/pages\/10878\/revisions\/19766"}],"wp:attachment":[{"href":"https:\/\/discoverysaharatours.com\/es\/wp-json\/wp\/v2\/media?parent=10878"}],"curies":[{"name":"wp","href":"https:\/\/api.w.org\/{rel}","templated":true}]}}