{"id":10880,"date":"2018-11-02T17:08:45","date_gmt":"2018-11-02T17:08:45","guid":{"rendered":"https:\/\/www.discoverysaharatours.com\/?page_id=10880"},"modified":"2026-04-08T19:58:08","modified_gmt":"2026-04-08T19:58:08","slug":"excursion-de-un-dia-desde-fez-a-las-montanas-rif-chefchaouen","status":"publish","type":"page","link":"https:\/\/discoverysaharatours.com\/es\/excursion-de-un-dia-desde-fez-a-las-montanas-rif-chefchaouen\/","title":{"rendered":"Excursi\u00f3n de un d\u00eda desde Fez a las monta\u00f1as Rif &#8211; Chefchaouen"},"content":{"rendered":"<p data-start=\"88\" data-end=\"135\"><strong data-start=\"88\" data-end=\"135\">Excursi\u00f3n de un d\u00eda a Chefchaouen desde Fez<\/strong><\/p>\n<p data-start=\"137\" data-end=\"505\">Despu\u00e9s nos encontraremos en el lugar previamente acordado para comenzar su excursi\u00f3n de un d\u00eda hacia <span class=\"hover:entity-accent entity-underline inline cursor-pointer align-baseline\"><span class=\"whitespace-normal\">Chefchaouen<\/span><\/span>, tambi\u00e9n conocida como Chaouen. El nombre de esta encantadora ciudad proviene de la palabra bereber <em data-start=\"377\" data-end=\"388\">\u201cIchawen\u201d<\/em>, que significa \u201ccuernos\u201d, debido a la forma de las monta\u00f1as que la rodean, que recuerdan a los cuernos de una cabra.<\/p>\n<p data-start=\"507\" data-end=\"800\"><span class=\"hover:entity-accent entity-underline inline cursor-pointer align-baseline\"><span class=\"whitespace-normal\">Chefchaouen<\/span><\/span> es una de las atracciones tur\u00edsticas m\u00e1s populares de Marruecos. Est\u00e1 situada en las monta\u00f1as del Rif, al noroeste del pa\u00eds, cerca de la costa mediterr\u00e1nea. Es conocida como \u201cla ciudad azul\u201d gracias a sus casas y calles pintadas en tonos azules y blancos.<\/p>\n<p data-start=\"802\" data-end=\"1109\">Durante la visita, disfrutar\u00e1 de un paseo por la medina, donde podr\u00e1 explorar sus pintorescas calles, descubrir mercados locales y admirar la artesan\u00eda tradicional \u00fanica de la regi\u00f3n. Tambi\u00e9n es un destino ideal para los amantes de la fotograf\u00eda, gracias a sus impresionantes vistas de las monta\u00f1as del Rif.<\/p>\n<p data-start=\"1111\" data-end=\"1223\">Por la tarde, regresaremos a <span class=\"hover:entity-accent entity-underline inline cursor-pointer align-baseline\"><span class=\"whitespace-normal\">Fez<\/span><\/span>, con llegada prevista alrededor de las 19:00.<\/p>\n<hr data-start=\"1225\" data-end=\"1228\">\n<p data-start=\"1230\" data-end=\"1252\"><span style=\"color: #ff6600;\"><strong data-start=\"1230\" data-end=\"1252\">Qu\u00e9 est\u00e1 incluido:<\/strong><\/span><\/p>\n<ul data-start=\"1254\" data-end=\"1404\">\n<li data-section-id=\"1iimns8\" data-start=\"1254\" data-end=\"1284\">Recogida en su alojamiento<\/li>\n<li data-section-id=\"18ed1iq\" data-start=\"1285\" data-end=\"1355\">Transporte privado (4\u00d74, minib\u00fas o autob\u00fas con aire acondicionado)<\/li>\n<li data-section-id=\"gnh8ws\" data-start=\"1356\" data-end=\"1388\">Conductor \/ gu\u00eda multiling\u00fce<\/li>\n<li data-section-id=\"1xlc6vv\" data-start=\"1389\" data-end=\"1404\">Combustible<\/li>\n<\/ul>\n<hr data-start=\"1406\" data-end=\"1409\">\n<p data-start=\"1411\" data-end=\"1436\"><span style=\"color: #ff6600;\"><strong data-start=\"1411\" data-end=\"1436\">Qu\u00e9 no est\u00e1 incluido:<\/strong><\/span><\/p>\n<ul data-start=\"1438\" data-end=\"1511\">\n<li data-section-id=\"k8ve4k\" data-start=\"1438\" data-end=\"1463\">Entradas a monumentos<\/li>\n<li data-section-id=\"15hlj9u\" data-start=\"1464\" data-end=\"1475\">Bebidas<\/li>\n<li data-section-id=\"qkngks\" data-start=\"1476\" data-end=\"1489\">Almuerzos<\/li>\n<li data-section-id=\"zgtesb\" data-start=\"1490\" data-end=\"1511\">Gastos personales<\/li>\n<\/ul>\n","protected":false},"excerpt":{"rendered":"<p>Excursi\u00f3n de un d\u00eda a Chefchaouen desde Fez Despu\u00e9s nos encontraremos en el lugar previamente acordado para comenzar su excursi\u00f3n de un d\u00eda hacia Chefchaouen, tambi\u00e9n conocida como Chaouen. El nombre de esta encantadora ciudad proviene de la palabra bereber \u201cIchawen\u201d, que significa \u201ccuernos\u201d, debido a la forma de las monta\u00f1as que la rodean, que&#8230;<\/p>\n","protected":false},"author":1,"featured_media":0,"parent":0,"menu_order":0,"comment_status":"closed","ping_status":"closed","template":"","meta":{"ngg_post_thumbnail":0,"_kad_post_transparent":"default","_kad_post_title":"default","_kad_post_layout":"default","_kad_post_sidebar_id":"","_kad_post_content_style":"default","_kad_post_vertical_padding":"default","_kad_post_feature":"","_kad_post_feature_position":"","_kad_post_header":false,"_kad_post_footer":false,"footnotes":""},"class_list":["post-10880","page","type-page","status-publish","hentry"],"yoast_head":"<!-- This site is optimized with the Yoast SEO plugin v21.5 - https:\/\/yoast.com\/wordpress\/plugins\/seo\/ -->\n<title>excursion-de-un-dia-desde-fez-a-las-montanas-rif-chefchaouen<\/title>\n<meta name=\"description\" content=\"&quot;Marruecos vacaciones, Marruecos consejos de viaje, Marruecos viajes privados, vacaciones a Marruecos, Marruecos viaje, mejor \u00e9poca para visitar Marruecos, vacaciones Marruecos, viajes en Marruecos, Marruecos tours del desierto, Marruecos turismo,&quot;\" \/>\n<meta name=\"robots\" content=\"index, follow, max-snippet:-1, max-image-preview:large, max-video-preview:-1\" \/>\n<link rel=\"canonical\" href=\"https:\/\/discoverysaharatours.com\/es\/excursion-de-un-dia-desde-fez-a-las-montanas-rif-chefchaouen\/\" \/>\n<meta property=\"og:locale\" content=\"en_US\" \/>\n<meta property=\"og:type\" content=\"article\" \/>\n<meta property=\"og:title\" content=\"https:\/\/web.facebook.com\/Discovery.sahara\/\" \/>\n<meta property=\"og:description\" content=\"Discovery Sahara Tours es una agencia local en Marruecos muy especializada en organizar rutas por el desierto, con veh\u00edculos 4\u00d74 que facilitan el acceso a las pistas, a los lugares menos tur\u00edsticos y m\u00e1s aut\u00e9nticos, para disfrutar de la comodidad y el confort de sus ventajas. Con excursiones en dromedarios hasta llegar a los campamentos situados en medio de las dunas y poder disfrutar de una noche bajo las estrellas. Visitar familias bereberes, compartir su estilo de vida y costumbres. Con excursiones a pie hasta llegar al oasis frecuentado por n\u00f3madas.\" \/>\n<meta property=\"og:url\" content=\"https:\/\/discoverysaharatours.com\/es\/excursion-de-un-dia-desde-fez-a-las-montanas-rif-chefchaouen\/\" \/>\n<meta property=\"og:site_name\" content=\"Discovery Sahara Tours\" \/>\n<meta property=\"article:modified_time\" content=\"2026-04-08T19:58:08+00:00\" \/>\n<meta property=\"og:image\" content=\"https:\/\/discoverysaharatours.com\/es\/wp-content\/uploads\/2022\/10\/cropped-logo-Discovery-Sahara-Tours.png\" \/>\n\t<meta property=\"og:image:width\" content=\"512\" \/>\n\t<meta property=\"og:image:height\" content=\"512\" \/>\n\t<meta property=\"og:image:type\" content=\"image\/png\" \/>\n<meta name=\"twitter:card\" content=\"summary_large_image\" \/>\n<meta name=\"twitter:label1\" content=\"Est. reading time\" \/>\n\t<meta name=\"twitter:data1\" content=\"1 minute\" \/>\n<script type=\"application\/ld+json\" class=\"yoast-schema-graph\">{\"@context\":\"https:\/\/schema.org\",\"@graph\":[{\"@type\":\"WebPage\",\"@id\":\"https:\/\/discoverysaharatours.com\/es\/excursion-de-un-dia-desde-fez-a-las-montanas-rif-chefchaouen\/\",\"url\":\"https:\/\/discoverysaharatours.com\/es\/excursion-de-un-dia-desde-fez-a-las-montanas-rif-chefchaouen\/\",\"name\":\"excursion-de-un-dia-desde-fez-a-las-montanas-rif-chefchaouen\",\"isPartOf\":{\"@id\":\"https:\/\/discoverysaharatours.com\/es\/#website\"},\"datePublished\":\"2018-11-02T17:08:45+00:00\",\"dateModified\":\"2026-04-08T19:58:08+00:00\",\"description\":\"\\\"Marruecos vacaciones, Marruecos consejos de viaje, Marruecos viajes privados, vacaciones a Marruecos, Marruecos viaje, mejor \u00e9poca para visitar Marruecos, vacaciones Marruecos, viajes en Marruecos, Marruecos tours del desierto, Marruecos turismo,\\\"\",\"breadcrumb\":{\"@id\":\"https:\/\/discoverysaharatours.com\/es\/excursion-de-un-dia-desde-fez-a-las-montanas-rif-chefchaouen\/#breadcrumb\"},\"inLanguage\":\"en-US\",\"potentialAction\":[{\"@type\":\"ReadAction\",\"target\":[\"https:\/\/discoverysaharatours.com\/es\/excursion-de-un-dia-desde-fez-a-las-montanas-rif-chefchaouen\/\"]}]},{\"@type\":\"BreadcrumbList\",\"@id\":\"https:\/\/discoverysaharatours.com\/es\/excursion-de-un-dia-desde-fez-a-las-montanas-rif-chefchaouen\/#breadcrumb\",\"itemListElement\":[{\"@type\":\"ListItem\",\"position\":1,\"name\":\"Home\",\"item\":\"https:\/\/discoverysaharatours.com\/es\/\"},{\"@type\":\"ListItem\",\"position\":2,\"name\":\"Excursi\u00f3n de un d\u00eda desde Fez a las monta\u00f1as Rif &#8211; Chefchaouen\"}]},{\"@type\":\"WebSite\",\"@id\":\"https:\/\/discoverysaharatours.com\/es\/#website\",\"url\":\"https:\/\/discoverysaharatours.com\/es\/\",\"name\":\"Discovery Sahara Tours\",\"description\":\"Morocco Desert Tours \/ Tours &amp; Excursions in Morocco\",\"publisher\":{\"@id\":\"https:\/\/discoverysaharatours.com\/es\/#organization\"},\"potentialAction\":[{\"@type\":\"SearchAction\",\"target\":{\"@type\":\"EntryPoint\",\"urlTemplate\":\"https:\/\/discoverysaharatours.com\/es\/?s={search_term_string}\"},\"query-input\":\"required name=search_term_string\"}],\"inLanguage\":\"en-US\"},{\"@type\":\"Organization\",\"@id\":\"https:\/\/discoverysaharatours.com\/es\/#organization\",\"name\":\"Discovery Sahara Tours\",\"url\":\"https:\/\/discoverysaharatours.com\/es\/\",\"logo\":{\"@type\":\"ImageObject\",\"inLanguage\":\"en-US\",\"@id\":\"https:\/\/discoverysaharatours.com\/es\/#\/schema\/logo\/image\/\",\"url\":\"https:\/\/discoverysaharatours.com\/es\/wp-content\/uploads\/2022\/10\/logo-Discovery-Sahara-Tours.png\",\"contentUrl\":\"https:\/\/discoverysaharatours.com\/es\/wp-content\/uploads\/2022\/10\/logo-Discovery-Sahara-Tours.png\",\"width\":557,\"height\":486,\"caption\":\"Discovery Sahara Tours\"},\"image\":{\"@id\":\"https:\/\/discoverysaharatours.com\/es\/#\/schema\/logo\/image\/\"}}]}<\/script>\n<!-- \/ Yoast SEO plugin. -->","yoast_head_json":{"title":"excursion-de-un-dia-desde-fez-a-las-montanas-rif-chefchaouen","description":"\"Marruecos vacaciones, Marruecos consejos de viaje, Marruecos viajes privados, vacaciones a Marruecos, Marruecos viaje, mejor \u00e9poca para visitar Marruecos, vacaciones Marruecos, viajes en Marruecos, Marruecos tours del desierto, Marruecos turismo,\"","robots":{"index":"index","follow":"follow","max-snippet":"max-snippet:-1","max-image-preview":"max-image-preview:large","max-video-preview":"max-video-preview:-1"},"canonical":"https:\/\/discoverysaharatours.com\/es\/excursion-de-un-dia-desde-fez-a-las-montanas-rif-chefchaouen\/","og_locale":"en_US","og_type":"article","og_title":"https:\/\/web.facebook.com\/Discovery.sahara\/","og_description":"Discovery Sahara Tours es una agencia local en Marruecos muy especializada en organizar rutas por el desierto, con veh\u00edculos 4\u00d74 que facilitan el acceso a las pistas, a los lugares menos tur\u00edsticos y m\u00e1s aut\u00e9nticos, para disfrutar de la comodidad y el confort de sus ventajas. Con excursiones en dromedarios hasta llegar a los campamentos situados en medio de las dunas y poder disfrutar de una noche bajo las estrellas. Visitar familias bereberes, compartir su estilo de vida y costumbres. Con excursiones a pie hasta llegar al oasis frecuentado por n\u00f3madas.","og_url":"https:\/\/discoverysaharatours.com\/es\/excursion-de-un-dia-desde-fez-a-las-montanas-rif-chefchaouen\/","og_site_name":"Discovery Sahara Tours","article_modified_time":"2026-04-08T19:58:08+00:00","og_image":[{"width":512,"height":512,"url":"https:\/\/discoverysaharatours.com\/es\/wp-content\/uploads\/2022\/10\/cropped-logo-Discovery-Sahara-Tours.png","type":"image\/png"}],"twitter_card":"summary_large_image","twitter_misc":{"Est. reading time":"1 minute"},"schema":{"@context":"https:\/\/schema.org","@graph":[{"@type":"WebPage","@id":"https:\/\/discoverysaharatours.com\/es\/excursion-de-un-dia-desde-fez-a-las-montanas-rif-chefchaouen\/","url":"https:\/\/discoverysaharatours.com\/es\/excursion-de-un-dia-desde-fez-a-las-montanas-rif-chefchaouen\/","name":"excursion-de-un-dia-desde-fez-a-las-montanas-rif-chefchaouen","isPartOf":{"@id":"https:\/\/discoverysaharatours.com\/es\/#website"},"datePublished":"2018-11-02T17:08:45+00:00","dateModified":"2026-04-08T19:58:08+00:00","description":"\"Marruecos vacaciones, Marruecos consejos de viaje, Marruecos viajes privados, vacaciones a Marruecos, Marruecos viaje, mejor \u00e9poca para visitar Marruecos, vacaciones Marruecos, viajes en Marruecos, Marruecos tours del desierto, Marruecos turismo,\"","breadcrumb":{"@id":"https:\/\/discoverysaharatours.com\/es\/excursion-de-un-dia-desde-fez-a-las-montanas-rif-chefchaouen\/#breadcrumb"},"inLanguage":"en-US","potentialAction":[{"@type":"ReadAction","target":["https:\/\/discoverysaharatours.com\/es\/excursion-de-un-dia-desde-fez-a-las-montanas-rif-chefchaouen\/"]}]},{"@type":"BreadcrumbList","@id":"https:\/\/discoverysaharatours.com\/es\/excursion-de-un-dia-desde-fez-a-las-montanas-rif-chefchaouen\/#breadcrumb","itemListElement":[{"@type":"ListItem","position":1,"name":"Home","item":"https:\/\/discoverysaharatours.com\/es\/"},{"@type":"ListItem","position":2,"name":"Excursi\u00f3n de un d\u00eda desde Fez a las monta\u00f1as Rif &#8211; Chefchaouen"}]},{"@type":"WebSite","@id":"https:\/\/discoverysaharatours.com\/es\/#website","url":"https:\/\/discoverysaharatours.com\/es\/","name":"Discovery Sahara Tours","description":"Morocco Desert Tours \/ Tours &amp; Excursions in Morocco","publisher":{"@id":"https:\/\/discoverysaharatours.com\/es\/#organization"},"potentialAction":[{"@type":"SearchAction","target":{"@type":"EntryPoint","urlTemplate":"https:\/\/discoverysaharatours.com\/es\/?s={search_term_string}"},"query-input":"required name=search_term_string"}],"inLanguage":"en-US"},{"@type":"Organization","@id":"https:\/\/discoverysaharatours.com\/es\/#organization","name":"Discovery Sahara Tours","url":"https:\/\/discoverysaharatours.com\/es\/","logo":{"@type":"ImageObject","inLanguage":"en-US","@id":"https:\/\/discoverysaharatours.com\/es\/#\/schema\/logo\/image\/","url":"https:\/\/discoverysaharatours.com\/es\/wp-content\/uploads\/2022\/10\/logo-Discovery-Sahara-Tours.png","contentUrl":"https:\/\/discoverysaharatours.com\/es\/wp-content\/uploads\/2022\/10\/logo-Discovery-Sahara-Tours.png","width":557,"height":486,"caption":"Discovery Sahara Tours"},"image":{"@id":"https:\/\/discoverysaharatours.com\/es\/#\/schema\/logo\/image\/"}}]}},"_links":{"self":[{"href":"https:\/\/discoverysaharatours.com\/es\/wp-json\/wp\/v2\/pages\/10880","targetHints":{"allow":["GET"]}}],"collection":[{"href":"https:\/\/discoverysaharatours.com\/es\/wp-json\/wp\/v2\/pages"}],"about":[{"href":"https:\/\/discoverysaharatours.com\/es\/wp-json\/wp\/v2\/types\/page"}],"author":[{"embeddable":true,"href":"https:\/\/discoverysaharatours.com\/es\/wp-json\/wp\/v2\/users\/1"}],"replies":[{"embeddable":true,"href":"https:\/\/discoverysaharatours.com\/es\/wp-json\/wp\/v2\/comments?post=10880"}],"version-history":[{"count":4,"href":"https:\/\/discoverysaharatours.com\/es\/wp-json\/wp\/v2\/pages\/10880\/revisions"}],"predecessor-version":[{"id":19736,"href":"https:\/\/discoverysaharatours.com\/es\/wp-json\/wp\/v2\/pages\/10880\/revisions\/19736"}],"wp:attachment":[{"href":"https:\/\/discoverysaharatours.com\/es\/wp-json\/wp\/v2\/media?parent=10880"}],"curies":[{"name":"wp","href":"https:\/\/api.w.org\/{rel}","templated":true}]}}