{"id":10884,"date":"2018-11-02T17:11:32","date_gmt":"2018-11-02T17:11:32","guid":{"rendered":"https:\/\/www.discoverysaharatours.com\/?page_id=10884"},"modified":"2026-04-07T22:24:08","modified_gmt":"2026-04-07T22:24:08","slug":"4-dias-desde-tanger-al-desierto-de-merzouga-via-fez","status":"publish","type":"page","link":"https:\/\/discoverysaharatours.com\/es\/4-dias-desde-tanger-al-desierto-de-merzouga-via-fez\/","title":{"rendered":"4 d\u00edas desde Tanger al desierto de Merzouga v\u00eda Fez"},"content":{"rendered":"<h3 data-section-id=\"1cpm7lh\" data-start=\"97\" data-end=\"165\">Tour de 4 d\u00edas desde T\u00e1nger a Marrakech v\u00eda desierto de Merzouga<\/h3>\n<p data-start=\"167\" data-end=\"599\">Durante este incre\u00edble tour de 4 d\u00edas, descubrir\u00e1s lo mejor de Marruecos viajando desde T\u00e1nger hasta Marrakech, atravesando paisajes espectaculares hasta llegar al desierto de Merzouga. Explorar\u00e1s la famosa ciudad azul de <span class=\"hover:entity-accent entity-underline inline cursor-pointer align-baseline\"><span class=\"whitespace-normal\">Chefchaouen<\/span><\/span>, disfrutar\u00e1s de un paseo en camello por las impresionantes dunas de <span class=\"hover:entity-accent entity-underline inline cursor-pointer align-baseline\"><span class=\"whitespace-normal\">Erg Chebbi<\/span><\/span> y pasar\u00e1s una noche inolvidable en un campamento en el desierto.<\/p>\n<p data-start=\"601\" data-end=\"861\">Adem\u00e1s, visitar\u00e1s el sitio Patrimonio de la Humanidad por la UNESCO, <span class=\"hover:entity-accent entity-underline inline cursor-pointer align-baseline\"><span class=\"whitespace-normal\">Ait Ben Haddou<\/span><\/span>, recorrer\u00e1s las espectaculares gargantas del Todra y del Dades, y finalizar\u00e1s tu aventura en la ciudad imperial de <span class=\"hover:entity-accent entity-underline inline cursor-pointer align-baseline\"><span class=\"whitespace-normal\">Marrakech<\/span><\/span>.<\/p>\n<hr data-start=\"863\" data-end=\"866\">\n<h3 data-section-id=\"1ygvltw\" data-start=\"868\" data-end=\"905\"><span style=\"color: #ff6600;\">D\u00eda 1: T\u00e1nger \u2013 Chefchaouen \u2013 Fez<\/span><\/h3>\n<p data-start=\"907\" data-end=\"1200\">Tras recogerte en el punto acordado en <span class=\"hover:entity-accent entity-underline inline cursor-pointer align-baseline\"><span class=\"whitespace-normal\">T\u00e1nger<\/span><\/span>, comenzaremos nuestro viaje a trav\u00e9s de las monta\u00f1as del Rif, pasando por <span class=\"hover:entity-accent entity-underline inline cursor-pointer align-baseline\"><span class=\"whitespace-normal\">Tetu\u00e1n<\/span><\/span>. Llegaremos a <span class=\"hover:entity-accent entity-underline inline cursor-pointer align-baseline\"><span class=\"whitespace-normal\">Chefchaouen<\/span><\/span>, uno de los pueblos m\u00e1s encantadores de Marruecos.<\/p>\n<p data-start=\"1202\" data-end=\"1470\">Explorar\u00e1s su medina, famosa por sus calles azules, su plaza de estilo andaluz y sus tiendas de artesan\u00eda. Disfrutar\u00e1s de un almuerzo en un restaurante local antes de continuar hacia <span class=\"hover:entity-accent entity-underline inline cursor-pointer align-baseline\"><span class=\"whitespace-normal\">Fez<\/span><\/span>, donde pasar\u00e1s la noche en un riad tradicional.<\/p>\n<hr data-start=\"1472\" data-end=\"1475\">\n<h3 data-section-id=\"tx0n0h\" data-start=\"1477\" data-end=\"1549\"><span style=\"color: #ff6600;\">D\u00eda 2: Fez \u2013 Ifrane \u2013 Erfoud \u2013 Rissani \u2013 Merzouga (Paseo en camello)<\/span><\/h3>\n<p data-start=\"1551\" data-end=\"1772\">Despu\u00e9s del desayuno, saldremos hacia <span class=\"hover:entity-accent entity-underline inline cursor-pointer align-baseline\"><span class=\"whitespace-normal\">Ifrane<\/span><\/span>, conocida como la \u201cSuiza marroqu\u00ed\u201d, y continuaremos por <span class=\"hover:entity-accent entity-underline inline cursor-pointer align-baseline\"><span class=\"whitespace-normal\">Azrou<\/span><\/span>, donde podr\u00e1s ver monos en los bosques de cedros.<\/p>\n<p data-start=\"1774\" data-end=\"1949\">Seguiremos a trav\u00e9s del Medio Atlas, pasando por Midelt y el valle del Ziz, hasta llegar a <span class=\"hover:entity-accent entity-underline inline cursor-pointer align-baseline\"><span class=\"whitespace-normal\">Erfoud<\/span><\/span> y <span class=\"hover:entity-accent entity-underline inline cursor-pointer align-baseline\"><span class=\"whitespace-normal\">Rissani<\/span><\/span>.<\/p>\n<p data-start=\"1951\" data-end=\"2255\">Al llegar a <span class=\"hover:entity-accent entity-underline inline cursor-pointer align-baseline\"><span class=\"whitespace-normal\">Merzouga<\/span><\/span>, disfrutar\u00e1s de un t\u00e9 de bienvenida antes de comenzar tu experiencia en camello hacia las dunas de <span class=\"hover:entity-accent entity-underline inline cursor-pointer align-baseline\"><span class=\"whitespace-normal\">Erg Chebbi<\/span><\/span>. Pasar\u00e1s la noche en un campamento bereber bajo las estrellas, con cena tradicional y m\u00fasica alrededor del fuego.<\/p>\n<hr data-start=\"2257\" data-end=\"2260\">\n<h3 data-section-id=\"174jp1k\" data-start=\"2262\" data-end=\"2321\"><span style=\"color: #ff6600;\">D\u00eda 3: Merzouga \u2013 Gargantas del Todra \u2013 Valle del Dades<\/span><\/h3>\n<p data-start=\"2323\" data-end=\"2518\">Nos levantaremos temprano para contemplar el amanecer en el desierto. Tras el desayuno, regresaremos en camello y continuaremos hacia las impresionantes <span class=\"hover:entity-accent entity-underline inline cursor-pointer align-baseline\"><span class=\"whitespace-normal\">Gargantas del Todra<\/span><\/span>.<\/p>\n<p data-start=\"2520\" data-end=\"2638\">Despu\u00e9s, seguiremos hacia el <span class=\"hover:entity-accent entity-underline inline cursor-pointer align-baseline\"><span class=\"whitespace-normal\">Valle del Dades<\/span><\/span>, donde disfrutar\u00e1s de la cena y pasar\u00e1s la noche.<\/p>\n<hr data-start=\"2640\" data-end=\"2643\">\n<h3 data-section-id=\"1t8gqtr\" data-start=\"2645\" data-end=\"2722\"><span style=\"color: #ff6600;\">D\u00eda 4: Valle del Dades \u2013 Skoura \u2013 Ouarzazate \u2013 Ait Ben Haddou \u2013 Marrakech<\/span><\/h3>\n<p data-start=\"2724\" data-end=\"2928\">Despu\u00e9s del desayuno, viajaremos por el Valle del Dades hacia Kalaat M\u2019Gouna y el Valle de las Rosas. Continuaremos hacia <span class=\"hover:entity-accent entity-underline inline cursor-pointer align-baseline\"><span class=\"whitespace-normal\">Ouarzazate<\/span><\/span>, conocido como el \u201cHollywood de \u00c1frica\u201d.<\/p>\n<p data-start=\"2930\" data-end=\"3182\">Visitaremos la famosa kasbah de <span class=\"hover:entity-accent entity-underline inline cursor-pointer align-baseline\"><span class=\"whitespace-normal\">Ait Ben Haddou<\/span><\/span>, uno de los lugares m\u00e1s emblem\u00e1ticos del pa\u00eds. Luego cruzaremos el puerto de monta\u00f1a <span class=\"hover:entity-accent entity-underline inline cursor-pointer align-baseline\"><span class=\"whitespace-normal\">Tizi n&#8217;Tichka<\/span><\/span>, disfrutando de vistas espectaculares del Alto Atlas.<\/p>\n<p data-start=\"3184\" data-end=\"3274\">Llegada a <span class=\"hover:entity-accent entity-underline inline cursor-pointer align-baseline\"><span class=\"whitespace-normal\">Marrakech<\/span><\/span> por la tarde, fin de nuestros servicios.<\/p>\n<hr data-start=\"3276\" data-end=\"3279\">\n<h3 data-section-id=\"lflpgs\" data-start=\"3281\" data-end=\"3305\"><span style=\"color: #ff6600;\">\u2714\ufe0f Qu\u00e9 est\u00e1 incluido<\/span><\/h3>\n<ul data-start=\"3307\" data-end=\"3570\">\n<li data-section-id=\"1rb7pzx\" data-start=\"3307\" data-end=\"3377\">Transporte privado (4&#215;4, minib\u00fas o autob\u00fas con aire acondicionado)<\/li>\n<li data-section-id=\"khxukc\" data-start=\"3378\" data-end=\"3408\">Conductor\/gu\u00eda multiling\u00fce<\/li>\n<li data-section-id=\"1xlc6vv\" data-start=\"3409\" data-end=\"3424\">Combustible<\/li>\n<li data-section-id=\"106xxly\" data-start=\"3425\" data-end=\"3453\">2 noches en hotel o riad<\/li>\n<li data-section-id=\"o24tvs\" data-start=\"3454\" data-end=\"3522\">1 noche en campamento en el desierto (cena y desayuno incluidos)<\/li>\n<li data-section-id=\"1vuo7la\" data-start=\"3523\" data-end=\"3543\">Paseo en camello<\/li>\n<li data-section-id=\"kwtxci\" data-start=\"3544\" data-end=\"3570\">Sandboard en las dunas<\/li>\n<\/ul>\n<hr data-start=\"3572\" data-end=\"3575\">\n<h3 data-section-id=\"1qexl9w\" data-start=\"3577\" data-end=\"3594\">\u274c <span style=\"color: #ff6600;\">No incluido<\/span><\/h3>\n<ul data-start=\"3596\" data-end=\"3676\">\n<li data-section-id=\"cra5n3\" data-start=\"3596\" data-end=\"3619\">Bebidas y almuerzos<\/li>\n<li data-section-id=\"1u6l1ge\" data-start=\"3620\" data-end=\"3630\">Vuelos<\/li>\n<li data-section-id=\"k8ve4k\" data-start=\"3631\" data-end=\"3656\">Entradas a monumentos<\/li>\n<li data-section-id=\"9j6o6q\" data-start=\"3657\" data-end=\"3676\">Hotel en T\u00e1nger<\/li>\n<\/ul>\n<hr data-start=\"3678\" data-end=\"3681\">\n<p data-start=\"3683\" data-end=\"3840\">Si deseas personalizar este tour o adaptarlo a tus necesidades, no dudes en contactarnos. Estaremos encantados de organizar una experiencia a medida para ti.<\/p>\n","protected":false},"excerpt":{"rendered":"<p>Tour de 4 d\u00edas desde T\u00e1nger a Marrakech v\u00eda desierto de Merzouga Durante este incre\u00edble tour de 4 d\u00edas, descubrir\u00e1s lo mejor de Marruecos viajando desde T\u00e1nger hasta Marrakech, atravesando paisajes espectaculares hasta llegar al desierto de Merzouga. Explorar\u00e1s la famosa ciudad azul de Chefchaouen, disfrutar\u00e1s de un paseo en camello por las impresionantes dunas&#8230;<\/p>\n","protected":false},"author":1,"featured_media":0,"parent":0,"menu_order":0,"comment_status":"closed","ping_status":"closed","template":"","meta":{"ngg_post_thumbnail":0,"_kad_post_transparent":"default","_kad_post_title":"default","_kad_post_layout":"default","_kad_post_sidebar_id":"","_kad_post_content_style":"default","_kad_post_vertical_padding":"default","_kad_post_feature":"","_kad_post_feature_position":"","_kad_post_header":false,"_kad_post_footer":false,"footnotes":""},"class_list":["post-10884","page","type-page","status-publish","hentry"],"yoast_head":"<!-- This site is optimized with the Yoast SEO plugin v21.5 - https:\/\/yoast.com\/wordpress\/plugins\/seo\/ -->\n<title>4-dias-desde-tanger-al-desierto-de-merzouga-via-fez<\/title>\n<meta name=\"description\" content=\"&quot;visite Marruecos, vacaciones en Marruecos, viajes a Marruecos, viajes a Marruecos, viajes a Marruecos, viajes a Marruecos, viajes a Marruecos desde, gu\u00eda tur\u00edstico de Marruecos, viajes a Marruecos de lujo, compa\u00f1\u00edas de viajes a Marruecos, viajes de aventura a Marruecos&quot;\" \/>\n<meta name=\"robots\" content=\"index, follow, max-snippet:-1, max-image-preview:large, max-video-preview:-1\" \/>\n<link rel=\"canonical\" href=\"https:\/\/discoverysaharatours.com\/es\/4-dias-desde-tanger-al-desierto-de-merzouga-via-fez\/\" \/>\n<meta property=\"og:locale\" content=\"en_US\" \/>\n<meta property=\"og:type\" content=\"article\" \/>\n<meta property=\"og:title\" content=\"https:\/\/web.facebook.com\/Discovery.sahara\/\" \/>\n<meta property=\"og:description\" content=\"Discovery Sahara Tours es una agencia local en Marruecos muy especializada en organizar rutas por el desierto, con veh\u00edculos 4\u00d74 que facilitan el acceso a las pistas, a los lugares menos tur\u00edsticos y m\u00e1s aut\u00e9nticos, para disfrutar de la comodidad y el confort de sus ventajas. Con excursiones en dromedarios hasta llegar a los campamentos situados en medio de las dunas y poder disfrutar de una noche bajo las estrellas. Visitar familias bereberes, compartir su estilo de vida y costumbres. Con excursiones a pie hasta llegar al oasis frecuentado por n\u00f3madas.\" \/>\n<meta property=\"og:url\" content=\"https:\/\/discoverysaharatours.com\/es\/4-dias-desde-tanger-al-desierto-de-merzouga-via-fez\/\" \/>\n<meta property=\"og:site_name\" content=\"Discovery Sahara Tours\" \/>\n<meta property=\"article:modified_time\" content=\"2026-04-07T22:24:08+00:00\" \/>\n<meta property=\"og:image\" content=\"https:\/\/discoverysaharatours.com\/es\/wp-content\/uploads\/2022\/10\/cropped-logo-Discovery-Sahara-Tours.png\" \/>\n\t<meta property=\"og:image:width\" content=\"512\" \/>\n\t<meta property=\"og:image:height\" content=\"512\" \/>\n\t<meta property=\"og:image:type\" content=\"image\/png\" \/>\n<meta name=\"twitter:card\" content=\"summary_large_image\" \/>\n<meta name=\"twitter:label1\" content=\"Est. reading time\" \/>\n\t<meta name=\"twitter:data1\" content=\"3 minutes\" \/>\n<script type=\"application\/ld+json\" class=\"yoast-schema-graph\">{\"@context\":\"https:\/\/schema.org\",\"@graph\":[{\"@type\":\"WebPage\",\"@id\":\"https:\/\/discoverysaharatours.com\/es\/4-dias-desde-tanger-al-desierto-de-merzouga-via-fez\/\",\"url\":\"https:\/\/discoverysaharatours.com\/es\/4-dias-desde-tanger-al-desierto-de-merzouga-via-fez\/\",\"name\":\"4-dias-desde-tanger-al-desierto-de-merzouga-via-fez\",\"isPartOf\":{\"@id\":\"https:\/\/discoverysaharatours.com\/es\/#website\"},\"datePublished\":\"2018-11-02T17:11:32+00:00\",\"dateModified\":\"2026-04-07T22:24:08+00:00\",\"description\":\"\\\"visite Marruecos, vacaciones en Marruecos, viajes a Marruecos, viajes a Marruecos, viajes a Marruecos, viajes a Marruecos, viajes a Marruecos desde, gu\u00eda tur\u00edstico de Marruecos, viajes a Marruecos de lujo, compa\u00f1\u00edas de viajes a Marruecos, viajes de aventura a Marruecos\\\"\",\"breadcrumb\":{\"@id\":\"https:\/\/discoverysaharatours.com\/es\/4-dias-desde-tanger-al-desierto-de-merzouga-via-fez\/#breadcrumb\"},\"inLanguage\":\"en-US\",\"potentialAction\":[{\"@type\":\"ReadAction\",\"target\":[\"https:\/\/discoverysaharatours.com\/es\/4-dias-desde-tanger-al-desierto-de-merzouga-via-fez\/\"]}]},{\"@type\":\"BreadcrumbList\",\"@id\":\"https:\/\/discoverysaharatours.com\/es\/4-dias-desde-tanger-al-desierto-de-merzouga-via-fez\/#breadcrumb\",\"itemListElement\":[{\"@type\":\"ListItem\",\"position\":1,\"name\":\"Home\",\"item\":\"https:\/\/discoverysaharatours.com\/es\/\"},{\"@type\":\"ListItem\",\"position\":2,\"name\":\"4 d\u00edas desde Tanger al desierto de Merzouga v\u00eda Fez\"}]},{\"@type\":\"WebSite\",\"@id\":\"https:\/\/discoverysaharatours.com\/es\/#website\",\"url\":\"https:\/\/discoverysaharatours.com\/es\/\",\"name\":\"Discovery Sahara Tours\",\"description\":\"Morocco Desert Tours \/ Tours &amp; Excursions in Morocco\",\"publisher\":{\"@id\":\"https:\/\/discoverysaharatours.com\/es\/#organization\"},\"potentialAction\":[{\"@type\":\"SearchAction\",\"target\":{\"@type\":\"EntryPoint\",\"urlTemplate\":\"https:\/\/discoverysaharatours.com\/es\/?s={search_term_string}\"},\"query-input\":\"required name=search_term_string\"}],\"inLanguage\":\"en-US\"},{\"@type\":\"Organization\",\"@id\":\"https:\/\/discoverysaharatours.com\/es\/#organization\",\"name\":\"Discovery Sahara Tours\",\"url\":\"https:\/\/discoverysaharatours.com\/es\/\",\"logo\":{\"@type\":\"ImageObject\",\"inLanguage\":\"en-US\",\"@id\":\"https:\/\/discoverysaharatours.com\/es\/#\/schema\/logo\/image\/\",\"url\":\"https:\/\/discoverysaharatours.com\/es\/wp-content\/uploads\/2022\/10\/logo-Discovery-Sahara-Tours.png\",\"contentUrl\":\"https:\/\/discoverysaharatours.com\/es\/wp-content\/uploads\/2022\/10\/logo-Discovery-Sahara-Tours.png\",\"width\":557,\"height\":486,\"caption\":\"Discovery Sahara Tours\"},\"image\":{\"@id\":\"https:\/\/discoverysaharatours.com\/es\/#\/schema\/logo\/image\/\"}}]}<\/script>\n<!-- \/ Yoast SEO plugin. -->","yoast_head_json":{"title":"4-dias-desde-tanger-al-desierto-de-merzouga-via-fez","description":"\"visite Marruecos, vacaciones en Marruecos, viajes a Marruecos, viajes a Marruecos, viajes a Marruecos, viajes a Marruecos, viajes a Marruecos desde, gu\u00eda tur\u00edstico de Marruecos, viajes a Marruecos de lujo, compa\u00f1\u00edas de viajes a Marruecos, viajes de aventura a Marruecos\"","robots":{"index":"index","follow":"follow","max-snippet":"max-snippet:-1","max-image-preview":"max-image-preview:large","max-video-preview":"max-video-preview:-1"},"canonical":"https:\/\/discoverysaharatours.com\/es\/4-dias-desde-tanger-al-desierto-de-merzouga-via-fez\/","og_locale":"en_US","og_type":"article","og_title":"https:\/\/web.facebook.com\/Discovery.sahara\/","og_description":"Discovery Sahara Tours es una agencia local en Marruecos muy especializada en organizar rutas por el desierto, con veh\u00edculos 4\u00d74 que facilitan el acceso a las pistas, a los lugares menos tur\u00edsticos y m\u00e1s aut\u00e9nticos, para disfrutar de la comodidad y el confort de sus ventajas. Con excursiones en dromedarios hasta llegar a los campamentos situados en medio de las dunas y poder disfrutar de una noche bajo las estrellas. Visitar familias bereberes, compartir su estilo de vida y costumbres. Con excursiones a pie hasta llegar al oasis frecuentado por n\u00f3madas.","og_url":"https:\/\/discoverysaharatours.com\/es\/4-dias-desde-tanger-al-desierto-de-merzouga-via-fez\/","og_site_name":"Discovery Sahara Tours","article_modified_time":"2026-04-07T22:24:08+00:00","og_image":[{"width":512,"height":512,"url":"https:\/\/discoverysaharatours.com\/es\/wp-content\/uploads\/2022\/10\/cropped-logo-Discovery-Sahara-Tours.png","type":"image\/png"}],"twitter_card":"summary_large_image","twitter_misc":{"Est. reading time":"3 minutes"},"schema":{"@context":"https:\/\/schema.org","@graph":[{"@type":"WebPage","@id":"https:\/\/discoverysaharatours.com\/es\/4-dias-desde-tanger-al-desierto-de-merzouga-via-fez\/","url":"https:\/\/discoverysaharatours.com\/es\/4-dias-desde-tanger-al-desierto-de-merzouga-via-fez\/","name":"4-dias-desde-tanger-al-desierto-de-merzouga-via-fez","isPartOf":{"@id":"https:\/\/discoverysaharatours.com\/es\/#website"},"datePublished":"2018-11-02T17:11:32+00:00","dateModified":"2026-04-07T22:24:08+00:00","description":"\"visite Marruecos, vacaciones en Marruecos, viajes a Marruecos, viajes a Marruecos, viajes a Marruecos, viajes a Marruecos, viajes a Marruecos desde, gu\u00eda tur\u00edstico de Marruecos, viajes a Marruecos de lujo, compa\u00f1\u00edas de viajes a Marruecos, viajes de aventura a Marruecos\"","breadcrumb":{"@id":"https:\/\/discoverysaharatours.com\/es\/4-dias-desde-tanger-al-desierto-de-merzouga-via-fez\/#breadcrumb"},"inLanguage":"en-US","potentialAction":[{"@type":"ReadAction","target":["https:\/\/discoverysaharatours.com\/es\/4-dias-desde-tanger-al-desierto-de-merzouga-via-fez\/"]}]},{"@type":"BreadcrumbList","@id":"https:\/\/discoverysaharatours.com\/es\/4-dias-desde-tanger-al-desierto-de-merzouga-via-fez\/#breadcrumb","itemListElement":[{"@type":"ListItem","position":1,"name":"Home","item":"https:\/\/discoverysaharatours.com\/es\/"},{"@type":"ListItem","position":2,"name":"4 d\u00edas desde Tanger al desierto de Merzouga v\u00eda Fez"}]},{"@type":"WebSite","@id":"https:\/\/discoverysaharatours.com\/es\/#website","url":"https:\/\/discoverysaharatours.com\/es\/","name":"Discovery Sahara Tours","description":"Morocco Desert Tours \/ Tours &amp; Excursions in Morocco","publisher":{"@id":"https:\/\/discoverysaharatours.com\/es\/#organization"},"potentialAction":[{"@type":"SearchAction","target":{"@type":"EntryPoint","urlTemplate":"https:\/\/discoverysaharatours.com\/es\/?s={search_term_string}"},"query-input":"required name=search_term_string"}],"inLanguage":"en-US"},{"@type":"Organization","@id":"https:\/\/discoverysaharatours.com\/es\/#organization","name":"Discovery Sahara Tours","url":"https:\/\/discoverysaharatours.com\/es\/","logo":{"@type":"ImageObject","inLanguage":"en-US","@id":"https:\/\/discoverysaharatours.com\/es\/#\/schema\/logo\/image\/","url":"https:\/\/discoverysaharatours.com\/es\/wp-content\/uploads\/2022\/10\/logo-Discovery-Sahara-Tours.png","contentUrl":"https:\/\/discoverysaharatours.com\/es\/wp-content\/uploads\/2022\/10\/logo-Discovery-Sahara-Tours.png","width":557,"height":486,"caption":"Discovery Sahara Tours"},"image":{"@id":"https:\/\/discoverysaharatours.com\/es\/#\/schema\/logo\/image\/"}}]}},"_links":{"self":[{"href":"https:\/\/discoverysaharatours.com\/es\/wp-json\/wp\/v2\/pages\/10884","targetHints":{"allow":["GET"]}}],"collection":[{"href":"https:\/\/discoverysaharatours.com\/es\/wp-json\/wp\/v2\/pages"}],"about":[{"href":"https:\/\/discoverysaharatours.com\/es\/wp-json\/wp\/v2\/types\/page"}],"author":[{"embeddable":true,"href":"https:\/\/discoverysaharatours.com\/es\/wp-json\/wp\/v2\/users\/1"}],"replies":[{"embeddable":true,"href":"https:\/\/discoverysaharatours.com\/es\/wp-json\/wp\/v2\/comments?post=10884"}],"version-history":[{"count":4,"href":"https:\/\/discoverysaharatours.com\/es\/wp-json\/wp\/v2\/pages\/10884\/revisions"}],"predecessor-version":[{"id":19723,"href":"https:\/\/discoverysaharatours.com\/es\/wp-json\/wp\/v2\/pages\/10884\/revisions\/19723"}],"wp:attachment":[{"href":"https:\/\/discoverysaharatours.com\/es\/wp-json\/wp\/v2\/media?parent=10884"}],"curies":[{"name":"wp","href":"https:\/\/api.w.org\/{rel}","templated":true}]}}