{"id":10886,"date":"2018-11-02T17:13:43","date_gmt":"2018-11-02T17:13:43","guid":{"rendered":"https:\/\/www.discoverysaharatours.com\/?page_id=10886"},"modified":"2026-04-08T19:55:20","modified_gmt":"2026-04-08T19:55:20","slug":"6-dias-desde-tanger-a-chefchaouen-y-fez","status":"publish","type":"page","link":"https:\/\/discoverysaharatours.com\/es\/6-dias-desde-tanger-a-chefchaouen-y-fez\/","title":{"rendered":"6 d\u00edas desde Tanger a Chefchaouen y Fez"},"content":{"rendered":"<h2 data-section-id=\"smqa51\" data-start=\"118\" data-end=\"163\">\ud83c\udf0d Tour de 6 d\u00edas desde T\u00e1nger a Marrakech<\/h2>\n<p data-start=\"165\" data-end=\"334\">Descubre lo mejor de Marruecos en un viaje inolvidable desde el norte hasta el desierto y las ciudades imperiales. Este recorrido combina cultura, naturaleza y aventura.<\/p>\n<hr data-start=\"336\" data-end=\"339\">\n<h3 data-section-id=\"hwa2ud\" data-start=\"341\" data-end=\"384\">\ud83d\uddd3\ufe0f <span style=\"color: #ff6600;\">D\u00eda 1: T\u00e1nger \u2013 Chefchaouen \u2013 Fez<\/span><\/h3>\n<p data-start=\"385\" data-end=\"630\">Comenzamos nuestro viaje desde <span class=\"hover:entity-accent entity-underline inline cursor-pointer align-baseline\"><span class=\"whitespace-normal\">T\u00e1nger<\/span><\/span> hacia las monta\u00f1as del Rif. Pasaremos por <span class=\"hover:entity-accent entity-underline inline cursor-pointer align-baseline\"><span class=\"whitespace-normal\">Tetu\u00e1n<\/span><\/span> antes de llegar a <span class=\"hover:entity-accent entity-underline inline cursor-pointer align-baseline\"><span class=\"whitespace-normal\">Chefchaouen<\/span><\/span>, famosa por sus calles pintadas de azul.<\/p>\n<p data-start=\"632\" data-end=\"904\">Disfrutaremos de tiempo libre para pasear por su encantadora medina, con influencia andaluza, llena de tiendas artesanales y caf\u00e9s. Luego continuaremos hacia <span class=\"hover:entity-accent entity-underline inline cursor-pointer align-baseline\"><span class=\"whitespace-normal\">Fez<\/span><\/span> donde pasaremos la noche en un riad tradicional (cena y desayuno incluidos).<\/p>\n<hr data-start=\"906\" data-end=\"909\">\n<h3 data-section-id=\"19jv3iy\" data-start=\"911\" data-end=\"948\">\ud83d\uddd3\ufe0f <span style=\"color: #ff6600;\">D\u00eda 2: Visita guiada en Fez<\/span><\/h3>\n<p data-start=\"949\" data-end=\"1040\">Despu\u00e9s del desayuno, exploraremos <span class=\"hover:entity-accent entity-underline inline cursor-pointer align-baseline\"><span class=\"whitespace-normal\">Fez<\/span><\/span> con un gu\u00eda local.<\/p>\n<p data-start=\"1042\" data-end=\"1054\">Visitaremos:<\/p>\n<ul data-start=\"1055\" data-end=\"1190\">\n<li data-section-id=\"1eaxh12\" data-start=\"1055\" data-end=\"1102\">La Medina (una de las m\u00e1s antiguas del mundo)<\/li>\n<li data-section-id=\"1fo6n9e\" data-start=\"1103\" data-end=\"1122\">El Palacio Real<\/li>\n<li data-section-id=\"1mzsdkn\" data-start=\"1123\" data-end=\"1150\">Las famosas curtidur\u00edas<\/li>\n<li data-section-id=\"1jsvkp1\" data-start=\"1151\" data-end=\"1190\">Talleres de artesanos tradicionales<\/li>\n<\/ul>\n<p data-start=\"1192\" data-end=\"1256\">Almuerzo en un restaurante t\u00edpico en la medina. Regreso al riad.<\/p>\n<hr data-start=\"1258\" data-end=\"1261\">\n<h3 data-section-id=\"bz9ioq\" data-start=\"1263\" data-end=\"1320\">\ud83d\uddd3\ufe0f<span style=\"color: #ff6600;\"> D\u00eda 3: Fez \u2013 Ifrane \u2013 Azrou \u2013 Midelt \u2013 Merzouga<\/span><\/h3>\n<p data-start=\"1321\" data-end=\"1368\">Salida hacia el sur atravesando el Atlas Medio.<\/p>\n<p data-start=\"1370\" data-end=\"1389\">Paradas destacadas:<\/p>\n<ul data-start=\"1390\" data-end=\"1563\">\n<li data-section-id=\"hjs5dh\" data-start=\"1390\" data-end=\"1431\"><span class=\"hover:entity-accent entity-underline inline cursor-pointer align-baseline\"><span class=\"whitespace-normal\">Ifrane<\/span><\/span><\/li>\n<li data-section-id=\"1k3589u\" data-start=\"1432\" data-end=\"1512\"><span class=\"hover:entity-accent entity-underline inline cursor-pointer align-baseline\"><span class=\"whitespace-normal\">Azrou<\/span><\/span> (bosque de cedros y monos de Berber\u00eda)<\/li>\n<li data-section-id=\"hfiuzn\" data-start=\"1513\" data-end=\"1563\"><span class=\"hover:entity-accent entity-underline inline cursor-pointer align-baseline\"><span class=\"whitespace-normal\">Midelt<\/span><\/span> (almuerzo)<\/li>\n<\/ul>\n<p data-start=\"1565\" data-end=\"1699\">Continuamos por el paso <span class=\"hover:entity-accent entity-underline inline cursor-pointer align-baseline\"><span class=\"whitespace-normal\">Tizi N&#8217;Talghomt<\/span><\/span> y el valle del Ziz hasta llegar a <span class=\"hover:entity-accent entity-underline inline cursor-pointer align-baseline\"><span class=\"whitespace-normal\">Merzouga<\/span><\/span>.<\/p>\n<p data-start=\"1701\" data-end=\"1819\">Al atardecer, paseo en camello por las dunas de <span class=\"hover:entity-accent entity-underline inline cursor-pointer align-baseline\"><span class=\"whitespace-normal\">Erg Chebbi<\/span><\/span> y noche en campamento bereber.<\/p>\n<hr data-start=\"1821\" data-end=\"1824\">\n<h3 data-section-id=\"16gdnvd\" data-start=\"1826\" data-end=\"1877\">\ud83d\uddd3\ufe0f <span style=\"color: #ff6600;\">D\u00eda 4: Merzouga \u2013 Todra \u2013 Valle del Dades<\/span><\/h3>\n<p data-start=\"1878\" data-end=\"1933\">Despertar temprano para ver el amanecer en el desierto.<\/p>\n<p data-start=\"1935\" data-end=\"1970\">Despu\u00e9s del desayuno, salida hacia:<\/p>\n<ul data-start=\"1971\" data-end=\"2102\">\n<li data-section-id=\"bgd20l\" data-start=\"1971\" data-end=\"2014\"><span class=\"hover:entity-accent entity-underline inline cursor-pointer align-baseline\"><span class=\"whitespace-normal\">Rissani<\/span><\/span><\/li>\n<li data-section-id=\"1y51851\" data-start=\"2015\" data-end=\"2058\"><span class=\"hover:entity-accent entity-underline inline cursor-pointer align-baseline\"><span class=\"whitespace-normal\">Tinghir<\/span><\/span><\/li>\n<li data-section-id=\"1ce4kxh\" data-start=\"2059\" data-end=\"2102\"><span class=\"hover:entity-accent entity-underline inline cursor-pointer align-baseline\"><span class=\"whitespace-normal\">Gargantas del Todra<\/span><\/span><\/li>\n<\/ul>\n<p data-start=\"2104\" data-end=\"2183\">Tras el almuerzo, continuamos hacia el <span class=\"hover:entity-accent entity-underline inline cursor-pointer align-baseline\"><span class=\"whitespace-normal\">Valle del Dades<\/span><\/span>.<\/p>\n<p data-start=\"2185\" data-end=\"2212\">Cena y noche en hotel\/riad.<\/p>\n<hr data-start=\"2214\" data-end=\"2217\">\n<h3 data-section-id=\"jltpjm\" data-start=\"2219\" data-end=\"2283\">\ud83d\uddd3\ufe0f <span style=\"color: #ff6600;\">D\u00eda 5: Dades \u2013 Ouarzazate \u2013 Ait Ben Haddou \u2013 Marrakech<\/span><\/h3>\n<p data-start=\"2284\" data-end=\"2337\">Salida hacia <span class=\"hover:entity-accent entity-underline inline cursor-pointer align-baseline\"><span class=\"whitespace-normal\">Ouarzazate<\/span><\/span>.<\/p>\n<p data-start=\"2339\" data-end=\"2348\">Visita a:<\/p>\n<ul data-start=\"2349\" data-end=\"2419\">\n<li data-section-id=\"f903zg\" data-start=\"2349\" data-end=\"2419\"><span class=\"hover:entity-accent entity-underline inline cursor-pointer align-baseline\"><span class=\"whitespace-normal\">Ait Ben Haddou<\/span><\/span> (kasbah m\u00e1s famosa del pa\u00eds)<\/li>\n<\/ul>\n<p data-start=\"2421\" data-end=\"2504\">Luego cruzaremos el Alto Atlas por el paso <span class=\"hover:entity-accent entity-underline inline cursor-pointer align-baseline\"><span class=\"whitespace-normal\">Tizi n&#8217;Tichka<\/span><\/span>.<\/p>\n<p data-start=\"2506\" data-end=\"2646\">Llegada a <span class=\"hover:entity-accent entity-underline inline cursor-pointer align-baseline\"><span class=\"whitespace-normal\">Marrakech<\/span><\/span> por la tarde y tiempo libre para visitar la plaza <span class=\"hover:entity-accent entity-underline inline cursor-pointer align-baseline\"><span class=\"whitespace-normal\">Jemaa el-Fna<\/span><\/span>.<\/p>\n<p data-start=\"2648\" data-end=\"2662\">Noche en riad.<\/p>\n<hr data-start=\"2664\" data-end=\"2667\">\n<h3 data-section-id=\"1sbkjoo\" data-start=\"2669\" data-end=\"2708\">\ud83d\uddd3\ufe0f <span style=\"color: #ff6600;\">D\u00eda 6: Marrakech \u2013 Aeropuerto<\/span><\/h3>\n<p data-start=\"2709\" data-end=\"2812\">Tiempo libre en <span class=\"hover:entity-accent entity-underline inline cursor-pointer align-baseline\"><span class=\"whitespace-normal\">Marrakech<\/span><\/span> seg\u00fan horario de vuelo. Traslado al aeropuerto.<\/p>\n<hr data-start=\"2814\" data-end=\"2817\">\n<h2 data-section-id=\"1ms2u5o\" data-start=\"2819\" data-end=\"2835\">\u2705 <span style=\"color: #ff6600;\">Qu\u00e9 incluye<\/span><\/h2>\n<ul data-start=\"2836\" data-end=\"3060\">\n<li data-section-id=\"4ok1vv\" data-start=\"2836\" data-end=\"2881\">Transporte privado con aire acondicionado<\/li>\n<li data-section-id=\"khxukc\" data-start=\"2882\" data-end=\"2912\">Conductor\/gu\u00eda multiling\u00fce<\/li>\n<li data-section-id=\"1xlc6vv\" data-start=\"2913\" data-end=\"2928\">Combustible<\/li>\n<li data-section-id=\"14iav4w\" data-start=\"2929\" data-end=\"2957\">4 noches en hotel o riad<\/li>\n<li data-section-id=\"hsy8p0\" data-start=\"2958\" data-end=\"3016\">1 noche en campamento en el desierto (cena y desayuno)<\/li>\n<li data-section-id=\"1vuo7la\" data-start=\"3017\" data-end=\"3037\">Paseo en camello<\/li>\n<li data-section-id=\"1407770\" data-start=\"3038\" data-end=\"3060\">Sandboard en dunas<\/li>\n<\/ul>\n<hr data-start=\"3062\" data-end=\"3065\">\n<h2 data-section-id=\"19iroax\" data-start=\"3067\" data-end=\"3082\">\u274c <span style=\"color: #ff6600;\">No incluye<\/span><\/h2>\n<ul data-start=\"3083\" data-end=\"3163\">\n<li data-section-id=\"u610en\" data-start=\"3083\" data-end=\"3106\">Almuerzos y bebidas<\/li>\n<li data-section-id=\"1u6l1ge\" data-start=\"3107\" data-end=\"3117\">Vuelos<\/li>\n<li data-section-id=\"k8ve4k\" data-start=\"3118\" data-end=\"3143\">Entradas a monumentos<\/li>\n<li data-section-id=\"9j6o6q\" data-start=\"3144\" data-end=\"3163\">Hotel en T\u00e1nger<\/li>\n<\/ul>\n<hr data-start=\"3165\" data-end=\"3168\">\n<p data-start=\"3170\" data-end=\"3314\">\ud83d\udcac <strong data-start=\"3173\" data-end=\"3182\">Nota:<\/strong> Este tour es totalmente personalizable. Si deseas modificar rutas, alojamientos o actividades, podemos adaptarlo a tus necesidades.<\/p>\n","protected":false},"excerpt":{"rendered":"<p>\ud83c\udf0d Tour de 6 d\u00edas desde T\u00e1nger a Marrakech Descubre lo mejor de Marruecos en un viaje inolvidable desde el norte hasta el desierto y las ciudades imperiales. Este recorrido combina cultura, naturaleza y aventura. \ud83d\uddd3\ufe0f D\u00eda 1: T\u00e1nger \u2013 Chefchaouen \u2013 Fez Comenzamos nuestro viaje desde T\u00e1nger hacia las monta\u00f1as del Rif. Pasaremos por&#8230;<\/p>\n","protected":false},"author":1,"featured_media":0,"parent":0,"menu_order":0,"comment_status":"closed","ping_status":"closed","template":"","meta":{"ngg_post_thumbnail":0,"_kad_post_transparent":"default","_kad_post_title":"default","_kad_post_layout":"default","_kad_post_sidebar_id":"","_kad_post_content_style":"default","_kad_post_vertical_padding":"default","_kad_post_feature":"","_kad_post_feature_position":"","_kad_post_header":false,"_kad_post_footer":false,"footnotes":""},"class_list":["post-10886","page","type-page","status-publish","hentry"],"yoast_head":"<!-- This site is optimized with the Yoast SEO plugin v21.5 - https:\/\/yoast.com\/wordpress\/plugins\/seo\/ -->\n<title>6-dias-desde-tanger-a-chefchaouen-y-fez<\/title>\n<meta name=\"description\" content=\"&quot;Marruecos vacaciones, Marruecos consejos de viaje, Marruecos viajes privados, vacaciones a Marruecos, Marruecos viaje, mejor \u00e9poca para visitar Marruecos, vacaciones Marruecos, viajes en Marruecos, Marruecos tours del desierto, Marruecos turismo,&quot;\" \/>\n<meta name=\"robots\" content=\"index, follow, max-snippet:-1, max-image-preview:large, max-video-preview:-1\" \/>\n<link rel=\"canonical\" href=\"https:\/\/discoverysaharatours.com\/es\/6-dias-desde-tanger-a-chefchaouen-y-fez\/\" \/>\n<meta property=\"og:locale\" content=\"en_US\" \/>\n<meta property=\"og:type\" content=\"article\" \/>\n<meta property=\"og:title\" content=\"https:\/\/web.facebook.com\/Discovery.sahara\/\" \/>\n<meta property=\"og:description\" content=\"Discovery Sahara Tours es una agencia local en Marruecos muy especializada en organizar rutas por el desierto, con veh\u00edculos 4\u00d74 que facilitan el acceso a las pistas, a los lugares menos tur\u00edsticos y m\u00e1s aut\u00e9nticos, para disfrutar de la comodidad y el confort de sus ventajas. Con excursiones en dromedarios hasta llegar a los campamentos situados en medio de las dunas y poder disfrutar de una noche bajo las estrellas. Visitar familias bereberes, compartir su estilo de vida y costumbres. Con excursiones a pie hasta llegar al oasis frecuentado por n\u00f3madas.\" \/>\n<meta property=\"og:url\" content=\"https:\/\/discoverysaharatours.com\/es\/6-dias-desde-tanger-a-chefchaouen-y-fez\/\" \/>\n<meta property=\"og:site_name\" content=\"Discovery Sahara Tours\" \/>\n<meta property=\"article:modified_time\" content=\"2026-04-08T19:55:20+00:00\" \/>\n<meta property=\"og:image\" content=\"https:\/\/discoverysaharatours.com\/es\/wp-content\/uploads\/2022\/10\/cropped-logo-Discovery-Sahara-Tours.png\" \/>\n\t<meta property=\"og:image:width\" content=\"512\" \/>\n\t<meta property=\"og:image:height\" content=\"512\" \/>\n\t<meta property=\"og:image:type\" content=\"image\/png\" \/>\n<meta name=\"twitter:card\" content=\"summary_large_image\" \/>\n<meta name=\"twitter:label1\" content=\"Est. reading time\" \/>\n\t<meta name=\"twitter:data1\" content=\"2 minutes\" \/>\n<script type=\"application\/ld+json\" class=\"yoast-schema-graph\">{\"@context\":\"https:\/\/schema.org\",\"@graph\":[{\"@type\":\"WebPage\",\"@id\":\"https:\/\/discoverysaharatours.com\/es\/6-dias-desde-tanger-a-chefchaouen-y-fez\/\",\"url\":\"https:\/\/discoverysaharatours.com\/es\/6-dias-desde-tanger-a-chefchaouen-y-fez\/\",\"name\":\"6-dias-desde-tanger-a-chefchaouen-y-fez\",\"isPartOf\":{\"@id\":\"https:\/\/discoverysaharatours.com\/es\/#website\"},\"datePublished\":\"2018-11-02T17:13:43+00:00\",\"dateModified\":\"2026-04-08T19:55:20+00:00\",\"description\":\"\\\"Marruecos vacaciones, Marruecos consejos de viaje, Marruecos viajes privados, vacaciones a Marruecos, Marruecos viaje, mejor \u00e9poca para visitar Marruecos, vacaciones Marruecos, viajes en Marruecos, Marruecos tours del desierto, Marruecos turismo,\\\"\",\"breadcrumb\":{\"@id\":\"https:\/\/discoverysaharatours.com\/es\/6-dias-desde-tanger-a-chefchaouen-y-fez\/#breadcrumb\"},\"inLanguage\":\"en-US\",\"potentialAction\":[{\"@type\":\"ReadAction\",\"target\":[\"https:\/\/discoverysaharatours.com\/es\/6-dias-desde-tanger-a-chefchaouen-y-fez\/\"]}]},{\"@type\":\"BreadcrumbList\",\"@id\":\"https:\/\/discoverysaharatours.com\/es\/6-dias-desde-tanger-a-chefchaouen-y-fez\/#breadcrumb\",\"itemListElement\":[{\"@type\":\"ListItem\",\"position\":1,\"name\":\"Home\",\"item\":\"https:\/\/discoverysaharatours.com\/es\/\"},{\"@type\":\"ListItem\",\"position\":2,\"name\":\"6 d\u00edas desde Tanger a Chefchaouen y Fez\"}]},{\"@type\":\"WebSite\",\"@id\":\"https:\/\/discoverysaharatours.com\/es\/#website\",\"url\":\"https:\/\/discoverysaharatours.com\/es\/\",\"name\":\"Discovery Sahara Tours\",\"description\":\"Morocco Desert Tours \/ Tours &amp; Excursions in Morocco\",\"publisher\":{\"@id\":\"https:\/\/discoverysaharatours.com\/es\/#organization\"},\"potentialAction\":[{\"@type\":\"SearchAction\",\"target\":{\"@type\":\"EntryPoint\",\"urlTemplate\":\"https:\/\/discoverysaharatours.com\/es\/?s={search_term_string}\"},\"query-input\":\"required name=search_term_string\"}],\"inLanguage\":\"en-US\"},{\"@type\":\"Organization\",\"@id\":\"https:\/\/discoverysaharatours.com\/es\/#organization\",\"name\":\"Discovery Sahara Tours\",\"url\":\"https:\/\/discoverysaharatours.com\/es\/\",\"logo\":{\"@type\":\"ImageObject\",\"inLanguage\":\"en-US\",\"@id\":\"https:\/\/discoverysaharatours.com\/es\/#\/schema\/logo\/image\/\",\"url\":\"https:\/\/discoverysaharatours.com\/es\/wp-content\/uploads\/2022\/10\/logo-Discovery-Sahara-Tours.png\",\"contentUrl\":\"https:\/\/discoverysaharatours.com\/es\/wp-content\/uploads\/2022\/10\/logo-Discovery-Sahara-Tours.png\",\"width\":557,\"height\":486,\"caption\":\"Discovery Sahara Tours\"},\"image\":{\"@id\":\"https:\/\/discoverysaharatours.com\/es\/#\/schema\/logo\/image\/\"}}]}<\/script>\n<!-- \/ Yoast SEO plugin. -->","yoast_head_json":{"title":"6-dias-desde-tanger-a-chefchaouen-y-fez","description":"\"Marruecos vacaciones, Marruecos consejos de viaje, Marruecos viajes privados, vacaciones a Marruecos, Marruecos viaje, mejor \u00e9poca para visitar Marruecos, vacaciones Marruecos, viajes en Marruecos, Marruecos tours del desierto, Marruecos turismo,\"","robots":{"index":"index","follow":"follow","max-snippet":"max-snippet:-1","max-image-preview":"max-image-preview:large","max-video-preview":"max-video-preview:-1"},"canonical":"https:\/\/discoverysaharatours.com\/es\/6-dias-desde-tanger-a-chefchaouen-y-fez\/","og_locale":"en_US","og_type":"article","og_title":"https:\/\/web.facebook.com\/Discovery.sahara\/","og_description":"Discovery Sahara Tours es una agencia local en Marruecos muy especializada en organizar rutas por el desierto, con veh\u00edculos 4\u00d74 que facilitan el acceso a las pistas, a los lugares menos tur\u00edsticos y m\u00e1s aut\u00e9nticos, para disfrutar de la comodidad y el confort de sus ventajas. Con excursiones en dromedarios hasta llegar a los campamentos situados en medio de las dunas y poder disfrutar de una noche bajo las estrellas. Visitar familias bereberes, compartir su estilo de vida y costumbres. Con excursiones a pie hasta llegar al oasis frecuentado por n\u00f3madas.","og_url":"https:\/\/discoverysaharatours.com\/es\/6-dias-desde-tanger-a-chefchaouen-y-fez\/","og_site_name":"Discovery Sahara Tours","article_modified_time":"2026-04-08T19:55:20+00:00","og_image":[{"width":512,"height":512,"url":"https:\/\/discoverysaharatours.com\/es\/wp-content\/uploads\/2022\/10\/cropped-logo-Discovery-Sahara-Tours.png","type":"image\/png"}],"twitter_card":"summary_large_image","twitter_misc":{"Est. reading time":"2 minutes"},"schema":{"@context":"https:\/\/schema.org","@graph":[{"@type":"WebPage","@id":"https:\/\/discoverysaharatours.com\/es\/6-dias-desde-tanger-a-chefchaouen-y-fez\/","url":"https:\/\/discoverysaharatours.com\/es\/6-dias-desde-tanger-a-chefchaouen-y-fez\/","name":"6-dias-desde-tanger-a-chefchaouen-y-fez","isPartOf":{"@id":"https:\/\/discoverysaharatours.com\/es\/#website"},"datePublished":"2018-11-02T17:13:43+00:00","dateModified":"2026-04-08T19:55:20+00:00","description":"\"Marruecos vacaciones, Marruecos consejos de viaje, Marruecos viajes privados, vacaciones a Marruecos, Marruecos viaje, mejor \u00e9poca para visitar Marruecos, vacaciones Marruecos, viajes en Marruecos, Marruecos tours del desierto, Marruecos turismo,\"","breadcrumb":{"@id":"https:\/\/discoverysaharatours.com\/es\/6-dias-desde-tanger-a-chefchaouen-y-fez\/#breadcrumb"},"inLanguage":"en-US","potentialAction":[{"@type":"ReadAction","target":["https:\/\/discoverysaharatours.com\/es\/6-dias-desde-tanger-a-chefchaouen-y-fez\/"]}]},{"@type":"BreadcrumbList","@id":"https:\/\/discoverysaharatours.com\/es\/6-dias-desde-tanger-a-chefchaouen-y-fez\/#breadcrumb","itemListElement":[{"@type":"ListItem","position":1,"name":"Home","item":"https:\/\/discoverysaharatours.com\/es\/"},{"@type":"ListItem","position":2,"name":"6 d\u00edas desde Tanger a Chefchaouen y Fez"}]},{"@type":"WebSite","@id":"https:\/\/discoverysaharatours.com\/es\/#website","url":"https:\/\/discoverysaharatours.com\/es\/","name":"Discovery Sahara Tours","description":"Morocco Desert Tours \/ Tours &amp; Excursions in Morocco","publisher":{"@id":"https:\/\/discoverysaharatours.com\/es\/#organization"},"potentialAction":[{"@type":"SearchAction","target":{"@type":"EntryPoint","urlTemplate":"https:\/\/discoverysaharatours.com\/es\/?s={search_term_string}"},"query-input":"required name=search_term_string"}],"inLanguage":"en-US"},{"@type":"Organization","@id":"https:\/\/discoverysaharatours.com\/es\/#organization","name":"Discovery Sahara Tours","url":"https:\/\/discoverysaharatours.com\/es\/","logo":{"@type":"ImageObject","inLanguage":"en-US","@id":"https:\/\/discoverysaharatours.com\/es\/#\/schema\/logo\/image\/","url":"https:\/\/discoverysaharatours.com\/es\/wp-content\/uploads\/2022\/10\/logo-Discovery-Sahara-Tours.png","contentUrl":"https:\/\/discoverysaharatours.com\/es\/wp-content\/uploads\/2022\/10\/logo-Discovery-Sahara-Tours.png","width":557,"height":486,"caption":"Discovery Sahara Tours"},"image":{"@id":"https:\/\/discoverysaharatours.com\/es\/#\/schema\/logo\/image\/"}}]}},"_links":{"self":[{"href":"https:\/\/discoverysaharatours.com\/es\/wp-json\/wp\/v2\/pages\/10886","targetHints":{"allow":["GET"]}}],"collection":[{"href":"https:\/\/discoverysaharatours.com\/es\/wp-json\/wp\/v2\/pages"}],"about":[{"href":"https:\/\/discoverysaharatours.com\/es\/wp-json\/wp\/v2\/types\/page"}],"author":[{"embeddable":true,"href":"https:\/\/discoverysaharatours.com\/es\/wp-json\/wp\/v2\/users\/1"}],"replies":[{"embeddable":true,"href":"https:\/\/discoverysaharatours.com\/es\/wp-json\/wp\/v2\/comments?post=10886"}],"version-history":[{"count":5,"href":"https:\/\/discoverysaharatours.com\/es\/wp-json\/wp\/v2\/pages\/10886\/revisions"}],"predecessor-version":[{"id":19734,"href":"https:\/\/discoverysaharatours.com\/es\/wp-json\/wp\/v2\/pages\/10886\/revisions\/19734"}],"wp:attachment":[{"href":"https:\/\/discoverysaharatours.com\/es\/wp-json\/wp\/v2\/media?parent=10886"}],"curies":[{"name":"wp","href":"https:\/\/api.w.org\/{rel}","templated":true}]}}