{"id":10888,"date":"2018-11-02T17:16:55","date_gmt":"2018-11-02T17:16:55","guid":{"rendered":"https:\/\/www.discoverysaharatours.com\/?page_id=10888"},"modified":"2026-04-09T09:56:16","modified_gmt":"2026-04-09T09:56:16","slug":"8-dias-de-tanger-hacia-chefchaouen-a-fez","status":"publish","type":"page","link":"https:\/\/discoverysaharatours.com\/es\/8-dias-de-tanger-hacia-chefchaouen-a-fez\/","title":{"rendered":"8 d\u00edas de Tanger hacia Chefchaouen a Fez"},"content":{"rendered":"<h1 data-section-id=\"1gvvo7y\" data-start=\"145\" data-end=\"201\">\ud83c\udf0d Tour de 8 D\u00edas por Marruecos: De T\u00e1nger a Marrakech<\/h1>\n<p data-start=\"203\" data-end=\"532\">Durante este tour de 8 d\u00edas, comenzaremos nuestro viaje desde <strong data-start=\"265\" data-end=\"275\">T\u00e1nger<\/strong> hacia la encantadora ciudad azul de <strong data-start=\"312\" data-end=\"327\">Chefchaouen<\/strong>, atravesando las monta\u00f1as del Rif. Continuaremos hacia las impresionantes ruinas romanas de <strong data-start=\"420\" data-end=\"433\">Volubilis<\/strong>, la ciudad imperial de <strong data-start=\"457\" data-end=\"467\">Meknes<\/strong> y dedicaremos un d\u00eda completo a explorar <strong data-start=\"509\" data-end=\"516\">Fez<\/strong> con gu\u00eda local.<\/p>\n<p data-start=\"534\" data-end=\"845\">Atravesaremos el Medio Atlas pasando por <strong data-start=\"575\" data-end=\"585\">Ifrane<\/strong>, conocida como la \u201cSuiza de Marruecos\u201d, <strong data-start=\"626\" data-end=\"635\">Azrou<\/strong> y sus bosques de cedros, hasta llegar a <strong data-start=\"676\" data-end=\"686\">Midelt<\/strong>. Seguiremos hacia el desierto de <strong data-start=\"720\" data-end=\"732\">Merzouga<\/strong>, donde viviremos la experiencia \u00fanica de pasar la noche en un campamento bereber en las dunas de <strong data-start=\"830\" data-end=\"844\">Erg Chebbi<\/strong>.<\/p>\n<p data-start=\"847\" data-end=\"1066\">El viaje contin\u00faa hacia las gargantas del <strong data-start=\"889\" data-end=\"898\">Todra<\/strong> y el valle del <strong data-start=\"914\" data-end=\"923\">Dades<\/strong>, visitando la famosa kasbah de <strong data-start=\"955\" data-end=\"973\">Ait Ben Haddou<\/strong>, antes de finalizar en <strong data-start=\"997\" data-end=\"1010\">Marrakech<\/strong>, donde disfrutaremos de un d\u00eda completo con gu\u00eda local.<\/p>\n<hr data-start=\"1068\" data-end=\"1071\">\n<h2 data-section-id=\"ui5muz\" data-start=\"1073\" data-end=\"1099\">\ud83d\udcc5 Itinerario detallado<\/h2>\n<h3 data-section-id=\"1ygvltw\" data-start=\"1101\" data-end=\"1138\"><span style=\"color: #ff6600;\">D\u00eda 1: T\u00e1nger \u2013 Chefchaouen \u2013 Fez<\/span><\/h3>\n<p data-start=\"1139\" data-end=\"1405\">Recepci\u00f3n en el puerto o aeropuerto de T\u00e1nger. Salida hacia Chefchaouen atravesando las monta\u00f1as del Rif y pasando por Tetu\u00e1n.<br data-start=\"1265\" data-end=\"1268\">Tiempo libre para explorar la medina azul, almorzar y disfrutar de su encanto \u00fanico.<br data-start=\"1352\" data-end=\"1355\">Continuaci\u00f3n hacia Fez. Noche en riad tradicional.<\/p>\n<hr data-start=\"1407\" data-end=\"1410\">\n<h3 data-section-id=\"7txv89\" data-start=\"1412\" data-end=\"1461\"><span style=\"color: #ff6600;\">D\u00eda 2: Chefchaouen \u2013 Volubilis \u2013 Meknes \u2013 Fez<\/span><\/h3>\n<p data-start=\"1462\" data-end=\"1692\">Despu\u00e9s del desayuno, salida hacia Volubilis pasando por Ouazzane.<br data-start=\"1528\" data-end=\"1531\">Visita guiada a las ruinas romanas.<br data-start=\"1566\" data-end=\"1569\">Continuaci\u00f3n a Meknes: visita de la medina, <strong data-start=\"1613\" data-end=\"1628\">Bab Mansour<\/strong> y el mausoleo de Moulay Ismail.<br data-start=\"1660\" data-end=\"1663\">Regreso a Fez. Noche en riad.<\/p>\n<hr data-start=\"1694\" data-end=\"1697\">\n<h3 data-section-id=\"pygs40\" data-start=\"1699\" data-end=\"1729\"><span style=\"color: #ff6600;\">D\u00eda 3: Fez (Visita guiada)<\/span><\/h3>\n<p data-start=\"1730\" data-end=\"1794\">D\u00eda completo para descubrir Fez, la ciudad imperial m\u00e1s antigua:<\/p>\n<ul data-start=\"1796\" data-end=\"1947\">\n<li data-section-id=\"4zqbrf\" data-start=\"1796\" data-end=\"1812\">Palacio Real<\/li>\n<li data-section-id=\"1laiihg\" data-start=\"1813\" data-end=\"1838\">Barrio jud\u00edo (Mellah)<\/li>\n<li data-section-id=\"amn93\" data-start=\"1839\" data-end=\"1868\">Universidad Al Qarawiyyin<\/li>\n<li data-section-id=\"1vhpa5z\" data-start=\"1869\" data-end=\"1898\">Curtidur\u00edas tradicionales<\/li>\n<li data-section-id=\"b5cta1\" data-start=\"1899\" data-end=\"1917\">Museo Attarine<\/li>\n<li data-section-id=\"zd2f1b\" data-start=\"1918\" data-end=\"1947\">Mausoleo de Moulay Idriss<\/li>\n<\/ul>\n<p data-start=\"1949\" data-end=\"1994\">Vista panor\u00e1mica de la medina. Noche en riad.<\/p>\n<hr data-start=\"1996\" data-end=\"1999\">\n<h3 data-section-id=\"5q3bb0\" data-start=\"2001\" data-end=\"2052\"><span style=\"color: #ff6600;\">D\u00eda 4: Fez \u2013 Ifrane \u2013 Azrou \u2013 Midelt \u2013 Merzouga<\/span><\/h3>\n<p data-start=\"2053\" data-end=\"2078\">Salida hacia el desierto:<\/p>\n<ul data-start=\"2080\" data-end=\"2195\">\n<li data-section-id=\"2bvj40\" data-start=\"2080\" data-end=\"2122\">Parada en Ifrane (la \u201cSuiza marroqu\u00ed\u201d)<\/li>\n<li data-section-id=\"10sbeyc\" data-start=\"2123\" data-end=\"2172\">Bosque de cedros de Azrou (monos de Berber\u00eda)<\/li>\n<li data-section-id=\"hi86p5\" data-start=\"2173\" data-end=\"2195\">Almuerzo en Midelt<\/li>\n<\/ul>\n<p data-start=\"2197\" data-end=\"2341\">Continuaci\u00f3n hacia Merzouga v\u00eda el valle del Ziz.<br data-start=\"2246\" data-end=\"2249\">Paseo en camello por las dunas de Erg Chebbi.<br data-start=\"2294\" data-end=\"2297\">Noche en campamento bereber (cena incluida).<\/p>\n<hr data-start=\"2343\" data-end=\"2346\">\n<h3 data-section-id=\"mls0e1\" data-start=\"2348\" data-end=\"2393\"><span style=\"color: #ff6600;\">D\u00eda 5: Merzouga \u2013 Todra \u2013 Valle del Dades<\/span><\/h3>\n<p data-start=\"2394\" data-end=\"2550\">Amanecer en el desierto y desayuno.<br data-start=\"2429\" data-end=\"2432\">Salida hacia las gargantas del Todra, paseo y almuerzo.<br data-start=\"2487\" data-end=\"2490\">Continuaci\u00f3n hacia el Valle del Dades.<br data-start=\"2528\" data-end=\"2531\">Cena y alojamiento.<\/p>\n<hr data-start=\"2552\" data-end=\"2555\">\n<h3 data-section-id=\"15l7dtc\" data-start=\"2557\" data-end=\"2615\"><span style=\"color: #ff6600;\">D\u00eda 6: Dades \u2013 Ouarzazate \u2013 Ait Ben Haddou \u2013 Marrakech<\/span><\/h3>\n<p data-start=\"2616\" data-end=\"2640\">Ruta de las mil kasbahs:<\/p>\n<ul data-start=\"2642\" data-end=\"2736\">\n<li data-section-id=\"31rpoc\" data-start=\"2642\" data-end=\"2660\">Kalaat M\u2019Gouna<\/li>\n<li data-section-id=\"w54qvk\" data-start=\"2661\" data-end=\"2675\">Ouarzazate<\/li>\n<li data-section-id=\"1uc4cl1\" data-start=\"2676\" data-end=\"2736\">Visita a la kasbah de Ait Ben Haddou (Patrimonio UNESCO)<\/li>\n<\/ul>\n<p data-start=\"2738\" data-end=\"2823\">Cruce del Alto Atlas por el paso Tizi n\u2019Tichka.<br data-start=\"2785\" data-end=\"2788\">Llegada a Marrakech. Noche en riad.<\/p>\n<hr data-start=\"2825\" data-end=\"2828\">\n<h3 data-section-id=\"16ym405\" data-start=\"2830\" data-end=\"2866\"><span style=\"color: #ff6600;\">D\u00eda 7: Marrakech (Visita guiada)<\/span><\/h3>\n<p data-start=\"2867\" data-end=\"2900\">Descubrimiento de la ciudad roja:<\/p>\n<ul data-start=\"2902\" data-end=\"2984\">\n<li data-section-id=\"ijwdlr\" data-start=\"2902\" data-end=\"2924\">Jardines Majorelle<\/li>\n<li data-section-id=\"1c5puzb\" data-start=\"2925\" data-end=\"2947\">Mezquita Koutoubia<\/li>\n<li data-section-id=\"1c3t5rs\" data-start=\"2948\" data-end=\"2966\">Tumbas Saad\u00edes<\/li>\n<li data-section-id=\"6s5mgm\" data-start=\"2967\" data-end=\"2984\">Palacio Bah\u00eda<\/li>\n<\/ul>\n<p data-start=\"2986\" data-end=\"3061\">Paseo por los zocos y la plaza Jemaa el-Fna.<br data-start=\"3030\" data-end=\"3033\">Tiempo libre. Noche en riad.<\/p>\n<hr data-start=\"3063\" data-end=\"3066\">\n<h3 data-section-id=\"7p1blz\" data-start=\"3068\" data-end=\"3101\"><span style=\"color: #ff6600;\">D\u00eda 8: Marrakech \u2013 Aeropuerto<\/span><\/h3>\n<p data-start=\"3102\" data-end=\"3152\">Traslado al aeropuerto. Fin de nuestros servicios.<\/p>\n<hr data-start=\"3154\" data-end=\"3157\">\n<h2 data-section-id=\"1h75j5d\" data-start=\"3159\" data-end=\"3181\">\u2705 <span style=\"color: #ff6600;\">Qu\u00e9 est\u00e1 incluido<\/span><\/h2>\n<ul data-start=\"3182\" data-end=\"3410\">\n<li data-section-id=\"4ok1vv\" data-start=\"3182\" data-end=\"3227\">Transporte privado con aire acondicionado<\/li>\n<li data-section-id=\"khxukc\" data-start=\"3228\" data-end=\"3258\">Conductor\/gu\u00eda multiling\u00fce<\/li>\n<li data-section-id=\"1xlc6vv\" data-start=\"3259\" data-end=\"3274\">Combustible<\/li>\n<li data-section-id=\"h0295u\" data-start=\"3275\" data-end=\"3303\">6 noches en hotel o riad<\/li>\n<li data-section-id=\"hsy8p0\" data-start=\"3304\" data-end=\"3362\">1 noche en campamento en el desierto (cena y desayuno)<\/li>\n<li data-section-id=\"1vuo7la\" data-start=\"3363\" data-end=\"3383\">Paseo en camello<\/li>\n<li data-section-id=\"kwtxci\" data-start=\"3384\" data-end=\"3410\">Sandboard en las dunas<\/li>\n<\/ul>\n<hr data-start=\"3412\" data-end=\"3415\">\n<h2 data-section-id=\"ak0hx3\" data-start=\"3417\" data-end=\"3433\">\u274c <span style=\"color: #ff6600;\">No incluido<\/span><\/h2>\n<ul data-start=\"3434\" data-end=\"3520\">\n<li data-section-id=\"u610en\" data-start=\"3434\" data-end=\"3457\">Almuerzos y bebidas<\/li>\n<li data-section-id=\"1u6l1ge\" data-start=\"3458\" data-end=\"3468\">Vuelos<\/li>\n<li data-section-id=\"k8ve4k\" data-start=\"3469\" data-end=\"3494\">Entradas a monumentos<\/li>\n<li data-section-id=\"vv5lpx\" data-start=\"3495\" data-end=\"3520\">Alojamiento en T\u00e1nger<\/li>\n<\/ul>\n<hr data-start=\"3522\" data-end=\"3525\">\n<h2 data-section-id=\"1tqg974\" data-start=\"3527\" data-end=\"3547\">\u2728 Personalizaci\u00f3n<\/h2>\n<p data-start=\"3548\" data-end=\"3698\">Si deseas modificar este itinerario, no dudes en contactarnos. Adaptamos el viaje a tus necesidades para ofrecerte una experiencia \u00fanica en Marruecos.<\/p>\n","protected":false},"excerpt":{"rendered":"<p>\ud83c\udf0d Tour de 8 D\u00edas por Marruecos: De T\u00e1nger a Marrakech Durante este tour de 8 d\u00edas, comenzaremos nuestro viaje desde T\u00e1nger hacia la encantadora ciudad azul de Chefchaouen, atravesando las monta\u00f1as del Rif. Continuaremos hacia las impresionantes ruinas romanas de Volubilis, la ciudad imperial de Meknes y dedicaremos un d\u00eda completo a explorar Fez&#8230;<\/p>\n","protected":false},"author":1,"featured_media":0,"parent":0,"menu_order":0,"comment_status":"closed","ping_status":"closed","template":"","meta":{"ngg_post_thumbnail":0,"_kad_post_transparent":"default","_kad_post_title":"default","_kad_post_layout":"default","_kad_post_sidebar_id":"","_kad_post_content_style":"default","_kad_post_vertical_padding":"default","_kad_post_feature":"","_kad_post_feature_position":"","_kad_post_header":false,"_kad_post_footer":false,"footnotes":""},"class_list":["post-10888","page","type-page","status-publish","hentry"],"yoast_head":"<!-- This site is optimized with the Yoast SEO plugin v21.5 - https:\/\/yoast.com\/wordpress\/plugins\/seo\/ -->\n<title>8-dias-de-tanger-hacia-chefchaouen-a-fez<\/title>\n<meta name=\"description\" content=\"&quot;Marruecos vacaciones, Marruecos consejos de viaje, Marruecos viajes privados, vacaciones a Marruecos, Marruecos viaje, mejor \u00e9poca para visitar Marruecos, vacaciones Marruecos, viajes en Marruecos, Marruecos tours del desierto, Marruecos turismo,&quot;\" \/>\n<meta name=\"robots\" content=\"index, follow, max-snippet:-1, max-image-preview:large, max-video-preview:-1\" \/>\n<link rel=\"canonical\" href=\"https:\/\/discoverysaharatours.com\/es\/8-dias-de-tanger-hacia-chefchaouen-a-fez\/\" \/>\n<meta property=\"og:locale\" content=\"en_US\" \/>\n<meta property=\"og:type\" content=\"article\" \/>\n<meta property=\"og:title\" content=\"https:\/\/web.facebook.com\/Discovery.sahara\/\" \/>\n<meta property=\"og:description\" content=\"Discovery Sahara Tours es una agencia local en Marruecos muy especializada en organizar rutas por el desierto, con veh\u00edculos 4\u00d74 que facilitan el acceso a las pistas, a los lugares menos tur\u00edsticos y m\u00e1s aut\u00e9nticos, para disfrutar de la comodidad y el confort de sus ventajas. Con excursiones en dromedarios hasta llegar a los campamentos situados en medio de las dunas y poder disfrutar de una noche bajo las estrellas. Visitar familias bereberes, compartir su estilo de vida y costumbres. Con excursiones a pie hasta llegar al oasis frecuentado por n\u00f3madas\" \/>\n<meta property=\"og:url\" content=\"https:\/\/discoverysaharatours.com\/es\/8-dias-de-tanger-hacia-chefchaouen-a-fez\/\" \/>\n<meta property=\"og:site_name\" content=\"Discovery Sahara Tours\" \/>\n<meta property=\"article:modified_time\" content=\"2026-04-09T09:56:16+00:00\" \/>\n<meta property=\"og:image\" content=\"https:\/\/discoverysaharatours.com\/es\/wp-content\/uploads\/2022\/10\/cropped-logo-Discovery-Sahara-Tours.png\" \/>\n\t<meta property=\"og:image:width\" content=\"512\" \/>\n\t<meta property=\"og:image:height\" content=\"512\" \/>\n\t<meta property=\"og:image:type\" content=\"image\/png\" \/>\n<meta name=\"twitter:card\" content=\"summary_large_image\" \/>\n<meta name=\"twitter:label1\" content=\"Est. reading time\" \/>\n\t<meta name=\"twitter:data1\" content=\"3 minutes\" \/>\n<script type=\"application\/ld+json\" class=\"yoast-schema-graph\">{\"@context\":\"https:\/\/schema.org\",\"@graph\":[{\"@type\":\"WebPage\",\"@id\":\"https:\/\/discoverysaharatours.com\/es\/8-dias-de-tanger-hacia-chefchaouen-a-fez\/\",\"url\":\"https:\/\/discoverysaharatours.com\/es\/8-dias-de-tanger-hacia-chefchaouen-a-fez\/\",\"name\":\"8-dias-de-tanger-hacia-chefchaouen-a-fez\",\"isPartOf\":{\"@id\":\"https:\/\/discoverysaharatours.com\/es\/#website\"},\"datePublished\":\"2018-11-02T17:16:55+00:00\",\"dateModified\":\"2026-04-09T09:56:16+00:00\",\"description\":\"\\\"Marruecos vacaciones, Marruecos consejos de viaje, Marruecos viajes privados, vacaciones a Marruecos, Marruecos viaje, mejor \u00e9poca para visitar Marruecos, vacaciones Marruecos, viajes en Marruecos, Marruecos tours del desierto, Marruecos turismo,\\\"\",\"breadcrumb\":{\"@id\":\"https:\/\/discoverysaharatours.com\/es\/8-dias-de-tanger-hacia-chefchaouen-a-fez\/#breadcrumb\"},\"inLanguage\":\"en-US\",\"potentialAction\":[{\"@type\":\"ReadAction\",\"target\":[\"https:\/\/discoverysaharatours.com\/es\/8-dias-de-tanger-hacia-chefchaouen-a-fez\/\"]}]},{\"@type\":\"BreadcrumbList\",\"@id\":\"https:\/\/discoverysaharatours.com\/es\/8-dias-de-tanger-hacia-chefchaouen-a-fez\/#breadcrumb\",\"itemListElement\":[{\"@type\":\"ListItem\",\"position\":1,\"name\":\"Home\",\"item\":\"https:\/\/discoverysaharatours.com\/es\/\"},{\"@type\":\"ListItem\",\"position\":2,\"name\":\"8 d\u00edas de Tanger hacia Chefchaouen a Fez\"}]},{\"@type\":\"WebSite\",\"@id\":\"https:\/\/discoverysaharatours.com\/es\/#website\",\"url\":\"https:\/\/discoverysaharatours.com\/es\/\",\"name\":\"Discovery Sahara Tours\",\"description\":\"Morocco Desert Tours \/ Tours &amp; Excursions in Morocco\",\"publisher\":{\"@id\":\"https:\/\/discoverysaharatours.com\/es\/#organization\"},\"potentialAction\":[{\"@type\":\"SearchAction\",\"target\":{\"@type\":\"EntryPoint\",\"urlTemplate\":\"https:\/\/discoverysaharatours.com\/es\/?s={search_term_string}\"},\"query-input\":\"required name=search_term_string\"}],\"inLanguage\":\"en-US\"},{\"@type\":\"Organization\",\"@id\":\"https:\/\/discoverysaharatours.com\/es\/#organization\",\"name\":\"Discovery Sahara Tours\",\"url\":\"https:\/\/discoverysaharatours.com\/es\/\",\"logo\":{\"@type\":\"ImageObject\",\"inLanguage\":\"en-US\",\"@id\":\"https:\/\/discoverysaharatours.com\/es\/#\/schema\/logo\/image\/\",\"url\":\"https:\/\/discoverysaharatours.com\/es\/wp-content\/uploads\/2022\/10\/logo-Discovery-Sahara-Tours.png\",\"contentUrl\":\"https:\/\/discoverysaharatours.com\/es\/wp-content\/uploads\/2022\/10\/logo-Discovery-Sahara-Tours.png\",\"width\":557,\"height\":486,\"caption\":\"Discovery Sahara Tours\"},\"image\":{\"@id\":\"https:\/\/discoverysaharatours.com\/es\/#\/schema\/logo\/image\/\"}}]}<\/script>\n<!-- \/ Yoast SEO plugin. -->","yoast_head_json":{"title":"8-dias-de-tanger-hacia-chefchaouen-a-fez","description":"\"Marruecos vacaciones, Marruecos consejos de viaje, Marruecos viajes privados, vacaciones a Marruecos, Marruecos viaje, mejor \u00e9poca para visitar Marruecos, vacaciones Marruecos, viajes en Marruecos, Marruecos tours del desierto, Marruecos turismo,\"","robots":{"index":"index","follow":"follow","max-snippet":"max-snippet:-1","max-image-preview":"max-image-preview:large","max-video-preview":"max-video-preview:-1"},"canonical":"https:\/\/discoverysaharatours.com\/es\/8-dias-de-tanger-hacia-chefchaouen-a-fez\/","og_locale":"en_US","og_type":"article","og_title":"https:\/\/web.facebook.com\/Discovery.sahara\/","og_description":"Discovery Sahara Tours es una agencia local en Marruecos muy especializada en organizar rutas por el desierto, con veh\u00edculos 4\u00d74 que facilitan el acceso a las pistas, a los lugares menos tur\u00edsticos y m\u00e1s aut\u00e9nticos, para disfrutar de la comodidad y el confort de sus ventajas. Con excursiones en dromedarios hasta llegar a los campamentos situados en medio de las dunas y poder disfrutar de una noche bajo las estrellas. Visitar familias bereberes, compartir su estilo de vida y costumbres. Con excursiones a pie hasta llegar al oasis frecuentado por n\u00f3madas","og_url":"https:\/\/discoverysaharatours.com\/es\/8-dias-de-tanger-hacia-chefchaouen-a-fez\/","og_site_name":"Discovery Sahara Tours","article_modified_time":"2026-04-09T09:56:16+00:00","og_image":[{"width":512,"height":512,"url":"https:\/\/discoverysaharatours.com\/es\/wp-content\/uploads\/2022\/10\/cropped-logo-Discovery-Sahara-Tours.png","type":"image\/png"}],"twitter_card":"summary_large_image","twitter_misc":{"Est. reading time":"3 minutes"},"schema":{"@context":"https:\/\/schema.org","@graph":[{"@type":"WebPage","@id":"https:\/\/discoverysaharatours.com\/es\/8-dias-de-tanger-hacia-chefchaouen-a-fez\/","url":"https:\/\/discoverysaharatours.com\/es\/8-dias-de-tanger-hacia-chefchaouen-a-fez\/","name":"8-dias-de-tanger-hacia-chefchaouen-a-fez","isPartOf":{"@id":"https:\/\/discoverysaharatours.com\/es\/#website"},"datePublished":"2018-11-02T17:16:55+00:00","dateModified":"2026-04-09T09:56:16+00:00","description":"\"Marruecos vacaciones, Marruecos consejos de viaje, Marruecos viajes privados, vacaciones a Marruecos, Marruecos viaje, mejor \u00e9poca para visitar Marruecos, vacaciones Marruecos, viajes en Marruecos, Marruecos tours del desierto, Marruecos turismo,\"","breadcrumb":{"@id":"https:\/\/discoverysaharatours.com\/es\/8-dias-de-tanger-hacia-chefchaouen-a-fez\/#breadcrumb"},"inLanguage":"en-US","potentialAction":[{"@type":"ReadAction","target":["https:\/\/discoverysaharatours.com\/es\/8-dias-de-tanger-hacia-chefchaouen-a-fez\/"]}]},{"@type":"BreadcrumbList","@id":"https:\/\/discoverysaharatours.com\/es\/8-dias-de-tanger-hacia-chefchaouen-a-fez\/#breadcrumb","itemListElement":[{"@type":"ListItem","position":1,"name":"Home","item":"https:\/\/discoverysaharatours.com\/es\/"},{"@type":"ListItem","position":2,"name":"8 d\u00edas de Tanger hacia Chefchaouen a Fez"}]},{"@type":"WebSite","@id":"https:\/\/discoverysaharatours.com\/es\/#website","url":"https:\/\/discoverysaharatours.com\/es\/","name":"Discovery Sahara Tours","description":"Morocco Desert Tours \/ Tours &amp; Excursions in Morocco","publisher":{"@id":"https:\/\/discoverysaharatours.com\/es\/#organization"},"potentialAction":[{"@type":"SearchAction","target":{"@type":"EntryPoint","urlTemplate":"https:\/\/discoverysaharatours.com\/es\/?s={search_term_string}"},"query-input":"required name=search_term_string"}],"inLanguage":"en-US"},{"@type":"Organization","@id":"https:\/\/discoverysaharatours.com\/es\/#organization","name":"Discovery Sahara Tours","url":"https:\/\/discoverysaharatours.com\/es\/","logo":{"@type":"ImageObject","inLanguage":"en-US","@id":"https:\/\/discoverysaharatours.com\/es\/#\/schema\/logo\/image\/","url":"https:\/\/discoverysaharatours.com\/es\/wp-content\/uploads\/2022\/10\/logo-Discovery-Sahara-Tours.png","contentUrl":"https:\/\/discoverysaharatours.com\/es\/wp-content\/uploads\/2022\/10\/logo-Discovery-Sahara-Tours.png","width":557,"height":486,"caption":"Discovery Sahara Tours"},"image":{"@id":"https:\/\/discoverysaharatours.com\/es\/#\/schema\/logo\/image\/"}}]}},"_links":{"self":[{"href":"https:\/\/discoverysaharatours.com\/es\/wp-json\/wp\/v2\/pages\/10888","targetHints":{"allow":["GET"]}}],"collection":[{"href":"https:\/\/discoverysaharatours.com\/es\/wp-json\/wp\/v2\/pages"}],"about":[{"href":"https:\/\/discoverysaharatours.com\/es\/wp-json\/wp\/v2\/types\/page"}],"author":[{"embeddable":true,"href":"https:\/\/discoverysaharatours.com\/es\/wp-json\/wp\/v2\/users\/1"}],"replies":[{"embeddable":true,"href":"https:\/\/discoverysaharatours.com\/es\/wp-json\/wp\/v2\/comments?post=10888"}],"version-history":[{"count":4,"href":"https:\/\/discoverysaharatours.com\/es\/wp-json\/wp\/v2\/pages\/10888\/revisions"}],"predecessor-version":[{"id":19741,"href":"https:\/\/discoverysaharatours.com\/es\/wp-json\/wp\/v2\/pages\/10888\/revisions\/19741"}],"wp:attachment":[{"href":"https:\/\/discoverysaharatours.com\/es\/wp-json\/wp\/v2\/media?parent=10888"}],"curies":[{"name":"wp","href":"https:\/\/api.w.org\/{rel}","templated":true}]}}