{"id":10890,"date":"2018-11-02T17:17:59","date_gmt":"2018-11-02T17:17:59","guid":{"rendered":"https:\/\/www.discoverysaharatours.com\/?page_id=10890"},"modified":"2026-04-09T09:58:34","modified_gmt":"2026-04-09T09:58:34","slug":"8-dias-de-tanger-hacia-chefchaouen-a-fez-2","status":"publish","type":"page","link":"https:\/\/discoverysaharatours.com\/es\/8-dias-de-tanger-hacia-chefchaouen-a-fez-2\/","title":{"rendered":"8 d\u00edas de Tanger hacia Chefchaouen a Fez"},"content":{"rendered":"<h2 data-section-id=\"1lrvoxi\" data-start=\"128\" data-end=\"186\">\ud83c\udf0d Tour de 8 d\u00edas desde T\u00e1nger a Marrakech v\u00eda desierto<\/h2>\n<p data-start=\"188\" data-end=\"505\">Durante este tour de 8 d\u00edas, comenzaremos nuestro viaje desde T\u00e1nger hacia Chefchaouen (la famosa ciudad azul), atravesando las monta\u00f1as del Rif. Luego visitaremos Volubilis, las impresionantes ruinas romanas, y continuaremos hacia la ciudad imperial de Meknes. Disfrutaremos de un d\u00eda completo en Fez con gu\u00eda local.<\/p>\n<p data-start=\"507\" data-end=\"752\">Posteriormente, cruzaremos el Medio Atlas pasando por Ifrane (conocida como la \u201cSuiza de Marruecos\u201d), Azrou y su bosque de cedros. Seguiremos hacia Midelt, el paso de Tizi N&#8217;Talghomt (1907 m), el valle del Ziz y las ciudades de Erfoud y Rissani.<\/p>\n<p data-start=\"754\" data-end=\"1070\">En el desierto de Merzouga viviremos una experiencia \u00fanica con paseo en camello y noche en campamento bereber. Despu\u00e9s, continuaremos hacia Marrakech pasando por el mercado de Rissani, las gargantas del Todra y del Dades, y la famosa kasbah de Ait Ben Haddou. Finalizaremos el viaje con un d\u00eda completo en Marrakech.<\/p>\n<hr data-start=\"1072\" data-end=\"1075\">\n<h2 data-section-id=\"ui5muz\" data-start=\"1077\" data-end=\"1103\">\ud83d\udcc5 Itinerario detallado<\/h2>\n<h3 data-section-id=\"tvgnhw\" data-start=\"1105\" data-end=\"1145\">\ud83d\udccd<span style=\"color: #ff6600;\"> D\u00eda 1: T\u00e1nger \u2013 Chefchaouen \u2013 Fez<\/span><\/h3>\n<p data-start=\"1146\" data-end=\"1380\">Recogida en el puerto o aeropuerto de T\u00e1nger. Viaje a trav\u00e9s de las monta\u00f1as del Rif pasando por Tetu\u00e1n hasta llegar a Chefchaouen. Tiempo libre para almuerzo y visita de la medina. Por la tarde, continuaci\u00f3n hacia Fez. Noche en riad.<\/p>\n<hr data-start=\"1382\" data-end=\"1385\">\n<h3 data-section-id=\"1n626ll\" data-start=\"1387\" data-end=\"1439\">\ud83d\udccd<span style=\"color: #ff6600;\"> D\u00eda 2: Chefchaouen \u2013 Volubilis \u2013 Meknes \u2013 Fez<\/span><\/h3>\n<p data-start=\"1440\" data-end=\"1655\">Salida hacia Volubilis, importante sitio arqueol\u00f3gico romano. Visita guiada de las ruinas. Continuaci\u00f3n a Meknes para descubrir su medina, Bab El Mansour y el mausoleo de Moulay Ismail. Regreso a Fez. Noche en riad.<\/p>\n<hr data-start=\"1657\" data-end=\"1660\">\n<h3 data-section-id=\"ewkhuo\" data-start=\"1662\" data-end=\"1695\">\ud83d\udccd<span style=\"color: #ff6600;\"> D\u00eda 3: Fez (Visita guiada)<\/span><\/h3>\n<p data-start=\"1696\" data-end=\"1760\">Exploraci\u00f3n de Fez, la ciudad imperial m\u00e1s antigua de Marruecos:<\/p>\n<ul data-start=\"1761\" data-end=\"1912\">\n<li data-section-id=\"4zqbrf\" data-start=\"1761\" data-end=\"1777\">Palacio Real<\/li>\n<li data-section-id=\"1uswud0\" data-start=\"1778\" data-end=\"1803\">Mellah (barrio jud\u00edo)<\/li>\n<li data-section-id=\"amn93\" data-start=\"1804\" data-end=\"1833\">Universidad Al Qarawiyyin<\/li>\n<li data-section-id=\"1vhpa5z\" data-start=\"1834\" data-end=\"1863\">Curtidur\u00edas tradicionales<\/li>\n<li data-section-id=\"b5cta1\" data-start=\"1864\" data-end=\"1882\">Museo Attarine<\/li>\n<li data-section-id=\"zd2f1b\" data-start=\"1883\" data-end=\"1912\">Mausoleo de Moulay Idriss<\/li>\n<\/ul>\n<p data-start=\"1914\" data-end=\"1959\">Vista panor\u00e1mica de la medina. Noche en riad.<\/p>\n<hr data-start=\"1961\" data-end=\"1964\">\n<h3 data-section-id=\"1v1yr2k\" data-start=\"1966\" data-end=\"2020\">\ud83d\udccd <span style=\"color: #ff6600;\">D\u00eda 4: Fez \u2013 Ifrane \u2013 Azrou \u2013 Midelt \u2013 Merzouga<\/span><\/h3>\n<p data-start=\"2021\" data-end=\"2070\">Salida hacia el desierto cruzando el Medio Atlas:<\/p>\n<ul data-start=\"2071\" data-end=\"2162\">\n<li data-section-id=\"tggwsf\" data-start=\"2071\" data-end=\"2081\">Ifrane<\/li>\n<li data-section-id=\"1u17rra\" data-start=\"2082\" data-end=\"2122\">Bosque de cedros (monos de Berber\u00eda)<\/li>\n<li data-section-id=\"1jknqhv\" data-start=\"2123\" data-end=\"2144\">Midelt (almuerzo)<\/li>\n<li data-section-id=\"1l0kzzy\" data-start=\"2145\" data-end=\"2162\">Valle del Ziz<\/li>\n<\/ul>\n<p data-start=\"2164\" data-end=\"2263\">Llegada a Merzouga. Paseo en camello al atardecer y noche en campamento en las dunas de Erg Chebbi.<\/p>\n<hr data-start=\"2265\" data-end=\"2268\">\n<h3 data-section-id=\"1lgjeta\" data-start=\"2270\" data-end=\"2332\">\ud83d\udccd <span style=\"color: #ff6600;\">D\u00eda 5: Merzouga \u2013 Gargantas del Todra \u2013 Valle del Dades<\/span><\/h3>\n<p data-start=\"2333\" data-end=\"2489\">Amanecer en el desierto y regreso en camello. Viaje hacia las gargantas del Todra, paseo y almuerzo. Continuaci\u00f3n al valle del Dades. Cena y noche en hotel.<\/p>\n<hr data-start=\"2491\" data-end=\"2494\">\n<h3 data-section-id=\"1cl9kzj\" data-start=\"2496\" data-end=\"2567\">\ud83d\udccd <span style=\"color: #ff6600;\">D\u00eda 6: Valle del Dades \u2013 Ouarzazate \u2013 Ait Ben Haddou \u2013 Marrakech<\/span><\/h3>\n<p data-start=\"2568\" data-end=\"2605\">Ruta por el valle de las mil kasbahs:<\/p>\n<ul data-start=\"2606\" data-end=\"2677\">\n<li data-section-id=\"17w4748\" data-start=\"2606\" data-end=\"2623\">Kalaa M\u2019Gouna<\/li>\n<li data-section-id=\"w54qvk\" data-start=\"2624\" data-end=\"2638\">Ouarzazate<\/li>\n<li data-section-id=\"gn5o62\" data-start=\"2639\" data-end=\"2677\">Ait Ben Haddou (Patrimonio UNESCO)<\/li>\n<\/ul>\n<p data-start=\"2679\" data-end=\"2764\">Cruce del Alto Atlas por el puerto Tizi n\u2019Tichka. Llegada a Marrakech. Noche en riad.<\/p>\n<hr data-start=\"2766\" data-end=\"2769\">\n<h3 data-section-id=\"123esfp\" data-start=\"2771\" data-end=\"2810\">\ud83d\udccd <span style=\"color: #ff6600;\">D\u00eda 7: Marrakech (Visita guiada)<\/span><\/h3>\n<p data-start=\"2811\" data-end=\"2839\">Descubrimiento de Marrakech:<\/p>\n<ul data-start=\"2840\" data-end=\"2946\">\n<li data-section-id=\"ijwdlr\" data-start=\"2840\" data-end=\"2862\">Jardines Majorelle<\/li>\n<li data-section-id=\"1c5puzb\" data-start=\"2863\" data-end=\"2885\">Mezquita Koutoubia<\/li>\n<li data-section-id=\"1c3t5rs\" data-start=\"2886\" data-end=\"2904\">Tumbas Saad\u00edes<\/li>\n<li data-section-id=\"6s5mgm\" data-start=\"2905\" data-end=\"2922\">Palacio Bah\u00eda<\/li>\n<li data-section-id=\"178mq9k\" data-start=\"2923\" data-end=\"2946\">Zocos tradicionales<\/li>\n<\/ul>\n<p data-start=\"2948\" data-end=\"2985\">Tarde libre en la plaza Jemaa el-Fna.<\/p>\n<hr data-start=\"2987\" data-end=\"2990\">\n<h3 data-section-id=\"p0qbhz\" data-start=\"2992\" data-end=\"3028\">\ud83d\udccd <span style=\"color: #ff6600;\">D\u00eda 8: Marrakech \u2013 Aeropuerto<\/span><\/h3>\n<p data-start=\"3029\" data-end=\"3079\">Traslado al aeropuerto. Fin de nuestros servicios.<\/p>\n<hr data-start=\"3081\" data-end=\"3084\">\n<h2 data-section-id=\"1ihfk73\" data-start=\"3086\" data-end=\"3099\">\u2705<span style=\"color: #ff6600;\"> Incluido<\/span><\/h2>\n<ul data-start=\"3100\" data-end=\"3349\">\n<li data-section-id=\"1rb7pzx\" data-start=\"3100\" data-end=\"3170\">Transporte privado (4&#215;4, minib\u00fas o autob\u00fas con aire acondicionado)<\/li>\n<li data-section-id=\"khxukc\" data-start=\"3171\" data-end=\"3201\">Conductor\/gu\u00eda multiling\u00fce<\/li>\n<li data-section-id=\"1xlc6vv\" data-start=\"3202\" data-end=\"3217\">Combustible<\/li>\n<li data-section-id=\"h0295u\" data-start=\"3218\" data-end=\"3246\">6 noches en hotel o riad<\/li>\n<li data-section-id=\"hsy8p0\" data-start=\"3247\" data-end=\"3305\">1 noche en campamento en el desierto (cena y desayuno)<\/li>\n<li data-section-id=\"1vuo7la\" data-start=\"3306\" data-end=\"3326\">Paseo en camello<\/li>\n<li data-section-id=\"1407770\" data-start=\"3327\" data-end=\"3349\">Sandboard en dunas<\/li>\n<\/ul>\n<hr data-start=\"3351\" data-end=\"3354\">\n<h2 data-section-id=\"ak0hx3\" data-start=\"3356\" data-end=\"3372\">\u274c<span style=\"color: #ff6600;\"> No incluido<\/span><\/h2>\n<ul data-start=\"3373\" data-end=\"3459\">\n<li data-section-id=\"cra5n3\" data-start=\"3373\" data-end=\"3396\">Bebidas y almuerzos<\/li>\n<li data-section-id=\"1u6l1ge\" data-start=\"3397\" data-end=\"3407\">Vuelos<\/li>\n<li data-section-id=\"k8ve4k\" data-start=\"3408\" data-end=\"3433\">Entradas a monumentos<\/li>\n<li data-section-id=\"vv5lpx\" data-start=\"3434\" data-end=\"3459\">Alojamiento en T\u00e1nger<\/li>\n<\/ul>\n<hr data-start=\"3461\" data-end=\"3464\">\n<p data-start=\"3466\" data-end=\"3591\">\ud83d\udcac <strong data-start=\"3469\" data-end=\"3478\">Nota:<\/strong> Si deseas personalizar este tour, no dudes en contactarnos. Estaremos encantados de adaptarlo a tus necesidades.<\/p>\n","protected":false},"excerpt":{"rendered":"<p>\ud83c\udf0d Tour de 8 d\u00edas desde T\u00e1nger a Marrakech v\u00eda desierto Durante este tour de 8 d\u00edas, comenzaremos nuestro viaje desde T\u00e1nger hacia Chefchaouen (la famosa ciudad azul), atravesando las monta\u00f1as del Rif. Luego visitaremos Volubilis, las impresionantes ruinas romanas, y continuaremos hacia la ciudad imperial de Meknes. Disfrutaremos de un d\u00eda completo en Fez&#8230;<\/p>\n","protected":false},"author":1,"featured_media":0,"parent":0,"menu_order":0,"comment_status":"closed","ping_status":"closed","template":"","meta":{"ngg_post_thumbnail":0,"_kad_post_transparent":"default","_kad_post_title":"default","_kad_post_layout":"default","_kad_post_sidebar_id":"","_kad_post_content_style":"default","_kad_post_vertical_padding":"default","_kad_post_feature":"","_kad_post_feature_position":"","_kad_post_header":false,"_kad_post_footer":false,"footnotes":""},"class_list":["post-10890","page","type-page","status-publish","hentry"],"yoast_head":"<!-- This site is optimized with the Yoast SEO plugin v21.5 - https:\/\/yoast.com\/wordpress\/plugins\/seo\/ -->\n<title>8-dias-de-tanger-hacia-chefchaouen-a-fez-2<\/title>\n<meta name=\"description\" content=\"&quot;Marruecos vacaciones, Marruecos consejos de viaje, Marruecos viajes privados, vacaciones a Marruecos, Marruecos viaje, mejor \u00e9poca para visitar Marruecos, vacaciones Marruecos, viajes en Marruecos, Marruecos tours del desierto, Marruecos turismo,&quot;\" \/>\n<meta name=\"robots\" content=\"index, follow, max-snippet:-1, max-image-preview:large, max-video-preview:-1\" \/>\n<link rel=\"canonical\" href=\"https:\/\/discoverysaharatours.com\/es\/8-dias-de-tanger-hacia-chefchaouen-a-fez-2\/\" \/>\n<meta property=\"og:locale\" content=\"en_US\" \/>\n<meta property=\"og:type\" content=\"article\" \/>\n<meta property=\"og:title\" content=\"https:\/\/web.facebook.com\/Discovery.sahara\/\" \/>\n<meta property=\"og:description\" content=\"Discovery Sahara Tours es una agencia local en Marruecos muy especializada en organizar rutas por el desierto, con veh\u00edculos 4\u00d74 que facilitan el acceso a las pistas, a los lugares menos tur\u00edsticos y m\u00e1s aut\u00e9nticos, para disfrutar de la comodidad y el confort de sus ventajas. Con excursiones en dromedarios hasta llegar a los campamentos situados en medio de las dunas y poder disfrutar de una noche bajo las estrellas. Visitar familias bereberes, compartir su estilo de vida y costumbres. Con excursiones a pie hasta llegar al oasis frecuentado por n\u00f3madas.\" \/>\n<meta property=\"og:url\" content=\"https:\/\/discoverysaharatours.com\/es\/8-dias-de-tanger-hacia-chefchaouen-a-fez-2\/\" \/>\n<meta property=\"og:site_name\" content=\"Discovery Sahara Tours\" \/>\n<meta property=\"article:modified_time\" content=\"2026-04-09T09:58:34+00:00\" \/>\n<meta property=\"og:image\" content=\"https:\/\/discoverysaharatours.com\/es\/wp-content\/uploads\/2022\/10\/cropped-logo-Discovery-Sahara-Tours.png\" \/>\n\t<meta property=\"og:image:width\" content=\"512\" \/>\n\t<meta property=\"og:image:height\" content=\"512\" \/>\n\t<meta property=\"og:image:type\" content=\"image\/png\" \/>\n<meta name=\"twitter:card\" content=\"summary_large_image\" \/>\n<meta name=\"twitter:label1\" content=\"Est. reading time\" \/>\n\t<meta name=\"twitter:data1\" content=\"3 minutes\" \/>\n<script type=\"application\/ld+json\" class=\"yoast-schema-graph\">{\"@context\":\"https:\/\/schema.org\",\"@graph\":[{\"@type\":\"WebPage\",\"@id\":\"https:\/\/discoverysaharatours.com\/es\/8-dias-de-tanger-hacia-chefchaouen-a-fez-2\/\",\"url\":\"https:\/\/discoverysaharatours.com\/es\/8-dias-de-tanger-hacia-chefchaouen-a-fez-2\/\",\"name\":\"8-dias-de-tanger-hacia-chefchaouen-a-fez-2\",\"isPartOf\":{\"@id\":\"https:\/\/discoverysaharatours.com\/es\/#website\"},\"datePublished\":\"2018-11-02T17:17:59+00:00\",\"dateModified\":\"2026-04-09T09:58:34+00:00\",\"description\":\"\\\"Marruecos vacaciones, Marruecos consejos de viaje, Marruecos viajes privados, vacaciones a Marruecos, Marruecos viaje, mejor \u00e9poca para visitar Marruecos, vacaciones Marruecos, viajes en Marruecos, Marruecos tours del desierto, Marruecos turismo,\\\"\",\"breadcrumb\":{\"@id\":\"https:\/\/discoverysaharatours.com\/es\/8-dias-de-tanger-hacia-chefchaouen-a-fez-2\/#breadcrumb\"},\"inLanguage\":\"en-US\",\"potentialAction\":[{\"@type\":\"ReadAction\",\"target\":[\"https:\/\/discoverysaharatours.com\/es\/8-dias-de-tanger-hacia-chefchaouen-a-fez-2\/\"]}]},{\"@type\":\"BreadcrumbList\",\"@id\":\"https:\/\/discoverysaharatours.com\/es\/8-dias-de-tanger-hacia-chefchaouen-a-fez-2\/#breadcrumb\",\"itemListElement\":[{\"@type\":\"ListItem\",\"position\":1,\"name\":\"Home\",\"item\":\"https:\/\/discoverysaharatours.com\/es\/\"},{\"@type\":\"ListItem\",\"position\":2,\"name\":\"8 d\u00edas de Tanger hacia Chefchaouen a Fez\"}]},{\"@type\":\"WebSite\",\"@id\":\"https:\/\/discoverysaharatours.com\/es\/#website\",\"url\":\"https:\/\/discoverysaharatours.com\/es\/\",\"name\":\"Discovery Sahara Tours\",\"description\":\"Morocco Desert Tours \/ Tours &amp; Excursions in Morocco\",\"publisher\":{\"@id\":\"https:\/\/discoverysaharatours.com\/es\/#organization\"},\"potentialAction\":[{\"@type\":\"SearchAction\",\"target\":{\"@type\":\"EntryPoint\",\"urlTemplate\":\"https:\/\/discoverysaharatours.com\/es\/?s={search_term_string}\"},\"query-input\":\"required name=search_term_string\"}],\"inLanguage\":\"en-US\"},{\"@type\":\"Organization\",\"@id\":\"https:\/\/discoverysaharatours.com\/es\/#organization\",\"name\":\"Discovery Sahara Tours\",\"url\":\"https:\/\/discoverysaharatours.com\/es\/\",\"logo\":{\"@type\":\"ImageObject\",\"inLanguage\":\"en-US\",\"@id\":\"https:\/\/discoverysaharatours.com\/es\/#\/schema\/logo\/image\/\",\"url\":\"https:\/\/discoverysaharatours.com\/es\/wp-content\/uploads\/2022\/10\/logo-Discovery-Sahara-Tours.png\",\"contentUrl\":\"https:\/\/discoverysaharatours.com\/es\/wp-content\/uploads\/2022\/10\/logo-Discovery-Sahara-Tours.png\",\"width\":557,\"height\":486,\"caption\":\"Discovery Sahara Tours\"},\"image\":{\"@id\":\"https:\/\/discoverysaharatours.com\/es\/#\/schema\/logo\/image\/\"}}]}<\/script>\n<!-- \/ Yoast SEO plugin. -->","yoast_head_json":{"title":"8-dias-de-tanger-hacia-chefchaouen-a-fez-2","description":"\"Marruecos vacaciones, Marruecos consejos de viaje, Marruecos viajes privados, vacaciones a Marruecos, Marruecos viaje, mejor \u00e9poca para visitar Marruecos, vacaciones Marruecos, viajes en Marruecos, Marruecos tours del desierto, Marruecos turismo,\"","robots":{"index":"index","follow":"follow","max-snippet":"max-snippet:-1","max-image-preview":"max-image-preview:large","max-video-preview":"max-video-preview:-1"},"canonical":"https:\/\/discoverysaharatours.com\/es\/8-dias-de-tanger-hacia-chefchaouen-a-fez-2\/","og_locale":"en_US","og_type":"article","og_title":"https:\/\/web.facebook.com\/Discovery.sahara\/","og_description":"Discovery Sahara Tours es una agencia local en Marruecos muy especializada en organizar rutas por el desierto, con veh\u00edculos 4\u00d74 que facilitan el acceso a las pistas, a los lugares menos tur\u00edsticos y m\u00e1s aut\u00e9nticos, para disfrutar de la comodidad y el confort de sus ventajas. Con excursiones en dromedarios hasta llegar a los campamentos situados en medio de las dunas y poder disfrutar de una noche bajo las estrellas. Visitar familias bereberes, compartir su estilo de vida y costumbres. Con excursiones a pie hasta llegar al oasis frecuentado por n\u00f3madas.","og_url":"https:\/\/discoverysaharatours.com\/es\/8-dias-de-tanger-hacia-chefchaouen-a-fez-2\/","og_site_name":"Discovery Sahara Tours","article_modified_time":"2026-04-09T09:58:34+00:00","og_image":[{"width":512,"height":512,"url":"https:\/\/discoverysaharatours.com\/es\/wp-content\/uploads\/2022\/10\/cropped-logo-Discovery-Sahara-Tours.png","type":"image\/png"}],"twitter_card":"summary_large_image","twitter_misc":{"Est. reading time":"3 minutes"},"schema":{"@context":"https:\/\/schema.org","@graph":[{"@type":"WebPage","@id":"https:\/\/discoverysaharatours.com\/es\/8-dias-de-tanger-hacia-chefchaouen-a-fez-2\/","url":"https:\/\/discoverysaharatours.com\/es\/8-dias-de-tanger-hacia-chefchaouen-a-fez-2\/","name":"8-dias-de-tanger-hacia-chefchaouen-a-fez-2","isPartOf":{"@id":"https:\/\/discoverysaharatours.com\/es\/#website"},"datePublished":"2018-11-02T17:17:59+00:00","dateModified":"2026-04-09T09:58:34+00:00","description":"\"Marruecos vacaciones, Marruecos consejos de viaje, Marruecos viajes privados, vacaciones a Marruecos, Marruecos viaje, mejor \u00e9poca para visitar Marruecos, vacaciones Marruecos, viajes en Marruecos, Marruecos tours del desierto, Marruecos turismo,\"","breadcrumb":{"@id":"https:\/\/discoverysaharatours.com\/es\/8-dias-de-tanger-hacia-chefchaouen-a-fez-2\/#breadcrumb"},"inLanguage":"en-US","potentialAction":[{"@type":"ReadAction","target":["https:\/\/discoverysaharatours.com\/es\/8-dias-de-tanger-hacia-chefchaouen-a-fez-2\/"]}]},{"@type":"BreadcrumbList","@id":"https:\/\/discoverysaharatours.com\/es\/8-dias-de-tanger-hacia-chefchaouen-a-fez-2\/#breadcrumb","itemListElement":[{"@type":"ListItem","position":1,"name":"Home","item":"https:\/\/discoverysaharatours.com\/es\/"},{"@type":"ListItem","position":2,"name":"8 d\u00edas de Tanger hacia Chefchaouen a Fez"}]},{"@type":"WebSite","@id":"https:\/\/discoverysaharatours.com\/es\/#website","url":"https:\/\/discoverysaharatours.com\/es\/","name":"Discovery Sahara Tours","description":"Morocco Desert Tours \/ Tours &amp; Excursions in Morocco","publisher":{"@id":"https:\/\/discoverysaharatours.com\/es\/#organization"},"potentialAction":[{"@type":"SearchAction","target":{"@type":"EntryPoint","urlTemplate":"https:\/\/discoverysaharatours.com\/es\/?s={search_term_string}"},"query-input":"required name=search_term_string"}],"inLanguage":"en-US"},{"@type":"Organization","@id":"https:\/\/discoverysaharatours.com\/es\/#organization","name":"Discovery Sahara Tours","url":"https:\/\/discoverysaharatours.com\/es\/","logo":{"@type":"ImageObject","inLanguage":"en-US","@id":"https:\/\/discoverysaharatours.com\/es\/#\/schema\/logo\/image\/","url":"https:\/\/discoverysaharatours.com\/es\/wp-content\/uploads\/2022\/10\/logo-Discovery-Sahara-Tours.png","contentUrl":"https:\/\/discoverysaharatours.com\/es\/wp-content\/uploads\/2022\/10\/logo-Discovery-Sahara-Tours.png","width":557,"height":486,"caption":"Discovery Sahara Tours"},"image":{"@id":"https:\/\/discoverysaharatours.com\/es\/#\/schema\/logo\/image\/"}}]}},"_links":{"self":[{"href":"https:\/\/discoverysaharatours.com\/es\/wp-json\/wp\/v2\/pages\/10890","targetHints":{"allow":["GET"]}}],"collection":[{"href":"https:\/\/discoverysaharatours.com\/es\/wp-json\/wp\/v2\/pages"}],"about":[{"href":"https:\/\/discoverysaharatours.com\/es\/wp-json\/wp\/v2\/types\/page"}],"author":[{"embeddable":true,"href":"https:\/\/discoverysaharatours.com\/es\/wp-json\/wp\/v2\/users\/1"}],"replies":[{"embeddable":true,"href":"https:\/\/discoverysaharatours.com\/es\/wp-json\/wp\/v2\/comments?post=10890"}],"version-history":[{"count":4,"href":"https:\/\/discoverysaharatours.com\/es\/wp-json\/wp\/v2\/pages\/10890\/revisions"}],"predecessor-version":[{"id":19742,"href":"https:\/\/discoverysaharatours.com\/es\/wp-json\/wp\/v2\/pages\/10890\/revisions\/19742"}],"wp:attachment":[{"href":"https:\/\/discoverysaharatours.com\/es\/wp-json\/wp\/v2\/media?parent=10890"}],"curies":[{"name":"wp","href":"https:\/\/api.w.org\/{rel}","templated":true}]}}