{"id":10892,"date":"2018-11-02T17:19:04","date_gmt":"2018-11-02T17:19:04","guid":{"rendered":"https:\/\/www.discoverysaharatours.com\/?page_id=10892"},"modified":"2026-04-05T08:26:18","modified_gmt":"2026-04-05T08:26:18","slug":"12-dias-desde-tanger-a-chefchaouen-y-fez","status":"publish","type":"page","link":"https:\/\/discoverysaharatours.com\/es\/12-dias-desde-tanger-a-chefchaouen-y-fez\/","title":{"rendered":"12 d\u00edas desde Tanger a Chefchaouen y Fez"},"content":{"rendered":"<h2 data-section-id=\"eha9yv\" data-start=\"116\" data-end=\"196\">\ud83e\udded Tour de 12 d\u00edas por Marruecos: de T\u00e1nger al desierto y ciudades imperiales<\/h2>\n<p data-start=\"198\" data-end=\"409\">Durante este fascinante circuito de 12 d\u00edas, descubrir\u00e1s lo mejor de Marruecos: desde el norte mediterr\u00e1neo hasta el desierto del Sahara, pasando por ciudades imperiales, monta\u00f1as del Atlas y la costa atl\u00e1ntica.<\/p>\n<hr data-start=\"411\" data-end=\"414\">\n<h3 data-section-id=\"5qsr4f\" data-start=\"416\" data-end=\"477\">\ud83d\udccd<span style=\"color: #ff6600;\"> D\u00eda 1: Llegada a <span class=\"hover:entity-accent entity-underline inline cursor-pointer align-baseline\"><span class=\"whitespace-normal\">T\u00e1nger<\/span><\/span><\/span><\/h3>\n<p data-start=\"478\" data-end=\"584\">Recepci\u00f3n en el puerto o aeropuerto y traslado al hotel. Tiempo libre para descansar o explorar la ciudad.<\/p>\n<hr data-start=\"586\" data-end=\"589\">\n<h3 data-section-id=\"1imgpz1\" data-start=\"591\" data-end=\"691\">\ud83d\udccd <span style=\"color: #ff6600;\">D\u00eda 2: T\u00e1nger \u2013 <span class=\"hover:entity-accent entity-underline inline cursor-pointer align-baseline\"><span class=\"whitespace-normal\">Tetu\u00e1n<\/span><\/span> \u2013 <span class=\"hover:entity-accent entity-underline inline cursor-pointer align-baseline\"><span class=\"whitespace-normal\">Chefchaouen<\/span><\/span><\/span><\/h3>\n<p data-start=\"692\" data-end=\"855\">Salida hacia Chefchaouen pasando por Tetu\u00e1n y los pueblos tradicionales de la regi\u00f3n de Jbala. Llegada a la famosa \u201cciudad azul\u201d y paseo por su encantadora medina.<\/p>\n<hr data-start=\"857\" data-end=\"860\">\n<h3 data-section-id=\"1bvxlxm\" data-start=\"862\" data-end=\"1007\">\ud83d\udccd <span style=\"color: #ff6600;\">D\u00eda 3: Chefchaouen \u2013 <span class=\"hover:entity-accent entity-underline inline cursor-pointer align-baseline\"><span class=\"whitespace-normal\">Volubilis<\/span><\/span> \u2013 <span class=\"hover:entity-accent entity-underline inline cursor-pointer align-baseline\"><span class=\"whitespace-normal\">Meknes<\/span><\/span> \u2013 <span class=\"hover:entity-accent entity-underline inline cursor-pointer align-baseline\"><span class=\"whitespace-normal\">Fez<\/span><\/span><\/span><\/h3>\n<p data-start=\"1008\" data-end=\"1110\">Visita a las ruinas romanas de Volubilis, continuaci\u00f3n hacia Meknes (ciudad imperial) y llegada a Fez.<\/p>\n<hr data-start=\"1112\" data-end=\"1115\">\n<h3 data-section-id=\"12vjtz\" data-start=\"1117\" data-end=\"1151\">\ud83d\udccd<span style=\"color: #ff6600;\"> D\u00eda 4: Visita guiada de Fez<\/span><\/h3>\n<p data-start=\"1152\" data-end=\"1275\">Exploraci\u00f3n de la medina de Fez, una de las m\u00e1s antiguas del mundo: zocos, curtidur\u00edas, artesanos, y monumentos hist\u00f3ricos.<\/p>\n<hr data-start=\"1277\" data-end=\"1280\">\n<h3 data-section-id=\"1ujpzwo\" data-start=\"1282\" data-end=\"1459\">\ud83d\udccd<span style=\"color: #ff6600;\"> D\u00eda 5: Fez \u2013 <span class=\"hover:entity-accent entity-underline inline cursor-pointer align-baseline\"><span class=\"whitespace-normal\">Ifrane<\/span><\/span> \u2013 <span class=\"hover:entity-accent entity-underline inline cursor-pointer align-baseline\"><span class=\"whitespace-normal\">Azrou<\/span><\/span> \u2013 <span class=\"hover:entity-accent entity-underline inline cursor-pointer align-baseline\"><span class=\"whitespace-normal\">Midelt<\/span><\/span> \u2013 <span class=\"hover:entity-accent entity-underline inline cursor-pointer align-baseline\"><span class=\"whitespace-normal\">Merzouga<\/span><\/span><\/span><\/h3>\n<p data-start=\"1460\" data-end=\"1623\">Ruta por el Medio Atlas: Ifrane (la \u201cSuiza marroqu\u00ed\u201d), bosque de cedros en Azrou, paso de monta\u00f1a Tizi N\u2019Talghomt y valle del Ziz. Llegada al desierto de Merzouga.<\/p>\n<hr data-start=\"1625\" data-end=\"1628\">\n<h3 data-section-id=\"96rl5l\" data-start=\"1630\" data-end=\"1695\">\ud83d\udccd<span style=\"color: #ff6600;\"> D\u00eda 6: Desierto de <span class=\"hover:entity-accent entity-underline inline cursor-pointer align-baseline\"><span class=\"whitespace-normal\">Erg Chebbi<\/span><\/span><\/span><\/h3>\n<p data-start=\"1696\" data-end=\"1869\">Excursi\u00f3n en 4\u00d74 por las dunas, visita a familias n\u00f3madas y pueblo de Khamlia (m\u00fasica Gnawa). Paseo en camello al atardecer y noche en campamento bereber bajo las estrellas.<\/p>\n<hr data-start=\"1871\" data-end=\"1874\">\n<h3 data-section-id=\"udrdkx\" data-start=\"1876\" data-end=\"2024\">\ud83d\udccd <span style=\"color: #ff6600;\">D\u00eda 7: Merzouga \u2013 <span class=\"hover:entity-accent entity-underline inline cursor-pointer align-baseline\"><span class=\"whitespace-normal\">Rissani<\/span><\/span> \u2013 <span class=\"hover:entity-accent entity-underline inline cursor-pointer align-baseline\"><span class=\"whitespace-normal\">Gargantas del Todra<\/span><\/span> \u2013 <span class=\"hover:entity-accent entity-underline inline cursor-pointer align-baseline\"><span class=\"whitespace-normal\">Valle del Dades<\/span><\/span><\/span><\/h3>\n<p data-start=\"2025\" data-end=\"2163\">Salida tras el amanecer en el desierto. Visita a Rissani y continuaci\u00f3n hacia las impresionantes gargantas del Todra y el valle del Dades.<\/p>\n<hr data-start=\"2165\" data-end=\"2168\">\n<h3 data-section-id=\"1o075tx\" data-start=\"2170\" data-end=\"2315\">\ud83d\udccd <span style=\"color: #ff6600;\">D\u00eda 8: Dades \u2013 <span class=\"hover:entity-accent entity-underline inline cursor-pointer align-baseline\"><span class=\"whitespace-normal\">Ouarzazate<\/span><\/span> \u2013 <span class=\"hover:entity-accent entity-underline inline cursor-pointer align-baseline\"><span class=\"whitespace-normal\">Ait Ben Haddou<\/span><\/span> \u2013 <span class=\"hover:entity-accent entity-underline inline cursor-pointer align-baseline\"><span class=\"whitespace-normal\">Marrakech<\/span><\/span><\/span><\/h3>\n<p data-start=\"2316\" data-end=\"2476\">Ruta hacia Ouarzazate y visita a la famosa Kasbah de Ait Ben Haddou (Patrimonio de la UNESCO). Cruce del Alto Atlas por el puerto Tizi n\u2019Tichka hasta Marrakech.<\/p>\n<hr data-start=\"2478\" data-end=\"2481\">\n<h3 data-section-id=\"i6dyjk\" data-start=\"2483\" data-end=\"2560\">\ud83d\udccd<span style=\"color: #ff6600;\"> D\u00eda 9: Marrakech \u2013 <span class=\"hover:entity-accent entity-underline inline cursor-pointer align-baseline\"><span class=\"whitespace-normal\">Essaouira<\/span><\/span> \u2013 Marrakech<\/span><\/h3>\n<p data-start=\"2561\" data-end=\"2674\">Excursi\u00f3n a Essaouira, encantadora ciudad costera con medina, murallas y ambiente art\u00edstico. Regreso a Marrakech.<\/p>\n<hr data-start=\"2676\" data-end=\"2679\">\n<h3 data-section-id=\"ah7ktf\" data-start=\"2681\" data-end=\"2722\">\ud83d\udccd <span style=\"color: #ff6600;\">D\u00eda 10: Visita guiada de Marrakech<\/span><\/h3>\n<p data-start=\"2723\" data-end=\"2819\">Descubre la ciudad roja: medina, zocos, plaza Jemaa el-Fna, tumbas saad\u00edes, palacios y jardines.<\/p>\n<hr data-start=\"2821\" data-end=\"2824\">\n<h3 data-section-id=\"14wxele\" data-start=\"2826\" data-end=\"2976\">\ud83d\udccd <span style=\"color: #ff6600;\">D\u00eda 11: Marrakech \u2013 <span class=\"hover:entity-accent entity-underline inline cursor-pointer align-baseline\"><span class=\"whitespace-normal\">Casablanca<\/span><\/span> \u2013 <span class=\"hover:entity-accent entity-underline inline cursor-pointer align-baseline\"><span class=\"whitespace-normal\">Rabat<\/span><\/span> \u2013 <span class=\"hover:entity-accent entity-underline inline cursor-pointer align-baseline\"><span class=\"whitespace-normal\">Asilah<\/span><\/span><\/span><\/h3>\n<p data-start=\"2977\" data-end=\"3108\">Salida hacia Casablanca (visita de la Mezquita Hassan II), continuaci\u00f3n a Rabat (Torre Hassan y Kasbah Oudayas) y llegada a Asilah.<\/p>\n<hr data-start=\"3110\" data-end=\"3113\">\n<h3 data-section-id=\"14abgu9\" data-start=\"3115\" data-end=\"3145\">\ud83d\udccd <span style=\"color: #ff6600;\">D\u00eda 12: Asilah \u2013 T\u00e1nger<\/span><\/h3>\n<p data-start=\"3146\" data-end=\"3197\">Regreso a T\u00e1nger y traslado al aeropuerto o puerto.<\/p>\n<hr data-start=\"3199\" data-end=\"3202\">\n<h2 data-section-id=\"1ihfk73\" data-start=\"3204\" data-end=\"3217\">\u2705 <span style=\"color: #ff6600;\">Incluido<\/span><\/h2>\n<ul data-start=\"3218\" data-end=\"3479\">\n<li data-section-id=\"hn5sim\" data-start=\"3218\" data-end=\"3289\">Transporte privado con aire acondicionado (4&#215;4 \/ minib\u00fas \/ autob\u00fas)<\/li>\n<li data-section-id=\"khxukc\" data-start=\"3290\" data-end=\"3320\">Conductor\/gu\u00eda multiling\u00fce<\/li>\n<li data-section-id=\"1xlc6vv\" data-start=\"3321\" data-end=\"3336\">Combustible<\/li>\n<li data-section-id=\"1q3flc\" data-start=\"3337\" data-end=\"3369\">10 noches en hoteles o riads<\/li>\n<li data-section-id=\"hsy8p0\" data-start=\"3370\" data-end=\"3428\">1 noche en campamento en el desierto (cena y desayuno)<\/li>\n<li data-section-id=\"ag4dx5\" data-start=\"3429\" data-end=\"3452\">Paseo en camello \ud83d\udc2a<\/li>\n<li data-section-id=\"kwtxci\" data-start=\"3453\" data-end=\"3479\">Sandboard en las dunas<\/li>\n<\/ul>\n<hr data-start=\"3481\" data-end=\"3484\">\n<h2 data-section-id=\"ak0hx3\" data-start=\"3486\" data-end=\"3502\">\u274c <span style=\"color: #ff6600;\">No incluido<\/span><\/h2>\n<ul data-start=\"3503\" data-end=\"3583\">\n<li data-section-id=\"u610en\" data-start=\"3503\" data-end=\"3526\">Almuerzos y bebidas<\/li>\n<li data-section-id=\"1u6l1ge\" data-start=\"3527\" data-end=\"3537\">Vuelos<\/li>\n<li data-section-id=\"k8ve4k\" data-start=\"3538\" data-end=\"3563\">Entradas a monumentos<\/li>\n<li data-section-id=\"9j6o6q\" data-start=\"3564\" data-end=\"3583\">Hotel en T\u00e1nger<\/li>\n<\/ul>\n<hr data-start=\"3585\" data-end=\"3588\">\n<p data-start=\"3590\" data-end=\"3703\">\u2728 <strong data-start=\"3592\" data-end=\"3601\">Nota:<\/strong> Este tour es totalmente personalizable seg\u00fan tus preferencias (duraci\u00f3n, hoteles, actividades, etc.).<\/p>\n","protected":false},"excerpt":{"rendered":"<p>\ud83e\udded Tour de 12 d\u00edas por Marruecos: de T\u00e1nger al desierto y ciudades imperiales Durante este fascinante circuito de 12 d\u00edas, descubrir\u00e1s lo mejor de Marruecos: desde el norte mediterr\u00e1neo hasta el desierto del Sahara, pasando por ciudades imperiales, monta\u00f1as del Atlas y la costa atl\u00e1ntica. \ud83d\udccd D\u00eda 1: Llegada a T\u00e1nger Recepci\u00f3n en el&#8230;<\/p>\n","protected":false},"author":1,"featured_media":0,"parent":0,"menu_order":0,"comment_status":"closed","ping_status":"closed","template":"","meta":{"ngg_post_thumbnail":0,"_kad_post_transparent":"default","_kad_post_title":"default","_kad_post_layout":"default","_kad_post_sidebar_id":"","_kad_post_content_style":"default","_kad_post_vertical_padding":"default","_kad_post_feature":"","_kad_post_feature_position":"","_kad_post_header":false,"_kad_post_footer":false,"footnotes":""},"class_list":["post-10892","page","type-page","status-publish","hentry"],"yoast_head":"<!-- This site is optimized with the Yoast SEO plugin v21.5 - https:\/\/yoast.com\/wordpress\/plugins\/seo\/ -->\n<title>12-dias-desde-tanger-a-chefchaouen-y-fez<\/title>\n<meta name=\"description\" content=\"&quot;viaje a Marruecos, asesor\u00eda de viajes a Marruecos, excursiones de un d\u00eda a Marruecos, excursiones en grupo a Marruecos, visitas guiadas a Marruecos, viaje a Marruecos, excursi\u00f3n a Marruecos&quot;\" \/>\n<meta name=\"robots\" content=\"index, follow, max-snippet:-1, max-image-preview:large, max-video-preview:-1\" \/>\n<link rel=\"canonical\" href=\"https:\/\/discoverysaharatours.com\/es\/12-dias-desde-tanger-a-chefchaouen-y-fez\/\" \/>\n<meta property=\"og:locale\" content=\"en_US\" \/>\n<meta property=\"og:type\" content=\"article\" \/>\n<meta property=\"og:title\" content=\"https:\/\/web.facebook.com\/Discovery.sahara\/\" \/>\n<meta property=\"og:description\" content=\"Discovery Sahara Tours es una agencia local en Marruecos muy especializada en organizar rutas por el desierto, con veh\u00edculos 4\u00d74 que facilitan el acceso a las pistas, a los lugares menos tur\u00edsticos y m\u00e1s aut\u00e9nticos, para disfrutar de la comodidad y el confort de sus ventajas. Con excursiones en dromedarios hasta llegar a los campamentos situados en medio de las dunas y poder disfrutar de una noche bajo las estrellas. Visitar familias bereberes, compartir su estilo de vida y costumbres. Con excursiones a pie hasta llegar al oasis frecuentado por n\u00f3madas.\" \/>\n<meta property=\"og:url\" content=\"https:\/\/discoverysaharatours.com\/es\/12-dias-desde-tanger-a-chefchaouen-y-fez\/\" \/>\n<meta property=\"og:site_name\" content=\"Discovery Sahara Tours\" \/>\n<meta property=\"article:modified_time\" content=\"2026-04-05T08:26:18+00:00\" \/>\n<meta property=\"og:image\" content=\"https:\/\/discoverysaharatours.com\/es\/wp-content\/uploads\/2022\/10\/cropped-logo-Discovery-Sahara-Tours.png\" \/>\n\t<meta property=\"og:image:width\" content=\"512\" \/>\n\t<meta property=\"og:image:height\" content=\"512\" \/>\n\t<meta property=\"og:image:type\" content=\"image\/png\" \/>\n<meta name=\"twitter:card\" content=\"summary_large_image\" \/>\n<meta name=\"twitter:label1\" content=\"Est. reading time\" \/>\n\t<meta name=\"twitter:data1\" content=\"2 minutes\" \/>\n<script type=\"application\/ld+json\" class=\"yoast-schema-graph\">{\"@context\":\"https:\/\/schema.org\",\"@graph\":[{\"@type\":\"WebPage\",\"@id\":\"https:\/\/discoverysaharatours.com\/es\/12-dias-desde-tanger-a-chefchaouen-y-fez\/\",\"url\":\"https:\/\/discoverysaharatours.com\/es\/12-dias-desde-tanger-a-chefchaouen-y-fez\/\",\"name\":\"12-dias-desde-tanger-a-chefchaouen-y-fez\",\"isPartOf\":{\"@id\":\"https:\/\/discoverysaharatours.com\/es\/#website\"},\"datePublished\":\"2018-11-02T17:19:04+00:00\",\"dateModified\":\"2026-04-05T08:26:18+00:00\",\"description\":\"\\\"viaje a Marruecos, asesor\u00eda de viajes a Marruecos, excursiones de un d\u00eda a Marruecos, excursiones en grupo a Marruecos, visitas guiadas a Marruecos, viaje a Marruecos, excursi\u00f3n a Marruecos\\\"\",\"breadcrumb\":{\"@id\":\"https:\/\/discoverysaharatours.com\/es\/12-dias-desde-tanger-a-chefchaouen-y-fez\/#breadcrumb\"},\"inLanguage\":\"en-US\",\"potentialAction\":[{\"@type\":\"ReadAction\",\"target\":[\"https:\/\/discoverysaharatours.com\/es\/12-dias-desde-tanger-a-chefchaouen-y-fez\/\"]}]},{\"@type\":\"BreadcrumbList\",\"@id\":\"https:\/\/discoverysaharatours.com\/es\/12-dias-desde-tanger-a-chefchaouen-y-fez\/#breadcrumb\",\"itemListElement\":[{\"@type\":\"ListItem\",\"position\":1,\"name\":\"Home\",\"item\":\"https:\/\/discoverysaharatours.com\/es\/\"},{\"@type\":\"ListItem\",\"position\":2,\"name\":\"12 d\u00edas desde Tanger a Chefchaouen y Fez\"}]},{\"@type\":\"WebSite\",\"@id\":\"https:\/\/discoverysaharatours.com\/es\/#website\",\"url\":\"https:\/\/discoverysaharatours.com\/es\/\",\"name\":\"Discovery Sahara Tours\",\"description\":\"Morocco Desert Tours \/ Tours &amp; Excursions in Morocco\",\"publisher\":{\"@id\":\"https:\/\/discoverysaharatours.com\/es\/#organization\"},\"potentialAction\":[{\"@type\":\"SearchAction\",\"target\":{\"@type\":\"EntryPoint\",\"urlTemplate\":\"https:\/\/discoverysaharatours.com\/es\/?s={search_term_string}\"},\"query-input\":\"required name=search_term_string\"}],\"inLanguage\":\"en-US\"},{\"@type\":\"Organization\",\"@id\":\"https:\/\/discoverysaharatours.com\/es\/#organization\",\"name\":\"Discovery Sahara Tours\",\"url\":\"https:\/\/discoverysaharatours.com\/es\/\",\"logo\":{\"@type\":\"ImageObject\",\"inLanguage\":\"en-US\",\"@id\":\"https:\/\/discoverysaharatours.com\/es\/#\/schema\/logo\/image\/\",\"url\":\"https:\/\/discoverysaharatours.com\/es\/wp-content\/uploads\/2022\/10\/logo-Discovery-Sahara-Tours.png\",\"contentUrl\":\"https:\/\/discoverysaharatours.com\/es\/wp-content\/uploads\/2022\/10\/logo-Discovery-Sahara-Tours.png\",\"width\":557,\"height\":486,\"caption\":\"Discovery Sahara Tours\"},\"image\":{\"@id\":\"https:\/\/discoverysaharatours.com\/es\/#\/schema\/logo\/image\/\"}}]}<\/script>\n<!-- \/ Yoast SEO plugin. -->","yoast_head_json":{"title":"12-dias-desde-tanger-a-chefchaouen-y-fez","description":"\"viaje a Marruecos, asesor\u00eda de viajes a Marruecos, excursiones de un d\u00eda a Marruecos, excursiones en grupo a Marruecos, visitas guiadas a Marruecos, viaje a Marruecos, excursi\u00f3n a Marruecos\"","robots":{"index":"index","follow":"follow","max-snippet":"max-snippet:-1","max-image-preview":"max-image-preview:large","max-video-preview":"max-video-preview:-1"},"canonical":"https:\/\/discoverysaharatours.com\/es\/12-dias-desde-tanger-a-chefchaouen-y-fez\/","og_locale":"en_US","og_type":"article","og_title":"https:\/\/web.facebook.com\/Discovery.sahara\/","og_description":"Discovery Sahara Tours es una agencia local en Marruecos muy especializada en organizar rutas por el desierto, con veh\u00edculos 4\u00d74 que facilitan el acceso a las pistas, a los lugares menos tur\u00edsticos y m\u00e1s aut\u00e9nticos, para disfrutar de la comodidad y el confort de sus ventajas. Con excursiones en dromedarios hasta llegar a los campamentos situados en medio de las dunas y poder disfrutar de una noche bajo las estrellas. Visitar familias bereberes, compartir su estilo de vida y costumbres. Con excursiones a pie hasta llegar al oasis frecuentado por n\u00f3madas.","og_url":"https:\/\/discoverysaharatours.com\/es\/12-dias-desde-tanger-a-chefchaouen-y-fez\/","og_site_name":"Discovery Sahara Tours","article_modified_time":"2026-04-05T08:26:18+00:00","og_image":[{"width":512,"height":512,"url":"https:\/\/discoverysaharatours.com\/es\/wp-content\/uploads\/2022\/10\/cropped-logo-Discovery-Sahara-Tours.png","type":"image\/png"}],"twitter_card":"summary_large_image","twitter_misc":{"Est. reading time":"2 minutes"},"schema":{"@context":"https:\/\/schema.org","@graph":[{"@type":"WebPage","@id":"https:\/\/discoverysaharatours.com\/es\/12-dias-desde-tanger-a-chefchaouen-y-fez\/","url":"https:\/\/discoverysaharatours.com\/es\/12-dias-desde-tanger-a-chefchaouen-y-fez\/","name":"12-dias-desde-tanger-a-chefchaouen-y-fez","isPartOf":{"@id":"https:\/\/discoverysaharatours.com\/es\/#website"},"datePublished":"2018-11-02T17:19:04+00:00","dateModified":"2026-04-05T08:26:18+00:00","description":"\"viaje a Marruecos, asesor\u00eda de viajes a Marruecos, excursiones de un d\u00eda a Marruecos, excursiones en grupo a Marruecos, visitas guiadas a Marruecos, viaje a Marruecos, excursi\u00f3n a Marruecos\"","breadcrumb":{"@id":"https:\/\/discoverysaharatours.com\/es\/12-dias-desde-tanger-a-chefchaouen-y-fez\/#breadcrumb"},"inLanguage":"en-US","potentialAction":[{"@type":"ReadAction","target":["https:\/\/discoverysaharatours.com\/es\/12-dias-desde-tanger-a-chefchaouen-y-fez\/"]}]},{"@type":"BreadcrumbList","@id":"https:\/\/discoverysaharatours.com\/es\/12-dias-desde-tanger-a-chefchaouen-y-fez\/#breadcrumb","itemListElement":[{"@type":"ListItem","position":1,"name":"Home","item":"https:\/\/discoverysaharatours.com\/es\/"},{"@type":"ListItem","position":2,"name":"12 d\u00edas desde Tanger a Chefchaouen y Fez"}]},{"@type":"WebSite","@id":"https:\/\/discoverysaharatours.com\/es\/#website","url":"https:\/\/discoverysaharatours.com\/es\/","name":"Discovery Sahara Tours","description":"Morocco Desert Tours \/ Tours &amp; Excursions in Morocco","publisher":{"@id":"https:\/\/discoverysaharatours.com\/es\/#organization"},"potentialAction":[{"@type":"SearchAction","target":{"@type":"EntryPoint","urlTemplate":"https:\/\/discoverysaharatours.com\/es\/?s={search_term_string}"},"query-input":"required name=search_term_string"}],"inLanguage":"en-US"},{"@type":"Organization","@id":"https:\/\/discoverysaharatours.com\/es\/#organization","name":"Discovery Sahara Tours","url":"https:\/\/discoverysaharatours.com\/es\/","logo":{"@type":"ImageObject","inLanguage":"en-US","@id":"https:\/\/discoverysaharatours.com\/es\/#\/schema\/logo\/image\/","url":"https:\/\/discoverysaharatours.com\/es\/wp-content\/uploads\/2022\/10\/logo-Discovery-Sahara-Tours.png","contentUrl":"https:\/\/discoverysaharatours.com\/es\/wp-content\/uploads\/2022\/10\/logo-Discovery-Sahara-Tours.png","width":557,"height":486,"caption":"Discovery Sahara Tours"},"image":{"@id":"https:\/\/discoverysaharatours.com\/es\/#\/schema\/logo\/image\/"}}]}},"_links":{"self":[{"href":"https:\/\/discoverysaharatours.com\/es\/wp-json\/wp\/v2\/pages\/10892","targetHints":{"allow":["GET"]}}],"collection":[{"href":"https:\/\/discoverysaharatours.com\/es\/wp-json\/wp\/v2\/pages"}],"about":[{"href":"https:\/\/discoverysaharatours.com\/es\/wp-json\/wp\/v2\/types\/page"}],"author":[{"embeddable":true,"href":"https:\/\/discoverysaharatours.com\/es\/wp-json\/wp\/v2\/users\/1"}],"replies":[{"embeddable":true,"href":"https:\/\/discoverysaharatours.com\/es\/wp-json\/wp\/v2\/comments?post=10892"}],"version-history":[{"count":5,"href":"https:\/\/discoverysaharatours.com\/es\/wp-json\/wp\/v2\/pages\/10892\/revisions"}],"predecessor-version":[{"id":19705,"href":"https:\/\/discoverysaharatours.com\/es\/wp-json\/wp\/v2\/pages\/10892\/revisions\/19705"}],"wp:attachment":[{"href":"https:\/\/discoverysaharatours.com\/es\/wp-json\/wp\/v2\/media?parent=10892"}],"curies":[{"name":"wp","href":"https:\/\/api.w.org\/{rel}","templated":true}]}}