{"id":14879,"date":"2019-03-04T12:51:48","date_gmt":"2019-03-04T12:51:48","guid":{"rendered":"https:\/\/www.discoverysaharatours.com\/?page_id=14879"},"modified":"2026-04-10T08:58:56","modified_gmt":"2026-04-10T08:58:56","slug":"8-dias-desde-la-ciudad-de-errachidia-tafilalet-capitale-de-regreso-a-er-rachidia","status":"publish","type":"page","link":"https:\/\/discoverysaharatours.com\/es\/8-dias-desde-la-ciudad-de-errachidia-tafilalet-capitale-de-regreso-a-er-rachidia\/","title":{"rendered":"8 d\u00edas\/ 7 Nochos desde la ciudad de Errachidia (Tafilalet Capitale) de regreso a Er- Rachidia"},"content":{"rendered":"<h1 data-section-id=\"yd4enj\" data-start=\"112\" data-end=\"164\">\ud83c\udf0d Tour de 8 d\u00edas: Errachidia \u2013 Desierto \u2013 Kasbahs<\/h1>\n<h2 data-section-id=\"75wppm\" data-start=\"166\" data-end=\"224\">\ud83d\uddd3\ufe0f <span style=\"color: #ff6600;\">D\u00eda 1: Errachidia \u2013 Tinghir \u2013 Gargantas del Dades<\/span><\/h2>\n<p data-start=\"225\" data-end=\"457\">Recogida en el aeropuerto de Errachidia. Salida hacia el Valle del Ziz, pasando por <strong data-start=\"309\" data-end=\"321\">Goulmima<\/strong> y <strong data-start=\"324\" data-end=\"335\">Tinjdad<\/strong> hasta llegar a <strong data-start=\"351\" data-end=\"362\">Tinghir<\/strong>.<br data-start=\"363\" data-end=\"366\">Visita a las impresionantes <strong data-start=\"394\" data-end=\"417\">Gargantas del Todra<\/strong>, conocidas por sus altos acantilados.<\/p>\n<p data-start=\"459\" data-end=\"525\">Continuaci\u00f3n hacia <strong data-start=\"478\" data-end=\"496\">Boumalne Dades<\/strong>.<br data-start=\"497\" data-end=\"500\">\ud83c\udfe8 Noche en riad u hotel.<\/p>\n<hr data-start=\"527\" data-end=\"530\">\n<h2 data-section-id=\"1qkgpzn\" data-start=\"532\" data-end=\"605\">\ud83d\uddd3\ufe0f <span style=\"color: #ff6600;\">D\u00eda 2: Gargantas del Dades \u2013 Valle de las Rosas \u2013 Ait Ben Haddou<\/span><\/h2>\n<p data-start=\"606\" data-end=\"716\">Despu\u00e9s del desayuno, salida por el Valle del Dades, tambi\u00e9n conocido como <em data-start=\"681\" data-end=\"713\">\u201cel camino de las mil kasbahs\u201d<\/em>.<\/p>\n<p data-start=\"718\" data-end=\"739\">Paradas destacadas:<\/p>\n<ul data-start=\"740\" data-end=\"945\">\n<li data-section-id=\"9ld11x\" data-start=\"740\" data-end=\"797\"><strong data-start=\"742\" data-end=\"760\">Kalaat M\u2019Gouna<\/strong>, famosa por sus productos de rosas<\/li>\n<li data-section-id=\"105wxgd\" data-start=\"798\" data-end=\"850\"><strong data-start=\"800\" data-end=\"818\">Kasbah Amridil<\/strong>, una de las mejor conservadas<\/li>\n<li data-section-id=\"19mzqul\" data-start=\"851\" data-end=\"945\"><strong data-start=\"853\" data-end=\"867\">Ouarzazate<\/strong>, conocida como el \u201cHollywood de \u00c1frica\u201d (visita a estudios Atlas si se desea)<\/li>\n<\/ul>\n<p data-start=\"947\" data-end=\"992\">Visita al sitio Patrimonio de la Humanidad:<\/p>\n<ul data-start=\"993\" data-end=\"1046\">\n<li data-section-id=\"mw0lx\" data-start=\"993\" data-end=\"1046\"><strong data-start=\"995\" data-end=\"1013\">Ait Ben Haddou<\/strong>, espectacular ksar fortificado<\/li>\n<\/ul>\n<p data-start=\"1048\" data-end=\"1088\">\ud83c\udfe8 Noche en Ouarzazate o Ait Ben Haddou.<\/p>\n<hr data-start=\"1090\" data-end=\"1093\">\n<h2 data-section-id=\"1m4t0oa\" data-start=\"1095\" data-end=\"1151\">\ud83d\uddd3\ufe0f<span style=\"color: #ff6600;\"> D\u00eda 3: Ait Ben Haddou \u2013 Valle del Draa \u2013 Zagora<\/span><\/h2>\n<p data-start=\"1152\" data-end=\"1191\">Salida hacia <strong data-start=\"1165\" data-end=\"1175\">Zagora<\/strong>, atravesando:<\/p>\n<ul data-start=\"1192\" data-end=\"1330\">\n<li data-section-id=\"yj2fn9\" data-start=\"1192\" data-end=\"1205\"><strong data-start=\"1194\" data-end=\"1203\">Agdez<\/strong><\/li>\n<li data-section-id=\"1y1ioi6\" data-start=\"1206\" data-end=\"1275\">El impresionante <strong data-start=\"1225\" data-end=\"1243\">Valle del Draa<\/strong>, con sus palmerales infinitos<\/li>\n<li data-section-id=\"1afr06c\" data-start=\"1276\" data-end=\"1330\"><strong data-start=\"1278\" data-end=\"1292\">Tamegroute<\/strong>, famosa por su cer\u00e1mica tradicional<\/li>\n<\/ul>\n<p data-start=\"1332\" data-end=\"1367\">\ud83c\udfe8 Noche en riad u hotel en Zagora.<\/p>\n<hr data-start=\"1369\" data-end=\"1372\">\n<h2 data-section-id=\"1ek46fd\" data-start=\"1374\" data-end=\"1417\">\ud83d\uddd3\ufe0f<span style=\"color: #ff6600;\"> D\u00eda 4: Zagora \u2013 Tafraoute Sidi Ali<\/span><\/h2>\n<p data-start=\"1418\" data-end=\"1477\">Ruta de aventura hacia zonas m\u00e1s aut\u00e9nticas del desierto:<\/p>\n<ul data-start=\"1478\" data-end=\"1550\">\n<li data-section-id=\"mtotgj\" data-start=\"1478\" data-end=\"1515\">Paso por <strong data-start=\"1489\" data-end=\"1499\">Mejran<\/strong> y <strong data-start=\"1502\" data-end=\"1513\">Kem-Kem<\/strong><\/li>\n<li data-section-id=\"ufm0zq\" data-start=\"1516\" data-end=\"1550\">Encuentro con familias n\u00f3madas<\/li>\n<\/ul>\n<p data-start=\"1552\" data-end=\"1634\">Llegada a <strong data-start=\"1562\" data-end=\"1584\">Tafraoute Sidi Ali<\/strong>.<br data-start=\"1585\" data-end=\"1588\">\ud83c\udfd5\ufe0f Noche en campamento en el desierto o riad.<\/p>\n<hr data-start=\"1636\" data-end=\"1639\">\n<h2 data-section-id=\"p4i9cq\" data-start=\"1641\" data-end=\"1705\">\ud83d\uddd3\ufe0f <span style=\"color: #ff6600;\">D\u00eda 5: Exploraci\u00f3n de Tafraoute Sidi Ali (d\u00eda completo)<\/span><\/h2>\n<p data-start=\"1706\" data-end=\"1769\">D\u00eda dedicado a descubrir paisajes \u00fanicos y geolog\u00eda fascinante:<\/p>\n<ul data-start=\"1771\" data-end=\"2035\">\n<li data-section-id=\"jtbjfs\" data-start=\"1771\" data-end=\"1843\"><strong data-start=\"1773\" data-end=\"1788\">Jebel Zireg<\/strong> y <strong data-start=\"1791\" data-end=\"1814\">Jebel Ras Khemmouna<\/strong> (formaciones del Dev\u00f3nico)<\/li>\n<li data-section-id=\"adpgma\" data-start=\"1844\" data-end=\"1916\"><strong data-start=\"1846\" data-end=\"1862\">Jebel Mrakib<\/strong> y <strong data-start=\"1865\" data-end=\"1880\">Jebel Otfal<\/strong>, ricos en f\u00f3siles como trilobites<\/li>\n<li data-section-id=\"4u43f1\" data-start=\"1917\" data-end=\"1990\"><strong data-start=\"1919\" data-end=\"1937\">Ksar Ba Hallou<\/strong>, antiguo pueblo abandonado con historia fascinante<\/li>\n<li data-section-id=\"1tx0bps\" data-start=\"1991\" data-end=\"2035\"><strong data-start=\"1993\" data-end=\"2009\">Foum Mharech<\/strong>, oasis rodeado de dunas<\/li>\n<\/ul>\n<p data-start=\"2037\" data-end=\"2057\">Tambi\u00e9n conocer\u00e1s:<\/p>\n<ul data-start=\"2058\" data-end=\"2174\">\n<li data-section-id=\"kqev5r\" data-start=\"2058\" data-end=\"2093\">F\u00f3siles (trilobites y briozoos)<\/li>\n<li data-section-id=\"152jwb2\" data-start=\"2094\" data-end=\"2140\">Minas tradicionales (barita, cobre, plomo)<\/li>\n<li data-section-id=\"1xq0ro2\" data-start=\"2141\" data-end=\"2174\">Vida n\u00f3mada y cultura bereber<\/li>\n<\/ul>\n<p data-start=\"2176\" data-end=\"2208\">\ud83c\udfe8 Cena y noche en zona bereber.<\/p>\n<hr data-start=\"2210\" data-end=\"2213\">\n<h2 data-section-id=\"7mwal3\" data-start=\"2215\" data-end=\"2260\">\ud83d\uddd3\ufe0f<span style=\"color: #ff6600;\"> D\u00eda 6: Tafraoute Sidi Ali \u2013 Merzouga<\/span><\/h2>\n<p data-start=\"2261\" data-end=\"2357\">Salida hacia <strong data-start=\"2274\" data-end=\"2286\">Merzouga<\/strong> v\u00eda <strong data-start=\"2291\" data-end=\"2301\">Ramlia<\/strong>.<br data-start=\"2302\" data-end=\"2305\">Paradas para ver inscripciones antiguas en piedra.<\/p>\n<p data-start=\"2359\" data-end=\"2431\">Llegada al desierto de <strong data-start=\"2382\" data-end=\"2396\">Erg Chebbi<\/strong>.<br data-start=\"2397\" data-end=\"2400\">\ud83c\udfe8 Noche en hotel o campamento.<\/p>\n<hr data-start=\"2433\" data-end=\"2436\">\n<h2 data-section-id=\"u0c8jw\" data-start=\"2438\" data-end=\"2490\">\ud83d\uddd3\ufe0f <span style=\"color: #ff6600;\">D\u00eda 7: Exploraci\u00f3n del desierto de Merzouga<\/span><\/h2>\n<p data-start=\"2491\" data-end=\"2519\">D\u00eda completo en el Sahara:<\/p>\n<ul data-start=\"2521\" data-end=\"2628\">\n<li data-section-id=\"13z6d56\" data-start=\"2521\" data-end=\"2550\">Visita a familias n\u00f3madas<\/li>\n<li data-section-id=\"prbyl1\" data-start=\"2551\" data-end=\"2579\">M\u00fasica tradicional Gnawa<\/li>\n<li data-section-id=\"v6rr21\" data-start=\"2580\" data-end=\"2628\">Descubrimiento del entorno de <strong data-start=\"2612\" data-end=\"2626\">Erg Chebbi<\/strong><\/li>\n<\/ul>\n<p data-start=\"2630\" data-end=\"2742\">Por la tarde:<br data-start=\"2643\" data-end=\"2646\">\ud83d\udc2a Paseo en camello<br data-start=\"2665\" data-end=\"2668\">\ud83c\udf05 Atardecer en las dunas<br data-start=\"2693\" data-end=\"2696\">\ud83c\udfd5\ufe0f Noche en campamento con cena y espect\u00e1culo<\/p>\n<hr data-start=\"2744\" data-end=\"2747\">\n<h2 data-section-id=\"jq4c7t\" data-start=\"2749\" data-end=\"2805\">\ud83d\uddd3\ufe0f <span style=\"color: #ff6600;\">D\u00eda 8: Merzouga \u2013 Rissani \u2013 Erfoud \u2013 Errachidia<\/span><\/h2>\n<p data-start=\"2806\" data-end=\"2834\">\ud83c\udf04 Amanecer en el desierto<\/p>\n<p data-start=\"2836\" data-end=\"2858\">Regreso pasando por:<\/p>\n<ul data-start=\"2859\" data-end=\"2953\">\n<li data-section-id=\"1pvext7\" data-start=\"2859\" data-end=\"2896\"><strong data-start=\"2861\" data-end=\"2872\">Rissani<\/strong> (mercado tradicional)<\/li>\n<li data-section-id=\"zmz0y4\" data-start=\"2897\" data-end=\"2931\"><strong data-start=\"2899\" data-end=\"2909\">Erfoud<\/strong> (ciudad de f\u00f3siles)<\/li>\n<li data-section-id=\"ofa1j2\" data-start=\"2932\" data-end=\"2953\"><strong data-start=\"2934\" data-end=\"2951\">Valle del Ziz<\/strong><\/li>\n<\/ul>\n<p data-start=\"2955\" data-end=\"3009\">\u2708\ufe0f Traslado al aeropuerto de Errachidia. Fin del tour.<\/p>\n<hr data-start=\"3011\" data-end=\"3014\">\n<h1 data-section-id=\"kcj2oi\" data-start=\"3016\" data-end=\"3037\">\u2705<span style=\"color: #ff6600;\"> Qu\u00e9 est\u00e1 incluido<\/span><\/h1>\n<ul data-start=\"3038\" data-end=\"3291\">\n<li data-section-id=\"1rb7pzx\" data-start=\"3038\" data-end=\"3108\">Transporte privado (4&#215;4, minib\u00fas o autob\u00fas con aire acondicionado)<\/li>\n<li data-section-id=\"khxukc\" data-start=\"3109\" data-end=\"3139\">Conductor\/gu\u00eda multiling\u00fce<\/li>\n<li data-section-id=\"1xlc6vv\" data-start=\"3140\" data-end=\"3155\">Combustible<\/li>\n<li data-section-id=\"h0295u\" data-start=\"3156\" data-end=\"3184\">6 noches en hotel o riad<\/li>\n<li data-section-id=\"hsy8p0\" data-start=\"3185\" data-end=\"3243\">1 noche en campamento en el desierto (cena y desayuno)<\/li>\n<li data-section-id=\"1vuo7la\" data-start=\"3244\" data-end=\"3264\">Paseo en camello<\/li>\n<li data-section-id=\"kwtxci\" data-start=\"3265\" data-end=\"3291\">Sandboard en las dunas<\/li>\n<\/ul>\n<hr data-start=\"3293\" data-end=\"3296\">\n<h1 data-section-id=\"16rfoic\" data-start=\"3298\" data-end=\"3313\">\u274c <span style=\"color: #ff6600;\">No incluido<\/span><\/h1>\n<ul data-start=\"3314\" data-end=\"3404\">\n<li data-section-id=\"cra5n3\" data-start=\"3314\" data-end=\"3337\">Bebidas y almuerzos<\/li>\n<li data-section-id=\"1u6l1ge\" data-start=\"3338\" data-end=\"3348\">Vuelos<\/li>\n<li data-section-id=\"k8ve4k\" data-start=\"3349\" data-end=\"3374\">Entradas a monumentos<\/li>\n<li data-section-id=\"4d23tg\" data-start=\"3375\" data-end=\"3404\">Alojamiento en Errachidia<\/li>\n<\/ul>\n<hr data-start=\"3406\" data-end=\"3409\">\n<p data-start=\"3411\" data-end=\"3567\">\u2728 <strong data-start=\"3413\" data-end=\"3422\">Nota:<\/strong><br data-start=\"3422\" data-end=\"3425\">Este tour es totalmente personalizable. Si deseas modificar rutas, hoteles o actividades, estaremos encantados de adaptarlo a tus necesidades.<\/p>\n","protected":false},"excerpt":{"rendered":"<p>\ud83c\udf0d Tour de 8 d\u00edas: Errachidia \u2013 Desierto \u2013 Kasbahs \ud83d\uddd3\ufe0f D\u00eda 1: Errachidia \u2013 Tinghir \u2013 Gargantas del Dades Recogida en el aeropuerto de Errachidia. Salida hacia el Valle del Ziz, pasando por Goulmima y Tinjdad hasta llegar a Tinghir.Visita a las impresionantes Gargantas del Todra, conocidas por sus altos acantilados. Continuaci\u00f3n hacia Boumalne&#8230;<\/p>\n","protected":false},"author":1,"featured_media":0,"parent":0,"menu_order":0,"comment_status":"closed","ping_status":"closed","template":"","meta":{"ngg_post_thumbnail":0,"_kad_post_transparent":"default","_kad_post_title":"default","_kad_post_layout":"default","_kad_post_sidebar_id":"","_kad_post_content_style":"default","_kad_post_vertical_padding":"default","_kad_post_feature":"","_kad_post_feature_position":"","_kad_post_header":false,"_kad_post_footer":false,"footnotes":""},"class_list":["post-14879","page","type-page","status-publish","hentry"],"yoast_head":"<!-- This site is optimized with the Yoast SEO plugin v21.5 - https:\/\/yoast.com\/wordpress\/plugins\/seo\/ -->\n<title>8-dias-desde-la-ciudad-de-errachidia-tafilalet-capitale<\/title>\n<meta name=\"description\" content=\"08 d\u00edas\/ 7 Nochos desde la ciudad de Errachidia (Tafilalet Capitale) de regreso a Er- Rachidia\" \/>\n<meta name=\"robots\" content=\"index, follow, max-snippet:-1, max-image-preview:large, max-video-preview:-1\" \/>\n<link rel=\"canonical\" href=\"https:\/\/discoverysaharatours.com\/es\/8-dias-desde-la-ciudad-de-errachidia-tafilalet-capitale-de-regreso-a-er-rachidia\/\" \/>\n<meta property=\"og:locale\" content=\"en_US\" \/>\n<meta property=\"og:type\" content=\"article\" \/>\n<meta property=\"og:title\" content=\"https:\/\/web.facebook.com\/Discovery.sahara\/\" \/>\n<meta property=\"og:description\" content=\"Discovery Sahara Tours es una agencia local en Marruecos muy especializada en organizar rutas por el desierto, con veh\u00edculos 4\u00d74 que facilitan el acceso a las pistas, a los lugares menos tur\u00edsticos y m\u00e1s aut\u00e9nticos, para disfrutar de la comodidad y el confort de sus ventajas. Con excursiones en dromedarios hasta llegar a los campamentos situados en medio de las dunas y poder disfrutar de una noche bajo las estrellas. Visitar familias bereberes, compartir su estilo de vida y costumbres. Con excursiones a pie hasta llegar al oasis frecuentado por n\u00f3madas.\" \/>\n<meta property=\"og:url\" content=\"https:\/\/discoverysaharatours.com\/es\/8-dias-desde-la-ciudad-de-errachidia-tafilalet-capitale-de-regreso-a-er-rachidia\/\" \/>\n<meta property=\"og:site_name\" content=\"Discovery Sahara Tours\" \/>\n<meta property=\"article:modified_time\" content=\"2026-04-10T08:58:56+00:00\" \/>\n<meta property=\"og:image\" content=\"https:\/\/discoverysaharatours.com\/es\/wp-content\/uploads\/2022\/10\/cropped-logo-Discovery-Sahara-Tours.png\" \/>\n\t<meta property=\"og:image:width\" content=\"512\" \/>\n\t<meta property=\"og:image:height\" content=\"512\" \/>\n\t<meta property=\"og:image:type\" content=\"image\/png\" \/>\n<meta name=\"twitter:card\" content=\"summary_large_image\" \/>\n<meta name=\"twitter:label1\" content=\"Est. reading time\" \/>\n\t<meta name=\"twitter:data1\" content=\"3 minutes\" \/>\n<script type=\"application\/ld+json\" class=\"yoast-schema-graph\">{\"@context\":\"https:\/\/schema.org\",\"@graph\":[{\"@type\":\"WebPage\",\"@id\":\"https:\/\/discoverysaharatours.com\/es\/8-dias-desde-la-ciudad-de-errachidia-tafilalet-capitale-de-regreso-a-er-rachidia\/\",\"url\":\"https:\/\/discoverysaharatours.com\/es\/8-dias-desde-la-ciudad-de-errachidia-tafilalet-capitale-de-regreso-a-er-rachidia\/\",\"name\":\"8-dias-desde-la-ciudad-de-errachidia-tafilalet-capitale\",\"isPartOf\":{\"@id\":\"https:\/\/discoverysaharatours.com\/es\/#website\"},\"datePublished\":\"2019-03-04T12:51:48+00:00\",\"dateModified\":\"2026-04-10T08:58:56+00:00\",\"description\":\"08 d\u00edas\/ 7 Nochos desde la ciudad de Errachidia (Tafilalet Capitale) de regreso a Er- Rachidia\",\"breadcrumb\":{\"@id\":\"https:\/\/discoverysaharatours.com\/es\/8-dias-desde-la-ciudad-de-errachidia-tafilalet-capitale-de-regreso-a-er-rachidia\/#breadcrumb\"},\"inLanguage\":\"en-US\",\"potentialAction\":[{\"@type\":\"ReadAction\",\"target\":[\"https:\/\/discoverysaharatours.com\/es\/8-dias-desde-la-ciudad-de-errachidia-tafilalet-capitale-de-regreso-a-er-rachidia\/\"]}]},{\"@type\":\"BreadcrumbList\",\"@id\":\"https:\/\/discoverysaharatours.com\/es\/8-dias-desde-la-ciudad-de-errachidia-tafilalet-capitale-de-regreso-a-er-rachidia\/#breadcrumb\",\"itemListElement\":[{\"@type\":\"ListItem\",\"position\":1,\"name\":\"Home\",\"item\":\"https:\/\/discoverysaharatours.com\/es\/\"},{\"@type\":\"ListItem\",\"position\":2,\"name\":\"8 d\u00edas\/ 7 Nochos desde la ciudad de Errachidia (Tafilalet Capitale) de regreso a Er- Rachidia\"}]},{\"@type\":\"WebSite\",\"@id\":\"https:\/\/discoverysaharatours.com\/es\/#website\",\"url\":\"https:\/\/discoverysaharatours.com\/es\/\",\"name\":\"Discovery Sahara Tours\",\"description\":\"Morocco Desert Tours \/ Tours &amp; Excursions in Morocco\",\"publisher\":{\"@id\":\"https:\/\/discoverysaharatours.com\/es\/#organization\"},\"potentialAction\":[{\"@type\":\"SearchAction\",\"target\":{\"@type\":\"EntryPoint\",\"urlTemplate\":\"https:\/\/discoverysaharatours.com\/es\/?s={search_term_string}\"},\"query-input\":\"required name=search_term_string\"}],\"inLanguage\":\"en-US\"},{\"@type\":\"Organization\",\"@id\":\"https:\/\/discoverysaharatours.com\/es\/#organization\",\"name\":\"Discovery Sahara Tours\",\"url\":\"https:\/\/discoverysaharatours.com\/es\/\",\"logo\":{\"@type\":\"ImageObject\",\"inLanguage\":\"en-US\",\"@id\":\"https:\/\/discoverysaharatours.com\/es\/#\/schema\/logo\/image\/\",\"url\":\"https:\/\/discoverysaharatours.com\/es\/wp-content\/uploads\/2022\/10\/logo-Discovery-Sahara-Tours.png\",\"contentUrl\":\"https:\/\/discoverysaharatours.com\/es\/wp-content\/uploads\/2022\/10\/logo-Discovery-Sahara-Tours.png\",\"width\":557,\"height\":486,\"caption\":\"Discovery Sahara Tours\"},\"image\":{\"@id\":\"https:\/\/discoverysaharatours.com\/es\/#\/schema\/logo\/image\/\"}}]}<\/script>\n<!-- \/ Yoast SEO plugin. -->","yoast_head_json":{"title":"8-dias-desde-la-ciudad-de-errachidia-tafilalet-capitale","description":"08 d\u00edas\/ 7 Nochos desde la ciudad de Errachidia (Tafilalet Capitale) de regreso a Er- Rachidia","robots":{"index":"index","follow":"follow","max-snippet":"max-snippet:-1","max-image-preview":"max-image-preview:large","max-video-preview":"max-video-preview:-1"},"canonical":"https:\/\/discoverysaharatours.com\/es\/8-dias-desde-la-ciudad-de-errachidia-tafilalet-capitale-de-regreso-a-er-rachidia\/","og_locale":"en_US","og_type":"article","og_title":"https:\/\/web.facebook.com\/Discovery.sahara\/","og_description":"Discovery Sahara Tours es una agencia local en Marruecos muy especializada en organizar rutas por el desierto, con veh\u00edculos 4\u00d74 que facilitan el acceso a las pistas, a los lugares menos tur\u00edsticos y m\u00e1s aut\u00e9nticos, para disfrutar de la comodidad y el confort de sus ventajas. Con excursiones en dromedarios hasta llegar a los campamentos situados en medio de las dunas y poder disfrutar de una noche bajo las estrellas. Visitar familias bereberes, compartir su estilo de vida y costumbres. Con excursiones a pie hasta llegar al oasis frecuentado por n\u00f3madas.","og_url":"https:\/\/discoverysaharatours.com\/es\/8-dias-desde-la-ciudad-de-errachidia-tafilalet-capitale-de-regreso-a-er-rachidia\/","og_site_name":"Discovery Sahara Tours","article_modified_time":"2026-04-10T08:58:56+00:00","og_image":[{"width":512,"height":512,"url":"https:\/\/discoverysaharatours.com\/es\/wp-content\/uploads\/2022\/10\/cropped-logo-Discovery-Sahara-Tours.png","type":"image\/png"}],"twitter_card":"summary_large_image","twitter_misc":{"Est. reading time":"3 minutes"},"schema":{"@context":"https:\/\/schema.org","@graph":[{"@type":"WebPage","@id":"https:\/\/discoverysaharatours.com\/es\/8-dias-desde-la-ciudad-de-errachidia-tafilalet-capitale-de-regreso-a-er-rachidia\/","url":"https:\/\/discoverysaharatours.com\/es\/8-dias-desde-la-ciudad-de-errachidia-tafilalet-capitale-de-regreso-a-er-rachidia\/","name":"8-dias-desde-la-ciudad-de-errachidia-tafilalet-capitale","isPartOf":{"@id":"https:\/\/discoverysaharatours.com\/es\/#website"},"datePublished":"2019-03-04T12:51:48+00:00","dateModified":"2026-04-10T08:58:56+00:00","description":"08 d\u00edas\/ 7 Nochos desde la ciudad de Errachidia (Tafilalet Capitale) de regreso a Er- Rachidia","breadcrumb":{"@id":"https:\/\/discoverysaharatours.com\/es\/8-dias-desde-la-ciudad-de-errachidia-tafilalet-capitale-de-regreso-a-er-rachidia\/#breadcrumb"},"inLanguage":"en-US","potentialAction":[{"@type":"ReadAction","target":["https:\/\/discoverysaharatours.com\/es\/8-dias-desde-la-ciudad-de-errachidia-tafilalet-capitale-de-regreso-a-er-rachidia\/"]}]},{"@type":"BreadcrumbList","@id":"https:\/\/discoverysaharatours.com\/es\/8-dias-desde-la-ciudad-de-errachidia-tafilalet-capitale-de-regreso-a-er-rachidia\/#breadcrumb","itemListElement":[{"@type":"ListItem","position":1,"name":"Home","item":"https:\/\/discoverysaharatours.com\/es\/"},{"@type":"ListItem","position":2,"name":"8 d\u00edas\/ 7 Nochos desde la ciudad de Errachidia (Tafilalet Capitale) de regreso a Er- Rachidia"}]},{"@type":"WebSite","@id":"https:\/\/discoverysaharatours.com\/es\/#website","url":"https:\/\/discoverysaharatours.com\/es\/","name":"Discovery Sahara Tours","description":"Morocco Desert Tours \/ Tours &amp; Excursions in Morocco","publisher":{"@id":"https:\/\/discoverysaharatours.com\/es\/#organization"},"potentialAction":[{"@type":"SearchAction","target":{"@type":"EntryPoint","urlTemplate":"https:\/\/discoverysaharatours.com\/es\/?s={search_term_string}"},"query-input":"required name=search_term_string"}],"inLanguage":"en-US"},{"@type":"Organization","@id":"https:\/\/discoverysaharatours.com\/es\/#organization","name":"Discovery Sahara Tours","url":"https:\/\/discoverysaharatours.com\/es\/","logo":{"@type":"ImageObject","inLanguage":"en-US","@id":"https:\/\/discoverysaharatours.com\/es\/#\/schema\/logo\/image\/","url":"https:\/\/discoverysaharatours.com\/es\/wp-content\/uploads\/2022\/10\/logo-Discovery-Sahara-Tours.png","contentUrl":"https:\/\/discoverysaharatours.com\/es\/wp-content\/uploads\/2022\/10\/logo-Discovery-Sahara-Tours.png","width":557,"height":486,"caption":"Discovery Sahara Tours"},"image":{"@id":"https:\/\/discoverysaharatours.com\/es\/#\/schema\/logo\/image\/"}}]}},"_links":{"self":[{"href":"https:\/\/discoverysaharatours.com\/es\/wp-json\/wp\/v2\/pages\/14879","targetHints":{"allow":["GET"]}}],"collection":[{"href":"https:\/\/discoverysaharatours.com\/es\/wp-json\/wp\/v2\/pages"}],"about":[{"href":"https:\/\/discoverysaharatours.com\/es\/wp-json\/wp\/v2\/types\/page"}],"author":[{"embeddable":true,"href":"https:\/\/discoverysaharatours.com\/es\/wp-json\/wp\/v2\/users\/1"}],"replies":[{"embeddable":true,"href":"https:\/\/discoverysaharatours.com\/es\/wp-json\/wp\/v2\/comments?post=14879"}],"version-history":[{"count":7,"href":"https:\/\/discoverysaharatours.com\/es\/wp-json\/wp\/v2\/pages\/14879\/revisions"}],"predecessor-version":[{"id":19748,"href":"https:\/\/discoverysaharatours.com\/es\/wp-json\/wp\/v2\/pages\/14879\/revisions\/19748"}],"wp:attachment":[{"href":"https:\/\/discoverysaharatours.com\/es\/wp-json\/wp\/v2\/media?parent=14879"}],"curies":[{"name":"wp","href":"https:\/\/api.w.org\/{rel}","templated":true}]}}