{"id":14888,"date":"2019-03-04T12:53:37","date_gmt":"2019-03-04T12:53:37","guid":{"rendered":"https:\/\/www.discoverysaharatours.com\/?page_id=14888"},"modified":"2026-04-07T22:06:13","modified_gmt":"2026-04-07T22:06:13","slug":"3-dias-desde-errachidia-al-desierto-de-merzouga","status":"publish","type":"page","link":"https:\/\/discoverysaharatours.com\/es\/3-dias-desde-errachidia-al-desierto-de-merzouga\/","title":{"rendered":"3 d\u00edas\/ 2 ocho desde Errachidia al desierto de Merzouga"},"content":{"rendered":"<h2 data-section-id=\"1gklf8p\" data-start=\"130\" data-end=\"190\">Tour de 3 D\u00edas: De Errachidia al Desierto de Merzouga<\/h2>\n<h3 data-section-id=\"t0m80i\" data-start=\"192\" data-end=\"250\">\ud83d\udccd <span style=\"color: #ff6600;\">D\u00eda 1: Errachidia \u2013 Tinghir \u2013 Merzouga (Erg Chebbi)<\/span><\/h3>\n<p data-start=\"252\" data-end=\"456\">Por la ma\u00f1ana, a las 9:00, salida desde Errachidia (Ksar Souk) en direcci\u00f3n al desierto de Merzouga. El recorrido atraviesa el impresionante oasis de Goulmima, uno de los m\u00e1s grandes del sur de Marruecos.<\/p>\n<p data-start=\"458\" data-end=\"598\">Continuamos hacia Tinghir para visitar las famosas Gargantas del Todra, un destino muy popular entre escaladores y amantes de la naturaleza.<\/p>\n<p data-start=\"600\" data-end=\"731\">Despu\u00e9s del almuerzo, nos dirigimos a Erfoud, conocida por sus f\u00f3siles. Aqu\u00ed visitaremos un museo arqueol\u00f3gico de m\u00e1rmol y f\u00f3siles.<\/p>\n<p data-start=\"733\" data-end=\"858\">Seguimos nuestro camino atravesando el valle del Ziz, famoso por su extenso palmeral, hasta llegar a las dunas de Erg Chebbi.<\/p>\n<p data-start=\"860\" data-end=\"975\">Al atardecer, disfrutaremos de una espectacular puesta de sol sobre las dunas de Merzouga. Noche en hotel o kasbah.<\/p>\n<hr data-start=\"977\" data-end=\"980\">\n<h3 data-section-id=\"13estl3\" data-start=\"982\" data-end=\"1054\">\ud83d\udc2a <span style=\"color: #ff6600;\">D\u00eda 2: Merzouga \u2013 Excursi\u00f3n por el Desierto \u2013 Noche en Campamento<\/span><\/h3>\n<p data-start=\"1056\" data-end=\"1190\">Despu\u00e9s del desayuno, comenzamos una excursi\u00f3n en 4&#215;4 alrededor de las dunas de Erg Chebbi para descubrir la aut\u00e9ntica vida sahariana.<\/p>\n<p data-start=\"1192\" data-end=\"1204\">Visitaremos:<\/p>\n<ul data-start=\"1205\" data-end=\"1316\">\n<li data-section-id=\"1u8cp5t\" data-start=\"1205\" data-end=\"1238\">Familias n\u00f3madas del desierto<\/li>\n<li data-section-id=\"xbaavr\" data-start=\"1239\" data-end=\"1261\">Las minas de Mifis<\/li>\n<li data-section-id=\"1rrbi5s\" data-start=\"1262\" data-end=\"1316\">El pueblo de Khamlia, conocido por su m\u00fasica Gnawa<\/li>\n<\/ul>\n<p data-start=\"1318\" data-end=\"1368\">Tras el almuerzo, regreso al hotel para descansar.<\/p>\n<p data-start=\"1370\" data-end=\"1484\">Por la tarde, salida en camello hacia el coraz\u00f3n del desierto para disfrutar de una experiencia \u00fanica entre dunas.<\/p>\n<p data-start=\"1486\" data-end=\"1566\">Cena tradicional y noche en campamento bereber bajo un cielo lleno de estrellas.<\/p>\n<hr data-start=\"1568\" data-end=\"1571\">\n<h3 data-section-id=\"14geise\" data-start=\"1573\" data-end=\"1624\">\ud83c\udf05<span style=\"color: #ff6600;\"> D\u00eda 3: Merzouga \u2013 Valle del Ziz \u2013 Errachidia<\/span><\/h3>\n<p data-start=\"1626\" data-end=\"1692\">Temprano por la ma\u00f1ana, disfrutaremos del amanecer en el desierto.<\/p>\n<p data-start=\"1694\" data-end=\"1754\">Regreso en camello al alojamiento para desayunar y ducharse.<\/p>\n<p data-start=\"1756\" data-end=\"1896\">Salida hacia Errachidia pasando por el hermoso valle del Ziz. Parada en la Fuente Azul de Meski, un lugar refrescante rodeado de naturaleza.<\/p>\n<p data-start=\"1898\" data-end=\"2032\">Llegada por la tarde a Errachidia. Posibilidad de visitar la presa Hassan Addakhil y las gargantas del Ziz antes de finalizar el tour.<\/p>\n<hr data-start=\"2034\" data-end=\"2037\">\n<h2 data-section-id=\"1etd8iz\" data-start=\"2039\" data-end=\"2062\">\u2705 <span style=\"color: #ff6600;\">Qu\u00e9 est\u00e1 incluido:<\/span><\/h2>\n<ul data-start=\"2063\" data-end=\"2302\">\n<li data-section-id=\"16m17mi\" data-start=\"2063\" data-end=\"2134\">Transporte privado (4&#215;4, minib\u00fas o veh\u00edculo con aire acondicionado)<\/li>\n<li data-section-id=\"khxukc\" data-start=\"2135\" data-end=\"2165\">Conductor\/gu\u00eda multiling\u00fce<\/li>\n<li data-section-id=\"1xlc6vv\" data-start=\"2166\" data-end=\"2181\">Combustible<\/li>\n<li data-section-id=\"192zod4\" data-start=\"2182\" data-end=\"2251\">2 noches en campamento en el desierto (cena y desayuno incluidos)<\/li>\n<li data-section-id=\"1vuo7la\" data-start=\"2252\" data-end=\"2272\">Paseo en camello<\/li>\n<li data-section-id=\"1odfhf6\" data-start=\"2273\" data-end=\"2302\">Sandboarding en las dunas<\/li>\n<\/ul>\n<hr data-start=\"2304\" data-end=\"2307\">\n<h2 data-section-id=\"1s807fx\" data-start=\"2309\" data-end=\"2326\">\u274c <span style=\"color: #ff6600;\">No incluido:<\/span><\/h2>\n<ul data-start=\"2327\" data-end=\"2426\">\n<li data-section-id=\"cra5n3\" data-start=\"2327\" data-end=\"2350\">Bebidas y almuerzos<\/li>\n<li data-section-id=\"1u6l1ge\" data-start=\"2351\" data-end=\"2361\">Vuelos<\/li>\n<li data-section-id=\"go2epb\" data-start=\"2362\" data-end=\"2396\">Entradas a monumentos y museos<\/li>\n<li data-section-id=\"4d23tg\" data-start=\"2397\" data-end=\"2426\">Alojamiento en Errachidia<\/li>\n<\/ul>\n<hr data-start=\"2428\" data-end=\"2431\">\n<h2 data-section-id=\"1lzkg5d\" data-start=\"2433\" data-end=\"2462\">\u2728 Personalizaci\u00f3n del tour<\/h2>\n<p data-start=\"2463\" data-end=\"2619\">Si deseas modificar este itinerario o adaptarlo a tus necesidades, no dudes en contactarnos. Estaremos encantados de crear una experiencia a medida para ti.<\/p>\n","protected":false},"excerpt":{"rendered":"<p>Tour de 3 D\u00edas: De Errachidia al Desierto de Merzouga \ud83d\udccd D\u00eda 1: Errachidia \u2013 Tinghir \u2013 Merzouga (Erg Chebbi) Por la ma\u00f1ana, a las 9:00, salida desde Errachidia (Ksar Souk) en direcci\u00f3n al desierto de Merzouga. El recorrido atraviesa el impresionante oasis de Goulmima, uno de los m\u00e1s grandes del sur de Marruecos. Continuamos&#8230;<\/p>\n","protected":false},"author":1,"featured_media":0,"parent":0,"menu_order":0,"comment_status":"closed","ping_status":"closed","template":"","meta":{"ngg_post_thumbnail":0,"_kad_post_transparent":"default","_kad_post_title":"default","_kad_post_layout":"default","_kad_post_sidebar_id":"","_kad_post_content_style":"default","_kad_post_vertical_padding":"default","_kad_post_feature":"","_kad_post_feature_position":"","_kad_post_header":false,"_kad_post_footer":false,"footnotes":""},"class_list":["post-14888","page","type-page","status-publish","hentry"],"yoast_head":"<!-- This site is optimized with the Yoast SEO plugin v21.5 - https:\/\/yoast.com\/wordpress\/plugins\/seo\/ -->\n<title>3-dias-desde-errachidia-al-desierto-de-merzouga<\/title>\n<meta name=\"description\" content=\"Discovery Sahara Tours es una agencia local en Marruecos muy especializada en organizar rutas por el desierto, con veh\u00edculos 4\u00d74 que facilitan el acceso a las pistas, a los lugares menos tur\u00edsticos y m\u00e1s aut\u00e9nticos, para disfrutar de la comodidad y el confort de sus ventajas. Con excursiones en dromedarios hasta llegar a los campamentos situados en medio de las dunas y poder disfrutar de una noche bajo las estrellas. Visitar familias bereberes, compartir su estilo de vida y costumbres. Con excursiones a pie hasta llegar al oasis frecuentado por n\u00f3madas.\" \/>\n<meta name=\"robots\" content=\"index, follow, max-snippet:-1, max-image-preview:large, max-video-preview:-1\" \/>\n<link rel=\"canonical\" href=\"https:\/\/discoverysaharatours.com\/es\/3-dias-desde-errachidia-al-desierto-de-merzouga\/\" \/>\n<meta property=\"og:locale\" content=\"en_US\" \/>\n<meta property=\"og:type\" content=\"article\" \/>\n<meta property=\"og:title\" content=\"https:\/\/web.facebook.com\/Discovery.sahara\/\" \/>\n<meta property=\"og:description\" content=\"Discovery Sahara Tours es una agencia local en Marruecos muy especializada en organizar rutas por el desierto, con veh\u00edculos 4\u00d74 que facilitan el acceso a las pistas, a los lugares menos tur\u00edsticos y m\u00e1s aut\u00e9nticos, para disfrutar de la comodidad y el confort de sus ventajas. Con excursiones en dromedarios hasta llegar a los campamentos situados en medio de las dunas y poder disfrutar de una noche bajo las estrellas. Visitar familias bereberes, compartir su estilo de vida y costumbres. Con excursiones a pie hasta llegar al oasis frecuentado por n\u00f3madas.\" \/>\n<meta property=\"og:url\" content=\"https:\/\/discoverysaharatours.com\/es\/3-dias-desde-errachidia-al-desierto-de-merzouga\/\" \/>\n<meta property=\"og:site_name\" content=\"Discovery Sahara Tours\" \/>\n<meta property=\"article:modified_time\" content=\"2026-04-07T22:06:13+00:00\" \/>\n<meta property=\"og:image\" content=\"https:\/\/discoverysaharatours.com\/es\/wp-content\/uploads\/2022\/10\/cropped-logo-Discovery-Sahara-Tours.png\" \/>\n\t<meta property=\"og:image:width\" content=\"512\" \/>\n\t<meta property=\"og:image:height\" content=\"512\" \/>\n\t<meta property=\"og:image:type\" content=\"image\/png\" \/>\n<meta name=\"twitter:card\" content=\"summary_large_image\" \/>\n<meta name=\"twitter:label1\" content=\"Est. reading time\" \/>\n\t<meta name=\"twitter:data1\" content=\"2 minutes\" \/>\n<script type=\"application\/ld+json\" class=\"yoast-schema-graph\">{\"@context\":\"https:\/\/schema.org\",\"@graph\":[{\"@type\":\"WebPage\",\"@id\":\"https:\/\/discoverysaharatours.com\/es\/3-dias-desde-errachidia-al-desierto-de-merzouga\/\",\"url\":\"https:\/\/discoverysaharatours.com\/es\/3-dias-desde-errachidia-al-desierto-de-merzouga\/\",\"name\":\"3-dias-desde-errachidia-al-desierto-de-merzouga\",\"isPartOf\":{\"@id\":\"https:\/\/discoverysaharatours.com\/es\/#website\"},\"datePublished\":\"2019-03-04T12:53:37+00:00\",\"dateModified\":\"2026-04-07T22:06:13+00:00\",\"description\":\"Discovery Sahara Tours es una agencia local en Marruecos muy especializada en organizar rutas por el desierto, con veh\u00edculos 4\u00d74 que facilitan el acceso a las pistas, a los lugares menos tur\u00edsticos y m\u00e1s aut\u00e9nticos, para disfrutar de la comodidad y el confort de sus ventajas. Con excursiones en dromedarios hasta llegar a los campamentos situados en medio de las dunas y poder disfrutar de una noche bajo las estrellas. Visitar familias bereberes, compartir su estilo de vida y costumbres. Con excursiones a pie hasta llegar al oasis frecuentado por n\u00f3madas.\",\"breadcrumb\":{\"@id\":\"https:\/\/discoverysaharatours.com\/es\/3-dias-desde-errachidia-al-desierto-de-merzouga\/#breadcrumb\"},\"inLanguage\":\"en-US\",\"potentialAction\":[{\"@type\":\"ReadAction\",\"target\":[\"https:\/\/discoverysaharatours.com\/es\/3-dias-desde-errachidia-al-desierto-de-merzouga\/\"]}]},{\"@type\":\"BreadcrumbList\",\"@id\":\"https:\/\/discoverysaharatours.com\/es\/3-dias-desde-errachidia-al-desierto-de-merzouga\/#breadcrumb\",\"itemListElement\":[{\"@type\":\"ListItem\",\"position\":1,\"name\":\"Home\",\"item\":\"https:\/\/discoverysaharatours.com\/es\/\"},{\"@type\":\"ListItem\",\"position\":2,\"name\":\"3 d\u00edas\/ 2 ocho desde Errachidia al desierto de Merzouga\"}]},{\"@type\":\"WebSite\",\"@id\":\"https:\/\/discoverysaharatours.com\/es\/#website\",\"url\":\"https:\/\/discoverysaharatours.com\/es\/\",\"name\":\"Discovery Sahara Tours\",\"description\":\"Morocco Desert Tours \/ Tours &amp; Excursions in Morocco\",\"publisher\":{\"@id\":\"https:\/\/discoverysaharatours.com\/es\/#organization\"},\"potentialAction\":[{\"@type\":\"SearchAction\",\"target\":{\"@type\":\"EntryPoint\",\"urlTemplate\":\"https:\/\/discoverysaharatours.com\/es\/?s={search_term_string}\"},\"query-input\":\"required name=search_term_string\"}],\"inLanguage\":\"en-US\"},{\"@type\":\"Organization\",\"@id\":\"https:\/\/discoverysaharatours.com\/es\/#organization\",\"name\":\"Discovery Sahara Tours\",\"url\":\"https:\/\/discoverysaharatours.com\/es\/\",\"logo\":{\"@type\":\"ImageObject\",\"inLanguage\":\"en-US\",\"@id\":\"https:\/\/discoverysaharatours.com\/es\/#\/schema\/logo\/image\/\",\"url\":\"https:\/\/discoverysaharatours.com\/es\/wp-content\/uploads\/2022\/10\/logo-Discovery-Sahara-Tours.png\",\"contentUrl\":\"https:\/\/discoverysaharatours.com\/es\/wp-content\/uploads\/2022\/10\/logo-Discovery-Sahara-Tours.png\",\"width\":557,\"height\":486,\"caption\":\"Discovery Sahara Tours\"},\"image\":{\"@id\":\"https:\/\/discoverysaharatours.com\/es\/#\/schema\/logo\/image\/\"}}]}<\/script>\n<!-- \/ Yoast SEO plugin. -->","yoast_head_json":{"title":"3-dias-desde-errachidia-al-desierto-de-merzouga","description":"Discovery Sahara Tours es una agencia local en Marruecos muy especializada en organizar rutas por el desierto, con veh\u00edculos 4\u00d74 que facilitan el acceso a las pistas, a los lugares menos tur\u00edsticos y m\u00e1s aut\u00e9nticos, para disfrutar de la comodidad y el confort de sus ventajas. Con excursiones en dromedarios hasta llegar a los campamentos situados en medio de las dunas y poder disfrutar de una noche bajo las estrellas. Visitar familias bereberes, compartir su estilo de vida y costumbres. Con excursiones a pie hasta llegar al oasis frecuentado por n\u00f3madas.","robots":{"index":"index","follow":"follow","max-snippet":"max-snippet:-1","max-image-preview":"max-image-preview:large","max-video-preview":"max-video-preview:-1"},"canonical":"https:\/\/discoverysaharatours.com\/es\/3-dias-desde-errachidia-al-desierto-de-merzouga\/","og_locale":"en_US","og_type":"article","og_title":"https:\/\/web.facebook.com\/Discovery.sahara\/","og_description":"Discovery Sahara Tours es una agencia local en Marruecos muy especializada en organizar rutas por el desierto, con veh\u00edculos 4\u00d74 que facilitan el acceso a las pistas, a los lugares menos tur\u00edsticos y m\u00e1s aut\u00e9nticos, para disfrutar de la comodidad y el confort de sus ventajas. Con excursiones en dromedarios hasta llegar a los campamentos situados en medio de las dunas y poder disfrutar de una noche bajo las estrellas. Visitar familias bereberes, compartir su estilo de vida y costumbres. Con excursiones a pie hasta llegar al oasis frecuentado por n\u00f3madas.","og_url":"https:\/\/discoverysaharatours.com\/es\/3-dias-desde-errachidia-al-desierto-de-merzouga\/","og_site_name":"Discovery Sahara Tours","article_modified_time":"2026-04-07T22:06:13+00:00","og_image":[{"width":512,"height":512,"url":"https:\/\/discoverysaharatours.com\/es\/wp-content\/uploads\/2022\/10\/cropped-logo-Discovery-Sahara-Tours.png","type":"image\/png"}],"twitter_card":"summary_large_image","twitter_misc":{"Est. reading time":"2 minutes"},"schema":{"@context":"https:\/\/schema.org","@graph":[{"@type":"WebPage","@id":"https:\/\/discoverysaharatours.com\/es\/3-dias-desde-errachidia-al-desierto-de-merzouga\/","url":"https:\/\/discoverysaharatours.com\/es\/3-dias-desde-errachidia-al-desierto-de-merzouga\/","name":"3-dias-desde-errachidia-al-desierto-de-merzouga","isPartOf":{"@id":"https:\/\/discoverysaharatours.com\/es\/#website"},"datePublished":"2019-03-04T12:53:37+00:00","dateModified":"2026-04-07T22:06:13+00:00","description":"Discovery Sahara Tours es una agencia local en Marruecos muy especializada en organizar rutas por el desierto, con veh\u00edculos 4\u00d74 que facilitan el acceso a las pistas, a los lugares menos tur\u00edsticos y m\u00e1s aut\u00e9nticos, para disfrutar de la comodidad y el confort de sus ventajas. Con excursiones en dromedarios hasta llegar a los campamentos situados en medio de las dunas y poder disfrutar de una noche bajo las estrellas. Visitar familias bereberes, compartir su estilo de vida y costumbres. Con excursiones a pie hasta llegar al oasis frecuentado por n\u00f3madas.","breadcrumb":{"@id":"https:\/\/discoverysaharatours.com\/es\/3-dias-desde-errachidia-al-desierto-de-merzouga\/#breadcrumb"},"inLanguage":"en-US","potentialAction":[{"@type":"ReadAction","target":["https:\/\/discoverysaharatours.com\/es\/3-dias-desde-errachidia-al-desierto-de-merzouga\/"]}]},{"@type":"BreadcrumbList","@id":"https:\/\/discoverysaharatours.com\/es\/3-dias-desde-errachidia-al-desierto-de-merzouga\/#breadcrumb","itemListElement":[{"@type":"ListItem","position":1,"name":"Home","item":"https:\/\/discoverysaharatours.com\/es\/"},{"@type":"ListItem","position":2,"name":"3 d\u00edas\/ 2 ocho desde Errachidia al desierto de Merzouga"}]},{"@type":"WebSite","@id":"https:\/\/discoverysaharatours.com\/es\/#website","url":"https:\/\/discoverysaharatours.com\/es\/","name":"Discovery Sahara Tours","description":"Morocco Desert Tours \/ Tours &amp; Excursions in Morocco","publisher":{"@id":"https:\/\/discoverysaharatours.com\/es\/#organization"},"potentialAction":[{"@type":"SearchAction","target":{"@type":"EntryPoint","urlTemplate":"https:\/\/discoverysaharatours.com\/es\/?s={search_term_string}"},"query-input":"required name=search_term_string"}],"inLanguage":"en-US"},{"@type":"Organization","@id":"https:\/\/discoverysaharatours.com\/es\/#organization","name":"Discovery Sahara Tours","url":"https:\/\/discoverysaharatours.com\/es\/","logo":{"@type":"ImageObject","inLanguage":"en-US","@id":"https:\/\/discoverysaharatours.com\/es\/#\/schema\/logo\/image\/","url":"https:\/\/discoverysaharatours.com\/es\/wp-content\/uploads\/2022\/10\/logo-Discovery-Sahara-Tours.png","contentUrl":"https:\/\/discoverysaharatours.com\/es\/wp-content\/uploads\/2022\/10\/logo-Discovery-Sahara-Tours.png","width":557,"height":486,"caption":"Discovery Sahara Tours"},"image":{"@id":"https:\/\/discoverysaharatours.com\/es\/#\/schema\/logo\/image\/"}}]}},"_links":{"self":[{"href":"https:\/\/discoverysaharatours.com\/es\/wp-json\/wp\/v2\/pages\/14888","targetHints":{"allow":["GET"]}}],"collection":[{"href":"https:\/\/discoverysaharatours.com\/es\/wp-json\/wp\/v2\/pages"}],"about":[{"href":"https:\/\/discoverysaharatours.com\/es\/wp-json\/wp\/v2\/types\/page"}],"author":[{"embeddable":true,"href":"https:\/\/discoverysaharatours.com\/es\/wp-json\/wp\/v2\/users\/1"}],"replies":[{"embeddable":true,"href":"https:\/\/discoverysaharatours.com\/es\/wp-json\/wp\/v2\/comments?post=14888"}],"version-history":[{"count":5,"href":"https:\/\/discoverysaharatours.com\/es\/wp-json\/wp\/v2\/pages\/14888\/revisions"}],"predecessor-version":[{"id":19717,"href":"https:\/\/discoverysaharatours.com\/es\/wp-json\/wp\/v2\/pages\/14888\/revisions\/19717"}],"wp:attachment":[{"href":"https:\/\/discoverysaharatours.com\/es\/wp-json\/wp\/v2\/media?parent=14888"}],"curies":[{"name":"wp","href":"https:\/\/api.w.org\/{rel}","templated":true}]}}