{"id":14897,"date":"2019-03-04T12:55:59","date_gmt":"2019-03-04T12:55:59","guid":{"rendered":"https:\/\/www.discoverysaharatours.com\/?page_id=14897"},"modified":"2026-04-08T20:01:26","modified_gmt":"2026-04-08T20:01:26","slug":"7-dias-6-noches-de-errachidia-a-merzouga","status":"publish","type":"page","link":"https:\/\/discoverysaharatours.com\/es\/7-dias-6-noches-de-errachidia-a-merzouga\/","title":{"rendered":"7 d\u00edas 6 noches de errachidia a merzouga"},"content":{"rendered":"<h2 data-section-id=\"11msgae\" data-start=\"203\" data-end=\"273\">\ud83c\udfdc\ufe0f Tour de 7 d\u00edas: De Errachidia al desierto y el sur de Marruecos<\/h2>\n<h3 data-section-id=\"b4q2to\" data-start=\"275\" data-end=\"341\">\ud83d\udccd<span style=\"color: #ff6600;\"> D\u00eda 1: Errachidia \u2013 Gargantas del Todra \u2013 Valle del Dades<\/span><\/h3>\n<p data-start=\"342\" data-end=\"678\">Recepci\u00f3n en el aeropuerto de <span class=\"hover:entity-accent entity-underline inline cursor-pointer align-baseline\"><span class=\"whitespace-normal\">Errachidia<\/span><\/span> y salida hacia las impresionantes <span class=\"hover:entity-accent entity-underline inline cursor-pointer align-baseline\"><span class=\"whitespace-normal\">Gargantas del Todra<\/span><\/span>.<br data-start=\"482\" data-end=\"485\">Despu\u00e9s de explorar este espectacular ca\u00f1\u00f3n, continuaremos hacia el Valle del Dades, pasando por paisajes monta\u00f1osos \u00fanicos.<br data-start=\"609\" data-end=\"612\">Noche en hotel o riad en el <span class=\"hover:entity-accent entity-underline inline cursor-pointer align-baseline\"><span class=\"whitespace-normal\">Valle del Dades<\/span><\/span>.<\/p>\n<hr data-start=\"680\" data-end=\"683\">\n<h3 data-section-id=\"1yqflhl\" data-start=\"685\" data-end=\"754\">\ud83d\udccd <span style=\"color: #ff6600;\">D\u00eda 2: Valle del Dades \u2013 Valle de las Rosas \u2013 Ait Ben Haddou<\/span><\/h3>\n<p data-start=\"755\" data-end=\"1144\">Salida hacia el hermoso <span class=\"hover:entity-accent entity-underline inline cursor-pointer align-baseline\"><span class=\"whitespace-normal\">Valle de las Rosas<\/span><\/span> y visita de la hist\u00f3rica <span class=\"hover:entity-accent entity-underline inline cursor-pointer align-baseline\"><span class=\"whitespace-normal\">Kasbah Amridil<\/span><\/span>.<br data-start=\"880\" data-end=\"883\">Continuaci\u00f3n hacia <span class=\"hover:entity-accent entity-underline inline cursor-pointer align-baseline\"><span class=\"whitespace-normal\">Ouarzazate<\/span><\/span> para visitar la famosa <span class=\"hover:entity-accent entity-underline inline cursor-pointer align-baseline\"><span class=\"whitespace-normal\">Kasbah de Taourirt<\/span><\/span> y los <span class=\"hover:entity-accent entity-underline inline cursor-pointer align-baseline\"><span class=\"whitespace-normal\">Atlas Studios<\/span><\/span>.<br data-start=\"1045\" data-end=\"1048\">Finalizamos el d\u00eda en el ic\u00f3nico <span class=\"hover:entity-accent entity-underline inline cursor-pointer align-baseline\"><span class=\"whitespace-normal\">Ait Ben Haddou<\/span><\/span>.<br data-start=\"1119\" data-end=\"1122\">Noche en hotel o riad.<\/p>\n<hr data-start=\"1146\" data-end=\"1149\">\n<h3 data-section-id=\"11wynaw\" data-start=\"1151\" data-end=\"1207\">\ud83d\udccd<span style=\"color: #ff6600;\"> D\u00eda 3: Ait Ben Haddou \u2013 Valle del Draa \u2013 Zagora<\/span><\/h3>\n<p data-start=\"1208\" data-end=\"1566\">Salida hacia <span class=\"hover:entity-accent entity-underline inline cursor-pointer align-baseline\"><span class=\"whitespace-normal\">Zagora<\/span><\/span> atravesando el Anti-Atlas, pasando por <span class=\"hover:entity-accent entity-underline inline cursor-pointer align-baseline\"><span class=\"whitespace-normal\">Agdez<\/span><\/span> y el espectacular <span class=\"hover:entity-accent entity-underline inline cursor-pointer align-baseline\"><span class=\"whitespace-normal\">Valle del Draa<\/span><\/span>, conocido por sus palmerales interminables.<br data-start=\"1439\" data-end=\"1442\">Parada en <span class=\"hover:entity-accent entity-underline inline cursor-pointer align-baseline\"><span class=\"whitespace-normal\">Tamegroute<\/span><\/span> para descubrir su tradicional cer\u00e1mica.<br data-start=\"1531\" data-end=\"1534\">Noche en hotel o riad en Zagora.<\/p>\n<hr data-start=\"1568\" data-end=\"1571\">\n<h3 data-section-id=\"enkskb\" data-start=\"1573\" data-end=\"1616\"><span style=\"color: #ff6600;\">\ud83d\udccd D\u00eda 4: Zagora \u2013 Tafraoute Sidi Ali<\/span><\/h3>\n<p data-start=\"1617\" data-end=\"1848\">Ruta hacia zonas m\u00e1s remotas del desierto pasando por Mejran y Kem Kem.<br data-start=\"1688\" data-end=\"1691\">Encuentro con familias n\u00f3madas y descubrimiento de su estilo de vida aut\u00e9ntico.<br data-start=\"1770\" data-end=\"1773\">Llegada a <span class=\"hover:entity-accent entity-underline inline cursor-pointer align-baseline\"><span class=\"whitespace-normal\">Tafraoute Sidi Ali<\/span><\/span>.<br data-start=\"1823\" data-end=\"1826\">Noche en hotel o riad.<\/p>\n<hr data-start=\"1850\" data-end=\"1853\">\n<h3 data-section-id=\"19raahy\" data-start=\"1855\" data-end=\"1900\">\ud83d\udccd<span style=\"color: #ff6600;\"> D\u00eda 5: Tafraoute Sidi Ali \u2013 Merzouga<\/span><\/h3>\n<p data-start=\"1901\" data-end=\"2186\">Salida hacia <span class=\"hover:entity-accent entity-underline inline cursor-pointer align-baseline\"><span class=\"whitespace-normal\">Merzouga<\/span><\/span> pasando por <span class=\"hover:entity-accent entity-underline inline cursor-pointer align-baseline\"><span class=\"whitespace-normal\">Ramlia<\/span><\/span>.<br data-start=\"2006\" data-end=\"2009\">Paradas para observar antiguas inscripciones rupestres en piedra.<br data-start=\"2074\" data-end=\"2077\">Llegada a las dunas de <span class=\"hover:entity-accent entity-underline inline cursor-pointer align-baseline\"><span class=\"whitespace-normal\">Erg Chebbi<\/span><\/span>.<br data-start=\"2140\" data-end=\"2143\">Noche en hotel o campamento en el desierto.<\/p>\n<hr data-start=\"2188\" data-end=\"2191\">\n<h3 data-section-id=\"1sk6k67\" data-start=\"2193\" data-end=\"2245\">\ud83d\udccd <span style=\"color: #ff6600;\">D\u00eda 6: Exploraci\u00f3n del desierto de Merzouga<\/span><\/h3>\n<p data-start=\"2246\" data-end=\"2288\">D\u00eda completo para descubrir el desierto:<\/p>\n<ul data-start=\"2289\" data-end=\"2395\">\n<li data-section-id=\"13z6d56\" data-start=\"2289\" data-end=\"2318\">Visita a familias n\u00f3madas<\/li>\n<li data-section-id=\"1o5opf0\" data-start=\"2319\" data-end=\"2360\">Experiencia cultural con m\u00fasica Gnawa<\/li>\n<li data-section-id=\"x8m258\" data-start=\"2361\" data-end=\"2395\">Recorrido en 4&#215;4 por las dunas<\/li>\n<\/ul>\n<p data-start=\"2397\" data-end=\"2527\">Por la tarde:<br data-start=\"2410\" data-end=\"2413\">\ud83d\udc2a Paseo en camello para ver la puesta de sol<br data-start=\"2458\" data-end=\"2461\">\ud83c\udfd5\ufe0f Noche m\u00e1gica en campamento en el desierto bajo las estrellas<\/p>\n<hr data-start=\"2529\" data-end=\"2532\">\n<h3 data-section-id=\"1327xsx\" data-start=\"2534\" data-end=\"2606\">\ud83d\udccd <span style=\"color: #ff6600;\">D\u00eda 7: Merzouga \u2013 Rissani \u2013 Erfoud \u2013 Valle del Ziz \u2013 Errachidia<\/span><\/h3>\n<p data-start=\"2607\" data-end=\"2719\">Salida temprano para disfrutar del amanecer en las dunas.<br data-start=\"2664\" data-end=\"2667\">Regreso en camello al hotel para desayuno y ducha.<\/p>\n<p data-start=\"2721\" data-end=\"2751\">Ruta de regreso pasando por:<\/p>\n<ul data-start=\"2752\" data-end=\"2925\">\n<li data-section-id=\"1gte5pn\" data-start=\"2752\" data-end=\"2817\"><span class=\"hover:entity-accent entity-underline inline cursor-pointer align-baseline\"><span class=\"whitespace-normal\">Rissani<\/span><\/span> (mercado tradicional)<\/li>\n<li data-section-id=\"9wgiri\" data-start=\"2818\" data-end=\"2881\"><span class=\"hover:entity-accent entity-underline inline cursor-pointer align-baseline\"><span class=\"whitespace-normal\">Erfoud<\/span><\/span> (ciudad de f\u00f3siles)<\/li>\n<li data-section-id=\"1w3yut1\" data-start=\"2882\" data-end=\"2925\"><span class=\"hover:entity-accent entity-underline inline cursor-pointer align-baseline\"><span class=\"whitespace-normal\">Valle del Ziz<\/span><\/span><\/li>\n<\/ul>\n<p data-start=\"2927\" data-end=\"2978\">Traslado al aeropuerto de Errachidia. Fin del tour.<\/p>\n<hr data-start=\"2980\" data-end=\"2983\">\n<h2 data-section-id=\"1ihfk73\" data-start=\"2985\" data-end=\"2998\">\u2705 <span style=\"color: #ff6600;\">Incluido<\/span><\/h2>\n<ul data-start=\"2999\" data-end=\"3256\">\n<li data-section-id=\"1rb7pzx\" data-start=\"2999\" data-end=\"3069\">Transporte privado (4&#215;4, minib\u00fas o autob\u00fas con aire acondicionado)<\/li>\n<li data-section-id=\"khxukc\" data-start=\"3070\" data-end=\"3100\">Conductor\/gu\u00eda multiling\u00fce<\/li>\n<li data-section-id=\"1xlc6vv\" data-start=\"3101\" data-end=\"3116\">Combustible<\/li>\n<li data-section-id=\"14iav4w\" data-start=\"3117\" data-end=\"3145\">4 noches en hotel o riad<\/li>\n<li data-section-id=\"itrxlg\" data-start=\"3146\" data-end=\"3205\">2 noches en campamento en el desierto (cena y desayuno)<\/li>\n<li data-section-id=\"1vuo7la\" data-start=\"3206\" data-end=\"3226\">Paseo en camello<\/li>\n<li data-section-id=\"1odfhf6\" data-start=\"3227\" data-end=\"3256\">Sandboarding en las dunas<\/li>\n<\/ul>\n<hr data-start=\"3258\" data-end=\"3261\">\n<h2 data-section-id=\"ak0hx3\" data-start=\"3263\" data-end=\"3279\">\u274c <span style=\"color: #ff6600;\">No incluido<\/span><\/h2>\n<ul data-start=\"3280\" data-end=\"3384\">\n<li data-section-id=\"cra5n3\" data-start=\"3280\" data-end=\"3303\">Bebidas y almuerzos<\/li>\n<li data-section-id=\"9dpfwm\" data-start=\"3304\" data-end=\"3325\">Billetes de avi\u00f3n<\/li>\n<li data-section-id=\"go2epb\" data-start=\"3326\" data-end=\"3360\">Entradas a monumentos y museos<\/li>\n<li data-section-id=\"wxzf0z\" data-start=\"3361\" data-end=\"3384\">Hotel en Errachidia<\/li>\n<\/ul>\n<hr data-start=\"3386\" data-end=\"3389\">\n<h2 data-section-id=\"1i0gknt\" data-start=\"3391\" data-end=\"3400\">\u2728 Nota<\/h2>\n<p data-start=\"3401\" data-end=\"3554\">Si deseas personalizar este itinerario, no dudes en contactarnos. Adaptamos el viaje a tus necesidades para ofrecerte una experiencia \u00fanica en Marruecos.<\/p>\n","protected":false},"excerpt":{"rendered":"<p>\ud83c\udfdc\ufe0f Tour de 7 d\u00edas: De Errachidia al desierto y el sur de Marruecos \ud83d\udccd D\u00eda 1: Errachidia \u2013 Gargantas del Todra \u2013 Valle del Dades Recepci\u00f3n en el aeropuerto de Errachidia y salida hacia las impresionantes Gargantas del Todra.Despu\u00e9s de explorar este espectacular ca\u00f1\u00f3n, continuaremos hacia el Valle del Dades, pasando por paisajes monta\u00f1osos&#8230;<\/p>\n","protected":false},"author":1,"featured_media":0,"parent":0,"menu_order":0,"comment_status":"closed","ping_status":"closed","template":"","meta":{"ngg_post_thumbnail":0,"_kad_post_transparent":"default","_kad_post_title":"default","_kad_post_layout":"default","_kad_post_sidebar_id":"","_kad_post_content_style":"default","_kad_post_vertical_padding":"default","_kad_post_feature":"","_kad_post_feature_position":"","_kad_post_header":false,"_kad_post_footer":false,"footnotes":""},"class_list":["post-14897","page","type-page","status-publish","hentry"],"yoast_head":"<!-- This site is optimized with the Yoast SEO plugin v21.5 - https:\/\/yoast.com\/wordpress\/plugins\/seo\/ -->\n<title>7-dias-6-noches-de-errachidia-a-merzouga<\/title>\n<meta name=\"description\" content=\"Discovery Sahara Tours es una agencia local en Marruecos muy especializada en organizar rutas por el desierto, con veh\u00edculos 4\u00d74 que facilitan el acceso a las pistas, a los lugares menos tur\u00edsticos y m\u00e1s aut\u00e9nticos, para disfrutar de la comodidad y el confort de sus ventajas. Con excursiones en dromedarios hasta llegar a los campamentos situados en medio de las dunas y poder disfrutar de una noche bajo las estrellas. Visitar familias bereberes, compartir su estilo de vida y costumbres. Con excursiones a pie hasta llegar al oasis frecuentado por n\u00f3madas.\" \/>\n<meta name=\"robots\" content=\"index, follow, max-snippet:-1, max-image-preview:large, max-video-preview:-1\" \/>\n<link rel=\"canonical\" href=\"https:\/\/discoverysaharatours.com\/es\/7-dias-6-noches-de-errachidia-a-merzouga\/\" \/>\n<meta property=\"og:locale\" content=\"en_US\" \/>\n<meta property=\"og:type\" content=\"article\" \/>\n<meta property=\"og:title\" content=\"https:\/\/web.facebook.com\/Discovery.sahara\/\" \/>\n<meta property=\"og:description\" content=\"Discovery Sahara Tours es una agencia local en Marruecos muy especializada en organizar rutas por el desierto, con veh\u00edculos 4\u00d74 que facilitan el acceso a las pistas, a los lugares menos tur\u00edsticos y m\u00e1s aut\u00e9nticos, para disfrutar de la comodidad y el confort de sus ventajas. Con excursiones en dromedarios hasta llegar a los campamentos situados en medio de las dunas y poder disfrutar de una noche bajo las estrellas. Visitar familias bereberes, compartir su estilo de vida y costumbres. Con excursiones a pie hasta llegar al oasis frecuentado por n\u00f3madas.\" \/>\n<meta property=\"og:url\" content=\"https:\/\/discoverysaharatours.com\/es\/7-dias-6-noches-de-errachidia-a-merzouga\/\" \/>\n<meta property=\"og:site_name\" content=\"Discovery Sahara Tours\" \/>\n<meta property=\"article:modified_time\" content=\"2026-04-08T20:01:26+00:00\" \/>\n<meta property=\"og:image\" content=\"https:\/\/discoverysaharatours.com\/es\/wp-content\/uploads\/2022\/10\/cropped-logo-Discovery-Sahara-Tours.png\" \/>\n\t<meta property=\"og:image:width\" content=\"512\" \/>\n\t<meta property=\"og:image:height\" content=\"512\" \/>\n\t<meta property=\"og:image:type\" content=\"image\/png\" \/>\n<meta name=\"twitter:card\" content=\"summary_large_image\" \/>\n<meta name=\"twitter:label1\" content=\"Est. reading time\" \/>\n\t<meta name=\"twitter:data1\" content=\"2 minutes\" \/>\n<script type=\"application\/ld+json\" class=\"yoast-schema-graph\">{\"@context\":\"https:\/\/schema.org\",\"@graph\":[{\"@type\":\"WebPage\",\"@id\":\"https:\/\/discoverysaharatours.com\/es\/7-dias-6-noches-de-errachidia-a-merzouga\/\",\"url\":\"https:\/\/discoverysaharatours.com\/es\/7-dias-6-noches-de-errachidia-a-merzouga\/\",\"name\":\"7-dias-6-noches-de-errachidia-a-merzouga\",\"isPartOf\":{\"@id\":\"https:\/\/discoverysaharatours.com\/es\/#website\"},\"datePublished\":\"2019-03-04T12:55:59+00:00\",\"dateModified\":\"2026-04-08T20:01:26+00:00\",\"description\":\"Discovery Sahara Tours es una agencia local en Marruecos muy especializada en organizar rutas por el desierto, con veh\u00edculos 4\u00d74 que facilitan el acceso a las pistas, a los lugares menos tur\u00edsticos y m\u00e1s aut\u00e9nticos, para disfrutar de la comodidad y el confort de sus ventajas. Con excursiones en dromedarios hasta llegar a los campamentos situados en medio de las dunas y poder disfrutar de una noche bajo las estrellas. Visitar familias bereberes, compartir su estilo de vida y costumbres. Con excursiones a pie hasta llegar al oasis frecuentado por n\u00f3madas.\",\"breadcrumb\":{\"@id\":\"https:\/\/discoverysaharatours.com\/es\/7-dias-6-noches-de-errachidia-a-merzouga\/#breadcrumb\"},\"inLanguage\":\"en-US\",\"potentialAction\":[{\"@type\":\"ReadAction\",\"target\":[\"https:\/\/discoverysaharatours.com\/es\/7-dias-6-noches-de-errachidia-a-merzouga\/\"]}]},{\"@type\":\"BreadcrumbList\",\"@id\":\"https:\/\/discoverysaharatours.com\/es\/7-dias-6-noches-de-errachidia-a-merzouga\/#breadcrumb\",\"itemListElement\":[{\"@type\":\"ListItem\",\"position\":1,\"name\":\"Home\",\"item\":\"https:\/\/discoverysaharatours.com\/es\/\"},{\"@type\":\"ListItem\",\"position\":2,\"name\":\"7 d\u00edas 6 noches de errachidia a merzouga\"}]},{\"@type\":\"WebSite\",\"@id\":\"https:\/\/discoverysaharatours.com\/es\/#website\",\"url\":\"https:\/\/discoverysaharatours.com\/es\/\",\"name\":\"Discovery Sahara Tours\",\"description\":\"Morocco Desert Tours \/ Tours &amp; Excursions in Morocco\",\"publisher\":{\"@id\":\"https:\/\/discoverysaharatours.com\/es\/#organization\"},\"potentialAction\":[{\"@type\":\"SearchAction\",\"target\":{\"@type\":\"EntryPoint\",\"urlTemplate\":\"https:\/\/discoverysaharatours.com\/es\/?s={search_term_string}\"},\"query-input\":\"required name=search_term_string\"}],\"inLanguage\":\"en-US\"},{\"@type\":\"Organization\",\"@id\":\"https:\/\/discoverysaharatours.com\/es\/#organization\",\"name\":\"Discovery Sahara Tours\",\"url\":\"https:\/\/discoverysaharatours.com\/es\/\",\"logo\":{\"@type\":\"ImageObject\",\"inLanguage\":\"en-US\",\"@id\":\"https:\/\/discoverysaharatours.com\/es\/#\/schema\/logo\/image\/\",\"url\":\"https:\/\/discoverysaharatours.com\/es\/wp-content\/uploads\/2022\/10\/logo-Discovery-Sahara-Tours.png\",\"contentUrl\":\"https:\/\/discoverysaharatours.com\/es\/wp-content\/uploads\/2022\/10\/logo-Discovery-Sahara-Tours.png\",\"width\":557,\"height\":486,\"caption\":\"Discovery Sahara Tours\"},\"image\":{\"@id\":\"https:\/\/discoverysaharatours.com\/es\/#\/schema\/logo\/image\/\"}}]}<\/script>\n<!-- \/ Yoast SEO plugin. -->","yoast_head_json":{"title":"7-dias-6-noches-de-errachidia-a-merzouga","description":"Discovery Sahara Tours es una agencia local en Marruecos muy especializada en organizar rutas por el desierto, con veh\u00edculos 4\u00d74 que facilitan el acceso a las pistas, a los lugares menos tur\u00edsticos y m\u00e1s aut\u00e9nticos, para disfrutar de la comodidad y el confort de sus ventajas. Con excursiones en dromedarios hasta llegar a los campamentos situados en medio de las dunas y poder disfrutar de una noche bajo las estrellas. Visitar familias bereberes, compartir su estilo de vida y costumbres. Con excursiones a pie hasta llegar al oasis frecuentado por n\u00f3madas.","robots":{"index":"index","follow":"follow","max-snippet":"max-snippet:-1","max-image-preview":"max-image-preview:large","max-video-preview":"max-video-preview:-1"},"canonical":"https:\/\/discoverysaharatours.com\/es\/7-dias-6-noches-de-errachidia-a-merzouga\/","og_locale":"en_US","og_type":"article","og_title":"https:\/\/web.facebook.com\/Discovery.sahara\/","og_description":"Discovery Sahara Tours es una agencia local en Marruecos muy especializada en organizar rutas por el desierto, con veh\u00edculos 4\u00d74 que facilitan el acceso a las pistas, a los lugares menos tur\u00edsticos y m\u00e1s aut\u00e9nticos, para disfrutar de la comodidad y el confort de sus ventajas. Con excursiones en dromedarios hasta llegar a los campamentos situados en medio de las dunas y poder disfrutar de una noche bajo las estrellas. Visitar familias bereberes, compartir su estilo de vida y costumbres. Con excursiones a pie hasta llegar al oasis frecuentado por n\u00f3madas.","og_url":"https:\/\/discoverysaharatours.com\/es\/7-dias-6-noches-de-errachidia-a-merzouga\/","og_site_name":"Discovery Sahara Tours","article_modified_time":"2026-04-08T20:01:26+00:00","og_image":[{"width":512,"height":512,"url":"https:\/\/discoverysaharatours.com\/es\/wp-content\/uploads\/2022\/10\/cropped-logo-Discovery-Sahara-Tours.png","type":"image\/png"}],"twitter_card":"summary_large_image","twitter_misc":{"Est. reading time":"2 minutes"},"schema":{"@context":"https:\/\/schema.org","@graph":[{"@type":"WebPage","@id":"https:\/\/discoverysaharatours.com\/es\/7-dias-6-noches-de-errachidia-a-merzouga\/","url":"https:\/\/discoverysaharatours.com\/es\/7-dias-6-noches-de-errachidia-a-merzouga\/","name":"7-dias-6-noches-de-errachidia-a-merzouga","isPartOf":{"@id":"https:\/\/discoverysaharatours.com\/es\/#website"},"datePublished":"2019-03-04T12:55:59+00:00","dateModified":"2026-04-08T20:01:26+00:00","description":"Discovery Sahara Tours es una agencia local en Marruecos muy especializada en organizar rutas por el desierto, con veh\u00edculos 4\u00d74 que facilitan el acceso a las pistas, a los lugares menos tur\u00edsticos y m\u00e1s aut\u00e9nticos, para disfrutar de la comodidad y el confort de sus ventajas. Con excursiones en dromedarios hasta llegar a los campamentos situados en medio de las dunas y poder disfrutar de una noche bajo las estrellas. Visitar familias bereberes, compartir su estilo de vida y costumbres. Con excursiones a pie hasta llegar al oasis frecuentado por n\u00f3madas.","breadcrumb":{"@id":"https:\/\/discoverysaharatours.com\/es\/7-dias-6-noches-de-errachidia-a-merzouga\/#breadcrumb"},"inLanguage":"en-US","potentialAction":[{"@type":"ReadAction","target":["https:\/\/discoverysaharatours.com\/es\/7-dias-6-noches-de-errachidia-a-merzouga\/"]}]},{"@type":"BreadcrumbList","@id":"https:\/\/discoverysaharatours.com\/es\/7-dias-6-noches-de-errachidia-a-merzouga\/#breadcrumb","itemListElement":[{"@type":"ListItem","position":1,"name":"Home","item":"https:\/\/discoverysaharatours.com\/es\/"},{"@type":"ListItem","position":2,"name":"7 d\u00edas 6 noches de errachidia a merzouga"}]},{"@type":"WebSite","@id":"https:\/\/discoverysaharatours.com\/es\/#website","url":"https:\/\/discoverysaharatours.com\/es\/","name":"Discovery Sahara Tours","description":"Morocco Desert Tours \/ Tours &amp; Excursions in Morocco","publisher":{"@id":"https:\/\/discoverysaharatours.com\/es\/#organization"},"potentialAction":[{"@type":"SearchAction","target":{"@type":"EntryPoint","urlTemplate":"https:\/\/discoverysaharatours.com\/es\/?s={search_term_string}"},"query-input":"required name=search_term_string"}],"inLanguage":"en-US"},{"@type":"Organization","@id":"https:\/\/discoverysaharatours.com\/es\/#organization","name":"Discovery Sahara Tours","url":"https:\/\/discoverysaharatours.com\/es\/","logo":{"@type":"ImageObject","inLanguage":"en-US","@id":"https:\/\/discoverysaharatours.com\/es\/#\/schema\/logo\/image\/","url":"https:\/\/discoverysaharatours.com\/es\/wp-content\/uploads\/2022\/10\/logo-Discovery-Sahara-Tours.png","contentUrl":"https:\/\/discoverysaharatours.com\/es\/wp-content\/uploads\/2022\/10\/logo-Discovery-Sahara-Tours.png","width":557,"height":486,"caption":"Discovery Sahara Tours"},"image":{"@id":"https:\/\/discoverysaharatours.com\/es\/#\/schema\/logo\/image\/"}}]}},"_links":{"self":[{"href":"https:\/\/discoverysaharatours.com\/es\/wp-json\/wp\/v2\/pages\/14897","targetHints":{"allow":["GET"]}}],"collection":[{"href":"https:\/\/discoverysaharatours.com\/es\/wp-json\/wp\/v2\/pages"}],"about":[{"href":"https:\/\/discoverysaharatours.com\/es\/wp-json\/wp\/v2\/types\/page"}],"author":[{"embeddable":true,"href":"https:\/\/discoverysaharatours.com\/es\/wp-json\/wp\/v2\/users\/1"}],"replies":[{"embeddable":true,"href":"https:\/\/discoverysaharatours.com\/es\/wp-json\/wp\/v2\/comments?post=14897"}],"version-history":[{"count":5,"href":"https:\/\/discoverysaharatours.com\/es\/wp-json\/wp\/v2\/pages\/14897\/revisions"}],"predecessor-version":[{"id":19737,"href":"https:\/\/discoverysaharatours.com\/es\/wp-json\/wp\/v2\/pages\/14897\/revisions\/19737"}],"wp:attachment":[{"href":"https:\/\/discoverysaharatours.com\/es\/wp-json\/wp\/v2\/media?parent=14897"}],"curies":[{"name":"wp","href":"https:\/\/api.w.org\/{rel}","templated":true}]}}