{"id":6222,"date":"2018-06-15T08:16:59","date_gmt":"2018-06-15T08:16:59","guid":{"rendered":"https:\/\/www.discoverysaharatours.com\/?page_id=6222"},"modified":"2026-04-10T09:34:30","modified_gmt":"2026-04-10T09:34:30","slug":"excursion-de-fez","status":"publish","type":"page","link":"https:\/\/discoverysaharatours.com\/es\/excursion-de-fez\/","title":{"rendered":"Excursi\u00f3n de Fez"},"content":{"rendered":"<h1 data-section-id=\"1du54jk\" data-start=\"146\" data-end=\"190\">\ud83c\udff0 Recorrido privado por Fez \u2013 Marruecos<\/h1>\n<h2 data-section-id=\"d8yu8w\" data-start=\"191\" data-end=\"243\">Tour guiado por la ciudad &amp; Herencia Jud\u00eda de Fez<\/h2>\n<p data-start=\"245\" data-end=\"496\"><strong data-start=\"245\" data-end=\"258\">Duraci\u00f3n:<\/strong> 09:00 a 18:00<br data-start=\"272\" data-end=\"275\"><strong data-start=\"275\" data-end=\"292\">Tipo de tour:<\/strong> Privado<br data-start=\"300\" data-end=\"303\"><strong data-start=\"303\" data-end=\"315\">Idiomas:<\/strong> Ingl\u00e9s, \u00e1rabe, bereber, franc\u00e9s<br data-start=\"347\" data-end=\"350\"><strong data-start=\"350\" data-end=\"362\">Incluye:<\/strong> Transporte de lujo + gu\u00eda experto de Fez<br data-start=\"403\" data-end=\"406\"><strong data-start=\"406\" data-end=\"423\">Inicio y fin:<\/strong> Desde su riad u hotel en Fez<br data-start=\"452\" data-end=\"455\">\ud83d\udcde Reserva \/ contacto: +212 661 924 070<\/p>\n<hr data-start=\"498\" data-end=\"501\">\n<h2 data-section-id=\"r9rxfk\" data-start=\"503\" data-end=\"555\">\ud83c\udf0d Descubre Fez \u2013 Patrimonio Mundial de la UNESCO<\/h2>\n<p data-start=\"557\" data-end=\"775\">Fez es una de las ciudades imperiales m\u00e1s importantes de Marruecos y est\u00e1 considerada la capital espiritual del pa\u00eds. Su medina, <strong data-start=\"686\" data-end=\"701\">F\u00e8s el-Bali<\/strong>, es una de las zonas urbanas sin coches m\u00e1s grandes y antiguas del mundo.<\/p>\n<p data-start=\"777\" data-end=\"812\">La ciudad se divide en tres partes:<\/p>\n<ul data-start=\"813\" data-end=\"991\">\n<li data-section-id=\"5o6abq\" data-start=\"813\" data-end=\"851\"><strong data-start=\"815\" data-end=\"831\">F\u00e8s el-Bali:<\/strong> la medina hist\u00f3rica<\/li>\n<li data-section-id=\"1pkcm9v\" data-start=\"852\" data-end=\"927\"><strong data-start=\"854\" data-end=\"870\">F\u00e8s el-Jdid:<\/strong> \u201cNueva Fez\u201d, donde se encuentra el Mellah (barrio jud\u00edo)<\/li>\n<li data-section-id=\"zqv8rp\" data-start=\"928\" data-end=\"991\"><strong data-start=\"930\" data-end=\"949\">Ville Nouvelle:<\/strong> zona moderna construida por los franceses<\/li>\n<\/ul>\n<hr data-start=\"993\" data-end=\"996\">\n<h2 data-section-id=\"1vurt3x\" data-start=\"998\" data-end=\"1023\">\ud83d\udeaa <span style=\"color: #ff6600;\">Entrada a la Medina<\/span><\/h2>\n<p data-start=\"1025\" data-end=\"1139\">El recorrido comienza en la famosa <strong data-start=\"1060\" data-end=\"1092\">Bab Bou Jeloud (Puerta Azul)<\/strong>, con sus colores azul y verde caracter\u00edsticos.<\/p>\n<p data-start=\"1141\" data-end=\"1173\">Dentro de la medina descubrir\u00e1s:<\/p>\n<ul data-start=\"1174\" data-end=\"1355\">\n<li data-section-id=\"a5aykp\" data-start=\"1174\" data-end=\"1214\">Callejuelas estrechas y laber\u00ednticas<\/li>\n<li data-section-id=\"4hmw3d\" data-start=\"1215\" data-end=\"1249\">Mercados tradicionales (zocos)<\/li>\n<li data-section-id=\"1htl6nf\" data-start=\"1250\" data-end=\"1310\">Artesan\u00eda marroqu\u00ed: alfombras, cer\u00e1mica, cuero, especias<\/li>\n<li data-section-id=\"7ohmlq\" data-start=\"1311\" data-end=\"1355\">Talleres tradicionales en funcionamiento<\/li>\n<\/ul>\n<p data-start=\"1357\" data-end=\"1384\">Las dos calles principales:<\/p>\n<ul data-start=\"1385\" data-end=\"1427\">\n<li data-section-id=\"du9hk5\" data-start=\"1385\" data-end=\"1405\">Rue Talaa Kebira<\/li>\n<li data-section-id=\"sa15kg\" data-start=\"1406\" data-end=\"1427\">Rue Talaa Seghira<\/li>\n<\/ul>\n<hr data-start=\"1429\" data-end=\"1432\">\n<h2 data-section-id=\"15koqp2\" data-start=\"1434\" data-end=\"1476\">\ud83d\udd4d Itinerario del Tour Hist\u00f3rico de Fez<\/h2>\n<h3 data-section-id=\"wnc9w1\" data-start=\"1478\" data-end=\"1504\">\ud83c\udff0 Palacio Real de Fez<\/h3>\n<p data-start=\"1505\" data-end=\"1612\">Uno de los palacios m\u00e1s antiguos y grandes de Marruecos (siglo XIV), famoso por sus impresionantes puertas.<\/p>\n<hr data-start=\"1614\" data-end=\"1617\">\n<h3 data-section-id=\"cdurhp\" data-start=\"1619\" data-end=\"1653\">\u2721\ufe0f Mellah Jud\u00edo (barrio jud\u00edo)<\/h3>\n<p data-start=\"1654\" data-end=\"1798\">Fundado en 1438, fue el primer Mellah de Marruecos. Se encuentra cerca del Palacio Real y fue hogar de la comunidad jud\u00eda de Fez durante siglos.<\/p>\n<hr data-start=\"1800\" data-end=\"1803\">\n<h3 data-section-id=\"dfcc8c\" data-start=\"1805\" data-end=\"1830\">\ud83d\udd4d Sinagoga Ibn Danan<\/h3>\n<p data-start=\"1831\" data-end=\"1917\">Una de las sinagogas m\u00e1s importantes de Marruecos, testimonio del legado jud\u00edo de Fez.<\/p>\n<hr data-start=\"1919\" data-end=\"1922\">\n<h3 data-section-id=\"nv4k6q\" data-start=\"1924\" data-end=\"1971\">\u26b0\ufe0f Cementerio jud\u00edo &amp; tumba de Lalla Solika<\/h3>\n<p data-start=\"1972\" data-end=\"2077\">Lugar hist\u00f3rico con numerosas tumbas de figuras importantes del juda\u00edsmo marroqu\u00ed, incluida Lalla Solika.<\/p>\n<hr data-start=\"2079\" data-end=\"2082\">\n<h3 data-section-id=\"1usq6h2\" data-start=\"2084\" data-end=\"2109\">\ud83d\udd4c Madrasa Bou Inania<\/h3>\n<p data-start=\"2110\" data-end=\"2241\">Construida entre 1351\u20131356, es una obra maestra de la arquitectura merin\u00ed y uno de los edificios religiosos m\u00e1s importantes de Fez.<\/p>\n<hr data-start=\"2243\" data-end=\"2246\">\n<h3 data-section-id=\"1o4on3e\" data-start=\"2248\" data-end=\"2287\">\ud83c\udfa8 Cooperativa de cer\u00e1mica y Zellij<\/h3>\n<p data-start=\"2288\" data-end=\"2323\">Descubre t\u00e9cnicas tradicionales de:<\/p>\n<ul data-start=\"2324\" data-end=\"2406\">\n<li data-section-id=\"j8tqdt\" data-start=\"2324\" data-end=\"2345\">Cer\u00e1mica marroqu\u00ed<\/li>\n<li data-section-id=\"1x7t51d\" data-start=\"2346\" data-end=\"2364\">Mosaico Zellij<\/li>\n<li data-section-id=\"uyuuvf\" data-start=\"2365\" data-end=\"2406\">Posibilidad de participar en talleres<\/li>\n<\/ul>\n<hr data-start=\"2408\" data-end=\"2411\">\n<h3 data-section-id=\"96gyaf\" data-start=\"2413\" data-end=\"2446\">\ud83e\udded Rcif \u2013 Entrada a la medina<\/h3>\n<p data-start=\"2447\" data-end=\"2550\">Zona tradicional y muy activa con mercados locales de frutas, verduras y vida diaria de los habitantes.<\/p>\n<hr data-start=\"2552\" data-end=\"2555\">\n<h3 data-section-id=\"1ko2mi0\" data-start=\"2557\" data-end=\"2600\">\ud83e\uddf4 Curtidur\u00edas de Fez (Chouara Tannery)<\/h3>\n<p data-start=\"2601\" data-end=\"2697\">Uno de los lugares m\u00e1s famosos de la ciudad, donde se trabaja el cuero con t\u00e9cnicas ancestrales.<\/p>\n<hr data-start=\"2699\" data-end=\"2702\">\n<h3 data-section-id=\"18q9b3g\" data-start=\"2704\" data-end=\"2726\">\ud83e\udeb5 Plaza Seffarine<\/h3>\n<p data-start=\"2727\" data-end=\"2781\">Centro hist\u00f3rico de artesan\u00eda en cobre, lat\u00f3n y plata.<\/p>\n<hr data-start=\"2783\" data-end=\"2786\">\n<h3 data-section-id=\"b3cmq\" data-start=\"2788\" data-end=\"2819\">\ud83e\uddf5 Cooperativa de tejedores<\/h3>\n<p data-start=\"2820\" data-end=\"2917\">Demostraci\u00f3n de tejidos tradicionales de lana y seda, incluyendo alfombras y textiles marroqu\u00edes.<\/p>\n<hr data-start=\"2919\" data-end=\"2922\">\n<h3 data-section-id=\"1shskyl\" data-start=\"2924\" data-end=\"2955\">\ud83d\udd4c Zaouia Sidi Ahmed Tijani<\/h3>\n<p data-start=\"2956\" data-end=\"3044\">Santuario espiritual con arquitectura tradicional decorada en madera, estuco y azulejos.<\/p>\n<hr data-start=\"3046\" data-end=\"3049\">\n<h3 data-section-id=\"1ie3ghf\" data-start=\"3051\" data-end=\"3088\">\ud83c\udf93 Universidad de Al Quaraouiyine<\/h3>\n<p data-start=\"3089\" data-end=\"3176\">Fundada en 859, considerada la universidad m\u00e1s antigua del mundo a\u00fan en funcionamiento.<\/p>\n<hr data-start=\"3178\" data-end=\"3181\">\n<h3 data-section-id=\"12zozup\" data-start=\"3183\" data-end=\"3215\">\ud83d\udd4c Mausoleo Moulay Idriss II<\/h3>\n<p data-start=\"3216\" data-end=\"3265\">Santuario dedicado al fundador espiritual de Fez.<\/p>\n<hr data-start=\"3267\" data-end=\"3270\">\n<h3 data-section-id=\"1aiscbt\" data-start=\"3272\" data-end=\"3294\">\ud83e\udded Plaza Nejjarine<\/h3>\n<p data-start=\"3295\" data-end=\"3306\">Famosa por:<\/p>\n<ul data-start=\"3307\" data-end=\"3386\">\n<li data-section-id=\"2zn0sb\" data-start=\"3307\" data-end=\"3329\">Museo de la madera<\/li>\n<li data-section-id=\"dsvaba\" data-start=\"3330\" data-end=\"3361\">Fuente decorada tradicional<\/li>\n<li data-section-id=\"kalanf\" data-start=\"3362\" data-end=\"3386\">Zocos de carpinter\u00eda<\/li>\n<\/ul>\n<hr data-start=\"3388\" data-end=\"3391\">\n<h3 data-section-id=\"x6fpez\" data-start=\"3393\" data-end=\"3423\">\ud83d\udecd\ufe0f Tiempo libre y compras<\/h3>\n<p data-start=\"3424\" data-end=\"3443\">Explora tiendas de:<\/p>\n<ul data-start=\"3444\" data-end=\"3504\">\n<li data-section-id=\"1oabk83\" data-start=\"3444\" data-end=\"3457\">Alfombras<\/li>\n<li data-section-id=\"w2dtcq\" data-start=\"3458\" data-end=\"3471\">Artesan\u00eda<\/li>\n<li data-section-id=\"1pon9at\" data-start=\"3472\" data-end=\"3504\">Bufandas y productos locales<\/li>\n<\/ul>\n<hr data-start=\"3506\" data-end=\"3509\">\n<h2 data-section-id=\"grbtqy\" data-start=\"3511\" data-end=\"3547\">\ud83c\udf7d\ufe0f Almuerzo tradicional marroqu\u00ed<\/h2>\n<p data-start=\"3548\" data-end=\"3556\"><span style=\"color: #ff6600;\">Incluye:<\/span><\/p>\n<ul data-start=\"3557\" data-end=\"3677\">\n<li data-section-id=\"1w21z75\" data-start=\"3557\" data-end=\"3579\">Ensaladas variadas<\/li>\n<li data-section-id=\"1shytwg\" data-start=\"3580\" data-end=\"3619\">Tajine de pollo con lim\u00f3n confitado<\/li>\n<li data-section-id=\"1i16fy3\" data-start=\"3620\" data-end=\"3654\">Tajine de ternera con ciruelas<\/li>\n<li data-section-id=\"ukfeaw\" data-start=\"3655\" data-end=\"3677\">Fruta de temporada<\/li>\n<\/ul>\n<hr data-start=\"3679\" data-end=\"3682\">\n<h2 data-section-id=\"1pcz7i0\" data-start=\"3684\" data-end=\"3714\">\ud83c\udf1f Experiencia \u00fanica en Fez<\/h2>\n<p data-start=\"3716\" data-end=\"3759\">Este tour ofrece una inmersi\u00f3n completa en:<\/p>\n<ul data-start=\"3760\" data-end=\"3865\">\n<li data-section-id=\"1r8ie3n\" data-start=\"3760\" data-end=\"3782\">Historia milenaria<\/li>\n<li data-section-id=\"h6256g\" data-start=\"3783\" data-end=\"3805\">Cultura espiritual<\/li>\n<li data-section-id=\"92bivu\" data-start=\"3806\" data-end=\"3833\">Tradiciones artesanales<\/li>\n<li data-section-id=\"12wyxty\" data-start=\"3834\" data-end=\"3865\">Vida cotidiana de la medina<\/li>\n<\/ul>\n","protected":false},"excerpt":{"rendered":"<p>\ud83c\udff0 Recorrido privado por Fez \u2013 Marruecos Tour guiado por la ciudad &amp; Herencia Jud\u00eda de Fez Duraci\u00f3n: 09:00 a 18:00Tipo de tour: PrivadoIdiomas: Ingl\u00e9s, \u00e1rabe, bereber, franc\u00e9sIncluye: Transporte de lujo + gu\u00eda experto de FezInicio y fin: Desde su riad u hotel en Fez\ud83d\udcde Reserva \/ contacto: +212 661 924 070 \ud83c\udf0d Descubre Fez&#8230;<\/p>\n","protected":false},"author":1,"featured_media":0,"parent":0,"menu_order":0,"comment_status":"closed","ping_status":"closed","template":"","meta":{"ngg_post_thumbnail":0,"_kad_post_transparent":"default","_kad_post_title":"default","_kad_post_layout":"default","_kad_post_sidebar_id":"","_kad_post_content_style":"default","_kad_post_vertical_padding":"default","_kad_post_feature":"","_kad_post_feature_position":"","_kad_post_header":false,"_kad_post_footer":false,"footnotes":""},"class_list":["post-6222","page","type-page","status-publish","hentry"],"yoast_head":"<!-- This site is optimized with the Yoast SEO plugin v21.5 - https:\/\/yoast.com\/wordpress\/plugins\/seo\/ -->\n<title>Excursi\u00f3n de Fez<\/title>\n<meta name=\"description\" content=\"\u201cMarruecos vacaciones\u201d, Marruecos consejos de viaje, Marruecos tours privados, vacaciones a Marruecos, Marruecos viaje, mejor \u00e9poca para visitar Marruecos, vacaciones Marruecos, tours en Marruecos, Marruecos desierto tours, Marruecos turismo, visita Marruecos, Marruecos vacaciones, viajes Marruecos, Marruecos tours, viajes a marruecos, viajes a marruecos, tours a marruecos desde, gu\u00eda tur\u00edstico de marruecos \u201d\" \/>\n<meta name=\"robots\" content=\"index, follow, max-snippet:-1, max-image-preview:large, max-video-preview:-1\" \/>\n<link rel=\"canonical\" href=\"https:\/\/discoverysaharatours.com\/es\/excursion-de-fez\/\" \/>\n<meta property=\"og:locale\" content=\"en_US\" \/>\n<meta property=\"og:type\" content=\"article\" \/>\n<meta property=\"og:title\" content=\"https:\/\/web.facebook.com\/Discovery.sahara\/\" \/>\n<meta property=\"og:description\" content=\"Discovery Sahara Tours es una agencia local en Marruecos muy especializada en organizar rutas por el desierto, con veh\u00edculos 4\u00d74 que facilitan el acceso a las pistas, a los lugares menos tur\u00edsticos y m\u00e1s aut\u00e9nticos, para disfrutar de la comodidad y el confort de sus ventajas. Con excursiones en dromedarios hasta llegar a los campamentos situados en medio de las dunas y poder disfrutar de una noche bajo las estrellas. Visitar familias bereberes, compartir su estilo de vida y costumbres. Con excursiones a pie hasta llegar al oasis frecuentado por n\u00f3madas.\" \/>\n<meta property=\"og:url\" content=\"https:\/\/discoverysaharatours.com\/es\/excursion-de-fez\/\" \/>\n<meta property=\"og:site_name\" content=\"Discovery Sahara Tours\" \/>\n<meta property=\"article:modified_time\" content=\"2026-04-10T09:34:30+00:00\" \/>\n<meta property=\"og:image\" content=\"https:\/\/discoverysaharatours.com\/es\/wp-content\/uploads\/2022\/10\/cropped-logo-Discovery-Sahara-Tours.png\" \/>\n\t<meta property=\"og:image:width\" content=\"512\" \/>\n\t<meta property=\"og:image:height\" content=\"512\" \/>\n\t<meta property=\"og:image:type\" content=\"image\/png\" \/>\n<meta name=\"twitter:card\" content=\"summary_large_image\" \/>\n<meta name=\"twitter:label1\" content=\"Est. reading time\" \/>\n\t<meta name=\"twitter:data1\" content=\"3 minutes\" \/>\n<script type=\"application\/ld+json\" class=\"yoast-schema-graph\">{\"@context\":\"https:\/\/schema.org\",\"@graph\":[{\"@type\":\"WebPage\",\"@id\":\"https:\/\/discoverysaharatours.com\/es\/excursion-de-fez\/\",\"url\":\"https:\/\/discoverysaharatours.com\/es\/excursion-de-fez\/\",\"name\":\"Excursi\u00f3n de Fez\",\"isPartOf\":{\"@id\":\"https:\/\/discoverysaharatours.com\/es\/#website\"},\"datePublished\":\"2018-06-15T08:16:59+00:00\",\"dateModified\":\"2026-04-10T09:34:30+00:00\",\"description\":\"\u201cMarruecos vacaciones\u201d, Marruecos consejos de viaje, Marruecos tours privados, vacaciones a Marruecos, Marruecos viaje, mejor \u00e9poca para visitar Marruecos, vacaciones Marruecos, tours en Marruecos, Marruecos desierto tours, Marruecos turismo, visita Marruecos, Marruecos vacaciones, viajes Marruecos, Marruecos tours, viajes a marruecos, viajes a marruecos, tours a marruecos desde, gu\u00eda tur\u00edstico de marruecos \u201d\",\"breadcrumb\":{\"@id\":\"https:\/\/discoverysaharatours.com\/es\/excursion-de-fez\/#breadcrumb\"},\"inLanguage\":\"en-US\",\"potentialAction\":[{\"@type\":\"ReadAction\",\"target\":[\"https:\/\/discoverysaharatours.com\/es\/excursion-de-fez\/\"]}]},{\"@type\":\"BreadcrumbList\",\"@id\":\"https:\/\/discoverysaharatours.com\/es\/excursion-de-fez\/#breadcrumb\",\"itemListElement\":[{\"@type\":\"ListItem\",\"position\":1,\"name\":\"Home\",\"item\":\"https:\/\/discoverysaharatours.com\/es\/\"},{\"@type\":\"ListItem\",\"position\":2,\"name\":\"Excursi\u00f3n de Fez\"}]},{\"@type\":\"WebSite\",\"@id\":\"https:\/\/discoverysaharatours.com\/es\/#website\",\"url\":\"https:\/\/discoverysaharatours.com\/es\/\",\"name\":\"Discovery Sahara Tours\",\"description\":\"Morocco Desert Tours \/ Tours &amp; Excursions in Morocco\",\"publisher\":{\"@id\":\"https:\/\/discoverysaharatours.com\/es\/#organization\"},\"potentialAction\":[{\"@type\":\"SearchAction\",\"target\":{\"@type\":\"EntryPoint\",\"urlTemplate\":\"https:\/\/discoverysaharatours.com\/es\/?s={search_term_string}\"},\"query-input\":\"required name=search_term_string\"}],\"inLanguage\":\"en-US\"},{\"@type\":\"Organization\",\"@id\":\"https:\/\/discoverysaharatours.com\/es\/#organization\",\"name\":\"Discovery Sahara Tours\",\"url\":\"https:\/\/discoverysaharatours.com\/es\/\",\"logo\":{\"@type\":\"ImageObject\",\"inLanguage\":\"en-US\",\"@id\":\"https:\/\/discoverysaharatours.com\/es\/#\/schema\/logo\/image\/\",\"url\":\"https:\/\/discoverysaharatours.com\/es\/wp-content\/uploads\/2022\/10\/logo-Discovery-Sahara-Tours.png\",\"contentUrl\":\"https:\/\/discoverysaharatours.com\/es\/wp-content\/uploads\/2022\/10\/logo-Discovery-Sahara-Tours.png\",\"width\":557,\"height\":486,\"caption\":\"Discovery Sahara Tours\"},\"image\":{\"@id\":\"https:\/\/discoverysaharatours.com\/es\/#\/schema\/logo\/image\/\"}}]}<\/script>\n<!-- \/ Yoast SEO plugin. -->","yoast_head_json":{"title":"Excursi\u00f3n de Fez","description":"\u201cMarruecos vacaciones\u201d, Marruecos consejos de viaje, Marruecos tours privados, vacaciones a Marruecos, Marruecos viaje, mejor \u00e9poca para visitar Marruecos, vacaciones Marruecos, tours en Marruecos, Marruecos desierto tours, Marruecos turismo, visita Marruecos, Marruecos vacaciones, viajes Marruecos, Marruecos tours, viajes a marruecos, viajes a marruecos, tours a marruecos desde, gu\u00eda tur\u00edstico de marruecos \u201d","robots":{"index":"index","follow":"follow","max-snippet":"max-snippet:-1","max-image-preview":"max-image-preview:large","max-video-preview":"max-video-preview:-1"},"canonical":"https:\/\/discoverysaharatours.com\/es\/excursion-de-fez\/","og_locale":"en_US","og_type":"article","og_title":"https:\/\/web.facebook.com\/Discovery.sahara\/","og_description":"Discovery Sahara Tours es una agencia local en Marruecos muy especializada en organizar rutas por el desierto, con veh\u00edculos 4\u00d74 que facilitan el acceso a las pistas, a los lugares menos tur\u00edsticos y m\u00e1s aut\u00e9nticos, para disfrutar de la comodidad y el confort de sus ventajas. Con excursiones en dromedarios hasta llegar a los campamentos situados en medio de las dunas y poder disfrutar de una noche bajo las estrellas. Visitar familias bereberes, compartir su estilo de vida y costumbres. Con excursiones a pie hasta llegar al oasis frecuentado por n\u00f3madas.","og_url":"https:\/\/discoverysaharatours.com\/es\/excursion-de-fez\/","og_site_name":"Discovery Sahara Tours","article_modified_time":"2026-04-10T09:34:30+00:00","og_image":[{"width":512,"height":512,"url":"https:\/\/discoverysaharatours.com\/es\/wp-content\/uploads\/2022\/10\/cropped-logo-Discovery-Sahara-Tours.png","type":"image\/png"}],"twitter_card":"summary_large_image","twitter_misc":{"Est. reading time":"3 minutes"},"schema":{"@context":"https:\/\/schema.org","@graph":[{"@type":"WebPage","@id":"https:\/\/discoverysaharatours.com\/es\/excursion-de-fez\/","url":"https:\/\/discoverysaharatours.com\/es\/excursion-de-fez\/","name":"Excursi\u00f3n de Fez","isPartOf":{"@id":"https:\/\/discoverysaharatours.com\/es\/#website"},"datePublished":"2018-06-15T08:16:59+00:00","dateModified":"2026-04-10T09:34:30+00:00","description":"\u201cMarruecos vacaciones\u201d, Marruecos consejos de viaje, Marruecos tours privados, vacaciones a Marruecos, Marruecos viaje, mejor \u00e9poca para visitar Marruecos, vacaciones Marruecos, tours en Marruecos, Marruecos desierto tours, Marruecos turismo, visita Marruecos, Marruecos vacaciones, viajes Marruecos, Marruecos tours, viajes a marruecos, viajes a marruecos, tours a marruecos desde, gu\u00eda tur\u00edstico de marruecos \u201d","breadcrumb":{"@id":"https:\/\/discoverysaharatours.com\/es\/excursion-de-fez\/#breadcrumb"},"inLanguage":"en-US","potentialAction":[{"@type":"ReadAction","target":["https:\/\/discoverysaharatours.com\/es\/excursion-de-fez\/"]}]},{"@type":"BreadcrumbList","@id":"https:\/\/discoverysaharatours.com\/es\/excursion-de-fez\/#breadcrumb","itemListElement":[{"@type":"ListItem","position":1,"name":"Home","item":"https:\/\/discoverysaharatours.com\/es\/"},{"@type":"ListItem","position":2,"name":"Excursi\u00f3n de Fez"}]},{"@type":"WebSite","@id":"https:\/\/discoverysaharatours.com\/es\/#website","url":"https:\/\/discoverysaharatours.com\/es\/","name":"Discovery Sahara Tours","description":"Morocco Desert Tours \/ Tours &amp; Excursions in Morocco","publisher":{"@id":"https:\/\/discoverysaharatours.com\/es\/#organization"},"potentialAction":[{"@type":"SearchAction","target":{"@type":"EntryPoint","urlTemplate":"https:\/\/discoverysaharatours.com\/es\/?s={search_term_string}"},"query-input":"required name=search_term_string"}],"inLanguage":"en-US"},{"@type":"Organization","@id":"https:\/\/discoverysaharatours.com\/es\/#organization","name":"Discovery Sahara Tours","url":"https:\/\/discoverysaharatours.com\/es\/","logo":{"@type":"ImageObject","inLanguage":"en-US","@id":"https:\/\/discoverysaharatours.com\/es\/#\/schema\/logo\/image\/","url":"https:\/\/discoverysaharatours.com\/es\/wp-content\/uploads\/2022\/10\/logo-Discovery-Sahara-Tours.png","contentUrl":"https:\/\/discoverysaharatours.com\/es\/wp-content\/uploads\/2022\/10\/logo-Discovery-Sahara-Tours.png","width":557,"height":486,"caption":"Discovery Sahara Tours"},"image":{"@id":"https:\/\/discoverysaharatours.com\/es\/#\/schema\/logo\/image\/"}}]}},"_links":{"self":[{"href":"https:\/\/discoverysaharatours.com\/es\/wp-json\/wp\/v2\/pages\/6222","targetHints":{"allow":["GET"]}}],"collection":[{"href":"https:\/\/discoverysaharatours.com\/es\/wp-json\/wp\/v2\/pages"}],"about":[{"href":"https:\/\/discoverysaharatours.com\/es\/wp-json\/wp\/v2\/types\/page"}],"author":[{"embeddable":true,"href":"https:\/\/discoverysaharatours.com\/es\/wp-json\/wp\/v2\/users\/1"}],"replies":[{"embeddable":true,"href":"https:\/\/discoverysaharatours.com\/es\/wp-json\/wp\/v2\/comments?post=6222"}],"version-history":[{"count":4,"href":"https:\/\/discoverysaharatours.com\/es\/wp-json\/wp\/v2\/pages\/6222\/revisions"}],"predecessor-version":[{"id":19763,"href":"https:\/\/discoverysaharatours.com\/es\/wp-json\/wp\/v2\/pages\/6222\/revisions\/19763"}],"wp:attachment":[{"href":"https:\/\/discoverysaharatours.com\/es\/wp-json\/wp\/v2\/media?parent=6222"}],"curies":[{"name":"wp","href":"https:\/\/api.w.org\/{rel}","templated":true}]}}