{"id":6312,"date":"2018-06-16T15:35:44","date_gmt":"2018-06-16T15:35:44","guid":{"rendered":"https:\/\/www.discoverysaharatours.com\/?page_id=6312"},"modified":"2026-04-07T22:10:52","modified_gmt":"2026-04-07T22:10:52","slug":"luna-de-miel-en-marruecos","status":"publish","type":"page","link":"https:\/\/discoverysaharatours.com\/es\/luna-de-miel-en-marruecos\/","title":{"rendered":"Luna de miel en Marruecos"},"content":{"rendered":"<h1 data-section-id=\"1pjspqy\" data-start=\"172\" data-end=\"229\">\ud83c\udf39 Luna de Miel en Marruecos: Viaje Privado y Rom\u00e1ntico<\/h1>\n<p data-start=\"231\" data-end=\"512\">Disfruta de una <strong data-start=\"247\" data-end=\"288\">luna de miel inolvidable en Marruecos<\/strong>, dise\u00f1ada para parejas que buscan romanticismo, exclusividad y experiencias \u00fanicas. Este viaje privado combina estancias en elegantes riads, hoteles boutique, escapadas al desierto y momentos especiales en lugares secretos.<\/p>\n<p data-start=\"514\" data-end=\"606\">Tambi\u00e9n disponible como <strong data-start=\"538\" data-end=\"559\">mini luna de miel<\/strong>, perfecta para quienes disponen de pocos d\u00edas.<\/p>\n<hr data-start=\"608\" data-end=\"611\">\n<h2 data-section-id=\"2qbo1\" data-start=\"613\" data-end=\"638\">\u2728 Descripci\u00f3n del Tour<\/h2>\n<p data-start=\"640\" data-end=\"731\">Celebra tu amor en un entorno m\u00e1gico con un itinerario cuidadosamente dise\u00f1ado que incluye:<\/p>\n<ul data-start=\"733\" data-end=\"966\">\n<li data-section-id=\"1v04wy6\" data-start=\"733\" data-end=\"786\">Estancias en <strong data-start=\"748\" data-end=\"786\">riads rom\u00e1nticos y hoteles de lujo<\/strong><\/li>\n<li data-section-id=\"1s49zy4\" data-start=\"787\" data-end=\"838\">Noche en un <strong data-start=\"801\" data-end=\"838\">campamento de lujo en el desierto<\/strong><\/li>\n<li data-section-id=\"qtgtij\" data-start=\"839\" data-end=\"890\">Experiencias exclusivas en el <strong data-start=\"871\" data-end=\"890\">Valle de Ourika<\/strong><\/li>\n<li data-section-id=\"1bkqlui\" data-start=\"891\" data-end=\"926\">Escapada costera en <strong data-start=\"913\" data-end=\"926\">Essaouira<\/strong><\/li>\n<li data-section-id=\"r6p6om\" data-start=\"927\" data-end=\"966\">Lugares secretos ideales para parejas<\/li>\n<\/ul>\n<p data-start=\"968\" data-end=\"1078\">Cada detalle est\u00e1 pensado para ofrecer una experiencia \u00edntima, personalizada y llena de momentos inolvidables.<\/p>\n<hr data-start=\"1080\" data-end=\"1083\">\n<h2 data-section-id=\"1gc3gyr\" data-start=\"1085\" data-end=\"1111\">\ud83d\udccd Informaci\u00f3n del Tour<\/h2>\n<ul data-start=\"1113\" data-end=\"1256\">\n<li data-section-id=\"6b2vvd\" data-start=\"1113\" data-end=\"1154\"><strong data-start=\"1115\" data-end=\"1126\">Nombre:<\/strong> Luna de miel en Marruecos<\/li>\n<li data-section-id=\"brlov8\" data-start=\"1155\" data-end=\"1179\"><strong data-start=\"1157\" data-end=\"1170\">Duraci\u00f3n:<\/strong> 8 d\u00edas<\/li>\n<li data-section-id=\"gi8klf\" data-start=\"1180\" data-end=\"1256\"><strong data-start=\"1182\" data-end=\"1195\">Destinos:<\/strong> Marrakech, Valle de Ourika, Essaouira, El Jadida, Oualidia<\/li>\n<\/ul>\n<h3 data-section-id=\"1b75nmu\" data-start=\"1258\" data-end=\"1273\">\u2714\ufe0f Incluye:<\/h3>\n<ul data-start=\"1274\" data-end=\"1544\">\n<li data-section-id=\"1n2hbvf\" data-start=\"1274\" data-end=\"1322\">Transporte privado en 4&#215;4 o veh\u00edculo de lujo<\/li>\n<li data-section-id=\"17ym10t\" data-start=\"1323\" data-end=\"1348\">Conductor multiling\u00fce<\/li>\n<li data-section-id=\"1prcpcp\" data-start=\"1349\" data-end=\"1373\">Traslados aeropuerto<\/li>\n<li data-section-id=\"17kl94c\" data-start=\"1374\" data-end=\"1400\">Gu\u00edas locales expertos<\/li>\n<li data-section-id=\"qkryds\" data-start=\"1401\" data-end=\"1424\">Excursiones guiadas<\/li>\n<li data-section-id=\"36gvmn\" data-start=\"1425\" data-end=\"1476\">Alojamiento en riads boutique y hoteles de lujo<\/li>\n<li data-section-id=\"jq6f48\" data-start=\"1477\" data-end=\"1529\">Campamento de lujo en el desierto (ba\u00f1o privado)<\/li>\n<li data-section-id=\"1bgvh85\" data-start=\"1530\" data-end=\"1544\">12 comidas<\/li>\n<\/ul>\n<hr data-start=\"1546\" data-end=\"1549\">\n<h2 data-section-id=\"n0hyqf\" data-start=\"1551\" data-end=\"1577\">\ud83d\udc8e Destacados del Viaje<\/h2>\n<ul data-start=\"1579\" data-end=\"1847\">\n<li data-section-id=\"tg3iwg\" data-start=\"1579\" data-end=\"1618\">\ud83c\udfe1 Alojamiento en riads con encanto<\/li>\n<li data-section-id=\"1itl2z8\" data-start=\"1619\" data-end=\"1680\">\ud83e\uddfa Picnic privado en un lugar secreto del Valle de Ourika<\/li>\n<li data-section-id=\"17rachq\" data-start=\"1681\" data-end=\"1724\">\ud83d\udc69\u200d\ud83c\udf73 Clase de cocina marroqu\u00ed para dos<\/li>\n<li data-section-id=\"16g8jab\" data-start=\"1725\" data-end=\"1774\">\ud83d\udec1 Ba\u00f1o rom\u00e1ntico con p\u00e9talos de rosa y velas<\/li>\n<li data-section-id=\"1t5x6xe\" data-start=\"1775\" data-end=\"1813\">\ud83e\uddd6\u200d\u2640\ufe0f Experiencia hammam en pareja<\/li>\n<li data-section-id=\"1ruv7rq\" data-start=\"1814\" data-end=\"1847\">\ud83d\udc86\u200d\u2642\ufe0f Masaje relajante en d\u00fao<\/li>\n<\/ul>\n<hr data-start=\"1849\" data-end=\"1852\">\n<h2 data-section-id=\"1urdwql\" data-start=\"1854\" data-end=\"1881\">\ud83d\udc96 Experiencia Rom\u00e1ntica<\/h2>\n<p data-start=\"1883\" data-end=\"1895\">Disfruta de:<\/p>\n<ul data-start=\"1896\" data-end=\"2074\">\n<li data-section-id=\"grz8kv\" data-start=\"1896\" data-end=\"1927\">Cenas a la luz de las velas<\/li>\n<li data-section-id=\"1cccsq5\" data-start=\"1928\" data-end=\"1965\">Paseos por los zocos de Marrakech<\/li>\n<li data-section-id=\"14disws\" data-start=\"1966\" data-end=\"1990\">Almuerzo en la playa<\/li>\n<li data-section-id=\"fwpdnf\" data-start=\"1991\" data-end=\"2020\">Relax en riads exclusivos<\/li>\n<li data-section-id=\"1745pgn\" data-start=\"2021\" data-end=\"2074\">Experiencias privadas dise\u00f1adas solo para ustedes<\/li>\n<\/ul>\n<hr data-start=\"2076\" data-end=\"2079\">\n<h1 data-section-id=\"mpmq52\" data-start=\"2081\" data-end=\"2097\">\ud83d\uddfa\ufe0f Itinerario<\/h1>\n<h2 data-section-id=\"19xauxh\" data-start=\"2099\" data-end=\"2141\"><span style=\"color: #ff6600;\">D\u00eda 1: Llegada a Marrakech o Casablanca<\/span><\/h2>\n<p data-start=\"2142\" data-end=\"2225\">Recepci\u00f3n VIP y traslado a tu riad de lujo.<br data-start=\"2185\" data-end=\"2188\">Rel\u00e1jate con spa, hammam y masajes.<\/p>\n<p data-start=\"2227\" data-end=\"2240\">Por la tarde:<\/p>\n<ul data-start=\"2241\" data-end=\"2344\">\n<li data-section-id=\"azmmaj\" data-start=\"2241\" data-end=\"2301\">Paseo por la plaza <span class=\"hover:entity-accent entity-underline inline cursor-pointer align-baseline\"><span class=\"whitespace-normal\">Jemaa el-Fna<\/span><\/span><\/li>\n<li data-section-id=\"141u4f7\" data-start=\"2302\" data-end=\"2344\">Exploraci\u00f3n de los zocos tradicionales<\/li>\n<\/ul>\n<p data-start=\"2346\" data-end=\"2386\">Cena rom\u00e1ntica y noche en riad boutique.<\/p>\n<hr data-start=\"2388\" data-end=\"2391\">\n<h2 data-section-id=\"1opaf7\" data-start=\"2393\" data-end=\"2429\"><span style=\"color: #ff6600;\">D\u00eda 2: Visita guiada de Marrakech<\/span><\/h2>\n<p data-start=\"2430\" data-end=\"2465\">Descubre los monumentos hist\u00f3ricos:<\/p>\n<ul data-start=\"2467\" data-end=\"2634\">\n<li data-section-id=\"17wgcs5\" data-start=\"2467\" data-end=\"2508\"><span class=\"hover:entity-accent entity-underline inline cursor-pointer align-baseline\"><span class=\"whitespace-normal\">Jard\u00edn Majorelle<\/span><\/span><\/li>\n<li data-section-id=\"1gcjogl\" data-start=\"2509\" data-end=\"2550\"><span class=\"hover:entity-accent entity-underline inline cursor-pointer align-baseline\"><span class=\"whitespace-normal\">Mezquita Kutub\u00eda<\/span><\/span><\/li>\n<li data-section-id=\"cgv1px\" data-start=\"2551\" data-end=\"2592\"><span class=\"hover:entity-accent entity-underline inline cursor-pointer align-baseline\"><span class=\"whitespace-normal\">Tumbas Saad\u00edes<\/span><\/span><\/li>\n<li data-section-id=\"eyrt5h\" data-start=\"2593\" data-end=\"2634\"><span class=\"hover:entity-accent entity-underline inline cursor-pointer align-baseline\"><span class=\"whitespace-normal\">Palacio de la Bah\u00eda<\/span><\/span><\/li>\n<\/ul>\n<p data-start=\"2636\" data-end=\"2699\">Explora el Mellah y mercados de especias.<br data-start=\"2677\" data-end=\"2680\">Noche en Marrakech.<\/p>\n<hr data-start=\"2701\" data-end=\"2704\">\n<h2 data-section-id=\"130kw8u\" data-start=\"2706\" data-end=\"2740\"><span style=\"color: #ff6600;\">D\u00eda 3: Clase de cocina marroqu\u00ed<\/span><\/h2>\n<p data-start=\"2741\" data-end=\"2782\">Vive una experiencia culinaria en pareja:<\/p>\n<ul data-start=\"2784\" data-end=\"2897\">\n<li data-section-id=\"1w5xjm8\" data-start=\"2784\" data-end=\"2832\">Preparaci\u00f3n de tajine y platos tradicionales<\/li>\n<li data-section-id=\"igg3vv\" data-start=\"2833\" data-end=\"2861\">Ceremonia de t\u00e9 marroqu\u00ed<\/li>\n<li data-section-id=\"1bauxgy\" data-start=\"2862\" data-end=\"2897\">Degustaci\u00f3n de tu propia comida<\/li>\n<\/ul>\n<p data-start=\"2899\" data-end=\"2961\">Tarde libre o visita a galer\u00edas de arte.<br data-start=\"2939\" data-end=\"2942\">Noche en Marrakech.<\/p>\n<hr data-start=\"2963\" data-end=\"2966\">\n<h2 data-section-id=\"qaop17\" data-start=\"2968\" data-end=\"2993\"><span style=\"color: #ff6600;\">D\u00eda 4: Valle de Ourika<\/span><\/h2>\n<p data-start=\"2994\" data-end=\"3013\">Excursi\u00f3n al Atlas:<\/p>\n<ul data-start=\"3015\" data-end=\"3114\">\n<li data-section-id=\"1myw9md\" data-start=\"3015\" data-end=\"3046\">Visita a jardines bot\u00e1nicos<\/li>\n<li data-section-id=\"1ujjay8\" data-start=\"3047\" data-end=\"3078\">Picnic rom\u00e1ntico con vistas<\/li>\n<li data-section-id=\"u93a7m\" data-start=\"3079\" data-end=\"3114\">Relajaci\u00f3n en hotel con piscina<\/li>\n<\/ul>\n<p data-start=\"3116\" data-end=\"3142\">Noche en riad en el valle.<\/p>\n<hr data-start=\"3144\" data-end=\"3147\">\n<h2 data-section-id=\"19d1s5y\" data-start=\"3149\" data-end=\"3179\"><span style=\"color: #ff6600;\">D\u00eda 5: Ruta hacia Essaouira<\/span><\/h2>\n<p data-start=\"3180\" data-end=\"3231\">Salida hacia <span class=\"hover:entity-accent entity-underline inline cursor-pointer align-baseline\"><span class=\"whitespace-normal\">Essaouira<\/span><\/span>:<\/p>\n<ul data-start=\"3233\" data-end=\"3319\">\n<li data-section-id=\"9wep62\" data-start=\"3233\" data-end=\"3265\">Paseo por la medina (UNESCO)<\/li>\n<li data-section-id=\"gac9ek\" data-start=\"3266\" data-end=\"3297\">Visita al puerto y murallas<\/li>\n<li data-section-id=\"yvlimw\" data-start=\"3298\" data-end=\"3319\">Cena junto al mar<\/li>\n<\/ul>\n<p data-start=\"3321\" data-end=\"3335\">Noche en riad.<\/p>\n<hr data-start=\"3337\" data-end=\"3340\">\n<h2 data-section-id=\"x8tfee\" data-start=\"3342\" data-end=\"3374\"><span style=\"color: #ff6600;\">D\u00eda 6: D\u00eda libre en Essaouira<\/span><\/h2>\n<p data-start=\"3375\" data-end=\"3384\">Opciones:<\/p>\n<ul data-start=\"3385\" data-end=\"3463\">\n<li data-section-id=\"1s99lx\" data-start=\"3385\" data-end=\"3407\">Paseo por la playa<\/li>\n<li data-section-id=\"szg7n6\" data-start=\"3408\" data-end=\"3435\">Excursi\u00f3n a Sidi Kaouki<\/li>\n<li data-section-id=\"19lmisg\" data-start=\"3436\" data-end=\"3463\">Paseo en camello o quad<\/li>\n<\/ul>\n<p data-start=\"3465\" data-end=\"3484\">Noche en Essaouira.<\/p>\n<hr data-start=\"3486\" data-end=\"3489\">\n<h2 data-section-id=\"pcndzw\" data-start=\"3491\" data-end=\"3546\"><span style=\"color: #ff6600;\">D\u00eda 7: Essaouira \u2013 El Jadida \u2013 Oualidia \u2013 Casablanca<\/span><\/h2>\n<p data-start=\"3547\" data-end=\"3560\">Ruta costera:<\/p>\n<ul data-start=\"3562\" data-end=\"3676\">\n<li data-section-id=\"1qgqnax\" data-start=\"3562\" data-end=\"3613\">Parada en <span class=\"hover:entity-accent entity-underline inline cursor-pointer align-baseline\"><span class=\"whitespace-normal\">El Jadida<\/span><\/span><\/li>\n<li data-section-id=\"1jhi9pn\" data-start=\"3614\" data-end=\"3676\">Descubre <span class=\"hover:entity-accent entity-underline inline cursor-pointer align-baseline\"><span class=\"whitespace-normal\">Oualidia<\/span><\/span> y su laguna<\/li>\n<\/ul>\n<p data-start=\"3678\" data-end=\"3716\">Llegada a Casablanca y noche en hotel.<\/p>\n<hr data-start=\"3718\" data-end=\"3721\">\n<h2 data-section-id=\"1nt9kzh\" data-start=\"3723\" data-end=\"3739\"><span style=\"color: #ff6600;\">D\u00eda 8: Salida<\/span><\/h2>\n<p data-start=\"3740\" data-end=\"3779\">Traslado al aeropuerto y fin del viaje.<\/p>\n<hr data-start=\"3781\" data-end=\"3784\">\n<h2 data-section-id=\"1s15cj5\" data-start=\"3786\" data-end=\"3815\">\u2764\ufe0f Reserva tu Luna de Miel<\/h2>\n<p data-start=\"3817\" data-end=\"3899\">Vive una experiencia \u00fanica en Marruecos con tu pareja.<br data-start=\"3871\" data-end=\"3874\">Tour 100% personalizable.<\/p>\n<p data-start=\"3901\" data-end=\"3941\">\ud83d\udcde <strong data-start=\"3904\" data-end=\"3922\">Reserva ahora:<\/strong> +212 661 924 070<\/p>\n","protected":false},"excerpt":{"rendered":"<p>\ud83c\udf39 Luna de Miel en Marruecos: Viaje Privado y Rom\u00e1ntico Disfruta de una luna de miel inolvidable en Marruecos, dise\u00f1ada para parejas que buscan romanticismo, exclusividad y experiencias \u00fanicas. Este viaje privado combina estancias en elegantes riads, hoteles boutique, escapadas al desierto y momentos especiales en lugares secretos. Tambi\u00e9n disponible como mini luna de miel,&#8230;<\/p>\n","protected":false},"author":1,"featured_media":0,"parent":0,"menu_order":0,"comment_status":"closed","ping_status":"closed","template":"","meta":{"ngg_post_thumbnail":0,"_kad_post_transparent":"default","_kad_post_title":"default","_kad_post_layout":"default","_kad_post_sidebar_id":"","_kad_post_content_style":"default","_kad_post_vertical_padding":"default","_kad_post_feature":"","_kad_post_feature_position":"","_kad_post_header":false,"_kad_post_footer":false,"footnotes":""},"class_list":["post-6312","page","type-page","status-publish","hentry"],"yoast_head":"<!-- This site is optimized with the Yoast SEO plugin v21.5 - https:\/\/yoast.com\/wordpress\/plugins\/seo\/ -->\n<title>luna-de-miel-en-marruecos<\/title>\n<meta name=\"description\" content=\"\u201cMarruecos vacaciones\u201d, Marruecos consejos de viaje, Marruecos tours privados, vacaciones a Marruecos, Marruecos viaje, mejor \u00e9poca para visitar Marruecos, vacaciones Marruecos, tours en Marruecos, Marruecos desierto tours, Marruecos turismo, visita Marruecos, Marruecos vacaciones, viajes Marruecos, Marruecos tours, viajes a marruecos, viajes a marruecos, tours a marruecos desde, gu\u00eda tur\u00edstico de marruecos \u201d\" \/>\n<meta name=\"robots\" content=\"index, follow, max-snippet:-1, max-image-preview:large, max-video-preview:-1\" \/>\n<link rel=\"canonical\" href=\"https:\/\/discoverysaharatours.com\/es\/luna-de-miel-en-marruecos\/\" \/>\n<meta property=\"og:locale\" content=\"en_US\" \/>\n<meta property=\"og:type\" content=\"article\" \/>\n<meta property=\"og:title\" content=\"https:\/\/web.facebook.com\/Discovery.sahara\/\" \/>\n<meta property=\"og:description\" content=\"Discovery Sahara Tours es una agencia local en Marruecos muy especializada en organizar rutas por el desierto, con veh\u00edculos 4\u00d74 que facilitan el acceso a las pistas, a los lugares menos tur\u00edsticos y m\u00e1s aut\u00e9nticos, para disfrutar de la comodidad y el confort de sus ventajas. Con excursiones en dromedarios hasta llegar a los campamentos situados en medio de las dunas y poder disfrutar de una noche bajo las estrellas. Visitar familias bereberes, compartir su estilo de vida y costumbres. Con excursiones a pie hasta llegar al oasis frecuentado por n\u00f3madas.\" \/>\n<meta property=\"og:url\" content=\"https:\/\/discoverysaharatours.com\/es\/luna-de-miel-en-marruecos\/\" \/>\n<meta property=\"og:site_name\" content=\"Discovery Sahara Tours\" \/>\n<meta property=\"article:modified_time\" content=\"2026-04-07T22:10:52+00:00\" \/>\n<meta property=\"og:image\" content=\"https:\/\/discoverysaharatours.com\/es\/wp-content\/uploads\/2022\/10\/cropped-logo-Discovery-Sahara-Tours.png\" \/>\n\t<meta property=\"og:image:width\" content=\"512\" \/>\n\t<meta property=\"og:image:height\" content=\"512\" \/>\n\t<meta property=\"og:image:type\" content=\"image\/png\" \/>\n<meta name=\"twitter:card\" content=\"summary_large_image\" \/>\n<meta name=\"twitter:label1\" content=\"Est. reading time\" \/>\n\t<meta name=\"twitter:data1\" content=\"3 minutes\" \/>\n<script type=\"application\/ld+json\" class=\"yoast-schema-graph\">{\"@context\":\"https:\/\/schema.org\",\"@graph\":[{\"@type\":\"WebPage\",\"@id\":\"https:\/\/discoverysaharatours.com\/es\/luna-de-miel-en-marruecos\/\",\"url\":\"https:\/\/discoverysaharatours.com\/es\/luna-de-miel-en-marruecos\/\",\"name\":\"luna-de-miel-en-marruecos\",\"isPartOf\":{\"@id\":\"https:\/\/discoverysaharatours.com\/es\/#website\"},\"datePublished\":\"2018-06-16T15:35:44+00:00\",\"dateModified\":\"2026-04-07T22:10:52+00:00\",\"description\":\"\u201cMarruecos vacaciones\u201d, Marruecos consejos de viaje, Marruecos tours privados, vacaciones a Marruecos, Marruecos viaje, mejor \u00e9poca para visitar Marruecos, vacaciones Marruecos, tours en Marruecos, Marruecos desierto tours, Marruecos turismo, visita Marruecos, Marruecos vacaciones, viajes Marruecos, Marruecos tours, viajes a marruecos, viajes a marruecos, tours a marruecos desde, gu\u00eda tur\u00edstico de marruecos \u201d\",\"breadcrumb\":{\"@id\":\"https:\/\/discoverysaharatours.com\/es\/luna-de-miel-en-marruecos\/#breadcrumb\"},\"inLanguage\":\"en-US\",\"potentialAction\":[{\"@type\":\"ReadAction\",\"target\":[\"https:\/\/discoverysaharatours.com\/es\/luna-de-miel-en-marruecos\/\"]}]},{\"@type\":\"BreadcrumbList\",\"@id\":\"https:\/\/discoverysaharatours.com\/es\/luna-de-miel-en-marruecos\/#breadcrumb\",\"itemListElement\":[{\"@type\":\"ListItem\",\"position\":1,\"name\":\"Home\",\"item\":\"https:\/\/discoverysaharatours.com\/es\/\"},{\"@type\":\"ListItem\",\"position\":2,\"name\":\"Luna de miel en Marruecos\"}]},{\"@type\":\"WebSite\",\"@id\":\"https:\/\/discoverysaharatours.com\/es\/#website\",\"url\":\"https:\/\/discoverysaharatours.com\/es\/\",\"name\":\"Discovery Sahara Tours\",\"description\":\"Morocco Desert Tours \/ Tours &amp; Excursions in Morocco\",\"publisher\":{\"@id\":\"https:\/\/discoverysaharatours.com\/es\/#organization\"},\"potentialAction\":[{\"@type\":\"SearchAction\",\"target\":{\"@type\":\"EntryPoint\",\"urlTemplate\":\"https:\/\/discoverysaharatours.com\/es\/?s={search_term_string}\"},\"query-input\":\"required name=search_term_string\"}],\"inLanguage\":\"en-US\"},{\"@type\":\"Organization\",\"@id\":\"https:\/\/discoverysaharatours.com\/es\/#organization\",\"name\":\"Discovery Sahara Tours\",\"url\":\"https:\/\/discoverysaharatours.com\/es\/\",\"logo\":{\"@type\":\"ImageObject\",\"inLanguage\":\"en-US\",\"@id\":\"https:\/\/discoverysaharatours.com\/es\/#\/schema\/logo\/image\/\",\"url\":\"https:\/\/discoverysaharatours.com\/es\/wp-content\/uploads\/2022\/10\/logo-Discovery-Sahara-Tours.png\",\"contentUrl\":\"https:\/\/discoverysaharatours.com\/es\/wp-content\/uploads\/2022\/10\/logo-Discovery-Sahara-Tours.png\",\"width\":557,\"height\":486,\"caption\":\"Discovery Sahara Tours\"},\"image\":{\"@id\":\"https:\/\/discoverysaharatours.com\/es\/#\/schema\/logo\/image\/\"}}]}<\/script>\n<!-- \/ Yoast SEO plugin. -->","yoast_head_json":{"title":"luna-de-miel-en-marruecos","description":"\u201cMarruecos vacaciones\u201d, Marruecos consejos de viaje, Marruecos tours privados, vacaciones a Marruecos, Marruecos viaje, mejor \u00e9poca para visitar Marruecos, vacaciones Marruecos, tours en Marruecos, Marruecos desierto tours, Marruecos turismo, visita Marruecos, Marruecos vacaciones, viajes Marruecos, Marruecos tours, viajes a marruecos, viajes a marruecos, tours a marruecos desde, gu\u00eda tur\u00edstico de marruecos \u201d","robots":{"index":"index","follow":"follow","max-snippet":"max-snippet:-1","max-image-preview":"max-image-preview:large","max-video-preview":"max-video-preview:-1"},"canonical":"https:\/\/discoverysaharatours.com\/es\/luna-de-miel-en-marruecos\/","og_locale":"en_US","og_type":"article","og_title":"https:\/\/web.facebook.com\/Discovery.sahara\/","og_description":"Discovery Sahara Tours es una agencia local en Marruecos muy especializada en organizar rutas por el desierto, con veh\u00edculos 4\u00d74 que facilitan el acceso a las pistas, a los lugares menos tur\u00edsticos y m\u00e1s aut\u00e9nticos, para disfrutar de la comodidad y el confort de sus ventajas. Con excursiones en dromedarios hasta llegar a los campamentos situados en medio de las dunas y poder disfrutar de una noche bajo las estrellas. Visitar familias bereberes, compartir su estilo de vida y costumbres. Con excursiones a pie hasta llegar al oasis frecuentado por n\u00f3madas.","og_url":"https:\/\/discoverysaharatours.com\/es\/luna-de-miel-en-marruecos\/","og_site_name":"Discovery Sahara Tours","article_modified_time":"2026-04-07T22:10:52+00:00","og_image":[{"width":512,"height":512,"url":"https:\/\/discoverysaharatours.com\/es\/wp-content\/uploads\/2022\/10\/cropped-logo-Discovery-Sahara-Tours.png","type":"image\/png"}],"twitter_card":"summary_large_image","twitter_misc":{"Est. reading time":"3 minutes"},"schema":{"@context":"https:\/\/schema.org","@graph":[{"@type":"WebPage","@id":"https:\/\/discoverysaharatours.com\/es\/luna-de-miel-en-marruecos\/","url":"https:\/\/discoverysaharatours.com\/es\/luna-de-miel-en-marruecos\/","name":"luna-de-miel-en-marruecos","isPartOf":{"@id":"https:\/\/discoverysaharatours.com\/es\/#website"},"datePublished":"2018-06-16T15:35:44+00:00","dateModified":"2026-04-07T22:10:52+00:00","description":"\u201cMarruecos vacaciones\u201d, Marruecos consejos de viaje, Marruecos tours privados, vacaciones a Marruecos, Marruecos viaje, mejor \u00e9poca para visitar Marruecos, vacaciones Marruecos, tours en Marruecos, Marruecos desierto tours, Marruecos turismo, visita Marruecos, Marruecos vacaciones, viajes Marruecos, Marruecos tours, viajes a marruecos, viajes a marruecos, tours a marruecos desde, gu\u00eda tur\u00edstico de marruecos \u201d","breadcrumb":{"@id":"https:\/\/discoverysaharatours.com\/es\/luna-de-miel-en-marruecos\/#breadcrumb"},"inLanguage":"en-US","potentialAction":[{"@type":"ReadAction","target":["https:\/\/discoverysaharatours.com\/es\/luna-de-miel-en-marruecos\/"]}]},{"@type":"BreadcrumbList","@id":"https:\/\/discoverysaharatours.com\/es\/luna-de-miel-en-marruecos\/#breadcrumb","itemListElement":[{"@type":"ListItem","position":1,"name":"Home","item":"https:\/\/discoverysaharatours.com\/es\/"},{"@type":"ListItem","position":2,"name":"Luna de miel en Marruecos"}]},{"@type":"WebSite","@id":"https:\/\/discoverysaharatours.com\/es\/#website","url":"https:\/\/discoverysaharatours.com\/es\/","name":"Discovery Sahara Tours","description":"Morocco Desert Tours \/ Tours &amp; Excursions in Morocco","publisher":{"@id":"https:\/\/discoverysaharatours.com\/es\/#organization"},"potentialAction":[{"@type":"SearchAction","target":{"@type":"EntryPoint","urlTemplate":"https:\/\/discoverysaharatours.com\/es\/?s={search_term_string}"},"query-input":"required name=search_term_string"}],"inLanguage":"en-US"},{"@type":"Organization","@id":"https:\/\/discoverysaharatours.com\/es\/#organization","name":"Discovery Sahara Tours","url":"https:\/\/discoverysaharatours.com\/es\/","logo":{"@type":"ImageObject","inLanguage":"en-US","@id":"https:\/\/discoverysaharatours.com\/es\/#\/schema\/logo\/image\/","url":"https:\/\/discoverysaharatours.com\/es\/wp-content\/uploads\/2022\/10\/logo-Discovery-Sahara-Tours.png","contentUrl":"https:\/\/discoverysaharatours.com\/es\/wp-content\/uploads\/2022\/10\/logo-Discovery-Sahara-Tours.png","width":557,"height":486,"caption":"Discovery Sahara Tours"},"image":{"@id":"https:\/\/discoverysaharatours.com\/es\/#\/schema\/logo\/image\/"}}]}},"_links":{"self":[{"href":"https:\/\/discoverysaharatours.com\/es\/wp-json\/wp\/v2\/pages\/6312","targetHints":{"allow":["GET"]}}],"collection":[{"href":"https:\/\/discoverysaharatours.com\/es\/wp-json\/wp\/v2\/pages"}],"about":[{"href":"https:\/\/discoverysaharatours.com\/es\/wp-json\/wp\/v2\/types\/page"}],"author":[{"embeddable":true,"href":"https:\/\/discoverysaharatours.com\/es\/wp-json\/wp\/v2\/users\/1"}],"replies":[{"embeddable":true,"href":"https:\/\/discoverysaharatours.com\/es\/wp-json\/wp\/v2\/comments?post=6312"}],"version-history":[{"count":6,"href":"https:\/\/discoverysaharatours.com\/es\/wp-json\/wp\/v2\/pages\/6312\/revisions"}],"predecessor-version":[{"id":19718,"href":"https:\/\/discoverysaharatours.com\/es\/wp-json\/wp\/v2\/pages\/6312\/revisions\/19718"}],"wp:attachment":[{"href":"https:\/\/discoverysaharatours.com\/es\/wp-json\/wp\/v2\/media?parent=6312"}],"curies":[{"name":"wp","href":"https:\/\/api.w.org\/{rel}","templated":true}]}}